{"id":7786,"date":"2024-02-13T17:27:54","date_gmt":"2024-02-13T15:27:54","guid":{"rendered":"https:\/\/bonafidesinvest.eu\/?page_id=7786"},"modified":"2024-03-16T03:16:28","modified_gmt":"2024-03-16T01:16:28","slug":"mesajlar","status":"publish","type":"page","link":"https:\/\/bonafidesinvest.eu\/tr\/messages\/","title":{"rendered":"Mesajlar"},"content":{"rendered":"<div data-elementor-type=\"wp-page\" data-elementor-id=\"7786\" class=\"elementor elementor-7786\">\n\t\t\t\t\t\t<section class=\"elementor-section elementor-top-section elementor-element elementor-element-44765eb elementor-section-boxed elementor-section-height-default elementor-section-height-default\" data-id=\"44765eb\" data-element_type=\"section\" data-e-type=\"section\">\n\t\t\t\t\t\t<div class=\"elementor-container elementor-column-gap-default\">\n\t\t\t\t\t<div class=\"elementor-column elementor-col-100 elementor-top-column elementor-element elementor-element-fa4bf63\" data-id=\"fa4bf63\" data-element_type=\"column\" data-e-type=\"column\">\n\t\t\t<div class=\"elementor-widget-wrap elementor-element-populated\">\n\t\t\t\t\t\t<div class=\"elementor-element elementor-element-6a1881a elementor-widget elementor-widget-text-editor\" data-id=\"6a1881a\" data-element_type=\"widget\" data-e-type=\"widget\" data-widget_type=\"text-editor.default\">\n\t\t\t\t<div class=\"elementor-widget-container\">\n\t\t\t\t\t\t\t\t\t<p><span style=\"color: #000000;\">Bona Fides Yat\u0131r\u0131m'dan merhaba!<\/span><\/p><p><span style=\"color: #000000;\">Sipari\u015finiz i\u00e7in te\u015fekk\u00fcrler!<\/span><\/p><p><span style=\"color: #000000;\">\u00d6demenin al\u0131nd\u0131\u011f\u0131n\u0131 onaylayana kadar sipari\u015finiz bekletilmektedir. Sipari\u015f detaylar\u0131n\u0131z referans\u0131n\u0131z i\u00e7in a\u015fa\u011f\u0131da g\u00f6sterilmi\u015ftir:<\/span><\/p><h2>Sipari\u015f Detaylar\u0131<\/h2><table border=\"0\" width=\"100%\" cellspacing=\"0\" cellpadding=\"0\"><tbody><tr><td align=\"left\" valign=\"middle\"><h3><em><span style=\"color: #000000;\">Sipari\u015f numaras\u0131:<\/span><\/em><\/h3><\/td><td align=\"right\" valign=\"middle\"><h3><span style=\"color: #000000;\"><em>Sipari\u015f tarihi:<\/em>\u00a0<\/span><\/h3><\/td><\/tr><\/tbody><\/table><div><div class=\"adm\"><div id=\"q_97\" class=\"ajR h4\" data-tooltip=\"Sakrivanje pro\u0161irenog sadr\u017eaja\" aria-label=\"Sakrivanje pro\u0161irenog sadr\u017eaja\" aria-expanded=\"true\"><div class=\"ajT\">\u00a0<\/div><\/div><\/div><div class=\"im\"><table border=\"0\" width=\"100%\" cellspacing=\"0\" cellpadding=\"6\"><thead><tr><th scope=\"col\" align=\"left\"><span style=\"color: #000000;\">\u00dcr\u00fcn<\/span><\/th><th scope=\"col\" align=\"center\"><span style=\"color: #000000;\">Miktar<\/span><\/th><th scope=\"col\" align=\"right\"><span style=\"color: #000000;\">Fiyat<\/span><\/th><\/tr><\/thead><\/table><p><span style=\"color: #000000;\">Deste\u011finiz i\u00e7in te\u015fekk\u00fcr ederiz!<\/span><\/p><p><span style=\"color: #000000;\">\u00d6demeniz kaydedildi<\/span><\/p><p style=\"text-align: justify;\"><span style=\"color: #000000;\">\u00d6demenin resmi olarak kampanya sayfas\u0131na kaydedildi\u011fini bildirmek isteriz.\u00a0<\/span><\/p><p style=\"text-align: justify;\"><span style=\"color: #000000;\"><strong>Dijital te\u015fekk\u00fcr notu<\/strong><\/span><br \/><span style=\"color: #000000;\">Dijital te\u015fekk\u00fcr notunuzu indirebilirsiniz\u00a0<a style=\"color: #000000;\" href=\"https:\/\/bonafidesinvest.eu\/tr\/digital-thank-you-cards\/?customize_changeset_uuid=c75dad4d-2a69-4b01-9395-da689ff3dd0d&amp;customize_autosaved=on&amp;customize_messenger_channel=preview-2\">Burada<\/a>. Te\u015fekk\u00fcr notunu indirdikten ve i\u00e7ine isminizi yazd\u0131ktan sonra, kampanyaya destek vermelerini te\u015fvik etmek i\u00e7in sosyal medyada arkada\u015flar\u0131n\u0131zla payla\u015f\u0131n.<\/span><\/p><p style=\"text-align: justify;\"><span style=\"color: #000000;\">HATIRLATMA:<\/span><br \/><span style=\"color: #000000;\">Ticari kurulu\u015flar\u0131n muhasebele\u015ftirilmesi amac\u0131yla, \u00f6demeye ili\u015fkin bir banka ekstresi ve ba\u011f\u0131\u015f\u0131n al\u0131nd\u0131\u011f\u0131na dair onay olarak bu e-postan\u0131n bir kopyas\u0131 yeterlidir. Ba\u011f\u0131\u015f\u00e7\u0131lar ayr\u0131ca Ticari Kurulu\u015flar i\u00e7in Ba\u011f\u0131\u015f Onay Formunu indirebilirler\u00a0<a style=\"color: #000000;\" href=\"https:\/\/bonafidesinvest.eu\/tr\/donation-confirmation-form-for-business-entities\/?customize_changeset_uuid=c75dad4d-2a69-4b01-9395-da689ff3dd0d&amp;customize_autosaved=on&amp;customize_messenger_channel=preview-2\">Burada<\/a>\u00a0ve \u015fahsen doldurun.<\/span><\/p><p style=\"text-align: justify;\"><span style=\"color: #000000;\">\u0130\u015fletmelerin yan\u0131 s\u0131ra vatanda\u015flar da vergi indirimi alabilirler. Bunun i\u00e7in banka \u00f6deme dekontu ve bu e-postan\u0131n bir kopyas\u0131n\u0131n ba\u011f\u0131\u015f\u0131n al\u0131nd\u0131\u011f\u0131na dair teyit olarak kullan\u0131lmas\u0131 gerekmektedir. Ba\u011f\u0131\u015f\u00e7\u0131lar ayr\u0131ca Ger\u00e7ek Ki\u015filer i\u00e7in Ba\u011f\u0131\u015f Onay Formunu indirebilirler\u00a0<a style=\"color: #000000;\" href=\"https:\/\/bonafidesinvest.eu\/tr\/donation-confirmation-form-for-natural-persons\/?customize_changeset_uuid=c75dad4d-2a69-4b01-9395-da689ff3dd0d&amp;customize_autosaved=on&amp;customize_messenger_channel=preview-2\">Burada<\/a>\u00a0ve \u015fahsen doldurun.<\/span><\/p><p><span style=\"color: #000000;\">Fatura adresi<\/span><\/p><p><span style=\"color: #000000;\">Sipari\u015finizi en k\u0131sa s\u00fcrede yerine getirmek i\u00e7in sab\u0131rs\u0131zlan\u0131yoruz.<\/span><\/p><p><span style=\"color: #000000;\">H\u0131rvat Kunas\u0131 (kn) cinsinden tutar, fiyat\u0131n CNB'nin sabit d\u00f6viz kuruna g\u00f6re d\u00f6n\u00fc\u015ft\u00fcr\u00fclmesiyle elde edilir:<br \/>1 AVRO = 7,53450 HRK<\/span><\/p><p><span style=\"color: #000000;\">Sipari\u015finiz al\u0131nd\u0131 ve \u015fu anda i\u015fleme al\u0131n\u0131yor. Sipari\u015f detaylar\u0131n\u0131z referans\u0131n\u0131z i\u00e7in a\u015fa\u011f\u0131da g\u00f6sterilmi\u015ftir:<\/span><\/p><p><span style=\"color: #000000;\">Te\u015fekk\u00fcr ederim!<\/span><\/p><h2><span style=\"color: #000000;\">Se\u00e7ilen \u00d6d\u00fcl<\/span><\/h2><ul><li><span style=\"color: #000000;\">Miktar:\u00a0<u><\/u><\/span><\/li><li><span style=\"color: #000000;\">Teslimat: ,<\/span><\/li><li><span style=\"color: #000000;\">\u00d6d\u00fcl Detaylar\u0131:\u00a0<\/span><\/li><\/ul><div><h3><span style=\"color: #000000;\">Ek Bilgi<\/span><\/h3><p><span style=\"color: #000000;\">Ba\u011f\u0131\u015f\u0131n\u0131zla birlikte bir \u00f6d\u00fcl istemiyorsan\u0131z se\u00e7in: Evet<\/span><\/p><\/div><\/div><\/div>\t\t\t\t\t\t\t\t<\/div>\n\t\t\t\t<\/div>\n\t\t\t\t\t<\/div>\n\t\t<\/div>\n\t\t\t\t\t<\/div>\n\t\t<\/section>\n\t\t\t\t<\/div>","protected":false},"excerpt":{"rendered":"<p>Hello from Bona Fides Invest! Thanks for your order! Your order is on-hold until we confirm payment has been received. Your order details are shown below for your reference: Order [&hellip;]<\/p>\n","protected":false},"author":1,"featured_media":0,"parent":0,"menu_order":0,"comment_status":"closed","ping_status":"closed","template":"","meta":{"footnotes":""},"class_list":["post-7786","page","type-page","status-publish","hentry"],"wpcf_dashboard":"<div class=\"woocommerce\"><div class=\"woocommerce-info\">Please log in first? <a class=\"wpneoShowLogin\" href=\"#\">Click here to login<\/a><\/div><div class=\"wpneo_login_form_div\" style=\"display: none;\"><form name=\"loginform\" id=\"loginform\" action=\"https:\/\/bonafidesinvest.eu\/wp-login.php\" method=\"post\"><p class=\"login-username\">\n\t\t\t\t<label for=\"user_login\">Kullan\u0131c\u0131 ad\u0131 ya da e-posta adresi<\/label>\n\t\t\t\t<input type=\"text\" name=\"log\" id=\"user_login\" autocomplete=\"username\" class=\"input\" value=\"\" size=\"20\" \/>\n\t\t\t<\/p><p class=\"login-password\">\n\t\t\t\t<label for=\"user_pass\">Parola<\/label>\n\t\t\t\t<input type=\"password\" name=\"pwd\" id=\"user_pass\" autocomplete=\"current-password\" spellcheck=\"false\" class=\"input\" value=\"\" size=\"20\" \/>\n\t\t\t<\/p><p class=\"login-remember\"><label><input name=\"rememberme\" type=\"checkbox\" id=\"rememberme\" value=\"forever\" \/> Beni hat\u0131rla<\/label><\/p><p class=\"login-submit\">\n\t\t\t\t<input type=\"submit\" name=\"wp-submit\" id=\"wp-submit\" class=\"button button-primary\" value=\"Oturum a\u00e7\" \/>\n\t\t\t\t<input type=\"hidden\" name=\"redirect_to\" value=\"https:\/\/bonafidesinvest.eu\/tr\/wp-json\/wp\/v2\/pages\/7786\" \/>\n\t\t\t<\/p><\/form><\/div><\/div>","_links":{"self":[{"href":"https:\/\/bonafidesinvest.eu\/tr\/wp-json\/wp\/v2\/pages\/7786","targetHints":{"allow":["GET"]}}],"collection":[{"href":"https:\/\/bonafidesinvest.eu\/tr\/wp-json\/wp\/v2\/pages"}],"about":[{"href":"https:\/\/bonafidesinvest.eu\/tr\/wp-json\/wp\/v2\/types\/page"}],"author":[{"embeddable":true,"href":"https:\/\/bonafidesinvest.eu\/tr\/wp-json\/wp\/v2\/users\/1"}],"replies":[{"embeddable":true,"href":"https:\/\/bonafidesinvest.eu\/tr\/wp-json\/wp\/v2\/comments?post=7786"}],"version-history":[{"count":0,"href":"https:\/\/bonafidesinvest.eu\/tr\/wp-json\/wp\/v2\/pages\/7786\/revisions"}],"wp:attachment":[{"href":"https:\/\/bonafidesinvest.eu\/tr\/wp-json\/wp\/v2\/media?parent=7786"}],"curies":[{"name":"wp","href":"https:\/\/api.w.org\/{rel}","templated":true}]}}