{"id":3,"date":"2023-03-24T10:16:53","date_gmt":"2023-03-24T10:16:53","guid":{"rendered":"https:\/\/bonafidesinvest.eu\/?page_id=3"},"modified":"2023-04-04T01:52:30","modified_gmt":"2023-04-04T01:52:30","slug":"personal-data-gathering-and-protection-statement","status":"publish","type":"page","link":"https:\/\/bonafidesinvest.eu\/tr\/personal-data-gathering-and-protection-statement\/","title":{"rendered":"Ki\u015fisel veri toplama ve koruma beyan\u0131"},"content":{"rendered":"<div data-elementor-type=\"wp-page\" data-elementor-id=\"3\" class=\"elementor elementor-3\">\n\t\t\t\t\t\t<section class=\"elementor-section elementor-top-section elementor-element elementor-element-656a14ac elementor-section-boxed elementor-section-height-default elementor-section-height-default\" data-id=\"656a14ac\" data-element_type=\"section\" data-e-type=\"section\">\n\t\t\t\t\t\t<div class=\"elementor-container elementor-column-gap-default\">\n\t\t\t\t\t<div class=\"elementor-column elementor-col-100 elementor-top-column elementor-element elementor-element-689a5e94\" data-id=\"689a5e94\" data-element_type=\"column\" data-e-type=\"column\">\n\t\t\t<div class=\"elementor-widget-wrap elementor-element-populated\">\n\t\t\t\t\t\t<div class=\"elementor-element elementor-element-13db662d elementor-widget elementor-widget-text-editor\" data-id=\"13db662d\" data-element_type=\"widget\" data-e-type=\"widget\" data-widget_type=\"text-editor.default\">\n\t\t\t\t<div class=\"elementor-widget-container\">\n\t\t\t\t\t\t\t\t\t<p><span style=\"color: #000000;\"><strong>Ki\u015fisel veri toplama ve koruma beyan\u0131<\/strong><\/span><\/p>\n<p><span style=\"color: #000000;\">Gizlili\u011finiz bizim i\u00e7in \u00f6nemlidir. Bizimle kendinizi g\u00fcvende hissetmenizi istiyoruz ve buna ve ki\u015fisel verilerin korunmas\u0131na ili\u015fkin yasal d\u00fczenlemelere uygun hareket ediyoruz.<\/span><\/p>\n<p><span style=\"color: #000000;\">A\u015fa\u011f\u0131da, ki\u015fisel verilerinizi hangi ama\u00e7larla toplad\u0131\u011f\u0131m\u0131z ve kulland\u0131\u011f\u0131m\u0131z ve bu i\u015flemleri nas\u0131l izleyebilece\u011finiz ve haklar\u0131n\u0131z\u0131 nas\u0131l kullanabilece\u011finiz hakk\u0131nda sizi bilgilendiriyoruz.<\/span><\/p>\n<p><span style=\"color: #000000;\">BT sistemlerimiz, verilerinize yetkisiz eri\u015fime, verilerinizin de\u011fi\u015ftirilmesine veya yay\u0131lmas\u0131na, ayr\u0131ca kaybolmas\u0131na veya silinmesine kar\u015f\u0131 teknik ve organizasyonel \u00f6nlemlerle korunmaktad\u0131r.<\/span><\/p>\n<p><span style=\"color: #000000;\">T\u00fcm kullan\u0131c\u0131 bilgileri s\u0131k\u0131 bir \u015fekilde korunur ve yaln\u0131zca i\u015fi tamamlamak i\u00e7in bu bilgilere ihtiya\u00e7 duyan \u00e7al\u0131\u015fanlar taraf\u0131ndan kullan\u0131labilir. T\u00fcm \u00e7al\u0131\u015fanlar\u0131m\u0131z ve i\u015f ortaklar\u0131m\u0131z gizlili\u011fin korunmas\u0131 ilkelerine uymakla y\u00fck\u00fcml\u00fcd\u00fcr.<\/span><\/p>\n<p><span style=\"color: #000000;\">Kullan\u0131c\u0131m\u0131z olarak, ki\u015fisel verilerinizin i\u015flenmesi hakk\u0131nda bilgi alma ve haklar\u0131n\u0131z\u0131 kullanmak i\u00e7in talepte bulunma hakk\u0131na sahipsiniz.<\/span><\/p>\n<p><span style=\"color: #000000;\">Ki\u015fisel verilerin i\u015flenmesi taraf\u0131ndan y\u00fcr\u00fct\u00fclmektedir:<\/span><br \/><span style=\"color: #000000;\">Sosyal \u0130novasyon ve S\u00fcrd\u00fcr\u00fclebilir Kalk\u0131nma Merkezi (CEDIOR)<\/span><br \/><span style=\"color: #000000;\">Ante Jak\u0161i\u0107a 10, 10 000 Zagreb, H\u0131rvatistan<\/span><br \/><span style=\"color: #000000;\">PIN: 12061569340<\/span><br \/><span style=\"color: #000000;\">+385 (0)98 611 467<\/span><br \/><span style=\"color: #000000;\">info@bonafidesinvest.eu<\/span><\/p>\n<p><span style=\"color: #000000;\"><strong>Veri i\u015flemenin ama\u00e7lar\u0131 ve yasal dayana\u011f\u0131<\/strong><\/span><\/p>\n<p><span style=\"color: #000000;\">Ki\u015fisel verilerinizi m\u00fcnhas\u0131ran yat\u0131r\u0131mc\u0131lar ve proje sahipleri ile ba\u011flant\u0131 kurmak, i\u015f yaz\u0131\u015fmalar\u0131 yapmak ve bildirim g\u00f6ndermek amac\u0131yla kullan\u0131yor, ba\u015fkalar\u0131na aktarm\u0131yor veya \u00f6ng\u00f6r\u00fclmeyen ama\u00e7larla kullanm\u0131yoruz.<\/span><\/p>\n<p><span style=\"color: #000000;\"><strong>Toplad\u0131\u011f\u0131m\u0131z veriler \u015funlar\u0131 i\u00e7erebilir:<br \/><\/strong><\/span><\/p>\n<ul>\n<li><span style=\"color: #000000;\">Ad ve soyad \/ \u015firket ad\u0131;<\/span><\/li>\n<li><span style=\"color: #000000;\">Posta adresi;<\/span><\/li>\n<li><span style=\"color: #000000;\">E-posta adresi;<\/span><\/li>\n<li><span style=\"color: #000000;\">Cep telefonu numaras\u0131 veya sabit hat numaras\u0131.<\/span><\/li>\n<\/ul>\n<p><span style=\"color: #000000;\"><strong>E-posta ile bildirim<\/strong><\/span><\/p>\n<p><span style=\"color: #000000;\">Mailchimp platformunu haber b\u00fcltenleri sunmak, al\u0131c\u0131 listelerini ve abonelikten \u00e7\u0131kma kay\u0131tlar\u0131n\u0131 y\u00f6netmek i\u00e7in kullan\u0131yoruz ve ki\u015fisel verilerin korunmas\u0131na ili\u015fkin d\u00fczenlemelere uygun olarak verileri korumak i\u00e7in gerekli t\u00fcm \u00f6nlemleri al\u0131yoruz. \u0130leti\u015fimlerimizi almay\u0131 kabul etmek veya reddetmek sizin hakk\u0131n\u0131zd\u0131r.<\/span><\/p>\n<p><span style=\"color: #000000;\"><strong>Kullan\u0131c\u0131 haklar\u0131<\/strong><\/span><\/p>\n<p><span style=\"color: #000000;\">Size a\u015fa\u011f\u0131daki haklar\u0131 garanti ediyoruz:<\/span><\/p>\n<ul>\n<li><span style=\"color: #000000;\">Verilerinize eri\u015fim hakk\u0131 (kapsam ve t\u00fcr hakk\u0131nda bilgi);<\/span><\/li>\n<li><span style=\"color: #000000;\">D\u00fczeltme hakk\u0131 (sa\u011flad\u0131\u011f\u0131n\u0131z bilgileri ifade eder);<\/span><\/li>\n<li><span style=\"color: #000000;\">Unutulma hakk\u0131;<\/span><\/li>\n<li><span style=\"color: #000000;\">Ki\u015fisel verilerin kullan\u0131m\u0131 hakk\u0131nda \u015fikayette bulunma hakk\u0131.<\/span><\/li>\n<\/ul>\n<p><span style=\"color: #000000;\"><strong>Eri\u015fim hakk\u0131<\/strong><\/span><\/p>\n<p><span style=\"color: #000000;\">Y\u00f6netti\u011fimiz ve haf\u0131zam\u0131zda tuttu\u011fumuz ki\u015fisel verileriniz hakk\u0131nda bilgi edinme hakk\u0131na sahipsiniz.<\/span><\/p>\n<p><span style=\"color: #000000;\"><strong>D\u00fczeltme hakk\u0131<\/strong><\/span><\/p>\n<p><span style=\"color: #000000;\">Sizinle ilgili yanl\u0131\u015f ki\u015fisel verileri d\u00fczeltme hakk\u0131na sahipsiniz ve bunu 3 i\u015f g\u00fcn\u00fc i\u00e7inde yapaca\u011f\u0131z.<\/span><\/p>\n<p><span style=\"color: #000000;\"><strong>Silme hakk\u0131 (unutulma hakk\u0131)<\/strong><\/span><\/p>\n<p><span style=\"color: #000000;\">Hizmetlerin ba\u015fka bir kullan\u0131c\u0131s\u0131 olmak istemiyorsan\u0131z veya ki\u015fisel verilerinizi belirtilen ama\u00e7lar i\u00e7in kullanmam\u0131z\u0131 istemiyorsan\u0131z, ki\u015fisel verilerinizin gereksiz gecikme olmaks\u0131z\u0131n anonimle\u015ftirilmesini sa\u011flama hakk\u0131na sahipsiniz.<\/span><\/p>\n<p><span style=\"color: #000000;\"><strong>Ki\u015fisel verilerin kullan\u0131m\u0131na itiraz etme hakk\u0131<\/strong><\/span><\/p>\n<p><span style=\"color: #000000;\">Ki\u015fisel verilerinizin i\u015flenmesi me\u015fru menfaatlerimizin yerine getirilmesine dayan\u0131yorsa, i\u015flemenin verilerinizle ilgili oldu\u011fu \u00f6l\u00e7\u00fcde ki\u015fisel verilerin bu \u015fekilde i\u015flenmesine istedi\u011finiz zaman itiraz etme hakk\u0131na sahipsiniz. B\u00f6yle bir itirazda bulunursan\u0131z:<\/span><\/p>\n<ul>\n<li><span style=\"color: #000000;\">regarding notifications (\u201cnewsletter\u201d) \u2013 we will not use your personal data for this purpose;<\/span><\/li>\n<li><span style=\"color: #000000;\">related to other cases of legitimate interest \u2013 we will not further process your personal data for the purpose to which the complaint relates.<\/span><\/li>\n<\/ul>\n<p><span style=\"color: #000000;\"><strong>\u00c7erezler<\/strong><\/span><\/p>\n<p><span style=\"color: #000000;\">Belirli teknik \u00f6zellikleri etkinle\u015ftirmek ve web sitemizde gezinmenizi kolayla\u015ft\u0131rmak i\u00e7in web sitemizde bilgisayar \u00e7erezleri kullan\u0131yoruz.<\/span><\/p>\n<p><span style=\"color: #000000;\"><strong>Haklar\u0131n\u0131z\u0131 nas\u0131l kullanabilirsiniz?<\/strong><\/span><\/p>\n<p><span style=\"color: #000000;\">For all questions and requests regarding your personal data, please contact our data protection coordinators at email address info@bonafidesinvest.eu with the note DATA PROTECTION in the \u201cSubject\u201d.<\/span><\/p>\n<p><span style=\"color: #000000;\">Sorular\u0131n\u0131z\u0131 ve taleplerinizi gecikmeksizin ve yasal y\u00fck\u00fcml\u00fcl\u00fcklere uygun olarak i\u015fleme koyaca\u011f\u0131z ve ald\u0131\u011f\u0131m\u0131z \u00f6nlemler hakk\u0131nda sizi bilgilendirece\u011fiz.<\/span><\/p>\t\t\t\t\t\t\t\t<\/div>\n\t\t\t\t<\/div>\n\t\t\t\t\t<\/div>\n\t\t<\/div>\n\t\t\t\t\t<\/div>\n\t\t<\/section>\n\t\t\t\t<\/div>","protected":false},"excerpt":{"rendered":"<p>Personal data gathering and protection statement Your privacy is important to us. We want you to feel safe with us, and we act in accordance with that and the legal [&hellip;]<\/p>\n","protected":false},"author":1,"featured_media":0,"parent":0,"menu_order":0,"comment_status":"closed","ping_status":"closed","template":"","meta":{"footnotes":""},"class_list":["post-3","page","type-page","status-publish","hentry"],"wpcf_dashboard":"<div class=\"woocommerce\"><div class=\"woocommerce-info\">Please log in first? <a class=\"wpneoShowLogin\" href=\"#\">Click here to login<\/a><\/div><div class=\"wpneo_login_form_div\" style=\"display: none;\"><form name=\"loginform\" id=\"loginform\" action=\"https:\/\/bonafidesinvest.eu\/wp-login.php\" method=\"post\"><p class=\"login-username\">\n\t\t\t\t<label for=\"user_login\">Kullan\u0131c\u0131 ad\u0131 ya da e-posta adresi<\/label>\n\t\t\t\t<input type=\"text\" name=\"log\" id=\"user_login\" autocomplete=\"username\" class=\"input\" value=\"\" size=\"20\" \/>\n\t\t\t<\/p><p class=\"login-password\">\n\t\t\t\t<label for=\"user_pass\">Parola<\/label>\n\t\t\t\t<input type=\"password\" name=\"pwd\" id=\"user_pass\" autocomplete=\"current-password\" spellcheck=\"false\" class=\"input\" value=\"\" size=\"20\" \/>\n\t\t\t<\/p><p class=\"login-remember\"><label><input name=\"rememberme\" type=\"checkbox\" id=\"rememberme\" value=\"forever\" \/> Beni hat\u0131rla<\/label><\/p><p class=\"login-submit\">\n\t\t\t\t<input type=\"submit\" name=\"wp-submit\" id=\"wp-submit\" class=\"button button-primary\" value=\"Oturum a\u00e7\" \/>\n\t\t\t\t<input type=\"hidden\" name=\"redirect_to\" value=\"https:\/\/bonafidesinvest.eu\/tr\/wp-json\/wp\/v2\/pages\/3\" \/>\n\t\t\t<\/p><\/form><\/div><\/div>","_links":{"self":[{"href":"https:\/\/bonafidesinvest.eu\/tr\/wp-json\/wp\/v2\/pages\/3","targetHints":{"allow":["GET"]}}],"collection":[{"href":"https:\/\/bonafidesinvest.eu\/tr\/wp-json\/wp\/v2\/pages"}],"about":[{"href":"https:\/\/bonafidesinvest.eu\/tr\/wp-json\/wp\/v2\/types\/page"}],"author":[{"embeddable":true,"href":"https:\/\/bonafidesinvest.eu\/tr\/wp-json\/wp\/v2\/users\/1"}],"replies":[{"embeddable":true,"href":"https:\/\/bonafidesinvest.eu\/tr\/wp-json\/wp\/v2\/comments?post=3"}],"version-history":[{"count":0,"href":"https:\/\/bonafidesinvest.eu\/tr\/wp-json\/wp\/v2\/pages\/3\/revisions"}],"wp:attachment":[{"href":"https:\/\/bonafidesinvest.eu\/tr\/wp-json\/wp\/v2\/media?parent=3"}],"curies":[{"name":"wp","href":"https:\/\/api.w.org\/{rel}","templated":true}]}}