{"id":1513,"date":"2023-03-27T11:37:14","date_gmt":"2023-03-27T11:37:14","guid":{"rendered":"https:\/\/bonafidesinvest.eu\/?page_id=1513"},"modified":"2023-03-27T11:48:42","modified_gmt":"2023-03-27T11:48:42","slug":"blog","status":"publish","type":"page","link":"https:\/\/bonafidesinvest.eu\/tr\/blog\/","title":{"rendered":"Blog"},"content":{"rendered":"<div data-elementor-type=\"wp-page\" data-elementor-id=\"1513\" class=\"elementor elementor-1513\">\n\t\t\t\t\t\t<section class=\"elementor-section elementor-top-section elementor-element elementor-element-c34b47a elementor-section-boxed elementor-section-height-default elementor-section-height-default\" data-id=\"c34b47a\" data-element_type=\"section\" data-e-type=\"section\">\n\t\t\t\t\t\t<div class=\"elementor-container elementor-column-gap-default\">\n\t\t\t\t\t<div class=\"elementor-column elementor-col-100 elementor-top-column elementor-element elementor-element-f425e94\" data-id=\"f425e94\" data-element_type=\"column\" data-e-type=\"column\">\n\t\t\t<div class=\"elementor-widget-wrap elementor-element-populated\">\n\t\t\t\t\t\t<div class=\"elementor-element elementor-element-7f00a4f elementor-widget elementor-widget-gva-posts\" data-id=\"7f00a4f\" data-element_type=\"widget\" data-e-type=\"widget\" data-widget_type=\"gva-posts.default\">\n\t\t\t\t<div class=\"elementor-widget-container\">\n\t\t\t\t\t<div class=\"gva-element-gva-posts gva-element\">  \r\n  <div class=\"gva-posts-grid clearfix gva-posts\">\r\n\t\t<div class=\"gva-content-items\"> \r\n\t\t  <div class=\"lg-block-grid-3 md-block-grid-3 sm-block-grid-2 xs-block-grid-1 xx-block-grid-1\">\r\n\t\t\t <div class=\"item-columns\">\r\n   <article id=\"post-15271\" class=\"post post-style-1 post-15271 type-post status-publish format-standard has-post-thumbnail hentry category-interviews tag-andriy-volyk tag-crowdfunding tag-documentary-film tag-humanitarian-aid tag-interview tag-ukraine\">\r\n      \r\n               <div class=\"post-thumbnail\">\r\n            <a href=\"https:\/\/bonafidesinvest.eu\/tr\/interview-with-ukrainian-paratrooper-filmmaker-and-activist-andriy-volyk\/\">\r\n               <img fetchpriority=\"high\" decoding=\"async\" width=\"600\" height=\"590\" src=\"https:\/\/bonafidesinvest.eu\/wp-content\/uploads\/2025\/06\/Ukrainian-paratrooper-filmmaker-and-activist-Andriy-Volyk-600x590.jpg\" class=\"attachment-funden_medium size-funden_medium wp-post-image\" alt=\"Interview with Ukrainian Paratrooper, Filmmaker, and Activist Andriy Volyk\" \/>            <\/a>\r\n                           <div class=\"entry-date\">\r\n                  <span class=\"date\">29<\/span>\r\n                  <span class=\"month\">Haz<\/span>\r\n               <\/div>\r\n                     <\/div>   \r\n         \r\n\r\n      <div class=\"entry-content has-thumbnail\">\r\n         <div class=\"content-inner\">\r\n            <div class=\"entry-meta\">\r\n               <div class=\"clearfix meta-inline post-meta-1\"><span class=\"author vcard\"><i class=\"far fa-user-circle\"><\/i>Bona Fides Invest - Y\u00fcksel ve Y\u00fckselt<\/span><\/div>            <\/div> \r\n            <h3 class=\"entry-title\"><a href=\"https:\/\/bonafidesinvest.eu\/tr\/interview-with-ukrainian-paratrooper-filmmaker-and-activist-andriy-volyk\/\" rel=\"bookmark\">Interview with Ukrainian Paratrooper, Filmmaker, and Activist Andriy Volyk<\/a><\/h3>\r\n                           <div class=\"entry-desc\">\r\n                  From Writing EU Projects to Writing European History Interview prepared by: Zoran Rajn I met               <\/div>   \r\n                        <div class=\"read-more\">\r\n               <a class=\"btn-inline\" href=\"https:\/\/bonafidesinvest.eu\/tr\/interview-with-ukrainian-paratrooper-filmmaker-and-activist-andriy-volyk\/\">Daha fazla bilgi edinin<\/a>\r\n            <\/div>\r\n         <\/div>\r\n\r\n      <\/div>\r\n   <\/article>   \r\n\r\n  <\/div><div class=\"item-columns\">\r\n   <article id=\"post-1785\" class=\"post post-style-1 post-1785 type-post status-publish format-standard has-post-thumbnail hentry category-interviews\">\r\n      \r\n               <div class=\"post-thumbnail\">\r\n            <a href=\"https:\/\/bonafidesinvest.eu\/tr\/interview-with-zoran-rajn-ceo-of-bona-fides-invest-for-magazine-entrepreneur\/\">\r\n               <img decoding=\"async\" width=\"600\" height=\"590\" src=\"https:\/\/bonafidesinvest.eu\/wp-content\/uploads\/2023\/03\/Zoran-Rajn-International-Crowdfunding-Center-ICFC-600x590.jpg\" class=\"attachment-funden_medium size-funden_medium wp-post-image\" alt=\"Bona Fides Invest CEO&#039;su Zoran Rajn ile Entrepreneur Dergisi i\u00e7in R\u00f6portaj\" \/>            <\/a>\r\n                           <div class=\"entry-date\">\r\n                  <span class=\"date\">04<\/span>\r\n                  <span class=\"month\">Nis<\/span>\r\n               <\/div>\r\n                     <\/div>   \r\n         \r\n\r\n      <div class=\"entry-content has-thumbnail\">\r\n         <div class=\"content-inner\">\r\n            <div class=\"entry-meta\">\r\n               <div class=\"clearfix meta-inline post-meta-1\"><span class=\"author vcard\"><i class=\"far fa-user-circle\"><\/i>Bona Fides Invest - Y\u00fcksel ve Y\u00fckselt<\/span><\/div>            <\/div> \r\n            <h3 class=\"entry-title\"><a href=\"https:\/\/bonafidesinvest.eu\/tr\/interview-with-zoran-rajn-ceo-of-bona-fides-invest-for-magazine-entrepreneur\/\" rel=\"bookmark\">Bona Fides Invest CEO'su Zoran Rajn ile Entrepreneur Dergisi i\u00e7in R\u00f6portaj<\/a><\/h3>\r\n                           <div class=\"entry-desc\">\r\n                  Zoran Rajn, ZICER - Zagreb \u0130novasyon Merkezi'nde start-up'lar i\u00e7in e\u011fitim vermektedir.               <\/div>   \r\n                        <div class=\"read-more\">\r\n               <a class=\"btn-inline\" href=\"https:\/\/bonafidesinvest.eu\/tr\/interview-with-zoran-rajn-ceo-of-bona-fides-invest-for-magazine-entrepreneur\/\">Daha fazla bilgi edinin<\/a>\r\n            <\/div>\r\n         <\/div>\r\n\r\n      <\/div>\r\n   <\/article>   \r\n\r\n  <\/div><div class=\"item-columns\">\r\n   <article id=\"post-2572\" class=\"post post-style-1 post-2572 type-post status-publish format-standard has-post-thumbnail hentry category-interviews\">\r\n      \r\n               <div class=\"post-thumbnail\">\r\n            <a href=\"https:\/\/bonafidesinvest.eu\/tr\/interview-with-vesna-ujevic-founder-of-the-home-of-words-imotski\/\">\r\n               <img decoding=\"async\" width=\"600\" height=\"590\" src=\"https:\/\/bonafidesinvest.eu\/wp-content\/uploads\/2023\/04\/Crowdfunding-campaign-House-of-Words-Imotski-Bona-Fides-Invest-600x590.jpg\" class=\"attachment-funden_medium size-funden_medium wp-post-image\" alt=\"Kelimeler Evi Imotski&#039;nin kurucusu Vesna Ujevi\u0107 ile s\u00f6yle\u015fi\" \/>            <\/a>\r\n                           <div class=\"entry-date\">\r\n                  <span class=\"date\">03<\/span>\r\n                  <span class=\"month\">Nis<\/span>\r\n               <\/div>\r\n                     <\/div>   \r\n         \r\n\r\n      <div class=\"entry-content has-thumbnail\">\r\n         <div class=\"content-inner\">\r\n            <div class=\"entry-meta\">\r\n               <div class=\"clearfix meta-inline post-meta-1\"><span class=\"author vcard\"><i class=\"far fa-user-circle\"><\/i>Bona Fides Invest - Y\u00fcksel ve Y\u00fckselt<\/span><\/div>            <\/div> \r\n            <h3 class=\"entry-title\"><a href=\"https:\/\/bonafidesinvest.eu\/tr\/interview-with-vesna-ujevic-founder-of-the-home-of-words-imotski\/\" rel=\"bookmark\">Kelimeler Evi Imotski'nin kurucusu Vesna Ujevi\u0107 ile s\u00f6yle\u015fi<\/a><\/h3>\r\n                           <div class=\"entry-desc\">\r\n                  Home of Words Imotski kampanyas\u0131 \u015fu ana kadar 307 ki\u015fi taraf\u0131ndan desteklendi ve               <\/div>   \r\n                        <div class=\"read-more\">\r\n               <a class=\"btn-inline\" href=\"https:\/\/bonafidesinvest.eu\/tr\/interview-with-vesna-ujevic-founder-of-the-home-of-words-imotski\/\">Daha fazla bilgi edinin<\/a>\r\n            <\/div>\r\n         <\/div>\r\n\r\n      <\/div>\r\n   <\/article>   \r\n\r\n  <\/div><div class=\"item-columns\">\r\n   <article id=\"post-1752\" class=\"post post-style-1 post-1752 type-post status-publish format-standard has-post-thumbnail hentry category-careers category-interviews\">\r\n      \r\n               <div class=\"post-thumbnail\">\r\n            <a href=\"https:\/\/bonafidesinvest.eu\/tr\/interview-with-dominik-matkovic-intern-at-international-crowdfunding-center-icfc\/\">\r\n               <img loading=\"lazy\" decoding=\"async\" width=\"600\" height=\"590\" src=\"https:\/\/bonafidesinvest.eu\/wp-content\/uploads\/2023\/03\/Dominik-Matkovic-Bona-Fides-Invest-600x590.jpg\" class=\"attachment-funden_medium size-funden_medium wp-post-image\" alt=\"Uluslararas\u0131 Kitle Fonlamas\u0131 Merkezi (ICFC) stajyeri Dominik Matkovi\u0107 ile r\u00f6portaj\" \/>            <\/a>\r\n                           <div class=\"entry-date\">\r\n                  <span class=\"date\">31<\/span>\r\n                  <span class=\"month\">Mar<\/span>\r\n               <\/div>\r\n                     <\/div>   \r\n         \r\n\r\n      <div class=\"entry-content has-thumbnail\">\r\n         <div class=\"content-inner\">\r\n            <div class=\"entry-meta\">\r\n               <div class=\"clearfix meta-inline post-meta-1\"><span class=\"author vcard\"><i class=\"far fa-user-circle\"><\/i>Bona Fides Invest - Y\u00fcksel ve Y\u00fckselt<\/span><\/div>            <\/div> \r\n            <h3 class=\"entry-title\"><a href=\"https:\/\/bonafidesinvest.eu\/tr\/interview-with-dominik-matkovic-intern-at-international-crowdfunding-center-icfc\/\" rel=\"bookmark\">Uluslararas\u0131 Kitle Fonlamas\u0131 Merkezi (ICFC) stajyeri Dominik Matkovi\u0107 ile r\u00f6portaj<\/a><\/h3>\r\n                           <div class=\"entry-desc\">\r\n                  Sohbete ba\u015flamak i\u00e7in l\u00fctfen kendinizi okuyucular\u0131m\u0131za tan\u0131t\u0131n. Benim ad\u0131m Dominik Matkovi\u0107 ve               <\/div>   \r\n                        <div class=\"read-more\">\r\n               <a class=\"btn-inline\" href=\"https:\/\/bonafidesinvest.eu\/tr\/interview-with-dominik-matkovic-intern-at-international-crowdfunding-center-icfc\/\">Daha fazla bilgi edinin<\/a>\r\n            <\/div>\r\n         <\/div>\r\n\r\n      <\/div>\r\n   <\/article>   \r\n\r\n  <\/div><div class=\"item-columns\">\r\n   <article id=\"post-1739\" class=\"post post-style-1 post-1739 type-post status-publish format-standard has-post-thumbnail hentry category-events\">\r\n      \r\n               <div class=\"post-thumbnail\">\r\n            <a href=\"https:\/\/bonafidesinvest.eu\/tr\/eof-participant-zoran-rajn-presented-bona-fides-invest-crowdfunding-platform-and-global-partnership-program-of-international-crowdfundingcenter-icfc\/\">\r\n               <img loading=\"lazy\" decoding=\"async\" width=\"600\" height=\"590\" src=\"https:\/\/bonafidesinvest.eu\/wp-content\/uploads\/2023\/03\/EoF-Hub-Croatia-The-Economy-of-Francesco-2022-600x590.jpg\" class=\"attachment-funden_medium size-funden_medium wp-post-image\" alt=\"EoF kat\u0131l\u0131mc\u0131s\u0131 Zoran Rajn, Bona Fides Invest kitlesel fonlama platformunu ve International CrowdfundingCenter&#039;\u0131n (ICFC) K\u00fcresel Ortakl\u0131k Program\u0131n\u0131 tan\u0131tt\u0131\" \/>            <\/a>\r\n                           <div class=\"entry-date\">\r\n                  <span class=\"date\">18<\/span>\r\n                  <span class=\"month\">Eki<\/span>\r\n               <\/div>\r\n                     <\/div>   \r\n         \r\n\r\n      <div class=\"entry-content has-thumbnail\">\r\n         <div class=\"content-inner\">\r\n            <div class=\"entry-meta\">\r\n               <div class=\"clearfix meta-inline post-meta-1\"><span class=\"author vcard\"><i class=\"far fa-user-circle\"><\/i>Bona Fides Invest - Y\u00fcksel ve Y\u00fckselt<\/span><\/div>            <\/div> \r\n            <h3 class=\"entry-title\"><a href=\"https:\/\/bonafidesinvest.eu\/tr\/eof-participant-zoran-rajn-presented-bona-fides-invest-crowdfunding-platform-and-global-partnership-program-of-international-crowdfundingcenter-icfc\/\" rel=\"bookmark\">EoF kat\u0131l\u0131mc\u0131s\u0131 Zoran Rajn, Bona Fides Invest kitlesel fonlama platformunu ve International CrowdfundingCenter'\u0131n (ICFC) K\u00fcresel Ortakl\u0131k Program\u0131n\u0131 tan\u0131tt\u0131<\/a><\/h3>\r\n                           <div class=\"entry-desc\">\r\n                  Zoran Rajn, Sosyal \u0130novasyon ve S\u00fcrd\u00fcr\u00fclebilir Kalk\u0131nma Merkezi (CEDIOR) kurucusu ve ba\u015fkan\u0131               <\/div>   \r\n                        <div class=\"read-more\">\r\n               <a class=\"btn-inline\" href=\"https:\/\/bonafidesinvest.eu\/tr\/eof-participant-zoran-rajn-presented-bona-fides-invest-crowdfunding-platform-and-global-partnership-program-of-international-crowdfundingcenter-icfc\/\">Daha fazla bilgi edinin<\/a>\r\n            <\/div>\r\n         <\/div>\r\n\r\n      <\/div>\r\n   <\/article>   \r\n\r\n  <\/div><div class=\"item-columns\">\r\n   <article id=\"post-1747\" class=\"post post-style-1 post-1747 type-post status-publish format-standard has-post-thumbnail hentry category-events\">\r\n      \r\n               <div class=\"post-thumbnail\">\r\n            <a href=\"https:\/\/bonafidesinvest.eu\/tr\/in-the-city-of-st-michael-at-the-ukrainian-croatian-business-forum\/\">\r\n               <img loading=\"lazy\" decoding=\"async\" width=\"600\" height=\"590\" src=\"https:\/\/bonafidesinvest.eu\/wp-content\/uploads\/2023\/03\/Saint-Michael-the-Archangel-Protector-of-Kyiv-600x590.jpg\" class=\"attachment-funden_medium size-funden_medium wp-post-image\" alt=\"Michael \u015fehrinde Ukrayna-H\u0131rvatistan \u0130\u015f Forumu&#039;nda\" \/>            <\/a>\r\n                           <div class=\"entry-date\">\r\n                  <span class=\"date\">04<\/span>\r\n                  <span class=\"month\">Oca<\/span>\r\n               <\/div>\r\n                     <\/div>   \r\n         \r\n\r\n      <div class=\"entry-content has-thumbnail\">\r\n         <div class=\"content-inner\">\r\n            <div class=\"entry-meta\">\r\n               <div class=\"clearfix meta-inline post-meta-1\"><span class=\"author vcard\"><i class=\"far fa-user-circle\"><\/i>Bona Fides Invest - Y\u00fcksel ve Y\u00fckselt<\/span><\/div>            <\/div> \r\n            <h3 class=\"entry-title\"><a href=\"https:\/\/bonafidesinvest.eu\/tr\/in-the-city-of-st-michael-at-the-ukrainian-croatian-business-forum\/\" rel=\"bookmark\">Michael \u015fehrinde Ukrayna-H\u0131rvatistan \u0130\u015f Forumu'nda<\/a><\/h3>\r\n                           <div class=\"entry-desc\">\r\n                  Uluslararas\u0131 ili\u015fkiler ve giri\u015fimcilik k\u00fc\u00e7\u00fck ya\u015flardan beri tutkum olmu\u015ftur. Ben var               <\/div>   \r\n                        <div class=\"read-more\">\r\n               <a class=\"btn-inline\" href=\"https:\/\/bonafidesinvest.eu\/tr\/in-the-city-of-st-michael-at-the-ukrainian-croatian-business-forum\/\">Daha fazla bilgi edinin<\/a>\r\n            <\/div>\r\n         <\/div>\r\n\r\n      <\/div>\r\n   <\/article>   \r\n\r\n  <\/div>\t\t  <\/div>\r\n\t\t<\/div>\r\n\t\t\t\t\t <div class=\"pagination\">\r\n\t\t\t\t  \t\t\t <\/div>\r\n\t\t  <\/div>\r\n  <\/div>\t\t\t\t<\/div>\n\t\t\t\t<\/div>\n\t\t\t\t\t<\/div>\n\t\t<\/div>\n\t\t\t\t\t<\/div>\n\t\t<\/section>\n\t\t\t\t<\/div>","protected":false},"excerpt":{"rendered":"<p>08 Dec BFI3 Comments A day in the life of entrepreneur &amp; ceo There are many variations of but the majority have simply free text. Read more 08 Dec BFI0 [&hellip;]<\/p>\n","protected":false},"author":1,"featured_media":0,"parent":0,"menu_order":0,"comment_status":"closed","ping_status":"closed","template":"","meta":{"footnotes":""},"class_list":["post-1513","page","type-page","status-publish","hentry"],"wpcf_dashboard":"<div class=\"woocommerce\"><div class=\"woocommerce-info\">Please log in first? <a class=\"wpneoShowLogin\" href=\"#\">Click here to login<\/a><\/div><div class=\"wpneo_login_form_div\" style=\"display: none;\"><form name=\"loginform\" id=\"loginform\" action=\"https:\/\/bonafidesinvest.eu\/wp-login.php\" method=\"post\"><p class=\"login-username\">\n\t\t\t\t<label for=\"user_login\">Kullan\u0131c\u0131 ad\u0131 ya da e-posta adresi<\/label>\n\t\t\t\t<input type=\"text\" name=\"log\" id=\"user_login\" autocomplete=\"username\" class=\"input\" value=\"\" size=\"20\" \/>\n\t\t\t<\/p><p class=\"login-password\">\n\t\t\t\t<label for=\"user_pass\">Parola<\/label>\n\t\t\t\t<input type=\"password\" name=\"pwd\" id=\"user_pass\" autocomplete=\"current-password\" spellcheck=\"false\" class=\"input\" value=\"\" size=\"20\" \/>\n\t\t\t<\/p><p class=\"login-remember\"><label><input name=\"rememberme\" type=\"checkbox\" id=\"rememberme\" value=\"forever\" \/> Beni hat\u0131rla<\/label><\/p><p class=\"login-submit\">\n\t\t\t\t<input type=\"submit\" name=\"wp-submit\" id=\"wp-submit\" class=\"button button-primary\" value=\"Oturum a\u00e7\" \/>\n\t\t\t\t<input type=\"hidden\" name=\"redirect_to\" value=\"https:\/\/bonafidesinvest.eu\/tr\/wp-json\/wp\/v2\/pages\/1513\" \/>\n\t\t\t<\/p><\/form><\/div><\/div>","_links":{"self":[{"href":"https:\/\/bonafidesinvest.eu\/tr\/wp-json\/wp\/v2\/pages\/1513","targetHints":{"allow":["GET"]}}],"collection":[{"href":"https:\/\/bonafidesinvest.eu\/tr\/wp-json\/wp\/v2\/pages"}],"about":[{"href":"https:\/\/bonafidesinvest.eu\/tr\/wp-json\/wp\/v2\/types\/page"}],"author":[{"embeddable":true,"href":"https:\/\/bonafidesinvest.eu\/tr\/wp-json\/wp\/v2\/users\/1"}],"replies":[{"embeddable":true,"href":"https:\/\/bonafidesinvest.eu\/tr\/wp-json\/wp\/v2\/comments?post=1513"}],"version-history":[{"count":0,"href":"https:\/\/bonafidesinvest.eu\/tr\/wp-json\/wp\/v2\/pages\/1513\/revisions"}],"wp:attachment":[{"href":"https:\/\/bonafidesinvest.eu\/tr\/wp-json\/wp\/v2\/media?parent=1513"}],"curies":[{"name":"wp","href":"https:\/\/api.w.org\/{rel}","templated":true}]}}