{"id":7786,"date":"2024-02-13T17:27:54","date_gmt":"2024-02-13T15:27:54","guid":{"rendered":"https:\/\/bonafidesinvest.eu\/?page_id=7786"},"modified":"2024-03-16T03:16:28","modified_gmt":"2024-03-16T01:16:28","slug":"meddelanden","status":"publish","type":"page","link":"https:\/\/bonafidesinvest.eu\/sv\/messages\/","title":{"rendered":"Meddelanden"},"content":{"rendered":"<div data-elementor-type=\"wp-page\" data-elementor-id=\"7786\" class=\"elementor elementor-7786\">\n\t\t\t\t\t\t<section class=\"elementor-section elementor-top-section elementor-element elementor-element-44765eb elementor-section-boxed elementor-section-height-default elementor-section-height-default\" data-id=\"44765eb\" data-element_type=\"section\" data-e-type=\"section\">\n\t\t\t\t\t\t<div class=\"elementor-container elementor-column-gap-default\">\n\t\t\t\t\t<div class=\"elementor-column elementor-col-100 elementor-top-column elementor-element elementor-element-fa4bf63\" data-id=\"fa4bf63\" data-element_type=\"column\" data-e-type=\"column\">\n\t\t\t<div class=\"elementor-widget-wrap elementor-element-populated\">\n\t\t\t\t\t\t<div class=\"elementor-element elementor-element-6a1881a elementor-widget elementor-widget-text-editor\" data-id=\"6a1881a\" data-element_type=\"widget\" data-e-type=\"widget\" data-widget_type=\"text-editor.default\">\n\t\t\t\t<div class=\"elementor-widget-container\">\n\t\t\t\t\t\t\t\t\t<p><span style=\"color: #000000;\">Hej fr\u00e5n Bona Fides Invest!<\/span><\/p><p><span style=\"color: #000000;\">Tack f\u00f6r din best\u00e4llning!<\/span><\/p><p><span style=\"color: #000000;\">Din best\u00e4llning ligger kvar tills vi har bekr\u00e4ftat att betalningen har mottagits. Din orderinformation visas nedan f\u00f6r din referens:<\/span><\/p><h2>Best\u00e4llningsuppgifter<\/h2><table border=\"0\" width=\"100%\" cellspacing=\"0\" cellpadding=\"0\"><tbody><tr><td align=\"left\" valign=\"middle\"><h3><em><span style=\"color: #000000;\">Best\u00e4llningsnummer:<\/span><\/em><\/h3><\/td><td align=\"right\" valign=\"middle\"><h3><span style=\"color: #000000;\"><em>Best\u00e4llningsdatum:<\/em>\u00a0<\/span><\/h3><\/td><\/tr><\/tbody><\/table><div><div class=\"adm\"><div id=\"q_97\" class=\"ajR h4\" data-tooltip=\"Sakrivanje pro\u0161irenog sadr\u017eaja\" aria-label=\"Sakrivanje pro\u0161irenog sadr\u017eaja\" aria-expanded=\"true\"><div class=\"ajT\">\u00a0<\/div><\/div><\/div><div class=\"im\"><table border=\"0\" width=\"100%\" cellspacing=\"0\" cellpadding=\"6\"><thead><tr><th scope=\"col\" align=\"left\"><span style=\"color: #000000;\">Produkt<\/span><\/th><th scope=\"col\" align=\"center\"><span style=\"color: #000000;\">Antal<\/span><\/th><th scope=\"col\" align=\"right\"><span style=\"color: #000000;\">Pris<\/span><\/th><\/tr><\/thead><\/table><p><span style=\"color: #000000;\">Tack f\u00f6r ert st\u00f6d!<\/span><\/p><p><span style=\"color: #000000;\">Din betalning har registrerats<\/span><\/p><p style=\"text-align: justify;\"><span style=\"color: #000000;\">Vi vill informera dig om att betalningen officiellt har noterats p\u00e5 kampanjsidan.\u00a0<\/span><\/p><p style=\"text-align: justify;\"><span style=\"color: #000000;\"><strong>Digitalt tackbrev<\/strong><\/span><br \/><span style=\"color: #000000;\">Du kan ladda ner ditt digitala tackbrev\u00a0<a style=\"color: #000000;\" href=\"https:\/\/bonafidesinvest.eu\/sv\/digital-thank-you-cards\/?customize_changeset_uuid=c75dad4d-2a69-4b01-9395-da689ff3dd0d&amp;customize_autosaved=on&amp;customize_messenger_channel=preview-2\">h\u00e4r<\/a>. N\u00e4r du har laddat ner tackbrevet och skrivit ditt namn i det kan du dela det p\u00e5 sociala medier med dina v\u00e4nner f\u00f6r att uppmuntra dem att st\u00f6dja kampanjen.<\/span><\/p><p style=\"text-align: justify;\"><span style=\"color: #000000;\">REMARK:<\/span><br \/><span style=\"color: #000000;\">F\u00f6r redovisning av aff\u00e4rsenheter r\u00e4cker det med ett kontoutdrag \u00f6ver betalningen och en kopia av detta e-postmeddelande som bekr\u00e4ftelse p\u00e5 mottagandet av donationen. Donatorer kan ocks\u00e5 ladda ner formul\u00e4ret f\u00f6r donationsbekr\u00e4ftelse f\u00f6r aff\u00e4rsenheter\u00a0<a style=\"color: #000000;\" href=\"https:\/\/bonafidesinvest.eu\/sv\/donation-confirmation-form-for-business-entities\/?customize_changeset_uuid=c75dad4d-2a69-4b01-9395-da689ff3dd0d&amp;customize_autosaved=on&amp;customize_messenger_channel=preview-2\">h\u00e4r<\/a>\u00a0och fyll i den personligen.<\/span><\/p><p style=\"text-align: justify;\"><span style=\"color: #000000;\">B\u00e5de privatpersoner och f\u00f6retag kan f\u00e5 skatteavdrag. F\u00f6r detta \u00e4ndam\u00e5l \u00e4r det n\u00f6dv\u00e4ndigt att anv\u00e4nda ett kontoutdrag f\u00f6r betalning och en kopia av detta e-postmeddelande som bekr\u00e4ftelse p\u00e5 mottagandet av donationen. Donatorer kan dessutom ladda ner formul\u00e4ret f\u00f6r bekr\u00e4ftelse av donation f\u00f6r fysiska personer\u00a0<a style=\"color: #000000;\" href=\"https:\/\/bonafidesinvest.eu\/sv\/donation-confirmation-form-for-natural-persons\/?customize_changeset_uuid=c75dad4d-2a69-4b01-9395-da689ff3dd0d&amp;customize_autosaved=on&amp;customize_messenger_channel=preview-2\">h\u00e4r<\/a>\u00a0och fyll i den personligen.<\/span><\/p><p><span style=\"color: #000000;\">Faktureringsadress<\/span><\/p><p><span style=\"color: #000000;\">Vi ser fram emot att snart kunna leverera din best\u00e4llning.<\/span><\/p><p><span style=\"color: #000000;\">Beloppet i kroatiska Kuna (kn) erh\u00e5lls genom att omvandla priset enligt CNB:s fasta v\u00e4xelkurs:<br \/>1 EUR = 7,53450 HRK<\/span><\/p><p><span style=\"color: #000000;\">Din best\u00e4llning har mottagits och behandlas nu. Din orderinformation visas nedan f\u00f6r din referens:<\/span><\/p><p><span style=\"color: #000000;\">Tack!<\/span><\/p><h2><span style=\"color: #000000;\">Vald bel\u00f6ning<\/span><\/h2><ul><li><span style=\"color: #000000;\">Belopp:\u00a0<u><\/u><\/span><\/li><li><span style=\"color: #000000;\">Leverans: ,<\/span><\/li><li><span style=\"color: #000000;\">Detaljer om bel\u00f6ning:\u00a0<\/span><\/li><\/ul><div><h3><span style=\"color: #000000;\">Ytterligare information<\/span><\/h3><p><span style=\"color: #000000;\">V\u00e4lj om du inte vill ha en bel\u00f6ning med din donation: Ja<\/span><\/p><\/div><\/div><\/div>\t\t\t\t\t\t\t\t<\/div>\n\t\t\t\t<\/div>\n\t\t\t\t\t<\/div>\n\t\t<\/div>\n\t\t\t\t\t<\/div>\n\t\t<\/section>\n\t\t\t\t<\/div>","protected":false},"excerpt":{"rendered":"<p>Hello from Bona Fides Invest! Thanks for your order! Your order is on-hold until we confirm payment has been received. Your order details are shown below for your reference: Order [&hellip;]<\/p>\n","protected":false},"author":1,"featured_media":0,"parent":0,"menu_order":0,"comment_status":"closed","ping_status":"closed","template":"","meta":{"footnotes":""},"class_list":["post-7786","page","type-page","status-publish","hentry"],"wpcf_dashboard":"<div class=\"woocommerce\"><div class=\"woocommerce-info\">Please log in first? <a class=\"wpneoShowLogin\" href=\"#\">Click here to login<\/a><\/div><div class=\"wpneo_login_form_div\" style=\"display: none;\"><form name=\"loginform\" id=\"loginform\" action=\"https:\/\/bonafidesinvest.eu\/wp-login.php\" method=\"post\"><p class=\"login-username\">\n\t\t\t\t<label for=\"user_login\">Anv\u00e4ndarnamn eller e-postadress<\/label>\n\t\t\t\t<input type=\"text\" name=\"log\" id=\"user_login\" autocomplete=\"username\" class=\"input\" value=\"\" size=\"20\" \/>\n\t\t\t<\/p><p class=\"login-password\">\n\t\t\t\t<label for=\"user_pass\">L\u00f6senord<\/label>\n\t\t\t\t<input type=\"password\" name=\"pwd\" id=\"user_pass\" autocomplete=\"current-password\" spellcheck=\"false\" class=\"input\" value=\"\" size=\"20\" \/>\n\t\t\t<\/p><p class=\"login-remember\"><label><input name=\"rememberme\" type=\"checkbox\" id=\"rememberme\" value=\"forever\" \/> Kom ih\u00e5g mig<\/label><\/p><p class=\"login-submit\">\n\t\t\t\t<input type=\"submit\" name=\"wp-submit\" id=\"wp-submit\" class=\"button button-primary\" value=\"Logga in\" \/>\n\t\t\t\t<input type=\"hidden\" name=\"redirect_to\" value=\"https:\/\/bonafidesinvest.eu\/sv\/wp-json\/wp\/v2\/pages\/7786\" \/>\n\t\t\t<\/p><\/form><\/div><\/div>","_links":{"self":[{"href":"https:\/\/bonafidesinvest.eu\/sv\/wp-json\/wp\/v2\/pages\/7786","targetHints":{"allow":["GET"]}}],"collection":[{"href":"https:\/\/bonafidesinvest.eu\/sv\/wp-json\/wp\/v2\/pages"}],"about":[{"href":"https:\/\/bonafidesinvest.eu\/sv\/wp-json\/wp\/v2\/types\/page"}],"author":[{"embeddable":true,"href":"https:\/\/bonafidesinvest.eu\/sv\/wp-json\/wp\/v2\/users\/1"}],"replies":[{"embeddable":true,"href":"https:\/\/bonafidesinvest.eu\/sv\/wp-json\/wp\/v2\/comments?post=7786"}],"version-history":[{"count":0,"href":"https:\/\/bonafidesinvest.eu\/sv\/wp-json\/wp\/v2\/pages\/7786\/revisions"}],"wp:attachment":[{"href":"https:\/\/bonafidesinvest.eu\/sv\/wp-json\/wp\/v2\/media?parent=7786"}],"curies":[{"name":"wp","href":"https:\/\/api.w.org\/{rel}","templated":true}]}}