{"id":4855,"date":"2023-07-28T17:06:13","date_gmt":"2023-07-28T15:06:13","guid":{"rendered":"https:\/\/bonafidesinvest.eu\/?page_id=4855"},"modified":"2023-07-29T00:08:32","modified_gmt":"2023-07-28T22:08:32","slug":"stodda-lander","status":"publish","type":"page","link":"https:\/\/bonafidesinvest.eu\/sv\/supported-countries\/","title":{"rendered":"L\u00e4nder som st\u00f6ds"},"content":{"rendered":"<div data-elementor-type=\"wp-page\" data-elementor-id=\"4855\" class=\"elementor elementor-4855\">\n\t\t\t\t\t\t<section class=\"elementor-section elementor-top-section elementor-element elementor-element-25ef317 elementor-section-boxed elementor-section-height-default elementor-section-height-default\" data-id=\"25ef317\" data-element_type=\"section\" data-e-type=\"section\" data-settings=\"{&quot;background_background&quot;:&quot;classic&quot;}\">\n\t\t\t\t\t\t<div class=\"elementor-container elementor-column-gap-default\">\n\t\t\t\t\t<div class=\"elementor-column elementor-col-100 elementor-top-column elementor-element elementor-element-72f9017\" data-id=\"72f9017\" data-element_type=\"column\" data-e-type=\"column\">\n\t\t\t<div class=\"elementor-widget-wrap elementor-element-populated\">\n\t\t\t\t\t\t<div class=\"elementor-element elementor-element-05bda9c elementor-widget elementor-widget-gva-heading-block\" data-id=\"05bda9c\" data-element_type=\"widget\" data-e-type=\"widget\" data-widget_type=\"gva-heading-block.default\">\n\t\t\t\t<div class=\"elementor-widget-container\">\n\t\t\t\t\t<div class=\"gva-element-gva-heading-block gva-element\">   <div class=\"align-center style-1 widget gsc-heading box-align-center auto-responsive\">\r\n      <div class=\"content-inner\">\r\n         \r\n         \r\n                     <div class=\"sub-title\">\r\n               <span class=\"tagline\">Globalt Fintech-f\u00f6retag<\/span>\r\n                                 <span class=\"shadow-text\">\u00d6ver hela v\u00e4rlden<\/span>\r\n                  \r\n            <\/div>\r\n           \r\n         \r\n                     <h2 class=\"title\">\r\n               <span>L\u00e4nder som st\u00f6ds<\/span>\r\n            <\/h2>\r\n                              <div class=\"title-desc\">Vi \u00e4r verksamma p\u00e5 alla kontinenter i 196 l\u00e4nder. V\u00e5r crowdfunding-plattform v\u00e4lkomnar kreativa sinnen fr\u00e5n v\u00e4rldens alla h\u00f6rn och g\u00f6r det m\u00f6jligt f\u00f6r l\u00e4nder som f\u00e5r st\u00f6d att delta i den ostoppbara resan att g\u00f6ra visioner till verklighet!<\/div>\r\n         \r\n         \r\n      <\/div>\r\n   <\/div>\r\n<\/div>\t\t\t\t<\/div>\n\t\t\t\t<\/div>\n\t\t\t\t<div class=\"elementor-element elementor-element-1cb03d8 elementor-widget elementor-widget-toggle\" data-id=\"1cb03d8\" data-element_type=\"widget\" data-e-type=\"widget\" data-widget_type=\"toggle.default\">\n\t\t\t\t<div class=\"elementor-widget-container\">\n\t\t\t\t\t\t\t<div class=\"elementor-toggle\">\n\t\t\t\t\t\t\t<div class=\"elementor-toggle-item\">\n\t\t\t\t\t<div id=\"elementor-tab-title-3001\" class=\"elementor-tab-title\" data-tab=\"1\" role=\"button\" aria-controls=\"elementor-tab-content-3001\" aria-expanded=\"false\">\n\t\t\t\t\t\t\t\t\t\t\t\t<span class=\"elementor-toggle-icon elementor-toggle-icon-left\" aria-hidden=\"true\">\n\t\t\t\t\t\t\t\t\t\t\t\t\t\t\t<span class=\"elementor-toggle-icon-closed\"><i class=\"fas fa-caret-right\"><\/i><\/span>\n\t\t\t\t\t\t\t\t<span class=\"elementor-toggle-icon-opened\"><i class=\"elementor-toggle-icon-opened fas fa-caret-up\"><\/i><\/span>\n\t\t\t\t\t\t\t\t\t\t\t\t\t<\/span>\n\t\t\t\t\t\t\t\t\t\t\t\t<a class=\"elementor-toggle-title\" tabindex=\"0\">Afrika<\/a>\n\t\t\t\t\t<\/div>\n\n\t\t\t\t\t<div id=\"elementor-tab-content-3001\" class=\"elementor-tab-content elementor-clearfix\" data-tab=\"1\" role=\"region\" aria-labelledby=\"elementor-tab-title-3001\"><p style=\"text-align: justify;\">Algeriet, Angola, Benin, Botswana, Burkina Faso, Burundi, Cabo Verde, Kamerun, Centralafrikanska republiken, Tchad, Komorerna, Demokratiska republiken Kongo, Djibouti, Egypten, Ekvatorialguinea, Eritrea, Eswatini (f.d. Swaziland), Etiopien, Gabon, Gambia, Ghana, Guinea, Guinea-Bissau, Elfenbenskusten (C\u00f4te d'Ivoire), Kenya, Lesotho, Liberia, Libyen, Madagaskar, Malawi, Mali, Mauretanien, Mauritius, Marocko, Mo\u00e7ambique, Namibia, Niger, Nigeria, Republiken Kongo (Kongo-Brazzaville), Rwanda, Republiken Kongo (Kongo-Kinshasa) Lesotho, Liberia, Libyen, Madagaskar, Malawi, Mali, Mauretanien, Mauritius, Marocko, Mo\u00e7ambique, Namibia, Niger, Nigeria, Republiken Kongo (Kongo-Brazzaville), Rwanda, Sao Tome och Principe, Senegal, Seychellerna, Sierra Leone, Somalia, Sydafrika, Sydsudan, Sudan, Tanzania, Togo, Tunisien, Uganda, Zambia och Zimbabwe.<\/p><\/div>\n\t\t\t\t<\/div>\n\t\t\t\t\t\t\t<div class=\"elementor-toggle-item\">\n\t\t\t\t\t<div id=\"elementor-tab-title-3002\" class=\"elementor-tab-title\" data-tab=\"2\" role=\"button\" aria-controls=\"elementor-tab-content-3002\" aria-expanded=\"false\">\n\t\t\t\t\t\t\t\t\t\t\t\t<span class=\"elementor-toggle-icon elementor-toggle-icon-left\" aria-hidden=\"true\">\n\t\t\t\t\t\t\t\t\t\t\t\t\t\t\t<span class=\"elementor-toggle-icon-closed\"><i class=\"fas fa-caret-right\"><\/i><\/span>\n\t\t\t\t\t\t\t\t<span class=\"elementor-toggle-icon-opened\"><i class=\"elementor-toggle-icon-opened fas fa-caret-up\"><\/i><\/span>\n\t\t\t\t\t\t\t\t\t\t\t\t\t<\/span>\n\t\t\t\t\t\t\t\t\t\t\t\t<a class=\"elementor-toggle-title\" tabindex=\"0\">Asien<\/a>\n\t\t\t\t\t<\/div>\n\n\t\t\t\t\t<div id=\"elementor-tab-content-3002\" class=\"elementor-tab-content elementor-clearfix\" data-tab=\"2\" role=\"region\" aria-labelledby=\"elementor-tab-title-3002\"><p style=\"text-align: justify;\">Afghanistan, Bahrain, Bangladesh, Bhutan, Brunei, Kambodja, Kina, Indien, Indonesien, Iran, Irak, Israel, Japan, Jordanien, Kazakstan, Kuwait, Kirgizistan, Laos, Libanon, Malaysia, Maldiverna, Mongoliet, Myanmar (Burma), Nepal, Nordkorea, Oman, Pakistan, Palestina, Filippinerna, Qatar, Saudiarabien, Singapore, Sydkorea, Sri Lanka, Syrien, Tadzjikistan, Thailand, \u00d6sttimor, Turkiet, Turkmenistan, F\u00f6renade Arabemiraten, Oman, Filippinerna, Pakistan, Palestina, Qatar, Saudiarabien, Singapore, Sydkorea, Sri Lanka, Syrien, Tadzjikistan, Thailand, \u00d6sttimor, Turkiet, Turkmenistan, F\u00f6renade Arabemiraten (FAE), Uzbekistan, Vietnam och Jemen.<\/p><\/div>\n\t\t\t\t<\/div>\n\t\t\t\t\t\t\t<div class=\"elementor-toggle-item\">\n\t\t\t\t\t<div id=\"elementor-tab-title-3003\" class=\"elementor-tab-title\" data-tab=\"3\" role=\"button\" aria-controls=\"elementor-tab-content-3003\" aria-expanded=\"false\">\n\t\t\t\t\t\t\t\t\t\t\t\t<span class=\"elementor-toggle-icon elementor-toggle-icon-left\" aria-hidden=\"true\">\n\t\t\t\t\t\t\t\t\t\t\t\t\t\t\t<span class=\"elementor-toggle-icon-closed\"><i class=\"fas fa-caret-right\"><\/i><\/span>\n\t\t\t\t\t\t\t\t<span class=\"elementor-toggle-icon-opened\"><i class=\"elementor-toggle-icon-opened fas fa-caret-up\"><\/i><\/span>\n\t\t\t\t\t\t\t\t\t\t\t\t\t<\/span>\n\t\t\t\t\t\t\t\t\t\t\t\t<a class=\"elementor-toggle-title\" tabindex=\"0\">Australien och Oceanien<\/a>\n\t\t\t\t\t<\/div>\n\n\t\t\t\t\t<div id=\"elementor-tab-content-3003\" class=\"elementor-tab-content elementor-clearfix\" data-tab=\"3\" role=\"region\" aria-labelledby=\"elementor-tab-title-3003\"><p style=\"text-align: justify;\">Australien, Mikronesiens federerade stater, Fiji, Kiribati, Marshall\u00f6arna, Nauru, Nya Zeeland, Palau, Papua Nya Guinea, Samoa, Salomon\u00f6arna, Tonga, Tuvalu och Vanuatu.<\/p><\/div>\n\t\t\t\t<\/div>\n\t\t\t\t\t\t\t<div class=\"elementor-toggle-item\">\n\t\t\t\t\t<div id=\"elementor-tab-title-3004\" class=\"elementor-tab-title\" data-tab=\"4\" role=\"button\" aria-controls=\"elementor-tab-content-3004\" aria-expanded=\"false\">\n\t\t\t\t\t\t\t\t\t\t\t\t<span class=\"elementor-toggle-icon elementor-toggle-icon-left\" aria-hidden=\"true\">\n\t\t\t\t\t\t\t\t\t\t\t\t\t\t\t<span class=\"elementor-toggle-icon-closed\"><i class=\"fas fa-caret-right\"><\/i><\/span>\n\t\t\t\t\t\t\t\t<span class=\"elementor-toggle-icon-opened\"><i class=\"elementor-toggle-icon-opened fas fa-caret-up\"><\/i><\/span>\n\t\t\t\t\t\t\t\t\t\t\t\t\t<\/span>\n\t\t\t\t\t\t\t\t\t\t\t\t<a class=\"elementor-toggle-title\" tabindex=\"0\">Europa<\/a>\n\t\t\t\t\t<\/div>\n\n\t\t\t\t\t<div id=\"elementor-tab-content-3004\" class=\"elementor-tab-content elementor-clearfix\" data-tab=\"4\" role=\"region\" aria-labelledby=\"elementor-tab-title-3004\"><p style=\"text-align: justify;\">Albanien, Andorra, Armenien, Azerbajdzjan, Belgien, Bosnien och Hercegovina, Bulgarien, Cypern, Danmark, Estland, Finland, Frankrike, Georgien, Grekland, Irland, Island, Italien, Kroatien, Kosovo, Lettland, Liechtenstein, Litauen, Luxemburg, Malta, Moldavien, Monaco, Montenegro, Nederl\u00e4nderna, Norge, Nordmakedonien, Polen, Portugal, Rum\u00e4nien, Schweiz, Ryssland, San Marino, Serbien, Slovakien, Slovenien, Spanien, Storbritannien, Sverige, Tjeckien, Ukraina, Tyskland, Vitryssland, \u00d6sterrike, och Vatikanstaten.<\/p><\/div>\n\t\t\t\t<\/div>\n\t\t\t\t\t\t\t<div class=\"elementor-toggle-item\">\n\t\t\t\t\t<div id=\"elementor-tab-title-3005\" class=\"elementor-tab-title\" data-tab=\"5\" role=\"button\" aria-controls=\"elementor-tab-content-3005\" aria-expanded=\"false\">\n\t\t\t\t\t\t\t\t\t\t\t\t<span class=\"elementor-toggle-icon elementor-toggle-icon-left\" aria-hidden=\"true\">\n\t\t\t\t\t\t\t\t\t\t\t\t\t\t\t<span class=\"elementor-toggle-icon-closed\"><i class=\"fas fa-caret-right\"><\/i><\/span>\n\t\t\t\t\t\t\t\t<span class=\"elementor-toggle-icon-opened\"><i class=\"elementor-toggle-icon-opened fas fa-caret-up\"><\/i><\/span>\n\t\t\t\t\t\t\t\t\t\t\t\t\t<\/span>\n\t\t\t\t\t\t\t\t\t\t\t\t<a class=\"elementor-toggle-title\" tabindex=\"0\">Nordamerika<\/a>\n\t\t\t\t\t<\/div>\n\n\t\t\t\t\t<div id=\"elementor-tab-content-3005\" class=\"elementor-tab-content elementor-clearfix\" data-tab=\"5\" role=\"region\" aria-labelledby=\"elementor-tab-title-3005\"><p style=\"text-align: justify;\">Antigua och Barbuda, Bahamas, Barbados, Belize, Costa Rica, Dominica, El Salvador, Grenada, Guatemala, Haiti, Honduras, Jamaica, Kanada, Mexiko, Nicaragua, Panama, Saint Kitts och Nevis, Saint Lucia, Saint Vincent och Grenadinerna, Trinidad och Tobago, Dominikanska republiken, Kuba och F\u00f6renta staterna.<\/p><\/div>\n\t\t\t\t<\/div>\n\t\t\t\t\t\t\t<div class=\"elementor-toggle-item\">\n\t\t\t\t\t<div id=\"elementor-tab-title-3006\" class=\"elementor-tab-title\" data-tab=\"6\" role=\"button\" aria-controls=\"elementor-tab-content-3006\" aria-expanded=\"false\">\n\t\t\t\t\t\t\t\t\t\t\t\t<span class=\"elementor-toggle-icon elementor-toggle-icon-left\" aria-hidden=\"true\">\n\t\t\t\t\t\t\t\t\t\t\t\t\t\t\t<span class=\"elementor-toggle-icon-closed\"><i class=\"fas fa-caret-right\"><\/i><\/span>\n\t\t\t\t\t\t\t\t<span class=\"elementor-toggle-icon-opened\"><i class=\"elementor-toggle-icon-opened fas fa-caret-up\"><\/i><\/span>\n\t\t\t\t\t\t\t\t\t\t\t\t\t<\/span>\n\t\t\t\t\t\t\t\t\t\t\t\t<a class=\"elementor-toggle-title\" tabindex=\"0\">Sydamerika<\/a>\n\t\t\t\t\t<\/div>\n\n\t\t\t\t\t<div id=\"elementor-tab-content-3006\" class=\"elementor-tab-content elementor-clearfix\" data-tab=\"6\" role=\"region\" aria-labelledby=\"elementor-tab-title-3006\"><p style=\"text-align: justify;\">Argentina, Bolivia, Brasilien, Chile, Colombia, Ecuador, Guyana, Paraguay, Peru, Surinam, Uruguay och Venezuela.<\/p><\/div>\n\t\t\t\t<\/div>\n\t\t\t\t\t\t\t\t<\/div>\n\t\t\t\t\t\t<\/div>\n\t\t\t\t<\/div>\n\t\t\t\t\t<\/div>\n\t\t<\/div>\n\t\t\t\t\t<\/div>\n\t\t<\/section>\n\t\t\t\t<section class=\"elementor-section elementor-top-section elementor-element elementor-element-90fd23b elementor-section-boxed elementor-section-height-default elementor-section-height-default\" data-id=\"90fd23b\" data-element_type=\"section\" data-e-type=\"section\" data-settings=\"{&quot;background_background&quot;:&quot;classic&quot;}\">\n\t\t\t\t\t\t<div class=\"elementor-container elementor-column-gap-default\">\n\t\t\t\t\t<div class=\"elementor-column elementor-col-50 elementor-top-column elementor-element elementor-element-ceb8685\" data-id=\"ceb8685\" data-element_type=\"column\" data-e-type=\"column\">\n\t\t\t<div class=\"elementor-widget-wrap elementor-element-populated\">\n\t\t\t\t\t\t<div class=\"elementor-element elementor-element-e00b377 elementor-widget elementor-widget-gva-heading-block\" data-id=\"e00b377\" data-element_type=\"widget\" data-e-type=\"widget\" data-widget_type=\"gva-heading-block.default\">\n\t\t\t\t<div class=\"elementor-widget-container\">\n\t\t\t\t\t<div class=\"gva-element-gva-heading-block gva-element\">   <div class=\"align-left style-1 widget gsc-heading box-align-left auto-responsive\">\r\n      <div class=\"content-inner\">\r\n         \r\n         \r\n                     <div class=\"sub-title\">\r\n               <span class=\"tagline\">Unik metod f\u00f6r crowdfunding som fingeravtryck<\/span>\r\n                                 <span class=\"shadow-text\">S\u00e4rskiljande<\/span>\r\n                  \r\n            <\/div>\r\n           \r\n         \r\n                     <h2 class=\"title\">\r\n               <span>Kontakta oss f\u00f6r mer information om ditt land inte finns med p\u00e5 listan.<\/span>\r\n            <\/h2>\r\n                  \r\n                     <div class=\"heading-action\">\r\n               \t\t  <a href=\"https:\/\/bonafidesinvest.eu\/sv\/kontakt\/\" class=\"btn-cta btn-theme\">\r\n\t\t\t <span>Bona Fides Invest, d\u00e4r gr\u00e4nser f\u00f6rsvinner och dr\u00f6mmar f\u00f6renas!<\/span>\r\n\t\t  <\/a>\r\n\r\n\t\t              <\/div>\r\n         \r\n      <\/div>\r\n   <\/div>\r\n<\/div>\t\t\t\t<\/div>\n\t\t\t\t<\/div>\n\t\t\t\t\t<\/div>\n\t\t<\/div>\n\t\t\t\t<div class=\"elementor-column elementor-col-50 elementor-top-column elementor-element elementor-element-ea202f8\" data-id=\"ea202f8\" data-element_type=\"column\" data-e-type=\"column\">\n\t\t\t<div class=\"elementor-widget-wrap elementor-element-populated\">\n\t\t\t\t\t\t<div class=\"elementor-element elementor-element-6f01dac elementor-widget__width-auto elementor-widget elementor-widget-html\" data-id=\"6f01dac\" data-element_type=\"widget\" data-e-type=\"widget\" data-widget_type=\"html.default\">\n\t\t\t\t<div class=\"elementor-widget-container\">\n\t\t\t\t\t<a class=\"btn-border-white\" href=\"https:\/\/bonafidesinvest.eu\/sv\/kontakt\/\">\n    Kontakta oss\n<\/a>\t\t\t\t<\/div>\n\t\t\t\t<\/div>\n\t\t\t\t\t<\/div>\n\t\t<\/div>\n\t\t\t\t\t<\/div>\n\t\t<\/section>\n\t\t\t\t<\/div>","protected":false},"excerpt":{"rendered":"<p>Global Fintech Company Worldwide Supported Countries We operate on all continents in 196 countries. Our crowdfunding platform welcomes creative minds from every corner of the globe, empowering supported countries to [&hellip;]<\/p>\n","protected":false},"author":1,"featured_media":0,"parent":0,"menu_order":0,"comment_status":"closed","ping_status":"closed","template":"","meta":{"footnotes":""},"class_list":["post-4855","page","type-page","status-publish","hentry"],"wpcf_dashboard":"<div class=\"woocommerce\"><div class=\"woocommerce-info\">Please log in first? <a class=\"wpneoShowLogin\" href=\"#\">Click here to login<\/a><\/div><div class=\"wpneo_login_form_div\" style=\"display: none;\"><form name=\"loginform\" id=\"loginform\" action=\"https:\/\/bonafidesinvest.eu\/wp-login.php\" method=\"post\"><p class=\"login-username\">\n\t\t\t\t<label for=\"user_login\">Anv\u00e4ndarnamn eller e-postadress<\/label>\n\t\t\t\t<input type=\"text\" name=\"log\" id=\"user_login\" autocomplete=\"username\" class=\"input\" value=\"\" size=\"20\" \/>\n\t\t\t<\/p><p class=\"login-password\">\n\t\t\t\t<label for=\"user_pass\">L\u00f6senord<\/label>\n\t\t\t\t<input type=\"password\" name=\"pwd\" id=\"user_pass\" autocomplete=\"current-password\" spellcheck=\"false\" class=\"input\" value=\"\" size=\"20\" \/>\n\t\t\t<\/p><p class=\"login-remember\"><label><input name=\"rememberme\" type=\"checkbox\" id=\"rememberme\" value=\"forever\" \/> Kom ih\u00e5g mig<\/label><\/p><p class=\"login-submit\">\n\t\t\t\t<input type=\"submit\" name=\"wp-submit\" id=\"wp-submit\" class=\"button button-primary\" value=\"Logga in\" \/>\n\t\t\t\t<input type=\"hidden\" name=\"redirect_to\" value=\"https:\/\/bonafidesinvest.eu\/sv\/wp-json\/wp\/v2\/pages\/4855\" \/>\n\t\t\t<\/p><\/form><\/div><\/div>","_links":{"self":[{"href":"https:\/\/bonafidesinvest.eu\/sv\/wp-json\/wp\/v2\/pages\/4855","targetHints":{"allow":["GET"]}}],"collection":[{"href":"https:\/\/bonafidesinvest.eu\/sv\/wp-json\/wp\/v2\/pages"}],"about":[{"href":"https:\/\/bonafidesinvest.eu\/sv\/wp-json\/wp\/v2\/types\/page"}],"author":[{"embeddable":true,"href":"https:\/\/bonafidesinvest.eu\/sv\/wp-json\/wp\/v2\/users\/1"}],"replies":[{"embeddable":true,"href":"https:\/\/bonafidesinvest.eu\/sv\/wp-json\/wp\/v2\/comments?post=4855"}],"version-history":[{"count":0,"href":"https:\/\/bonafidesinvest.eu\/sv\/wp-json\/wp\/v2\/pages\/4855\/revisions"}],"wp:attachment":[{"href":"https:\/\/bonafidesinvest.eu\/sv\/wp-json\/wp\/v2\/media?parent=4855"}],"curies":[{"name":"wp","href":"https:\/\/api.w.org\/{rel}","templated":true}]}}