{"id":3151,"date":"2023-05-01T18:55:16","date_gmt":"2023-05-01T16:55:16","guid":{"rendered":"https:\/\/bonafidesinvest.eu\/?page_id=3151"},"modified":"2023-05-03T01:40:07","modified_gmt":"2023-05-02T23:40:07","slug":"socialt-ansvar","status":"publish","type":"page","link":"https:\/\/bonafidesinvest.eu\/sv\/social-responsibility\/","title":{"rendered":"Socialt ansvar"},"content":{"rendered":"<div data-elementor-type=\"wp-page\" data-elementor-id=\"3151\" class=\"elementor elementor-3151\">\n\t\t\t\t\t\t<section class=\"elementor-section elementor-top-section elementor-element elementor-element-545496b elementor-section-boxed elementor-section-height-default elementor-section-height-default\" data-id=\"545496b\" data-element_type=\"section\" data-e-type=\"section\" data-settings=\"{&quot;background_background&quot;:&quot;classic&quot;}\">\n\t\t\t\t\t\t<div class=\"elementor-container elementor-column-gap-default\">\n\t\t\t\t\t<div class=\"elementor-column elementor-col-100 elementor-top-column elementor-element elementor-element-7bf759c\" data-id=\"7bf759c\" data-element_type=\"column\" data-e-type=\"column\">\n\t\t\t<div class=\"elementor-widget-wrap elementor-element-populated\">\n\t\t\t\t\t\t<div class=\"elementor-element elementor-element-40c806d elementor-widget elementor-widget-gva-heading-block\" data-id=\"40c806d\" data-element_type=\"widget\" data-e-type=\"widget\" data-widget_type=\"gva-heading-block.default\">\n\t\t\t\t<div class=\"elementor-widget-container\">\n\t\t\t\t\t<div class=\"gva-element-gva-heading-block gva-element\">   <div class=\"align-center style-1 widget gsc-heading box-align-left auto-responsive\">\r\n      <div class=\"content-inner\">\r\n         \r\n         \r\n                     <div class=\"sub-title\">\r\n               <span class=\"tagline\">Ge och v\u00e4xa<\/span>\r\n                                 <span class=\"shadow-text\">Att hj\u00e4lpa<\/span>\r\n                  \r\n            <\/div>\r\n           \r\n         \r\n                     <h2 class=\"title\">\r\n               <span>Socialt ansvar<\/span>\r\n            <\/h2>\r\n                  \r\n         \r\n      <\/div>\r\n   <\/div>\r\n<\/div>\t\t\t\t<\/div>\n\t\t\t\t<\/div>\n\t\t\t\t<div class=\"elementor-element elementor-element-eea13da elementor-widget elementor-widget-text-editor\" data-id=\"eea13da\" data-element_type=\"widget\" data-e-type=\"widget\" data-widget_type=\"text-editor.default\">\n\t\t\t\t<div class=\"elementor-widget-container\">\n\t\t\t\t\t\t\t\t\t<p style=\"text-align: center;\"><span style=\"color: #333333;\"><span style=\"color: #000000;\">S\u00e4rskilda kategorier av anv\u00e4ndare f\u00e5r ett f\u00f6rm\u00e5nligt pris<\/span><\/span><\/p>\t\t\t\t\t\t\t\t<\/div>\n\t\t\t\t<\/div>\n\t\t\t\t\t<\/div>\n\t\t<\/div>\n\t\t\t\t\t<\/div>\n\t\t<\/section>\n\t\t\t\t<section class=\"elementor-section elementor-top-section elementor-element elementor-element-b106d67 elementor-section-boxed elementor-section-height-default elementor-section-height-default\" data-id=\"b106d67\" data-element_type=\"section\" data-e-type=\"section\">\n\t\t\t\t\t\t<div class=\"elementor-container elementor-column-gap-default\">\n\t\t\t\t\t<div class=\"elementor-column elementor-col-100 elementor-top-column elementor-element elementor-element-8bc3c41\" data-id=\"8bc3c41\" data-element_type=\"column\" data-e-type=\"column\">\n\t\t\t<div class=\"elementor-widget-wrap elementor-element-populated\">\n\t\t\t\t\t\t<section class=\"elementor-section elementor-inner-section elementor-element elementor-element-1986484 elementor-section-boxed elementor-section-height-default elementor-section-height-default\" data-id=\"1986484\" data-element_type=\"section\" data-e-type=\"section\">\n\t\t\t\t\t\t<div class=\"elementor-container elementor-column-gap-default\">\n\t\t\t\t\t<div class=\"elementor-column elementor-col-50 elementor-inner-column elementor-element elementor-element-6ebee5f\" data-id=\"6ebee5f\" data-element_type=\"column\" data-e-type=\"column\">\n\t\t\t<div class=\"elementor-widget-wrap elementor-element-populated\">\n\t\t\t\t\t\t<div class=\"elementor-element elementor-element-d138634 elementor-widget elementor-widget-gva-image-content\" data-id=\"d138634\" data-element_type=\"widget\" data-e-type=\"widget\" data-widget_type=\"gva-image-content.default\">\n\t\t\t\t<div class=\"elementor-widget-container\">\n\t\t\t\t\t<div class=\"gva-element-gva-image-content gva-element\">\t\t\r\n\t  \r\n\t \r\n\r\n\t \r\n\r\n\t\r\n \r\n\r\n  \r\n\r\n \r\n\r\n  <div class=\"gsc-image-content skin-v7\">\r\n\t \t\t<div class=\"image\">\r\n\t\t\t \t\t  <a href=\"https:\/\/francescoeconomy.org\/\" target=\"_blank\" rel=\"noopener\">\r\n\t\t\t <img decoding=\"async\" width=\"175\" height=\"175\" src=\"https:\/\/bonafidesinvest.eu\/wp-content\/uploads\/2023\/04\/The-Economy-of-Francesco-logo-175x175.webp\" class=\"attachment-thumbnail size-thumbnail wp-image-2022\" alt=\"\" srcset=\"https:\/\/bonafidesinvest.eu\/wp-content\/uploads\/2023\/04\/The-Economy-of-Francesco-logo-175x175.webp 175w, https:\/\/bonafidesinvest.eu\/wp-content\/uploads\/2023\/04\/The-Economy-of-Francesco-logo-300x300.webp 300w, https:\/\/bonafidesinvest.eu\/wp-content\/uploads\/2023\/04\/The-Economy-of-Francesco-logo-180x180.webp 180w, https:\/\/bonafidesinvest.eu\/wp-content\/uploads\/2023\/04\/The-Economy-of-Francesco-logo-12x12.webp 12w, https:\/\/bonafidesinvest.eu\/wp-content\/uploads\/2023\/04\/The-Economy-of-Francesco-logo.webp 513w\" sizes=\"(max-width: 175px) 100vw, 175px\" \/>\t\t  <\/a>\r\n\t\t  \t\t<\/div>\r\n\t \t <div class=\"box-content\">\r\n\t\t\t\t\t<h2 class=\"title\">\r\n\t\t\t\t\t\t  <a href=\"https:\/\/francescoeconomy.org\/\" target=\"_blank\" rel=\"noopener\">\r\n\t\t\t Ekonomin f\u00f6r Francesco\t\t  <\/a>\r\n\t\t  \t\t\t<\/h2>\r\n\t\t\t\t<div class=\"desc\">Medlemmar i Francesco-ekonomin f\u00e5r ett f\u00f6rm\u00e5nligt pris.<\/div>\r\n\t\t\t\t  <div class=\"read-more\">\r\n\t\t\t \t\t  <a href=\"https:\/\/francescoeconomy.org\/\" class=\"btn-inline\" target=\"_blank\" rel=\"noopener\">\r\n\t\t\t <span>L\u00e4s mer om EoF<\/span>\t\t  <\/a>\r\n\t\t  \t\t  <\/div>\r\n\t\t\t <\/div>  \r\n  <\/div>\r\n <\/div>\t\t\t\t<\/div>\n\t\t\t\t<\/div>\n\t\t\t\t\t<\/div>\n\t\t<\/div>\n\t\t\t\t<div class=\"elementor-column elementor-col-50 elementor-inner-column elementor-element elementor-element-8dc6106\" data-id=\"8dc6106\" data-element_type=\"column\" data-e-type=\"column\">\n\t\t\t<div class=\"elementor-widget-wrap elementor-element-populated\">\n\t\t\t\t\t\t<div class=\"elementor-element elementor-element-5251be1 elementor-widget elementor-widget-gva-image-content\" data-id=\"5251be1\" data-element_type=\"widget\" data-e-type=\"widget\" data-widget_type=\"gva-image-content.default\">\n\t\t\t\t<div class=\"elementor-widget-container\">\n\t\t\t\t\t<div class=\"gva-element-gva-image-content gva-element\">\t\t\r\n\t  \r\n\t \r\n\r\n\t \r\n\r\n\t\r\n \r\n\r\n  \r\n\r\n \r\n\r\n  <div class=\"gsc-image-content skin-v7\">\r\n\t \t\t<div class=\"image\">\r\n\t\t\t <img decoding=\"async\" width=\"175\" height=\"175\" src=\"https:\/\/bonafidesinvest.eu\/wp-content\/uploads\/2023\/05\/Bona-Fides-Invest-Support-for-Ukraine-175x175.png\" class=\"attachment-thumbnail size-thumbnail wp-image-3159\" alt=\"\" srcset=\"https:\/\/bonafidesinvest.eu\/wp-content\/uploads\/2023\/05\/Bona-Fides-Invest-Support-for-Ukraine-175x175.png 175w, https:\/\/bonafidesinvest.eu\/wp-content\/uploads\/2023\/05\/Bona-Fides-Invest-Support-for-Ukraine-300x300.png 300w, https:\/\/bonafidesinvest.eu\/wp-content\/uploads\/2023\/05\/Bona-Fides-Invest-Support-for-Ukraine-180x180.png 180w, https:\/\/bonafidesinvest.eu\/wp-content\/uploads\/2023\/05\/Bona-Fides-Invest-Support-for-Ukraine-12x12.png 12w, https:\/\/bonafidesinvest.eu\/wp-content\/uploads\/2023\/05\/Bona-Fides-Invest-Support-for-Ukraine.png 500w\" sizes=\"(max-width: 175px) 100vw, 175px\" \/>\t\t<\/div>\r\n\t \t <div class=\"box-content\">\r\n\t\t\t\t\t<h2 class=\"title\">\r\n\t\t\t\tSt\u00f6d till Ukraina\t\t\t<\/h2>\r\n\t\t\t\t<div class=\"desc\">Anv\u00e4ndningen av plattformen \u00e4r kostnadsfri f\u00f6r de medborgare i Ukraina som drabbats av kriget.<\/div>\r\n\t\t\t <\/div>  \r\n  <\/div>\r\n <\/div>\t\t\t\t<\/div>\n\t\t\t\t<\/div>\n\t\t\t\t\t<\/div>\n\t\t<\/div>\n\t\t\t\t\t<\/div>\n\t\t<\/section>\n\t\t\t\t<section class=\"elementor-section elementor-inner-section elementor-element elementor-element-1fa0758 elementor-section-boxed elementor-section-height-default elementor-section-height-default\" data-id=\"1fa0758\" data-element_type=\"section\" data-e-type=\"section\">\n\t\t\t\t\t\t<div class=\"elementor-container elementor-column-gap-default\">\n\t\t\t\t\t<div class=\"elementor-column elementor-col-50 elementor-inner-column elementor-element elementor-element-4682ec1\" data-id=\"4682ec1\" data-element_type=\"column\" data-e-type=\"column\">\n\t\t\t<div class=\"elementor-widget-wrap elementor-element-populated\">\n\t\t\t\t\t\t<div class=\"elementor-element elementor-element-7418d85 elementor-widget elementor-widget-gva-image-content\" data-id=\"7418d85\" data-element_type=\"widget\" data-e-type=\"widget\" data-widget_type=\"gva-image-content.default\">\n\t\t\t\t<div class=\"elementor-widget-container\">\n\t\t\t\t\t<div class=\"gva-element-gva-image-content gva-element\">\t\t\r\n\t  \r\n\t \r\n\r\n\t \r\n\r\n\t\r\n \r\n\r\n  \r\n\r\n \r\n\r\n  <div class=\"gsc-image-content skin-v7\">\r\n\t \t\t<div class=\"image\">\r\n\t\t\t <img decoding=\"async\" width=\"175\" height=\"175\" src=\"https:\/\/bonafidesinvest.eu\/wp-content\/uploads\/2023\/05\/Bona-Fides-Invest-Support-for-Turkey-175x175.png\" class=\"attachment-thumbnail size-thumbnail wp-image-3161\" alt=\"\" srcset=\"https:\/\/bonafidesinvest.eu\/wp-content\/uploads\/2023\/05\/Bona-Fides-Invest-Support-for-Turkey-175x175.png 175w, https:\/\/bonafidesinvest.eu\/wp-content\/uploads\/2023\/05\/Bona-Fides-Invest-Support-for-Turkey-300x300.png 300w, https:\/\/bonafidesinvest.eu\/wp-content\/uploads\/2023\/05\/Bona-Fides-Invest-Support-for-Turkey-180x180.png 180w, https:\/\/bonafidesinvest.eu\/wp-content\/uploads\/2023\/05\/Bona-Fides-Invest-Support-for-Turkey-12x12.png 12w, https:\/\/bonafidesinvest.eu\/wp-content\/uploads\/2023\/05\/Bona-Fides-Invest-Support-for-Turkey.png 500w\" sizes=\"(max-width: 175px) 100vw, 175px\" \/>\t\t<\/div>\r\n\t \t <div class=\"box-content\">\r\n\t\t\t\t\t<h2 class=\"title\">\r\n\t\t\t\tSt\u00f6d till Turkiet\t\t\t<\/h2>\r\n\t\t\t\t<div class=\"desc\">Anv\u00e4ndningen av plattformen \u00e4r kostnadsfri f\u00f6r de medborgare i Turkiet som drabbats av jordb\u00e4vningen.<\/div>\r\n\t\t\t <\/div>  \r\n  <\/div>\r\n <\/div>\t\t\t\t<\/div>\n\t\t\t\t<\/div>\n\t\t\t\t\t<\/div>\n\t\t<\/div>\n\t\t\t\t<div class=\"elementor-column elementor-col-50 elementor-inner-column elementor-element elementor-element-b5579d0\" data-id=\"b5579d0\" data-element_type=\"column\" data-e-type=\"column\">\n\t\t\t<div class=\"elementor-widget-wrap elementor-element-populated\">\n\t\t\t\t\t\t<div class=\"elementor-element elementor-element-b4bbfce elementor-widget elementor-widget-gva-image-content\" data-id=\"b4bbfce\" data-element_type=\"widget\" data-e-type=\"widget\" data-widget_type=\"gva-image-content.default\">\n\t\t\t\t<div class=\"elementor-widget-container\">\n\t\t\t\t\t<div class=\"gva-element-gva-image-content gva-element\">\t\t\r\n\t  \r\n\t \r\n\r\n\t \r\n\r\n\t\r\n \r\n\r\n  \r\n\r\n \r\n\r\n  <div class=\"gsc-image-content skin-v7\">\r\n\t \t\t<div class=\"image\">\r\n\t\t\t <img loading=\"lazy\" decoding=\"async\" width=\"175\" height=\"175\" src=\"https:\/\/bonafidesinvest.eu\/wp-content\/uploads\/2023\/05\/Bona-Fides-Invest-Support-for-Syria-175x175.png\" class=\"attachment-thumbnail size-thumbnail wp-image-3160\" alt=\"\" srcset=\"https:\/\/bonafidesinvest.eu\/wp-content\/uploads\/2023\/05\/Bona-Fides-Invest-Support-for-Syria-175x175.png 175w, https:\/\/bonafidesinvest.eu\/wp-content\/uploads\/2023\/05\/Bona-Fides-Invest-Support-for-Syria-300x300.png 300w, https:\/\/bonafidesinvest.eu\/wp-content\/uploads\/2023\/05\/Bona-Fides-Invest-Support-for-Syria-180x180.png 180w, https:\/\/bonafidesinvest.eu\/wp-content\/uploads\/2023\/05\/Bona-Fides-Invest-Support-for-Syria-12x12.png 12w, https:\/\/bonafidesinvest.eu\/wp-content\/uploads\/2023\/05\/Bona-Fides-Invest-Support-for-Syria.png 500w\" sizes=\"(max-width: 175px) 100vw, 175px\" \/>\t\t<\/div>\r\n\t \t <div class=\"box-content\">\r\n\t\t\t\t\t<h2 class=\"title\">\r\n\t\t\t\tSt\u00f6d till Syrien\t\t\t<\/h2>\r\n\t\t\t\t<div class=\"desc\">Anv\u00e4ndningen av plattformen \u00e4r kostnadsfri f\u00f6r de medborgare i Syrien som drabbats av jordb\u00e4vningen.<\/div>\r\n\t\t\t <\/div>  \r\n  <\/div>\r\n <\/div>\t\t\t\t<\/div>\n\t\t\t\t<\/div>\n\t\t\t\t\t<\/div>\n\t\t<\/div>\n\t\t\t\t\t<\/div>\n\t\t<\/section>\n\t\t\t\t\t<\/div>\n\t\t<\/div>\n\t\t\t\t\t<\/div>\n\t\t<\/section>\n\t\t\t\t<section class=\"elementor-section elementor-top-section elementor-element elementor-element-e8ed6c3 elementor-section-boxed elementor-section-height-default elementor-section-height-default\" data-id=\"e8ed6c3\" data-element_type=\"section\" data-e-type=\"section\">\n\t\t\t\t\t\t<div class=\"elementor-container elementor-column-gap-no\">\n\t\t\t\t\t<div class=\"elementor-column elementor-col-50 elementor-top-column elementor-element elementor-element-74523c1\" data-id=\"74523c1\" data-element_type=\"column\" data-e-type=\"column\">\n\t\t\t<div class=\"elementor-widget-wrap elementor-element-populated\">\n\t\t\t\t\t\t<div class=\"elementor-element elementor-element-7004e28 elementor-widget elementor-widget-gva-heading-block\" data-id=\"7004e28\" data-element_type=\"widget\" data-e-type=\"widget\" data-widget_type=\"gva-heading-block.default\">\n\t\t\t\t<div class=\"elementor-widget-container\">\n\t\t\t\t\t<div class=\"gva-element-gva-heading-block gva-element\">   <div class=\"align-left style-4 widget gsc-heading box-align-left auto-responsive\">\r\n      <div class=\"content-inner\">\r\n         \r\n         \r\n                     <div class=\"sub-title\">\r\n               <span class=\"tagline\">D\u00e4r f\u00f6rtroende m\u00f6ter investeringar<\/span>\r\n                                 <span class=\"shadow-text\">\u00c4rlighet<\/span>\r\n                  \r\n            <\/div>\r\n           \r\n         \r\n                     <h2 class=\"title\">\r\n               <span>BFI - B\u00e4sta v\u00e4nnen f\u00f6r investeringar<\/span>\r\n            <\/h2>\r\n                  \r\n         \r\n      <\/div>\r\n   <\/div>\r\n<\/div>\t\t\t\t<\/div>\n\t\t\t\t<\/div>\n\t\t\t\t<div class=\"elementor-element elementor-element-237354d elementor-widget elementor-widget-text-editor\" data-id=\"237354d\" data-element_type=\"widget\" data-e-type=\"widget\" data-widget_type=\"text-editor.default\">\n\t\t\t\t<div class=\"elementor-widget-container\">\n\t\t\t\t\t\t\t\t\t<p style=\"text-align: justify;\"><span style=\"color: #000000;\">Bona Fides \u00e4r en latinsk term som betyder \"god tro\" eller \"god \u00f6vertygelse\". Det anv\u00e4nds f\u00f6r att beskriva \u00e4rlighet, uppriktighet och p\u00e5litlighet i aff\u00e4rsm\u00e4ssiga och juridiska sammanhang. Detta \u00e4r viktiga v\u00e4rden som \u00e4r avg\u00f6rande f\u00f6r framg\u00e5ngsrika crowdfunding-kampanjer, eftersom investerarna m\u00e5ste ha f\u00f6rtroende f\u00f6r projektet och den plattform de investerar i. Genom att v\u00e4lja namnet Bona Fides Invest betonar vi v\u00e5rt engagemang f\u00f6r \u00e4rliga och etiska insamlingsmetoder, vilket s\u00e4kerst\u00e4ller att alla kampanjer \u00e4r p\u00e5litliga och trov\u00e4rdiga.<\/span><\/p>\t\t\t\t\t\t\t\t<\/div>\n\t\t\t\t<\/div>\n\t\t\t\t\t<\/div>\n\t\t<\/div>\n\t\t\t\t<div class=\"elementor-column elementor-col-50 elementor-top-column elementor-element elementor-element-392cd68\" data-id=\"392cd68\" data-element_type=\"column\" data-e-type=\"column\">\n\t\t\t<div class=\"elementor-widget-wrap elementor-element-populated\">\n\t\t\t\t\t\t<div class=\"elementor-element elementor-element-0dba852 elementor-widget elementor-widget-image\" data-id=\"0dba852\" data-element_type=\"widget\" data-e-type=\"widget\" data-widget_type=\"image.default\">\n\t\t\t\t<div class=\"elementor-widget-container\">\n\t\t\t\t\t\t\t\t\t\t\t\t\t\t\t<img loading=\"lazy\" decoding=\"async\" width=\"680\" height=\"680\" src=\"https:\/\/bonafidesinvest.eu\/wp-content\/uploads\/2023\/05\/Global-Crowdfunding-Platform-Bona-Fides-Invest-Cicero.png\" class=\"attachment-full size-full wp-image-3200\" alt=\"\" srcset=\"https:\/\/bonafidesinvest.eu\/wp-content\/uploads\/2023\/05\/Global-Crowdfunding-Platform-Bona-Fides-Invest-Cicero.png 680w, https:\/\/bonafidesinvest.eu\/wp-content\/uploads\/2023\/05\/Global-Crowdfunding-Platform-Bona-Fides-Invest-Cicero-175x175.png 175w, https:\/\/bonafidesinvest.eu\/wp-content\/uploads\/2023\/05\/Global-Crowdfunding-Platform-Bona-Fides-Invest-Cicero-300x300.png 300w, https:\/\/bonafidesinvest.eu\/wp-content\/uploads\/2023\/05\/Global-Crowdfunding-Platform-Bona-Fides-Invest-Cicero-600x600.png 600w, https:\/\/bonafidesinvest.eu\/wp-content\/uploads\/2023\/05\/Global-Crowdfunding-Platform-Bona-Fides-Invest-Cicero-180x180.png 180w, https:\/\/bonafidesinvest.eu\/wp-content\/uploads\/2023\/05\/Global-Crowdfunding-Platform-Bona-Fides-Invest-Cicero-12x12.png 12w\" sizes=\"(max-width: 680px) 100vw, 680px\" \/>\t\t\t\t\t\t\t\t\t\t\t\t\t\t\t<\/div>\n\t\t\t\t<\/div>\n\t\t\t\t\t<\/div>\n\t\t<\/div>\n\t\t\t\t\t<\/div>\n\t\t<\/section>\n\t\t\t\t<\/div>","protected":false},"excerpt":{"rendered":"<p>Give and Grow Helping Social Responsibility Special categories of users get a preferential price The Economy of Francesco Members of the Economy of Francesco get a preferential price. Read More [&hellip;]<\/p>\n","protected":false},"author":1,"featured_media":0,"parent":0,"menu_order":0,"comment_status":"closed","ping_status":"closed","template":"","meta":{"footnotes":""},"class_list":["post-3151","page","type-page","status-publish","hentry"],"wpcf_dashboard":"<div class=\"woocommerce\"><div class=\"woocommerce-info\">Please log in first? <a class=\"wpneoShowLogin\" href=\"#\">Click here to login<\/a><\/div><div class=\"wpneo_login_form_div\" style=\"display: none;\"><form name=\"loginform\" id=\"loginform\" action=\"https:\/\/bonafidesinvest.eu\/wp-login.php\" method=\"post\"><p class=\"login-username\">\n\t\t\t\t<label for=\"user_login\">Anv\u00e4ndarnamn eller e-postadress<\/label>\n\t\t\t\t<input type=\"text\" name=\"log\" id=\"user_login\" autocomplete=\"username\" class=\"input\" value=\"\" size=\"20\" \/>\n\t\t\t<\/p><p class=\"login-password\">\n\t\t\t\t<label for=\"user_pass\">L\u00f6senord<\/label>\n\t\t\t\t<input type=\"password\" name=\"pwd\" id=\"user_pass\" autocomplete=\"current-password\" spellcheck=\"false\" class=\"input\" value=\"\" size=\"20\" \/>\n\t\t\t<\/p><p class=\"login-remember\"><label><input name=\"rememberme\" type=\"checkbox\" id=\"rememberme\" value=\"forever\" \/> Kom ih\u00e5g mig<\/label><\/p><p class=\"login-submit\">\n\t\t\t\t<input type=\"submit\" name=\"wp-submit\" id=\"wp-submit\" class=\"button button-primary\" value=\"Logga in\" \/>\n\t\t\t\t<input type=\"hidden\" name=\"redirect_to\" value=\"https:\/\/bonafidesinvest.eu\/sv\/wp-json\/wp\/v2\/pages\/3151\" \/>\n\t\t\t<\/p><\/form><\/div><\/div>","_links":{"self":[{"href":"https:\/\/bonafidesinvest.eu\/sv\/wp-json\/wp\/v2\/pages\/3151","targetHints":{"allow":["GET"]}}],"collection":[{"href":"https:\/\/bonafidesinvest.eu\/sv\/wp-json\/wp\/v2\/pages"}],"about":[{"href":"https:\/\/bonafidesinvest.eu\/sv\/wp-json\/wp\/v2\/types\/page"}],"author":[{"embeddable":true,"href":"https:\/\/bonafidesinvest.eu\/sv\/wp-json\/wp\/v2\/users\/1"}],"replies":[{"embeddable":true,"href":"https:\/\/bonafidesinvest.eu\/sv\/wp-json\/wp\/v2\/comments?post=3151"}],"version-history":[{"count":0,"href":"https:\/\/bonafidesinvest.eu\/sv\/wp-json\/wp\/v2\/pages\/3151\/revisions"}],"wp:attachment":[{"href":"https:\/\/bonafidesinvest.eu\/sv\/wp-json\/wp\/v2\/media?parent=3151"}],"curies":[{"name":"wp","href":"https:\/\/api.w.org\/{rel}","templated":true}]}}