{"id":3,"date":"2023-03-24T10:16:53","date_gmt":"2023-03-24T10:16:53","guid":{"rendered":"https:\/\/bonafidesinvest.eu\/?page_id=3"},"modified":"2023-04-04T01:52:30","modified_gmt":"2023-04-04T01:52:30","slug":"personal-data-gathering-and-protection-statement","status":"publish","type":"page","link":"https:\/\/bonafidesinvest.eu\/sv\/personal-data-gathering-and-protection-statement\/","title":{"rendered":"Uppgift om insamling och skydd av personuppgifter"},"content":{"rendered":"<div data-elementor-type=\"wp-page\" data-elementor-id=\"3\" class=\"elementor elementor-3\">\n\t\t\t\t\t\t<section class=\"elementor-section elementor-top-section elementor-element elementor-element-656a14ac elementor-section-boxed elementor-section-height-default elementor-section-height-default\" data-id=\"656a14ac\" data-element_type=\"section\" data-e-type=\"section\">\n\t\t\t\t\t\t<div class=\"elementor-container elementor-column-gap-default\">\n\t\t\t\t\t<div class=\"elementor-column elementor-col-100 elementor-top-column elementor-element elementor-element-689a5e94\" data-id=\"689a5e94\" data-element_type=\"column\" data-e-type=\"column\">\n\t\t\t<div class=\"elementor-widget-wrap elementor-element-populated\">\n\t\t\t\t\t\t<div class=\"elementor-element elementor-element-13db662d elementor-widget elementor-widget-text-editor\" data-id=\"13db662d\" data-element_type=\"widget\" data-e-type=\"widget\" data-widget_type=\"text-editor.default\">\n\t\t\t\t<div class=\"elementor-widget-container\">\n\t\t\t\t\t\t\t\t\t<p><span style=\"color: #000000;\"><strong>Uppgift om insamling och skydd av personuppgifter<\/strong><\/span><\/p>\n<p><span style=\"color: #000000;\">Din integritet \u00e4r viktig f\u00f6r oss. Vi vill att du ska k\u00e4nna dig trygg med oss, och vi agerar i enlighet med detta och de r\u00e4ttsliga best\u00e4mmelserna om skydd av personuppgifter.<\/span><\/p>\n<p><span style=\"color: #000000;\">I det f\u00f6ljande informerar vi dig om de \u00e4ndam\u00e5l f\u00f6r vilka vi samlar in och anv\u00e4nder dina personuppgifter och hur du kan \u00f6vervaka dessa f\u00f6rfaranden och ut\u00f6va dina r\u00e4ttigheter.<\/span><\/p>\n<p><span style=\"color: #000000;\">V\u00e5ra IT-system skyddas genom tekniska och organisatoriska \u00e5tg\u00e4rder mot obeh\u00f6rig \u00e5tkomst, \u00e4ndring eller spridning av dina uppgifter, samt mot f\u00f6rlust eller radering.<\/span><\/p>\n<p><span style=\"color: #000000;\">All anv\u00e4ndarinformation skyddas strikt och \u00e4r endast tillg\u00e4nglig f\u00f6r de medarbetare som beh\u00f6ver informationen f\u00f6r att utf\u00f6ra sitt arbete. Alla v\u00e5ra anst\u00e4llda och aff\u00e4rspartners \u00e4r skyldiga att f\u00f6lja principerna f\u00f6r sekretesskydd.<\/span><\/p>\n<p><span style=\"color: #000000;\">Som v\u00e5r anv\u00e4ndare har du r\u00e4tt att f\u00e5 information om hanteringen av dina personuppgifter och att g\u00f6ra f\u00f6rfr\u00e5gningar f\u00f6r att ut\u00f6va dina r\u00e4ttigheter.<\/span><\/p>\n<p><span style=\"color: #000000;\">Behandlingen av personuppgifter utf\u00f6rs av:<\/span><br \/><span style=\"color: #000000;\">Centrum f\u00f6r social innovation och h\u00e5llbar utveckling (CEDIOR)<\/span><br \/><span style=\"color: #000000;\">Ante Jak\u0161i\u0107a 10, 10 000 Zagreb, Kroatien<\/span><br \/><span style=\"color: #000000;\">PIN: 12061569340<\/span><br \/><span style=\"color: #000000;\">+385 (0)98 611 467<\/span><br \/><span style=\"color: #000000;\">info@bonafidesinvest.eu<\/span><\/p>\n<p><span style=\"color: #000000;\"><strong>\u00c4ndam\u00e5l och r\u00e4ttslig grund f\u00f6r databehandling<\/strong><\/span><\/p>\n<p><span style=\"color: #000000;\">Vi anv\u00e4nder dina personuppgifter uteslutande f\u00f6r att sammanf\u00f6ra investerare och projekt\u00e4gare, f\u00f6r aff\u00e4rskorrespondens och f\u00f6r att skicka meddelanden, och vi vidarebefordrar dem inte eller anv\u00e4nder dem f\u00f6r of\u00f6rutsedda \u00e4ndam\u00e5l.<\/span><\/p>\n<p><span style=\"color: #000000;\"><strong>De uppgifter vi samlar in kan inneh\u00e5lla:<br \/><\/strong><\/span><\/p>\n<ul>\n<li><span style=\"color: #000000;\">F\u00f6r- och efternamn\/f\u00f6retagsnamn;<\/span><\/li>\n<li><span style=\"color: #000000;\">Postadress;<\/span><\/li>\n<li><span style=\"color: #000000;\">E-postadress;<\/span><\/li>\n<li><span style=\"color: #000000;\">Mobilnummer eller fast telefonnummer.<\/span><\/li>\n<\/ul>\n<p><span style=\"color: #000000;\"><strong>Meddelande via e-post<\/strong><\/span><\/p>\n<p><span style=\"color: #000000;\">Vi anv\u00e4nder Mailchimp-plattformen f\u00f6r att leverera nyhetsbrev, samt f\u00f6r att hantera mottagarlistor och avregistreringsregister, och vidtar alla n\u00f6dv\u00e4ndiga \u00e5tg\u00e4rder f\u00f6r att skydda data i enlighet med best\u00e4mmelserna om skydd av personuppgifter. Det \u00e4r din r\u00e4ttighet att acceptera eller avb\u00f6ja att ta emot v\u00e5r kommunikation.<\/span><\/p>\n<p><span style=\"color: #000000;\"><strong>Anv\u00e4ndarr\u00e4ttigheter<\/strong><\/span><\/p>\n<p><span style=\"color: #000000;\">Vi garanterar dig f\u00f6ljande r\u00e4ttigheter:<\/span><\/p>\n<ul>\n<li><span style=\"color: #000000;\">R\u00e4tt till \u00e5tkomst (information om omfattning och typ) av dina uppgifter;<\/span><\/li>\n<li><span style=\"color: #000000;\">R\u00e4tt till r\u00e4ttelse (avser den information du l\u00e4mnat);<\/span><\/li>\n<li><span style=\"color: #000000;\">R\u00e4tten att bli bortgl\u00f6md;<\/span><\/li>\n<li><span style=\"color: #000000;\">R\u00e4tten att klaga p\u00e5 anv\u00e4ndningen av personuppgifter.<\/span><\/li>\n<\/ul>\n<p><span style=\"color: #000000;\"><strong>R\u00e4tt till tillg\u00e5ng<\/strong><\/span><\/p>\n<p><span style=\"color: #000000;\">Du har r\u00e4tt att f\u00e5 information om dina personuppgifter som vi hanterar och sparar.<\/span><\/p>\n<p><span style=\"color: #000000;\"><strong>R\u00e4tt till r\u00e4ttelse<\/strong><\/span><\/p>\n<p><span style=\"color: #000000;\">Du har r\u00e4tt att korrigera felaktiga personuppgifter som r\u00f6r dig, vilket vi kommer att g\u00f6ra inom 3 arbetsdagar.<\/span><\/p>\n<p><span style=\"color: #000000;\"><strong>R\u00e4tt till radering (r\u00e4tt att bli bortgl\u00f6md)<\/strong><\/span><\/p>\n<p><span style=\"color: #000000;\">Du har r\u00e4tt att f\u00e5 dina personuppgifter anonymiserade utan on\u00f6digt dr\u00f6jsm\u00e5l om du inte vill forts\u00e4tta att anv\u00e4nda tj\u00e4nsterna eller om du inte vill att vi anv\u00e4nder dina personuppgifter f\u00f6r de angivna \u00e4ndam\u00e5len.<\/span><\/p>\n<p><span style=\"color: #000000;\"><strong>R\u00e4tten att inv\u00e4nda mot anv\u00e4ndningen av personuppgifter<\/strong><\/span><\/p>\n<p><span style=\"color: #000000;\">Om behandlingen av dina personuppgifter baseras p\u00e5 uppfyllandet av v\u00e5ra legitima intressen har du r\u00e4tt att n\u00e4r som helst inv\u00e4nda mot s\u00e5dan behandling av personuppgifter i den utstr\u00e4ckning som behandlingen avser dina uppgifter. Om du l\u00e4mnar in en s\u00e5dan inv\u00e4ndning:<\/span><\/p>\n<ul>\n<li><span style=\"color: #000000;\">regarding notifications (\u201cnewsletter\u201d) \u2013 we will not use your personal data for this purpose;<\/span><\/li>\n<li><span style=\"color: #000000;\">related to other cases of legitimate interest \u2013 we will not further process your personal data for the purpose to which the complaint relates.<\/span><\/li>\n<\/ul>\n<p><span style=\"color: #000000;\"><strong>Kakor<\/strong><\/span><\/p>\n<p><span style=\"color: #000000;\">Vi anv\u00e4nder dator cookies p\u00e5 v\u00e5r webbplats f\u00f6r att m\u00f6jligg\u00f6ra vissa tekniska funktioner och g\u00f6ra det l\u00e4ttare f\u00f6r dig att navigera p\u00e5 v\u00e5r webbplats.<\/span><\/p>\n<p><span style=\"color: #000000;\"><strong>Hur du kan ut\u00f6va dina r\u00e4ttigheter<\/strong><\/span><\/p>\n<p><span style=\"color: #000000;\">For all questions and requests regarding your personal data, please contact our data protection coordinators at email address info@bonafidesinvest.eu with the note DATA PROTECTION in the \u201cSubject\u201d.<\/span><\/p>\n<p><span style=\"color: #000000;\">Vi kommer att behandla dina f\u00f6rfr\u00e5gningar och \u00f6nskem\u00e5l utan on\u00f6digt dr\u00f6jsm\u00e5l och i enlighet med r\u00e4ttsliga skyldigheter, och vi kommer att informera dig om de \u00e5tg\u00e4rder vi har vidtagit.<\/span><\/p>\t\t\t\t\t\t\t\t<\/div>\n\t\t\t\t<\/div>\n\t\t\t\t\t<\/div>\n\t\t<\/div>\n\t\t\t\t\t<\/div>\n\t\t<\/section>\n\t\t\t\t<\/div>","protected":false},"excerpt":{"rendered":"<p>Personal data gathering and protection statement Your privacy is important to us. We want you to feel safe with us, and we act in accordance with that and the legal [&hellip;]<\/p>\n","protected":false},"author":1,"featured_media":0,"parent":0,"menu_order":0,"comment_status":"closed","ping_status":"closed","template":"","meta":{"footnotes":""},"class_list":["post-3","page","type-page","status-publish","hentry"],"wpcf_dashboard":"<div class=\"woocommerce\"><div class=\"woocommerce-info\">Please log in first? <a class=\"wpneoShowLogin\" href=\"#\">Click here to login<\/a><\/div><div class=\"wpneo_login_form_div\" style=\"display: none;\"><form name=\"loginform\" id=\"loginform\" action=\"https:\/\/bonafidesinvest.eu\/wp-login.php\" method=\"post\"><p class=\"login-username\">\n\t\t\t\t<label for=\"user_login\">Anv\u00e4ndarnamn eller e-postadress<\/label>\n\t\t\t\t<input type=\"text\" name=\"log\" id=\"user_login\" autocomplete=\"username\" class=\"input\" value=\"\" size=\"20\" \/>\n\t\t\t<\/p><p class=\"login-password\">\n\t\t\t\t<label for=\"user_pass\">L\u00f6senord<\/label>\n\t\t\t\t<input type=\"password\" name=\"pwd\" id=\"user_pass\" autocomplete=\"current-password\" spellcheck=\"false\" class=\"input\" value=\"\" size=\"20\" \/>\n\t\t\t<\/p><p class=\"login-remember\"><label><input name=\"rememberme\" type=\"checkbox\" id=\"rememberme\" value=\"forever\" \/> Kom ih\u00e5g mig<\/label><\/p><p class=\"login-submit\">\n\t\t\t\t<input type=\"submit\" name=\"wp-submit\" id=\"wp-submit\" class=\"button button-primary\" value=\"Logga in\" \/>\n\t\t\t\t<input type=\"hidden\" name=\"redirect_to\" value=\"https:\/\/bonafidesinvest.eu\/sv\/wp-json\/wp\/v2\/pages\/3\" \/>\n\t\t\t<\/p><\/form><\/div><\/div>","_links":{"self":[{"href":"https:\/\/bonafidesinvest.eu\/sv\/wp-json\/wp\/v2\/pages\/3","targetHints":{"allow":["GET"]}}],"collection":[{"href":"https:\/\/bonafidesinvest.eu\/sv\/wp-json\/wp\/v2\/pages"}],"about":[{"href":"https:\/\/bonafidesinvest.eu\/sv\/wp-json\/wp\/v2\/types\/page"}],"author":[{"embeddable":true,"href":"https:\/\/bonafidesinvest.eu\/sv\/wp-json\/wp\/v2\/users\/1"}],"replies":[{"embeddable":true,"href":"https:\/\/bonafidesinvest.eu\/sv\/wp-json\/wp\/v2\/comments?post=3"}],"version-history":[{"count":0,"href":"https:\/\/bonafidesinvest.eu\/sv\/wp-json\/wp\/v2\/pages\/3\/revisions"}],"wp:attachment":[{"href":"https:\/\/bonafidesinvest.eu\/sv\/wp-json\/wp\/v2\/media?parent=3"}],"curies":[{"name":"wp","href":"https:\/\/api.w.org\/{rel}","templated":true}]}}