{"id":2377,"date":"2023-04-03T01:30:00","date_gmt":"2023-04-03T01:30:00","guid":{"rendered":"https:\/\/bonafidesinvest.eu\/?page_id=2377"},"modified":"2023-05-01T19:03:39","modified_gmt":"2023-05-01T17:03:39","slug":"projekt","status":"publish","type":"page","link":"https:\/\/bonafidesinvest.eu\/sv\/projects\/","title":{"rendered":"Sidan Projekt"},"content":{"rendered":"<div data-elementor-type=\"wp-page\" data-elementor-id=\"2377\" class=\"elementor elementor-2377\">\n\t\t\t\t\t\t<section class=\"elementor-section elementor-top-section elementor-element elementor-element-93cec97 elementor-section-boxed elementor-section-height-default elementor-section-height-default\" data-id=\"93cec97\" data-element_type=\"section\" data-e-type=\"section\" data-settings=\"{&quot;background_background&quot;:&quot;classic&quot;}\">\n\t\t\t\t\t\t<div class=\"elementor-container elementor-column-gap-default\">\n\t\t\t\t\t<div class=\"elementor-column elementor-col-100 elementor-top-column elementor-element elementor-element-9018e15\" data-id=\"9018e15\" data-element_type=\"column\" data-e-type=\"column\">\n\t\t\t<div class=\"elementor-widget-wrap elementor-element-populated\">\n\t\t\t\t\t\t<div class=\"elementor-element elementor-element-93d4152 elementor-widget elementor-widget-gva-heading-block\" data-id=\"93d4152\" data-element_type=\"widget\" data-e-type=\"widget\" data-widget_type=\"gva-heading-block.default\">\n\t\t\t\t<div class=\"elementor-widget-container\">\n\t\t\t\t\t<div class=\"gva-element-gva-heading-block gva-element\">   <div class=\"align-center style-1 widget gsc-heading box-align-center auto-responsive\">\r\n      <div class=\"content-inner\">\r\n         \r\n         \r\n                     <div class=\"sub-title\">\r\n               <span class=\"tagline\">Popul\u00e4ra projekt<\/span>\r\n                                 <span class=\"shadow-text\">V\u00e5ra projekt<\/span>\r\n                  \r\n            <\/div>\r\n           \r\n         \r\n                     <h2 class=\"title\">\r\n               <span>Utforska v\u00e5ra projekt<\/span>\r\n            <\/h2>\r\n                  \r\n         \r\n      <\/div>\r\n   <\/div>\r\n<\/div>\t\t\t\t<\/div>\n\t\t\t\t<\/div>\n\t\t\t\t<div class=\"elementor-element elementor-element-ee8951d elementor-widget elementor-widget-gva-campaign\" data-id=\"ee8951d\" data-element_type=\"widget\" data-e-type=\"widget\" data-widget_type=\"gva-campaign.default\">\n\t\t\t\t<div class=\"elementor-widget-container\">\n\t\t\t\t\t<div class=\"gva-element-gva-campaign gva-element\">\r\n<div class=\"gsc-campaign layout-grid\">\r\n   <div class=\"gva-content-items\"> \r\n      <div class=\"lg-block-grid-3 md-block-grid-3 sm-block-grid-2 xs-block-grid-2 xx-block-grid-1\">\r\n         <div class=\"item-columns\"><div class=\"campaign-block\">\n   <div class=\"campaign-image\">\n      <a href=\"https:\/\/bonafidesinvest.eu\/sv\/campaign\/st-michael-the-archangel\/\" title=\"A Call to Spiritual Battle: For 11 Centuries of the Croatian Kingdom, 11 Magnificent Statues of St. Michael the Archangel\"> <img fetchpriority=\"high\" decoding=\"async\" width=\"600\" height=\"450\" src=\"https:\/\/bonafidesinvest.eu\/wp-content\/uploads\/2025\/07\/00620042w1-600x450.png\" class=\"attachment-post-thumbnail size-post-thumbnail\" alt=\"A Call to Spiritual Battle: For 11 Centuries of the Croatian Kingdom, 11 Magnificent Statues of St. Michael the Archangel\" \/><\/a>\n      <a href=\"https:\/\/bonafidesinvest.eu\/sv\/campaign\/st-michael-the-archangel\/\" class=\"overlay\"><\/a>\n      <div class=\"campaign_loved_html\">\n         <a href=\"javascript:;\" class=\"love_this_campaign\" data-campaign-id=\"15310\"><i class=\"wpneo-icon wpneo-icon-love-empty\"><\/i><\/a>      <\/div>\n      <div class=\"campaign-categories\">\n         <span class=\"posted_in\"><a href=\"https:\/\/bonafidesinvest.eu\/sv\/campaign-category\/church\/\" rel=\"tag\">Kyrkan<\/a><\/span>      <\/div>\n   <\/div>\n   <div class=\"campaign-content\">\n\n      <div class=\"campaign-title clearfix\">\n         <h4 class=\"title\">\n            <a href=\"https:\/\/bonafidesinvest.eu\/sv\/campaign\/st-michael-the-archangel\/ \">A Call to Spiritual Battle: For 11 Centuries of the Croatian Kingdom, 11 Magnificent Statues of St. Michael the Archangel<\/a>\n         <\/h4>\n      <\/div>\n      \n      <div class=\"campaign-raised clearfix\">\n         <div class=\"campaign-total_raised\">\n            <span class=\"label-raised\">Raised: <\/span>\n            <span class=\"value-raised\"><span class=\"woocommerce-Price-amount amount\"><bdi><span class=\"woocommerce-Price-currencySymbol\">\u20ac<\/span>192,010.00<\/bdi><\/span><\/span>\n         <\/div>\n         <div class=\"campaign-percent_raised\">83.48%<\/div>\n      <\/div>\n\n      <div class=\"campaign-progress clearfix\">\n         <div class=\"progress\">\n            <div class=\"progress-bar\" data-progress-animation=\"83.48%\">\n               <span class=\"percentage\"><span><\/span><\/span>\n            <\/div>\n         <\/div>\n      <\/div>   \n\n      <div class=\"campaign-goal\">\n         <span class=\"label-goal\">Goal:<\/span>\n         <span class=\"value-goal\"><span class=\"woocommerce-Price-amount amount\"><bdi><span class=\"woocommerce-Price-currencySymbol\">\u20ac<\/span>230,000.00<\/bdi><\/span><\/span>\n      <\/div>  \n\n      <div class=\"campaign-bottom\">\n         <div class=\"content-inner\">\n            <div class=\"camapign-time_remaining\">\n                   <div class=\"campaign-time-remaining\">\n                                <span class=\"info-value time-remaining-desc\">0<\/span>\n            \n                 \n                <span class=\"info-label time-remaining-name\">Dagar kvar<\/span>\n              \n\n            <\/div>\n            <\/div>\n            <div class=\"campaign-link\">\n               <a class=\"link-content\" href=\"https:\/\/bonafidesinvest.eu\/sv\/campaign\/st-michael-the-archangel\/ \">Explore<\/a>\n            <\/div>\n         <\/div>   \n      <\/div> \n   <\/div>   \n<\/div>   <\/div><div class=\"item-columns\"><div class=\"campaign-block\">\n   <div class=\"campaign-image\">\n      <a href=\"https:\/\/bonafidesinvest.eu\/sv\/campaign\/assist-for-top-shooters\/\" title=\"Assist for top \u2013 shooters\"> <img decoding=\"async\" width=\"600\" height=\"450\" src=\"https:\/\/bonafidesinvest.eu\/wp-content\/uploads\/2025\/03\/Assist-for-top-shooters-DrDishCTPlus-600x450.jpeg\" class=\"attachment-post-thumbnail size-post-thumbnail\" alt=\"Assist for top \u2013 shooters\" \/><\/a>\n      <a href=\"https:\/\/bonafidesinvest.eu\/sv\/campaign\/assist-for-top-shooters\/\" class=\"overlay\"><\/a>\n      <div class=\"campaign_loved_html\">\n         <a href=\"javascript:;\" class=\"love_this_campaign\" data-campaign-id=\"15026\"><i class=\"wpneo-icon wpneo-icon-love-empty\"><\/i><\/a>      <\/div>\n      <div class=\"campaign-categories\">\n         <span class=\"posted_in\"><a href=\"https:\/\/bonafidesinvest.eu\/sv\/campaign-category\/sport\/\" rel=\"tag\">Sport<\/a> | <a href=\"https:\/\/bonafidesinvest.eu\/sv\/campaign-category\/children\/\" rel=\"tag\">Barn och ungdomar<\/a><\/span>      <\/div>\n   <\/div>\n   <div class=\"campaign-content\">\n\n      <div class=\"campaign-title clearfix\">\n         <h4 class=\"title\">\n            <a href=\"https:\/\/bonafidesinvest.eu\/sv\/campaign\/assist-for-top-shooters\/ \">Assist for top \u2013 shooters<\/a>\n         <\/h4>\n      <\/div>\n      \n      <div class=\"campaign-raised clearfix\">\n         <div class=\"campaign-total_raised\">\n            <span class=\"label-raised\">Raised: <\/span>\n            <span class=\"value-raised\"><span class=\"woocommerce-Price-amount amount\"><bdi><span class=\"woocommerce-Price-currencySymbol\">\u20ac<\/span>8,170.00<\/bdi><\/span><\/span>\n         <\/div>\n         <div class=\"campaign-percent_raised\">102.13%<\/div>\n      <\/div>\n\n      <div class=\"campaign-progress clearfix\">\n         <div class=\"progress\">\n            <div class=\"progress-bar\" data-progress-animation=\"100%\">\n               <span class=\"percentage\"><span><\/span><\/span>\n            <\/div>\n         <\/div>\n      <\/div>   \n\n      <div class=\"campaign-goal\">\n         <span class=\"label-goal\">Goal:<\/span>\n         <span class=\"value-goal\"><span class=\"woocommerce-Price-amount amount\"><bdi><span class=\"woocommerce-Price-currencySymbol\">\u20ac<\/span>8,000.00<\/bdi><\/span><\/span>\n      <\/div>  \n\n      <div class=\"campaign-bottom\">\n         <div class=\"content-inner\">\n            <div class=\"camapign-time_remaining\">\n                   <div class=\"campaign-time-remaining\">\n                                <span class=\"info-value time-remaining-desc\">0<\/span>\n            \n                 \n                <span class=\"info-label time-remaining-name\">Dagar kvar<\/span>\n              \n\n            <\/div>\n            <\/div>\n            <div class=\"campaign-link\">\n               <a class=\"link-content\" href=\"https:\/\/bonafidesinvest.eu\/sv\/campaign\/assist-for-top-shooters\/ \">Explore<\/a>\n            <\/div>\n         <\/div>   \n      <\/div> \n   <\/div>   \n<\/div>   <\/div><div class=\"item-columns\"><div class=\"campaign-block\">\n   <div class=\"campaign-image\">\n      <a href=\"https:\/\/bonafidesinvest.eu\/sv\/campaign\/dodo-building-bridges-of-hope\/\" title=\"Building Bridges of Hope\"> <img decoding=\"async\" width=\"600\" height=\"450\" src=\"https:\/\/bonafidesinvest.eu\/wp-content\/uploads\/2025\/01\/2-Dodo-Child-ENg-1-600x450.jpeg\" class=\"attachment-post-thumbnail size-post-thumbnail\" alt=\"Building Bridges of Hope\" \/><\/a>\n      <a href=\"https:\/\/bonafidesinvest.eu\/sv\/campaign\/dodo-building-bridges-of-hope\/\" class=\"overlay\"><\/a>\n      <div class=\"campaign_loved_html\">\n         <a href=\"javascript:;\" class=\"love_this_campaign\" data-campaign-id=\"14887\"><i class=\"wpneo-icon wpneo-icon-love-empty\"><\/i><\/a>      <\/div>\n      <div class=\"campaign-categories\">\n         <span class=\"posted_in\"><a href=\"https:\/\/bonafidesinvest.eu\/sv\/campaign-category\/civil-sector\/\" rel=\"tag\">Den civila sektorn<\/a><\/span>      <\/div>\n   <\/div>\n   <div class=\"campaign-content\">\n\n      <div class=\"campaign-title clearfix\">\n         <h4 class=\"title\">\n            <a href=\"https:\/\/bonafidesinvest.eu\/sv\/campaign\/dodo-building-bridges-of-hope\/ \">Building Bridges of Hope<\/a>\n         <\/h4>\n      <\/div>\n      \n      <div class=\"campaign-raised clearfix\">\n         <div class=\"campaign-total_raised\">\n            <span class=\"label-raised\">Raised: <\/span>\n            <span class=\"value-raised\"><span class=\"woocommerce-Price-amount amount\"><bdi><span class=\"woocommerce-Price-currencySymbol\">\u20ac<\/span>6,575.00<\/bdi><\/span><\/span>\n         <\/div>\n         <div class=\"campaign-percent_raised\">5.48%<\/div>\n      <\/div>\n\n      <div class=\"campaign-progress clearfix\">\n         <div class=\"progress\">\n            <div class=\"progress-bar\" data-progress-animation=\"5.48%\">\n               <span class=\"percentage\"><span><\/span><\/span>\n            <\/div>\n         <\/div>\n      <\/div>   \n\n      <div class=\"campaign-goal\">\n         <span class=\"label-goal\">Goal:<\/span>\n         <span class=\"value-goal\"><span class=\"woocommerce-Price-amount amount\"><bdi><span class=\"woocommerce-Price-currencySymbol\">\u20ac<\/span>120,000.00<\/bdi><\/span><\/span>\n      <\/div>  \n\n      <div class=\"campaign-bottom\">\n         <div class=\"content-inner\">\n            <div class=\"camapign-time_remaining\">\n                   <div class=\"campaign-time-remaining\">\n                                <span class=\"info-value time-remaining-desc\">0<\/span>\n            \n                 \n                <span class=\"info-label time-remaining-name\">Dagar kvar<\/span>\n              \n\n            <\/div>\n            <\/div>\n            <div class=\"campaign-link\">\n               <a class=\"link-content\" href=\"https:\/\/bonafidesinvest.eu\/sv\/campaign\/dodo-building-bridges-of-hope\/ \">Explore<\/a>\n            <\/div>\n         <\/div>   \n      <\/div> \n   <\/div>   \n<\/div>   <\/div><div class=\"item-columns\"><div class=\"campaign-block\">\n   <div class=\"campaign-image\">\n      <a href=\"https:\/\/bonafidesinvest.eu\/sv\/campaign\/van-for-the-team\/\" title=\"Van for the Team\"> <img loading=\"lazy\" decoding=\"async\" width=\"600\" height=\"450\" src=\"https:\/\/bonafidesinvest.eu\/wp-content\/uploads\/2024\/12\/WhatsApp-Image-2024-11-27-at-18.20.26-600x450.jpeg\" class=\"attachment-post-thumbnail size-post-thumbnail\" alt=\"Van for the Team\" srcset=\"https:\/\/bonafidesinvest.eu\/wp-content\/uploads\/2024\/12\/WhatsApp-Image-2024-11-27-at-18.20.26-600x450.jpeg 600w, https:\/\/bonafidesinvest.eu\/wp-content\/uploads\/2024\/12\/WhatsApp-Image-2024-11-27-at-18.20.26-768x576.jpeg 768w, https:\/\/bonafidesinvest.eu\/wp-content\/uploads\/2024\/12\/WhatsApp-Image-2024-11-27-at-18.20.26-1024x768.jpeg 1024w, https:\/\/bonafidesinvest.eu\/wp-content\/uploads\/2024\/12\/WhatsApp-Image-2024-11-27-at-18.20.26-16x12.jpeg 16w, https:\/\/bonafidesinvest.eu\/wp-content\/uploads\/2024\/12\/WhatsApp-Image-2024-11-27-at-18.20.26.jpeg 1080w\" sizes=\"(max-width: 600px) 100vw, 600px\" \/><\/a>\n      <a href=\"https:\/\/bonafidesinvest.eu\/sv\/campaign\/van-for-the-team\/\" class=\"overlay\"><\/a>\n      <div class=\"campaign_loved_html\">\n         <a href=\"javascript:;\" class=\"love_this_campaign\" data-campaign-id=\"14845\"><i class=\"wpneo-icon wpneo-icon-love-empty\"><\/i><\/a>      <\/div>\n      <div class=\"campaign-categories\">\n         <span class=\"posted_in\"><a href=\"https:\/\/bonafidesinvest.eu\/sv\/campaign-category\/sport\/\" rel=\"tag\">Sport<\/a><\/span>      <\/div>\n   <\/div>\n   <div class=\"campaign-content\">\n\n      <div class=\"campaign-title clearfix\">\n         <h4 class=\"title\">\n            <a href=\"https:\/\/bonafidesinvest.eu\/sv\/campaign\/van-for-the-team\/ \">Van for the Team<\/a>\n         <\/h4>\n      <\/div>\n      \n      <div class=\"campaign-raised clearfix\">\n         <div class=\"campaign-total_raised\">\n            <span class=\"label-raised\">Raised: <\/span>\n            <span class=\"value-raised\"><span class=\"woocommerce-Price-amount amount\"><bdi><span class=\"woocommerce-Price-currencySymbol\">\u20ac<\/span>3,620.00<\/bdi><\/span><\/span>\n         <\/div>\n         <div class=\"campaign-percent_raised\">12.07%<\/div>\n      <\/div>\n\n      <div class=\"campaign-progress clearfix\">\n         <div class=\"progress\">\n            <div class=\"progress-bar\" data-progress-animation=\"12.07%\">\n               <span class=\"percentage\"><span><\/span><\/span>\n            <\/div>\n         <\/div>\n      <\/div>   \n\n      <div class=\"campaign-goal\">\n         <span class=\"label-goal\">Goal:<\/span>\n         <span class=\"value-goal\"><span class=\"woocommerce-Price-amount amount\"><bdi><span class=\"woocommerce-Price-currencySymbol\">\u20ac<\/span>30,000.00<\/bdi><\/span><\/span>\n      <\/div>  \n\n      <div class=\"campaign-bottom\">\n         <div class=\"content-inner\">\n            <div class=\"camapign-time_remaining\">\n                   <div class=\"campaign-time-remaining\">\n                                <span class=\"info-value time-remaining-desc\">0<\/span>\n            \n                 \n                <span class=\"info-label time-remaining-name\">Dagar kvar<\/span>\n              \n\n            <\/div>\n            <\/div>\n            <div class=\"campaign-link\">\n               <a class=\"link-content\" href=\"https:\/\/bonafidesinvest.eu\/sv\/campaign\/van-for-the-team\/ \">Explore<\/a>\n            <\/div>\n         <\/div>   \n      <\/div> \n   <\/div>   \n<\/div>   <\/div><div class=\"item-columns\"><div class=\"campaign-block\">\n   <div class=\"campaign-image\">\n      <a href=\"https:\/\/bonafidesinvest.eu\/sv\/campaign\/share-the-joy-of-one-tennis-dream\/\" title=\"Dela gl\u00e4djen \u00f6ver en tennisdr\u00f6m\"> <img loading=\"lazy\" decoding=\"async\" width=\"600\" height=\"450\" src=\"https:\/\/bonafidesinvest.eu\/wp-content\/uploads\/2024\/10\/Share-the-joy-of-one-tennis-dream-1-600x450.jpg\" class=\"attachment-post-thumbnail size-post-thumbnail\" alt=\"Dela gl\u00e4djen \u00f6ver en tennisdr\u00f6m\" \/><\/a>\n      <a href=\"https:\/\/bonafidesinvest.eu\/sv\/campaign\/share-the-joy-of-one-tennis-dream\/\" class=\"overlay\"><\/a>\n      <div class=\"campaign_loved_html\">\n         <a href=\"javascript:;\" class=\"love_this_campaign\" data-campaign-id=\"14223\"><i class=\"wpneo-icon wpneo-icon-love-empty\"><\/i><\/a>      <\/div>\n      <div class=\"campaign-categories\">\n         <span class=\"posted_in\"><a href=\"https:\/\/bonafidesinvest.eu\/sv\/campaign-category\/children\/\" rel=\"tag\">Barn och ungdomar<\/a> | <a href=\"https:\/\/bonafidesinvest.eu\/sv\/campaign-category\/sport\/\" rel=\"tag\">Sport<\/a><\/span>      <\/div>\n   <\/div>\n   <div class=\"campaign-content\">\n\n      <div class=\"campaign-title clearfix\">\n         <h4 class=\"title\">\n            <a href=\"https:\/\/bonafidesinvest.eu\/sv\/campaign\/share-the-joy-of-one-tennis-dream\/ \">Dela gl\u00e4djen \u00f6ver en tennisdr\u00f6m<\/a>\n         <\/h4>\n      <\/div>\n      \n      <div class=\"campaign-raised clearfix\">\n         <div class=\"campaign-total_raised\">\n            <span class=\"label-raised\">Raised: <\/span>\n            <span class=\"value-raised\"><span class=\"woocommerce-Price-amount amount\"><bdi><span class=\"woocommerce-Price-currencySymbol\">\u20ac<\/span>1,200.00<\/bdi><\/span><\/span>\n         <\/div>\n         <div class=\"campaign-percent_raised\">1.76%<\/div>\n      <\/div>\n\n      <div class=\"campaign-progress clearfix\">\n         <div class=\"progress\">\n            <div class=\"progress-bar\" data-progress-animation=\"1.76%\">\n               <span class=\"percentage\"><span><\/span><\/span>\n            <\/div>\n         <\/div>\n      <\/div>   \n\n      <div class=\"campaign-goal\">\n         <span class=\"label-goal\">Goal:<\/span>\n         <span class=\"value-goal\"><span class=\"woocommerce-Price-amount amount\"><bdi><span class=\"woocommerce-Price-currencySymbol\">\u20ac<\/span>68,120.00<\/bdi><\/span><\/span>\n      <\/div>  \n\n      <div class=\"campaign-bottom\">\n         <div class=\"content-inner\">\n            <div class=\"camapign-time_remaining\">\n                   <div class=\"campaign-time-remaining\">\n                                <span class=\"info-value time-remaining-desc\">0<\/span>\n            \n                 \n                <span class=\"info-label time-remaining-name\">Dagar kvar<\/span>\n              \n\n            <\/div>\n            <\/div>\n            <div class=\"campaign-link\">\n               <a class=\"link-content\" href=\"https:\/\/bonafidesinvest.eu\/sv\/campaign\/share-the-joy-of-one-tennis-dream\/ \">Explore<\/a>\n            <\/div>\n         <\/div>   \n      <\/div> \n   <\/div>   \n<\/div>   <\/div><div class=\"item-columns\"><div class=\"campaign-block\">\n   <div class=\"campaign-image\">\n      <a href=\"https:\/\/bonafidesinvest.eu\/sv\/campaign\/support-the-croatian-disc-golf-teams-journey-to-the-world-championships-in-australia\/\" title=\"Support the Croatian Disc Golf Team\u2019s journey to the World Championships in Australia!\"> <img loading=\"lazy\" decoding=\"async\" width=\"600\" height=\"450\" src=\"https:\/\/bonafidesinvest.eu\/wp-content\/uploads\/2024\/07\/Support-the-Croatian-Disc-Golf-Teams-Journey-to-the-World-Championships-in-Australia-_Team-Croatia12-600x450.jpeg\" class=\"attachment-post-thumbnail size-post-thumbnail\" alt=\"Support the Croatian Disc Golf Team\u2019s journey to the World Championships in Australia!\" \/><\/a>\n      <a href=\"https:\/\/bonafidesinvest.eu\/sv\/campaign\/support-the-croatian-disc-golf-teams-journey-to-the-world-championships-in-australia\/\" class=\"overlay\"><\/a>\n      <div class=\"campaign_loved_html\">\n         <a href=\"javascript:;\" class=\"love_this_campaign\" data-campaign-id=\"12982\"><i class=\"wpneo-icon wpneo-icon-love-empty\"><\/i><\/a>      <\/div>\n      <div class=\"campaign-categories\">\n         <span class=\"posted_in\"><a href=\"https:\/\/bonafidesinvest.eu\/sv\/campaign-category\/sport\/\" rel=\"tag\">Sport<\/a><\/span>      <\/div>\n   <\/div>\n   <div class=\"campaign-content\">\n\n      <div class=\"campaign-title clearfix\">\n         <h4 class=\"title\">\n            <a href=\"https:\/\/bonafidesinvest.eu\/sv\/campaign\/support-the-croatian-disc-golf-teams-journey-to-the-world-championships-in-australia\/ \">Support the Croatian Disc Golf Team\u2019s journey to the World Championships in Australia!<\/a>\n         <\/h4>\n      <\/div>\n      \n      <div class=\"campaign-raised clearfix\">\n         <div class=\"campaign-total_raised\">\n            <span class=\"label-raised\">Raised: <\/span>\n            <span class=\"value-raised\"><span class=\"woocommerce-Price-amount amount\"><bdi><span class=\"woocommerce-Price-currencySymbol\">\u20ac<\/span>3,542.00<\/bdi><\/span><\/span>\n         <\/div>\n         <div class=\"campaign-percent_raised\">23.61%<\/div>\n      <\/div>\n\n      <div class=\"campaign-progress clearfix\">\n         <div class=\"progress\">\n            <div class=\"progress-bar\" data-progress-animation=\"23.61%\">\n               <span class=\"percentage\"><span><\/span><\/span>\n            <\/div>\n         <\/div>\n      <\/div>   \n\n      <div class=\"campaign-goal\">\n         <span class=\"label-goal\">Goal:<\/span>\n         <span class=\"value-goal\"><span class=\"woocommerce-Price-amount amount\"><bdi><span class=\"woocommerce-Price-currencySymbol\">\u20ac<\/span>15,000.00<\/bdi><\/span><\/span>\n      <\/div>  \n\n      <div class=\"campaign-bottom\">\n         <div class=\"content-inner\">\n            <div class=\"camapign-time_remaining\">\n                   <div class=\"campaign-time-remaining\">\n                                <span class=\"info-value time-remaining-desc\">0<\/span>\n            \n                 \n                <span class=\"info-label time-remaining-name\">Dagar kvar<\/span>\n              \n\n            <\/div>\n            <\/div>\n            <div class=\"campaign-link\">\n               <a class=\"link-content\" href=\"https:\/\/bonafidesinvest.eu\/sv\/campaign\/support-the-croatian-disc-golf-teams-journey-to-the-world-championships-in-australia\/ \">Explore<\/a>\n            <\/div>\n         <\/div>   \n      <\/div> \n   <\/div>   \n<\/div>   <\/div>      <\/div>   \r\n   <\/div>   \r\n          <div class=\"pagination\">\r\n           <div class=\"column one pager_wrapper\"><div class=\"pager\"><div class=\"paginations\"><a href=\"https:\/\/bonafidesinvest.eu\/sv\/wp-json\/wp\/v2\/pages\/2377\/\" class=\"page-item active\">1<\/a><a href=\"https:\/\/bonafidesinvest.eu\/sv\/wp-json\/wp\/v2\/pages\/2377\/page\/2\/\" class=\"page-item\">2<\/a><a href=\"https:\/\/bonafidesinvest.eu\/sv\/wp-json\/wp\/v2\/pages\/2377\/page\/3\/\" class=\"page-item\">3<\/a><span class=\"page-item\">... <\/span><a href=\"https:\/\/bonafidesinvest.eu\/sv\/wp-json\/wp\/v2\/pages\/2377\/page\/5\/\" class=\"page-item\">5<\/a><a class=\"next_page\" href=\"https:\/\/bonafidesinvest.eu\/sv\/wp-json\/wp\/v2\/pages\/2377\/page\/2\/\"><i class=\"fas fa-chevron-right\"><\/i><\/a><\/div><\/div><\/div>\n       <\/div>\r\n   <\/div>\r\n<\/div>\t\t\t\t<\/div>\n\t\t\t\t<\/div>\n\t\t\t\t\t<\/div>\n\t\t<\/div>\n\t\t\t\t\t<\/div>\n\t\t<\/section>\n\t\t\t\t<\/div>","protected":false},"excerpt":{"rendered":"<p>Popular projects Our Projects Explore Our Projects Civic Sector Support the Canonization of Blessed Ivan Merz \u2013 Help Spread His Legacy Raised: &euro;0.00 (0.00 kn) 0% Goal: &euro;8,000.00 (60,276.00 kn) [&hellip;]<\/p>\n","protected":false},"author":1,"featured_media":0,"parent":0,"menu_order":0,"comment_status":"closed","ping_status":"closed","template":"","meta":{"footnotes":""},"class_list":["post-2377","page","type-page","status-publish","hentry"],"wpcf_dashboard":"<div class=\"woocommerce\"><div class=\"woocommerce-info\">Please log in first? <a class=\"wpneoShowLogin\" href=\"#\">Click here to login<\/a><\/div><div class=\"wpneo_login_form_div\" style=\"display: none;\"><form name=\"loginform\" id=\"loginform\" action=\"https:\/\/bonafidesinvest.eu\/wp-login.php\" method=\"post\"><p class=\"login-username\">\n\t\t\t\t<label for=\"user_login\">Anv\u00e4ndarnamn eller e-postadress<\/label>\n\t\t\t\t<input type=\"text\" name=\"log\" id=\"user_login\" autocomplete=\"username\" class=\"input\" value=\"\" size=\"20\" \/>\n\t\t\t<\/p><p class=\"login-password\">\n\t\t\t\t<label for=\"user_pass\">L\u00f6senord<\/label>\n\t\t\t\t<input type=\"password\" name=\"pwd\" id=\"user_pass\" autocomplete=\"current-password\" spellcheck=\"false\" class=\"input\" value=\"\" size=\"20\" \/>\n\t\t\t<\/p><p class=\"login-remember\"><label><input name=\"rememberme\" type=\"checkbox\" id=\"rememberme\" value=\"forever\" \/> Kom ih\u00e5g mig<\/label><\/p><p class=\"login-submit\">\n\t\t\t\t<input type=\"submit\" name=\"wp-submit\" id=\"wp-submit\" class=\"button button-primary\" value=\"Logga in\" \/>\n\t\t\t\t<input type=\"hidden\" name=\"redirect_to\" value=\"https:\/\/bonafidesinvest.eu\/sv\/wp-json\/wp\/v2\/pages\/2377\" \/>\n\t\t\t<\/p><\/form><\/div><\/div>","_links":{"self":[{"href":"https:\/\/bonafidesinvest.eu\/sv\/wp-json\/wp\/v2\/pages\/2377","targetHints":{"allow":["GET"]}}],"collection":[{"href":"https:\/\/bonafidesinvest.eu\/sv\/wp-json\/wp\/v2\/pages"}],"about":[{"href":"https:\/\/bonafidesinvest.eu\/sv\/wp-json\/wp\/v2\/types\/page"}],"author":[{"embeddable":true,"href":"https:\/\/bonafidesinvest.eu\/sv\/wp-json\/wp\/v2\/users\/1"}],"replies":[{"embeddable":true,"href":"https:\/\/bonafidesinvest.eu\/sv\/wp-json\/wp\/v2\/comments?post=2377"}],"version-history":[{"count":0,"href":"https:\/\/bonafidesinvest.eu\/sv\/wp-json\/wp\/v2\/pages\/2377\/revisions"}],"wp:attachment":[{"href":"https:\/\/bonafidesinvest.eu\/sv\/wp-json\/wp\/v2\/media?parent=2377"}],"curies":[{"name":"wp","href":"https:\/\/api.w.org\/{rel}","templated":true}]}}