{"id":7786,"date":"2024-02-13T17:27:54","date_gmt":"2024-02-13T15:27:54","guid":{"rendered":"https:\/\/bonafidesinvest.eu\/?page_id=7786"},"modified":"2024-03-16T03:16:28","modified_gmt":"2024-03-16T01:16:28","slug":"sporocila","status":"publish","type":"page","link":"https:\/\/bonafidesinvest.eu\/sl\/messages\/","title":{"rendered":"Sporo\u010dila"},"content":{"rendered":"<div data-elementor-type=\"wp-page\" data-elementor-id=\"7786\" class=\"elementor elementor-7786\">\n\t\t\t\t\t\t<section class=\"elementor-section elementor-top-section elementor-element elementor-element-44765eb elementor-section-boxed elementor-section-height-default elementor-section-height-default\" data-id=\"44765eb\" data-element_type=\"section\" data-e-type=\"section\">\n\t\t\t\t\t\t<div class=\"elementor-container elementor-column-gap-default\">\n\t\t\t\t\t<div class=\"elementor-column elementor-col-100 elementor-top-column elementor-element elementor-element-fa4bf63\" data-id=\"fa4bf63\" data-element_type=\"column\" data-e-type=\"column\">\n\t\t\t<div class=\"elementor-widget-wrap elementor-element-populated\">\n\t\t\t\t\t\t<div class=\"elementor-element elementor-element-6a1881a elementor-widget elementor-widget-text-editor\" data-id=\"6a1881a\" data-element_type=\"widget\" data-e-type=\"widget\" data-widget_type=\"text-editor.default\">\n\t\t\t\t<div class=\"elementor-widget-container\">\n\t\t\t\t\t\t\t\t\t<p><span style=\"color: #000000;\">Pozdravljeni iz Bona Fides Invest!<\/span><\/p><p><span style=\"color: #000000;\">Hvala za va\u0161e naro\u010dilo!<\/span><\/p><p><span style=\"color: #000000;\">Va\u0161e naro\u010dilo je zadr\u017eano, dokler ne potrdimo prejema pla\u010dila. Podatki o va\u0161em naro\u010dilu so prikazani spodaj:<\/span><\/p><h2>Podrobnosti o naro\u010dilu<\/h2><table border=\"0\" width=\"100%\" cellspacing=\"0\" cellpadding=\"0\"><tbody><tr><td align=\"left\" valign=\"middle\"><h3><em><span style=\"color: #000000;\">\u0160tevilka naro\u010dila:<\/span><\/em><\/h3><\/td><td align=\"right\" valign=\"middle\"><h3><span style=\"color: #000000;\"><em>Datum naro\u010dila:<\/em>\u00a0<\/span><\/h3><\/td><\/tr><\/tbody><\/table><div><div class=\"adm\"><div id=\"q_97\" class=\"ajR h4\" data-tooltip=\"Sakrivanje pro\u0161irenog sadr\u017eaja\" aria-label=\"Sakrivanje pro\u0161irenog sadr\u017eaja\" aria-expanded=\"true\"><div class=\"ajT\">\u00a0<\/div><\/div><\/div><div class=\"im\"><table border=\"0\" width=\"100%\" cellspacing=\"0\" cellpadding=\"6\"><thead><tr><th scope=\"col\" align=\"left\"><span style=\"color: #000000;\">Izdelek<\/span><\/th><th scope=\"col\" align=\"center\"><span style=\"color: #000000;\">Koli\u010dina<\/span><\/th><th scope=\"col\" align=\"right\"><span style=\"color: #000000;\">Cena<\/span><\/th><\/tr><\/thead><\/table><p><span style=\"color: #000000;\">Hvala za podporo!<\/span><\/p><p><span style=\"color: #000000;\">Va\u0161e pla\u010dilo je bilo registrirano<\/span><\/p><p style=\"text-align: justify;\"><span style=\"color: #000000;\">Obve\u0161\u010damo vas, da je pla\u010dilo uradno objavljeno na strani kampanje.\u00a0<\/span><\/p><p style=\"text-align: justify;\"><span style=\"color: #000000;\"><strong>Digitalna zahvala<\/strong><\/span><br \/><span style=\"color: #000000;\">Prenesete lahko digitalno zahvalno pismo\u00a0<a style=\"color: #000000;\" href=\"https:\/\/bonafidesinvest.eu\/sl\/digital-thank-you-cards\/?customize_changeset_uuid=c75dad4d-2a69-4b01-9395-da689ff3dd0d&amp;customize_autosaved=on&amp;customize_messenger_channel=preview-2\">tukaj<\/a>. Ko prenesete zahvalno pismo in vanj vpi\u0161ete ime, ga delite s prijatelji na dru\u017eabnih omre\u017ejih in jih tako spodbudite k podpori kampanje.<\/span><\/p><p style=\"text-align: justify;\"><span style=\"color: #000000;\">OPOMBA:<\/span><br \/><span style=\"color: #000000;\">Za namene ra\u010dunovodstva poslovnih subjektov zadostujeta ban\u010dni izpisek o pla\u010dilu in kopija tega e-po\u0161tnega sporo\u010dila kot potrdilo o prejemu donacije. Donatorji lahko dodatno prenesejo obrazec za potrditev donacije za poslovne subjekte\u00a0<a style=\"color: #000000;\" href=\"https:\/\/bonafidesinvest.eu\/sl\/donation-confirmation-form-for-business-entities\/?customize_changeset_uuid=c75dad4d-2a69-4b01-9395-da689ff3dd0d&amp;customize_autosaved=on&amp;customize_messenger_channel=preview-2\">tukaj<\/a>\u00a0in ga izpolnite osebno.<\/span><\/p><p style=\"text-align: justify;\"><span style=\"color: #000000;\">Dav\u010dno olaj\u0161avo lahko dobijo tako dr\u017eavljani kot podjetja. V ta namen je treba uporabiti ban\u010dni izpisek o pla\u010dilu in kopijo tega elektronskega sporo\u010dila kot potrdilo o prejemu donacije. Donatorji lahko dodatno prenesejo obrazec za potrditev donacije za fizi\u010dne osebe\u00a0<a style=\"color: #000000;\" href=\"https:\/\/bonafidesinvest.eu\/sl\/donation-confirmation-form-for-natural-persons\/?customize_changeset_uuid=c75dad4d-2a69-4b01-9395-da689ff3dd0d&amp;customize_autosaved=on&amp;customize_messenger_channel=preview-2\">tukaj<\/a>\u00a0in ga izpolnite osebno.<\/span><\/p><p><span style=\"color: #000000;\">Obra\u010dunski naslov<\/span><\/p><p><span style=\"color: #000000;\">Veselimo se, da bomo kmalu izpolnili va\u0161e naro\u010dilo.<\/span><\/p><p><span style=\"color: #000000;\">Znesek v hrva\u0161kih kunah (kn) se dobi s prera\u010dunom cene po fiksnem menjalnem te\u010daju \u010cNB:<br \/>1 EUR = 7,53450 HRK<\/span><\/p><p><span style=\"color: #000000;\">Va\u0161e naro\u010dilo je bilo prejeto in se zdaj obdeluje. Podatki o va\u0161em naro\u010dilu so prikazani spodaj:<\/span><\/p><p><span style=\"color: #000000;\">Hvala!<\/span><\/p><h2><span style=\"color: #000000;\">Izbrana nagrada<\/span><\/h2><ul><li><span style=\"color: #000000;\">Znesek:\u00a0<u><\/u><\/span><\/li><li><span style=\"color: #000000;\">Dostava: ,<\/span><\/li><li><span style=\"color: #000000;\">Podrobnosti o nagradi:\u00a0<\/span><\/li><\/ul><div><h3><span style=\"color: #000000;\">Dodatne informacije<\/span><\/h3><p><span style=\"color: #000000;\">Izberite, \u010de ne \u017eelite prejeti nagrade za donacijo: Da<\/span><\/p><\/div><\/div><\/div>\t\t\t\t\t\t\t\t<\/div>\n\t\t\t\t<\/div>\n\t\t\t\t\t<\/div>\n\t\t<\/div>\n\t\t\t\t\t<\/div>\n\t\t<\/section>\n\t\t\t\t<\/div>","protected":false},"excerpt":{"rendered":"<p>Hello from Bona Fides Invest! Thanks for your order! Your order is on-hold until we confirm payment has been received. Your order details are shown below for your reference: Order [&hellip;]<\/p>\n","protected":false},"author":1,"featured_media":0,"parent":0,"menu_order":0,"comment_status":"closed","ping_status":"closed","template":"","meta":{"footnotes":""},"class_list":["post-7786","page","type-page","status-publish","hentry"],"wpcf_dashboard":"<div class=\"woocommerce\"><div class=\"woocommerce-info\">Please log in first? <a class=\"wpneoShowLogin\" href=\"#\">Click here to login<\/a><\/div><div class=\"wpneo_login_form_div\" style=\"display: none;\"><form name=\"loginform\" id=\"loginform\" action=\"https:\/\/bonafidesinvest.eu\/wp-login.php\" method=\"post\"><p class=\"login-username\">\n\t\t\t\t<label for=\"user_login\">Uporabni\u0161ko ime ali e-po\u0161tni naslov<\/label>\n\t\t\t\t<input type=\"text\" name=\"log\" id=\"user_login\" autocomplete=\"username\" class=\"input\" value=\"\" size=\"20\" \/>\n\t\t\t<\/p><p class=\"login-password\">\n\t\t\t\t<label for=\"user_pass\">Geslo<\/label>\n\t\t\t\t<input type=\"password\" name=\"pwd\" id=\"user_pass\" autocomplete=\"current-password\" spellcheck=\"false\" class=\"input\" value=\"\" size=\"20\" \/>\n\t\t\t<\/p><p class=\"login-remember\"><label><input name=\"rememberme\" type=\"checkbox\" id=\"rememberme\" value=\"forever\" \/> Zapomni si me<\/label><\/p><p class=\"login-submit\">\n\t\t\t\t<input type=\"submit\" name=\"wp-submit\" id=\"wp-submit\" class=\"button button-primary\" value=\"Prijava\" \/>\n\t\t\t\t<input type=\"hidden\" name=\"redirect_to\" value=\"https:\/\/bonafidesinvest.eu\/sl\/wp-json\/wp\/v2\/pages\/7786\" \/>\n\t\t\t<\/p><\/form><\/div><\/div>","_links":{"self":[{"href":"https:\/\/bonafidesinvest.eu\/sl\/wp-json\/wp\/v2\/pages\/7786","targetHints":{"allow":["GET"]}}],"collection":[{"href":"https:\/\/bonafidesinvest.eu\/sl\/wp-json\/wp\/v2\/pages"}],"about":[{"href":"https:\/\/bonafidesinvest.eu\/sl\/wp-json\/wp\/v2\/types\/page"}],"author":[{"embeddable":true,"href":"https:\/\/bonafidesinvest.eu\/sl\/wp-json\/wp\/v2\/users\/1"}],"replies":[{"embeddable":true,"href":"https:\/\/bonafidesinvest.eu\/sl\/wp-json\/wp\/v2\/comments?post=7786"}],"version-history":[{"count":0,"href":"https:\/\/bonafidesinvest.eu\/sl\/wp-json\/wp\/v2\/pages\/7786\/revisions"}],"wp:attachment":[{"href":"https:\/\/bonafidesinvest.eu\/sl\/wp-json\/wp\/v2\/media?parent=7786"}],"curies":[{"name":"wp","href":"https:\/\/api.w.org\/{rel}","templated":true}]}}