{"id":3,"date":"2023-03-24T10:16:53","date_gmt":"2023-03-24T10:16:53","guid":{"rendered":"https:\/\/bonafidesinvest.eu\/?page_id=3"},"modified":"2023-04-04T01:52:30","modified_gmt":"2023-04-04T01:52:30","slug":"personal-data-gathering-and-protection-statement","status":"publish","type":"page","link":"https:\/\/bonafidesinvest.eu\/sl\/personal-data-gathering-and-protection-statement\/","title":{"rendered":"Izjava o zbiranju in varstvu osebnih podatkov"},"content":{"rendered":"<div data-elementor-type=\"wp-page\" data-elementor-id=\"3\" class=\"elementor elementor-3\">\n\t\t\t\t\t\t<section class=\"elementor-section elementor-top-section elementor-element elementor-element-656a14ac elementor-section-boxed elementor-section-height-default elementor-section-height-default\" data-id=\"656a14ac\" data-element_type=\"section\" data-e-type=\"section\">\n\t\t\t\t\t\t<div class=\"elementor-container elementor-column-gap-default\">\n\t\t\t\t\t<div class=\"elementor-column elementor-col-100 elementor-top-column elementor-element elementor-element-689a5e94\" data-id=\"689a5e94\" data-element_type=\"column\" data-e-type=\"column\">\n\t\t\t<div class=\"elementor-widget-wrap elementor-element-populated\">\n\t\t\t\t\t\t<div class=\"elementor-element elementor-element-13db662d elementor-widget elementor-widget-text-editor\" data-id=\"13db662d\" data-element_type=\"widget\" data-e-type=\"widget\" data-widget_type=\"text-editor.default\">\n\t\t\t\t<div class=\"elementor-widget-container\">\n\t\t\t\t\t\t\t\t\t<p><span style=\"color: #000000;\"><strong>Izjava o zbiranju in varstvu osebnih podatkov<\/strong><\/span><\/p>\n<p><span style=\"color: #000000;\">Va\u0161a zasebnost nam je pomembna. \u017delimo, da se pri nas po\u010dutite varno, zato ravnamo v skladu s tem in zakonskimi predpisi o varstvu osebnih podatkov.<\/span><\/p>\n<p><span style=\"color: #000000;\">V nadaljevanju vas obve\u0161\u010damo o namenih, za katere zbiramo in uporabljamo va\u0161e osebne podatke, ter o tem, kako lahko spremljate te postopke in uveljavljate svoje pravice.<\/span><\/p>\n<p><span style=\"color: #000000;\">Na\u0161i sistemi IT so za\u0161\u010diteni s tehni\u010dnimi in organizacijskimi ukrepi pred nepoobla\u0161\u010denim dostopom, spreminjanjem ali raz\u0161irjanjem va\u0161ih podatkov, pa tudi pred izgubo ali izbrisom.<\/span><\/p>\n<p><span style=\"color: #000000;\">Vsi podatki o uporabnikih so strogo varovani in so na voljo le zaposlenim, ki jih potrebujejo za opravljanje dela. Vsi na\u0161i zaposleni in poslovni partnerji so odgovorni za upo\u0161tevanje na\u010del varovanja zaupnosti.<\/span><\/p>\n<p><span style=\"color: #000000;\">Kot na\u0161 uporabnik imate pravico, da prejmete informacije o ravnanju z va\u0161imi osebnimi podatki in da vlo\u017eite zahteve za uveljavljanje svojih pravic.<\/span><\/p>\n<p><span style=\"color: #000000;\">Obdelavo osebnih podatkov izvaja:<\/span><br \/><span style=\"color: #000000;\">Center za socialne inovacije in trajnostni razvoj (CEDIOR)<\/span><br \/><span style=\"color: #000000;\">Ante Jak\u0161i\u0107a 10, 10 000 Zagreb, Hrva\u0161ka<\/span><br \/><span style=\"color: #000000;\">PIN: 12061569340<\/span><br \/><span style=\"color: #000000;\">+385 (0)98 611 467<\/span><br \/><span style=\"color: #000000;\">info@bonafidesinvest.eu<\/span><\/p>\n<p><span style=\"color: #000000;\"><strong>Nameni in pravna podlaga obdelave podatkov<\/strong><\/span><\/p>\n<p><span style=\"color: #000000;\">Va\u0161e osebne podatke uporabljamo izklju\u010dno za povezovanje vlagateljev in nosilcev projektov, poslovno korespondenco in po\u0161iljanje obvestil ter jih ne posredujemo ali uporabljamo v nepredvidene namene.<\/span><\/p>\n<p><span style=\"color: #000000;\"><strong>Podatki, ki jih zbiramo, lahko vsebujejo:<br \/><\/strong><\/span><\/p>\n<ul>\n<li><span style=\"color: #000000;\">Ime in priimek \/ ime podjetja;<\/span><\/li>\n<li><span style=\"color: #000000;\">Po\u0161tni naslov;<\/span><\/li>\n<li><span style=\"color: #000000;\">Elektronski naslov;<\/span><\/li>\n<li><span style=\"color: #000000;\">Mobilna \u0161tevilka ali \u0161tevilka stacionarnega telefona.<\/span><\/li>\n<\/ul>\n<p><span style=\"color: #000000;\"><strong>Obve\u0161\u010danje po e-po\u0161ti<\/strong><\/span><\/p>\n<p><span style=\"color: #000000;\">Za po\u0161iljanje novic, upravljanje seznamov prejemnikov in evidence odjav uporabljamo platformo Mailchimp, ki sprejema vse potrebne ukrepe za za\u0161\u010dito podatkov v skladu s predpisi o varstvu osebnih podatkov. Va\u0161a pravica je, da sprejmete ali zavrnete prejemanje na\u0161ih sporo\u010dil.<\/span><\/p>\n<p><span style=\"color: #000000;\"><strong>Pravice uporabnika<\/strong><\/span><\/p>\n<p><span style=\"color: #000000;\">Zagotavljamo vam naslednje pravice:<\/span><\/p>\n<ul>\n<li><span style=\"color: #000000;\">Pravica do dostopa (informacije o obsegu in vrsti) do va\u0161ih podatkov;<\/span><\/li>\n<li><span style=\"color: #000000;\">Pravica do popravka (nana\u0161a se na podatke, ki ste jih posredovali);<\/span><\/li>\n<li><span style=\"color: #000000;\">Pravica biti pozabljen;<\/span><\/li>\n<li><span style=\"color: #000000;\">Pravica do prito\u017ebe glede uporabe osebnih podatkov.<\/span><\/li>\n<\/ul>\n<p><span style=\"color: #000000;\"><strong>Pravica do dostopa<\/strong><\/span><\/p>\n<p><span style=\"color: #000000;\">Imate pravico do informacij o svojih osebnih podatkih, ki jih upravljamo in hranimo v spominu.<\/span><\/p>\n<p><span style=\"color: #000000;\"><strong>Pravica do popravka<\/strong><\/span><\/p>\n<p><span style=\"color: #000000;\">Imate pravico do popravka nepravilnih osebnih podatkov, ki se nana\u0161ajo na vas, kar bomo storili v 3 delovnih dneh.<\/span><\/p>\n<p><span style=\"color: #000000;\"><strong>Pravica do izbrisa (pravica biti pozabljen)<\/strong><\/span><\/p>\n<p><span style=\"color: #000000;\">Pravico imate, da brez nepotrebnega odla\u0161anja zahtevate anonimizacijo svojih osebnih podatkov, \u010de ne \u017eelite biti nadaljnji uporabnik storitev ali \u010de ne \u017eelite, da va\u0161e osebne podatke uporabljamo v navedene namene.<\/span><\/p>\n<p><span style=\"color: #000000;\"><strong>Pravica do ugovora zoper uporabo osebnih podatkov<\/strong><\/span><\/p>\n<p><span style=\"color: #000000;\">\u010ce obdelava va\u0161ih osebnih podatkov temelji na izpolnjevanju na\u0161ih zakonitih interesov, imate pravico kadar koli ugovarjati tak\u0161ni obdelavi osebnih podatkov, \u010de se obdelava nana\u0161a na va\u0161e podatke. \u010ce vlo\u017eite tak ugovor:<\/span><\/p>\n<ul>\n<li><span style=\"color: #000000;\">regarding notifications (\u201cnewsletter\u201d) \u2013 we will not use your personal data for this purpose;<\/span><\/li>\n<li><span style=\"color: #000000;\">related to other cases of legitimate interest \u2013 we will not further process your personal data for the purpose to which the complaint relates.<\/span><\/li>\n<\/ul>\n<p><span style=\"color: #000000;\"><strong>Pi\u0161kotki<\/strong><\/span><\/p>\n<p><span style=\"color: #000000;\">Na na\u0161em spletnem mestu uporabljamo ra\u010dunalni\u0161ke pi\u0161kotke, da omogo\u010dimo dolo\u010dene tehni\u010dne funkcije in vam olaj\u0161amo navigacijo po na\u0161em spletnem mestu.<\/span><\/p>\n<p><span style=\"color: #000000;\"><strong>Kako lahko uveljavljate svoje pravice<\/strong><\/span><\/p>\n<p><span style=\"color: #000000;\">For all questions and requests regarding your personal data, please contact our data protection coordinators at email address info@bonafidesinvest.eu with the note DATA PROTECTION in the \u201cSubject\u201d.<\/span><\/p>\n<p><span style=\"color: #000000;\">Va\u0161e poizvedbe in zahteve bomo obravnavali brez nepotrebnega odla\u0161anja in v skladu z zakonskimi obveznostmi, o sprejetih ukrepih pa vas bomo obvestili.<\/span><\/p>\t\t\t\t\t\t\t\t<\/div>\n\t\t\t\t<\/div>\n\t\t\t\t\t<\/div>\n\t\t<\/div>\n\t\t\t\t\t<\/div>\n\t\t<\/section>\n\t\t\t\t<\/div>","protected":false},"excerpt":{"rendered":"<p>Personal data gathering and protection statement Your privacy is important to us. We want you to feel safe with us, and we act in accordance with that and the legal [&hellip;]<\/p>\n","protected":false},"author":1,"featured_media":0,"parent":0,"menu_order":0,"comment_status":"closed","ping_status":"closed","template":"","meta":{"footnotes":""},"class_list":["post-3","page","type-page","status-publish","hentry"],"wpcf_dashboard":"<div class=\"woocommerce\"><div class=\"woocommerce-info\">Please log in first? <a class=\"wpneoShowLogin\" href=\"#\">Click here to login<\/a><\/div><div class=\"wpneo_login_form_div\" style=\"display: none;\"><form name=\"loginform\" id=\"loginform\" action=\"https:\/\/bonafidesinvest.eu\/wp-login.php\" method=\"post\"><p class=\"login-username\">\n\t\t\t\t<label for=\"user_login\">Uporabni\u0161ko ime ali e-po\u0161tni naslov<\/label>\n\t\t\t\t<input type=\"text\" name=\"log\" id=\"user_login\" autocomplete=\"username\" class=\"input\" value=\"\" size=\"20\" \/>\n\t\t\t<\/p><p class=\"login-password\">\n\t\t\t\t<label for=\"user_pass\">Geslo<\/label>\n\t\t\t\t<input type=\"password\" name=\"pwd\" id=\"user_pass\" autocomplete=\"current-password\" spellcheck=\"false\" class=\"input\" value=\"\" size=\"20\" \/>\n\t\t\t<\/p><p class=\"login-remember\"><label><input name=\"rememberme\" type=\"checkbox\" id=\"rememberme\" value=\"forever\" \/> Zapomni si me<\/label><\/p><p class=\"login-submit\">\n\t\t\t\t<input type=\"submit\" name=\"wp-submit\" id=\"wp-submit\" class=\"button button-primary\" value=\"Prijava\" \/>\n\t\t\t\t<input type=\"hidden\" name=\"redirect_to\" value=\"https:\/\/bonafidesinvest.eu\/sl\/wp-json\/wp\/v2\/pages\/3\" \/>\n\t\t\t<\/p><\/form><\/div><\/div>","_links":{"self":[{"href":"https:\/\/bonafidesinvest.eu\/sl\/wp-json\/wp\/v2\/pages\/3","targetHints":{"allow":["GET"]}}],"collection":[{"href":"https:\/\/bonafidesinvest.eu\/sl\/wp-json\/wp\/v2\/pages"}],"about":[{"href":"https:\/\/bonafidesinvest.eu\/sl\/wp-json\/wp\/v2\/types\/page"}],"author":[{"embeddable":true,"href":"https:\/\/bonafidesinvest.eu\/sl\/wp-json\/wp\/v2\/users\/1"}],"replies":[{"embeddable":true,"href":"https:\/\/bonafidesinvest.eu\/sl\/wp-json\/wp\/v2\/comments?post=3"}],"version-history":[{"count":0,"href":"https:\/\/bonafidesinvest.eu\/sl\/wp-json\/wp\/v2\/pages\/3\/revisions"}],"wp:attachment":[{"href":"https:\/\/bonafidesinvest.eu\/sl\/wp-json\/wp\/v2\/media?parent=3"}],"curies":[{"name":"wp","href":"https:\/\/api.w.org\/{rel}","templated":true}]}}