{"id":2132,"date":"2023-04-01T22:13:01","date_gmt":"2023-04-01T22:13:01","guid":{"rendered":"https:\/\/bonafidesinvest.eu\/?page_id=2132"},"modified":"2024-02-14T00:50:25","modified_gmt":"2024-02-13T22:50:25","slug":"oblikovanje-cen","status":"publish","type":"page","link":"https:\/\/bonafidesinvest.eu\/sl\/pricing\/","title":{"rendered":"Dolo\u010danje cen"},"content":{"rendered":"<div data-elementor-type=\"wp-page\" data-elementor-id=\"2132\" class=\"elementor elementor-2132\">\n\t\t\t\t\t\t<section class=\"elementor-section elementor-top-section elementor-element elementor-element-5cb4fba elementor-section-boxed elementor-section-height-default elementor-section-height-default\" data-id=\"5cb4fba\" data-element_type=\"section\" data-e-type=\"section\" data-settings=\"{&quot;background_background&quot;:&quot;classic&quot;}\">\n\t\t\t\t\t\t<div class=\"elementor-container elementor-column-gap-default\">\n\t\t\t\t\t<div class=\"elementor-column elementor-col-100 elementor-top-column elementor-element elementor-element-1a8af99\" data-id=\"1a8af99\" data-element_type=\"column\" data-e-type=\"column\">\n\t\t\t<div class=\"elementor-widget-wrap elementor-element-populated\">\n\t\t\t\t\t\t<div class=\"elementor-element elementor-element-9fece9b elementor-widget elementor-widget-gva-heading-block\" data-id=\"9fece9b\" data-element_type=\"widget\" data-e-type=\"widget\" data-widget_type=\"gva-heading-block.default\">\n\t\t\t\t<div class=\"elementor-widget-container\">\n\t\t\t\t\t<div class=\"gva-element-gva-heading-block gva-element\">   <div class=\"align-center style-1 widget gsc-heading box-align-left auto-responsive\">\r\n      <div class=\"content-inner\">\r\n         \r\n         \r\n                     <div class=\"sub-title\">\r\n               <span class=\"tagline\">Cenovni na\u010drt<\/span>\r\n                                 <span class=\"shadow-text\">Dolo\u010danje cen<\/span>\r\n                  \r\n            <\/div>\r\n           \r\n         \r\n                     <h2 class=\"title\">\r\n               <span>Izberite cenovni na\u010drt<\/span>\r\n            <\/h2>\r\n                  \r\n         \r\n      <\/div>\r\n   <\/div>\r\n<\/div>\t\t\t\t<\/div>\n\t\t\t\t<\/div>\n\t\t\t\t\t<\/div>\n\t\t<\/div>\n\t\t\t\t\t<\/div>\n\t\t<\/section>\n\t\t\t\t<section class=\"elementor-section elementor-top-section elementor-element elementor-element-24cce4d elementor-section-boxed elementor-section-height-default elementor-section-height-default\" data-id=\"24cce4d\" data-element_type=\"section\" data-e-type=\"section\" data-settings=\"{&quot;background_background&quot;:&quot;classic&quot;}\">\n\t\t\t\t\t\t<div class=\"elementor-container elementor-column-gap-default\">\n\t\t\t\t\t<div class=\"elementor-column elementor-col-33 elementor-top-column elementor-element elementor-element-6c55053\" data-id=\"6c55053\" data-element_type=\"column\" data-e-type=\"column\">\n\t\t\t<div class=\"elementor-widget-wrap elementor-element-populated\">\n\t\t\t\t\t\t<div class=\"elementor-element elementor-element-440bb81 elementor-widget elementor-widget-gva-pricing-block\" data-id=\"440bb81\" data-element_type=\"widget\" data-e-type=\"widget\" data-widget_type=\"gva-pricing-block.default\">\n\t\t\t\t<div class=\"elementor-widget-container\">\n\t\t\t\t\t<div class=\"gva-element-gva-pricing-block gva-element\">   \r\n<div class=\"widget gsc-pricing style-1 active-\">\r\n   <div class=\"content-inner\">\r\n\r\n      <div class=\"sub-title\">Izobra\u017eevanje s petimi zvezdicami<\/div>\r\n               <h3 class=\"title\">\r\n            <span>MODEL IZOBRA\u017dEVANJA<\/span>\r\n         <\/h3>\r\n      \r\n      <div class=\"plan-price\">\r\n         <div class=\"plan-price-inner clearfix\">\r\n            <span class=\"currency\">\u20ac<\/span>\r\n            <span class=\"price\">400<\/span>\r\n               \r\n         <\/div>\r\n      <\/div>\r\n\r\n      <div class=\"desc\">\u017delim pridobiti usposabljanje o mno\u017ei\u010dnem financiranju, ne da bi za\u010del kampanjo.<\/div>\r\n               <ul class=\"plan-list\">\r\n                           <li class=\"active\">\r\n                  <span class=\"text\">1 oseba<\/span>\r\n               <\/li>  \r\n                           <li class=\"active\">\r\n                  <span class=\"text\">Fizi\u010dno ali prek spleta<\/span>\r\n               <\/li>  \r\n                           <li class=\"active\">\r\n                  <span class=\"text\">Angle\u0161ki ali hrva\u0161ki jezik<\/span>\r\n               <\/li>  \r\n                           <li class=\"active\">\r\n                  <span class=\"text\">Izku\u0161eni predavatelji z dolgoletnimi izku\u0161njami v finan\u010dni industriji<\/span>\r\n               <\/li>  \r\n                           <li class=\"active\">\r\n                  <span class=\"text\">Certifikat Mednarodnega centra za mno\u017ei\u010dno financiranje (ICFC)<\/span>\r\n               <\/li>  \r\n                           <li class=\"active\">\r\n                  <span class=\"text\">Ve\u010djim skupinam priznamo popust. Kontaktirajte nas, \u010de \u017eelite pripraviti ponudbo po meri<\/span>\r\n               <\/li>  \r\n                           <li class=\"active\">\r\n                  <span class=\"text\">Organizatorji izobra\u017eevanj za ve\u010dje skupine udele\u017eencev prejmejo certifikat o dru\u017ebeni odgovornosti Certifikat o pismenosti na podro\u010dju mno\u017ei\u010dnega financiranja<\/span>\r\n               <\/li>  \r\n                     <\/ul>\r\n         \r\n\r\n\r\n               <div class=\"pricing-action\">\r\n            \t\t  <a href=\"https:\/\/bonafidesinvest.eu\/sl\/mnozicno-financiranje-izobrazevanja\/\" class=\"btn-theme\">\r\n\t\t\t <span>Ve\u010d o \u0161oli<\/span>\r\n\t\t  <\/a>\r\n\r\n\t\t           <\/div>\r\n         <\/div>\r\n<\/div>\r\n\r\n<div class=\"clearfix\"><\/div>\r\n\r\n<\/div>\t\t\t\t<\/div>\n\t\t\t\t<\/div>\n\t\t\t\t\t<\/div>\n\t\t<\/div>\n\t\t\t\t<div class=\"elementor-column elementor-col-33 elementor-top-column elementor-element elementor-element-af68d50\" data-id=\"af68d50\" data-element_type=\"column\" data-e-type=\"column\">\n\t\t\t<div class=\"elementor-widget-wrap elementor-element-populated\">\n\t\t\t\t\t\t<div class=\"elementor-element elementor-element-8698e0d elementor-widget elementor-widget-gva-pricing-block\" data-id=\"8698e0d\" data-element_type=\"widget\" data-e-type=\"widget\" data-widget_type=\"gva-pricing-block.default\">\n\t\t\t\t<div class=\"elementor-widget-container\">\n\t\t\t\t\t<div class=\"gva-element-gva-pricing-block gva-element\">   \r\n<div class=\"widget gsc-pricing style-1 active-yes\">\r\n   <div class=\"content-inner\">\r\n\r\n      <div class=\"sub-title\">NAJBOLJ\u0160I NAKUP<\/div>\r\n               <h3 class=\"title\">\r\n            <span>MODEL NAJBOLJ\u0160EGA PRODAJALCA<\/span>\r\n         <\/h3>\r\n      \r\n      <div class=\"plan-price\">\r\n         <div class=\"plan-price-inner clearfix\">\r\n            <span class=\"currency\">\u20ac<\/span>\r\n            <span class=\"price\">200 + 7%<\/span>\r\n               \r\n         <\/div>\r\n      <\/div>\r\n\r\n      <div class=\"desc\">\u017delim se izobra\u017eevati o mno\u017ei\u010dnem financiranju in za\u010deti kampanjo.<\/div>\r\n               <ul class=\"plan-list\">\r\n                           <li class=\"active\">\r\n                  <span class=\"text\">Za \u0161olo mno\u017ei\u010dnega financiranja je treba vnaprej pla\u010dati fiksni znesek 200 evrov.<\/span>\r\n               <\/li>  \r\n                           <li class=\"active\">\r\n                  <span class=\"text\">Izobra\u017eevanje za 2 \u010dlana ekipe<\/span>\r\n               <\/li>  \r\n                           <li class=\"active\">\r\n                  <span class=\"text\">Spremljamo va\u0161 napredek<\/span>\r\n               <\/li>  \r\n                           <li class=\"active\">\r\n                  <span class=\"text\">Kampanja se mora za\u010deti v enem letu.<\/span>\r\n               <\/li>  \r\n                           <li class=\"active\">\r\n                  <span class=\"text\">Ob koncu kampanje se pla\u010da spremenljiv znesek 7%.<\/span>\r\n               <\/li>  \r\n                           <li class=\"active\">\r\n                  <span class=\"text\">Poleg pristojbine 7% ni drugih pristojbin.<\/span>\r\n               <\/li>  \r\n                           <li class=\"active\">\r\n                  <span class=\"text\">Za izpla\u010dilo sredstev ne potrebujemo posrednika.<\/span>\r\n               <\/li>  \r\n                           <li class=\"active\">\r\n                  <span class=\"text\">\u010ce v prihodnosti za\u010dnete novo kampanjo, se fiksna pristojbina ne zara\u010duna.<\/span>\r\n               <\/li>  \r\n                     <\/ul>\r\n         \r\n\r\n\r\n               <div class=\"pricing-action\">\r\n            \t\t  <a href=\"https:\/\/bonafidesinvest.eu\/sl\/kontaktirajte\/\" class=\"btn-theme\">\r\n\t\t\t <span>Pi\u0161ite nam<\/span>\r\n\t\t  <\/a>\r\n\r\n\t\t           <\/div>\r\n         <\/div>\r\n<\/div>\r\n\r\n<div class=\"clearfix\"><\/div>\r\n\r\n<\/div>\t\t\t\t<\/div>\n\t\t\t\t<\/div>\n\t\t\t\t\t<\/div>\n\t\t<\/div>\n\t\t\t\t<div class=\"elementor-column elementor-col-33 elementor-top-column elementor-element elementor-element-0017ba5\" data-id=\"0017ba5\" data-element_type=\"column\" data-e-type=\"column\">\n\t\t\t<div class=\"elementor-widget-wrap elementor-element-populated\">\n\t\t\t\t\t\t<div class=\"elementor-element elementor-element-b6d77e6 elementor-widget elementor-widget-gva-pricing-block\" data-id=\"b6d77e6\" data-element_type=\"widget\" data-e-type=\"widget\" data-widget_type=\"gva-pricing-block.default\">\n\t\t\t\t<div class=\"elementor-widget-container\">\n\t\t\t\t\t<div class=\"gva-element-gva-pricing-block gva-element\">   \r\n<div class=\"widget gsc-pricing style-1 active-no\">\r\n   <div class=\"content-inner\">\r\n\r\n      <div class=\"sub-title\">Koren\u010dek in palica<\/div>\r\n               <h3 class=\"title\">\r\n            <span>MODEL IZZIVA<\/span>\r\n         <\/h3>\r\n      \r\n      <div class=\"plan-price\">\r\n         <div class=\"plan-price-inner clearfix\">\r\n            <span class=\"currency\">\u20ac<\/span>\r\n            <span class=\"price\">7-15%<\/span>\r\n                           <span class=\"interval\">\/ od skupnega zneska<\/span>\r\n               \r\n         <\/div>\r\n      <\/div>\r\n\r\n      <div class=\"desc\">\u017delim za\u010deti kampanjo, ne da bi se udele\u017eil usposabljanja o mno\u017ei\u010dnem financiranju.<\/div>\r\n               <ul class=\"plan-list\">\r\n                           <li class=\"active\">\r\n                  <span class=\"text\">\u010ce zberete do 20% ciljnega zneska, zna\u0161a pristojbina 15%.<\/span>\r\n               <\/li>  \r\n                           <li class=\"active\">\r\n                  <span class=\"text\">\u010ce zberete med 21% in 40% ciljnega zneska, zna\u0161a pristojbina 13%.<\/span>\r\n               <\/li>  \r\n                           <li class=\"active\">\r\n                  <span class=\"text\">\u010ce zberete med 41% in 60% ciljnega zneska, zna\u0161a pristojbina 11%.<\/span>\r\n               <\/li>  \r\n                           <li class=\"active\">\r\n                  <span class=\"text\">\u010ce zberete med 61% in 80% ciljnega zneska, zna\u0161a pristojbina 9%.<\/span>\r\n               <\/li>  \r\n                           <li class=\"active\">\r\n                  <span class=\"text\">\u010ce zberete ve\u010d kot 81% ciljnega zneska, je pristojbina 7%.<\/span>\r\n               <\/li>  \r\n                     <\/ul>\r\n         \r\n\r\n\r\n               <div class=\"pricing-action\">\r\n            \t\t  <a href=\"https:\/\/bonafidesinvest.eu\/sl\/kontaktirajte\/\" class=\"btn-theme\">\r\n\t\t\t <span>Pi\u0161ite nam <\/span>\r\n\t\t  <\/a>\r\n\r\n\t\t           <\/div>\r\n         <\/div>\r\n<\/div>\r\n\r\n<div class=\"clearfix\"><\/div>\r\n\r\n<\/div>\t\t\t\t<\/div>\n\t\t\t\t<\/div>\n\t\t\t\t\t<\/div>\n\t\t<\/div>\n\t\t\t\t\t<\/div>\n\t\t<\/section>\n\t\t\t\t<section class=\"elementor-section elementor-top-section elementor-element elementor-element-7f285b1 elementor-section-boxed elementor-section-height-default elementor-section-height-default\" data-id=\"7f285b1\" data-element_type=\"section\" data-e-type=\"section\" data-settings=\"{&quot;background_background&quot;:&quot;classic&quot;}\">\n\t\t\t\t\t\t<div class=\"elementor-container elementor-column-gap-default\">\n\t\t\t\t\t<div class=\"elementor-column elementor-col-50 elementor-top-column elementor-element elementor-element-8407a97\" data-id=\"8407a97\" data-element_type=\"column\" data-e-type=\"column\">\n\t\t\t<div class=\"elementor-widget-wrap elementor-element-populated\">\n\t\t\t\t\t\t<div class=\"elementor-element elementor-element-1d1c3dc elementor-widget elementor-widget-gva-heading-block\" data-id=\"1d1c3dc\" data-element_type=\"widget\" data-e-type=\"widget\" data-widget_type=\"gva-heading-block.default\">\n\t\t\t\t<div class=\"elementor-widget-container\">\n\t\t\t\t\t<div class=\"gva-element-gva-heading-block gva-element\">   <div class=\"align-left style-1 widget gsc-heading box-align-left auto-responsive\">\r\n      <div class=\"content-inner\">\r\n         \r\n         \r\n                     <div class=\"sub-title\">\r\n               <span class=\"tagline\">\u010ce \u017eelite, da za vas pripravimo in izvedemo kampanjo mno\u017ei\u010dnega financiranja po na\u010delu \"na klju\u010d\", se obrnite na nas, da vam pripravimo ponudbo po meri.<\/span>\r\n                                 <span class=\"shadow-text\">Model na klju\u010d<\/span>\r\n                  \r\n            <\/div>\r\n           \r\n         \r\n                     <h2 class=\"title\">\r\n               <span>Model na klju\u010d<\/span>\r\n            <\/h2>\r\n                  \r\n                     <div class=\"heading-action\">\r\n               \t\t  <a href=\"https:\/\/bonafidesinvest.eu\/sl\/kontaktirajte\/\" class=\"btn-cta btn-theme\">\r\n\t\t\t <span>Izhodi\u0161\u010dna cena je 5.000 evrov vnaprej + 17%<\/span>\r\n\t\t  <\/a>\r\n\r\n\t\t              <\/div>\r\n         \r\n      <\/div>\r\n   <\/div>\r\n<\/div>\t\t\t\t<\/div>\n\t\t\t\t<\/div>\n\t\t\t\t\t<\/div>\n\t\t<\/div>\n\t\t\t\t<div class=\"elementor-column elementor-col-50 elementor-top-column elementor-element elementor-element-41859fb\" data-id=\"41859fb\" data-element_type=\"column\" data-e-type=\"column\">\n\t\t\t<div class=\"elementor-widget-wrap elementor-element-populated\">\n\t\t\t\t\t\t<div class=\"elementor-element elementor-element-40fb823 elementor-widget__width-auto elementor-widget elementor-widget-html\" data-id=\"40fb823\" data-element_type=\"widget\" data-e-type=\"widget\" data-widget_type=\"html.default\">\n\t\t\t\t<div class=\"elementor-widget-container\">\n\t\t\t\t\t<a class=\"btn-border-white\" href=\"https:\/\/bonafidesinvest.eu\/sl\/kontaktirajte\/\">\n    Pi\u0161ite nam\n<\/a>\t\t\t\t<\/div>\n\t\t\t\t<\/div>\n\t\t\t\t\t<\/div>\n\t\t<\/div>\n\t\t\t\t\t<\/div>\n\t\t<\/section>\n\t\t\t\t<\/div>","protected":false},"excerpt":{"rendered":"<p>Pricing plan Pricing Choose pricing plan Five star rating education EDUCATION MODEL \u20ac 400 I want to get training on crowdfunding without starting a campaign. 1 person Physically or online [&hellip;]<\/p>\n","protected":false},"author":1,"featured_media":0,"parent":0,"menu_order":0,"comment_status":"closed","ping_status":"closed","template":"","meta":{"footnotes":""},"class_list":["post-2132","page","type-page","status-publish","hentry"],"wpcf_dashboard":"<div class=\"woocommerce\"><div class=\"woocommerce-info\">Please log in first? <a class=\"wpneoShowLogin\" href=\"#\">Click here to login<\/a><\/div><div class=\"wpneo_login_form_div\" style=\"display: none;\"><form name=\"loginform\" id=\"loginform\" action=\"https:\/\/bonafidesinvest.eu\/wp-login.php\" method=\"post\"><p class=\"login-username\">\n\t\t\t\t<label for=\"user_login\">Uporabni\u0161ko ime ali e-po\u0161tni naslov<\/label>\n\t\t\t\t<input type=\"text\" name=\"log\" id=\"user_login\" autocomplete=\"username\" class=\"input\" value=\"\" size=\"20\" \/>\n\t\t\t<\/p><p class=\"login-password\">\n\t\t\t\t<label for=\"user_pass\">Geslo<\/label>\n\t\t\t\t<input type=\"password\" name=\"pwd\" id=\"user_pass\" autocomplete=\"current-password\" spellcheck=\"false\" class=\"input\" value=\"\" size=\"20\" \/>\n\t\t\t<\/p><p class=\"login-remember\"><label><input name=\"rememberme\" type=\"checkbox\" id=\"rememberme\" value=\"forever\" \/> Zapomni si me<\/label><\/p><p class=\"login-submit\">\n\t\t\t\t<input type=\"submit\" name=\"wp-submit\" id=\"wp-submit\" class=\"button button-primary\" value=\"Prijava\" \/>\n\t\t\t\t<input type=\"hidden\" name=\"redirect_to\" value=\"https:\/\/bonafidesinvest.eu\/sl\/wp-json\/wp\/v2\/pages\/2132\" \/>\n\t\t\t<\/p><\/form><\/div><\/div>","_links":{"self":[{"href":"https:\/\/bonafidesinvest.eu\/sl\/wp-json\/wp\/v2\/pages\/2132","targetHints":{"allow":["GET"]}}],"collection":[{"href":"https:\/\/bonafidesinvest.eu\/sl\/wp-json\/wp\/v2\/pages"}],"about":[{"href":"https:\/\/bonafidesinvest.eu\/sl\/wp-json\/wp\/v2\/types\/page"}],"author":[{"embeddable":true,"href":"https:\/\/bonafidesinvest.eu\/sl\/wp-json\/wp\/v2\/users\/1"}],"replies":[{"embeddable":true,"href":"https:\/\/bonafidesinvest.eu\/sl\/wp-json\/wp\/v2\/comments?post=2132"}],"version-history":[{"count":0,"href":"https:\/\/bonafidesinvest.eu\/sl\/wp-json\/wp\/v2\/pages\/2132\/revisions"}],"wp:attachment":[{"href":"https:\/\/bonafidesinvest.eu\/sl\/wp-json\/wp\/v2\/media?parent=2132"}],"curies":[{"name":"wp","href":"https:\/\/api.w.org\/{rel}","templated":true}]}}