{"id":7786,"date":"2024-02-13T17:27:54","date_gmt":"2024-02-13T15:27:54","guid":{"rendered":"https:\/\/bonafidesinvest.eu\/?page_id=7786"},"modified":"2024-03-16T03:16:28","modified_gmt":"2024-03-16T01:16:28","slug":"spravy","status":"publish","type":"page","link":"https:\/\/bonafidesinvest.eu\/sk\/messages\/","title":{"rendered":"Spr\u00e1vy"},"content":{"rendered":"<div data-elementor-type=\"wp-page\" data-elementor-id=\"7786\" class=\"elementor elementor-7786\">\n\t\t\t\t\t\t<section class=\"elementor-section elementor-top-section elementor-element elementor-element-44765eb elementor-section-boxed elementor-section-height-default elementor-section-height-default\" data-id=\"44765eb\" data-element_type=\"section\" data-e-type=\"section\">\n\t\t\t\t\t\t<div class=\"elementor-container elementor-column-gap-default\">\n\t\t\t\t\t<div class=\"elementor-column elementor-col-100 elementor-top-column elementor-element elementor-element-fa4bf63\" data-id=\"fa4bf63\" data-element_type=\"column\" data-e-type=\"column\">\n\t\t\t<div class=\"elementor-widget-wrap elementor-element-populated\">\n\t\t\t\t\t\t<div class=\"elementor-element elementor-element-6a1881a elementor-widget elementor-widget-text-editor\" data-id=\"6a1881a\" data-element_type=\"widget\" data-e-type=\"widget\" data-widget_type=\"text-editor.default\">\n\t\t\t\t<div class=\"elementor-widget-container\">\n\t\t\t\t\t\t\t\t\t<p><span style=\"color: #000000;\">Dobr\u00fd de\u0148 z Bona Fides Invest!<\/span><\/p><p><span style=\"color: #000000;\">\u010eakujeme za va\u0161u objedn\u00e1vku!<\/span><\/p><p><span style=\"color: #000000;\">Va\u0161a objedn\u00e1vka je pozastaven\u00e1, k\u00fdm nepotvrd\u00edme prijatie platby. \u00dadaje o va\u0161ej objedn\u00e1vke s\u00fa uveden\u00e9 ni\u017e\u0161ie pre va\u0161u inform\u00e1ciu:<\/span><\/p><h2>Podrobnosti o objedn\u00e1vke<\/h2><table border=\"0\" width=\"100%\" cellspacing=\"0\" cellpadding=\"0\"><tbody><tr><td align=\"left\" valign=\"middle\"><h3><em><span style=\"color: #000000;\">Objedn\u00e1vacie \u010d\u00edslo:<\/span><\/em><\/h3><\/td><td align=\"right\" valign=\"middle\"><h3><span style=\"color: #000000;\"><em>D\u00e1tum objedn\u00e1vky:<\/em>\u00a0<\/span><\/h3><\/td><\/tr><\/tbody><\/table><div><div class=\"adm\"><div id=\"q_97\" class=\"ajR h4\" data-tooltip=\"Sakrivanje pro\u0161irenog sadr\u017eaja\" aria-label=\"Sakrivanje pro\u0161irenog sadr\u017eaja\" aria-expanded=\"true\"><div class=\"ajT\">\u00a0<\/div><\/div><\/div><div class=\"im\"><table border=\"0\" width=\"100%\" cellspacing=\"0\" cellpadding=\"6\"><thead><tr><th scope=\"col\" align=\"left\"><span style=\"color: #000000;\">Produkt<\/span><\/th><th scope=\"col\" align=\"center\"><span style=\"color: #000000;\">Mno\u017estvo<\/span><\/th><th scope=\"col\" align=\"right\"><span style=\"color: #000000;\">Cena<\/span><\/th><\/tr><\/thead><\/table><p><span style=\"color: #000000;\">\u010eakujeme za podporu!<\/span><\/p><p><span style=\"color: #000000;\">Va\u0161a platba bola zaregistrovan\u00e1<\/span><\/p><p style=\"text-align: justify;\"><span style=\"color: #000000;\">Radi by sme v\u00e1s informovali, \u017ee platba bola ofici\u00e1lne zaznamenan\u00e1 na str\u00e1nke kampane.\u00a0<\/span><\/p><p style=\"text-align: justify;\"><span style=\"color: #000000;\"><strong>Digit\u00e1lne po\u010fakovanie<\/strong><\/span><br \/><span style=\"color: #000000;\">Digit\u00e1lne po\u010fakovanie si m\u00f4\u017eete stiahnu\u0165\u00a0<a style=\"color: #000000;\" href=\"https:\/\/bonafidesinvest.eu\/sk\/digital-thank-you-cards\/?customize_changeset_uuid=c75dad4d-2a69-4b01-9395-da689ff3dd0d&amp;customize_autosaved=on&amp;customize_messenger_channel=preview-2\">tu<\/a>. Ke\u010f si stiahnete \u010fakovn\u00fd list a nap\u00ed\u0161ete do\u0148 meno, zdie\u013eajte ho na soci\u00e1lnych sie\u0165ach so svojimi priate\u013emi, aby ste ich povzbudili k podpore kampane.<\/span><\/p><p style=\"text-align: justify;\"><span style=\"color: #000000;\">POZN\u00c1MKA:<\/span><br \/><span style=\"color: #000000;\">Na \u00fa\u010dely \u00fa\u010dtovn\u00edctva podnikate\u013esk\u00fdch subjektov posta\u010duje bankov\u00fd v\u00fdpis o platbe a k\u00f3pia tohto e-mailu ako potvrdenie o prijat\u00ed daru. Darcovia si m\u00f4\u017eu dodato\u010dne stiahnu\u0165 formul\u00e1r na potvrdenie daru pre podnikate\u013esk\u00e9 subjekty\u00a0<a style=\"color: #000000;\" href=\"https:\/\/bonafidesinvest.eu\/sk\/donation-confirmation-form-for-business-entities\/?customize_changeset_uuid=c75dad4d-2a69-4b01-9395-da689ff3dd0d&amp;customize_autosaved=on&amp;customize_messenger_channel=preview-2\">tu<\/a>\u00a0a vypl\u0148te ho osobne.<\/span><\/p><p style=\"text-align: justify;\"><span style=\"color: #000000;\">Ob\u010dania m\u00f4\u017eu z\u00edska\u0165 odpo\u010det dane rovnako ako podniky. Na tento \u00fa\u010del je potrebn\u00e9 pou\u017ei\u0165 bankov\u00fd v\u00fdpis o platbe a k\u00f3piu tohto e-mailu ako potvrdenie o prijat\u00ed daru. Darcovia si m\u00f4\u017eu dodato\u010dne stiahnu\u0165 formul\u00e1r potvrdenia o darovan\u00ed pre fyzick\u00e9 osoby\u00a0<a style=\"color: #000000;\" href=\"https:\/\/bonafidesinvest.eu\/sk\/donation-confirmation-form-for-natural-persons\/?customize_changeset_uuid=c75dad4d-2a69-4b01-9395-da689ff3dd0d&amp;customize_autosaved=on&amp;customize_messenger_channel=preview-2\">tu<\/a>\u00a0a vypl\u0148te ho osobne.<\/span><\/p><p><span style=\"color: #000000;\">Faktura\u010dn\u00e1 adresa<\/span><\/p><p><span style=\"color: #000000;\">Te\u0161\u00edme sa, \u017ee va\u0161u objedn\u00e1vku \u010doskoro vybav\u00edme.<\/span><\/p><p><span style=\"color: #000000;\">Suma v chorv\u00e1tskych kun\u00e1ch (kn) sa z\u00edska prepo\u010dtom ceny pod\u013ea pevn\u00e9ho v\u00fdmenn\u00e9ho kurzu \u010cNB:<br \/>1 EUR = 7,53450 HRK<\/span><\/p><p><span style=\"color: #000000;\">Va\u0161a objedn\u00e1vka bola prijat\u00e1 a teraz sa spracov\u00e1va. \u00dadaje o va\u0161ej objedn\u00e1vke s\u00fa uveden\u00e9 ni\u017e\u0161ie:<\/span><\/p><p><span style=\"color: #000000;\">\u010eakujeme!<\/span><\/p><h2><span style=\"color: #000000;\">Vybran\u00e1 odmena<\/span><\/h2><ul><li><span style=\"color: #000000;\">Suma:\u00a0<u><\/u><\/span><\/li><li><span style=\"color: #000000;\">Dod\u00e1vka: ,<\/span><\/li><li><span style=\"color: #000000;\">Podrobnosti o odmene:\u00a0<\/span><\/li><\/ul><div><h3><span style=\"color: #000000;\">\u010eal\u0161ie inform\u00e1cie<\/span><\/h3><p><span style=\"color: #000000;\">Vyberte, ak si ne\u017eel\u00e1te odmenu spolu s darom: \u00c1no<\/span><\/p><\/div><\/div><\/div>\t\t\t\t\t\t\t\t<\/div>\n\t\t\t\t<\/div>\n\t\t\t\t\t<\/div>\n\t\t<\/div>\n\t\t\t\t\t<\/div>\n\t\t<\/section>\n\t\t\t\t<\/div>","protected":false},"excerpt":{"rendered":"<p>Hello from Bona Fides Invest! Thanks for your order! Your order is on-hold until we confirm payment has been received. Your order details are shown below for your reference: Order [&hellip;]<\/p>\n","protected":false},"author":1,"featured_media":0,"parent":0,"menu_order":0,"comment_status":"closed","ping_status":"closed","template":"","meta":{"footnotes":""},"class_list":["post-7786","page","type-page","status-publish","hentry"],"wpcf_dashboard":"<div class=\"woocommerce\"><div class=\"woocommerce-info\">Please log in first? <a class=\"wpneoShowLogin\" href=\"#\">Click here to login<\/a><\/div><div class=\"wpneo_login_form_div\" style=\"display: none;\"><form name=\"loginform\" id=\"loginform\" action=\"https:\/\/bonafidesinvest.eu\/wp-login.php\" method=\"post\"><p class=\"login-username\">\n\t\t\t\t<label for=\"user_login\">Prihlasovacie meno alebo e-mailov\u00e1 adresa<\/label>\n\t\t\t\t<input type=\"text\" name=\"log\" id=\"user_login\" autocomplete=\"username\" class=\"input\" value=\"\" size=\"20\" \/>\n\t\t\t<\/p><p class=\"login-password\">\n\t\t\t\t<label for=\"user_pass\">Heslo<\/label>\n\t\t\t\t<input type=\"password\" name=\"pwd\" id=\"user_pass\" autocomplete=\"current-password\" spellcheck=\"false\" class=\"input\" value=\"\" size=\"20\" \/>\n\t\t\t<\/p><p class=\"login-remember\"><label><input name=\"rememberme\" type=\"checkbox\" id=\"rememberme\" value=\"forever\" \/> Zapam\u00e4ta\u0165<\/label><\/p><p class=\"login-submit\">\n\t\t\t\t<input type=\"submit\" name=\"wp-submit\" id=\"wp-submit\" class=\"button button-primary\" value=\"Prihl\u00e1si\u0165 sa\" \/>\n\t\t\t\t<input type=\"hidden\" name=\"redirect_to\" value=\"https:\/\/bonafidesinvest.eu\/sk\/wp-json\/wp\/v2\/pages\/7786\" \/>\n\t\t\t<\/p><\/form><\/div><\/div>","_links":{"self":[{"href":"https:\/\/bonafidesinvest.eu\/sk\/wp-json\/wp\/v2\/pages\/7786","targetHints":{"allow":["GET"]}}],"collection":[{"href":"https:\/\/bonafidesinvest.eu\/sk\/wp-json\/wp\/v2\/pages"}],"about":[{"href":"https:\/\/bonafidesinvest.eu\/sk\/wp-json\/wp\/v2\/types\/page"}],"author":[{"embeddable":true,"href":"https:\/\/bonafidesinvest.eu\/sk\/wp-json\/wp\/v2\/users\/1"}],"replies":[{"embeddable":true,"href":"https:\/\/bonafidesinvest.eu\/sk\/wp-json\/wp\/v2\/comments?post=7786"}],"version-history":[{"count":0,"href":"https:\/\/bonafidesinvest.eu\/sk\/wp-json\/wp\/v2\/pages\/7786\/revisions"}],"wp:attachment":[{"href":"https:\/\/bonafidesinvest.eu\/sk\/wp-json\/wp\/v2\/media?parent=7786"}],"curies":[{"name":"wp","href":"https:\/\/api.w.org\/{rel}","templated":true}]}}