{"id":3,"date":"2023-03-24T10:16:53","date_gmt":"2023-03-24T10:16:53","guid":{"rendered":"https:\/\/bonafidesinvest.eu\/?page_id=3"},"modified":"2023-04-04T01:52:30","modified_gmt":"2023-04-04T01:52:30","slug":"personal-data-gathering-and-protection-statement","status":"publish","type":"page","link":"https:\/\/bonafidesinvest.eu\/sk\/personal-data-gathering-and-protection-statement\/","title":{"rendered":"Vyhl\u00e1senie o zhroma\u017e\u010fovan\u00ed a ochrane osobn\u00fdch \u00fadajov"},"content":{"rendered":"<div data-elementor-type=\"wp-page\" data-elementor-id=\"3\" class=\"elementor elementor-3\">\n\t\t\t\t\t\t<section class=\"elementor-section elementor-top-section elementor-element elementor-element-656a14ac elementor-section-boxed elementor-section-height-default elementor-section-height-default\" data-id=\"656a14ac\" data-element_type=\"section\" data-e-type=\"section\">\n\t\t\t\t\t\t<div class=\"elementor-container elementor-column-gap-default\">\n\t\t\t\t\t<div class=\"elementor-column elementor-col-100 elementor-top-column elementor-element elementor-element-689a5e94\" data-id=\"689a5e94\" data-element_type=\"column\" data-e-type=\"column\">\n\t\t\t<div class=\"elementor-widget-wrap elementor-element-populated\">\n\t\t\t\t\t\t<div class=\"elementor-element elementor-element-13db662d elementor-widget elementor-widget-text-editor\" data-id=\"13db662d\" data-element_type=\"widget\" data-e-type=\"widget\" data-widget_type=\"text-editor.default\">\n\t\t\t\t<div class=\"elementor-widget-container\">\n\t\t\t\t\t\t\t\t\t<p><span style=\"color: #000000;\"><strong>Vyhl\u00e1senie o zhroma\u017e\u010fovan\u00ed a ochrane osobn\u00fdch \u00fadajov<\/strong><\/span><\/p>\n<p><span style=\"color: #000000;\">Va\u0161e s\u00fakromie je pre n\u00e1s d\u00f4le\u017eit\u00e9. Chceme, aby ste sa u n\u00e1s c\u00edtili bezpe\u010dne, a kon\u00e1me v s\u00falade s t\u00fdm a s pr\u00e1vnymi predpismi o ochrane osobn\u00fdch \u00fadajov.<\/span><\/p>\n<p><span style=\"color: #000000;\">V nasleduj\u00facom texte v\u00e1s informujeme o \u00fa\u010deloch, na ktor\u00e9 zhroma\u017e\u010fujeme a pou\u017e\u00edvame va\u0161e osobn\u00e9 \u00fadaje, a o tom, ako m\u00f4\u017eete tieto postupy sledova\u0165 a uplat\u0148ova\u0165 svoje pr\u00e1va.<\/span><\/p>\n<p><span style=\"color: #000000;\">Na\u0161e IT syst\u00e9my s\u00fa chr\u00e1nen\u00e9 technick\u00fdmi a organiza\u010dn\u00fdmi opatreniami proti neopr\u00e1vnen\u00e9mu pr\u00edstupu, zmene alebo \u0161\u00edreniu va\u0161ich \u00fadajov, ako aj proti ich strate alebo vymazaniu.<\/span><\/p>\n<p><span style=\"color: #000000;\">V\u0161etky inform\u00e1cie o pou\u017e\u00edvate\u013eoch s\u00fa pr\u00edsne str\u00e1\u017een\u00e9 a s\u00fa k dispoz\u00edcii len zamestnancom, ktor\u00ed ich potrebuj\u00fa na vykonanie pr\u00e1ce. V\u0161etci na\u0161i zamestnanci a obchodn\u00ed partneri s\u00fa zodpovedn\u00ed za dodr\u017eiavanie z\u00e1sad ochrany d\u00f4vern\u00fdch inform\u00e1ci\u00ed.<\/span><\/p>\n<p><span style=\"color: #000000;\">Ako n\u00e1\u0161 pou\u017e\u00edvate\u013e m\u00e1te pr\u00e1vo dost\u00e1va\u0165 inform\u00e1cie o spracovan\u00ed va\u0161ich osobn\u00fdch \u00fadajov a pod\u00e1va\u0165 \u017eiadosti o uplatnenie svojich pr\u00e1v.<\/span><\/p>\n<p><span style=\"color: #000000;\">Spracovanie osobn\u00fdch \u00fadajov vykon\u00e1va:<\/span><br \/><span style=\"color: #000000;\">Centrum pre soci\u00e1lne inov\u00e1cie a udr\u017eate\u013en\u00fd rozvoj (CEDIOR)<\/span><br \/><span style=\"color: #000000;\">Ante Jak\u0161i\u0107a 10, 10 000 Z\u00e1hreb, Chorv\u00e1tsko<\/span><br \/><span style=\"color: #000000;\">PIN: 12061569340<\/span><br \/><span style=\"color: #000000;\">+385 (0)98 611 467<\/span><br \/><span style=\"color: #000000;\">info@bonafidesinvest.eu<\/span><\/p>\n<p><span style=\"color: #000000;\"><strong>\u00da\u010dely a pr\u00e1vny z\u00e1klad spracovania \u00fadajov<\/strong><\/span><\/p>\n<p><span style=\"color: #000000;\">Va\u0161e osobn\u00e9 \u00fadaje pou\u017e\u00edvame v\u00fdlu\u010dne na \u00fa\u010dely prepojenia investorov a dr\u017eite\u013eov projektov, obchodnej kore\u0161pondencie a zasielania ozn\u00e1men\u00ed a neposkytujeme ich \u010falej ani ich nepou\u017e\u00edvame na nepredv\u00eddan\u00e9 \u00fa\u010dely.<\/span><\/p>\n<p><span style=\"color: #000000;\"><strong>\u00dadaje, ktor\u00e9 zhroma\u017e\u010fujeme, m\u00f4\u017eu obsahova\u0165:<br \/><\/strong><\/span><\/p>\n<ul>\n<li><span style=\"color: #000000;\">Meno a priezvisko \/ n\u00e1zov spolo\u010dnosti;<\/span><\/li>\n<li><span style=\"color: #000000;\">Po\u0161tov\u00e1 adresa;<\/span><\/li>\n<li><span style=\"color: #000000;\">E-mailov\u00e1 adresa;<\/span><\/li>\n<li><span style=\"color: #000000;\">\u010c\u00edslo mobiln\u00e9ho telef\u00f3nu alebo \u010d\u00edslo pevnej linky.<\/span><\/li>\n<\/ul>\n<p><span style=\"color: #000000;\"><strong>Ozn\u00e1menie e-mailom<\/strong><\/span><\/p>\n<p><span style=\"color: #000000;\">Na doru\u010dovanie informa\u010dn\u00fdch bulletinov, ako aj na spr\u00e1vu zoznamov pr\u00edjemcov a z\u00e1znamov o odhl\u00e1sen\u00ed pou\u017e\u00edvame platformu Mailchimp a prij\u00edmame v\u0161etky potrebn\u00e9 opatrenia na ochranu \u00fadajov v s\u00falade s predpismi o ochrane osobn\u00fdch \u00fadajov. Je va\u0161\u00edm pr\u00e1vom prija\u0165 alebo odmietnu\u0165 zasielanie na\u0161ich spr\u00e1v.<\/span><\/p>\n<p><span style=\"color: #000000;\"><strong>Pr\u00e1va pou\u017e\u00edvate\u013ea<\/strong><\/span><\/p>\n<p><span style=\"color: #000000;\">Zaru\u010dujeme v\u00e1m nasleduj\u00face pr\u00e1va:<\/span><\/p>\n<ul>\n<li><span style=\"color: #000000;\">Pr\u00e1vo na pr\u00edstup (inform\u00e1cie o rozsahu a type) k va\u0161im \u00fadajom;<\/span><\/li>\n<li><span style=\"color: #000000;\">Pr\u00e1vo na opravu (t\u00fdka sa vami poskytnut\u00fdch inform\u00e1ci\u00ed);<\/span><\/li>\n<li><span style=\"color: #000000;\">Pr\u00e1vo by\u0165 zabudnut\u00fd;<\/span><\/li>\n<li><span style=\"color: #000000;\">Pr\u00e1vo poda\u0165 s\u0165a\u017enos\u0165 na pou\u017e\u00edvanie osobn\u00fdch \u00fadajov.<\/span><\/li>\n<\/ul>\n<p><span style=\"color: #000000;\"><strong>Pr\u00e1vo na pr\u00edstup<\/strong><\/span><\/p>\n<p><span style=\"color: #000000;\">M\u00e1te pr\u00e1vo na inform\u00e1cie o svojich osobn\u00fdch \u00fadajoch, ktor\u00e9 spravujeme a uchov\u00e1vame v pam\u00e4ti.<\/span><\/p>\n<p><span style=\"color: #000000;\"><strong>Pr\u00e1vo na opravu<\/strong><\/span><\/p>\n<p><span style=\"color: #000000;\">M\u00e1te pr\u00e1vo na opravu nespr\u00e1vnych osobn\u00fdch \u00fadajov, ktor\u00e9 sa v\u00e1s t\u00fdkaj\u00fa, \u010do urob\u00edme do 3 pracovn\u00fdch dn\u00ed.<\/span><\/p>\n<p><span style=\"color: #000000;\"><strong>Pr\u00e1vo na vymazanie (pr\u00e1vo by\u0165 zabudnut\u00fd)<\/strong><\/span><\/p>\n<p><span style=\"color: #000000;\">M\u00e1te pr\u00e1vo bez zbyto\u010dn\u00e9ho odkladu dosiahnu\u0165 anonymiz\u00e1ciu svojich osobn\u00fdch \u00fadajov, ak nechcete by\u0165 \u010fal\u0161\u00edm pou\u017e\u00edvate\u013eom slu\u017eieb alebo ak nechcete, aby sme va\u0161e osobn\u00e9 \u00fadaje pou\u017e\u00edvali na uveden\u00e9 \u00fa\u010dely.<\/span><\/p>\n<p><span style=\"color: #000000;\"><strong>Pr\u00e1vo namieta\u0165 proti pou\u017e\u00edvaniu osobn\u00fdch \u00fadajov<\/strong><\/span><\/p>\n<p><span style=\"color: #000000;\">Ak je spracovanie va\u0161ich osobn\u00fdch \u00fadajov zalo\u017een\u00e9 na plnen\u00ed na\u0161ich opr\u00e1vnen\u00fdch z\u00e1ujmov, m\u00e1te pr\u00e1vo kedyko\u013evek namieta\u0165 proti tak\u00e9muto spracovaniu osobn\u00fdch \u00fadajov v rozsahu, v akom sa spracovanie t\u00fdka va\u0161ich \u00fadajov. Ak pod\u00e1te tak\u00fato n\u00e1mietku:<\/span><\/p>\n<ul>\n<li><span style=\"color: #000000;\">regarding notifications (\u201cnewsletter\u201d) \u2013 we will not use your personal data for this purpose;<\/span><\/li>\n<li><span style=\"color: #000000;\">related to other cases of legitimate interest \u2013 we will not further process your personal data for the purpose to which the complaint relates.<\/span><\/li>\n<\/ul>\n<p><span style=\"color: #000000;\"><strong>Cookies<\/strong><\/span><\/p>\n<p><span style=\"color: #000000;\">Na na\u0161ej webovej lokalite pou\u017e\u00edvame po\u010d\u00edta\u010dov\u00e9 s\u00fabory cookie, aby sme umo\u017enili ur\u010dit\u00e9 technick\u00e9 funkcie a u\u013eah\u010dili v\u00e1m navig\u00e1ciu na na\u0161ej webovej lokalite.<\/span><\/p>\n<p><span style=\"color: #000000;\"><strong>Ako m\u00f4\u017eete uplatni\u0165 svoje pr\u00e1va<\/strong><\/span><\/p>\n<p><span style=\"color: #000000;\">For all questions and requests regarding your personal data, please contact our data protection coordinators at email address info@bonafidesinvest.eu with the note DATA PROTECTION in the \u201cSubject\u201d.<\/span><\/p>\n<p><span style=\"color: #000000;\">Va\u0161e ot\u00e1zky a \u017eiadosti spracujeme bez zbyto\u010dn\u00e9ho odkladu a v s\u00falade so z\u00e1konn\u00fdmi povinnos\u0165ami a budeme v\u00e1s informova\u0165 o prijat\u00fdch opatreniach.<\/span><\/p>\t\t\t\t\t\t\t\t<\/div>\n\t\t\t\t<\/div>\n\t\t\t\t\t<\/div>\n\t\t<\/div>\n\t\t\t\t\t<\/div>\n\t\t<\/section>\n\t\t\t\t<\/div>","protected":false},"excerpt":{"rendered":"<p>Personal data gathering and protection statement Your privacy is important to us. We want you to feel safe with us, and we act in accordance with that and the legal [&hellip;]<\/p>\n","protected":false},"author":1,"featured_media":0,"parent":0,"menu_order":0,"comment_status":"closed","ping_status":"closed","template":"","meta":{"footnotes":""},"class_list":["post-3","page","type-page","status-publish","hentry"],"wpcf_dashboard":"<div class=\"woocommerce\"><div class=\"woocommerce-info\">Please log in first? <a class=\"wpneoShowLogin\" href=\"#\">Click here to login<\/a><\/div><div class=\"wpneo_login_form_div\" style=\"display: none;\"><form name=\"loginform\" id=\"loginform\" action=\"https:\/\/bonafidesinvest.eu\/wp-login.php\" method=\"post\"><p class=\"login-username\">\n\t\t\t\t<label for=\"user_login\">Prihlasovacie meno alebo e-mailov\u00e1 adresa<\/label>\n\t\t\t\t<input type=\"text\" name=\"log\" id=\"user_login\" autocomplete=\"username\" class=\"input\" value=\"\" size=\"20\" \/>\n\t\t\t<\/p><p class=\"login-password\">\n\t\t\t\t<label for=\"user_pass\">Heslo<\/label>\n\t\t\t\t<input type=\"password\" name=\"pwd\" id=\"user_pass\" autocomplete=\"current-password\" spellcheck=\"false\" class=\"input\" value=\"\" size=\"20\" \/>\n\t\t\t<\/p><p class=\"login-remember\"><label><input name=\"rememberme\" type=\"checkbox\" id=\"rememberme\" value=\"forever\" \/> Zapam\u00e4ta\u0165<\/label><\/p><p class=\"login-submit\">\n\t\t\t\t<input type=\"submit\" name=\"wp-submit\" id=\"wp-submit\" class=\"button button-primary\" value=\"Prihl\u00e1si\u0165 sa\" \/>\n\t\t\t\t<input type=\"hidden\" name=\"redirect_to\" value=\"https:\/\/bonafidesinvest.eu\/sk\/wp-json\/wp\/v2\/pages\/3\" \/>\n\t\t\t<\/p><\/form><\/div><\/div>","_links":{"self":[{"href":"https:\/\/bonafidesinvest.eu\/sk\/wp-json\/wp\/v2\/pages\/3","targetHints":{"allow":["GET"]}}],"collection":[{"href":"https:\/\/bonafidesinvest.eu\/sk\/wp-json\/wp\/v2\/pages"}],"about":[{"href":"https:\/\/bonafidesinvest.eu\/sk\/wp-json\/wp\/v2\/types\/page"}],"author":[{"embeddable":true,"href":"https:\/\/bonafidesinvest.eu\/sk\/wp-json\/wp\/v2\/users\/1"}],"replies":[{"embeddable":true,"href":"https:\/\/bonafidesinvest.eu\/sk\/wp-json\/wp\/v2\/comments?post=3"}],"version-history":[{"count":0,"href":"https:\/\/bonafidesinvest.eu\/sk\/wp-json\/wp\/v2\/pages\/3\/revisions"}],"wp:attachment":[{"href":"https:\/\/bonafidesinvest.eu\/sk\/wp-json\/wp\/v2\/media?parent=3"}],"curies":[{"name":"wp","href":"https:\/\/api.w.org\/{rel}","templated":true}]}}