{"id":7786,"date":"2024-02-13T17:27:54","date_gmt":"2024-02-13T15:27:54","guid":{"rendered":"https:\/\/bonafidesinvest.eu\/?page_id=7786"},"modified":"2024-03-16T03:16:28","modified_gmt":"2024-03-16T01:16:28","slug":"mesaje","status":"publish","type":"page","link":"https:\/\/bonafidesinvest.eu\/ro\/messages\/","title":{"rendered":"Mesaje"},"content":{"rendered":"<div data-elementor-type=\"wp-page\" data-elementor-id=\"7786\" class=\"elementor elementor-7786\">\n\t\t\t\t\t\t<section class=\"elementor-section elementor-top-section elementor-element elementor-element-44765eb elementor-section-boxed elementor-section-height-default elementor-section-height-default\" data-id=\"44765eb\" data-element_type=\"section\" data-e-type=\"section\">\n\t\t\t\t\t\t<div class=\"elementor-container elementor-column-gap-default\">\n\t\t\t\t\t<div class=\"elementor-column elementor-col-100 elementor-top-column elementor-element elementor-element-fa4bf63\" data-id=\"fa4bf63\" data-element_type=\"column\" data-e-type=\"column\">\n\t\t\t<div class=\"elementor-widget-wrap elementor-element-populated\">\n\t\t\t\t\t\t<div class=\"elementor-element elementor-element-6a1881a elementor-widget elementor-widget-text-editor\" data-id=\"6a1881a\" data-element_type=\"widget\" data-e-type=\"widget\" data-widget_type=\"text-editor.default\">\n\t\t\t\t<div class=\"elementor-widget-container\">\n\t\t\t\t\t\t\t\t\t<p><span style=\"color: #000000;\">Bun\u0103 ziua de la Bona Fides Invest!<\/span><\/p><p><span style=\"color: #000000;\">V\u0103 mul\u021bumim pentru comanda dumneavoastr\u0103!<\/span><\/p><p><span style=\"color: #000000;\">Comanda dvs. este re\u021binut\u0103 p\u00e2n\u0103 c\u00e2nd confirm\u0103m c\u0103 plata a fost primit\u0103. Detaliile comenzii dvs. sunt afi\u0219ate mai jos pentru referin\u021b\u0103:<\/span><\/p><h2>Detalii de comand\u0103<\/h2><table border=\"0\" width=\"100%\" cellspacing=\"0\" cellpadding=\"0\"><tbody><tr><td align=\"left\" valign=\"middle\"><h3><em><span style=\"color: #000000;\">Num\u0103r de comand\u0103:<\/span><\/em><\/h3><\/td><td align=\"right\" valign=\"middle\"><h3><span style=\"color: #000000;\"><em>Data comenzii:<\/em>\u00a0<\/span><\/h3><\/td><\/tr><\/tbody><\/table><div><div class=\"adm\"><div id=\"q_97\" class=\"ajR h4\" data-tooltip=\"Sakrivanje pro\u0161irenog sadr\u017eaja\" aria-label=\"Sakrivanje pro\u0161irenog sadr\u017eaja\" aria-expanded=\"true\"><div class=\"ajT\">\u00a0<\/div><\/div><\/div><div class=\"im\"><table border=\"0\" width=\"100%\" cellspacing=\"0\" cellpadding=\"6\"><thead><tr><th scope=\"col\" align=\"left\"><span style=\"color: #000000;\">Produs<\/span><\/th><th scope=\"col\" align=\"center\"><span style=\"color: #000000;\">Cantitate<\/span><\/th><th scope=\"col\" align=\"right\"><span style=\"color: #000000;\">Pre\u021b<\/span><\/th><\/tr><\/thead><\/table><p><span style=\"color: #000000;\">V\u0103 mul\u021bumim pentru sprijin!<\/span><\/p><p><span style=\"color: #000000;\">Plata dumneavoastr\u0103 a fost \u00eenregistrat\u0103<\/span><\/p><p style=\"text-align: justify;\"><span style=\"color: #000000;\">Dorim s\u0103 v\u0103 inform\u0103m c\u0103 plata a fost notat\u0103 oficial pe pagina campaniei.\u00a0<\/span><\/p><p style=\"text-align: justify;\"><span style=\"color: #000000;\"><strong>Not\u0103 de mul\u021bumire digital\u0103<\/strong><\/span><br \/><span style=\"color: #000000;\">Pute\u021bi desc\u0103rca biletul de mul\u021bumire digital\u00a0<a style=\"color: #000000;\" href=\"https:\/\/bonafidesinvest.eu\/ro\/digital-thank-you-cards\/?customize_changeset_uuid=c75dad4d-2a69-4b01-9395-da689ff3dd0d&amp;customize_autosaved=on&amp;customize_messenger_channel=preview-2\">aici<\/a>. Dup\u0103 ce desc\u0103rca\u021bi biletul de mul\u021bumire \u0219i scrie\u021bi \u00een el numele, distribui\u021bi-l pe re\u021belele de socializare cu prietenii dvs. pentru a-i \u00eencuraja s\u0103 sprijine campania.<\/span><\/p><p style=\"text-align: justify;\"><span style=\"color: #000000;\">OBSERVA\u021aIE:<\/span><br \/><span style=\"color: #000000;\">\u00cen scopul contabilit\u0103\u021bii entit\u0103\u021bilor comerciale, sunt suficiente un extras de cont bancar al pl\u0103\u021bii \u0219i o copie a acestui e-mail ca confirmare a primirii dona\u021biei. \u00cen plus, donatorii pot desc\u0103rca formularul de confirmare a dona\u021biei pentru entit\u0103\u021bile comerciale\u00a0<a style=\"color: #000000;\" href=\"https:\/\/bonafidesinvest.eu\/ro\/donation-confirmation-form-for-business-entities\/?customize_changeset_uuid=c75dad4d-2a69-4b01-9395-da689ff3dd0d&amp;customize_autosaved=on&amp;customize_messenger_channel=preview-2\">aici<\/a>\u00a0\u0219i completa\u021bi-o personal.<\/span><\/p><p style=\"text-align: justify;\"><span style=\"color: #000000;\">Cet\u0103\u021benii pot ob\u021bine o deducere fiscal\u0103, la fel ca \u0219i \u00eentreprinderile. \u00cen acest scop, este necesar s\u0103 folosi\u021bi un extras de cont bancar de plat\u0103 \u0219i o copie a acestui e-mail ca confirmare a primirii dona\u021biei. \u00cen plus, donatorii pot desc\u0103rca formularul de confirmare a dona\u021biei pentru persoane fizice\u00a0<a style=\"color: #000000;\" href=\"https:\/\/bonafidesinvest.eu\/ro\/donation-confirmation-form-for-natural-persons\/?customize_changeset_uuid=c75dad4d-2a69-4b01-9395-da689ff3dd0d&amp;customize_autosaved=on&amp;customize_messenger_channel=preview-2\">aici<\/a>\u00a0\u0219i completa\u021bi-o personal.<\/span><\/p><p><span style=\"color: #000000;\">Adresa de facturare<\/span><\/p><p><span style=\"color: #000000;\">A\u0219tept\u0103m cu ner\u0103bdare s\u0103 v\u0103 onor\u0103m comanda \u00een cur\u00e2nd.<\/span><\/p><p><span style=\"color: #000000;\">Suma \u00een kuna croat\u0103 (kn) se ob\u021bine prin conversia pre\u021bului la cursul de schimb fix al CNB:<br \/>1 EUR = 7,53450 HRK<\/span><\/p><p><span style=\"color: #000000;\">Comanda dvs. a fost primit\u0103 \u0219i este \u00een curs de procesare. Detaliile comenzii dvs. sunt afi\u0219ate mai jos pentru referin\u021b\u0103:<\/span><\/p><p><span style=\"color: #000000;\">V\u0103 mul\u021bumesc!<\/span><\/p><h2><span style=\"color: #000000;\">Recompens\u0103 selectat\u0103<\/span><\/h2><ul><li><span style=\"color: #000000;\">Suma:\u00a0<u><\/u><\/span><\/li><li><span style=\"color: #000000;\">Livrare: ,<\/span><\/li><li><span style=\"color: #000000;\">Detalii despre recompens\u0103:\u00a0<\/span><\/li><\/ul><div><h3><span style=\"color: #000000;\">Informa\u021bii suplimentare<\/span><\/h3><p><span style=\"color: #000000;\">Selecta\u021bi dac\u0103 nu dori\u021bi o recompens\u0103 odat\u0103 cu dona\u021bia dumneavoastr\u0103: Da<\/span><\/p><\/div><\/div><\/div>\t\t\t\t\t\t\t\t<\/div>\n\t\t\t\t<\/div>\n\t\t\t\t\t<\/div>\n\t\t<\/div>\n\t\t\t\t\t<\/div>\n\t\t<\/section>\n\t\t\t\t<\/div>","protected":false},"excerpt":{"rendered":"<p>Hello from Bona Fides Invest! Thanks for your order! Your order is on-hold until we confirm payment has been received. Your order details are shown below for your reference: Order [&hellip;]<\/p>\n","protected":false},"author":1,"featured_media":0,"parent":0,"menu_order":0,"comment_status":"closed","ping_status":"closed","template":"","meta":{"footnotes":""},"class_list":["post-7786","page","type-page","status-publish","hentry"],"wpcf_dashboard":"<div class=\"woocommerce\"><div class=\"woocommerce-info\">Please log in first? <a class=\"wpneoShowLogin\" href=\"#\">Click here to login<\/a><\/div><div class=\"wpneo_login_form_div\" style=\"display: none;\"><form name=\"loginform\" id=\"loginform\" action=\"https:\/\/bonafidesinvest.eu\/wp-login.php\" method=\"post\"><p class=\"login-username\">\n\t\t\t\t<label for=\"user_login\">Nume utilizator sau adres\u0103 email<\/label>\n\t\t\t\t<input type=\"text\" name=\"log\" id=\"user_login\" autocomplete=\"username\" class=\"input\" value=\"\" size=\"20\" \/>\n\t\t\t<\/p><p class=\"login-password\">\n\t\t\t\t<label for=\"user_pass\">Parol\u0103<\/label>\n\t\t\t\t<input type=\"password\" name=\"pwd\" id=\"user_pass\" autocomplete=\"current-password\" spellcheck=\"false\" class=\"input\" value=\"\" size=\"20\" \/>\n\t\t\t<\/p><p class=\"login-remember\"><label><input name=\"rememberme\" type=\"checkbox\" id=\"rememberme\" value=\"forever\" \/> \u021aine-m\u0103 minte<\/label><\/p><p class=\"login-submit\">\n\t\t\t\t<input type=\"submit\" name=\"wp-submit\" id=\"wp-submit\" class=\"button button-primary\" value=\"Autentificare\" \/>\n\t\t\t\t<input type=\"hidden\" name=\"redirect_to\" value=\"https:\/\/bonafidesinvest.eu\/ro\/wp-json\/wp\/v2\/pages\/7786\" \/>\n\t\t\t<\/p><\/form><\/div><\/div>","_links":{"self":[{"href":"https:\/\/bonafidesinvest.eu\/ro\/wp-json\/wp\/v2\/pages\/7786","targetHints":{"allow":["GET"]}}],"collection":[{"href":"https:\/\/bonafidesinvest.eu\/ro\/wp-json\/wp\/v2\/pages"}],"about":[{"href":"https:\/\/bonafidesinvest.eu\/ro\/wp-json\/wp\/v2\/types\/page"}],"author":[{"embeddable":true,"href":"https:\/\/bonafidesinvest.eu\/ro\/wp-json\/wp\/v2\/users\/1"}],"replies":[{"embeddable":true,"href":"https:\/\/bonafidesinvest.eu\/ro\/wp-json\/wp\/v2\/comments?post=7786"}],"version-history":[{"count":0,"href":"https:\/\/bonafidesinvest.eu\/ro\/wp-json\/wp\/v2\/pages\/7786\/revisions"}],"wp:attachment":[{"href":"https:\/\/bonafidesinvest.eu\/ro\/wp-json\/wp\/v2\/media?parent=7786"}],"curies":[{"name":"wp","href":"https:\/\/api.w.org\/{rel}","templated":true}]}}