{"id":2528,"date":"2023-04-03T17:07:19","date_gmt":"2023-04-03T17:07:19","guid":{"rendered":"https:\/\/bonafidesinvest.eu\/?page_id=2528"},"modified":"2023-04-04T01:06:50","modified_gmt":"2023-04-04T01:06:50","slug":"politica-de-confidentialitate","status":"publish","type":"page","link":"https:\/\/bonafidesinvest.eu\/ro\/privacy-policy\/","title":{"rendered":"Politica de confiden\u021bialitate"},"content":{"rendered":"<div data-elementor-type=\"wp-page\" data-elementor-id=\"2528\" class=\"elementor elementor-2528\">\n\t\t\t\t\t\t<section class=\"elementor-section elementor-top-section elementor-element elementor-element-718aa932 elementor-section-boxed elementor-section-height-default elementor-section-height-default\" data-id=\"718aa932\" data-element_type=\"section\" data-e-type=\"section\">\n\t\t\t\t\t\t<div class=\"elementor-container elementor-column-gap-default\">\n\t\t\t\t\t<div class=\"elementor-column elementor-col-100 elementor-top-column elementor-element elementor-element-1671caf6\" data-id=\"1671caf6\" data-element_type=\"column\" data-e-type=\"column\">\n\t\t\t<div class=\"elementor-widget-wrap elementor-element-populated\">\n\t\t\t\t\t\t<div class=\"elementor-element elementor-element-75c0122f elementor-widget elementor-widget-text-editor\" data-id=\"75c0122f\" data-element_type=\"widget\" data-e-type=\"widget\" data-widget_type=\"text-editor.default\">\n\t\t\t\t<div class=\"elementor-widget-container\">\n\t\t\t\t\t\t\t\t\t<p><span style=\"color: #000000;\"><\/span><\/p>\n<p style=\"text-align: justify;\"><span style=\"color: #000000;\"><strong>Declara\u021bia privind colectarea \u0219i protec\u021bia datelor cu caracter personal<\/strong><\/span><\/p>\n<p style=\"text-align: justify;\"><span style=\"color: #000000;\">Confiden\u021bialitatea dvs. este important\u0103 pentru noi. Dorim s\u0103 v\u0103 sim\u021bi\u021bi \u00een siguran\u021b\u0103 al\u0103turi de noi \u0219i ac\u021bion\u0103m \u00een conformitate cu aceasta \u0219i cu reglement\u0103rile legale privind protec\u021bia datelor cu caracter personal.<\/span><\/p>\n<p style=\"text-align: justify;\"><span style=\"color: #000000;\">\u00cen cele ce urmeaz\u0103, v\u0103 inform\u0103m cu privire la scopurile \u00een care colect\u0103m \u0219i utiliz\u0103m datele dumneavoastr\u0103 cu caracter personal \u0219i la modul \u00een care pute\u021bi monitoriza aceste proceduri \u0219i v\u0103 pute\u021bi exercita drepturile.<\/span><\/p>\n<p style=\"text-align: justify;\"><span style=\"color: #000000;\">Sistemele noastre IT sunt protejate prin m\u0103suri tehnice \u0219i organizatorice \u00eempotriva accesului neautorizat, modific\u0103rii sau difuz\u0103rii neautorizate a datelor dumneavoastr\u0103, precum \u0219i \u00eempotriva pierderii sau \u0219tergerii.<\/span><\/p>\n<p style=\"text-align: justify;\"><span style=\"color: #000000;\">Toate informa\u021biile despre utilizatori sunt strict protejate \u0219i sunt disponibile numai pentru angaja\u021bii care au nevoie de aceste informa\u021bii pentru a-\u0219i \u00eendeplini sarcinile. To\u021bi angaja\u021bii \u0219i partenerii no\u0219tri de afaceri sunt responsabili de respectarea principiilor de protec\u021bie a confiden\u021bialit\u0103\u021bii.<\/span><\/p>\n<p style=\"text-align: justify;\"><span style=\"color: #000000;\">\u00cen calitate de utilizator al nostru, ave\u021bi dreptul de a primi informa\u021bii cu privire la modul \u00een care sunt prelucrate datele dvs. personale \u0219i de a face cereri pentru a v\u0103 exercita drepturile.<\/span><\/p>\n<p style=\"text-align: justify;\"><span style=\"color: #000000;\">Prelucrarea datelor cu caracter personal este efectuat\u0103 de:<br \/>Centrul pentru Inovare Social\u0103 \u0219i Dezvoltare Durabil\u0103 (CEDIOR)<br \/>Ante Jak\u0161i\u0107a 10, 10 000 Zagreb, Croa\u021bia<br \/>PIN: 12061569340<br \/>+385 (0)98 611 467<br \/>info@bonafidesinvest.eu<\/span><\/p>\n<p style=\"text-align: justify;\"><span style=\"color: #000000;\"><strong>Scopurile \u0219i temeiul juridic al prelucr\u0103rii datelor<\/strong><\/span><\/p>\n<p style=\"text-align: justify;\"><span style=\"color: #000000;\">Folosim datele dumneavoastr\u0103 personale exclusiv \u00een scopul conect\u0103rii investitorilor \u0219i a titularilor de proiecte, al coresponden\u021bei de afaceri \u0219i al trimiterii de notific\u0103ri, \u0219i nu le transmitem mai departe sau le folosim \u00een scopuri neprev\u0103zute.<\/span><\/p>\n<p style=\"text-align: justify;\"><span style=\"color: #000000;\"><strong>Datele pe care le colect\u0103m pot con\u021bine:<br \/><\/strong><\/span><\/p>\n<ul>\n<li style=\"text-align: justify;\"><span style=\"color: #000000;\">Numele \u0219i prenumele \/ denumirea societ\u0103\u021bii;<\/span><\/li>\n<li style=\"text-align: justify;\"><span style=\"color: #000000;\">Adresa po\u0219tal\u0103;<\/span><\/li>\n<li style=\"text-align: justify;\"><span style=\"color: #000000;\">Adresa de e-mail;<\/span><\/li>\n<li style=\"text-align: justify;\"><span style=\"color: #000000;\">Num\u0103rul de telefon mobil sau num\u0103rul de telefon fix.<\/span><\/li>\n<\/ul>\n<p><span style=\"color: #000000;\"><strong style=\"text-align: left;\">Notificare prin e-mail<\/strong><\/span><\/p>\n<p style=\"text-align: justify;\"><span style=\"color: #000000;\">Utiliz\u0103m platforma Mailchimp pentru a livra buletine informative, precum \u0219i pentru a gestiona listele de destinatari \u0219i \u00eenregistr\u0103rile de dezabonare \u0219i lu\u0103m toate m\u0103surile necesare pentru a proteja datele \u00een conformitate cu reglement\u0103rile privind protec\u021bia datelor cu caracter personal. Este dreptul dumneavoastr\u0103 s\u0103 accepta\u021bi sau s\u0103 refuza\u021bi s\u0103 primi\u021bi comunic\u0103rile noastre.<\/span><\/p>\n<p style=\"text-align: justify;\"><span style=\"color: #000000;\"><strong>Drepturile de utilizator<\/strong><\/span><\/p>\n<p style=\"text-align: justify;\"><span style=\"color: #000000;\">V\u0103 garant\u0103m urm\u0103toarele drepturi:<\/span><\/p>\n<p><span style=\"color: #000000;\"><\/span><\/p>\n<p><span style=\"color: #000000;\"><\/span><\/p>\n<p><span style=\"color: #000000;\"><\/span><\/p>\n<ul>\n<li><span style=\"color: #000000;\">Dreptul de acces (informa\u021bii despre domeniul de aplicare \u0219i tipul) la datele dumneavoastr\u0103;<\/span><\/li>\n<li><span style=\"color: #000000;\">Dreptul la rectificare (se refer\u0103 la informa\u021biile pe care le-a\u021bi furnizat);<\/span><\/li>\n<li><span style=\"color: #000000;\">Dreptul de a fi uitat;<\/span><\/li>\n<li><span style=\"color: #000000;\">Dreptul de a depune o pl\u00e2ngere cu privire la utilizarea datelor cu caracter personal.<\/span><\/li>\n<\/ul>\n<p><span style=\"color: #000000;\"><\/span><\/p>\n<ul class=\"wp-block-list\"><\/ul>\n<p><span style=\"color: #000000;\"><\/span><\/p>\n<p><span style=\"color: #000000;\"><strong>Dreptul de acces<\/strong><\/span><\/p>\n<p><span style=\"color: #000000;\"><\/span><\/p>\n<p style=\"text-align: justify;\"><span style=\"color: #000000;\">Ave\u021bi dreptul la informa\u021bii despre datele dumneavoastr\u0103 cu caracter personal pe care le gestion\u0103m \u0219i le p\u0103str\u0103m \u00een memorie.<\/span><\/p>\n<p style=\"text-align: justify;\"><span style=\"color: #000000;\"><strong>Dreptul la rectificare<\/strong><\/span><\/p>\n<p style=\"text-align: justify;\"><span style=\"color: #000000;\">Ave\u021bi dreptul de a corecta datele personale incorecte care v\u0103 privesc, lucru pe care \u00eel vom face \u00een termen de 3 zile lucr\u0103toare.<\/span><\/p>\n<p style=\"text-align: justify;\"><span style=\"color: #000000;\"><strong>Dreptul la \u0219tergere (dreptul de a fi uitat)<\/strong><\/span><\/p>\n<p style=\"text-align: justify;\"><span style=\"color: #000000;\">Ave\u021bi dreptul de a ob\u021bine anonimizarea datelor dvs. cu caracter personal f\u0103r\u0103 \u00eent\u00e2rzieri nejustificate dac\u0103 nu dori\u021bi s\u0103 mai fi\u021bi un utilizator al serviciilor sau dac\u0103 nu dori\u021bi ca noi s\u0103 utiliz\u0103m datele dvs. cu caracter personal \u00een scopurile declarate.<\/span><\/p>\n<p style=\"text-align: justify;\"><span style=\"color: #000000;\"><strong>Dreptul de a obiecta la utilizarea datelor cu caracter personal<\/strong><\/span><\/p>\n<p style=\"text-align: justify;\"><span style=\"color: #000000;\">\u00cen cazul \u00een care prelucrarea datelor dumneavoastr\u0103 cu caracter personal se bazeaz\u0103 pe \u00eendeplinirea intereselor noastre legitime, ave\u021bi dreptul de a v\u0103 opune \u00een orice moment unei astfel de prelucr\u0103ri a datelor cu caracter personal \u00een m\u0103sura \u00een care prelucrarea se refer\u0103 la datele dumneavoastr\u0103. \u00cen cazul \u00een care depune\u021bi o astfel de obiec\u021bie:<\/span><\/p>\n<ul>\n<li style=\"text-align: justify;\"><span style=\"color: #000000;\">\u00een ceea ce prive\u0219te notific\u0103rile (\"newsletter\") - nu vom utiliza datele dvs. personale \u00een acest scop;<\/span><\/li>\n<li style=\"text-align: justify;\"><span style=\"color: #000000;\">legate de alte cazuri de interes legitim - nu vom mai prelucra datele dumneavoastr\u0103 cu caracter personal \u00een scopul la care se refer\u0103 pl\u00e2ngerea.<\/span><\/li>\n<\/ul>\n<p style=\"text-align: justify;\"><span style=\"color: #000000;\"><strong>Cookie-uri<\/strong><\/span><\/p>\n<p style=\"text-align: justify;\"><span style=\"color: #000000;\">Utiliz\u0103m module cookie pe site-ul nostru web pentru a activa anumite caracteristici tehnice \u0219i pentru a v\u0103 facilita navigarea pe site-ul nostru web.<\/span><\/p>\n<p style=\"text-align: justify;\"><span style=\"color: #000000;\"><strong>Cum v\u0103 pute\u021bi exercita drepturile<\/strong><\/span><\/p>\n<p style=\"text-align: justify;\"><span style=\"color: #000000;\">Pentru toate \u00eentreb\u0103rile \u0219i solicit\u0103rile referitoare la datele dvs. personale, v\u0103 rug\u0103m s\u0103 contacta\u021bi coordonatorii no\u0219tri de protec\u021bie a datelor la adresa de e-mail info@bonafidesinvest.eu cu men\u021biunea PROTEC\u021aIA DATELOR \u00een \"Subiect\".<\/span><\/p>\n<p style=\"text-align: justify;\"><span style=\"color: #000000;\">Vom procesa solicit\u0103rile \u0219i cererile dumneavoastr\u0103 f\u0103r\u0103 \u00eent\u00e2rzieri nejustificate \u0219i \u00een conformitate cu obliga\u021biile legale \u0219i v\u0103 vom informa cu privire la m\u0103surile pe care le-am luat.<\/span><\/p>\n<p><span style=\"color: #000000;\"><\/span><\/p>\n<p><span style=\"color: #000000;\"><\/span><\/p>\n<p><span style=\"color: #000000;\"><\/span><\/p>\n<p><span style=\"color: #000000;\"><\/span><\/p>\n<p><span style=\"color: #000000;\"><\/span><\/p>\n<p><span style=\"color: #000000;\"><\/span><\/p>\n<p><span style=\"color: #000000;\"><\/span><\/p>\n<p><span style=\"color: #000000;\"><\/span><\/p>\n<p><span style=\"color: #000000;\"><\/span><\/p>\n<p><span style=\"color: #000000;\"><\/span><\/p>\n<p><span style=\"color: #000000;\"><\/span><\/p>\n<p><span style=\"color: #000000;\"><\/span><\/p>\t\t\t\t\t\t\t\t<\/div>\n\t\t\t\t<\/div>\n\t\t\t\t\t<\/div>\n\t\t<\/div>\n\t\t\t\t\t<\/div>\n\t\t<\/section>\n\t\t\t\t<\/div>","protected":false},"excerpt":{"rendered":"<p>Personal data gathering and protection statement Your privacy is important to us. We want you to feel safe with us, and we act in accordance with that and the legal [&hellip;]<\/p>\n","protected":false},"author":1,"featured_media":0,"parent":0,"menu_order":0,"comment_status":"closed","ping_status":"closed","template":"","meta":{"footnotes":""},"class_list":["post-2528","page","type-page","status-publish","hentry"],"wpcf_dashboard":"<div class=\"woocommerce\"><div class=\"woocommerce-info\">Please log in first? <a class=\"wpneoShowLogin\" href=\"#\">Click here to login<\/a><\/div><div class=\"wpneo_login_form_div\" style=\"display: none;\"><form name=\"loginform\" id=\"loginform\" action=\"https:\/\/bonafidesinvest.eu\/wp-login.php\" method=\"post\"><p class=\"login-username\">\n\t\t\t\t<label for=\"user_login\">Nume utilizator sau adres\u0103 email<\/label>\n\t\t\t\t<input type=\"text\" name=\"log\" id=\"user_login\" autocomplete=\"username\" class=\"input\" value=\"\" size=\"20\" \/>\n\t\t\t<\/p><p class=\"login-password\">\n\t\t\t\t<label for=\"user_pass\">Parol\u0103<\/label>\n\t\t\t\t<input type=\"password\" name=\"pwd\" id=\"user_pass\" autocomplete=\"current-password\" spellcheck=\"false\" class=\"input\" value=\"\" size=\"20\" \/>\n\t\t\t<\/p><p class=\"login-remember\"><label><input name=\"rememberme\" type=\"checkbox\" id=\"rememberme\" value=\"forever\" \/> \u021aine-m\u0103 minte<\/label><\/p><p class=\"login-submit\">\n\t\t\t\t<input type=\"submit\" name=\"wp-submit\" id=\"wp-submit\" class=\"button button-primary\" value=\"Autentificare\" \/>\n\t\t\t\t<input type=\"hidden\" name=\"redirect_to\" value=\"https:\/\/bonafidesinvest.eu\/ro\/wp-json\/wp\/v2\/pages\/2528\" \/>\n\t\t\t<\/p><\/form><\/div><\/div>","_links":{"self":[{"href":"https:\/\/bonafidesinvest.eu\/ro\/wp-json\/wp\/v2\/pages\/2528","targetHints":{"allow":["GET"]}}],"collection":[{"href":"https:\/\/bonafidesinvest.eu\/ro\/wp-json\/wp\/v2\/pages"}],"about":[{"href":"https:\/\/bonafidesinvest.eu\/ro\/wp-json\/wp\/v2\/types\/page"}],"author":[{"embeddable":true,"href":"https:\/\/bonafidesinvest.eu\/ro\/wp-json\/wp\/v2\/users\/1"}],"replies":[{"embeddable":true,"href":"https:\/\/bonafidesinvest.eu\/ro\/wp-json\/wp\/v2\/comments?post=2528"}],"version-history":[{"count":0,"href":"https:\/\/bonafidesinvest.eu\/ro\/wp-json\/wp\/v2\/pages\/2528\/revisions"}],"wp:attachment":[{"href":"https:\/\/bonafidesinvest.eu\/ro\/wp-json\/wp\/v2\/media?parent=2528"}],"curies":[{"name":"wp","href":"https:\/\/api.w.org\/{rel}","templated":true}]}}