{"id":7786,"date":"2024-02-13T17:27:54","date_gmt":"2024-02-13T15:27:54","guid":{"rendered":"https:\/\/bonafidesinvest.eu\/?page_id=7786"},"modified":"2024-03-16T03:16:28","modified_gmt":"2024-03-16T01:16:28","slug":"mensagens","status":"publish","type":"page","link":"https:\/\/bonafidesinvest.eu\/pt\/messages\/","title":{"rendered":"Mensagens"},"content":{"rendered":"<div data-elementor-type=\"wp-page\" data-elementor-id=\"7786\" class=\"elementor elementor-7786\">\n\t\t\t\t\t\t<section class=\"elementor-section elementor-top-section elementor-element elementor-element-44765eb elementor-section-boxed elementor-section-height-default elementor-section-height-default\" data-id=\"44765eb\" data-element_type=\"section\" data-e-type=\"section\">\n\t\t\t\t\t\t<div class=\"elementor-container elementor-column-gap-default\">\n\t\t\t\t\t<div class=\"elementor-column elementor-col-100 elementor-top-column elementor-element elementor-element-fa4bf63\" data-id=\"fa4bf63\" data-element_type=\"column\" data-e-type=\"column\">\n\t\t\t<div class=\"elementor-widget-wrap elementor-element-populated\">\n\t\t\t\t\t\t<div class=\"elementor-element elementor-element-6a1881a elementor-widget elementor-widget-text-editor\" data-id=\"6a1881a\" data-element_type=\"widget\" data-e-type=\"widget\" data-widget_type=\"text-editor.default\">\n\t\t\t\t<div class=\"elementor-widget-container\">\n\t\t\t\t\t\t\t\t\t<p><span style=\"color: #000000;\">Ol\u00e1, da Bona Fides Invest!<\/span><\/p><p><span style=\"color: #000000;\">Obrigado pela vossa encomenda!<\/span><\/p><p><span style=\"color: #000000;\">A sua encomenda est\u00e1 em espera at\u00e9 confirmarmos a rece\u00e7\u00e3o do pagamento. Os detalhes da sua encomenda s\u00e3o apresentados abaixo para sua refer\u00eancia:<\/span><\/p><h2>Detalhes da encomenda<\/h2><table border=\"0\" width=\"100%\" cellspacing=\"0\" cellpadding=\"0\"><tbody><tr><td align=\"left\" valign=\"middle\"><h3><em><span style=\"color: #000000;\">N\u00famero de encomenda:<\/span><\/em><\/h3><\/td><td align=\"right\" valign=\"middle\"><h3><span style=\"color: #000000;\"><em>Data de encomenda:<\/em>\u00a0<\/span><\/h3><\/td><\/tr><\/tbody><\/table><div><div class=\"adm\"><div id=\"q_97\" class=\"ajR h4\" data-tooltip=\"Sakrivanje pro\u0161irenog sadr\u017eaja\" aria-label=\"Prote\u00e7\u00e3o contra inc\u00eandios\" aria-expanded=\"true\"><div class=\"ajT\">\u00a0<\/div><\/div><\/div><div class=\"im\"><table border=\"0\" width=\"100%\" cellspacing=\"0\" cellpadding=\"6\"><thead><tr><th scope=\"col\" align=\"left\"><span style=\"color: #000000;\">Produto<\/span><\/th><th scope=\"col\" align=\"center\"><span style=\"color: #000000;\">Quantidade<\/span><\/th><th scope=\"col\" align=\"right\"><span style=\"color: #000000;\">Pre\u00e7o<\/span><\/th><\/tr><\/thead><\/table><p><span style=\"color: #000000;\">Obrigado pelo vosso apoio!<\/span><\/p><p><span style=\"color: #000000;\">O seu pagamento foi registado<\/span><\/p><p style=\"text-align: justify;\"><span style=\"color: #000000;\">Gostar\u00edamos de informar que o pagamento foi oficialmente registado na p\u00e1gina da campanha.\u00a0<\/span><\/p><p style=\"text-align: justify;\"><span style=\"color: #000000;\"><strong>Nota de agradecimento digital<\/strong><\/span><br \/><span style=\"color: #000000;\">Pode descarregar a sua nota de agradecimento digital\u00a0<a style=\"color: #000000;\" href=\"https:\/\/bonafidesinvest.eu\/pt\/digital-thank-you-cards\/?customize_changeset_uuid=c75dad4d-2a69-4b01-9395-da689ff3dd0d&amp;customize_autosaved=on&amp;customize_messenger_channel=preview-2\">aqui<\/a>. Depois de descarregar a nota de agradecimento e escrever nela o nome, partilhe-a nas redes sociais com os seus amigos para os incentivar a apoiar a campanha.<\/span><\/p><p style=\"text-align: justify;\"><span style=\"color: #000000;\">OBSERVA\u00c7\u00c3O:<\/span><br \/><span style=\"color: #000000;\">Para efeitos de contabilidade das entidades empresariais, \u00e9 suficiente um extrato banc\u00e1rio do pagamento e uma c\u00f3pia deste e-mail como confirma\u00e7\u00e3o da rece\u00e7\u00e3o do donativo. Os doadores podem ainda descarregar o Formul\u00e1rio de Confirma\u00e7\u00e3o de Donativo para Entidades Empresariais\u00a0<a style=\"color: #000000;\" href=\"https:\/\/bonafidesinvest.eu\/pt\/donation-confirmation-form-for-business-entities\/?customize_changeset_uuid=c75dad4d-2a69-4b01-9395-da689ff3dd0d&amp;customize_autosaved=on&amp;customize_messenger_channel=preview-2\">aqui<\/a>\u00a0e preench\u00ea-lo pessoalmente.<\/span><\/p><p style=\"text-align: justify;\"><span style=\"color: #000000;\">Os cidad\u00e3os podem obter uma dedu\u00e7\u00e3o fiscal, bem como as empresas. Para o efeito, \u00e9 necess\u00e1rio utilizar um extrato banc\u00e1rio de pagamento e uma c\u00f3pia deste e-mail como confirma\u00e7\u00e3o da rece\u00e7\u00e3o do donativo. Os doadores podem ainda descarregar o Formul\u00e1rio de Confirma\u00e7\u00e3o de Donativo para Pessoas Singulares\u00a0<a style=\"color: #000000;\" href=\"https:\/\/bonafidesinvest.eu\/pt\/donation-confirmation-form-for-natural-persons\/?customize_changeset_uuid=c75dad4d-2a69-4b01-9395-da689ff3dd0d&amp;customize_autosaved=on&amp;customize_messenger_channel=preview-2\">aqui<\/a>\u00a0e preench\u00ea-lo pessoalmente.<\/span><\/p><p><span style=\"color: #000000;\">Endere\u00e7o de fatura\u00e7\u00e3o<\/span><\/p><p><span style=\"color: #000000;\">Aguardamos com expetativa a conclus\u00e3o da sua encomenda em breve.<\/span><\/p><p><span style=\"color: #000000;\">O montante em kuna croata (kn) \u00e9 obtido convertendo o pre\u00e7o de acordo com a taxa de c\u00e2mbio fixa do Banco Central da Cro\u00e1cia:<br \/>1 EUR = 7,53450 HRK<\/span><\/p><p><span style=\"color: #000000;\">A sua encomenda foi recebida e est\u00e1 a ser processada. Os detalhes da sua encomenda s\u00e3o apresentados abaixo para sua refer\u00eancia:<\/span><\/p><p><span style=\"color: #000000;\">Obrigado!<\/span><\/p><h2><span style=\"color: #000000;\">Recompensa selecionada<\/span><\/h2><ul><li><span style=\"color: #000000;\">Montante:\u00a0<u><\/u><\/span><\/li><li><span style=\"color: #000000;\">Entrega: ,<\/span><\/li><li><span style=\"color: #000000;\">Detalhes da recompensa:\u00a0<\/span><\/li><\/ul><div><h3><span style=\"color: #000000;\">Informa\u00e7\u00f5es adicionais<\/span><\/h3><p><span style=\"color: #000000;\">Seleccione se n\u00e3o pretende receber uma recompensa com o seu donativo: Sim<\/span><\/p><\/div><\/div><\/div>\t\t\t\t\t\t\t\t<\/div>\n\t\t\t\t<\/div>\n\t\t\t\t\t<\/div>\n\t\t<\/div>\n\t\t\t\t\t<\/div>\n\t\t<\/section>\n\t\t\t\t<\/div>","protected":false},"excerpt":{"rendered":"<p>Hello from Bona Fides Invest! Thanks for your order! Your order is on-hold until we confirm payment has been received. Your order details are shown below for your reference: Order [&hellip;]<\/p>\n","protected":false},"author":1,"featured_media":0,"parent":0,"menu_order":0,"comment_status":"closed","ping_status":"closed","template":"","meta":{"footnotes":""},"class_list":["post-7786","page","type-page","status-publish","hentry"],"wpcf_dashboard":"<div class=\"woocommerce\"><div class=\"woocommerce-info\">Please log in first? <a class=\"wpneoShowLogin\" href=\"#\">Click here to login<\/a><\/div><div class=\"wpneo_login_form_div\" style=\"display: none;\"><form name=\"loginform\" id=\"loginform\" action=\"https:\/\/bonafidesinvest.eu\/wp-login.php\" method=\"post\"><p class=\"login-username\">\n\t\t\t\t<label for=\"user_login\">Nome de utilizador ou endere\u00e7o de email<\/label>\n\t\t\t\t<input type=\"text\" name=\"log\" id=\"user_login\" autocomplete=\"username\" class=\"input\" value=\"\" size=\"20\" \/>\n\t\t\t<\/p><p class=\"login-password\">\n\t\t\t\t<label for=\"user_pass\">Senha<\/label>\n\t\t\t\t<input type=\"password\" name=\"pwd\" id=\"user_pass\" autocomplete=\"current-password\" spellcheck=\"false\" class=\"input\" value=\"\" size=\"20\" \/>\n\t\t\t<\/p><p class=\"login-remember\"><label><input name=\"rememberme\" type=\"checkbox\" id=\"rememberme\" value=\"forever\" \/> Manter sess\u00e3o<\/label><\/p><p class=\"login-submit\">\n\t\t\t\t<input type=\"submit\" name=\"wp-submit\" id=\"wp-submit\" class=\"button button-primary\" value=\"Iniciar sess\u00e3o\" \/>\n\t\t\t\t<input type=\"hidden\" name=\"redirect_to\" value=\"https:\/\/bonafidesinvest.eu\/pt\/wp-json\/wp\/v2\/pages\/7786\" \/>\n\t\t\t<\/p><\/form><\/div><\/div>","_links":{"self":[{"href":"https:\/\/bonafidesinvest.eu\/pt\/wp-json\/wp\/v2\/pages\/7786","targetHints":{"allow":["GET"]}}],"collection":[{"href":"https:\/\/bonafidesinvest.eu\/pt\/wp-json\/wp\/v2\/pages"}],"about":[{"href":"https:\/\/bonafidesinvest.eu\/pt\/wp-json\/wp\/v2\/types\/page"}],"author":[{"embeddable":true,"href":"https:\/\/bonafidesinvest.eu\/pt\/wp-json\/wp\/v2\/users\/1"}],"replies":[{"embeddable":true,"href":"https:\/\/bonafidesinvest.eu\/pt\/wp-json\/wp\/v2\/comments?post=7786"}],"version-history":[{"count":0,"href":"https:\/\/bonafidesinvest.eu\/pt\/wp-json\/wp\/v2\/pages\/7786\/revisions"}],"wp:attachment":[{"href":"https:\/\/bonafidesinvest.eu\/pt\/wp-json\/wp\/v2\/media?parent=7786"}],"curies":[{"name":"wp","href":"https:\/\/api.w.org\/{rel}","templated":true}]}}