{"id":2528,"date":"2023-04-03T17:07:19","date_gmt":"2023-04-03T17:07:19","guid":{"rendered":"https:\/\/bonafidesinvest.eu\/?page_id=2528"},"modified":"2023-04-04T01:06:50","modified_gmt":"2023-04-04T01:06:50","slug":"politica-de-privacidade","status":"publish","type":"page","link":"https:\/\/bonafidesinvest.eu\/pt\/privacy-policy\/","title":{"rendered":"Pol\u00edtica de privacidade"},"content":{"rendered":"<div data-elementor-type=\"wp-page\" data-elementor-id=\"2528\" class=\"elementor elementor-2528\">\n\t\t\t\t\t\t<section class=\"elementor-section elementor-top-section elementor-element elementor-element-718aa932 elementor-section-boxed elementor-section-height-default elementor-section-height-default\" data-id=\"718aa932\" data-element_type=\"section\" data-e-type=\"section\">\n\t\t\t\t\t\t<div class=\"elementor-container elementor-column-gap-default\">\n\t\t\t\t\t<div class=\"elementor-column elementor-col-100 elementor-top-column elementor-element elementor-element-1671caf6\" data-id=\"1671caf6\" data-element_type=\"column\" data-e-type=\"column\">\n\t\t\t<div class=\"elementor-widget-wrap elementor-element-populated\">\n\t\t\t\t\t\t<div class=\"elementor-element elementor-element-75c0122f elementor-widget elementor-widget-text-editor\" data-id=\"75c0122f\" data-element_type=\"widget\" data-e-type=\"widget\" data-widget_type=\"text-editor.default\">\n\t\t\t\t<div class=\"elementor-widget-container\">\n\t\t\t\t\t\t\t\t\t<p><span style=\"color: #000000;\"><\/span><\/p>\n<p style=\"text-align: justify;\"><span style=\"color: #000000;\"><strong>Declara\u00e7\u00e3o de recolha e prote\u00e7\u00e3o de dados pessoais<\/strong><\/span><\/p>\n<p style=\"text-align: justify;\"><span style=\"color: #000000;\">A sua privacidade \u00e9 importante para n\u00f3s. Queremos que se sinta seguro connosco e agimos de acordo com isso e com os regulamentos legais sobre a prote\u00e7\u00e3o de dados pessoais.<\/span><\/p>\n<p style=\"text-align: justify;\"><span style=\"color: #000000;\">Em seguida, informamo-lo sobre as finalidades para as quais recolhemos e utilizamos os seus dados pessoais e sobre a forma como pode controlar estes procedimentos e exercer os seus direitos.<\/span><\/p>\n<p style=\"text-align: justify;\"><span style=\"color: #000000;\">Os nossos sistemas inform\u00e1ticos est\u00e3o protegidos por medidas t\u00e9cnicas e organizacionais contra o acesso n\u00e3o autorizado, a modifica\u00e7\u00e3o ou a divulga\u00e7\u00e3o dos seus dados, bem como contra a sua perda ou elimina\u00e7\u00e3o.<\/span><\/p>\n<p style=\"text-align: justify;\"><span style=\"color: #000000;\">Todas as informa\u00e7\u00f5es dos utilizadores s\u00e3o rigorosamente guardadas e s\u00f3 est\u00e3o dispon\u00edveis para os funcion\u00e1rios que necessitam dessas informa\u00e7\u00f5es para realizar o seu trabalho. Todos os nossos funcion\u00e1rios e parceiros comerciais s\u00e3o respons\u00e1veis por seguir os princ\u00edpios de prote\u00e7\u00e3o da confidencialidade.<\/span><\/p>\n<p style=\"text-align: justify;\"><span style=\"color: #000000;\">Como nosso utilizador, tem o direito de receber informa\u00e7\u00f5es sobre o tratamento dos seus dados pessoais e de apresentar pedidos para exercer os seus direitos.<\/span><\/p>\n<p style=\"text-align: justify;\"><span style=\"color: #000000;\">O tratamento dos dados pessoais \u00e9 efectuado por:<br \/>Centro de Inova\u00e7\u00e3o Social e Desenvolvimento Sustent\u00e1vel (CEDIOR)<br \/>Ante Jak\u0161i\u0107a 10, 10 000 Zagreb, Cro\u00e1cia<br \/>PIN: 12061569340<br \/>+385 (0)98 611 467<br \/>info@bonafidesinvest.eu<\/span><\/p>\n<p style=\"text-align: justify;\"><span style=\"color: #000000;\"><strong>Finalidades e base jur\u00eddica do tratamento de dados<\/strong><\/span><\/p>\n<p style=\"text-align: justify;\"><span style=\"color: #000000;\">Utilizamos os seus dados pessoais exclusivamente para efeitos de liga\u00e7\u00e3o entre investidores e titulares de projectos, correspond\u00eancia comercial e envio de notifica\u00e7\u00f5es, e n\u00e3o os transmitimos ou utilizamos para fins imprevistos.<\/span><\/p>\n<p style=\"text-align: justify;\"><span style=\"color: #000000;\"><strong>Os dados que recolhemos podem conter:<br \/><\/strong><\/span><\/p>\n<ul>\n<li style=\"text-align: justify;\"><span style=\"color: #000000;\">Nome e apelido \/ nome da empresa;<\/span><\/li>\n<li style=\"text-align: justify;\"><span style=\"color: #000000;\">Endere\u00e7o postal;<\/span><\/li>\n<li style=\"text-align: justify;\"><span style=\"color: #000000;\">Endere\u00e7o de correio eletr\u00f3nico;<\/span><\/li>\n<li style=\"text-align: justify;\"><span style=\"color: #000000;\">N\u00famero de telem\u00f3vel ou de telefone fixo.<\/span><\/li>\n<\/ul>\n<p><span style=\"color: #000000;\"><strong style=\"text-align: left;\">Notifica\u00e7\u00e3o por correio eletr\u00f3nico<\/strong><\/span><\/p>\n<p style=\"text-align: justify;\"><span style=\"color: #000000;\">Utilizamos a plataforma Mailchimp para enviar boletins informativos, bem como para gerir listas de destinat\u00e1rios e registos de anula\u00e7\u00e3o de subscri\u00e7\u00e3o, e tomamos todas as medidas necess\u00e1rias para proteger os dados em conformidade com os regulamentos relativos \u00e0 prote\u00e7\u00e3o de dados pessoais. O utilizador tem o direito de aceitar ou recusar receber as nossas comunica\u00e7\u00f5es.<\/span><\/p>\n<p style=\"text-align: justify;\"><span style=\"color: #000000;\"><strong>Direitos do utilizador<\/strong><\/span><\/p>\n<p style=\"text-align: justify;\"><span style=\"color: #000000;\">Garantimos-lhe os seguintes direitos:<\/span><\/p>\n<p><span style=\"color: #000000;\"><\/span><\/p>\n<p><span style=\"color: #000000;\"><\/span><\/p>\n<p><span style=\"color: #000000;\"><\/span><\/p>\n<ul>\n<li><span style=\"color: #000000;\">O direito de acesso (informa\u00e7\u00f5es sobre o \u00e2mbito e o tipo) aos seus dados;<\/span><\/li>\n<li><span style=\"color: #000000;\">O direito \u00e0 corre\u00e7\u00e3o (refere-se \u00e0s informa\u00e7\u00f5es que forneceu);<\/span><\/li>\n<li><span style=\"color: #000000;\">O direito a ser esquecido;<\/span><\/li>\n<li><span style=\"color: #000000;\">O direito de apresentar queixa sobre a utiliza\u00e7\u00e3o de dados pessoais.<\/span><\/li>\n<\/ul>\n<p><span style=\"color: #000000;\"><\/span><\/p>\n<ul class=\"wp-block-list\"><\/ul>\n<p><span style=\"color: #000000;\"><\/span><\/p>\n<p><span style=\"color: #000000;\"><strong>Direito de acesso<\/strong><\/span><\/p>\n<p><span style=\"color: #000000;\"><\/span><\/p>\n<p style=\"text-align: justify;\"><span style=\"color: #000000;\">O utilizador tem direito \u00e0 informa\u00e7\u00e3o sobre os seus dados pessoais que gerimos e guardamos na mem\u00f3ria.<\/span><\/p>\n<p style=\"text-align: justify;\"><span style=\"color: #000000;\"><strong>Direito de retifica\u00e7\u00e3o<\/strong><\/span><\/p>\n<p style=\"text-align: justify;\"><span style=\"color: #000000;\">Tem o direito de corrigir dados pessoais incorrectos que lhe digam respeito, o que faremos no prazo de 3 dias \u00fateis.<\/span><\/p>\n<p style=\"text-align: justify;\"><span style=\"color: #000000;\"><strong>Direito ao apagamento (direito a ser esquecido)<\/strong><\/span><\/p>\n<p style=\"text-align: justify;\"><span style=\"color: #000000;\">O utilizador tem o direito de obter a anonimiza\u00e7\u00e3o dos seus dados pessoais sem demora injustificada se n\u00e3o quiser continuar a ser um utilizador dos servi\u00e7os ou se n\u00e3o quiser que utilizemos os seus dados pessoais para os fins indicados.<\/span><\/p>\n<p style=\"text-align: justify;\"><span style=\"color: #000000;\"><strong>O direito de se opor \u00e0 utiliza\u00e7\u00e3o de dados pessoais<\/strong><\/span><\/p>\n<p style=\"text-align: justify;\"><span style=\"color: #000000;\">Se o processamento dos seus dados pessoais se basear no cumprimento dos nossos interesses leg\u00edtimos, tem o direito de se opor a qualquer momento a esse processamento de dados pessoais, na medida em que o processamento esteja relacionado com os seus dados. Se apresentar essa obje\u00e7\u00e3o:<\/span><\/p>\n<ul>\n<li style=\"text-align: justify;\"><span style=\"color: #000000;\">relativamente a notifica\u00e7\u00f5es (\"newsletter\") - n\u00e3o utilizaremos os seus dados pessoais para este fim;<\/span><\/li>\n<li style=\"text-align: justify;\"><span style=\"color: #000000;\">relacionados com outros casos de interesse leg\u00edtimo - n\u00e3o continuaremos a tratar os seus dados pessoais para a finalidade a que se refere a queixa.<\/span><\/li>\n<\/ul>\n<p style=\"text-align: justify;\"><span style=\"color: #000000;\"><strong>Biscoitos<\/strong><\/span><\/p>\n<p style=\"text-align: justify;\"><span style=\"color: #000000;\">Utilizamos cookies inform\u00e1ticos no nosso s\u00edtio Web para ativar determinadas funcionalidades t\u00e9cnicas e facilitar a navega\u00e7\u00e3o no nosso s\u00edtio Web.<\/span><\/p>\n<p style=\"text-align: justify;\"><span style=\"color: #000000;\"><strong>Como pode exercer os seus direitos<\/strong><\/span><\/p>\n<p style=\"text-align: justify;\"><span style=\"color: #000000;\">Para todas as quest\u00f5es e pedidos relativos aos seus dados pessoais, contacte os nossos coordenadores de prote\u00e7\u00e3o de dados atrav\u00e9s do endere\u00e7o de correio eletr\u00f3nico info@bonafidesinvest.eu com a nota PROTEC\u00c7\u00c3O DE DADOS no \"Assunto\".<\/span><\/p>\n<p style=\"text-align: justify;\"><span style=\"color: #000000;\">Processaremos as suas perguntas e pedidos sem atrasos indevidos e de acordo com as obriga\u00e7\u00f5es legais, e inform\u00e1-lo-emos sobre as medidas que tom\u00e1mos.<\/span><\/p>\n<p><span style=\"color: #000000;\"><\/span><\/p>\n<p><span style=\"color: #000000;\"><\/span><\/p>\n<p><span style=\"color: #000000;\"><\/span><\/p>\n<p><span style=\"color: #000000;\"><\/span><\/p>\n<p><span style=\"color: #000000;\"><\/span><\/p>\n<p><span style=\"color: #000000;\"><\/span><\/p>\n<p><span style=\"color: #000000;\"><\/span><\/p>\n<p><span style=\"color: #000000;\"><\/span><\/p>\n<p><span style=\"color: #000000;\"><\/span><\/p>\n<p><span style=\"color: #000000;\"><\/span><\/p>\n<p><span style=\"color: #000000;\"><\/span><\/p>\n<p><span style=\"color: #000000;\"><\/span><\/p>\t\t\t\t\t\t\t\t<\/div>\n\t\t\t\t<\/div>\n\t\t\t\t\t<\/div>\n\t\t<\/div>\n\t\t\t\t\t<\/div>\n\t\t<\/section>\n\t\t\t\t<\/div>","protected":false},"excerpt":{"rendered":"<p>Personal data gathering and protection statement Your privacy is important to us. We want you to feel safe with us, and we act in accordance with that and the legal [&hellip;]<\/p>\n","protected":false},"author":1,"featured_media":0,"parent":0,"menu_order":0,"comment_status":"closed","ping_status":"closed","template":"","meta":{"footnotes":""},"class_list":["post-2528","page","type-page","status-publish","hentry"],"wpcf_dashboard":"<div class=\"woocommerce\"><div class=\"woocommerce-info\">Please log in first? <a class=\"wpneoShowLogin\" href=\"#\">Click here to login<\/a><\/div><div class=\"wpneo_login_form_div\" style=\"display: none;\"><form name=\"loginform\" id=\"loginform\" action=\"https:\/\/bonafidesinvest.eu\/wp-login.php\" method=\"post\"><p class=\"login-username\">\n\t\t\t\t<label for=\"user_login\">Nome de utilizador ou endere\u00e7o de email<\/label>\n\t\t\t\t<input type=\"text\" name=\"log\" id=\"user_login\" autocomplete=\"username\" class=\"input\" value=\"\" size=\"20\" \/>\n\t\t\t<\/p><p class=\"login-password\">\n\t\t\t\t<label for=\"user_pass\">Senha<\/label>\n\t\t\t\t<input type=\"password\" name=\"pwd\" id=\"user_pass\" autocomplete=\"current-password\" spellcheck=\"false\" class=\"input\" value=\"\" size=\"20\" \/>\n\t\t\t<\/p><p class=\"login-remember\"><label><input name=\"rememberme\" type=\"checkbox\" id=\"rememberme\" value=\"forever\" \/> Manter sess\u00e3o<\/label><\/p><p class=\"login-submit\">\n\t\t\t\t<input type=\"submit\" name=\"wp-submit\" id=\"wp-submit\" class=\"button button-primary\" value=\"Iniciar sess\u00e3o\" \/>\n\t\t\t\t<input type=\"hidden\" name=\"redirect_to\" value=\"https:\/\/bonafidesinvest.eu\/pt\/wp-json\/wp\/v2\/pages\/2528\" \/>\n\t\t\t<\/p><\/form><\/div><\/div>","_links":{"self":[{"href":"https:\/\/bonafidesinvest.eu\/pt\/wp-json\/wp\/v2\/pages\/2528","targetHints":{"allow":["GET"]}}],"collection":[{"href":"https:\/\/bonafidesinvest.eu\/pt\/wp-json\/wp\/v2\/pages"}],"about":[{"href":"https:\/\/bonafidesinvest.eu\/pt\/wp-json\/wp\/v2\/types\/page"}],"author":[{"embeddable":true,"href":"https:\/\/bonafidesinvest.eu\/pt\/wp-json\/wp\/v2\/users\/1"}],"replies":[{"embeddable":true,"href":"https:\/\/bonafidesinvest.eu\/pt\/wp-json\/wp\/v2\/comments?post=2528"}],"version-history":[{"count":0,"href":"https:\/\/bonafidesinvest.eu\/pt\/wp-json\/wp\/v2\/pages\/2528\/revisions"}],"wp:attachment":[{"href":"https:\/\/bonafidesinvest.eu\/pt\/wp-json\/wp\/v2\/media?parent=2528"}],"curies":[{"name":"wp","href":"https:\/\/api.w.org\/{rel}","templated":true}]}}