{"id":7786,"date":"2024-02-13T17:27:54","date_gmt":"2024-02-13T15:27:54","guid":{"rendered":"https:\/\/bonafidesinvest.eu\/?page_id=7786"},"modified":"2024-03-16T03:16:28","modified_gmt":"2024-03-16T01:16:28","slug":"wiadomosci","status":"publish","type":"page","link":"https:\/\/bonafidesinvest.eu\/pl\/messages\/","title":{"rendered":"Wiadomo\u015bci"},"content":{"rendered":"<div data-elementor-type=\"wp-page\" data-elementor-id=\"7786\" class=\"elementor elementor-7786\">\n\t\t\t\t\t\t<section class=\"elementor-section elementor-top-section elementor-element elementor-element-44765eb elementor-section-boxed elementor-section-height-default elementor-section-height-default\" data-id=\"44765eb\" data-element_type=\"section\" data-e-type=\"section\">\n\t\t\t\t\t\t<div class=\"elementor-container elementor-column-gap-default\">\n\t\t\t\t\t<div class=\"elementor-column elementor-col-100 elementor-top-column elementor-element elementor-element-fa4bf63\" data-id=\"fa4bf63\" data-element_type=\"column\" data-e-type=\"column\">\n\t\t\t<div class=\"elementor-widget-wrap elementor-element-populated\">\n\t\t\t\t\t\t<div class=\"elementor-element elementor-element-6a1881a elementor-widget elementor-widget-text-editor\" data-id=\"6a1881a\" data-element_type=\"widget\" data-e-type=\"widget\" data-widget_type=\"text-editor.default\">\n\t\t\t\t<div class=\"elementor-widget-container\">\n\t\t\t\t\t\t\t\t\t<p><span style=\"color: #000000;\">Witam z Bona Fides Invest!<\/span><\/p><p><span style=\"color: #000000;\">Dzi\u0119kujemy za zam\u00f3wienie!<\/span><\/p><p><span style=\"color: #000000;\">Twoje zam\u00f3wienie jest wstrzymane do czasu potwierdzenia otrzymania p\u0142atno\u015bci. Szczeg\u00f3\u0142y Twojego zam\u00f3wienia znajduj\u0105 si\u0119 poni\u017cej:<\/span><\/p><h2>Szczeg\u00f3\u0142y zam\u00f3wienia<\/h2><table border=\"0\" width=\"100%\" cellspacing=\"0\" cellpadding=\"0\"><tbody><tr><td align=\"left\" valign=\"middle\"><h3><em><span style=\"color: #000000;\">Numer zam\u00f3wienia:<\/span><\/em><\/h3><\/td><td align=\"right\" valign=\"middle\"><h3><span style=\"color: #000000;\"><em>Data zam\u00f3wienia:<\/em>\u00a0<\/span><\/h3><\/td><\/tr><\/tbody><\/table><div><div class=\"adm\"><div id=\"q_97\" class=\"ajR h4\" data-tooltip=\"Sakrivanje pro\u0161irenog sadr\u017eaja\" aria-label=\"Sakrivanje pro\u0161irenog sadr\u017eaja\" aria-expanded=\"true\"><div class=\"ajT\">\u00a0<\/div><\/div><\/div><div class=\"im\"><table border=\"0\" width=\"100%\" cellspacing=\"0\" cellpadding=\"6\"><thead><tr><th scope=\"col\" align=\"left\"><span style=\"color: #000000;\">Produkt<\/span><\/th><th scope=\"col\" align=\"center\"><span style=\"color: #000000;\">Ilo\u015b\u0107<\/span><\/th><th scope=\"col\" align=\"right\"><span style=\"color: #000000;\">Cena<\/span><\/th><\/tr><\/thead><\/table><p><span style=\"color: #000000;\">Dzi\u0119kujemy za wsparcie!<\/span><\/p><p><span style=\"color: #000000;\">P\u0142atno\u015b\u0107 zosta\u0142a zarejestrowana<\/span><\/p><p style=\"text-align: justify;\"><span style=\"color: #000000;\">Chcieliby\u015bmy poinformowa\u0107, \u017ce p\u0142atno\u015b\u0107 zosta\u0142a oficjalnie odnotowana na stronie kampanii.\u00a0<\/span><\/p><p style=\"text-align: justify;\"><span style=\"color: #000000;\"><strong>Cyfrowe podzi\u0119kowanie<\/strong><\/span><br \/><span style=\"color: #000000;\">Mo\u017cesz pobra\u0107 cyfrowe podzi\u0119kowanie\u00a0<a style=\"color: #000000;\" href=\"https:\/\/bonafidesinvest.eu\/pl\/digital-thank-you-cards\/?customize_changeset_uuid=c75dad4d-2a69-4b01-9395-da689ff3dd0d&amp;customize_autosaved=on&amp;customize_messenger_channel=preview-2\">tutaj<\/a>. Po pobraniu notatki z podzi\u0119kowaniami i wpisaniu w niej imienia i nazwiska, udost\u0119pnij j\u0105 w mediach spo\u0142eczno\u015bciowych znajomym, aby zach\u0119ci\u0107 ich do wsparcia kampanii.<\/span><\/p><p style=\"text-align: justify;\"><span style=\"color: #000000;\">UWAGA:<\/span><br \/><span style=\"color: #000000;\">Na potrzeby ksi\u0119gowo\u015bci podmiot\u00f3w gospodarczych wystarczy wyci\u0105g bankowy z p\u0142atno\u015bci oraz kopia niniejszej wiadomo\u015bci e-mail jako potwierdzenie otrzymania darowizny. Darczy\u0144cy mog\u0105 dodatkowo pobra\u0107 Formularz potwierdzenia darowizny dla podmiot\u00f3w gospodarczych\u00a0<a style=\"color: #000000;\" href=\"https:\/\/bonafidesinvest.eu\/pl\/donation-confirmation-form-for-business-entities\/?customize_changeset_uuid=c75dad4d-2a69-4b01-9395-da689ff3dd0d&amp;customize_autosaved=on&amp;customize_messenger_channel=preview-2\">tutaj<\/a>\u00a0i wype\u0142ni\u0107 go osobi\u015bcie.<\/span><\/p><p style=\"text-align: justify;\"><span style=\"color: #000000;\">Obywatele mog\u0105 uzyska\u0107 odliczenie podatkowe, podobnie jak firmy. W tym celu konieczne jest u\u017cycie wyci\u0105gu bankowego z p\u0142atno\u015bci i kopii tego e-maila jako potwierdzenia otrzymania darowizny. Darczy\u0144cy mog\u0105 dodatkowo pobra\u0107 Formularz potwierdzenia darowizny dla os\u00f3b fizycznych\u00a0<a style=\"color: #000000;\" href=\"https:\/\/bonafidesinvest.eu\/pl\/donation-confirmation-form-for-natural-persons\/?customize_changeset_uuid=c75dad4d-2a69-4b01-9395-da689ff3dd0d&amp;customize_autosaved=on&amp;customize_messenger_channel=preview-2\">tutaj<\/a>\u00a0i wype\u0142ni\u0107 go osobi\u015bcie.<\/span><\/p><p><span style=\"color: #000000;\">Adres rozliczeniowy<\/span><\/p><p><span style=\"color: #000000;\">Z niecierpliwo\u015bci\u0105 czekamy na realizacj\u0119 zam\u00f3wienia w najbli\u017cszym czasie.<\/span><\/p><p><span style=\"color: #000000;\">Kwota w Kunach chorwackich (kn) jest uzyskiwana przez przeliczenie ceny wed\u0142ug sta\u0142ego kursu CNB:<br \/>1 EUR = 7,53450 HRK<\/span><\/p><p><span style=\"color: #000000;\">Twoje zam\u00f3wienie zosta\u0142o odebrane i jest obecnie przetwarzane. Szczeg\u00f3\u0142y zam\u00f3wienia znajduj\u0105 si\u0119 poni\u017cej:<\/span><\/p><p><span style=\"color: #000000;\">Dzi\u0119kuj\u0119!<\/span><\/p><h2><span style=\"color: #000000;\">Wybrana nagroda<\/span><\/h2><ul><li><span style=\"color: #000000;\">Kwota:\u00a0<u><\/u><\/span><\/li><li><span style=\"color: #000000;\">Dostawa: ,<\/span><\/li><li><span style=\"color: #000000;\">Szczeg\u00f3\u0142y nagrody:\u00a0<\/span><\/li><\/ul><div><h3><span style=\"color: #000000;\">Dodatkowe informacje<\/span><\/h3><p><span style=\"color: #000000;\">Wybierz, je\u015bli nie chcesz otrzyma\u0107 nagrody za darowizn\u0119: Tak<\/span><\/p><\/div><\/div><\/div>\t\t\t\t\t\t\t\t<\/div>\n\t\t\t\t<\/div>\n\t\t\t\t\t<\/div>\n\t\t<\/div>\n\t\t\t\t\t<\/div>\n\t\t<\/section>\n\t\t\t\t<\/div>","protected":false},"excerpt":{"rendered":"<p>Hello from Bona Fides Invest! Thanks for your order! Your order is on-hold until we confirm payment has been received. Your order details are shown below for your reference: Order [&hellip;]<\/p>\n","protected":false},"author":1,"featured_media":0,"parent":0,"menu_order":0,"comment_status":"closed","ping_status":"closed","template":"","meta":{"footnotes":""},"class_list":["post-7786","page","type-page","status-publish","hentry"],"wpcf_dashboard":"<div class=\"woocommerce\"><div class=\"woocommerce-info\">Please log in first? <a class=\"wpneoShowLogin\" href=\"#\">Click here to login<\/a><\/div><div class=\"wpneo_login_form_div\" style=\"display: none;\"><form name=\"loginform\" id=\"loginform\" action=\"https:\/\/bonafidesinvest.eu\/wp-login.php\" method=\"post\"><p class=\"login-username\">\n\t\t\t\t<label for=\"user_login\">Nazwa u\u017cytkownika lub adres e-mail<\/label>\n\t\t\t\t<input type=\"text\" name=\"log\" id=\"user_login\" autocomplete=\"username\" class=\"input\" value=\"\" size=\"20\" \/>\n\t\t\t<\/p><p class=\"login-password\">\n\t\t\t\t<label for=\"user_pass\">Has\u0142o<\/label>\n\t\t\t\t<input type=\"password\" name=\"pwd\" id=\"user_pass\" autocomplete=\"current-password\" spellcheck=\"false\" class=\"input\" value=\"\" size=\"20\" \/>\n\t\t\t<\/p><p class=\"login-remember\"><label><input name=\"rememberme\" type=\"checkbox\" id=\"rememberme\" value=\"forever\" \/> Zapami\u0119taj mnie<\/label><\/p><p class=\"login-submit\">\n\t\t\t\t<input type=\"submit\" name=\"wp-submit\" id=\"wp-submit\" class=\"button button-primary\" value=\"Zaloguj si\u0119\" \/>\n\t\t\t\t<input type=\"hidden\" name=\"redirect_to\" value=\"https:\/\/bonafidesinvest.eu\/pl\/wp-json\/wp\/v2\/pages\/7786\" \/>\n\t\t\t<\/p><\/form><\/div><\/div>","_links":{"self":[{"href":"https:\/\/bonafidesinvest.eu\/pl\/wp-json\/wp\/v2\/pages\/7786","targetHints":{"allow":["GET"]}}],"collection":[{"href":"https:\/\/bonafidesinvest.eu\/pl\/wp-json\/wp\/v2\/pages"}],"about":[{"href":"https:\/\/bonafidesinvest.eu\/pl\/wp-json\/wp\/v2\/types\/page"}],"author":[{"embeddable":true,"href":"https:\/\/bonafidesinvest.eu\/pl\/wp-json\/wp\/v2\/users\/1"}],"replies":[{"embeddable":true,"href":"https:\/\/bonafidesinvest.eu\/pl\/wp-json\/wp\/v2\/comments?post=7786"}],"version-history":[{"count":0,"href":"https:\/\/bonafidesinvest.eu\/pl\/wp-json\/wp\/v2\/pages\/7786\/revisions"}],"wp:attachment":[{"href":"https:\/\/bonafidesinvest.eu\/pl\/wp-json\/wp\/v2\/media?parent=7786"}],"curies":[{"name":"wp","href":"https:\/\/api.w.org\/{rel}","templated":true}]}}