{"id":2528,"date":"2023-04-03T17:07:19","date_gmt":"2023-04-03T17:07:19","guid":{"rendered":"https:\/\/bonafidesinvest.eu\/?page_id=2528"},"modified":"2023-04-04T01:06:50","modified_gmt":"2023-04-04T01:06:50","slug":"polityka-prywatnosci","status":"publish","type":"page","link":"https:\/\/bonafidesinvest.eu\/pl\/privacy-policy\/","title":{"rendered":"Polityka prywatno\u015bci"},"content":{"rendered":"<div data-elementor-type=\"wp-page\" data-elementor-id=\"2528\" class=\"elementor elementor-2528\">\n\t\t\t\t\t\t<section class=\"elementor-section elementor-top-section elementor-element elementor-element-718aa932 elementor-section-boxed elementor-section-height-default elementor-section-height-default\" data-id=\"718aa932\" data-element_type=\"section\" data-e-type=\"section\">\n\t\t\t\t\t\t<div class=\"elementor-container elementor-column-gap-default\">\n\t\t\t\t\t<div class=\"elementor-column elementor-col-100 elementor-top-column elementor-element elementor-element-1671caf6\" data-id=\"1671caf6\" data-element_type=\"column\" data-e-type=\"column\">\n\t\t\t<div class=\"elementor-widget-wrap elementor-element-populated\">\n\t\t\t\t\t\t<div class=\"elementor-element elementor-element-75c0122f elementor-widget elementor-widget-text-editor\" data-id=\"75c0122f\" data-element_type=\"widget\" data-e-type=\"widget\" data-widget_type=\"text-editor.default\">\n\t\t\t\t<div class=\"elementor-widget-container\">\n\t\t\t\t\t\t\t\t\t<p><span style=\"color: #000000;\"><\/span><\/p>\n<p style=\"text-align: justify;\"><span style=\"color: #000000;\"><strong>O\u015bwiadczenie o gromadzeniu i ochronie danych osobowych<\/strong><\/span><\/p>\n<p style=\"text-align: justify;\"><span style=\"color: #000000;\">Twoja prywatno\u015b\u0107 jest dla nas wa\u017cna. Chcemy, aby\u015b czu\u0142 si\u0119 u nas bezpiecznie i dzia\u0142amy zgodnie z tym oraz przepisami prawa dotycz\u0105cymi ochrony danych osobowych.<\/span><\/p>\n<p style=\"text-align: justify;\"><span style=\"color: #000000;\">Poni\u017cej informujemy u\u017cytkownika o celach, dla kt\u00f3rych gromadzimy i wykorzystujemy jego dane osobowe oraz o tym, w jaki spos\u00f3b mo\u017ce on monitorowa\u0107 te procedury i korzysta\u0107 ze swoich praw.<\/span><\/p>\n<p style=\"text-align: justify;\"><span style=\"color: #000000;\">Nasze systemy informatyczne s\u0105 chronione za pomoc\u0105 \u015brodk\u00f3w technicznych i organizacyjnych przed nieuprawnionym dost\u0119pem, modyfikacj\u0105 lub rozpowszechnianiem danych u\u017cytkownika, a tak\u017ce przed ich utrat\u0105 lub usuni\u0119ciem.<\/span><\/p>\n<p style=\"text-align: justify;\"><span style=\"color: #000000;\">Wszystkie informacje o u\u017cytkownikach s\u0105 \u015bci\u015ble chronione i dost\u0119pne wy\u0142\u0105cznie dla pracownik\u00f3w, kt\u00f3rzy potrzebuj\u0105 tych informacji do wykonania zadania. Wszyscy nasi pracownicy i partnerzy biznesowi s\u0105 odpowiedzialni za przestrzeganie zasad ochrony poufno\u015bci.<\/span><\/p>\n<p style=\"text-align: justify;\"><span style=\"color: #000000;\">Jako nasz u\u017cytkownik masz prawo do otrzymywania informacji o przetwarzaniu Twoich danych osobowych oraz do sk\u0142adania wniosk\u00f3w o skorzystanie z przys\u0142uguj\u0105cych Ci praw.<\/span><\/p>\n<p style=\"text-align: justify;\"><span style=\"color: #000000;\">Przetwarzanie danych osobowych odbywa si\u0119 przez:<br \/>Centrum Innowacji Spo\u0142ecznych i Zr\u00f3wnowa\u017conego Rozwoju (CEDIOR)<br \/>Ante Jak\u0161i\u0107a 10, 10 000 Zagrzeb, Chorwacja<br \/>PIN: 12061569340<br \/>+385 (0)98 611 467<br \/>info@bonafidesinvest.eu<\/span><\/p>\n<p style=\"text-align: justify;\"><span style=\"color: #000000;\"><strong>Cele i podstawa prawna przetwarzania danych<\/strong><\/span><\/p>\n<p style=\"text-align: justify;\"><span style=\"color: #000000;\">U\u017cywamy danych osobowych wy\u0142\u0105cznie w celu \u0142\u0105czenia inwestor\u00f3w i w\u0142a\u015bcicieli projekt\u00f3w, korespondencji biznesowej i wysy\u0142ania powiadomie\u0144, i nie przekazujemy ich ani nie wykorzystujemy do nieprzewidzianych cel\u00f3w.<\/span><\/p>\n<p style=\"text-align: justify;\"><span style=\"color: #000000;\"><strong>Gromadzone przez nas dane mog\u0105 zawiera\u0107:<br \/><\/strong><\/span><\/p>\n<ul>\n<li style=\"text-align: justify;\"><span style=\"color: #000000;\">Imi\u0119 i nazwisko \/ nazwa firmy;<\/span><\/li>\n<li style=\"text-align: justify;\"><span style=\"color: #000000;\">Adres pocztowy;<\/span><\/li>\n<li style=\"text-align: justify;\"><span style=\"color: #000000;\">Adres e-mail;<\/span><\/li>\n<li style=\"text-align: justify;\"><span style=\"color: #000000;\">Numer telefonu kom\u00f3rkowego lub stacjonarnego.<\/span><\/li>\n<\/ul>\n<p><span style=\"color: #000000;\"><strong style=\"text-align: left;\">Powiadomienie przez e-mail<\/strong><\/span><\/p>\n<p style=\"text-align: justify;\"><span style=\"color: #000000;\">U\u017cywamy platformy Mailchimp do dostarczania newsletter\u00f3w, a tak\u017ce do zarz\u0105dzania listami odbiorc\u00f3w i zapisami rezygnacji z subskrypcji oraz podejmujemy wszelkie niezb\u0119dne \u015brodki w celu ochrony danych zgodnie z przepisami o ochronie danych osobowych. U\u017cytkownik ma prawo zaakceptowa\u0107 lub zrezygnowa\u0107 z otrzymywania naszych wiadomo\u015bci.<\/span><\/p>\n<p style=\"text-align: justify;\"><span style=\"color: #000000;\"><strong>Prawa u\u017cytkownika<\/strong><\/span><\/p>\n<p style=\"text-align: justify;\"><span style=\"color: #000000;\">Gwarantujemy nast\u0119puj\u0105ce prawa:<\/span><\/p>\n<p><span style=\"color: #000000;\"><\/span><\/p>\n<p><span style=\"color: #000000;\"><\/span><\/p>\n<p><span style=\"color: #000000;\"><\/span><\/p>\n<ul>\n<li><span style=\"color: #000000;\">Prawo dost\u0119pu (informacje o zakresie i rodzaju) do danych u\u017cytkownika;<\/span><\/li>\n<li><span style=\"color: #000000;\">Prawo do korekty (odnosi si\u0119 do podanych informacji);<\/span><\/li>\n<li><span style=\"color: #000000;\">Prawo do bycia zapomnianym;<\/span><\/li>\n<li><span style=\"color: #000000;\">Prawo do z\u0142o\u017cenia skargi dotycz\u0105cej wykorzystania danych osobowych.<\/span><\/li>\n<\/ul>\n<p><span style=\"color: #000000;\"><\/span><\/p>\n<ul class=\"wp-block-list\"><\/ul>\n<p><span style=\"color: #000000;\"><\/span><\/p>\n<p><span style=\"color: #000000;\"><strong>Prawo dost\u0119pu<\/strong><\/span><\/p>\n<p><span style=\"color: #000000;\"><\/span><\/p>\n<p style=\"text-align: justify;\"><span style=\"color: #000000;\">U\u017cytkownik ma prawo do informacji o swoich danych osobowych, kt\u00f3rymi zarz\u0105dzamy i kt\u00f3re przechowujemy.<\/span><\/p>\n<p style=\"text-align: justify;\"><span style=\"color: #000000;\"><strong>Prawo do sprostowania<\/strong><\/span><\/p>\n<p style=\"text-align: justify;\"><span style=\"color: #000000;\">U\u017cytkownik ma prawo do poprawienia nieprawid\u0142owych danych osobowych, kt\u00f3re go dotycz\u0105, co zrobimy w ci\u0105gu 3 dni roboczych.<\/span><\/p>\n<p style=\"text-align: justify;\"><span style=\"color: #000000;\"><strong>Prawo do usuni\u0119cia danych (prawo do bycia zapomnianym)<\/strong><\/span><\/p>\n<p style=\"text-align: justify;\"><span style=\"color: #000000;\">U\u017cytkownik ma prawo do uzyskania anonimizacji swoich danych osobowych bez zb\u0119dnej zw\u0142oki, je\u015bli nie chce by\u0107 dalszym u\u017cytkownikiem us\u0142ug lub je\u015bli nie chce, aby\u015bmy wykorzystywali jego dane osobowe do okre\u015blonych cel\u00f3w.<\/span><\/p>\n<p style=\"text-align: justify;\"><span style=\"color: #000000;\"><strong>Prawo do sprzeciwu wobec wykorzystywania danych osobowych<\/strong><\/span><\/p>\n<p style=\"text-align: justify;\"><span style=\"color: #000000;\">Je\u015bli przetwarzanie danych osobowych u\u017cytkownika opiera si\u0119 na realizacji naszych uzasadnionych interes\u00f3w, u\u017cytkownik ma prawo w dowolnym momencie wnie\u015b\u0107 sprzeciw wobec takiego przetwarzania danych osobowych w zakresie, w jakim przetwarzanie dotyczy jego danych. W przypadku wniesienia takiego sprzeciwu:<\/span><\/p>\n<ul>\n<li style=\"text-align: justify;\"><span style=\"color: #000000;\">dotycz\u0105cych powiadomie\u0144 (\"newsletter\") - nie b\u0119dziemy wykorzystywa\u0107 danych osobowych u\u017cytkownika w tym celu;<\/span><\/li>\n<li style=\"text-align: justify;\"><span style=\"color: #000000;\">zwi\u0105zane z innymi przypadkami uzasadnionego interesu - nie b\u0119dziemy dalej przetwarza\u0107 danych osobowych u\u017cytkownika w celu, kt\u00f3rego dotyczy skarga.<\/span><\/li>\n<\/ul>\n<p style=\"text-align: justify;\"><span style=\"color: #000000;\"><strong>Pliki cookie<\/strong><\/span><\/p>\n<p style=\"text-align: justify;\"><span style=\"color: #000000;\">U\u017cywamy komputerowych plik\u00f3w cookie na naszej stronie internetowej, aby umo\u017cliwi\u0107 korzystanie z niekt\u00f3rych funkcji technicznych i u\u0142atwi\u0107 poruszanie si\u0119 po naszej stronie internetowej.<\/span><\/p>\n<p style=\"text-align: justify;\"><span style=\"color: #000000;\"><strong>Jak mo\u017cesz skorzysta\u0107 ze swoich praw<\/strong><\/span><\/p>\n<p style=\"text-align: justify;\"><span style=\"color: #000000;\">W przypadku wszelkich pyta\u0144 i wniosk\u00f3w dotycz\u0105cych danych osobowych prosimy o kontakt z naszymi koordynatorami ds. ochrony danych pod adresem e-mail info@bonafidesinvest.eu z dopiskiem OCHRONA DANYCH w temacie.<\/span><\/p>\n<p style=\"text-align: justify;\"><span style=\"color: #000000;\">B\u0119dziemy przetwarza\u0107 zapytania i \u017c\u0105dania u\u017cytkownik\u00f3w bez zb\u0119dnej zw\u0142oki i zgodnie ze zobowi\u0105zaniami prawnymi, a tak\u017ce b\u0119dziemy informowa\u0107 u\u017cytkownik\u00f3w o podj\u0119tych przez nas \u015brodkach.<\/span><\/p>\n<p><span style=\"color: #000000;\"><\/span><\/p>\n<p><span style=\"color: #000000;\"><\/span><\/p>\n<p><span style=\"color: #000000;\"><\/span><\/p>\n<p><span style=\"color: #000000;\"><\/span><\/p>\n<p><span style=\"color: #000000;\"><\/span><\/p>\n<p><span style=\"color: #000000;\"><\/span><\/p>\n<p><span style=\"color: #000000;\"><\/span><\/p>\n<p><span style=\"color: #000000;\"><\/span><\/p>\n<p><span style=\"color: #000000;\"><\/span><\/p>\n<p><span style=\"color: #000000;\"><\/span><\/p>\n<p><span style=\"color: #000000;\"><\/span><\/p>\n<p><span style=\"color: #000000;\"><\/span><\/p>\t\t\t\t\t\t\t\t<\/div>\n\t\t\t\t<\/div>\n\t\t\t\t\t<\/div>\n\t\t<\/div>\n\t\t\t\t\t<\/div>\n\t\t<\/section>\n\t\t\t\t<\/div>","protected":false},"excerpt":{"rendered":"<p>Personal data gathering and protection statement Your privacy is important to us. We want you to feel safe with us, and we act in accordance with that and the legal [&hellip;]<\/p>\n","protected":false},"author":1,"featured_media":0,"parent":0,"menu_order":0,"comment_status":"closed","ping_status":"closed","template":"","meta":{"footnotes":""},"class_list":["post-2528","page","type-page","status-publish","hentry"],"wpcf_dashboard":"<div class=\"woocommerce\"><div class=\"woocommerce-info\">Please log in first? <a class=\"wpneoShowLogin\" href=\"#\">Click here to login<\/a><\/div><div class=\"wpneo_login_form_div\" style=\"display: none;\"><form name=\"loginform\" id=\"loginform\" action=\"https:\/\/bonafidesinvest.eu\/wp-login.php\" method=\"post\"><p class=\"login-username\">\n\t\t\t\t<label for=\"user_login\">Nazwa u\u017cytkownika lub adres e-mail<\/label>\n\t\t\t\t<input type=\"text\" name=\"log\" id=\"user_login\" autocomplete=\"username\" class=\"input\" value=\"\" size=\"20\" \/>\n\t\t\t<\/p><p class=\"login-password\">\n\t\t\t\t<label for=\"user_pass\">Has\u0142o<\/label>\n\t\t\t\t<input type=\"password\" name=\"pwd\" id=\"user_pass\" autocomplete=\"current-password\" spellcheck=\"false\" class=\"input\" value=\"\" size=\"20\" \/>\n\t\t\t<\/p><p class=\"login-remember\"><label><input name=\"rememberme\" type=\"checkbox\" id=\"rememberme\" value=\"forever\" \/> Zapami\u0119taj mnie<\/label><\/p><p class=\"login-submit\">\n\t\t\t\t<input type=\"submit\" name=\"wp-submit\" id=\"wp-submit\" class=\"button button-primary\" value=\"Zaloguj si\u0119\" \/>\n\t\t\t\t<input type=\"hidden\" name=\"redirect_to\" value=\"https:\/\/bonafidesinvest.eu\/pl\/wp-json\/wp\/v2\/pages\/2528\" \/>\n\t\t\t<\/p><\/form><\/div><\/div>","_links":{"self":[{"href":"https:\/\/bonafidesinvest.eu\/pl\/wp-json\/wp\/v2\/pages\/2528","targetHints":{"allow":["GET"]}}],"collection":[{"href":"https:\/\/bonafidesinvest.eu\/pl\/wp-json\/wp\/v2\/pages"}],"about":[{"href":"https:\/\/bonafidesinvest.eu\/pl\/wp-json\/wp\/v2\/types\/page"}],"author":[{"embeddable":true,"href":"https:\/\/bonafidesinvest.eu\/pl\/wp-json\/wp\/v2\/users\/1"}],"replies":[{"embeddable":true,"href":"https:\/\/bonafidesinvest.eu\/pl\/wp-json\/wp\/v2\/comments?post=2528"}],"version-history":[{"count":0,"href":"https:\/\/bonafidesinvest.eu\/pl\/wp-json\/wp\/v2\/pages\/2528\/revisions"}],"wp:attachment":[{"href":"https:\/\/bonafidesinvest.eu\/pl\/wp-json\/wp\/v2\/media?parent=2528"}],"curies":[{"name":"wp","href":"https:\/\/api.w.org\/{rel}","templated":true}]}}