{"id":2132,"date":"2023-04-01T22:13:01","date_gmt":"2023-04-01T22:13:01","guid":{"rendered":"https:\/\/bonafidesinvest.eu\/?page_id=2132"},"modified":"2024-02-14T00:50:25","modified_gmt":"2024-02-13T22:50:25","slug":"wycena","status":"publish","type":"page","link":"https:\/\/bonafidesinvest.eu\/pl\/pricing\/","title":{"rendered":"Cennik"},"content":{"rendered":"<div data-elementor-type=\"wp-page\" data-elementor-id=\"2132\" class=\"elementor elementor-2132\">\n\t\t\t\t\t\t<section class=\"elementor-section elementor-top-section elementor-element elementor-element-5cb4fba elementor-section-boxed elementor-section-height-default elementor-section-height-default\" data-id=\"5cb4fba\" data-element_type=\"section\" data-e-type=\"section\" data-settings=\"{&quot;background_background&quot;:&quot;classic&quot;}\">\n\t\t\t\t\t\t<div class=\"elementor-container elementor-column-gap-default\">\n\t\t\t\t\t<div class=\"elementor-column elementor-col-100 elementor-top-column elementor-element elementor-element-1a8af99\" data-id=\"1a8af99\" data-element_type=\"column\" data-e-type=\"column\">\n\t\t\t<div class=\"elementor-widget-wrap elementor-element-populated\">\n\t\t\t\t\t\t<div class=\"elementor-element elementor-element-9fece9b elementor-widget elementor-widget-gva-heading-block\" data-id=\"9fece9b\" data-element_type=\"widget\" data-e-type=\"widget\" data-widget_type=\"gva-heading-block.default\">\n\t\t\t\t<div class=\"elementor-widget-container\">\n\t\t\t\t\t<div class=\"gva-element-gva-heading-block gva-element\">   <div class=\"align-center style-1 widget gsc-heading box-align-left auto-responsive\">\r\n      <div class=\"content-inner\">\r\n         \r\n         \r\n                     <div class=\"sub-title\">\r\n               <span class=\"tagline\">Plan cenowy<\/span>\r\n                                 <span class=\"shadow-text\">Cennik<\/span>\r\n                  \r\n            <\/div>\r\n           \r\n         \r\n                     <h2 class=\"title\">\r\n               <span>Wybierz plan cenowy<\/span>\r\n            <\/h2>\r\n                  \r\n         \r\n      <\/div>\r\n   <\/div>\r\n<\/div>\t\t\t\t<\/div>\n\t\t\t\t<\/div>\n\t\t\t\t\t<\/div>\n\t\t<\/div>\n\t\t\t\t\t<\/div>\n\t\t<\/section>\n\t\t\t\t<section class=\"elementor-section elementor-top-section elementor-element elementor-element-24cce4d elementor-section-boxed elementor-section-height-default elementor-section-height-default\" data-id=\"24cce4d\" data-element_type=\"section\" data-e-type=\"section\" data-settings=\"{&quot;background_background&quot;:&quot;classic&quot;}\">\n\t\t\t\t\t\t<div class=\"elementor-container elementor-column-gap-default\">\n\t\t\t\t\t<div class=\"elementor-column elementor-col-33 elementor-top-column elementor-element elementor-element-6c55053\" data-id=\"6c55053\" data-element_type=\"column\" data-e-type=\"column\">\n\t\t\t<div class=\"elementor-widget-wrap elementor-element-populated\">\n\t\t\t\t\t\t<div class=\"elementor-element elementor-element-440bb81 elementor-widget elementor-widget-gva-pricing-block\" data-id=\"440bb81\" data-element_type=\"widget\" data-e-type=\"widget\" data-widget_type=\"gva-pricing-block.default\">\n\t\t\t\t<div class=\"elementor-widget-container\">\n\t\t\t\t\t<div class=\"gva-element-gva-pricing-block gva-element\">   \r\n<div class=\"widget gsc-pricing style-1 active-\">\r\n   <div class=\"content-inner\">\r\n\r\n      <div class=\"sub-title\">Pi\u0119ciogwiazdkowa ocena edukacji<\/div>\r\n               <h3 class=\"title\">\r\n            <span>MODEL EDUKACJI<\/span>\r\n         <\/h3>\r\n      \r\n      <div class=\"plan-price\">\r\n         <div class=\"plan-price-inner clearfix\">\r\n            <span class=\"currency\">\u20ac<\/span>\r\n            <span class=\"price\">400<\/span>\r\n               \r\n         <\/div>\r\n      <\/div>\r\n\r\n      <div class=\"desc\">Chc\u0119 przej\u015b\u0107 szkolenie z crowdfundingu bez rozpoczynania kampanii.<\/div>\r\n               <ul class=\"plan-list\">\r\n                           <li class=\"active\">\r\n                  <span class=\"text\">1 osoba<\/span>\r\n               <\/li>  \r\n                           <li class=\"active\">\r\n                  <span class=\"text\">Fizycznie lub online<\/span>\r\n               <\/li>  \r\n                           <li class=\"active\">\r\n                  <span class=\"text\">J\u0119zyk angielski lub chorwacki<\/span>\r\n               <\/li>  \r\n                           <li class=\"active\">\r\n                  <span class=\"text\">Do\u015bwiadczeni wyk\u0142adowcy z wieloletnim do\u015bwiadczeniem w bran\u017cy finansowej<\/span>\r\n               <\/li>  \r\n                           <li class=\"active\">\r\n                  <span class=\"text\">Certyfikat Mi\u0119dzynarodowego Centrum Crowdfundingu (ICFC)<\/span>\r\n               <\/li>  \r\n                           <li class=\"active\">\r\n                  <span class=\"text\">Udzielamy zni\u017cek dla wi\u0119kszych grup. Skontaktuj si\u0119 z nami, aby stworzy\u0107 indywidualn\u0105 ofert\u0119<\/span>\r\n               <\/li>  \r\n                           <li class=\"active\">\r\n                  <span class=\"text\">Organizatorzy edukacji dla wi\u0119kszych grup uczestnik\u00f3w otrzymuj\u0105 certyfikat odpowiedzialno\u015bci spo\u0142ecznej Crowdfunding Literacy Certificate<\/span>\r\n               <\/li>  \r\n                     <\/ul>\r\n         \r\n\r\n\r\n               <div class=\"pricing-action\">\r\n            \t\t  <a href=\"https:\/\/bonafidesinvest.eu\/pl\/crowdfunding-education\/\" class=\"btn-theme\">\r\n\t\t\t <span>Wi\u0119cej informacji o szkole<\/span>\r\n\t\t  <\/a>\r\n\r\n\t\t           <\/div>\r\n         <\/div>\r\n<\/div>\r\n\r\n<div class=\"clearfix\"><\/div>\r\n\r\n<\/div>\t\t\t\t<\/div>\n\t\t\t\t<\/div>\n\t\t\t\t\t<\/div>\n\t\t<\/div>\n\t\t\t\t<div class=\"elementor-column elementor-col-33 elementor-top-column elementor-element elementor-element-af68d50\" data-id=\"af68d50\" data-element_type=\"column\" data-e-type=\"column\">\n\t\t\t<div class=\"elementor-widget-wrap elementor-element-populated\">\n\t\t\t\t\t\t<div class=\"elementor-element elementor-element-8698e0d elementor-widget elementor-widget-gva-pricing-block\" data-id=\"8698e0d\" data-element_type=\"widget\" data-e-type=\"widget\" data-widget_type=\"gva-pricing-block.default\">\n\t\t\t\t<div class=\"elementor-widget-container\">\n\t\t\t\t\t<div class=\"gva-element-gva-pricing-block gva-element\">   \r\n<div class=\"widget gsc-pricing style-1 active-yes\">\r\n   <div class=\"content-inner\">\r\n\r\n      <div class=\"sub-title\">NAJLEPSZY KUPON<\/div>\r\n               <h3 class=\"title\">\r\n            <span>NAJLEPIEJ SPRZEDAJ\u0104CY SI\u0118 MODEL<\/span>\r\n         <\/h3>\r\n      \r\n      <div class=\"plan-price\">\r\n         <div class=\"plan-price-inner clearfix\">\r\n            <span class=\"currency\">\u20ac<\/span>\r\n            <span class=\"price\">200 + 7%<\/span>\r\n               \r\n         <\/div>\r\n      <\/div>\r\n\r\n      <div class=\"desc\">Chc\u0119 wzi\u0105\u0107 udzia\u0142 w edukacji crowdfundingowej i rozpocz\u0105\u0107 kampani\u0119.<\/div>\r\n               <ul class=\"plan-list\">\r\n                           <li class=\"active\">\r\n                  <span class=\"text\">Sta\u0142a kwota 200 euro jest p\u0142atna z g\u00f3ry za Crowdfunding School<\/span>\r\n               <\/li>  \r\n                           <li class=\"active\">\r\n                  <span class=\"text\">Otrzymujesz edukacj\u0119 dla 2 cz\u0142onk\u00f3w zespo\u0142u<\/span>\r\n               <\/li>  \r\n                           <li class=\"active\">\r\n                  <span class=\"text\">Monitorujemy twoje post\u0119py<\/span>\r\n               <\/li>  \r\n                           <li class=\"active\">\r\n                  <span class=\"text\">Kampania musi zosta\u0107 uruchomiona w ci\u0105gu jednego roku<\/span>\r\n               <\/li>  \r\n                           <li class=\"active\">\r\n                  <span class=\"text\">Zmienna kwota 7% jest wyp\u0142acana na koniec kampanii<\/span>\r\n               <\/li>  \r\n                           <li class=\"active\">\r\n                  <span class=\"text\">Opr\u00f3cz op\u0142aty 7% nie ma \u017cadnych innych op\u0142at<\/span>\r\n               <\/li>  \r\n                           <li class=\"active\">\r\n                  <span class=\"text\">Nie jest wymagany \u017caden po\u015brednik, aby\u015bmy mogli wyp\u0142aci\u0107 ci \u015brodki.<\/span>\r\n               <\/li>  \r\n                           <li class=\"active\">\r\n                  <span class=\"text\">Je\u015bli w przysz\u0142o\u015bci rozpoczniesz now\u0105 kampani\u0119, sta\u0142a op\u0142ata nie zostanie naliczona.<\/span>\r\n               <\/li>  \r\n                     <\/ul>\r\n         \r\n\r\n\r\n               <div class=\"pricing-action\">\r\n            \t\t  <a href=\"https:\/\/bonafidesinvest.eu\/pl\/kontakt\/\" class=\"btn-theme\">\r\n\t\t\t <span>Kontakt<\/span>\r\n\t\t  <\/a>\r\n\r\n\t\t           <\/div>\r\n         <\/div>\r\n<\/div>\r\n\r\n<div class=\"clearfix\"><\/div>\r\n\r\n<\/div>\t\t\t\t<\/div>\n\t\t\t\t<\/div>\n\t\t\t\t\t<\/div>\n\t\t<\/div>\n\t\t\t\t<div class=\"elementor-column elementor-col-33 elementor-top-column elementor-element elementor-element-0017ba5\" data-id=\"0017ba5\" data-element_type=\"column\" data-e-type=\"column\">\n\t\t\t<div class=\"elementor-widget-wrap elementor-element-populated\">\n\t\t\t\t\t\t<div class=\"elementor-element elementor-element-b6d77e6 elementor-widget elementor-widget-gva-pricing-block\" data-id=\"b6d77e6\" data-element_type=\"widget\" data-e-type=\"widget\" data-widget_type=\"gva-pricing-block.default\">\n\t\t\t\t<div class=\"elementor-widget-container\">\n\t\t\t\t\t<div class=\"gva-element-gva-pricing-block gva-element\">   \r\n<div class=\"widget gsc-pricing style-1 active-no\">\r\n   <div class=\"content-inner\">\r\n\r\n      <div class=\"sub-title\">Marchewka i kij<\/div>\r\n               <h3 class=\"title\">\r\n            <span>MODEL WYZWANIA<\/span>\r\n         <\/h3>\r\n      \r\n      <div class=\"plan-price\">\r\n         <div class=\"plan-price-inner clearfix\">\r\n            <span class=\"currency\">\u20ac<\/span>\r\n            <span class=\"price\">7-15%<\/span>\r\n                           <span class=\"interval\">\/ od ca\u0142kowitej kwoty<\/span>\r\n               \r\n         <\/div>\r\n      <\/div>\r\n\r\n      <div class=\"desc\">Chc\u0119 uruchomi\u0107 kampani\u0119 bez udzia\u0142u w szkoleniu crowdfundingowym.<\/div>\r\n               <ul class=\"plan-list\">\r\n                           <li class=\"active\">\r\n                  <span class=\"text\">W przypadku zebrania do 20% kwoty docelowej op\u0142ata wynosi 15%<\/span>\r\n               <\/li>  \r\n                           <li class=\"active\">\r\n                  <span class=\"text\">Je\u015bli uzbierasz od 21% do 40% kwoty docelowej, op\u0142ata wyniesie 13%<\/span>\r\n               <\/li>  \r\n                           <li class=\"active\">\r\n                  <span class=\"text\">Je\u015bli uzbierasz od 41% do 60% kwoty docelowej, op\u0142ata wynosi 11%<\/span>\r\n               <\/li>  \r\n                           <li class=\"active\">\r\n                  <span class=\"text\">Je\u015bli uzbierasz od 61% do 80% kwoty docelowej, op\u0142ata wynosi 9%<\/span>\r\n               <\/li>  \r\n                           <li class=\"active\">\r\n                  <span class=\"text\">Je\u015bli uzbierasz wi\u0119cej ni\u017c 81% kwoty docelowej, op\u0142ata wynosi 7%<\/span>\r\n               <\/li>  \r\n                     <\/ul>\r\n         \r\n\r\n\r\n               <div class=\"pricing-action\">\r\n            \t\t  <a href=\"https:\/\/bonafidesinvest.eu\/pl\/kontakt\/\" class=\"btn-theme\">\r\n\t\t\t <span>Kontakt <\/span>\r\n\t\t  <\/a>\r\n\r\n\t\t           <\/div>\r\n         <\/div>\r\n<\/div>\r\n\r\n<div class=\"clearfix\"><\/div>\r\n\r\n<\/div>\t\t\t\t<\/div>\n\t\t\t\t<\/div>\n\t\t\t\t\t<\/div>\n\t\t<\/div>\n\t\t\t\t\t<\/div>\n\t\t<\/section>\n\t\t\t\t<section class=\"elementor-section elementor-top-section elementor-element elementor-element-7f285b1 elementor-section-boxed elementor-section-height-default elementor-section-height-default\" data-id=\"7f285b1\" data-element_type=\"section\" data-e-type=\"section\" data-settings=\"{&quot;background_background&quot;:&quot;classic&quot;}\">\n\t\t\t\t\t\t<div class=\"elementor-container elementor-column-gap-default\">\n\t\t\t\t\t<div class=\"elementor-column elementor-col-50 elementor-top-column elementor-element elementor-element-8407a97\" data-id=\"8407a97\" data-element_type=\"column\" data-e-type=\"column\">\n\t\t\t<div class=\"elementor-widget-wrap elementor-element-populated\">\n\t\t\t\t\t\t<div class=\"elementor-element elementor-element-1d1c3dc elementor-widget elementor-widget-gva-heading-block\" data-id=\"1d1c3dc\" data-element_type=\"widget\" data-e-type=\"widget\" data-widget_type=\"gva-heading-block.default\">\n\t\t\t\t<div class=\"elementor-widget-container\">\n\t\t\t\t\t<div class=\"gva-element-gva-heading-block gva-element\">   <div class=\"align-left style-1 widget gsc-heading box-align-left auto-responsive\">\r\n      <div class=\"content-inner\">\r\n         \r\n         \r\n                     <div class=\"sub-title\">\r\n               <span class=\"tagline\">Skontaktuj si\u0119 z nami, aby stworzy\u0107 indywidualn\u0105 ofert\u0119, je\u015bli chcesz, aby\u015bmy przygotowali i przeprowadzili dla Ciebie kampani\u0119 crowdfundingow\u0105 zgodnie z zasad\u0105 \"pod klucz\".<\/span>\r\n                                 <span class=\"shadow-text\">Model pod klucz<\/span>\r\n                  \r\n            <\/div>\r\n           \r\n         \r\n                     <h2 class=\"title\">\r\n               <span>Model pod klucz<\/span>\r\n            <\/h2>\r\n                  \r\n                     <div class=\"heading-action\">\r\n               \t\t  <a href=\"https:\/\/bonafidesinvest.eu\/pl\/kontakt\/\" class=\"btn-cta btn-theme\">\r\n\t\t\t <span>Cena wywo\u0142awcza wynosi 5000 euro z g\u00f3ry + 17%<\/span>\r\n\t\t  <\/a>\r\n\r\n\t\t              <\/div>\r\n         \r\n      <\/div>\r\n   <\/div>\r\n<\/div>\t\t\t\t<\/div>\n\t\t\t\t<\/div>\n\t\t\t\t\t<\/div>\n\t\t<\/div>\n\t\t\t\t<div class=\"elementor-column elementor-col-50 elementor-top-column elementor-element elementor-element-41859fb\" data-id=\"41859fb\" data-element_type=\"column\" data-e-type=\"column\">\n\t\t\t<div class=\"elementor-widget-wrap elementor-element-populated\">\n\t\t\t\t\t\t<div class=\"elementor-element elementor-element-40fb823 elementor-widget__width-auto elementor-widget elementor-widget-html\" data-id=\"40fb823\" data-element_type=\"widget\" data-e-type=\"widget\" data-widget_type=\"html.default\">\n\t\t\t\t<div class=\"elementor-widget-container\">\n\t\t\t\t\t<a class=\"btn-border-white\" href=\"https:\/\/bonafidesinvest.eu\/pl\/kontakt\/\">\n    Kontakt\n<\/a>\t\t\t\t<\/div>\n\t\t\t\t<\/div>\n\t\t\t\t\t<\/div>\n\t\t<\/div>\n\t\t\t\t\t<\/div>\n\t\t<\/section>\n\t\t\t\t<\/div>","protected":false},"excerpt":{"rendered":"<p>Pricing plan Pricing Choose pricing plan Five star rating education EDUCATION MODEL \u20ac 400 I want to get training on crowdfunding without starting a campaign. 1 person Physically or online [&hellip;]<\/p>\n","protected":false},"author":1,"featured_media":0,"parent":0,"menu_order":0,"comment_status":"closed","ping_status":"closed","template":"","meta":{"footnotes":""},"class_list":["post-2132","page","type-page","status-publish","hentry"],"wpcf_dashboard":"<div class=\"woocommerce\"><div class=\"woocommerce-info\">Please log in first? <a class=\"wpneoShowLogin\" href=\"#\">Click here to login<\/a><\/div><div class=\"wpneo_login_form_div\" style=\"display: none;\"><form name=\"loginform\" id=\"loginform\" action=\"https:\/\/bonafidesinvest.eu\/wp-login.php\" method=\"post\"><p class=\"login-username\">\n\t\t\t\t<label for=\"user_login\">Nazwa u\u017cytkownika lub adres e-mail<\/label>\n\t\t\t\t<input type=\"text\" name=\"log\" id=\"user_login\" autocomplete=\"username\" class=\"input\" value=\"\" size=\"20\" \/>\n\t\t\t<\/p><p class=\"login-password\">\n\t\t\t\t<label for=\"user_pass\">Has\u0142o<\/label>\n\t\t\t\t<input type=\"password\" name=\"pwd\" id=\"user_pass\" autocomplete=\"current-password\" spellcheck=\"false\" class=\"input\" value=\"\" size=\"20\" \/>\n\t\t\t<\/p><p class=\"login-remember\"><label><input name=\"rememberme\" type=\"checkbox\" id=\"rememberme\" value=\"forever\" \/> Zapami\u0119taj mnie<\/label><\/p><p class=\"login-submit\">\n\t\t\t\t<input type=\"submit\" name=\"wp-submit\" id=\"wp-submit\" class=\"button button-primary\" value=\"Zaloguj si\u0119\" \/>\n\t\t\t\t<input type=\"hidden\" name=\"redirect_to\" value=\"https:\/\/bonafidesinvest.eu\/pl\/wp-json\/wp\/v2\/pages\/2132\" \/>\n\t\t\t<\/p><\/form><\/div><\/div>","_links":{"self":[{"href":"https:\/\/bonafidesinvest.eu\/pl\/wp-json\/wp\/v2\/pages\/2132","targetHints":{"allow":["GET"]}}],"collection":[{"href":"https:\/\/bonafidesinvest.eu\/pl\/wp-json\/wp\/v2\/pages"}],"about":[{"href":"https:\/\/bonafidesinvest.eu\/pl\/wp-json\/wp\/v2\/types\/page"}],"author":[{"embeddable":true,"href":"https:\/\/bonafidesinvest.eu\/pl\/wp-json\/wp\/v2\/users\/1"}],"replies":[{"embeddable":true,"href":"https:\/\/bonafidesinvest.eu\/pl\/wp-json\/wp\/v2\/comments?post=2132"}],"version-history":[{"count":0,"href":"https:\/\/bonafidesinvest.eu\/pl\/wp-json\/wp\/v2\/pages\/2132\/revisions"}],"wp:attachment":[{"href":"https:\/\/bonafidesinvest.eu\/pl\/wp-json\/wp\/v2\/media?parent=2132"}],"curies":[{"name":"wp","href":"https:\/\/api.w.org\/{rel}","templated":true}]}}