{"id":4942,"date":"2023-07-28T23:52:55","date_gmt":"2023-07-28T21:52:55","guid":{"rendered":"https:\/\/bonafidesinvest.eu\/?page_id=4942"},"modified":"2023-07-29T23:33:06","modified_gmt":"2023-07-29T21:33:06","slug":"faq","status":"publish","type":"page","link":"https:\/\/bonafidesinvest.eu\/nb\/faq\/","title":{"rendered":"Ofte stilte sp\u00f8rsm\u00e5l"},"content":{"rendered":"<div data-elementor-type=\"wp-page\" data-elementor-id=\"4942\" class=\"elementor elementor-4942\">\n\t\t\t\t\t\t<section class=\"elementor-section elementor-top-section elementor-element elementor-element-231b4f0 elementor-section-boxed elementor-section-height-default elementor-section-height-default\" data-id=\"231b4f0\" data-element_type=\"section\" data-e-type=\"section\" data-settings=\"{&quot;background_background&quot;:&quot;classic&quot;}\">\n\t\t\t\t\t\t<div class=\"elementor-container elementor-column-gap-default\">\n\t\t\t\t\t<div class=\"elementor-column elementor-col-100 elementor-top-column elementor-element elementor-element-9160ba7\" data-id=\"9160ba7\" data-element_type=\"column\" data-e-type=\"column\">\n\t\t\t<div class=\"elementor-widget-wrap elementor-element-populated\">\n\t\t\t\t\t\t<div class=\"elementor-element elementor-element-47424a9 elementor-widget elementor-widget-gva-heading-block\" data-id=\"47424a9\" data-element_type=\"widget\" data-e-type=\"widget\" data-widget_type=\"gva-heading-block.default\">\n\t\t\t\t<div class=\"elementor-widget-container\">\n\t\t\t\t\t<div class=\"gva-element-gva-heading-block gva-element\">   <div class=\"align-center style-1 widget gsc-heading box-align-left auto-responsive\">\r\n      <div class=\"content-inner\">\r\n         \r\n         \r\n                     <div class=\"sub-title\">\r\n               <span class=\"tagline\">VANLIGE SP\u00d8RSM\u00c5L<\/span>\r\n                                 <span class=\"shadow-text\">Crowdfunding<\/span>\r\n                  \r\n            <\/div>\r\n           \r\n         \r\n                     <h2 class=\"title\">\r\n               <span>Ofte stilte sp\u00f8rsm\u00e5l<\/span>\r\n            <\/h2>\r\n                              <div class=\"title-desc\">Har du sp\u00f8rsm\u00e5l? Vi har svarene! FAQ-siden v\u00e5r er kunnskapens Sherlock Holmes, som l\u00f8ser mysterier og ikke etterlater noen sp\u00f8rsm\u00e5l ubesvart.<\/div>\r\n         \r\n         \r\n      <\/div>\r\n   <\/div>\r\n<\/div>\t\t\t\t<\/div>\n\t\t\t\t<\/div>\n\t\t\t\t<div class=\"elementor-element elementor-element-6bbc7c9 elementor-widget__width-initial elementor-widget elementor-widget-gva_icon_box_group\" data-id=\"6bbc7c9\" data-element_type=\"widget\" data-e-type=\"widget\" data-widget_type=\"gva_icon_box_group.default\">\n\t\t\t\t<div class=\"elementor-widget-container\">\n\t\t\t\t\t<div class=\"gva-element-gva_icon_box_group gva-element\">\r\n<div class=\"gsc-icon-box-group layout-grid style-1\">\r\n\t<div class=\"lg-block-grid-3 md-block-grid-3 sm-block-grid-2 xs-block-grid-1 xx-block-grid-1\">\r\n\t\t\t\t\t\r\n\t\t\t<div class=\"item-columns\">\r\n\t\t\t\t<div class=\"icon-box-item elementor-repeater-item-ac1090f active\">\r\n\t<div class=\"icon-box-content\">\r\n\t\t\r\n\t\t\t\t\t\r\n\t\t\t<div class=\"content-inner\">\r\n\t\t\t\t\t\t\t\t\t<h3 class=\"title\">Hva er Bona Fides Invest?<\/h3>\r\n\t\t\t\t\t\t\t\t\t\t\t\t\t<div class=\"desc\">Bona Fides Invest er et EU-basert fintech-selskap som globalt hjelper enkeltpersoner og organisasjoner med \u00e5 finansiere sine prosjekter gjennom crowdfunding.<\/div>\r\n\t\t\t\t\t\t\t<\/div>\t\r\n\r\n\t\t\t\r\n\r\n\t<\/div>  \t\r\n\t<\/div>\t\t\t<\/div>\r\n\r\n\t\t\t\t\t\r\n\t\t\t<div class=\"item-columns\">\r\n\t\t\t\t<div class=\"icon-box-item elementor-repeater-item-521f557 active\">\r\n\t<div class=\"icon-box-content\">\r\n\t\t\r\n\t\t\t\t\t\r\n\t\t\t<div class=\"content-inner\">\r\n\t\t\t\t\t\t\t\t\t<h3 class=\"title\">Hva er folkefinansiering?<\/h3>\r\n\t\t\t\t\t\t\t\t\t\t\t\t\t<div class=\"desc\">Folkefinansiering er en innovativ og demokratisk prosjektfinansieringsmodell som inneb\u00e6rer at et prosjekt presenteres offentlig, vanligvis via en nettbasert plattform, og at innbyggerne kan investere penger i det av altruistiske grunner eller med sikte p\u00e5 \u00e5 tjene penger eller oppn\u00e5 andre fordeler. Det er mulig \u00e5 bruke flere investeringsmodeller: donasjoner, kj\u00f8p med tidsavstand, l\u00e5n, investering i aksjer, investering i overskuddsandeler og hybridmodeller. - Definisjon av Zoran Rajn, administrerende direkt\u00f8r i International Crowdfunding Center (ICFC).<\/div>\r\n\t\t\t\t\t\t\t<\/div>\t\r\n\r\n\t\t\t\r\n\r\n\t<\/div>  \t\r\n\t<\/div>\t\t\t<\/div>\r\n\r\n\t\t\t\t\t\r\n\t\t\t<div class=\"item-columns\">\r\n\t\t\t\t<div class=\"icon-box-item elementor-repeater-item-2200e1b active\">\r\n\t<div class=\"icon-box-content\">\r\n\t\t\r\n\t\t\t\t\t\r\n\t\t\t<div class=\"content-inner\">\r\n\t\t\t\t\t\t\t\t\t<h3 class=\"title\">Hvorfor crowdfunding?<\/h3>\r\n\t\t\t\t\t\t\t\t\t\t\t\t\t<div class=\"desc\">Crowdfunding har blitt avgj\u00f8rende fordi det gj\u00f8r det enklere \u00e5 finansiere initiativer, enten de er i en tidlig vekstfase eller modne. Verdensbanken sp\u00e5r at crowdfunding innen 2025 vil generere \u00e5rlige investeringer p\u00e5 $95 milliarder, og enkelte kilder ansl\u00e5r tallet til $300 milliarder.<\/div>\r\n\t\t\t\t\t\t\t<\/div>\t\r\n\r\n\t\t\t\r\n\r\n\t<\/div>  \t\r\n\t<\/div>\t\t\t<\/div>\r\n\r\n\t\t\t\t\t\r\n\t\t\t<div class=\"item-columns\">\r\n\t\t\t\t<div class=\"icon-box-item elementor-repeater-item-ec54124 active\">\r\n\t<div class=\"icon-box-content\">\r\n\t\t\r\n\t\t\t\t\t\r\n\t\t\t<div class=\"content-inner\">\r\n\t\t\t\t\t\t\t\t\t<h3 class=\"title\">Hvem kan bruke plattformen?<\/h3>\r\n\t\t\t\t\t\t\t\t\t\t\t\t\t<div class=\"desc\">Bona Fides Invest-plattformen kan brukes av alle privatpersoner (fysiske personer, h\u00e5ndverkere, bierverv, frilansere, familiebedrifter osv.) og juridiske personer (selskaper, kooperativer, frivillige organisasjoner, stiftelser, private institusjoner, finansinstitusjoner, mellomstatlige organisasjoner, offentlige organer, statlige etater, departementer, kamre, ambassader, byer, kommuner, barnehager, skoler, h\u00f8yskoler, universiteter osv. Alle brukere av plattformen m\u00e5 v\u00e6re myndige, dvs. fullt ut i stand til \u00e5 gj\u00f8re forretninger.<\/div>\r\n\t\t\t\t\t\t\t<\/div>\t\r\n\r\n\t\t\t\r\n\r\n\t<\/div>  \t\r\n\t<\/div>\t\t\t<\/div>\r\n\r\n\t\t\t\t\t\r\n\t\t\t<div class=\"item-columns\">\r\n\t\t\t\t<div class=\"icon-box-item elementor-repeater-item-fd7cb47 active\">\r\n\t<div class=\"icon-box-content\">\r\n\t\t\r\n\t\t\t\t\t\r\n\t\t\t<div class=\"content-inner\">\r\n\t\t\t\t\t\t\t\t\t<h3 class=\"title\">Hvilke land st\u00f8ttes?<\/h3>\r\n\t\t\t\t\t\t\t\t\t\t\t\t\t<div class=\"desc\">Vi opererer p\u00e5 alle kontinenter i 196 land. Crowdfunding-plattformen v\u00e5r \u00f8nsker kreative sjeler fra alle verdenshj\u00f8rner velkommen!<\/div>\r\n\t\t\t\t\t\t\t<\/div>\t\r\n\r\n\t\t\t\r\n\r\n\t<\/div>  \t\r\n\t<\/div>\t\t\t<\/div>\r\n\r\n\t\t\t\t\t\r\n\t\t\t<div class=\"item-columns\">\r\n\t\t\t\t<div class=\"icon-box-item elementor-repeater-item-b9aa229 active\">\r\n\t<div class=\"icon-box-content\">\r\n\t\t\r\n\t\t\t\t\t\r\n\t\t\t<div class=\"content-inner\">\r\n\t\t\t\t\t\t\t\t\t<h3 class=\"title\">Hvilke typer prosjekter er tillatt p\u00e5 plattformen?<\/h3>\r\n\t\t\t\t\t\t\t\t\t\t\t\t\t<div class=\"desc\">Vi \u00f8nsker et bredt spekter av prosjekter velkommen - bedriftsprosjekter, samfunnsinitiativer, veldedige form\u00e5l, personlige innsamlinger osv. Det viktigste er at prosjektet og teamet overholder v\u00e5re etiske retningslinjer og brukervilk\u00e5r. Her kan du lese om v\u00e5re etiske retningslinjer: https:\/\/bonafidesinvest.eu\/our-ethics\/<\/div>\r\n\t\t\t\t\t\t\t<\/div>\t\r\n\r\n\t\t\t\r\n\r\n\t<\/div>  \t\r\n\t\t\t  <a href=\"https:\/\/bonafidesinvest.eu\/nb\/var-etikk\/\" class=\"link-overlay\">\r\n\t\t\t \t\t  <\/a>\r\n\t\t  <\/div>\t\t\t<\/div>\r\n\r\n\t\t\t\t\t\r\n\t\t\t<div class=\"item-columns\">\r\n\t\t\t\t<div class=\"icon-box-item elementor-repeater-item-eef7993 active\">\r\n\t<div class=\"icon-box-content\">\r\n\t\t\r\n\t\t\t\t\t\r\n\t\t\t<div class=\"content-inner\">\r\n\t\t\t\t\t\t\t\t\t<h3 class=\"title\">Hvilke trinn kreves for \u00e5 starte kampanjen?<\/h3>\r\n\t\t\t\t\t\t\t\t\t\t\t\t\t<div class=\"desc\">For \u00e5 starte kampanjen velger du en prismodell og sender et prosjektsammendrag til info@bonafidesinvest.eu. Deretter vil du motta ytterligere instruksjoner fra v\u00e5r kundest\u00f8tte.<\/div>\r\n\t\t\t\t\t\t\t<\/div>\t\r\n\r\n\t\t\t\r\n\r\n\t<\/div>  \t\r\n\t<\/div>\t\t\t<\/div>\r\n\r\n\t\t\t\t\t\r\n\t\t\t<div class=\"item-columns\">\r\n\t\t\t\t<div class=\"icon-box-item elementor-repeater-item-d0e1c12 active\">\r\n\t<div class=\"icon-box-content\">\r\n\t\t\r\n\t\t\t\t\t\r\n\t\t\t<div class=\"content-inner\">\r\n\t\t\t\t\t\t\t\t\t<h3 class=\"title\">Hvor lang tid tar det f\u00f8r et prosjekt blir gjennomg\u00e5tt og godkjent?<\/h3>\r\n\t\t\t\t\t\t\t\t\t\t\t\t\t<div class=\"desc\">N\u00e5r du har sendt inn prosjektet ditt til vurdering, vil teamet v\u00e5rt vurdere det n\u00f8ye for \u00e5 sikre at det oppfyller retningslinjene og bruksvilk\u00e5rene v\u00e5re. Vurderingsprosessen tar vanligvis noen f\u00e5 virkedager, men kan variere avhengig av prosjektets kompleksitet. Under spesielle omstendigheter kan prosjektet godkjennes samme dag som det sendes inn.<\/div>\r\n\t\t\t\t\t\t\t<\/div>\t\r\n\r\n\t\t\t\r\n\r\n\t<\/div>  \t\r\n\t<\/div>\t\t\t<\/div>\r\n\r\n\t\t\t\t\t\r\n\t\t\t<div class=\"item-columns\">\r\n\t\t\t\t<div class=\"icon-box-item elementor-repeater-item-5dadd4b active\">\r\n\t<div class=\"icon-box-content\">\r\n\t\t\r\n\t\t\t\t\t\r\n\t\t\t<div class=\"content-inner\">\r\n\t\t\t\t\t\t\t\t\t<h3 class=\"title\">Hvilke forpliktelser har de som lager kampanjer?<\/h3>\r\n\t\t\t\t\t\t\t\t\t\t\t\t\t<div class=\"desc\">Skaperne av kampanjer er forpliktet til \u00e5: 1) \u00e5 gi all informasjon om prosjektet og teamet som plattformen ber om, 2) \u00e5 svare p\u00e5 alle sp\u00f8rsm\u00e5l fra investorene, 3) \u00e5 vise investorene hvilke rettigheter og plikter de har ved \u00e5 investere, 4) \u00e5 respektere forpliktelsene og tidsfristene overfor investorene, 5) \u00e5 bruke penger p\u00e5 n\u00f8yaktig den m\u00e5ten som er angitt i prosjektbudsjettet, 6) \u00e5 s\u00f8rge for at lover og andre forskrifter overholdes.<\/div>\r\n\t\t\t\t\t\t\t<\/div>\t\r\n\r\n\t\t\t\r\n\r\n\t<\/div>  \t\r\n\t<\/div>\t\t\t<\/div>\r\n\r\n\t\t\t\t\t\r\n\t\t\t<div class=\"item-columns\">\r\n\t\t\t\t<div class=\"icon-box-item elementor-repeater-item-d4b04b3 active\">\r\n\t<div class=\"icon-box-content\">\r\n\t\t\r\n\t\t\t\t\t\r\n\t\t\t<div class=\"content-inner\">\r\n\t\t\t\t\t\t\t\t\t<h3 class=\"title\">Hvor lang tid kan en innsamling ta?<\/h3>\r\n\t\t\t\t\t\t\t\t\t\t\t\t\t<div class=\"desc\">Hver bruker velger selv hvor lenge kampanjen skal vare.<\/div>\r\n\t\t\t\t\t\t\t<\/div>\t\r\n\r\n\t\t\t\r\n\r\n\t<\/div>  \t\r\n\t<\/div>\t\t\t<\/div>\r\n\r\n\t\t\t\t\t\r\n\t\t\t<div class=\"item-columns\">\r\n\t\t\t\t<div class=\"icon-box-item elementor-repeater-item-ae7c867 active\">\r\n\t<div class=\"icon-box-content\">\r\n\t\t\r\n\t\t\t\t\t\r\n\t\t\t<div class=\"content-inner\">\r\n\t\t\t\t\t\t\t\t\t<h3 class=\"title\">Bruker plattformen en fast eller fleksibel finansieringsmodell?<\/h3>\r\n\t\t\t\t\t\t\t\t\t\t\t\t\t<div class=\"desc\">Bona Fides Invest bruker begge modellene.<\/div>\r\n\t\t\t\t\t\t\t<\/div>\t\r\n\r\n\t\t\t\r\n\r\n\t<\/div>  \t\r\n\t<\/div>\t\t\t<\/div>\r\n\r\n\t\t\t\t\t\r\n\t\t\t<div class=\"item-columns\">\r\n\t\t\t\t<div class=\"icon-box-item elementor-repeater-item-8393f50 active\">\r\n\t<div class=\"icon-box-content\">\r\n\t\t\r\n\t\t\t\t\t\r\n\t\t\t<div class=\"content-inner\">\r\n\t\t\t\t\t\t\t\t\t<h3 class=\"title\">Hva er en fast modell?<\/h3>\r\n\t\t\t\t\t\t\t\t\t\t\t\t\t<div class=\"desc\">I den faste modellen setter kampanjeoppretteren et spesifikt finansieringsm\u00e5l som de m\u00e5 n\u00e5 innen en forh\u00e5ndsbestemt tidsramme. St\u00f8ttespillernes kredittkort belastes bare hvis prosjektet n\u00e5r finansieringsm\u00e5let innen kampanjens slutt. Hvis m\u00e5let ikke n\u00e5s, samles det ikke inn penger, og bidragsyternes kort belastes ikke. <\/div>\r\n\t\t\t\t\t\t\t<\/div>\t\r\n\r\n\t\t\t\r\n\r\n\t<\/div>  \t\r\n\t<\/div>\t\t\t<\/div>\r\n\r\n\t\t\t\t\t\r\n\t\t\t<div class=\"item-columns\">\r\n\t\t\t\t<div class=\"icon-box-item elementor-repeater-item-3b398e7 active\">\r\n\t<div class=\"icon-box-content\">\r\n\t\t\r\n\t\t\t\t\t\r\n\t\t\t<div class=\"content-inner\">\r\n\t\t\t\t\t\t\t\t\t<h3 class=\"title\">Hva er en fleksibel modell?<\/h3>\r\n\t\t\t\t\t\t\t\t\t\t\t\t\t<div class=\"desc\">Den fleksible modellen, ogs\u00e5 kjent som \"keep-it-all\"-modellen, gj\u00f8r det mulig for kampanjeopprettere \u00e5 motta midlene de har samlet inn, uavhengig av om de n\u00e5r det opprinnelige finansieringsm\u00e5let eller ikke. St\u00f8ttespillernes kredittkort belastes umiddelbart etter at de har gitt et l\u00f8fte, uavhengig av om kampanjen n\u00e5r finansieringsm\u00e5let eller ikke. Selv om prosjektet ikke n\u00e5r m\u00e5let, kan kampanjeinnehaveren likevel f\u00e5 tilgang til midlene og bruke dem til \u00e5 g\u00e5 videre med prosjektet. <\/div>\r\n\t\t\t\t\t\t\t<\/div>\t\r\n\r\n\t\t\t\r\n\r\n\t<\/div>  \t\r\n\t<\/div>\t\t\t<\/div>\r\n\r\n\t\t\t\t\t\r\n\t\t\t<div class=\"item-columns\">\r\n\t\t\t\t<div class=\"icon-box-item elementor-repeater-item-f7fcd3b active\">\r\n\t<div class=\"icon-box-content\">\r\n\t\t\r\n\t\t\t\t\t\r\n\t\t\t<div class=\"content-inner\">\r\n\t\t\t\t\t\t\t\t\t<h3 class=\"title\">Hvilke betalingsm\u00e5ter godtar Bona Fides Invest?<\/h3>\r\n\t\t\t\t\t\t\t\t\t\t\t\t\t<div class=\"desc\">Gjennom Bona Fides Invest-plattformen er det mulig \u00e5 foreta betalinger gjennom fem ulike kanaler: 1) Visa-, MasterCard- og Maestro-kort; 2) Aircash; 3) KEKS Pay; 4) Kryptovaluta via Paycek; 5) Vanlig innbetalingskort eller nett-\/mobilbank.<\/div>\r\n\t\t\t\t\t\t\t<\/div>\t\r\n\r\n\t\t\t\r\n\r\n\t<\/div>  \t\r\n\t<\/div>\t\t\t<\/div>\r\n\r\n\t\t\t\t\t\r\n\t\t\t<div class=\"item-columns\">\r\n\t\t\t\t<div class=\"icon-box-item elementor-repeater-item-f6fa8da active\">\r\n\t<div class=\"icon-box-content\">\r\n\t\t\r\n\t\t\t\t\t\r\n\t\t\t<div class=\"content-inner\">\r\n\t\t\t\t\t\t\t\t\t<h3 class=\"title\">Hvor mye koster det \u00e5 bruke plattformen?<\/h3>\r\n\t\t\t\t\t\t\t\t\t\t\t\t\t<div class=\"desc\">Plattformen bruker fire prismodeller - Education Model, Best Buy Model, Challenge Model og Turnkey Model. Se mer informasjon om dem her: https:\/\/bonafidesinvest.eu\/pricing\/<\/div>\r\n\t\t\t\t\t\t\t<\/div>\t\r\n\r\n\t\t\t\r\n\r\n\t<\/div>  \t\r\n\t\t\t  <a href=\"https:\/\/bonafidesinvest.eu\/nb\/prissetting\/\" class=\"link-overlay\">\r\n\t\t\t \t\t  <\/a>\r\n\t\t  <\/div>\t\t\t<\/div>\r\n\r\n\t\t\t\t\t\r\n\t\t\t<div class=\"item-columns\">\r\n\t\t\t\t<div class=\"icon-box-item elementor-repeater-item-830f20e active\">\r\n\t<div class=\"icon-box-content\">\r\n\t\t\r\n\t\t\t\t\t\r\n\t\t\t<div class=\"content-inner\">\r\n\t\t\t\t\t\t\t\t\t<h3 class=\"title\">F\u00e5r man rabatt for \u00e5 bruke plattformen?<\/h3>\r\n\t\t\t\t\t\t\t\t\t\t\t\t\t<div class=\"desc\">Visse brukergrupper er berettiget til rabatter. Her finner du mer informasjon om rabatter: https:\/\/bonafidesinvest.eu\/social-responsibility\/<\/div>\r\n\t\t\t\t\t\t\t<\/div>\t\r\n\r\n\t\t\t\r\n\r\n\t<\/div>  \t\r\n\t\t\t  <a href=\"https:\/\/bonafidesinvest.eu\/nb\/sosialt-ansvar\/\" class=\"link-overlay\">\r\n\t\t\t \t\t  <\/a>\r\n\t\t  <\/div>\t\t\t<\/div>\r\n\r\n\t\t\t\t\t\r\n\t\t\t<div class=\"item-columns\">\r\n\t\t\t\t<div class=\"icon-box-item elementor-repeater-item-7d3ab69 active\">\r\n\t<div class=\"icon-box-content\">\r\n\t\t\r\n\t\t\t\t\t\r\n\t\t\t<div class=\"content-inner\">\r\n\t\t\t\t\t\t\t\t\t<h3 class=\"title\">Hvordan st\u00f8tter jeg en kampanje?<\/h3>\r\n\t\t\t\t\t\t\t\t\t\t\t\t\t<div class=\"desc\">For \u00e5 st\u00f8tte en kampanje er det bare \u00e5 finne et prosjekt du liker, og velge finansieringsmodell. Deretter kan du p\u00e5 en sikker m\u00e5te gi ditt bidrag via plattformen v\u00e5r ved hjelp av ulike betalingsm\u00e5ter.<\/div>\r\n\t\t\t\t\t\t\t<\/div>\t\r\n\r\n\t\t\t\r\n\r\n\t<\/div>  \t\r\n\t<\/div>\t\t\t<\/div>\r\n\r\n\t\t\t\t\t\r\n\t\t\t<div class=\"item-columns\">\r\n\t\t\t\t<div class=\"icon-box-item elementor-repeater-item-0e8f2e5 active\">\r\n\t<div class=\"icon-box-content\">\r\n\t\t\r\n\t\t\t\t\t\r\n\t\t\t<div class=\"content-inner\">\r\n\t\t\t\t\t\t\t\t\t<h3 class=\"title\">Er betalingsinformasjonen min sikker?<\/h3>\r\n\t\t\t\t\t\t\t\t\t\t\t\t\t<div class=\"desc\">Ja, Bona Fides Invest tar sikkerheten og personvernet til betalingsinformasjonen din p\u00e5 alvor. Vi bruker sikre betalingsportaler og krypteringsprotokoller for \u00e5 sikre at transaksjonene dine er trygge.<\/div>\r\n\t\t\t\t\t\t\t<\/div>\t\r\n\r\n\t\t\t\r\n\r\n\t<\/div>  \t\r\n\t<\/div>\t\t\t<\/div>\r\n\r\n\t\t\t\t\t\r\n\t\t\t<div class=\"item-columns\">\r\n\t\t\t\t<div class=\"icon-box-item elementor-repeater-item-1a95ba9 active\">\r\n\t<div class=\"icon-box-content\">\r\n\t\t\r\n\t\t\t\t\t\r\n\t\t\t<div class=\"content-inner\">\r\n\t\t\t\t\t\t\t\t\t<h3 class=\"title\">Hvordan sikrer Bona Fides Invest ektheten til prosjekter og prosjektskapere?<\/h3>\r\n\t\t\t\t\t\t\t\t\t\t\t\t\t<div class=\"desc\">Bona Fides Invest iverksetter omfattende tiltak for \u00e5 sikre prosjektenes og prosjektskapernes legitimitet og autentisitet. Vi g\u00e5r gjennom alle innsendte prosjekter for \u00e5 verifisere opphavsmannens identitet og intensjoner. I tillegg bidrar v\u00e5re st\u00f8ttespillere til \u00e5 rapportere om mistenkelige eller villedende kampanjer.<\/div>\r\n\t\t\t\t\t\t\t<\/div>\t\r\n\r\n\t\t\t\r\n\r\n\t<\/div>  \t\r\n\t<\/div>\t\t\t<\/div>\r\n\r\n\t\t\t\t\t\r\n\t\t\t<div class=\"item-columns\">\r\n\t\t\t\t<div class=\"icon-box-item elementor-repeater-item-fd55ca8 active\">\r\n\t<div class=\"icon-box-content\">\r\n\t\t\r\n\t\t\t\t\t\r\n\t\t\t<div class=\"content-inner\">\r\n\t\t\t\t\t\t\t\t\t<h3 class=\"title\"> Kan jeg avbryte l\u00f8ftet mitt etter at jeg har st\u00f8ttet et prosjekt? <\/h3>\r\n\t\t\t\t\t\t\t\t\t\t\t\t\t<div class=\"desc\">L\u00f8ftet kan kun kanselleres under kampanjen. Avbestilling er ikke tillatt etter at kampanjen er avsluttet.  Hvis det foreligger formildende omstendigheter, kan du imidlertid kontakte prosjektskaperen for \u00e5 diskutere situasjonen din. <\/div>\r\n\t\t\t\t\t\t\t<\/div>\t\r\n\r\n\t\t\t\r\n\r\n\t<\/div>  \t\r\n\t<\/div>\t\t\t<\/div>\r\n\r\n\t\t\t\t\t\r\n\t\t\t<div class=\"item-columns\">\r\n\t\t\t\t<div class=\"icon-box-item elementor-repeater-item-30d2679 active\">\r\n\t<div class=\"icon-box-content\">\r\n\t\t\r\n\t\t\t\t\t\r\n\t\t\t<div class=\"content-inner\">\r\n\t\t\t\t\t\t\t\t\t<h3 class=\"title\">Hvordan mottar jeg bel\u00f8nningene mine som st\u00f8ttespiller?<\/h3>\r\n\t\t\t\t\t\t\t\t\t\t\t\t\t<div class=\"desc\">N\u00e5r et prosjekt er finansiert, vil prosjektskaperne kommunisere med st\u00f8ttespillerne for \u00e5 samle inn n\u00f8dvendig informasjon og levere bel\u00f8nninger. Prosjektskaperne er ene og alene ansvarlige for \u00e5 oppfylle l\u00f8ftene til st\u00f8ttespillerne og levere prosjektet som beskrevet.<\/div>\r\n\t\t\t\t\t\t\t<\/div>\t\r\n\r\n\t\t\t\r\n\r\n\t<\/div>  \t\r\n\t<\/div>\t\t\t<\/div>\r\n\r\n\t\t\t\t\t\r\n\t\t\t<div class=\"item-columns\">\r\n\t\t\t\t<div class=\"icon-box-item elementor-repeater-item-b4aab4c active\">\r\n\t<div class=\"icon-box-content\">\r\n\t\t\r\n\t\t\t\t\t\r\n\t\t\t<div class=\"content-inner\">\r\n\t\t\t\t\t\t\t\t\t<h3 class=\"title\">Er det en grense for hvor mange prosjekter jeg kan st\u00f8tte?<\/h3>\r\n\t\t\t\t\t\t\t\t\t\t\t\t\t<div class=\"desc\">Nei, det er ingen begrensning p\u00e5 hvor mange prosjekter du kan st\u00f8tte. Du kan st\u00f8tte s\u00e5 mange prosjekter du \u00f8nsker, avhengig av interesser og budsjett.\n\n<\/div>\r\n\t\t\t\t\t\t\t<\/div>\t\r\n\r\n\t\t\t\r\n\r\n\t<\/div>  \t\r\n\t<\/div>\t\t\t<\/div>\r\n\r\n\t\t\t\t\t\r\n\t\t\t<div class=\"item-columns\">\r\n\t\t\t\t<div class=\"icon-box-item elementor-repeater-item-63e54bb active\">\r\n\t<div class=\"icon-box-content\">\r\n\t\t\r\n\t\t\t\t\t\r\n\t\t\t<div class=\"content-inner\">\r\n\t\t\t\t\t\t\t\t\t<h3 class=\"title\">Hvordan kan jeg holde meg oppdatert om nye prosjekter og kampanjer?<\/h3>\r\n\t\t\t\t\t\t\t\t\t\t\t\t\t<div class=\"desc\">For \u00e5 holde deg oppdatert om nye prosjekter og kampanjer kan du abonnere p\u00e5 nyhetsbrevet v\u00e5rt og f\u00f8lge oss p\u00e5 sosiale medier. Da f\u00e5r du jevnlige oppdateringer om de nyeste prosjektene og spennende muligheter til \u00e5 st\u00f8tte innovative ideer.<\/div>\r\n\t\t\t\t\t\t\t<\/div>\t\r\n\r\n\t\t\t\r\n\r\n\t<\/div>  \t\r\n\t<\/div>\t\t\t<\/div>\r\n\r\n\t\t\t\t\t\r\n\t\t\t<div class=\"item-columns\">\r\n\t\t\t\t<div class=\"icon-box-item elementor-repeater-item-849a6cd active\">\r\n\t<div class=\"icon-box-content\">\r\n\t\t\r\n\t\t\t\t\t\r\n\t\t\t<div class=\"content-inner\">\r\n\t\t\t\t\t\t\t\t\t<h3 class=\"title\">Hvordan kan jeg kontakte Bona Fides Invest for support?<\/h3>\r\n\t\t\t\t\t\t\t\t\t\t\t\t\t<div class=\"desc\">Hvis du har sp\u00f8rsm\u00e5l, bekymringer eller tekniske problemer, kan du kontakte kundest\u00f8tteteamet v\u00e5rt via kontaktsiden p\u00e5 nettstedet. Vi er alltid her for \u00e5 hjelpe deg p\u00e5 din crowdfunding-reise.<\/div>\r\n\t\t\t\t\t\t\t<\/div>\t\r\n\r\n\t\t\t\r\n\r\n\t<\/div>  \t\r\n\t<\/div>\t\t\t<\/div>\r\n\r\n\t\t\t<\/div>   \r\n<\/div>\r\n<\/div>\t\t\t\t<\/div>\n\t\t\t\t<\/div>\n\t\t\t\t<div class=\"elementor-element elementor-element-318ff83 elementor-widget elementor-widget-text-editor\" data-id=\"318ff83\" data-element_type=\"widget\" data-e-type=\"widget\" data-widget_type=\"text-editor.default\">\n\t\t\t\t<div class=\"elementor-widget-container\">\n\t\t\t\t\t\t\t\t\t<p style=\"text-align: left;\"><span style=\"color: #000000;\">Har du flere sp\u00f8rsm\u00e5l? Ta gjerne kontakt med oss n\u00e5r som helst! Teamet v\u00e5rt st\u00e5r klare til \u00e5 hjelpe deg p\u00e5 alle mulige m\u00e5ter. God forn\u00f8yelse med crowdfunding!<\/span><\/p>\t\t\t\t\t\t\t\t<\/div>\n\t\t\t\t<\/div>\n\t\t\t\t\t<\/div>\n\t\t<\/div>\n\t\t\t\t\t<\/div>\n\t\t<\/section>\n\t\t\t\t<section class=\"elementor-section elementor-top-section elementor-element elementor-element-45d71a4 elementor-section-boxed elementor-section-height-default elementor-section-height-default\" data-id=\"45d71a4\" data-element_type=\"section\" data-e-type=\"section\" data-settings=\"{&quot;background_background&quot;:&quot;classic&quot;}\">\n\t\t\t\t\t\t<div class=\"elementor-container elementor-column-gap-default\">\n\t\t\t\t\t<div class=\"elementor-column elementor-col-50 elementor-top-column elementor-element elementor-element-1ac978d\" data-id=\"1ac978d\" data-element_type=\"column\" data-e-type=\"column\">\n\t\t\t<div class=\"elementor-widget-wrap elementor-element-populated\">\n\t\t\t\t\t\t<div class=\"elementor-element elementor-element-7656865 elementor-widget elementor-widget-gva-heading-block\" data-id=\"7656865\" data-element_type=\"widget\" data-e-type=\"widget\" data-widget_type=\"gva-heading-block.default\">\n\t\t\t\t<div class=\"elementor-widget-container\">\n\t\t\t\t\t<div class=\"gva-element-gva-heading-block gva-element\">   <div class=\"align-left style-1 widget gsc-heading box-align-left auto-responsive\">\r\n      <div class=\"content-inner\">\r\n         \r\n         \r\n                     <div class=\"sub-title\">\r\n               <span class=\"tagline\">Unik crowdfunding-metodikk som fingeravtrykk<\/span>\r\n                                 <span class=\"shadow-text\">S\u00e6rpreget<\/span>\r\n                  \r\n            <\/div>\r\n           \r\n         \r\n                     <h2 class=\"title\">\r\n               <span>Visste du at kroaten Ivan Vu\u010deti\u0107 oppfant fingeravtrykksteknikken daktyloskopi?<\/span>\r\n            <\/h2>\r\n                  \r\n                     <div class=\"heading-action\">\r\n               \t\t  <a href=\"https:\/\/bonafidesinvest.eu\/nb\/hvordan-det-fungerer\/\" class=\"btn-cta btn-theme\">\r\n\t\t\t <span>L\u00e6r mer om prosessen v\u00e5r<\/span>\r\n\t\t  <\/a>\r\n\r\n\t\t              <\/div>\r\n         \r\n      <\/div>\r\n   <\/div>\r\n<\/div>\t\t\t\t<\/div>\n\t\t\t\t<\/div>\n\t\t\t\t\t<\/div>\n\t\t<\/div>\n\t\t\t\t<div class=\"elementor-column elementor-col-50 elementor-top-column elementor-element elementor-element-306238b\" data-id=\"306238b\" data-element_type=\"column\" data-e-type=\"column\">\n\t\t\t<div class=\"elementor-widget-wrap elementor-element-populated\">\n\t\t\t\t\t\t<div class=\"elementor-element elementor-element-055bde8 elementor-widget__width-auto elementor-widget elementor-widget-html\" data-id=\"055bde8\" data-element_type=\"widget\" data-e-type=\"widget\" data-widget_type=\"html.default\">\n\t\t\t\t<div class=\"elementor-widget-container\">\n\t\t\t\t\t<a class=\"btn-border-white\" href=\"https:\/\/bonafidesinvest.eu\/nb\/hvordan-det-fungerer\/\">\n    Start\n<\/a>\t\t\t\t<\/div>\n\t\t\t\t<\/div>\n\t\t\t\t\t<\/div>\n\t\t<\/div>\n\t\t\t\t\t<\/div>\n\t\t<\/section>\n\t\t\t\t<\/div>","protected":false},"excerpt":{"rendered":"<p>FAQ Crowdfunding Frequently Asked Questions Got questions? We&#8217;ve got answers! Our FAQ page is the Sherlock Holmes of knowledge, solving your mysteries and leaving no question unanswered. What is Bona [&hellip;]<\/p>\n","protected":false},"author":1,"featured_media":0,"parent":0,"menu_order":0,"comment_status":"closed","ping_status":"closed","template":"","meta":{"footnotes":""},"class_list":["post-4942","page","type-page","status-publish","hentry"],"wpcf_dashboard":"<div class=\"woocommerce\"><div class=\"woocommerce-info\">Please log in first? <a class=\"wpneoShowLogin\" href=\"#\">Click here to login<\/a><\/div><div class=\"wpneo_login_form_div\" style=\"display: none;\"><form name=\"loginform\" id=\"loginform\" action=\"https:\/\/bonafidesinvest.eu\/wp-login.php\" method=\"post\"><p class=\"login-username\">\n\t\t\t\t<label for=\"user_login\">Brukernavn eller e-postadresse<\/label>\n\t\t\t\t<input type=\"text\" name=\"log\" id=\"user_login\" autocomplete=\"username\" class=\"input\" value=\"\" size=\"20\" \/>\n\t\t\t<\/p><p class=\"login-password\">\n\t\t\t\t<label for=\"user_pass\">Passord<\/label>\n\t\t\t\t<input type=\"password\" name=\"pwd\" id=\"user_pass\" autocomplete=\"current-password\" spellcheck=\"false\" class=\"input\" value=\"\" size=\"20\" \/>\n\t\t\t<\/p><p class=\"login-remember\"><label><input name=\"rememberme\" type=\"checkbox\" id=\"rememberme\" value=\"forever\" \/> Husk meg<\/label><\/p><p class=\"login-submit\">\n\t\t\t\t<input type=\"submit\" name=\"wp-submit\" id=\"wp-submit\" class=\"button button-primary\" value=\"Logg inn\" \/>\n\t\t\t\t<input type=\"hidden\" name=\"redirect_to\" value=\"https:\/\/bonafidesinvest.eu\/nb\/wp-json\/wp\/v2\/pages\/4942\" \/>\n\t\t\t<\/p><\/form><\/div><\/div>","_links":{"self":[{"href":"https:\/\/bonafidesinvest.eu\/nb\/wp-json\/wp\/v2\/pages\/4942","targetHints":{"allow":["GET"]}}],"collection":[{"href":"https:\/\/bonafidesinvest.eu\/nb\/wp-json\/wp\/v2\/pages"}],"about":[{"href":"https:\/\/bonafidesinvest.eu\/nb\/wp-json\/wp\/v2\/types\/page"}],"author":[{"embeddable":true,"href":"https:\/\/bonafidesinvest.eu\/nb\/wp-json\/wp\/v2\/users\/1"}],"replies":[{"embeddable":true,"href":"https:\/\/bonafidesinvest.eu\/nb\/wp-json\/wp\/v2\/comments?post=4942"}],"version-history":[{"count":0,"href":"https:\/\/bonafidesinvest.eu\/nb\/wp-json\/wp\/v2\/pages\/4942\/revisions"}],"wp:attachment":[{"href":"https:\/\/bonafidesinvest.eu\/nb\/wp-json\/wp\/v2\/media?parent=4942"}],"curies":[{"name":"wp","href":"https:\/\/api.w.org\/{rel}","templated":true}]}}