{"id":3,"date":"2023-03-24T10:16:53","date_gmt":"2023-03-24T10:16:53","guid":{"rendered":"https:\/\/bonafidesinvest.eu\/?page_id=3"},"modified":"2023-04-04T01:52:30","modified_gmt":"2023-04-04T01:52:30","slug":"personal-data-gathering-and-protection-statement","status":"publish","type":"page","link":"https:\/\/bonafidesinvest.eu\/nb\/personal-data-gathering-and-protection-statement\/","title":{"rendered":"Erkl\u00e6ring om innsamling og beskyttelse av personopplysninger"},"content":{"rendered":"<div data-elementor-type=\"wp-page\" data-elementor-id=\"3\" class=\"elementor elementor-3\">\n\t\t\t\t\t\t<section class=\"elementor-section elementor-top-section elementor-element elementor-element-656a14ac elementor-section-boxed elementor-section-height-default elementor-section-height-default\" data-id=\"656a14ac\" data-element_type=\"section\" data-e-type=\"section\">\n\t\t\t\t\t\t<div class=\"elementor-container elementor-column-gap-default\">\n\t\t\t\t\t<div class=\"elementor-column elementor-col-100 elementor-top-column elementor-element elementor-element-689a5e94\" data-id=\"689a5e94\" data-element_type=\"column\" data-e-type=\"column\">\n\t\t\t<div class=\"elementor-widget-wrap elementor-element-populated\">\n\t\t\t\t\t\t<div class=\"elementor-element elementor-element-13db662d elementor-widget elementor-widget-text-editor\" data-id=\"13db662d\" data-element_type=\"widget\" data-e-type=\"widget\" data-widget_type=\"text-editor.default\">\n\t\t\t\t<div class=\"elementor-widget-container\">\n\t\t\t\t\t\t\t\t\t<p><span style=\"color: #000000;\"><strong>Erkl\u00e6ring om innsamling og beskyttelse av personopplysninger<\/strong><\/span><\/p>\n<p><span style=\"color: #000000;\">Personvernet ditt er viktig for oss. Vi vil at du skal f\u00f8le deg trygg hos oss, og vi opptrer i samsvar med dette og med lovbestemmelsene om beskyttelse av personopplysninger.<\/span><\/p>\n<p><span style=\"color: #000000;\">I det f\u00f8lgende informerer vi deg om hvilke form\u00e5l vi samler inn og bruker personopplysningene dine til, og hvordan du kan overv\u00e5ke disse prosedyrene og ut\u00f8ve dine rettigheter.<\/span><\/p>\n<p><span style=\"color: #000000;\">IT-systemene v\u00e5re er beskyttet av tekniske og organisatoriske tiltak mot uautorisert tilgang, endring eller spredning av opplysningene dine, samt mot tap eller sletting.<\/span><\/p>\n<p><span style=\"color: #000000;\">All brukerinformasjon er strengt beskyttet og er kun tilgjengelig for de ansatte som trenger denne informasjonen for \u00e5 utf\u00f8re jobben. Alle v\u00e5re ansatte og forretningspartnere er ansvarlige for \u00e5 f\u00f8lge prinsippene for konfidensialitetsbeskyttelse.<\/span><\/p>\n<p><span style=\"color: #000000;\">Som bruker har du rett til \u00e5 f\u00e5 informasjon om behandlingen av personopplysningene dine og til \u00e5 be om \u00e5 f\u00e5 ut\u00f8ve dine rettigheter.<\/span><\/p>\n<p><span style=\"color: #000000;\">Behandlingen av personopplysninger utf\u00f8res av:<\/span><br \/><span style=\"color: #000000;\">Senter for sosial innovasjon og b\u00e6rekraftig utvikling (CEDIOR)<\/span><br \/><span style=\"color: #000000;\">Ante Jak\u0161i\u0107a 10, 10 000 Zagreb, Kroatia<\/span><br \/><span style=\"color: #000000;\">PIN-KODE: 12061569340<\/span><br \/><span style=\"color: #000000;\">+385 (0)98 611 467<\/span><br \/><span style=\"color: #000000;\">info@bonafidesinvest.eu<\/span><\/p>\n<p><span style=\"color: #000000;\"><strong>Form\u00e5l og rettslig grunnlag for databehandling<\/strong><\/span><\/p>\n<p><span style=\"color: #000000;\">Vi bruker personopplysningene dine utelukkende til \u00e5 koble sammen investorer og prosjekteiere, til forretningskorrespondanse og til \u00e5 sende varsler, og vi gir dem ikke videre eller bruker dem til uforutsette form\u00e5l.<\/span><\/p>\n<p><span style=\"color: #000000;\"><strong>Opplysningene vi samler inn kan inneholde:<br \/><\/strong><\/span><\/p>\n<ul>\n<li><span style=\"color: #000000;\">For- og etternavn \/ firmanavn;<\/span><\/li>\n<li><span style=\"color: #000000;\">Postadresse;<\/span><\/li>\n<li><span style=\"color: #000000;\">E-postadresse;<\/span><\/li>\n<li><span style=\"color: #000000;\">Mobilnummer eller fasttelefonnummer.<\/span><\/li>\n<\/ul>\n<p><span style=\"color: #000000;\"><strong>Varsling via e-post<\/strong><\/span><\/p>\n<p><span style=\"color: #000000;\">Vi bruker Mailchimp-plattformen til \u00e5 levere nyhetsbrev, samt til \u00e5 administrere mottakerlister og avmeldingslister, og treffer alle n\u00f8dvendige tiltak for \u00e5 beskytte data i samsvar med regelverket om beskyttelse av personopplysninger. Du har rett til \u00e5 takke ja eller nei til \u00e5 motta v\u00e5r kommunikasjon.<\/span><\/p>\n<p><span style=\"color: #000000;\"><strong>Brukerrettigheter<\/strong><\/span><\/p>\n<p><span style=\"color: #000000;\">Vi garanterer deg f\u00f8lgende rettigheter:<\/span><\/p>\n<ul>\n<li><span style=\"color: #000000;\">Rett til innsyn (informasjon om omfang og type) i opplysningene dine;<\/span><\/li>\n<li><span style=\"color: #000000;\">Rett til korrigering (gjelder opplysningene du har oppgitt);<\/span><\/li>\n<li><span style=\"color: #000000;\">Retten til \u00e5 bli glemt;<\/span><\/li>\n<li><span style=\"color: #000000;\">Retten til \u00e5 klage p\u00e5 bruken av personopplysninger.<\/span><\/li>\n<\/ul>\n<p><span style=\"color: #000000;\"><strong>Rett til innsyn<\/strong><\/span><\/p>\n<p><span style=\"color: #000000;\">Du har rett til informasjon om personopplysningene dine som vi forvalter og lagrer.<\/span><\/p>\n<p><span style=\"color: #000000;\"><strong>Rett til retting<\/strong><\/span><\/p>\n<p><span style=\"color: #000000;\">Du har rett til \u00e5 korrigere uriktige personopplysninger om deg, noe vi vil gj\u00f8re innen 3 virkedager.<\/span><\/p>\n<p><span style=\"color: #000000;\"><strong>Rett til sletting (rett til \u00e5 bli glemt)<\/strong><\/span><\/p>\n<p><span style=\"color: #000000;\">Du har rett til \u00e5 f\u00e5 personopplysningene dine anonymisert uten un\u00f8dig forsinkelse hvis du ikke lenger \u00f8nsker \u00e5 v\u00e6re bruker av tjenestene, eller hvis du ikke \u00f8nsker at vi skal bruke personopplysningene dine til de angitte form\u00e5lene.<\/span><\/p>\n<p><span style=\"color: #000000;\"><strong>Rett til \u00e5 protestere mot bruk av personopplysninger<\/strong><\/span><\/p>\n<p><span style=\"color: #000000;\">Hvis behandlingen av personopplysningene dine er basert p\u00e5 oppfyllelse av v\u00e5re berettigede interesser, har du rett til n\u00e5r som helst \u00e5 protestere mot slik behandling av personopplysninger i den grad behandlingen gjelder dine opplysninger. Hvis du sender inn en slik innsigelse:<\/span><\/p>\n<ul>\n<li><span style=\"color: #000000;\">regarding notifications (\u201cnewsletter\u201d) \u2013 we will not use your personal data for this purpose;<\/span><\/li>\n<li><span style=\"color: #000000;\">related to other cases of legitimate interest \u2013 we will not further process your personal data for the purpose to which the complaint relates.<\/span><\/li>\n<\/ul>\n<p><span style=\"color: #000000;\"><strong>Informasjonskapsler<\/strong><\/span><\/p>\n<p><span style=\"color: #000000;\">Vi bruker informasjonskapsler p\u00e5 nettstedet v\u00e5rt for \u00e5 aktivere visse tekniske funksjoner og gj\u00f8re det enklere for deg \u00e5 navigere p\u00e5 nettstedet v\u00e5rt.<\/span><\/p>\n<p><span style=\"color: #000000;\"><strong>Hvordan du kan ut\u00f8ve rettighetene dine<\/strong><\/span><\/p>\n<p><span style=\"color: #000000;\">For all questions and requests regarding your personal data, please contact our data protection coordinators at email address info@bonafidesinvest.eu with the note DATA PROTECTION in the \u201cSubject\u201d.<\/span><\/p>\n<p><span style=\"color: #000000;\">Vi vil behandle dine henvendelser og foresp\u00f8rsler uten un\u00f8dig forsinkelse og i samsvar med juridiske forpliktelser, og vi vil informere deg om hvilke tiltak vi har iverksatt.<\/span><\/p>\t\t\t\t\t\t\t\t<\/div>\n\t\t\t\t<\/div>\n\t\t\t\t\t<\/div>\n\t\t<\/div>\n\t\t\t\t\t<\/div>\n\t\t<\/section>\n\t\t\t\t<\/div>","protected":false},"excerpt":{"rendered":"<p>Personal data gathering and protection statement Your privacy is important to us. We want you to feel safe with us, and we act in accordance with that and the legal [&hellip;]<\/p>\n","protected":false},"author":1,"featured_media":0,"parent":0,"menu_order":0,"comment_status":"closed","ping_status":"closed","template":"","meta":{"footnotes":""},"class_list":["post-3","page","type-page","status-publish","hentry"],"wpcf_dashboard":"<div class=\"woocommerce\"><div class=\"woocommerce-info\">Please log in first? <a class=\"wpneoShowLogin\" href=\"#\">Click here to login<\/a><\/div><div class=\"wpneo_login_form_div\" style=\"display: none;\"><form name=\"loginform\" id=\"loginform\" action=\"https:\/\/bonafidesinvest.eu\/wp-login.php\" method=\"post\"><p class=\"login-username\">\n\t\t\t\t<label for=\"user_login\">Brukernavn eller e-postadresse<\/label>\n\t\t\t\t<input type=\"text\" name=\"log\" id=\"user_login\" autocomplete=\"username\" class=\"input\" value=\"\" size=\"20\" \/>\n\t\t\t<\/p><p class=\"login-password\">\n\t\t\t\t<label for=\"user_pass\">Passord<\/label>\n\t\t\t\t<input type=\"password\" name=\"pwd\" id=\"user_pass\" autocomplete=\"current-password\" spellcheck=\"false\" class=\"input\" value=\"\" size=\"20\" \/>\n\t\t\t<\/p><p class=\"login-remember\"><label><input name=\"rememberme\" type=\"checkbox\" id=\"rememberme\" value=\"forever\" \/> Husk meg<\/label><\/p><p class=\"login-submit\">\n\t\t\t\t<input type=\"submit\" name=\"wp-submit\" id=\"wp-submit\" class=\"button button-primary\" value=\"Logg inn\" \/>\n\t\t\t\t<input type=\"hidden\" name=\"redirect_to\" value=\"https:\/\/bonafidesinvest.eu\/nb\/wp-json\/wp\/v2\/pages\/3\" \/>\n\t\t\t<\/p><\/form><\/div><\/div>","_links":{"self":[{"href":"https:\/\/bonafidesinvest.eu\/nb\/wp-json\/wp\/v2\/pages\/3","targetHints":{"allow":["GET"]}}],"collection":[{"href":"https:\/\/bonafidesinvest.eu\/nb\/wp-json\/wp\/v2\/pages"}],"about":[{"href":"https:\/\/bonafidesinvest.eu\/nb\/wp-json\/wp\/v2\/types\/page"}],"author":[{"embeddable":true,"href":"https:\/\/bonafidesinvest.eu\/nb\/wp-json\/wp\/v2\/users\/1"}],"replies":[{"embeddable":true,"href":"https:\/\/bonafidesinvest.eu\/nb\/wp-json\/wp\/v2\/comments?post=3"}],"version-history":[{"count":0,"href":"https:\/\/bonafidesinvest.eu\/nb\/wp-json\/wp\/v2\/pages\/3\/revisions"}],"wp:attachment":[{"href":"https:\/\/bonafidesinvest.eu\/nb\/wp-json\/wp\/v2\/media?parent=3"}],"curies":[{"name":"wp","href":"https:\/\/api.w.org\/{rel}","templated":true}]}}