{"id":7786,"date":"2024-02-13T17:27:54","date_gmt":"2024-02-13T15:27:54","guid":{"rendered":"https:\/\/bonafidesinvest.eu\/?page_id=7786"},"modified":"2024-03-16T03:16:28","modified_gmt":"2024-03-16T01:16:28","slug":"zinojumi","status":"publish","type":"page","link":"https:\/\/bonafidesinvest.eu\/lv\/messages\/","title":{"rendered":"Zi\u0146ojumi"},"content":{"rendered":"<div data-elementor-type=\"wp-page\" data-elementor-id=\"7786\" class=\"elementor elementor-7786\">\n\t\t\t\t\t\t<section class=\"elementor-section elementor-top-section elementor-element elementor-element-44765eb elementor-section-boxed elementor-section-height-default elementor-section-height-default\" data-id=\"44765eb\" data-element_type=\"section\" data-e-type=\"section\">\n\t\t\t\t\t\t<div class=\"elementor-container elementor-column-gap-default\">\n\t\t\t\t\t<div class=\"elementor-column elementor-col-100 elementor-top-column elementor-element elementor-element-fa4bf63\" data-id=\"fa4bf63\" data-element_type=\"column\" data-e-type=\"column\">\n\t\t\t<div class=\"elementor-widget-wrap elementor-element-populated\">\n\t\t\t\t\t\t<div class=\"elementor-element elementor-element-6a1881a elementor-widget elementor-widget-text-editor\" data-id=\"6a1881a\" data-element_type=\"widget\" data-e-type=\"widget\" data-widget_type=\"text-editor.default\">\n\t\t\t\t<div class=\"elementor-widget-container\">\n\t\t\t\t\t\t\t\t\t<p><span style=\"color: #000000;\">Sveiki no Bona Fides Invest!<\/span><\/p><p><span style=\"color: #000000;\">Paldies par pas\u016bt\u012bjumu!<\/span><\/p><p><span style=\"color: #000000;\">J\u016bsu pas\u016bt\u012bjums tiek aiztur\u0113ts, l\u012bdz m\u0113s apstiprin\u0101m, ka maks\u0101jums ir sa\u0146emts. J\u016bsu pas\u016bt\u012bjuma inform\u0101cija ir nor\u0101d\u012bta zem\u0101k, lai uz to var\u0113tu atsaukties:<\/span><\/p><h2>Pas\u016bt\u012bjuma inform\u0101cija<\/h2><table border=\"0\" width=\"100%\" cellspacing=\"0\" cellpadding=\"0\"><tbody><tr><td align=\"left\" valign=\"middle\"><h3><em><span style=\"color: #000000;\">Pas\u016bt\u012bjuma numurs:<\/span><\/em><\/h3><\/td><td align=\"right\" valign=\"middle\"><h3><span style=\"color: #000000;\"><em>Pas\u016bt\u012bjuma datums:<\/em>\u00a0<\/span><\/h3><\/td><\/tr><\/tbody><\/table><div><div class=\"adm\"><div id=\"q_97\" class=\"ajR h4\" data-tooltip=\"Sakrivanje pro\u0161irenog sadr\u017eaja\" aria-label=\"Sakrivanje pro\u0161irenog sadr\u017eaja\" aria-expanded=\"true\"><div class=\"ajT\">\u00a0<\/div><\/div><\/div><div class=\"im\"><table border=\"0\" width=\"100%\" cellspacing=\"0\" cellpadding=\"6\"><thead><tr><th scope=\"col\" align=\"left\"><span style=\"color: #000000;\">Produkts<\/span><\/th><th scope=\"col\" align=\"center\"><span style=\"color: #000000;\">Daudzums<\/span><\/th><th scope=\"col\" align=\"right\"><span style=\"color: #000000;\">Cena<\/span><\/th><\/tr><\/thead><\/table><p><span style=\"color: #000000;\">Paldies par atbalstu!<\/span><\/p><p><span style=\"color: #000000;\">J\u016bsu maks\u0101jums ir re\u0123istr\u0113ts<\/span><\/p><p style=\"text-align: justify;\"><span style=\"color: #000000;\">V\u0113lamies j\u016bs inform\u0113t, ka maks\u0101jums ir ofici\u0101li atz\u012bm\u0113ts kampa\u0146as lap\u0101.\u00a0<\/span><\/p><p style=\"text-align: justify;\"><span style=\"color: #000000;\"><strong>Digit\u0101l\u0101 pateic\u012bba<\/strong><\/span><br \/><span style=\"color: #000000;\">Varat lejupiel\u0101d\u0113t savu digit\u0101lo pateic\u012bbas v\u0113stuli\u00a0<a style=\"color: #000000;\" href=\"https:\/\/bonafidesinvest.eu\/lv\/digital-thank-you-cards\/?customize_changeset_uuid=c75dad4d-2a69-4b01-9395-da689ff3dd0d&amp;customize_autosaved=on&amp;customize_messenger_channel=preview-2\">\u0161eit<\/a>. P\u0113c tam, kad esat lejupiel\u0101d\u0113jis pateic\u012bbas v\u0113stuli un ierakst\u012bjis taj\u0101 savu v\u0101rdu, dalieties ar to soci\u0101lajos t\u012bklos ar draugiem, lai mudin\u0101tu vi\u0146us atbalst\u012bt kampa\u0146u.<\/span><\/p><p style=\"text-align: justify;\"><span style=\"color: #000000;\">PIEZ\u012aME:<\/span><br \/><span style=\"color: #000000;\">Uz\u0146\u0113mumu gr\u0101matved\u012bbas vajadz\u012bb\u0101m pietiek ar bankas izrakstu par maks\u0101jumu un \u0161\u012b e-pasta kopiju k\u0101 apstiprin\u0101jumu par ziedojuma sa\u0146em\u0161anu. Ziedot\u0101ji var papildus lejupiel\u0101d\u0113t ziedojuma apstiprin\u0101juma veidlapu uz\u0146\u0113m\u0113jdarb\u012bbas subjektiem.\u00a0<a style=\"color: #000000;\" href=\"https:\/\/bonafidesinvest.eu\/lv\/donation-confirmation-form-for-business-entities\/?customize_changeset_uuid=c75dad4d-2a69-4b01-9395-da689ff3dd0d&amp;customize_autosaved=on&amp;customize_messenger_channel=preview-2\">\u0161eit<\/a>\u00a0un aizpildiet to person\u012bgi.<\/span><\/p><p style=\"text-align: justify;\"><span style=\"color: #000000;\">Iedz\u012bvot\u0101ji var sa\u0146emt nodok\u013cu atlaidi, t\u0101pat k\u0101 uz\u0146\u0113mumi. \u0160im nol\u016bkam ir nepiecie\u0161ams izmantot bankas izrakstu par maks\u0101jumu un \u0161\u012b e-pasta kopiju k\u0101 apliecin\u0101jumu par ziedojuma sa\u0146em\u0161anu. Ziedot\u0101ji var papildus lejupiel\u0101d\u0113t ziedojuma apstiprin\u0101juma veidlapu fizisk\u0101m person\u0101m.\u00a0<a style=\"color: #000000;\" href=\"https:\/\/bonafidesinvest.eu\/lv\/donation-confirmation-form-for-natural-persons\/?customize_changeset_uuid=c75dad4d-2a69-4b01-9395-da689ff3dd0d&amp;customize_autosaved=on&amp;customize_messenger_channel=preview-2\">\u0161eit<\/a>\u00a0un aizpildiet to person\u012bgi.<\/span><\/p><p><span style=\"color: #000000;\">Nor\u0113\u0137inu adrese<\/span><\/p><p><span style=\"color: #000000;\">M\u0113s ceram dr\u012bz izpild\u012bt j\u016bsu pas\u016bt\u012bjumu.<\/span><\/p><p><span style=\"color: #000000;\">Summu Horv\u0101tijas kun\u0101s (kn) ieg\u016bst, konvert\u0113jot cenu saska\u0146\u0101 ar fiks\u0113to CNB val\u016btas mai\u0146as kursu:<br \/>1 EUR = 7,53450 HRK<\/span><\/p><p><span style=\"color: #000000;\">J\u016bsu pas\u016bt\u012bjums ir sa\u0146emts un tiek apstr\u0101d\u0101ts. J\u016bsu pas\u016bt\u012bjuma inform\u0101cija ir nor\u0101d\u012bta zem\u0101k, lai uz to var\u0113tu atsaukties:<\/span><\/p><p><span style=\"color: #000000;\">Paldies!<\/span><\/p><h2><span style=\"color: #000000;\">Izv\u0113l\u0113t\u0101 atl\u012bdz\u012bba<\/span><\/h2><ul><li><span style=\"color: #000000;\">Summa:\u00a0<u><\/u><\/span><\/li><li><span style=\"color: #000000;\">Pieg\u0101de: ,<\/span><\/li><li><span style=\"color: #000000;\">Inform\u0101cija par atl\u012bdz\u012bbu:\u00a0<\/span><\/li><\/ul><div><h3><span style=\"color: #000000;\">Papildu inform\u0101cija<\/span><\/h3><p><span style=\"color: #000000;\">Izv\u0113lieties, ja nev\u0113laties sa\u0146emt atl\u012bdz\u012bbu par ziedojumu: J\u0101<\/span><\/p><\/div><\/div><\/div>\t\t\t\t\t\t\t\t<\/div>\n\t\t\t\t<\/div>\n\t\t\t\t\t<\/div>\n\t\t<\/div>\n\t\t\t\t\t<\/div>\n\t\t<\/section>\n\t\t\t\t<\/div>","protected":false},"excerpt":{"rendered":"<p>Hello from Bona Fides Invest! Thanks for your order! Your order is on-hold until we confirm payment has been received. Your order details are shown below for your reference: Order [&hellip;]<\/p>\n","protected":false},"author":1,"featured_media":0,"parent":0,"menu_order":0,"comment_status":"closed","ping_status":"closed","template":"","meta":{"footnotes":""},"class_list":["post-7786","page","type-page","status-publish","hentry"],"wpcf_dashboard":"<div class=\"woocommerce\"><div class=\"woocommerce-info\">Please log in first? <a class=\"wpneoShowLogin\" href=\"#\">Click here to login<\/a><\/div><div class=\"wpneo_login_form_div\" style=\"display: none;\"><form name=\"loginform\" id=\"loginform\" action=\"https:\/\/bonafidesinvest.eu\/wp-login.php\" method=\"post\"><p class=\"login-username\">\n\t\t\t\t<label for=\"user_login\">Lietot\u0101jv\u0101rds vai e-pasta adrese<\/label>\n\t\t\t\t<input type=\"text\" name=\"log\" id=\"user_login\" autocomplete=\"username\" class=\"input\" value=\"\" size=\"20\" \/>\n\t\t\t<\/p><p class=\"login-password\">\n\t\t\t\t<label for=\"user_pass\">Parole<\/label>\n\t\t\t\t<input type=\"password\" name=\"pwd\" id=\"user_pass\" autocomplete=\"current-password\" spellcheck=\"false\" class=\"input\" value=\"\" size=\"20\" \/>\n\t\t\t<\/p><p class=\"login-remember\"><label><input name=\"rememberme\" type=\"checkbox\" id=\"rememberme\" value=\"forever\" \/> Atcer\u0113ties mani<\/label><\/p><p class=\"login-submit\">\n\t\t\t\t<input type=\"submit\" name=\"wp-submit\" id=\"wp-submit\" class=\"button button-primary\" value=\"Pieteikties\" \/>\n\t\t\t\t<input type=\"hidden\" name=\"redirect_to\" value=\"https:\/\/bonafidesinvest.eu\/lv\/wp-json\/wp\/v2\/pages\/7786\" \/>\n\t\t\t<\/p><\/form><\/div><\/div>","_links":{"self":[{"href":"https:\/\/bonafidesinvest.eu\/lv\/wp-json\/wp\/v2\/pages\/7786","targetHints":{"allow":["GET"]}}],"collection":[{"href":"https:\/\/bonafidesinvest.eu\/lv\/wp-json\/wp\/v2\/pages"}],"about":[{"href":"https:\/\/bonafidesinvest.eu\/lv\/wp-json\/wp\/v2\/types\/page"}],"author":[{"embeddable":true,"href":"https:\/\/bonafidesinvest.eu\/lv\/wp-json\/wp\/v2\/users\/1"}],"replies":[{"embeddable":true,"href":"https:\/\/bonafidesinvest.eu\/lv\/wp-json\/wp\/v2\/comments?post=7786"}],"version-history":[{"count":0,"href":"https:\/\/bonafidesinvest.eu\/lv\/wp-json\/wp\/v2\/pages\/7786\/revisions"}],"wp:attachment":[{"href":"https:\/\/bonafidesinvest.eu\/lv\/wp-json\/wp\/v2\/media?parent=7786"}],"curies":[{"name":"wp","href":"https:\/\/api.w.org\/{rel}","templated":true}]}}