{"id":3330,"date":"2023-05-03T01:41:57","date_gmt":"2023-05-02T23:41:57","guid":{"rendered":"https:\/\/bonafidesinvest.eu\/?page_id=3330"},"modified":"2023-05-03T01:57:31","modified_gmt":"2023-05-02T23:57:31","slug":"our-awards","status":"publish","type":"page","link":"https:\/\/bonafidesinvest.eu\/lv\/our-awards\/","title":{"rendered":"M\u016bsu apbalvojumi"},"content":{"rendered":"<div data-elementor-type=\"wp-page\" data-elementor-id=\"3330\" class=\"elementor elementor-3330\">\n\t\t\t\t\t\t<section class=\"elementor-section elementor-top-section elementor-element elementor-element-e2dd4b5 elementor-section-boxed elementor-section-height-default elementor-section-height-default\" data-id=\"e2dd4b5\" data-element_type=\"section\" data-e-type=\"section\" data-settings=\"{&quot;background_background&quot;:&quot;classic&quot;}\">\n\t\t\t\t\t\t<div class=\"elementor-container elementor-column-gap-default\">\n\t\t\t\t\t<div class=\"elementor-column elementor-col-100 elementor-top-column elementor-element elementor-element-7058d41\" data-id=\"7058d41\" data-element_type=\"column\" data-e-type=\"column\">\n\t\t\t<div class=\"elementor-widget-wrap elementor-element-populated\">\n\t\t\t\t\t\t<div class=\"elementor-element elementor-element-632055e elementor-widget elementor-widget-gva-heading-block\" data-id=\"632055e\" data-element_type=\"widget\" data-e-type=\"widget\" data-widget_type=\"gva-heading-block.default\">\n\t\t\t\t<div class=\"elementor-widget-container\">\n\t\t\t\t\t<div class=\"gva-element-gva-heading-block gva-element\">   <div class=\"align-center style-1 widget gsc-heading box-align-left auto-responsive\">\r\n      <div class=\"content-inner\">\r\n         \r\n         \r\n                     <div class=\"sub-title\">\r\n               <span class=\"tagline\">Soci\u0101lais ieguld\u012bjums<\/span>\r\n                                 <span class=\"shadow-text\">Apbalvojumi<\/span>\r\n                  \r\n            <\/div>\r\n           \r\n         \r\n                     <h2 class=\"title\">\r\n               <span>M\u016bsu apbalvojumi un atzin\u012bbas<\/span>\r\n            <\/h2>\r\n                  \r\n         \r\n      <\/div>\r\n   <\/div>\r\n<\/div>\t\t\t\t<\/div>\n\t\t\t\t<\/div>\n\t\t\t\t<div class=\"elementor-element elementor-element-7a9e5ad elementor-widget elementor-widget-text-editor\" data-id=\"7a9e5ad\" data-element_type=\"widget\" data-e-type=\"widget\" data-widget_type=\"text-editor.default\">\n\t\t\t\t<div class=\"elementor-widget-container\">\n\t\t\t\t\t\t\t\t\t<p style=\"text-align: center;\"><span style=\"color: #333333;\">M\u016bsu darbu ir atzin\u012bbu guvu\u0161i uz\u0146\u0113mumi, civil\u0101s, valsts un akad\u0113misk\u0101s nozares vis\u0101 pasaul\u0113.<\/span><\/p>\t\t\t\t\t\t\t\t<\/div>\n\t\t\t\t<\/div>\n\t\t\t\t\t<\/div>\n\t\t<\/div>\n\t\t\t\t\t<\/div>\n\t\t<\/section>\n\t\t\t\t<section class=\"elementor-section elementor-top-section elementor-element elementor-element-289bad3 elementor-section-boxed elementor-section-height-default elementor-section-height-default\" data-id=\"289bad3\" data-element_type=\"section\" data-e-type=\"section\">\n\t\t\t\t\t\t<div class=\"elementor-container elementor-column-gap-default\">\n\t\t\t\t\t<div class=\"elementor-column elementor-col-100 elementor-top-column elementor-element elementor-element-9c4000c\" data-id=\"9c4000c\" data-element_type=\"column\" data-e-type=\"column\">\n\t\t\t<div class=\"elementor-widget-wrap elementor-element-populated\">\n\t\t\t\t\t\t<div class=\"elementor-element elementor-element-69e0a5c elementor-widget elementor-widget-spacer\" data-id=\"69e0a5c\" data-element_type=\"widget\" data-e-type=\"widget\" data-widget_type=\"spacer.default\">\n\t\t\t\t<div class=\"elementor-widget-container\">\n\t\t\t\t\t\t\t<div class=\"elementor-spacer\">\n\t\t\t<div class=\"elementor-spacer-inner\"><\/div>\n\t\t<\/div>\n\t\t\t\t\t\t<\/div>\n\t\t\t\t<\/div>\n\t\t\t\t\t<\/div>\n\t\t<\/div>\n\t\t\t\t\t<\/div>\n\t\t<\/section>\n\t\t\t\t<section class=\"elementor-section elementor-top-section elementor-element elementor-element-093c9de elementor-section-boxed elementor-section-height-default elementor-section-height-default\" data-id=\"093c9de\" data-element_type=\"section\" data-e-type=\"section\">\n\t\t\t\t\t\t<div class=\"elementor-container elementor-column-gap-no\">\n\t\t\t\t\t<div class=\"elementor-column elementor-col-50 elementor-top-column elementor-element elementor-element-3f2f60a\" data-id=\"3f2f60a\" data-element_type=\"column\" data-e-type=\"column\">\n\t\t\t<div class=\"elementor-widget-wrap elementor-element-populated\">\n\t\t\t\t\t\t<div class=\"elementor-element elementor-element-3216600 elementor-widget elementor-widget-gva-heading-block\" data-id=\"3216600\" data-element_type=\"widget\" data-e-type=\"widget\" data-widget_type=\"gva-heading-block.default\">\n\t\t\t\t<div class=\"elementor-widget-container\">\n\t\t\t\t\t<div class=\"gva-element-gva-heading-block gva-element\">   <div class=\"align-left style-4 widget gsc-heading box-align-left auto-responsive\">\r\n      <div class=\"content-inner\">\r\n         \r\n         \r\n           \r\n         \r\n                     <h2 class=\"title\">\r\n               <span>m\u0113s esam da\u013ca no EoF kust\u012bbas<\/span>\r\n            <\/h2>\r\n                  \r\n         \r\n      <\/div>\r\n   <\/div>\r\n<\/div>\t\t\t\t<\/div>\n\t\t\t\t<\/div>\n\t\t\t\t<div class=\"elementor-element elementor-element-646626d elementor-widget elementor-widget-text-editor\" data-id=\"646626d\" data-element_type=\"widget\" data-e-type=\"widget\" data-widget_type=\"text-editor.default\">\n\t\t\t\t<div class=\"elementor-widget-container\">\n\t\t\t\t\t\t\t\t\t<p style=\"text-align: justify;\"><strong>Fran\u010desko ekonomika (EoF)<\/strong>\u00a0ir starptautiska jaunie\u0161u kust\u012bba\u00a0<strong>ekonomisti, uz\u0146\u0113m\u0113ji un p\u0101rmai\u0146u veicin\u0101t\u0101ji<\/strong>\u00a0iesaist\u012bties iek\u013caujo\u0161\u0101 dialog\u0101 un jaunu, dinamisku, glob\u0101lu p\u0101rmai\u0146u proces\u0101, virzoties uz jaunu ekonomiku.<\/p>\n<p style=\"text-align: left;\">Ofici\u0101l\u0101 t\u012bmek\u013ca vietne: <a href=\"https:\/\/francescoeconomy.org\/\" target=\"_blank\" rel=\"noopener\">https:\/\/francescoeconomy.org\/<\/a><\/p>\t\t\t\t\t\t\t\t<\/div>\n\t\t\t\t<\/div>\n\t\t\t\t\t<\/div>\n\t\t<\/div>\n\t\t\t\t<div class=\"elementor-column elementor-col-50 elementor-top-column elementor-element elementor-element-e2f0316\" data-id=\"e2f0316\" data-element_type=\"column\" data-e-type=\"column\">\n\t\t\t<div class=\"elementor-widget-wrap elementor-element-populated\">\n\t\t\t\t\t\t<div class=\"elementor-element elementor-element-c9ce5c9 elementor-widget elementor-widget-image\" data-id=\"c9ce5c9\" data-element_type=\"widget\" data-e-type=\"widget\" data-widget_type=\"image.default\">\n\t\t\t\t<div class=\"elementor-widget-container\">\n\t\t\t\t\t\t\t\t\t\t\t\t\t\t\t<img fetchpriority=\"high\" decoding=\"async\" width=\"513\" height=\"513\" src=\"https:\/\/bonafidesinvest.eu\/wp-content\/uploads\/2023\/04\/The-Economy-of-Francesco-logo.webp\" class=\"attachment-full size-full wp-image-2022\" alt=\"\" srcset=\"https:\/\/bonafidesinvest.eu\/wp-content\/uploads\/2023\/04\/The-Economy-of-Francesco-logo.webp 513w, https:\/\/bonafidesinvest.eu\/wp-content\/uploads\/2023\/04\/The-Economy-of-Francesco-logo-175x175.webp 175w, https:\/\/bonafidesinvest.eu\/wp-content\/uploads\/2023\/04\/The-Economy-of-Francesco-logo-300x300.webp 300w, https:\/\/bonafidesinvest.eu\/wp-content\/uploads\/2023\/04\/The-Economy-of-Francesco-logo-180x180.webp 180w, https:\/\/bonafidesinvest.eu\/wp-content\/uploads\/2023\/04\/The-Economy-of-Francesco-logo-12x12.webp 12w\" sizes=\"(max-width: 513px) 100vw, 513px\" \/>\t\t\t\t\t\t\t\t\t\t\t\t\t\t\t<\/div>\n\t\t\t\t<\/div>\n\t\t\t\t\t<\/div>\n\t\t<\/div>\n\t\t\t\t\t<\/div>\n\t\t<\/section>\n\t\t\t\t<section class=\"elementor-section elementor-top-section elementor-element elementor-element-9e61f5e elementor-section-boxed elementor-section-height-default elementor-section-height-default\" data-id=\"9e61f5e\" data-element_type=\"section\" data-e-type=\"section\">\n\t\t\t\t\t\t<div class=\"elementor-container elementor-column-gap-no\">\n\t\t\t\t\t<div class=\"elementor-column elementor-col-50 elementor-top-column elementor-element elementor-element-f822987\" data-id=\"f822987\" data-element_type=\"column\" data-e-type=\"column\">\n\t\t\t<div class=\"elementor-widget-wrap elementor-element-populated\">\n\t\t\t\t\t\t<div class=\"elementor-element elementor-element-5c3a027 elementor-widget elementor-widget-image\" data-id=\"5c3a027\" data-element_type=\"widget\" data-e-type=\"widget\" data-widget_type=\"image.default\">\n\t\t\t\t<div class=\"elementor-widget-container\">\n\t\t\t\t\t\t\t\t\t\t\t\t\t\t\t<img decoding=\"async\" width=\"1000\" height=\"689\" src=\"https:\/\/bonafidesinvest.eu\/wp-content\/uploads\/2023\/04\/Deans-Award-Zoran-Rajn.png\" class=\"attachment-full size-full wp-image-2028\" alt=\"\" srcset=\"https:\/\/bonafidesinvest.eu\/wp-content\/uploads\/2023\/04\/Deans-Award-Zoran-Rajn.png 1000w, https:\/\/bonafidesinvest.eu\/wp-content\/uploads\/2023\/04\/Deans-Award-Zoran-Rajn-768x529.png 768w, https:\/\/bonafidesinvest.eu\/wp-content\/uploads\/2023\/04\/Deans-Award-Zoran-Rajn-600x413.png 600w, https:\/\/bonafidesinvest.eu\/wp-content\/uploads\/2023\/04\/Deans-Award-Zoran-Rajn-18x12.png 18w\" sizes=\"(max-width: 1000px) 100vw, 1000px\" \/>\t\t\t\t\t\t\t\t\t\t\t\t\t\t\t<\/div>\n\t\t\t\t<\/div>\n\t\t\t\t\t<\/div>\n\t\t<\/div>\n\t\t\t\t<div class=\"elementor-column elementor-col-50 elementor-top-column elementor-element elementor-element-a8b78a1\" data-id=\"a8b78a1\" data-element_type=\"column\" data-e-type=\"column\">\n\t\t\t<div class=\"elementor-widget-wrap elementor-element-populated\">\n\t\t\t\t\t\t<div class=\"elementor-element elementor-element-06f7dde elementor-widget elementor-widget-gva-heading-block\" data-id=\"06f7dde\" data-element_type=\"widget\" data-e-type=\"widget\" data-widget_type=\"gva-heading-block.default\">\n\t\t\t\t<div class=\"elementor-widget-container\">\n\t\t\t\t\t<div class=\"gva-element-gva-heading-block gva-element\">   <div class=\"align-left style-4 widget gsc-heading box-align-left auto-responsive\">\r\n      <div class=\"content-inner\">\r\n         \r\n         \r\n           \r\n         \r\n                     <h2 class=\"title\">\r\n               <span>Zagrebas Juridisk\u0101s fakult\u0101tes balva<\/span>\r\n            <\/h2>\r\n                  \r\n         \r\n      <\/div>\r\n   <\/div>\r\n<\/div>\t\t\t\t<\/div>\n\t\t\t\t<\/div>\n\t\t\t\t<div class=\"elementor-element elementor-element-6b1fa18 elementor-widget elementor-widget-text-editor\" data-id=\"6b1fa18\" data-element_type=\"widget\" data-e-type=\"widget\" data-widget_type=\"text-editor.default\">\n\t\t\t\t<div class=\"elementor-widget-container\">\n\t\t\t\t\t\t\t\t\t<p style=\"text-align: justify;\">M\u0113s sa\u0146\u0113m\u0101m balvu no Zagrebas Juridisk\u0101s fakult\u0101tes par to, ka izveidoj\u0101m<strong> pirm\u0101s p\u016b\u013ca finans\u0113juma juridisk\u0101s interpret\u0101cijas<\/strong>.<\/p>\t\t\t\t\t\t\t\t<\/div>\n\t\t\t\t<\/div>\n\t\t\t\t\t<\/div>\n\t\t<\/div>\n\t\t\t\t\t<\/div>\n\t\t<\/section>\n\t\t\t\t<section class=\"elementor-section elementor-top-section elementor-element elementor-element-d54c8b8 elementor-section-boxed elementor-section-height-default elementor-section-height-default\" data-id=\"d54c8b8\" data-element_type=\"section\" data-e-type=\"section\">\n\t\t\t\t\t\t<div class=\"elementor-container elementor-column-gap-no\">\n\t\t\t\t\t<div class=\"elementor-column elementor-col-50 elementor-top-column elementor-element elementor-element-b4718e3\" data-id=\"b4718e3\" data-element_type=\"column\" data-e-type=\"column\">\n\t\t\t<div class=\"elementor-widget-wrap elementor-element-populated\">\n\t\t\t\t\t\t<div class=\"elementor-element elementor-element-1666bea elementor-widget elementor-widget-gva-heading-block\" data-id=\"1666bea\" data-element_type=\"widget\" data-e-type=\"widget\" data-widget_type=\"gva-heading-block.default\">\n\t\t\t\t<div class=\"elementor-widget-container\">\n\t\t\t\t\t<div class=\"gva-element-gva-heading-block gva-element\">   <div class=\"align-left style-4 widget gsc-heading box-align-left auto-responsive\">\r\n      <div class=\"content-inner\">\r\n         \r\n         \r\n           \r\n         \r\n                     <h2 class=\"title\">\r\n               <span>CrowdStream kvalit\u0101tes sertifik\u0101ts<\/span>\r\n            <\/h2>\r\n                  \r\n         \r\n      <\/div>\r\n   <\/div>\r\n<\/div>\t\t\t\t<\/div>\n\t\t\t\t<\/div>\n\t\t\t\t<div class=\"elementor-element elementor-element-c854bea elementor-widget elementor-widget-text-editor\" data-id=\"c854bea\" data-element_type=\"widget\" data-e-type=\"widget\" data-widget_type=\"text-editor.default\">\n\t\t\t\t<div class=\"elementor-widget-container\">\n\t\t\t\t\t\t\t\t\t<p style=\"text-align: JUSTIFY;\">M\u0113s sa\u0146\u0113m\u0101m <strong>Kvalit\u0101tes sertifik\u0101ts<\/strong> no organiz\u0101ciju konsorcija, kas apvienoju\u0161ies ap ES projektu CrowdStream, kura vado\u0161ais partneris ir <strong>Eiropas Integr\u0101cijas un ekonomisk\u0101s att\u012bst\u012bbas a\u0123ent\u016bra (AEI)<\/strong> kuras dibin\u0101t\u0101ja ir Austrijas Finan\u0161u ministrija.<\/p>\t\t\t\t\t\t\t\t<\/div>\n\t\t\t\t<\/div>\n\t\t\t\t\t<\/div>\n\t\t<\/div>\n\t\t\t\t<div class=\"elementor-column elementor-col-50 elementor-top-column elementor-element elementor-element-f159f05\" data-id=\"f159f05\" data-element_type=\"column\" data-e-type=\"column\">\n\t\t\t<div class=\"elementor-widget-wrap elementor-element-populated\">\n\t\t\t\t\t\t<div class=\"elementor-element elementor-element-f201419 elementor-widget elementor-widget-image\" data-id=\"f201419\" data-element_type=\"widget\" data-e-type=\"widget\" data-widget_type=\"image.default\">\n\t\t\t\t<div class=\"elementor-widget-container\">\n\t\t\t\t\t\t\t\t\t\t\t\t\t\t\t<img decoding=\"async\" width=\"1024\" height=\"724\" src=\"https:\/\/bonafidesinvest.eu\/wp-content\/uploads\/2023\/04\/CrowdStream-Certificate-Zoran-Rajn.png\" class=\"attachment-full size-full wp-image-2029\" alt=\"\" srcset=\"https:\/\/bonafidesinvest.eu\/wp-content\/uploads\/2023\/04\/CrowdStream-Certificate-Zoran-Rajn.png 1024w, https:\/\/bonafidesinvest.eu\/wp-content\/uploads\/2023\/04\/CrowdStream-Certificate-Zoran-Rajn-768x543.png 768w, https:\/\/bonafidesinvest.eu\/wp-content\/uploads\/2023\/04\/CrowdStream-Certificate-Zoran-Rajn-600x424.png 600w, https:\/\/bonafidesinvest.eu\/wp-content\/uploads\/2023\/04\/CrowdStream-Certificate-Zoran-Rajn-18x12.png 18w\" sizes=\"(max-width: 1024px) 100vw, 1024px\" \/>\t\t\t\t\t\t\t\t\t\t\t\t\t\t\t<\/div>\n\t\t\t\t<\/div>\n\t\t\t\t\t<\/div>\n\t\t<\/div>\n\t\t\t\t\t<\/div>\n\t\t<\/section>\n\t\t\t\t<\/div>","protected":false},"excerpt":{"rendered":"<p>Social Contribution Awards Our Awards and Recognitions Our work is recognized by business, civil, public and academic sectors worldwide we are part of the EoF movement The Economy of Francesco [&hellip;]<\/p>\n","protected":false},"author":1,"featured_media":0,"parent":0,"menu_order":0,"comment_status":"closed","ping_status":"closed","template":"","meta":{"footnotes":""},"class_list":["post-3330","page","type-page","status-publish","hentry"],"wpcf_dashboard":"<div class=\"woocommerce\"><div class=\"woocommerce-info\">Please log in first? <a class=\"wpneoShowLogin\" href=\"#\">Click here to login<\/a><\/div><div class=\"wpneo_login_form_div\" style=\"display: none;\"><form name=\"loginform\" id=\"loginform\" action=\"https:\/\/bonafidesinvest.eu\/wp-login.php\" method=\"post\"><p class=\"login-username\">\n\t\t\t\t<label for=\"user_login\">Lietot\u0101jv\u0101rds vai e-pasta adrese<\/label>\n\t\t\t\t<input type=\"text\" name=\"log\" id=\"user_login\" autocomplete=\"username\" class=\"input\" value=\"\" size=\"20\" \/>\n\t\t\t<\/p><p class=\"login-password\">\n\t\t\t\t<label for=\"user_pass\">Parole<\/label>\n\t\t\t\t<input type=\"password\" name=\"pwd\" id=\"user_pass\" autocomplete=\"current-password\" spellcheck=\"false\" class=\"input\" value=\"\" size=\"20\" \/>\n\t\t\t<\/p><p class=\"login-remember\"><label><input name=\"rememberme\" type=\"checkbox\" id=\"rememberme\" value=\"forever\" \/> Atcer\u0113ties mani<\/label><\/p><p class=\"login-submit\">\n\t\t\t\t<input type=\"submit\" name=\"wp-submit\" id=\"wp-submit\" class=\"button button-primary\" value=\"Pieteikties\" \/>\n\t\t\t\t<input type=\"hidden\" name=\"redirect_to\" value=\"https:\/\/bonafidesinvest.eu\/lv\/wp-json\/wp\/v2\/pages\/3330\" \/>\n\t\t\t<\/p><\/form><\/div><\/div>","_links":{"self":[{"href":"https:\/\/bonafidesinvest.eu\/lv\/wp-json\/wp\/v2\/pages\/3330","targetHints":{"allow":["GET"]}}],"collection":[{"href":"https:\/\/bonafidesinvest.eu\/lv\/wp-json\/wp\/v2\/pages"}],"about":[{"href":"https:\/\/bonafidesinvest.eu\/lv\/wp-json\/wp\/v2\/types\/page"}],"author":[{"embeddable":true,"href":"https:\/\/bonafidesinvest.eu\/lv\/wp-json\/wp\/v2\/users\/1"}],"replies":[{"embeddable":true,"href":"https:\/\/bonafidesinvest.eu\/lv\/wp-json\/wp\/v2\/comments?post=3330"}],"version-history":[{"count":0,"href":"https:\/\/bonafidesinvest.eu\/lv\/wp-json\/wp\/v2\/pages\/3330\/revisions"}],"wp:attachment":[{"href":"https:\/\/bonafidesinvest.eu\/lv\/wp-json\/wp\/v2\/media?parent=3330"}],"curies":[{"name":"wp","href":"https:\/\/api.w.org\/{rel}","templated":true}]}}