{"id":3,"date":"2023-03-24T10:16:53","date_gmt":"2023-03-24T10:16:53","guid":{"rendered":"https:\/\/bonafidesinvest.eu\/?page_id=3"},"modified":"2023-04-04T01:52:30","modified_gmt":"2023-04-04T01:52:30","slug":"personal-data-gathering-and-protection-statement","status":"publish","type":"page","link":"https:\/\/bonafidesinvest.eu\/lv\/personal-data-gathering-and-protection-statement\/","title":{"rendered":"Personas datu v\u0101k\u0161anas un aizsardz\u012bbas pazi\u0146ojums"},"content":{"rendered":"<div data-elementor-type=\"wp-page\" data-elementor-id=\"3\" class=\"elementor elementor-3\">\n\t\t\t\t\t\t<section class=\"elementor-section elementor-top-section elementor-element elementor-element-656a14ac elementor-section-boxed elementor-section-height-default elementor-section-height-default\" data-id=\"656a14ac\" data-element_type=\"section\" data-e-type=\"section\">\n\t\t\t\t\t\t<div class=\"elementor-container elementor-column-gap-default\">\n\t\t\t\t\t<div class=\"elementor-column elementor-col-100 elementor-top-column elementor-element elementor-element-689a5e94\" data-id=\"689a5e94\" data-element_type=\"column\" data-e-type=\"column\">\n\t\t\t<div class=\"elementor-widget-wrap elementor-element-populated\">\n\t\t\t\t\t\t<div class=\"elementor-element elementor-element-13db662d elementor-widget elementor-widget-text-editor\" data-id=\"13db662d\" data-element_type=\"widget\" data-e-type=\"widget\" data-widget_type=\"text-editor.default\">\n\t\t\t\t<div class=\"elementor-widget-container\">\n\t\t\t\t\t\t\t\t\t<p><span style=\"color: #000000;\"><strong>Personas datu v\u0101k\u0161anas un aizsardz\u012bbas pazi\u0146ojums<\/strong><\/span><\/p>\n<p><span style=\"color: #000000;\">J\u016bsu konfidencialit\u0101te mums ir svar\u012bga. M\u0113s v\u0113lamies, lai j\u016bs pie mums justos dro\u0161i, un m\u0113s r\u012bkojamies saska\u0146\u0101 ar to un personas datu aizsardz\u012bbas ties\u012bbu aktiem.<\/span><\/p>\n<p><span style=\"color: #000000;\">Turpm\u0101k m\u0113s j\u016bs inform\u0113sim par m\u0113r\u0137iem, k\u0101diem m\u0113s v\u0101cam un izmantojam j\u016bsu personas datus, un par to, k\u0101 j\u016bs varat uzraudz\u012bt \u0161\u012bs proced\u016bras un izmantot savas ties\u012bbas.<\/span><\/p>\n<p><span style=\"color: #000000;\">M\u016bsu IT sist\u0113mas ir aizsarg\u0101tas ar tehniskiem un organizatoriskiem pas\u0101kumiem pret nesankcion\u0113tu piek\u013cuvi j\u016bsu datiem, to p\u0101rveido\u0161anu vai izplat\u012b\u0161anu, k\u0101 ar\u012b pret to nozaud\u0113\u0161anu vai dz\u0113\u0161anu.<\/span><\/p>\n<p><span style=\"color: #000000;\">Visa lietot\u0101ja inform\u0101cija ir stingri aizsarg\u0101ta, un t\u0101 ir pieejama tikai tiem darbiniekiem, kuriem \u0161\u012b inform\u0101cija ir nepiecie\u0161ama darba veik\u0161anai. Visi m\u016bsu darbinieki un sadarb\u012bbas partneri ir atbild\u012bgi par konfidencialit\u0101tes aizsardz\u012bbas principu iev\u0113ro\u0161anu.<\/span><\/p>\n<p><span style=\"color: #000000;\">Jums k\u0101 m\u016bsu lietot\u0101jam ir ties\u012bbas sa\u0146emt inform\u0101ciju par savu personas datu apstr\u0101di un iesniegt piepras\u012bjumus, lai izmantotu savas ties\u012bbas.<\/span><\/p>\n<p><span style=\"color: #000000;\">Personas datu apstr\u0101di veic:<\/span><br \/><span style=\"color: #000000;\">Soci\u0101l\u0101s inov\u0101cijas un ilgtsp\u0113j\u012bgas att\u012bst\u012bbas centrs (CEDIOR)<\/span><br \/><span style=\"color: #000000;\">Ante Jak\u0161i\u0107a 10, 10 000 Zagreb, Horv\u0101tija<\/span><br \/><span style=\"color: #000000;\">PIN KODS: 12061569340<\/span><br \/><span style=\"color: #000000;\">+385 (0)98 611 467<\/span><br \/><span style=\"color: #000000;\">info@bonafidesinvest.eu<\/span><\/p>\n<p><span style=\"color: #000000;\"><strong>Datu apstr\u0101des m\u0113r\u0137i un juridiskais pamats<\/strong><\/span><\/p>\n<p><span style=\"color: #000000;\">M\u0113s izmantojam j\u016bsu personas datus tikai un vien\u012bgi investoru un projektu \u012bpa\u0161nieku savieno\u0161anai, biznesa sarakstei un pazi\u0146ojumu nos\u016bt\u012b\u0161anai, un m\u0113s tos nenododam t\u0101l\u0101k vai neizmantojam neparedz\u0113tiem m\u0113r\u0137iem.<\/span><\/p>\n<p><span style=\"color: #000000;\"><strong>M\u016bsu sav\u0101ktajos datos var b\u016bt:<br \/><\/strong><\/span><\/p>\n<ul>\n<li><span style=\"color: #000000;\">V\u0101rds un uzv\u0101rds \/ uz\u0146\u0113muma nosaukums;<\/span><\/li>\n<li><span style=\"color: #000000;\">Pasta adrese;<\/span><\/li>\n<li><span style=\"color: #000000;\">E-pasta adrese;<\/span><\/li>\n<li><span style=\"color: #000000;\">Mobil\u0101 t\u0101lru\u0146a numurs vai fiks\u0113t\u0101 t\u0101lru\u0146a numurs.<\/span><\/li>\n<\/ul>\n<p><span style=\"color: #000000;\"><strong>Pazi\u0146ojums pa e-pastu<\/strong><\/span><\/p>\n<p><span style=\"color: #000000;\">M\u0113s izmantojam Mailchimp platformu, lai pieg\u0101d\u0101tu jaunumus, k\u0101 ar\u012b p\u0101rvald\u012btu sa\u0146\u0113m\u0113ju sarakstus un atteik\u0161an\u0101s ierakstus, un veicam visus nepiecie\u0161amos pas\u0101kumus, lai aizsarg\u0101tu datus saska\u0146\u0101 ar personas datu aizsardz\u012bbas noteikumiem. Jums ir ties\u012bbas pie\u0146emt vai atteikties no m\u016bsu pazi\u0146ojumu sa\u0146em\u0161anas.<\/span><\/p>\n<p><span style=\"color: #000000;\"><strong>Lietot\u0101ja ties\u012bbas<\/strong><\/span><\/p>\n<p><span style=\"color: #000000;\">M\u0113s garant\u0113jam jums \u0161\u0101das ties\u012bbas:<\/span><\/p>\n<ul>\n<li><span style=\"color: #000000;\">Ties\u012bbas piek\u013c\u016bt j\u016bsu datiem (inform\u0101cija par to apjomu un veidu);<\/span><\/li>\n<li><span style=\"color: #000000;\">Ties\u012bbas uz labojumu (attiecas uz j\u016bsu sniegto inform\u0101ciju);<\/span><\/li>\n<li><span style=\"color: #000000;\">Ties\u012bbas tikt aizmirstam;<\/span><\/li>\n<li><span style=\"color: #000000;\">Ties\u012bbas iesniegt s\u016bdz\u012bbu par personas datu izmanto\u0161anu.<\/span><\/li>\n<\/ul>\n<p><span style=\"color: #000000;\"><strong>Piek\u013cuves ties\u012bbas<\/strong><\/span><\/p>\n<p><span style=\"color: #000000;\">Jums ir ties\u012bbas uz inform\u0101ciju par j\u016bsu personas datiem, kurus m\u0113s p\u0101rvald\u0101m un glab\u0101jam atmi\u0146\u0101.<\/span><\/p>\n<p><span style=\"color: #000000;\"><strong>Ties\u012bbas uz labo\u0161anu<\/strong><\/span><\/p>\n<p><span style=\"color: #000000;\">Jums ir ties\u012bbas labot nepareizus personas datus, kas attiecas uz jums, un m\u0113s to izdar\u012bsim 3 darba dienu laik\u0101.<\/span><\/p>\n<p><span style=\"color: #000000;\"><strong>Ties\u012bbas uz dz\u0113\u0161anu (ties\u012bbas tikt aizmirstam)<\/strong><\/span><\/p>\n<p><span style=\"color: #000000;\">Jums ir ties\u012bbas bez nepamatotas kav\u0113\u0161an\u0101s sa\u0146emt savu personas datu anonimiz\u0101ciju, ja nev\u0113laties b\u016bt turpm\u0101ks pakalpojumu lietot\u0101js vai nev\u0113laties, lai m\u0113s j\u016bsu personas datus izmantotu nor\u0101d\u012btajos nol\u016bkos.<\/span><\/p>\n<p><span style=\"color: #000000;\"><strong>Ties\u012bbas iebilst pret personas datu izmanto\u0161anu<\/strong><\/span><\/p>\n<p><span style=\"color: #000000;\">Ja j\u016bsu personas datu apstr\u0101des pamat\u0101 ir m\u016bsu le\u0123it\u012bmo intere\u0161u \u012bsteno\u0161ana, jums ir ties\u012bbas jebkur\u0101 laik\u0101 iebilst pret \u0161\u0101du personas datu apstr\u0101di, cikt\u0101l apstr\u0101de attiecas uz j\u016bsu datiem. Ja j\u016bs iesniedzat \u0161\u0101du iebildumu:<\/span><\/p>\n<ul>\n<li><span style=\"color: #000000;\">regarding notifications (\u201cnewsletter\u201d) \u2013 we will not use your personal data for this purpose;<\/span><\/li>\n<li><span style=\"color: #000000;\">related to other cases of legitimate interest \u2013 we will not further process your personal data for the purpose to which the complaint relates.<\/span><\/li>\n<\/ul>\n<p><span style=\"color: #000000;\"><strong>S\u012bkfaili<\/strong><\/span><\/p>\n<p><span style=\"color: #000000;\">M\u0113s sav\u0101 vietn\u0113 izmantojam datora s\u012bkfailus, lai iesp\u0113jotu noteiktas tehnisk\u0101s funkcijas un atvieglotu j\u016bsu navig\u0101ciju m\u016bsu vietn\u0113.<\/span><\/p>\n<p><span style=\"color: #000000;\"><strong>K\u0101 varat izmantot savas ties\u012bbas<\/strong><\/span><\/p>\n<p><span style=\"color: #000000;\">For all questions and requests regarding your personal data, please contact our data protection coordinators at email address info@bonafidesinvest.eu with the note DATA PROTECTION in the \u201cSubject\u201d.<\/span><\/p>\n<p><span style=\"color: #000000;\">M\u0113s apstr\u0101d\u0101sim j\u016bsu piepras\u012bjumus un piepras\u012bjumus bez nepamatotas kav\u0113\u0161an\u0101s un saska\u0146\u0101 ar juridiskaj\u0101m saist\u012bb\u0101m, k\u0101 ar\u012b inform\u0113sim j\u016bs par veiktajiem pas\u0101kumiem.<\/span><\/p>\t\t\t\t\t\t\t\t<\/div>\n\t\t\t\t<\/div>\n\t\t\t\t\t<\/div>\n\t\t<\/div>\n\t\t\t\t\t<\/div>\n\t\t<\/section>\n\t\t\t\t<\/div>","protected":false},"excerpt":{"rendered":"<p>Personal data gathering and protection statement Your privacy is important to us. We want you to feel safe with us, and we act in accordance with that and the legal [&hellip;]<\/p>\n","protected":false},"author":1,"featured_media":0,"parent":0,"menu_order":0,"comment_status":"closed","ping_status":"closed","template":"","meta":{"footnotes":""},"class_list":["post-3","page","type-page","status-publish","hentry"],"wpcf_dashboard":"<div class=\"woocommerce\"><div class=\"woocommerce-info\">Please log in first? <a class=\"wpneoShowLogin\" href=\"#\">Click here to login<\/a><\/div><div class=\"wpneo_login_form_div\" style=\"display: none;\"><form name=\"loginform\" id=\"loginform\" action=\"https:\/\/bonafidesinvest.eu\/wp-login.php\" method=\"post\"><p class=\"login-username\">\n\t\t\t\t<label for=\"user_login\">Lietot\u0101jv\u0101rds vai e-pasta adrese<\/label>\n\t\t\t\t<input type=\"text\" name=\"log\" id=\"user_login\" autocomplete=\"username\" class=\"input\" value=\"\" size=\"20\" \/>\n\t\t\t<\/p><p class=\"login-password\">\n\t\t\t\t<label for=\"user_pass\">Parole<\/label>\n\t\t\t\t<input type=\"password\" name=\"pwd\" id=\"user_pass\" autocomplete=\"current-password\" spellcheck=\"false\" class=\"input\" value=\"\" size=\"20\" \/>\n\t\t\t<\/p><p class=\"login-remember\"><label><input name=\"rememberme\" type=\"checkbox\" id=\"rememberme\" value=\"forever\" \/> Atcer\u0113ties mani<\/label><\/p><p class=\"login-submit\">\n\t\t\t\t<input type=\"submit\" name=\"wp-submit\" id=\"wp-submit\" class=\"button button-primary\" value=\"Pieteikties\" \/>\n\t\t\t\t<input type=\"hidden\" name=\"redirect_to\" value=\"https:\/\/bonafidesinvest.eu\/lv\/wp-json\/wp\/v2\/pages\/3\" \/>\n\t\t\t<\/p><\/form><\/div><\/div>","_links":{"self":[{"href":"https:\/\/bonafidesinvest.eu\/lv\/wp-json\/wp\/v2\/pages\/3","targetHints":{"allow":["GET"]}}],"collection":[{"href":"https:\/\/bonafidesinvest.eu\/lv\/wp-json\/wp\/v2\/pages"}],"about":[{"href":"https:\/\/bonafidesinvest.eu\/lv\/wp-json\/wp\/v2\/types\/page"}],"author":[{"embeddable":true,"href":"https:\/\/bonafidesinvest.eu\/lv\/wp-json\/wp\/v2\/users\/1"}],"replies":[{"embeddable":true,"href":"https:\/\/bonafidesinvest.eu\/lv\/wp-json\/wp\/v2\/comments?post=3"}],"version-history":[{"count":0,"href":"https:\/\/bonafidesinvest.eu\/lv\/wp-json\/wp\/v2\/pages\/3\/revisions"}],"wp:attachment":[{"href":"https:\/\/bonafidesinvest.eu\/lv\/wp-json\/wp\/v2\/media?parent=3"}],"curies":[{"name":"wp","href":"https:\/\/api.w.org\/{rel}","templated":true}]}}