{"id":2132,"date":"2023-04-01T22:13:01","date_gmt":"2023-04-01T22:13:01","guid":{"rendered":"https:\/\/bonafidesinvest.eu\/?page_id=2132"},"modified":"2024-02-14T00:50:25","modified_gmt":"2024-02-13T22:50:25","slug":"pricing","status":"publish","type":"page","link":"https:\/\/bonafidesinvest.eu\/lv\/pricing\/","title":{"rendered":"Cenu noteik\u0161ana"},"content":{"rendered":"<div data-elementor-type=\"wp-page\" data-elementor-id=\"2132\" class=\"elementor elementor-2132\">\n\t\t\t\t\t\t<section class=\"elementor-section elementor-top-section elementor-element elementor-element-5cb4fba elementor-section-boxed elementor-section-height-default elementor-section-height-default\" data-id=\"5cb4fba\" data-element_type=\"section\" data-e-type=\"section\" data-settings=\"{&quot;background_background&quot;:&quot;classic&quot;}\">\n\t\t\t\t\t\t<div class=\"elementor-container elementor-column-gap-default\">\n\t\t\t\t\t<div class=\"elementor-column elementor-col-100 elementor-top-column elementor-element elementor-element-1a8af99\" data-id=\"1a8af99\" data-element_type=\"column\" data-e-type=\"column\">\n\t\t\t<div class=\"elementor-widget-wrap elementor-element-populated\">\n\t\t\t\t\t\t<div class=\"elementor-element elementor-element-9fece9b elementor-widget elementor-widget-gva-heading-block\" data-id=\"9fece9b\" data-element_type=\"widget\" data-e-type=\"widget\" data-widget_type=\"gva-heading-block.default\">\n\t\t\t\t<div class=\"elementor-widget-container\">\n\t\t\t\t\t<div class=\"gva-element-gva-heading-block gva-element\">   <div class=\"align-center style-1 widget gsc-heading box-align-left auto-responsive\">\r\n      <div class=\"content-inner\">\r\n         \r\n         \r\n                     <div class=\"sub-title\">\r\n               <span class=\"tagline\">Cenu pl\u0101ns<\/span>\r\n                                 <span class=\"shadow-text\">Cenu noteik\u0161ana<\/span>\r\n                  \r\n            <\/div>\r\n           \r\n         \r\n                     <h2 class=\"title\">\r\n               <span>Izv\u0113lieties cenu pl\u0101nu<\/span>\r\n            <\/h2>\r\n                  \r\n         \r\n      <\/div>\r\n   <\/div>\r\n<\/div>\t\t\t\t<\/div>\n\t\t\t\t<\/div>\n\t\t\t\t\t<\/div>\n\t\t<\/div>\n\t\t\t\t\t<\/div>\n\t\t<\/section>\n\t\t\t\t<section class=\"elementor-section elementor-top-section elementor-element elementor-element-24cce4d elementor-section-boxed elementor-section-height-default elementor-section-height-default\" data-id=\"24cce4d\" data-element_type=\"section\" data-e-type=\"section\" data-settings=\"{&quot;background_background&quot;:&quot;classic&quot;}\">\n\t\t\t\t\t\t<div class=\"elementor-container elementor-column-gap-default\">\n\t\t\t\t\t<div class=\"elementor-column elementor-col-33 elementor-top-column elementor-element elementor-element-6c55053\" data-id=\"6c55053\" data-element_type=\"column\" data-e-type=\"column\">\n\t\t\t<div class=\"elementor-widget-wrap elementor-element-populated\">\n\t\t\t\t\t\t<div class=\"elementor-element elementor-element-440bb81 elementor-widget elementor-widget-gva-pricing-block\" data-id=\"440bb81\" data-element_type=\"widget\" data-e-type=\"widget\" data-widget_type=\"gva-pricing-block.default\">\n\t\t\t\t<div class=\"elementor-widget-container\">\n\t\t\t\t\t<div class=\"gva-element-gva-pricing-block gva-element\">   \r\n<div class=\"widget gsc-pricing style-1 active-\">\r\n   <div class=\"content-inner\">\r\n\r\n      <div class=\"sub-title\">Piecu zvaig\u017e\u0146u v\u0113rt\u0113jums izgl\u012bt\u012bba<\/div>\r\n               <h3 class=\"title\">\r\n            <span>IZGL\u012aT\u012aBAS MODELIS<\/span>\r\n         <\/h3>\r\n      \r\n      <div class=\"plan-price\">\r\n         <div class=\"plan-price-inner clearfix\">\r\n            <span class=\"currency\">\u20ac<\/span>\r\n            <span class=\"price\">400<\/span>\r\n               \r\n         <\/div>\r\n      <\/div>\r\n\r\n      <div class=\"desc\">Es v\u0113los sa\u0146emt apm\u0101c\u012bbu par p\u016b\u013ca finans\u0113jumu, nes\u0101kot kampa\u0146u.<\/div>\r\n               <ul class=\"plan-list\">\r\n                           <li class=\"active\">\r\n                  <span class=\"text\">1 persona<\/span>\r\n               <\/li>  \r\n                           <li class=\"active\">\r\n                  <span class=\"text\">Fiziski vai tie\u0161saist\u0113<\/span>\r\n               <\/li>  \r\n                           <li class=\"active\">\r\n                  <span class=\"text\">Ang\u013cu vai horv\u0101tu valoda<\/span>\r\n               <\/li>  \r\n                           <li class=\"active\">\r\n                  <span class=\"text\">Pieredz\u0113ju\u0161i pasniedz\u0113ji ar ilggad\u0113ju pieredzi finan\u0161u nozar\u0113.<\/span>\r\n               <\/li>  \r\n                           <li class=\"active\">\r\n                  <span class=\"text\">Starptautisk\u0101 p\u016b\u013ca finans\u0113juma centra (ICFC) sertifik\u0101ts<\/span>\r\n               <\/li>  \r\n                           <li class=\"active\">\r\n                  <span class=\"text\">Liel\u0101k\u0101m grup\u0101m m\u0113s pie\u0161\u0137iram atlaidi. Sazinieties ar mums, lai izveidotu piel\u0101gotu pied\u0101v\u0101jumu<\/span>\r\n               <\/li>  \r\n                           <li class=\"active\">\r\n                  <span class=\"text\">Izgl\u012bto\u0161anas organizatori liel\u0101k\u0101m dal\u012bbnieku grup\u0101m sa\u0146em soci\u0101l\u0101s atbild\u012bbas sertifik\u0101tu Crowdfunding Literacy Certificate<\/span>\r\n               <\/li>  \r\n                     <\/ul>\r\n         \r\n\r\n\r\n               <div class=\"pricing-action\">\r\n            \t\t  <a href=\"https:\/\/bonafidesinvest.eu\/lv\/crowdfunding-education\/\" class=\"btn-theme\">\r\n\t\t\t <span>Skat\u012bt vair\u0101k par skolu<\/span>\r\n\t\t  <\/a>\r\n\r\n\t\t           <\/div>\r\n         <\/div>\r\n<\/div>\r\n\r\n<div class=\"clearfix\"><\/div>\r\n\r\n<\/div>\t\t\t\t<\/div>\n\t\t\t\t<\/div>\n\t\t\t\t\t<\/div>\n\t\t<\/div>\n\t\t\t\t<div class=\"elementor-column elementor-col-33 elementor-top-column elementor-element elementor-element-af68d50\" data-id=\"af68d50\" data-element_type=\"column\" data-e-type=\"column\">\n\t\t\t<div class=\"elementor-widget-wrap elementor-element-populated\">\n\t\t\t\t\t\t<div class=\"elementor-element elementor-element-8698e0d elementor-widget elementor-widget-gva-pricing-block\" data-id=\"8698e0d\" data-element_type=\"widget\" data-e-type=\"widget\" data-widget_type=\"gva-pricing-block.default\">\n\t\t\t\t<div class=\"elementor-widget-container\">\n\t\t\t\t\t<div class=\"gva-element-gva-pricing-block gva-element\">   \r\n<div class=\"widget gsc-pricing style-1 active-yes\">\r\n   <div class=\"content-inner\">\r\n\r\n      <div class=\"sub-title\">LAB\u0100KAIS PIRKUMS<\/div>\r\n               <h3 class=\"title\">\r\n            <span>LAB\u0100K\u0100 P\u0100RDEV\u0112JA MODELIS<\/span>\r\n         <\/h3>\r\n      \r\n      <div class=\"plan-price\">\r\n         <div class=\"plan-price-inner clearfix\">\r\n            <span class=\"currency\">\u20ac<\/span>\r\n            <span class=\"price\">200 + 7%<\/span>\r\n               \r\n         <\/div>\r\n      <\/div>\r\n\r\n      <div class=\"desc\">Es v\u0113los apg\u016bt p\u016b\u013ca finans\u0113juma izgl\u012bt\u012bbu un uzs\u0101kt kampa\u0146u.<\/div>\r\n               <ul class=\"plan-list\">\r\n                           <li class=\"active\">\r\n                  <span class=\"text\">Fiks\u0113ta summa 200 eiro apm\u0113r\u0101 tiek samaks\u0101ta avans\u0101 par Crowdfunding School.<\/span>\r\n               <\/li>  \r\n                           <li class=\"active\">\r\n                  <span class=\"text\">J\u016bs sa\u0146emat izgl\u012bt\u012bbu 2 komandas locek\u013ciem<\/span>\r\n               <\/li>  \r\n                           <li class=\"active\">\r\n                  <span class=\"text\">M\u0113s uzraug\u0101m j\u016bsu progresu.<\/span>\r\n               <\/li>  \r\n                           <li class=\"active\">\r\n                  <span class=\"text\">Kampa\u0146a j\u0101uzs\u0101k viena gada laik\u0101<\/span>\r\n               <\/li>  \r\n                           <li class=\"active\">\r\n                  <span class=\"text\">Kampa\u0146as beig\u0101s tiek izmaks\u0101ta main\u012bga summa 7% apm\u0113r\u0101.<\/span>\r\n               <\/li>  \r\n                           <li class=\"active\">\r\n                  <span class=\"text\">Iz\u0146emot maksu par 7%, nav citu maksu.<\/span>\r\n               <\/li>  \r\n                           <li class=\"active\">\r\n                  <span class=\"text\">Lai m\u0113s var\u0113tu jums izmaks\u0101t l\u012bdzek\u013cus, nav nepiecie\u0161ams starpnieks.<\/span>\r\n               <\/li>  \r\n                           <li class=\"active\">\r\n                  <span class=\"text\">Ja n\u0101kotn\u0113 s\u0101kat jaunu kampa\u0146u, fiks\u0113t\u0101 maksa netiek iekas\u0113ta.<\/span>\r\n               <\/li>  \r\n                     <\/ul>\r\n         \r\n\r\n\r\n               <div class=\"pricing-action\">\r\n            \t\t  <a href=\"https:\/\/bonafidesinvest.eu\/lv\/sazinaties-ar\/\" class=\"btn-theme\">\r\n\t\t\t <span>Sazinieties ar mums<\/span>\r\n\t\t  <\/a>\r\n\r\n\t\t           <\/div>\r\n         <\/div>\r\n<\/div>\r\n\r\n<div class=\"clearfix\"><\/div>\r\n\r\n<\/div>\t\t\t\t<\/div>\n\t\t\t\t<\/div>\n\t\t\t\t\t<\/div>\n\t\t<\/div>\n\t\t\t\t<div class=\"elementor-column elementor-col-33 elementor-top-column elementor-element elementor-element-0017ba5\" data-id=\"0017ba5\" data-element_type=\"column\" data-e-type=\"column\">\n\t\t\t<div class=\"elementor-widget-wrap elementor-element-populated\">\n\t\t\t\t\t\t<div class=\"elementor-element elementor-element-b6d77e6 elementor-widget elementor-widget-gva-pricing-block\" data-id=\"b6d77e6\" data-element_type=\"widget\" data-e-type=\"widget\" data-widget_type=\"gva-pricing-block.default\">\n\t\t\t\t<div class=\"elementor-widget-container\">\n\t\t\t\t\t<div class=\"gva-element-gva-pricing-block gva-element\">   \r\n<div class=\"widget gsc-pricing style-1 active-no\">\r\n   <div class=\"content-inner\">\r\n\r\n      <div class=\"sub-title\">Burk\u0101ns un n\u016bja<\/div>\r\n               <h3 class=\"title\">\r\n            <span>IZAICIN\u0100JUMA MODELIS<\/span>\r\n         <\/h3>\r\n      \r\n      <div class=\"plan-price\">\r\n         <div class=\"plan-price-inner clearfix\">\r\n            <span class=\"currency\">\u20ac<\/span>\r\n            <span class=\"price\">7-15%<\/span>\r\n                           <span class=\"interval\">\/ par kop\u0113jo summu<\/span>\r\n               \r\n         <\/div>\r\n      <\/div>\r\n\r\n      <div class=\"desc\">Es v\u0113los uzs\u0101kt kampa\u0146u, neapmekl\u0113jot p\u016b\u013ca finans\u0113juma apm\u0101c\u012bbas.<\/div>\r\n               <ul class=\"plan-list\">\r\n                           <li class=\"active\">\r\n                  <span class=\"text\">Ja sav\u0101c l\u012bdz 20% no m\u0113r\u0137a summas, maksa ir 15%.<\/span>\r\n               <\/li>  \r\n                           <li class=\"active\">\r\n                  <span class=\"text\">Ja piesaist\u0101t no 21% l\u012bdz 40% no m\u0113r\u0137a summas, maksa ir 13%.<\/span>\r\n               <\/li>  \r\n                           <li class=\"active\">\r\n                  <span class=\"text\">Ja j\u016bs piesaist\u0101t no 41% l\u012bdz 60% no m\u0113r\u0137a summas, maksa ir 11%.<\/span>\r\n               <\/li>  \r\n                           <li class=\"active\">\r\n                  <span class=\"text\">Ja j\u016bs piesaist\u0101t no 61% l\u012bdz 80% no m\u0113r\u0137a summas, maksa ir 9%.<\/span>\r\n               <\/li>  \r\n                           <li class=\"active\">\r\n                  <span class=\"text\">Ja piesaist\u0101t vair\u0101k nek\u0101 81% no m\u0113r\u0137a summas, maksa ir 7%.<\/span>\r\n               <\/li>  \r\n                     <\/ul>\r\n         \r\n\r\n\r\n               <div class=\"pricing-action\">\r\n            \t\t  <a href=\"https:\/\/bonafidesinvest.eu\/lv\/sazinaties-ar\/\" class=\"btn-theme\">\r\n\t\t\t <span>Sazinieties ar mums <\/span>\r\n\t\t  <\/a>\r\n\r\n\t\t           <\/div>\r\n         <\/div>\r\n<\/div>\r\n\r\n<div class=\"clearfix\"><\/div>\r\n\r\n<\/div>\t\t\t\t<\/div>\n\t\t\t\t<\/div>\n\t\t\t\t\t<\/div>\n\t\t<\/div>\n\t\t\t\t\t<\/div>\n\t\t<\/section>\n\t\t\t\t<section class=\"elementor-section elementor-top-section elementor-element elementor-element-7f285b1 elementor-section-boxed elementor-section-height-default elementor-section-height-default\" data-id=\"7f285b1\" data-element_type=\"section\" data-e-type=\"section\" data-settings=\"{&quot;background_background&quot;:&quot;classic&quot;}\">\n\t\t\t\t\t\t<div class=\"elementor-container elementor-column-gap-default\">\n\t\t\t\t\t<div class=\"elementor-column elementor-col-50 elementor-top-column elementor-element elementor-element-8407a97\" data-id=\"8407a97\" data-element_type=\"column\" data-e-type=\"column\">\n\t\t\t<div class=\"elementor-widget-wrap elementor-element-populated\">\n\t\t\t\t\t\t<div class=\"elementor-element elementor-element-1d1c3dc elementor-widget elementor-widget-gva-heading-block\" data-id=\"1d1c3dc\" data-element_type=\"widget\" data-e-type=\"widget\" data-widget_type=\"gva-heading-block.default\">\n\t\t\t\t<div class=\"elementor-widget-container\">\n\t\t\t\t\t<div class=\"gva-element-gva-heading-block gva-element\">   <div class=\"align-left style-1 widget gsc-heading box-align-left auto-responsive\">\r\n      <div class=\"content-inner\">\r\n         \r\n         \r\n                     <div class=\"sub-title\">\r\n               <span class=\"tagline\">Sazinieties ar mums, lai izveidotu piel\u0101gotu pied\u0101v\u0101jumu, ja v\u0113laties, lai m\u0113s sagatavotu un \u012bstenotu j\u016bsu p\u016b\u013ca finans\u0113juma kampa\u0146u saska\u0146\u0101 ar \"l\u012bdz atsl\u0113gai\" principu.<\/span>\r\n                                 <span class=\"shadow-text\">Atsl\u0113gas modelis<\/span>\r\n                  \r\n            <\/div>\r\n           \r\n         \r\n                     <h2 class=\"title\">\r\n               <span>Atsl\u0113gas modelis<\/span>\r\n            <\/h2>\r\n                  \r\n                     <div class=\"heading-action\">\r\n               \t\t  <a href=\"https:\/\/bonafidesinvest.eu\/lv\/sazinaties-ar\/\" class=\"btn-cta btn-theme\">\r\n\t\t\t <span>S\u0101kuma cena ir 5000 eiro avans\u0101 + 17%<\/span>\r\n\t\t  <\/a>\r\n\r\n\t\t              <\/div>\r\n         \r\n      <\/div>\r\n   <\/div>\r\n<\/div>\t\t\t\t<\/div>\n\t\t\t\t<\/div>\n\t\t\t\t\t<\/div>\n\t\t<\/div>\n\t\t\t\t<div class=\"elementor-column elementor-col-50 elementor-top-column elementor-element elementor-element-41859fb\" data-id=\"41859fb\" data-element_type=\"column\" data-e-type=\"column\">\n\t\t\t<div class=\"elementor-widget-wrap elementor-element-populated\">\n\t\t\t\t\t\t<div class=\"elementor-element elementor-element-40fb823 elementor-widget__width-auto elementor-widget elementor-widget-html\" data-id=\"40fb823\" data-element_type=\"widget\" data-e-type=\"widget\" data-widget_type=\"html.default\">\n\t\t\t\t<div class=\"elementor-widget-container\">\n\t\t\t\t\t<a class=\"btn-border-white\" href=\"https:\/\/bonafidesinvest.eu\/lv\/sazinaties-ar\/\">\n    Sazinieties ar mums\n<\/a>\t\t\t\t<\/div>\n\t\t\t\t<\/div>\n\t\t\t\t\t<\/div>\n\t\t<\/div>\n\t\t\t\t\t<\/div>\n\t\t<\/section>\n\t\t\t\t<\/div>","protected":false},"excerpt":{"rendered":"<p>Pricing plan Pricing Choose pricing plan Five star rating education EDUCATION MODEL \u20ac 400 I want to get training on crowdfunding without starting a campaign. 1 person Physically or online [&hellip;]<\/p>\n","protected":false},"author":1,"featured_media":0,"parent":0,"menu_order":0,"comment_status":"closed","ping_status":"closed","template":"","meta":{"footnotes":""},"class_list":["post-2132","page","type-page","status-publish","hentry"],"wpcf_dashboard":"<div class=\"woocommerce\"><div class=\"woocommerce-info\">Please log in first? <a class=\"wpneoShowLogin\" href=\"#\">Click here to login<\/a><\/div><div class=\"wpneo_login_form_div\" style=\"display: none;\"><form name=\"loginform\" id=\"loginform\" action=\"https:\/\/bonafidesinvest.eu\/wp-login.php\" method=\"post\"><p class=\"login-username\">\n\t\t\t\t<label for=\"user_login\">Lietot\u0101jv\u0101rds vai e-pasta adrese<\/label>\n\t\t\t\t<input type=\"text\" name=\"log\" id=\"user_login\" autocomplete=\"username\" class=\"input\" value=\"\" size=\"20\" \/>\n\t\t\t<\/p><p class=\"login-password\">\n\t\t\t\t<label for=\"user_pass\">Parole<\/label>\n\t\t\t\t<input type=\"password\" name=\"pwd\" id=\"user_pass\" autocomplete=\"current-password\" spellcheck=\"false\" class=\"input\" value=\"\" size=\"20\" \/>\n\t\t\t<\/p><p class=\"login-remember\"><label><input name=\"rememberme\" type=\"checkbox\" id=\"rememberme\" value=\"forever\" \/> Atcer\u0113ties mani<\/label><\/p><p class=\"login-submit\">\n\t\t\t\t<input type=\"submit\" name=\"wp-submit\" id=\"wp-submit\" class=\"button button-primary\" value=\"Pieteikties\" \/>\n\t\t\t\t<input type=\"hidden\" name=\"redirect_to\" value=\"https:\/\/bonafidesinvest.eu\/lv\/wp-json\/wp\/v2\/pages\/2132\" \/>\n\t\t\t<\/p><\/form><\/div><\/div>","_links":{"self":[{"href":"https:\/\/bonafidesinvest.eu\/lv\/wp-json\/wp\/v2\/pages\/2132","targetHints":{"allow":["GET"]}}],"collection":[{"href":"https:\/\/bonafidesinvest.eu\/lv\/wp-json\/wp\/v2\/pages"}],"about":[{"href":"https:\/\/bonafidesinvest.eu\/lv\/wp-json\/wp\/v2\/types\/page"}],"author":[{"embeddable":true,"href":"https:\/\/bonafidesinvest.eu\/lv\/wp-json\/wp\/v2\/users\/1"}],"replies":[{"embeddable":true,"href":"https:\/\/bonafidesinvest.eu\/lv\/wp-json\/wp\/v2\/comments?post=2132"}],"version-history":[{"count":0,"href":"https:\/\/bonafidesinvest.eu\/lv\/wp-json\/wp\/v2\/pages\/2132\/revisions"}],"wp:attachment":[{"href":"https:\/\/bonafidesinvest.eu\/lv\/wp-json\/wp\/v2\/media?parent=2132"}],"curies":[{"name":"wp","href":"https:\/\/api.w.org\/{rel}","templated":true}]}}