{"id":1513,"date":"2023-03-27T11:37:14","date_gmt":"2023-03-27T11:37:14","guid":{"rendered":"https:\/\/bonafidesinvest.eu\/?page_id=1513"},"modified":"2023-03-27T11:48:42","modified_gmt":"2023-03-27T11:48:42","slug":"emuars","status":"publish","type":"page","link":"https:\/\/bonafidesinvest.eu\/lv\/blog\/","title":{"rendered":"Blogs"},"content":{"rendered":"<div data-elementor-type=\"wp-page\" data-elementor-id=\"1513\" class=\"elementor elementor-1513\">\n\t\t\t\t\t\t<section class=\"elementor-section elementor-top-section elementor-element elementor-element-c34b47a elementor-section-boxed elementor-section-height-default elementor-section-height-default\" data-id=\"c34b47a\" data-element_type=\"section\" data-e-type=\"section\">\n\t\t\t\t\t\t<div class=\"elementor-container elementor-column-gap-default\">\n\t\t\t\t\t<div class=\"elementor-column elementor-col-100 elementor-top-column elementor-element elementor-element-f425e94\" data-id=\"f425e94\" data-element_type=\"column\" data-e-type=\"column\">\n\t\t\t<div class=\"elementor-widget-wrap elementor-element-populated\">\n\t\t\t\t\t\t<div class=\"elementor-element elementor-element-7f00a4f elementor-widget elementor-widget-gva-posts\" data-id=\"7f00a4f\" data-element_type=\"widget\" data-e-type=\"widget\" data-widget_type=\"gva-posts.default\">\n\t\t\t\t<div class=\"elementor-widget-container\">\n\t\t\t\t\t<div class=\"gva-element-gva-posts gva-element\">  \r\n  <div class=\"gva-posts-grid clearfix gva-posts\">\r\n\t\t<div class=\"gva-content-items\"> \r\n\t\t  <div class=\"lg-block-grid-3 md-block-grid-3 sm-block-grid-2 xs-block-grid-1 xx-block-grid-1\">\r\n\t\t\t <div class=\"item-columns\">\r\n   <article id=\"post-15271\" class=\"post post-style-1 post-15271 type-post status-publish format-standard has-post-thumbnail hentry category-interviews tag-andriy-volyk tag-crowdfunding tag-documentary-film tag-humanitarian-aid tag-interview tag-ukraine\">\r\n      \r\n               <div class=\"post-thumbnail\">\r\n            <a href=\"https:\/\/bonafidesinvest.eu\/lv\/interview-with-ukrainian-paratrooper-filmmaker-and-activist-andriy-volyk\/\">\r\n               <img fetchpriority=\"high\" decoding=\"async\" width=\"600\" height=\"590\" src=\"https:\/\/bonafidesinvest.eu\/wp-content\/uploads\/2025\/06\/Ukrainian-paratrooper-filmmaker-and-activist-Andriy-Volyk-600x590.jpg\" class=\"attachment-funden_medium size-funden_medium wp-post-image\" alt=\"Interview with Ukrainian Paratrooper, Filmmaker, and Activist Andriy Volyk\" \/>            <\/a>\r\n                           <div class=\"entry-date\">\r\n                  <span class=\"date\">29<\/span>\r\n                  <span class=\"month\">J\u016bn<\/span>\r\n               <\/div>\r\n                     <\/div>   \r\n         \r\n\r\n      <div class=\"entry-content has-thumbnail\">\r\n         <div class=\"content-inner\">\r\n            <div class=\"entry-meta\">\r\n               <div class=\"clearfix meta-inline post-meta-1\"><span class=\"author vcard\"><i class=\"far fa-user-circle\"><\/i>Bona Fides Invest - Raise and Rise<\/span><\/div>            <\/div> \r\n            <h3 class=\"entry-title\"><a href=\"https:\/\/bonafidesinvest.eu\/lv\/interview-with-ukrainian-paratrooper-filmmaker-and-activist-andriy-volyk\/\" rel=\"bookmark\">Interview with Ukrainian Paratrooper, Filmmaker, and Activist Andriy Volyk<\/a><\/h3>\r\n                           <div class=\"entry-desc\">\r\n                  From Writing EU Projects to Writing European History Interview prepared by: Zoran Rajn I met               <\/div>   \r\n                        <div class=\"read-more\">\r\n               <a class=\"btn-inline\" href=\"https:\/\/bonafidesinvest.eu\/lv\/interview-with-ukrainian-paratrooper-filmmaker-and-activist-andriy-volyk\/\">Las\u012bt vair\u0101k<\/a>\r\n            <\/div>\r\n         <\/div>\r\n\r\n      <\/div>\r\n   <\/article>   \r\n\r\n  <\/div><div class=\"item-columns\">\r\n   <article id=\"post-1785\" class=\"post post-style-1 post-1785 type-post status-publish format-standard has-post-thumbnail hentry category-interviews\">\r\n      \r\n               <div class=\"post-thumbnail\">\r\n            <a href=\"https:\/\/bonafidesinvest.eu\/lv\/interview-with-zoran-rajn-ceo-of-bona-fides-invest-for-magazine-entrepreneur\/\">\r\n               <img decoding=\"async\" width=\"600\" height=\"590\" src=\"https:\/\/bonafidesinvest.eu\/wp-content\/uploads\/2023\/03\/Zoran-Rajn-International-Crowdfunding-Center-ICFC-600x590.jpg\" class=\"attachment-funden_medium size-funden_medium wp-post-image\" alt=\"Intervija ar Zoranu Rainu, Bona Fides Invest izpilddirektoru \u017eurn\u0101lam Entrepreneur\" \/>            <\/a>\r\n                           <div class=\"entry-date\">\r\n                  <span class=\"date\">04<\/span>\r\n                  <span class=\"month\">Apr<\/span>\r\n               <\/div>\r\n                     <\/div>   \r\n         \r\n\r\n      <div class=\"entry-content has-thumbnail\">\r\n         <div class=\"content-inner\">\r\n            <div class=\"entry-meta\">\r\n               <div class=\"clearfix meta-inline post-meta-1\"><span class=\"author vcard\"><i class=\"far fa-user-circle\"><\/i>Bona Fides Invest - Raise and Rise<\/span><\/div>            <\/div> \r\n            <h3 class=\"entry-title\"><a href=\"https:\/\/bonafidesinvest.eu\/lv\/interview-with-zoran-rajn-ceo-of-bona-fides-invest-for-magazine-entrepreneur\/\" rel=\"bookmark\">Intervija ar Zoranu Rainu, Bona Fides Invest izpilddirektoru \u017eurn\u0101lam Entrepreneur<\/a><\/h3>\r\n                           <div class=\"entry-desc\">\r\n                  Zorans Rains vada izgl\u012bt\u012bbu jaunuz\u0146\u0113mumiem Zagrebas inov\u0101ciju centr\u0101 ZICER.               <\/div>   \r\n                        <div class=\"read-more\">\r\n               <a class=\"btn-inline\" href=\"https:\/\/bonafidesinvest.eu\/lv\/interview-with-zoran-rajn-ceo-of-bona-fides-invest-for-magazine-entrepreneur\/\">Las\u012bt vair\u0101k<\/a>\r\n            <\/div>\r\n         <\/div>\r\n\r\n      <\/div>\r\n   <\/article>   \r\n\r\n  <\/div><div class=\"item-columns\">\r\n   <article id=\"post-2572\" class=\"post post-style-1 post-2572 type-post status-publish format-standard has-post-thumbnail hentry category-interviews\">\r\n      \r\n               <div class=\"post-thumbnail\">\r\n            <a href=\"https:\/\/bonafidesinvest.eu\/lv\/interview-with-vesna-ujevic-founder-of-the-home-of-words-imotski\/\">\r\n               <img decoding=\"async\" width=\"600\" height=\"590\" src=\"https:\/\/bonafidesinvest.eu\/wp-content\/uploads\/2023\/04\/Crowdfunding-campaign-House-of-Words-Imotski-Bona-Fides-Invest-600x590.jpg\" class=\"attachment-funden_medium size-funden_medium wp-post-image\" alt=\"Intervija ar Vesnu Ujevi\u010du, v\u0101rdu m\u0101jas &quot;Imotski&quot; dibin\u0101t\u0101ju\" \/>            <\/a>\r\n                           <div class=\"entry-date\">\r\n                  <span class=\"date\">03<\/span>\r\n                  <span class=\"month\">Apr<\/span>\r\n               <\/div>\r\n                     <\/div>   \r\n         \r\n\r\n      <div class=\"entry-content has-thumbnail\">\r\n         <div class=\"content-inner\">\r\n            <div class=\"entry-meta\">\r\n               <div class=\"clearfix meta-inline post-meta-1\"><span class=\"author vcard\"><i class=\"far fa-user-circle\"><\/i>Bona Fides Invest - Raise and Rise<\/span><\/div>            <\/div> \r\n            <h3 class=\"entry-title\"><a href=\"https:\/\/bonafidesinvest.eu\/lv\/interview-with-vesna-ujevic-founder-of-the-home-of-words-imotski\/\" rel=\"bookmark\">Intervija ar Vesnu Ujevi\u010du, v\u0101rdu m\u0101jas \"Imotski\" dibin\u0101t\u0101ju<\/a><\/h3>\r\n                           <div class=\"entry-desc\">\r\n                  Kampa\u0146u \"V\u0101rdu m\u0101jas Imotski\" l\u012bdz \u0161im ir atbalst\u012bju\u0161i 307 cilv\u0113ki un               <\/div>   \r\n                        <div class=\"read-more\">\r\n               <a class=\"btn-inline\" href=\"https:\/\/bonafidesinvest.eu\/lv\/interview-with-vesna-ujevic-founder-of-the-home-of-words-imotski\/\">Las\u012bt vair\u0101k<\/a>\r\n            <\/div>\r\n         <\/div>\r\n\r\n      <\/div>\r\n   <\/article>   \r\n\r\n  <\/div><div class=\"item-columns\">\r\n   <article id=\"post-1752\" class=\"post post-style-1 post-1752 type-post status-publish format-standard has-post-thumbnail hentry category-careers category-interviews\">\r\n      \r\n               <div class=\"post-thumbnail\">\r\n            <a href=\"https:\/\/bonafidesinvest.eu\/lv\/interview-with-dominik-matkovic-intern-at-international-crowdfunding-center-icfc\/\">\r\n               <img loading=\"lazy\" decoding=\"async\" width=\"600\" height=\"590\" src=\"https:\/\/bonafidesinvest.eu\/wp-content\/uploads\/2023\/03\/Dominik-Matkovic-Bona-Fides-Invest-600x590.jpg\" class=\"attachment-funden_medium size-funden_medium wp-post-image\" alt=\"Intervija ar Dominik Matkovi\u0107, Starptautisk\u0101 p\u016b\u013ca finans\u0113juma centra (ICFC) praktikantu\" \/>            <\/a>\r\n                           <div class=\"entry-date\">\r\n                  <span class=\"date\">31<\/span>\r\n                  <span class=\"month\">Mar<\/span>\r\n               <\/div>\r\n                     <\/div>   \r\n         \r\n\r\n      <div class=\"entry-content has-thumbnail\">\r\n         <div class=\"content-inner\">\r\n            <div class=\"entry-meta\">\r\n               <div class=\"clearfix meta-inline post-meta-1\"><span class=\"author vcard\"><i class=\"far fa-user-circle\"><\/i>Bona Fides Invest - Raise and Rise<\/span><\/div>            <\/div> \r\n            <h3 class=\"entry-title\"><a href=\"https:\/\/bonafidesinvest.eu\/lv\/interview-with-dominik-matkovic-intern-at-international-crowdfunding-center-icfc\/\" rel=\"bookmark\">Intervija ar Dominik Matkovi\u0107, Starptautisk\u0101 p\u016b\u013ca finans\u0113juma centra (ICFC) praktikantu<\/a><\/h3>\r\n                           <div class=\"entry-desc\">\r\n                  Lai s\u0101ktu sarunu, l\u016bdzu, iepaz\u012bstiniet m\u016bsu las\u012bt\u0101jus ar sevi. Mans v\u0101rds ir Dominiks Matkovi\u010ds, un               <\/div>   \r\n                        <div class=\"read-more\">\r\n               <a class=\"btn-inline\" href=\"https:\/\/bonafidesinvest.eu\/lv\/interview-with-dominik-matkovic-intern-at-international-crowdfunding-center-icfc\/\">Las\u012bt vair\u0101k<\/a>\r\n            <\/div>\r\n         <\/div>\r\n\r\n      <\/div>\r\n   <\/article>   \r\n\r\n  <\/div><div class=\"item-columns\">\r\n   <article id=\"post-1739\" class=\"post post-style-1 post-1739 type-post status-publish format-standard has-post-thumbnail hentry category-events\">\r\n      \r\n               <div class=\"post-thumbnail\">\r\n            <a href=\"https:\/\/bonafidesinvest.eu\/lv\/eof-participant-zoran-rajn-presented-bona-fides-invest-crowdfunding-platform-and-global-partnership-program-of-international-crowdfundingcenter-icfc\/\">\r\n               <img loading=\"lazy\" decoding=\"async\" width=\"600\" height=\"590\" src=\"https:\/\/bonafidesinvest.eu\/wp-content\/uploads\/2023\/03\/EoF-Hub-Croatia-The-Economy-of-Francesco-2022-600x590.jpg\" class=\"attachment-funden_medium size-funden_medium wp-post-image\" alt=\"EoF dal\u012bbnieks Zoran Rajn iepaz\u012bstin\u0101ja ar Bona Fides Invest p\u016b\u013ca finans\u0113juma platformu un Starptautisk\u0101 p\u016b\u013ca finans\u0113juma centra (ICFC) glob\u0101l\u0101s partner\u012bbas programmu.\" \/>            <\/a>\r\n                           <div class=\"entry-date\">\r\n                  <span class=\"date\">18<\/span>\r\n                  <span class=\"month\">Okt<\/span>\r\n               <\/div>\r\n                     <\/div>   \r\n         \r\n\r\n      <div class=\"entry-content has-thumbnail\">\r\n         <div class=\"content-inner\">\r\n            <div class=\"entry-meta\">\r\n               <div class=\"clearfix meta-inline post-meta-1\"><span class=\"author vcard\"><i class=\"far fa-user-circle\"><\/i>Bona Fides Invest - Raise and Rise<\/span><\/div>            <\/div> \r\n            <h3 class=\"entry-title\"><a href=\"https:\/\/bonafidesinvest.eu\/lv\/eof-participant-zoran-rajn-presented-bona-fides-invest-crowdfunding-platform-and-global-partnership-program-of-international-crowdfundingcenter-icfc\/\" rel=\"bookmark\">EoF dal\u012bbnieks Zoran Rajn iepaz\u012bstin\u0101ja ar Bona Fides Invest p\u016b\u013ca finans\u0113juma platformu un Starptautisk\u0101 p\u016b\u013ca finans\u0113juma centra (ICFC) glob\u0101l\u0101s partner\u012bbas programmu.<\/a><\/h3>\r\n                           <div class=\"entry-desc\">\r\n                  Zorans Rains, Soci\u0101l\u0101s inov\u0101cijas un ilgtsp\u0113j\u012bgas att\u012bst\u012bbas centra (CEDIOR) dibin\u0101t\u0101js un prezidents.               <\/div>   \r\n                        <div class=\"read-more\">\r\n               <a class=\"btn-inline\" href=\"https:\/\/bonafidesinvest.eu\/lv\/eof-participant-zoran-rajn-presented-bona-fides-invest-crowdfunding-platform-and-global-partnership-program-of-international-crowdfundingcenter-icfc\/\">Las\u012bt vair\u0101k<\/a>\r\n            <\/div>\r\n         <\/div>\r\n\r\n      <\/div>\r\n   <\/article>   \r\n\r\n  <\/div><div class=\"item-columns\">\r\n   <article id=\"post-1747\" class=\"post post-style-1 post-1747 type-post status-publish format-standard has-post-thumbnail hentry category-events\">\r\n      \r\n               <div class=\"post-thumbnail\">\r\n            <a href=\"https:\/\/bonafidesinvest.eu\/lv\/in-the-city-of-st-michael-at-the-ukrainian-croatian-business-forum\/\">\r\n               <img loading=\"lazy\" decoding=\"async\" width=\"600\" height=\"590\" src=\"https:\/\/bonafidesinvest.eu\/wp-content\/uploads\/2023\/03\/Saint-Michael-the-Archangel-Protector-of-Kyiv-600x590.jpg\" class=\"attachment-funden_medium size-funden_medium wp-post-image\" alt=\"Sv\u0113t\u0101 Mi\u0137e\u013ca pils\u0113t\u0101 Ukrainas un Horv\u0101tijas biznesa forum\u0101\" \/>            <\/a>\r\n                           <div class=\"entry-date\">\r\n                  <span class=\"date\">04<\/span>\r\n                  <span class=\"month\">Jan<\/span>\r\n               <\/div>\r\n                     <\/div>   \r\n         \r\n\r\n      <div class=\"entry-content has-thumbnail\">\r\n         <div class=\"content-inner\">\r\n            <div class=\"entry-meta\">\r\n               <div class=\"clearfix meta-inline post-meta-1\"><span class=\"author vcard\"><i class=\"far fa-user-circle\"><\/i>Bona Fides Invest - Raise and Rise<\/span><\/div>            <\/div> \r\n            <h3 class=\"entry-title\"><a href=\"https:\/\/bonafidesinvest.eu\/lv\/in-the-city-of-st-michael-at-the-ukrainian-croatian-business-forum\/\" rel=\"bookmark\">Sv\u0113t\u0101 Mi\u0137e\u013ca pils\u0113t\u0101 Ukrainas un Horv\u0101tijas biznesa forum\u0101<\/a><\/h3>\r\n                           <div class=\"entry-desc\">\r\n                  Starptautisk\u0101s attiec\u012bbas un uz\u0146\u0113m\u0113jdarb\u012bba ir mana aizrau\u0161an\u0101s jau kop\u0161 agras b\u0113rn\u012bbas. Man ir               <\/div>   \r\n                        <div class=\"read-more\">\r\n               <a class=\"btn-inline\" href=\"https:\/\/bonafidesinvest.eu\/lv\/in-the-city-of-st-michael-at-the-ukrainian-croatian-business-forum\/\">Las\u012bt vair\u0101k<\/a>\r\n            <\/div>\r\n         <\/div>\r\n\r\n      <\/div>\r\n   <\/article>   \r\n\r\n  <\/div>\t\t  <\/div>\r\n\t\t<\/div>\r\n\t\t\t\t\t <div class=\"pagination\">\r\n\t\t\t\t  \t\t\t <\/div>\r\n\t\t  <\/div>\r\n  <\/div>\t\t\t\t<\/div>\n\t\t\t\t<\/div>\n\t\t\t\t\t<\/div>\n\t\t<\/div>\n\t\t\t\t\t<\/div>\n\t\t<\/section>\n\t\t\t\t<\/div>","protected":false},"excerpt":{"rendered":"<p>08 Dec BFI3 Comments A day in the life of entrepreneur &amp; ceo There are many variations of but the majority have simply free text. Read more 08 Dec BFI0 [&hellip;]<\/p>\n","protected":false},"author":1,"featured_media":0,"parent":0,"menu_order":0,"comment_status":"closed","ping_status":"closed","template":"","meta":{"footnotes":""},"class_list":["post-1513","page","type-page","status-publish","hentry"],"wpcf_dashboard":"<div class=\"woocommerce\"><div class=\"woocommerce-info\">Please log in first? <a class=\"wpneoShowLogin\" href=\"#\">Click here to login<\/a><\/div><div class=\"wpneo_login_form_div\" style=\"display: none;\"><form name=\"loginform\" id=\"loginform\" action=\"https:\/\/bonafidesinvest.eu\/wp-login.php\" method=\"post\"><p class=\"login-username\">\n\t\t\t\t<label for=\"user_login\">Lietot\u0101jv\u0101rds vai e-pasta adrese<\/label>\n\t\t\t\t<input type=\"text\" name=\"log\" id=\"user_login\" autocomplete=\"username\" class=\"input\" value=\"\" size=\"20\" \/>\n\t\t\t<\/p><p class=\"login-password\">\n\t\t\t\t<label for=\"user_pass\">Parole<\/label>\n\t\t\t\t<input type=\"password\" name=\"pwd\" id=\"user_pass\" autocomplete=\"current-password\" spellcheck=\"false\" class=\"input\" value=\"\" size=\"20\" \/>\n\t\t\t<\/p><p class=\"login-remember\"><label><input name=\"rememberme\" type=\"checkbox\" id=\"rememberme\" value=\"forever\" \/> Atcer\u0113ties mani<\/label><\/p><p class=\"login-submit\">\n\t\t\t\t<input type=\"submit\" name=\"wp-submit\" id=\"wp-submit\" class=\"button button-primary\" value=\"Pieteikties\" \/>\n\t\t\t\t<input type=\"hidden\" name=\"redirect_to\" value=\"https:\/\/bonafidesinvest.eu\/lv\/wp-json\/wp\/v2\/pages\/1513\" \/>\n\t\t\t<\/p><\/form><\/div><\/div>","_links":{"self":[{"href":"https:\/\/bonafidesinvest.eu\/lv\/wp-json\/wp\/v2\/pages\/1513","targetHints":{"allow":["GET"]}}],"collection":[{"href":"https:\/\/bonafidesinvest.eu\/lv\/wp-json\/wp\/v2\/pages"}],"about":[{"href":"https:\/\/bonafidesinvest.eu\/lv\/wp-json\/wp\/v2\/types\/page"}],"author":[{"embeddable":true,"href":"https:\/\/bonafidesinvest.eu\/lv\/wp-json\/wp\/v2\/users\/1"}],"replies":[{"embeddable":true,"href":"https:\/\/bonafidesinvest.eu\/lv\/wp-json\/wp\/v2\/comments?post=1513"}],"version-history":[{"count":0,"href":"https:\/\/bonafidesinvest.eu\/lv\/wp-json\/wp\/v2\/pages\/1513\/revisions"}],"wp:attachment":[{"href":"https:\/\/bonafidesinvest.eu\/lv\/wp-json\/wp\/v2\/media?parent=1513"}],"curies":[{"name":"wp","href":"https:\/\/api.w.org\/{rel}","templated":true}]}}