{"id":7786,"date":"2024-02-13T17:27:54","date_gmt":"2024-02-13T15:27:54","guid":{"rendered":"https:\/\/bonafidesinvest.eu\/?page_id=7786"},"modified":"2024-03-16T03:16:28","modified_gmt":"2024-03-16T01:16:28","slug":"pranesimai","status":"publish","type":"page","link":"https:\/\/bonafidesinvest.eu\/lt\/messages\/","title":{"rendered":"\u017dinut\u0117s"},"content":{"rendered":"<div data-elementor-type=\"wp-page\" data-elementor-id=\"7786\" class=\"elementor elementor-7786\">\n\t\t\t\t\t\t<section class=\"elementor-section elementor-top-section elementor-element elementor-element-44765eb elementor-section-boxed elementor-section-height-default elementor-section-height-default\" data-id=\"44765eb\" data-element_type=\"section\" data-e-type=\"section\">\n\t\t\t\t\t\t<div class=\"elementor-container elementor-column-gap-default\">\n\t\t\t\t\t<div class=\"elementor-column elementor-col-100 elementor-top-column elementor-element elementor-element-fa4bf63\" data-id=\"fa4bf63\" data-element_type=\"column\" data-e-type=\"column\">\n\t\t\t<div class=\"elementor-widget-wrap elementor-element-populated\">\n\t\t\t\t\t\t<div class=\"elementor-element elementor-element-6a1881a elementor-widget elementor-widget-text-editor\" data-id=\"6a1881a\" data-element_type=\"widget\" data-e-type=\"widget\" data-widget_type=\"text-editor.default\">\n\t\t\t\t<div class=\"elementor-widget-container\">\n\t\t\t\t\t\t\t\t\t<p><span style=\"color: #000000;\">Sveiki i\u0161 \"Bona Fides Invest\"!<\/span><\/p><p><span style=\"color: #000000;\">A\u010di\u016b u\u017e u\u017esakym\u0105!<\/span><\/p><p><span style=\"color: #000000;\">J\u016bs\u0173 u\u017esakymas yra sustabdytas, kol patvirtinsime, kad mok\u0117jimas gautas. J\u016bs\u0173 u\u017esakymo duomenys pateikiami toliau:<\/span><\/p><h2>U\u017esakymo informacija<\/h2><table border=\"0\" width=\"100%\" cellspacing=\"0\" cellpadding=\"0\"><tbody><tr><td align=\"left\" valign=\"middle\"><h3><em><span style=\"color: #000000;\">U\u017esakymo numeris:<\/span><\/em><\/h3><\/td><td align=\"right\" valign=\"middle\"><h3><span style=\"color: #000000;\"><em>U\u017esakymo data:<\/em>\u00a0<\/span><\/h3><\/td><\/tr><\/tbody><\/table><div><div class=\"adm\"><div id=\"q_97\" class=\"ajR h4\" data-tooltip=\"Sakrivanje pro\u0161irenog sadr\u017eaja\" aria-label=\"Sakrivanje pro\u0161irenog sadr\u017eaja\" aria-expanded=\"true\"><div class=\"ajT\">\u00a0<\/div><\/div><\/div><div class=\"im\"><table border=\"0\" width=\"100%\" cellspacing=\"0\" cellpadding=\"6\"><thead><tr><th scope=\"col\" align=\"left\"><span style=\"color: #000000;\">Produktas<\/span><\/th><th scope=\"col\" align=\"center\"><span style=\"color: #000000;\">Kiekis<\/span><\/th><th scope=\"col\" align=\"right\"><span style=\"color: #000000;\">Kaina<\/span><\/th><\/tr><\/thead><\/table><p><span style=\"color: #000000;\">A\u010di\u016b u\u017e palaikym\u0105!<\/span><\/p><p><span style=\"color: #000000;\">J\u016bs\u0173 mok\u0117jimas u\u017eregistruotas<\/span><\/p><p style=\"text-align: justify;\"><span style=\"color: #000000;\">Nor\u0117tume jus informuoti, kad mok\u0117jimas oficialiai pa\u017eym\u0117tas kampanijos puslapyje.\u00a0<\/span><\/p><p style=\"text-align: justify;\"><span style=\"color: #000000;\"><strong>Skaitmeninis pad\u0117kos ra\u0161tas<\/strong><\/span><br \/><span style=\"color: #000000;\">Galite atsisi\u0173sti skaitmenin\u012f pad\u0117kos ra\u0161t\u0105\u00a0<a style=\"color: #000000;\" href=\"https:\/\/bonafidesinvest.eu\/lt\/digital-thank-you-cards\/?customize_changeset_uuid=c75dad4d-2a69-4b01-9395-da689ff3dd0d&amp;customize_autosaved=on&amp;customize_messenger_channel=preview-2\">\u010dia<\/a>. Atsisiunt\u0119 pad\u0117kos ra\u0161t\u0105 ir \u012fra\u0161\u0119 jame vard\u0105, pasidalykite juo su draugais socialiniuose tinkluose, kad paskatintum\u0117te juos paremti kampanij\u0105.<\/span><\/p><p style=\"text-align: justify;\"><span style=\"color: #000000;\">PASTABA:<\/span><br \/><span style=\"color: #000000;\">Verslo subjekt\u0173 apskaitos tikslais pakanka banko i\u0161ra\u0161o apie mok\u0117jim\u0105 ir \u0161io el. lai\u0161ko kopijos, patvirtinan\u010dios aukos gavim\u0105. Dovanotojai gali papildomai atsisi\u0173sti verslo subjektams skirt\u0105 aukos patvirtinimo form\u0105\u00a0<a style=\"color: #000000;\" href=\"https:\/\/bonafidesinvest.eu\/lt\/donation-confirmation-form-for-business-entities\/?customize_changeset_uuid=c75dad4d-2a69-4b01-9395-da689ff3dd0d&amp;customize_autosaved=on&amp;customize_messenger_channel=preview-2\">\u010dia<\/a>\u00a0ir u\u017epildykite j\u012f asmeni\u0161kai.<\/span><\/p><p style=\"text-align: justify;\"><span style=\"color: #000000;\">Pilie\u010diai, kaip ir \u012fmon\u0117s, gali gauti mokes\u010di\u0173 lengvat\u0105. \u0160iuo tikslu b\u016btina naudoti banko mok\u0117jimo i\u0161ra\u0161\u0105 ir \u0161io el. lai\u0161ko kopij\u0105 kaip patvirtinim\u0105 apie aukos gavim\u0105. Aukotojai gali papildomai atsisi\u0173sti fiziniams asmenims skirt\u0105 aukos patvirtinimo form\u0105\u00a0<a style=\"color: #000000;\" href=\"https:\/\/bonafidesinvest.eu\/lt\/donation-confirmation-form-for-natural-persons\/?customize_changeset_uuid=c75dad4d-2a69-4b01-9395-da689ff3dd0d&amp;customize_autosaved=on&amp;customize_messenger_channel=preview-2\">\u010dia<\/a>\u00a0ir u\u017epildykite j\u012f asmeni\u0161kai.<\/span><\/p><p><span style=\"color: #000000;\">Atsiskaitymo adresas<\/span><\/p><p><span style=\"color: #000000;\">Tikim\u0117s greitai \u012fvykdyti j\u016bs\u0173 u\u017esakym\u0105.<\/span><\/p><p><span style=\"color: #000000;\">Suma Kroatijos kunomis (kn) gaunama perskai\u010diavus kain\u0105 pagal fiksuot\u0105 \u010cNB valiutos kurs\u0105:<br \/>1 EUR = 7,53450 HRK<\/span><\/p><p><span style=\"color: #000000;\">J\u016bs\u0173 u\u017esakymas gautas ir dabar apdorojamas. J\u016bs\u0173 u\u017esakymo duomenys pateikiami toliau:<\/span><\/p><p><span style=\"color: #000000;\">A\u010di\u016b!<\/span><\/p><h2><span style=\"color: #000000;\">Pasirinktas apdovanojimas<\/span><\/h2><ul><li><span style=\"color: #000000;\">Suma:\u00a0<u><\/u><\/span><\/li><li><span style=\"color: #000000;\">Pristatymas: ,<\/span><\/li><li><span style=\"color: #000000;\">Informacija apie apdovanojim\u0105:\u00a0<\/span><\/li><\/ul><div><h3><span style=\"color: #000000;\">Papildoma informacija<\/span><\/h3><p><span style=\"color: #000000;\">Pasirinkite, jei nenorite gauti atlygio u\u017e auk\u0105: Taip<\/span><\/p><\/div><\/div><\/div>\t\t\t\t\t\t\t\t<\/div>\n\t\t\t\t<\/div>\n\t\t\t\t\t<\/div>\n\t\t<\/div>\n\t\t\t\t\t<\/div>\n\t\t<\/section>\n\t\t\t\t<\/div>","protected":false},"excerpt":{"rendered":"<p>Hello from Bona Fides Invest! Thanks for your order! Your order is on-hold until we confirm payment has been received. Your order details are shown below for your reference: Order [&hellip;]<\/p>\n","protected":false},"author":1,"featured_media":0,"parent":0,"menu_order":0,"comment_status":"closed","ping_status":"closed","template":"","meta":{"footnotes":""},"class_list":["post-7786","page","type-page","status-publish","hentry"],"wpcf_dashboard":"<div class=\"woocommerce\"><div class=\"woocommerce-info\">Please log in first? <a class=\"wpneoShowLogin\" href=\"#\">Click here to login<\/a><\/div><div class=\"wpneo_login_form_div\" style=\"display: none;\"><form name=\"loginform\" id=\"loginform\" action=\"https:\/\/bonafidesinvest.eu\/wp-login.php\" method=\"post\"><p class=\"login-username\">\n\t\t\t\t<label for=\"user_login\">Vartotojo vardas arba el.pa\u0161tas<\/label>\n\t\t\t\t<input type=\"text\" name=\"log\" id=\"user_login\" autocomplete=\"username\" class=\"input\" value=\"\" size=\"20\" \/>\n\t\t\t<\/p><p class=\"login-password\">\n\t\t\t\t<label for=\"user_pass\">Slapta\u017eodis<\/label>\n\t\t\t\t<input type=\"password\" name=\"pwd\" id=\"user_pass\" autocomplete=\"current-password\" spellcheck=\"false\" class=\"input\" value=\"\" size=\"20\" \/>\n\t\t\t<\/p><p class=\"login-remember\"><label><input name=\"rememberme\" type=\"checkbox\" id=\"rememberme\" value=\"forever\" \/> Prisiminti duomenis<\/label><\/p><p class=\"login-submit\">\n\t\t\t\t<input type=\"submit\" name=\"wp-submit\" id=\"wp-submit\" class=\"button button-primary\" value=\"Prisijungti\" \/>\n\t\t\t\t<input type=\"hidden\" name=\"redirect_to\" value=\"https:\/\/bonafidesinvest.eu\/lt\/wp-json\/wp\/v2\/pages\/7786\" \/>\n\t\t\t<\/p><\/form><\/div><\/div>","_links":{"self":[{"href":"https:\/\/bonafidesinvest.eu\/lt\/wp-json\/wp\/v2\/pages\/7786","targetHints":{"allow":["GET"]}}],"collection":[{"href":"https:\/\/bonafidesinvest.eu\/lt\/wp-json\/wp\/v2\/pages"}],"about":[{"href":"https:\/\/bonafidesinvest.eu\/lt\/wp-json\/wp\/v2\/types\/page"}],"author":[{"embeddable":true,"href":"https:\/\/bonafidesinvest.eu\/lt\/wp-json\/wp\/v2\/users\/1"}],"replies":[{"embeddable":true,"href":"https:\/\/bonafidesinvest.eu\/lt\/wp-json\/wp\/v2\/comments?post=7786"}],"version-history":[{"count":0,"href":"https:\/\/bonafidesinvest.eu\/lt\/wp-json\/wp\/v2\/pages\/7786\/revisions"}],"wp:attachment":[{"href":"https:\/\/bonafidesinvest.eu\/lt\/wp-json\/wp\/v2\/media?parent=7786"}],"curies":[{"name":"wp","href":"https:\/\/api.w.org\/{rel}","templated":true}]}}