{"id":2528,"date":"2023-04-03T17:07:19","date_gmt":"2023-04-03T17:07:19","guid":{"rendered":"https:\/\/bonafidesinvest.eu\/?page_id=2528"},"modified":"2023-04-04T01:06:50","modified_gmt":"2023-04-04T01:06:50","slug":"privacy-policy","status":"publish","type":"page","link":"https:\/\/bonafidesinvest.eu\/lt\/privacy-policy\/","title":{"rendered":"Privatumo politika"},"content":{"rendered":"<div data-elementor-type=\"wp-page\" data-elementor-id=\"2528\" class=\"elementor elementor-2528\">\n\t\t\t\t\t\t<section class=\"elementor-section elementor-top-section elementor-element elementor-element-718aa932 elementor-section-boxed elementor-section-height-default elementor-section-height-default\" data-id=\"718aa932\" data-element_type=\"section\" data-e-type=\"section\">\n\t\t\t\t\t\t<div class=\"elementor-container elementor-column-gap-default\">\n\t\t\t\t\t<div class=\"elementor-column elementor-col-100 elementor-top-column elementor-element elementor-element-1671caf6\" data-id=\"1671caf6\" data-element_type=\"column\" data-e-type=\"column\">\n\t\t\t<div class=\"elementor-widget-wrap elementor-element-populated\">\n\t\t\t\t\t\t<div class=\"elementor-element elementor-element-75c0122f elementor-widget elementor-widget-text-editor\" data-id=\"75c0122f\" data-element_type=\"widget\" data-e-type=\"widget\" data-widget_type=\"text-editor.default\">\n\t\t\t\t<div class=\"elementor-widget-container\">\n\t\t\t\t\t\t\t\t\t<p><span style=\"color: #000000;\"><\/span><\/p>\n<p style=\"text-align: justify;\"><span style=\"color: #000000;\"><strong>Asmens duomen\u0173 rinkimo ir apsaugos parei\u0161kimas<\/strong><\/span><\/p>\n<p style=\"text-align: justify;\"><span style=\"color: #000000;\">Mums svarbus j\u016bs\u0173 privatumas. Norime, kad su mumis jaustum\u0117t\u0117s saug\u016bs, tod\u0117l veikiame laikydamiesi \u0161ios nuostatos ir asmens duomen\u0173 apsaug\u0105 reglamentuojan\u010di\u0173 teis\u0117s akt\u0173.<\/span><\/p>\n<p style=\"text-align: justify;\"><span style=\"color: #000000;\">Toliau informuojame jus apie tikslus, kuriais renkame ir naudojame j\u016bs\u0173 asmens duomenis, taip pat apie tai, kaip galite steb\u0117ti \u0161ias proced\u016bras ir naudotis savo teis\u0117mis.<\/span><\/p>\n<p style=\"text-align: justify;\"><span style=\"color: #000000;\">M\u016bs\u0173 IT sistemos yra apsaugotos technin\u0117mis ir organizacin\u0117mis priemon\u0117mis nuo neteis\u0117tos prieigos prie j\u016bs\u0173 duomen\u0173, j\u0173 keitimo ar platinimo, taip pat nuo praradimo ar i\u0161trynimo.<\/span><\/p>\n<p style=\"text-align: justify;\"><span style=\"color: #000000;\">Visa naudotojo informacija yra grie\u017etai saugoma ir prieinama tik tiems darbuotojams, kuriems ta informacija reikalinga darbui atlikti. Visi m\u016bs\u0173 darbuotojai ir verslo partneriai privalo laikytis konfidencialumo apsaugos princip\u0173.<\/span><\/p>\n<p style=\"text-align: justify;\"><span style=\"color: #000000;\">Kaip m\u016bs\u0173 naudotojas turite teis\u0119 gauti informacij\u0105 apie savo asmens duomen\u0173 tvarkym\u0105 ir teikti pra\u0161ymus d\u0117l savo teisi\u0173 \u012fgyvendinimo.<\/span><\/p>\n<p style=\"text-align: justify;\"><span style=\"color: #000000;\">Asmens duomenis tvarko:<br \/>Socialini\u0173 inovacij\u0173 ir tvarios pl\u0117tros centras (CEDIOR)<br \/>Ante Jak\u0161i\u0107a 10, 10 000 Zagrebas, Kroatija<br \/>PIN KODAS: 12061569340<br \/>+385 (0)98 611 467<br \/>info@bonafidesinvest.eu<\/span><\/p>\n<p style=\"text-align: justify;\"><span style=\"color: #000000;\"><strong>Duomen\u0173 tvarkymo tikslai ir teisinis pagrindas<\/strong><\/span><\/p>\n<p style=\"text-align: justify;\"><span style=\"color: #000000;\">J\u016bs\u0173 asmens duomenis naudojame tik investuotoj\u0173 ir projekt\u0173 tur\u0117toj\u0173 sujungimo, verslo susira\u0161in\u0117jimo ir prane\u0161im\u0173 siuntimo tikslais, j\u0173 neperduodame ir nenaudojame nenumatytais tikslais.<\/span><\/p>\n<p style=\"text-align: justify;\"><span style=\"color: #000000;\"><strong>M\u016bs\u0173 renkamuose duomenyse gali b\u016bti:<br \/><\/strong><\/span><\/p>\n<ul>\n<li style=\"text-align: justify;\"><span style=\"color: #000000;\">Vardas ir pavard\u0117 \/ \u012fmon\u0117s pavadinimas;<\/span><\/li>\n<li style=\"text-align: justify;\"><span style=\"color: #000000;\">Pa\u0161to adresas;<\/span><\/li>\n<li style=\"text-align: justify;\"><span style=\"color: #000000;\">El. pa\u0161to adresas;<\/span><\/li>\n<li style=\"text-align: justify;\"><span style=\"color: #000000;\">Mobiliojo telefono numeris arba fiksuotojo telefono numeris.<\/span><\/li>\n<\/ul>\n<p><span style=\"color: #000000;\"><strong style=\"text-align: left;\">Prane\u0161imas el. pa\u0161tu<\/strong><\/span><\/p>\n<p style=\"text-align: justify;\"><span style=\"color: #000000;\">Naujienlai\u0161kiams pristatyti, gav\u0117j\u0173 s\u0105ra\u0161ams ir atsisakymo nuo prenumeratos \u012fra\u0161ams tvarkyti naudojame \"Mailchimp\" platform\u0105 ir imam\u0117s vis\u0173 b\u016btin\u0173 priemoni\u0173 duomenims apsaugoti pagal asmens duomen\u0173 apsaugos taisykles. J\u016bs\u0173 teis\u0117 yra sutikti arba atsisakyti gauti m\u016bs\u0173 prane\u0161imus.<\/span><\/p>\n<p style=\"text-align: justify;\"><span style=\"color: #000000;\"><strong>Naudotojo teis\u0117s<\/strong><\/span><\/p>\n<p style=\"text-align: justify;\"><span style=\"color: #000000;\">Garantuojame jums \u0161ias teises:<\/span><\/p>\n<p><span style=\"color: #000000;\"><\/span><\/p>\n<p><span style=\"color: #000000;\"><\/span><\/p>\n<p><span style=\"color: #000000;\"><\/span><\/p>\n<ul>\n<li><span style=\"color: #000000;\">Teis\u0117 susipa\u017einti su savo duomenimis (informacija apie j\u0173 apimt\u012f ir tip\u0105);<\/span><\/li>\n<li><span style=\"color: #000000;\">Teis\u0117 \u012f i\u0161taisym\u0105 (taikoma j\u016bs\u0173 pateiktai informacijai);<\/span><\/li>\n<li><span style=\"color: #000000;\">Teis\u0117 b\u016bti pamir\u0161tam;<\/span><\/li>\n<li><span style=\"color: #000000;\">Teis\u0117 pateikti skund\u0105 d\u0117l asmens duomen\u0173 naudojimo.<\/span><\/li>\n<\/ul>\n<p><span style=\"color: #000000;\"><\/span><\/p>\n<ul class=\"wp-block-list\"><\/ul>\n<p><span style=\"color: #000000;\"><\/span><\/p>\n<p><span style=\"color: #000000;\"><strong>Teis\u0117 susipa\u017einti<\/strong><\/span><\/p>\n<p><span style=\"color: #000000;\"><\/span><\/p>\n<p style=\"text-align: justify;\"><span style=\"color: #000000;\">Turite teis\u0119 gauti informacij\u0105 apie savo asmens duomenis, kuriuos tvarkome ir saugome atmintyje.<\/span><\/p>\n<p style=\"text-align: justify;\"><span style=\"color: #000000;\"><strong>Teis\u0117 \u012f i\u0161taisym\u0105<\/strong><\/span><\/p>\n<p style=\"text-align: justify;\"><span style=\"color: #000000;\">Turite teis\u0119 i\u0161taisyti neteisingus su jumis susijusius asmens duomenis, o mes tai padarysime per 3 darbo dienas.<\/span><\/p>\n<p style=\"text-align: justify;\"><span style=\"color: #000000;\"><strong>Teis\u0117 \u012f i\u0161trynim\u0105 (teis\u0117 b\u016bti pamir\u0161tam)<\/strong><\/span><\/p>\n<p style=\"text-align: justify;\"><span style=\"color: #000000;\">Turite teis\u0119 nepagr\u012fstai nedelsdami pasiekti, kad j\u016bs\u0173 asmens duomenys b\u016bt\u0173 nuasmeninti, jei nenorite b\u016bti tolesnis paslaug\u0173 naudotojas arba jei nenorite, kad j\u016bs\u0173 asmens duomenis naudotume nurodytais tikslais.<\/span><\/p>\n<p style=\"text-align: justify;\"><span style=\"color: #000000;\"><strong>Teis\u0117 nesutikti su asmens duomen\u0173 naudojimu<\/strong><\/span><\/p>\n<p style=\"text-align: justify;\"><span style=\"color: #000000;\">Jei j\u016bs\u0173 asmens duomenys tvarkomi d\u0117l m\u016bs\u0173 teis\u0117t\u0173 interes\u0173, turite teis\u0119 bet kuriuo metu nesutikti su tokiu asmens duomen\u0173 tvarkymu, jei tvarkymas susij\u0119s su j\u016bs\u0173 duomenimis. Jei pateikiate tok\u012f prie\u0161taravim\u0105:<\/span><\/p>\n<ul>\n<li style=\"text-align: justify;\"><span style=\"color: #000000;\">d\u0117l prane\u0161im\u0173 (\"naujienlai\u0161kis\") - \u0161iuo tikslu j\u016bs\u0173 asmens duomen\u0173 nenaudosime;<\/span><\/li>\n<li style=\"text-align: justify;\"><span style=\"color: #000000;\">susij\u0119 su kitais teis\u0117to intereso atvejais - toliau netvarkysime j\u016bs\u0173 asmens duomen\u0173 tuo tikslu, su kuriuo susij\u0119s skundas.<\/span><\/li>\n<\/ul>\n<p style=\"text-align: justify;\"><span style=\"color: #000000;\"><strong>Slapukai<\/strong><\/span><\/p>\n<p style=\"text-align: justify;\"><span style=\"color: #000000;\">Savo svetain\u0117je naudojame kompiuterio slapukus, kad \u012fjungtume tam tikras technines funkcijas ir palengvintume nar\u0161ym\u0105 m\u016bs\u0173 svetain\u0117je.<\/span><\/p>\n<p style=\"text-align: justify;\"><span style=\"color: #000000;\"><strong>Kaip galite pasinaudoti savo teis\u0117mis<\/strong><\/span><\/p>\n<p style=\"text-align: justify;\"><span style=\"color: #000000;\">D\u0117l vis\u0173 klausim\u0173 ir pra\u0161ym\u0173, susijusi\u0173 su j\u016bs\u0173 asmens duomenimis, kreipkit\u0117s \u012f m\u016bs\u0173 duomen\u0173 apsaugos koordinatorius el. pa\u0161to adresu info@bonafidesinvest.eu, skiltyje \"Tema\" \u012fra\u0161ydami nuorod\u0105 DUOMEN\u0172 APSAUGA.<\/span><\/p>\n<p style=\"text-align: justify;\"><span style=\"color: #000000;\">J\u016bs\u0173 u\u017eklausas ir pra\u0161ymus nagrin\u0117sime nepagr\u012fstai nedelsdami ir laikydamiesi teisini\u0173 \u012fsipareigojim\u0173, o apie priemones, kuri\u0173 \u0117m\u0117m\u0117s, jus informuosime.<\/span><\/p>\n<p><span style=\"color: #000000;\"><\/span><\/p>\n<p><span style=\"color: #000000;\"><\/span><\/p>\n<p><span style=\"color: #000000;\"><\/span><\/p>\n<p><span style=\"color: #000000;\"><\/span><\/p>\n<p><span style=\"color: #000000;\"><\/span><\/p>\n<p><span style=\"color: #000000;\"><\/span><\/p>\n<p><span style=\"color: #000000;\"><\/span><\/p>\n<p><span style=\"color: #000000;\"><\/span><\/p>\n<p><span style=\"color: #000000;\"><\/span><\/p>\n<p><span style=\"color: #000000;\"><\/span><\/p>\n<p><span style=\"color: #000000;\"><\/span><\/p>\n<p><span style=\"color: #000000;\"><\/span><\/p>\t\t\t\t\t\t\t\t<\/div>\n\t\t\t\t<\/div>\n\t\t\t\t\t<\/div>\n\t\t<\/div>\n\t\t\t\t\t<\/div>\n\t\t<\/section>\n\t\t\t\t<\/div>","protected":false},"excerpt":{"rendered":"<p>Personal data gathering and protection statement Your privacy is important to us. We want you to feel safe with us, and we act in accordance with that and the legal [&hellip;]<\/p>\n","protected":false},"author":1,"featured_media":0,"parent":0,"menu_order":0,"comment_status":"closed","ping_status":"closed","template":"","meta":{"footnotes":""},"class_list":["post-2528","page","type-page","status-publish","hentry"],"wpcf_dashboard":"<div class=\"woocommerce\"><div class=\"woocommerce-info\">Please log in first? <a class=\"wpneoShowLogin\" href=\"#\">Click here to login<\/a><\/div><div class=\"wpneo_login_form_div\" style=\"display: none;\"><form name=\"loginform\" id=\"loginform\" action=\"https:\/\/bonafidesinvest.eu\/wp-login.php\" method=\"post\"><p class=\"login-username\">\n\t\t\t\t<label for=\"user_login\">Vartotojo vardas arba el.pa\u0161tas<\/label>\n\t\t\t\t<input type=\"text\" name=\"log\" id=\"user_login\" autocomplete=\"username\" class=\"input\" value=\"\" size=\"20\" \/>\n\t\t\t<\/p><p class=\"login-password\">\n\t\t\t\t<label for=\"user_pass\">Slapta\u017eodis<\/label>\n\t\t\t\t<input type=\"password\" name=\"pwd\" id=\"user_pass\" autocomplete=\"current-password\" spellcheck=\"false\" class=\"input\" value=\"\" size=\"20\" \/>\n\t\t\t<\/p><p class=\"login-remember\"><label><input name=\"rememberme\" type=\"checkbox\" id=\"rememberme\" value=\"forever\" \/> Prisiminti duomenis<\/label><\/p><p class=\"login-submit\">\n\t\t\t\t<input type=\"submit\" name=\"wp-submit\" id=\"wp-submit\" class=\"button button-primary\" value=\"Prisijungti\" \/>\n\t\t\t\t<input type=\"hidden\" name=\"redirect_to\" value=\"https:\/\/bonafidesinvest.eu\/lt\/wp-json\/wp\/v2\/pages\/2528\" \/>\n\t\t\t<\/p><\/form><\/div><\/div>","_links":{"self":[{"href":"https:\/\/bonafidesinvest.eu\/lt\/wp-json\/wp\/v2\/pages\/2528","targetHints":{"allow":["GET"]}}],"collection":[{"href":"https:\/\/bonafidesinvest.eu\/lt\/wp-json\/wp\/v2\/pages"}],"about":[{"href":"https:\/\/bonafidesinvest.eu\/lt\/wp-json\/wp\/v2\/types\/page"}],"author":[{"embeddable":true,"href":"https:\/\/bonafidesinvest.eu\/lt\/wp-json\/wp\/v2\/users\/1"}],"replies":[{"embeddable":true,"href":"https:\/\/bonafidesinvest.eu\/lt\/wp-json\/wp\/v2\/comments?post=2528"}],"version-history":[{"count":0,"href":"https:\/\/bonafidesinvest.eu\/lt\/wp-json\/wp\/v2\/pages\/2528\/revisions"}],"wp:attachment":[{"href":"https:\/\/bonafidesinvest.eu\/lt\/wp-json\/wp\/v2\/media?parent=2528"}],"curies":[{"name":"wp","href":"https:\/\/api.w.org\/{rel}","templated":true}]}}