{"id":7786,"date":"2024-02-13T17:27:54","date_gmt":"2024-02-13T15:27:54","guid":{"rendered":"https:\/\/bonafidesinvest.eu\/?page_id=7786"},"modified":"2024-03-16T03:16:28","modified_gmt":"2024-03-16T01:16:28","slug":"uzenetek","status":"publish","type":"page","link":"https:\/\/bonafidesinvest.eu\/hu\/messages\/","title":{"rendered":"\u00dczenetek"},"content":{"rendered":"<div data-elementor-type=\"wp-page\" data-elementor-id=\"7786\" class=\"elementor elementor-7786\">\n\t\t\t\t\t\t<section class=\"elementor-section elementor-top-section elementor-element elementor-element-44765eb elementor-section-boxed elementor-section-height-default elementor-section-height-default\" data-id=\"44765eb\" data-element_type=\"section\" data-e-type=\"section\">\n\t\t\t\t\t\t<div class=\"elementor-container elementor-column-gap-default\">\n\t\t\t\t\t<div class=\"elementor-column elementor-col-100 elementor-top-column elementor-element elementor-element-fa4bf63\" data-id=\"fa4bf63\" data-element_type=\"column\" data-e-type=\"column\">\n\t\t\t<div class=\"elementor-widget-wrap elementor-element-populated\">\n\t\t\t\t\t\t<div class=\"elementor-element elementor-element-6a1881a elementor-widget elementor-widget-text-editor\" data-id=\"6a1881a\" data-element_type=\"widget\" data-e-type=\"widget\" data-widget_type=\"text-editor.default\">\n\t\t\t\t<div class=\"elementor-widget-container\">\n\t\t\t\t\t\t\t\t\t<p><span style=\"color: #000000;\">Hello a Bona Fides Invest-t\u0151l!<\/span><\/p><p><span style=\"color: #000000;\">K\u00f6sz\u00f6nj\u00fck a megrendel\u00e9st!<\/span><\/p><p><span style=\"color: #000000;\">A megrendel\u00e9s\u00e9t addig tartjuk fenn, am\u00edg vissza nem igazoljuk a fizet\u00e9s be\u00e9rkez\u00e9s\u00e9t. A rendel\u00e9s adatai az al\u00e1bbiakban tal\u00e1lhat\u00f3k az \u00d6n sz\u00e1m\u00e1ra:<\/span><\/p><h2>Megrendel\u00e9s r\u00e9szletei<\/h2><table border=\"0\" width=\"100%\" cellspacing=\"0\" cellpadding=\"0\"><tbody><tr><td align=\"left\" valign=\"middle\"><h3><em><span style=\"color: #000000;\">Rendel\u00e9si sz\u00e1m:<\/span><\/em><\/h3><\/td><td align=\"right\" valign=\"middle\"><h3><span style=\"color: #000000;\"><em>Megrendel\u00e9s d\u00e1tuma:<\/em>\u00a0<\/span><\/h3><\/td><\/tr><\/tbody><\/table><div><div class=\"adm\"><div id=\"q_97\" class=\"ajR h4\" data-tooltip=\"Sakrivanje pro\u0161irenog sadr\u017eaja\" aria-label=\"Szakrivanje pro\u0161irenog sadr\u017eaja\" aria-expanded=\"true\"><div class=\"ajT\">\u00a0<\/div><\/div><\/div><div class=\"im\"><table border=\"0\" width=\"100%\" cellspacing=\"0\" cellpadding=\"6\"><thead><tr><th scope=\"col\" align=\"left\"><span style=\"color: #000000;\">Term\u00e9k<\/span><\/th><th scope=\"col\" align=\"center\"><span style=\"color: #000000;\">Mennyis\u00e9g<\/span><\/th><th scope=\"col\" align=\"right\"><span style=\"color: #000000;\">\u00c1r<\/span><\/th><\/tr><\/thead><\/table><p><span style=\"color: #000000;\">K\u00f6sz\u00f6nj\u00fck a t\u00e1mogat\u00e1st!<\/span><\/p><p><span style=\"color: #000000;\">Az \u00d6n fizet\u00e9s\u00e9t regisztr\u00e1lt\u00e1k<\/span><\/p><p style=\"text-align: justify;\"><span style=\"color: #000000;\">T\u00e1j\u00e9koztatjuk \u00d6n\u00f6ket, hogy a kifizet\u00e9s hivatalosan is felker\u00fclt a kamp\u00e1ny oldal\u00e1ra.\u00a0<\/span><\/p><p style=\"text-align: justify;\"><span style=\"color: #000000;\"><strong>Digit\u00e1lis k\u00f6sz\u00f6netnyilv\u00e1n\u00edt\u00e1s<\/strong><\/span><br \/><span style=\"color: #000000;\">Let\u00f6ltheti digit\u00e1lis k\u00f6sz\u00f6n\u0151level\u00e9t\u00a0<a style=\"color: #000000;\" href=\"https:\/\/bonafidesinvest.eu\/hu\/digital-thank-you-cards\/?customize_changeset_uuid=c75dad4d-2a69-4b01-9395-da689ff3dd0d&amp;customize_autosaved=on&amp;customize_messenger_channel=preview-2\">itt<\/a>. Miut\u00e1n let\u00f6lt\u00f6tte a k\u00f6sz\u00f6n\u0151levelet, \u00e9s bele\u00edrta a nev\u00e9t, ossza meg a k\u00f6z\u00f6ss\u00e9gi m\u00e9di\u00e1ban bar\u00e1taival, hogy \u00f6szt\u00f6n\u00f6zze \u0151ket a kamp\u00e1ny t\u00e1mogat\u00e1s\u00e1ra.<\/span><\/p><p style=\"text-align: justify;\"><span style=\"color: #000000;\">MEGJEGYZ\u00c9S:<\/span><br \/><span style=\"color: #000000;\">A gazd\u00e1lkod\u00f3 szervezetek k\u00f6nyvel\u00e9se c\u00e9lj\u00e1b\u00f3l elegend\u0151 a banki kivonat a befizet\u00e9sr\u0151l \u00e9s ennek az e-mailnek a m\u00e1solata az adom\u00e1ny \u00e1tv\u00e9tel\u00e9nek igazol\u00e1sak\u00e9nt. Az adom\u00e1nyoz\u00f3k ezen k\u00edv\u00fcl let\u00f6lthetik az Adom\u00e1nyoz\u00e1si visszaigazol\u00f3 \u0171rlapot gazdas\u00e1gi t\u00e1rsas\u00e1gok sz\u00e1m\u00e1ra.\u00a0<a style=\"color: #000000;\" href=\"https:\/\/bonafidesinvest.eu\/hu\/donation-confirmation-form-for-business-entities\/?customize_changeset_uuid=c75dad4d-2a69-4b01-9395-da689ff3dd0d&amp;customize_autosaved=on&amp;customize_messenger_channel=preview-2\">itt<\/a>\u00a0\u00e9s szem\u00e9lyesen t\u00f6ltse ki.<\/span><\/p><p style=\"text-align: justify;\"><span style=\"color: #000000;\">A polg\u00e1rok \u00e9s a v\u00e1llalkoz\u00e1sok is r\u00e9szes\u00fclhetnek ad\u00f3kedvezm\u00e9nyben. Ebb\u0151l a c\u00e9lb\u00f3l sz\u00fcks\u00e9ges a befizet\u00e9sr\u0151l sz\u00f3l\u00f3 banksz\u00e1mlakivonat \u00e9s ennek az e-mailnek a m\u00e1solata az adom\u00e1ny \u00e1tv\u00e9tel\u00e9nek igazol\u00e1sak\u00e9nt. Az adom\u00e1nyoz\u00f3k ezen k\u00edv\u00fcl let\u00f6lthetik az adom\u00e1nyoz\u00e1st igazol\u00f3 nyomtatv\u00e1nyt term\u00e9szetes szem\u00e9lyek sz\u00e1m\u00e1ra.\u00a0<a style=\"color: #000000;\" href=\"https:\/\/bonafidesinvest.eu\/hu\/donation-confirmation-form-for-natural-persons\/?customize_changeset_uuid=c75dad4d-2a69-4b01-9395-da689ff3dd0d&amp;customize_autosaved=on&amp;customize_messenger_channel=preview-2\">itt<\/a>\u00a0\u00e9s szem\u00e9lyesen t\u00f6ltse ki.<\/span><\/p><p><span style=\"color: #000000;\">Sz\u00e1ml\u00e1z\u00e1si c\u00edm<\/span><\/p><p><span style=\"color: #000000;\">V\u00e1rjuk, hogy hamarosan teljes\u00edthess\u00fck megrendel\u00e9s\u00e9t.<\/span><\/p><p><span style=\"color: #000000;\">A horv\u00e1t kun\u00e1ban (kn) megadott \u00f6sszeget az \u00e1rnak a CNB r\u00f6gz\u00edtett \u00e1rfolyama szerinti \u00e1tv\u00e1lt\u00e1s\u00e1val kapjuk:<br \/>1 EUR\u00d3 = 7,53450 HRK<\/span><\/p><p><span style=\"color: #000000;\">A megrendel\u00e9s\u00e9t megkaptuk, \u00e9s most dolgozzuk fel. A megrendel\u00e9s\u00e9nek adatai az al\u00e1bbiakban tal\u00e1lhat\u00f3k az \u00d6n sz\u00e1m\u00e1ra:<\/span><\/p><p><span style=\"color: #000000;\">K\u00f6sz\u00f6n\u00f6m!<\/span><\/p><h2><span style=\"color: #000000;\">Kiv\u00e1lasztott jutalom<\/span><\/h2><ul><li><span style=\"color: #000000;\">\u00d6sszeg:\u00a0<u><\/u><\/span><\/li><li><span style=\"color: #000000;\">Sz\u00e1ll\u00edt\u00e1s: ,<\/span><\/li><li><span style=\"color: #000000;\">Jutalom r\u00e9szletek:\u00a0<\/span><\/li><\/ul><div><h3><span style=\"color: #000000;\">Tov\u00e1bbi inform\u00e1ci\u00f3k<\/span><\/h3><p><span style=\"color: #000000;\">V\u00e1lassza ki, ha nem szeretne jutalmat az adom\u00e1ny\u00e1val egy\u00fctt: Igen<\/span><\/p><\/div><\/div><\/div>\t\t\t\t\t\t\t\t<\/div>\n\t\t\t\t<\/div>\n\t\t\t\t\t<\/div>\n\t\t<\/div>\n\t\t\t\t\t<\/div>\n\t\t<\/section>\n\t\t\t\t<\/div>","protected":false},"excerpt":{"rendered":"<p>Hello from Bona Fides Invest! Thanks for your order! Your order is on-hold until we confirm payment has been received. Your order details are shown below for your reference: Order [&hellip;]<\/p>\n","protected":false},"author":1,"featured_media":0,"parent":0,"menu_order":0,"comment_status":"closed","ping_status":"closed","template":"","meta":{"footnotes":""},"class_list":["post-7786","page","type-page","status-publish","hentry"],"wpcf_dashboard":"<div class=\"woocommerce\"><div class=\"woocommerce-info\">Please log in first? <a class=\"wpneoShowLogin\" href=\"#\">Click here to login<\/a><\/div><div class=\"wpneo_login_form_div\" style=\"display: none;\"><form name=\"loginform\" id=\"loginform\" action=\"https:\/\/bonafidesinvest.eu\/wp-login.php\" method=\"post\"><p class=\"login-username\">\n\t\t\t\t<label for=\"user_login\">Felhaszn\u00e1l\u00f3n\u00e9v, vagy e-mail c\u00edm<\/label>\n\t\t\t\t<input type=\"text\" name=\"log\" id=\"user_login\" autocomplete=\"username\" class=\"input\" value=\"\" size=\"20\" \/>\n\t\t\t<\/p><p class=\"login-password\">\n\t\t\t\t<label for=\"user_pass\">Jelsz\u00f3<\/label>\n\t\t\t\t<input type=\"password\" name=\"pwd\" id=\"user_pass\" autocomplete=\"current-password\" spellcheck=\"false\" class=\"input\" value=\"\" size=\"20\" \/>\n\t\t\t<\/p><p class=\"login-remember\"><label><input name=\"rememberme\" type=\"checkbox\" id=\"rememberme\" value=\"forever\" \/> Eml\u00e9kezzen r\u00e1m<\/label><\/p><p class=\"login-submit\">\n\t\t\t\t<input type=\"submit\" name=\"wp-submit\" id=\"wp-submit\" class=\"button button-primary\" value=\"Bejelentkez\u00e9s\" \/>\n\t\t\t\t<input type=\"hidden\" name=\"redirect_to\" value=\"https:\/\/bonafidesinvest.eu\/hu\/wp-json\/wp\/v2\/pages\/7786\" \/>\n\t\t\t<\/p><\/form><\/div><\/div>","_links":{"self":[{"href":"https:\/\/bonafidesinvest.eu\/hu\/wp-json\/wp\/v2\/pages\/7786","targetHints":{"allow":["GET"]}}],"collection":[{"href":"https:\/\/bonafidesinvest.eu\/hu\/wp-json\/wp\/v2\/pages"}],"about":[{"href":"https:\/\/bonafidesinvest.eu\/hu\/wp-json\/wp\/v2\/types\/page"}],"author":[{"embeddable":true,"href":"https:\/\/bonafidesinvest.eu\/hu\/wp-json\/wp\/v2\/users\/1"}],"replies":[{"embeddable":true,"href":"https:\/\/bonafidesinvest.eu\/hu\/wp-json\/wp\/v2\/comments?post=7786"}],"version-history":[{"count":0,"href":"https:\/\/bonafidesinvest.eu\/hu\/wp-json\/wp\/v2\/pages\/7786\/revisions"}],"wp:attachment":[{"href":"https:\/\/bonafidesinvest.eu\/hu\/wp-json\/wp\/v2\/media?parent=7786"}],"curies":[{"name":"wp","href":"https:\/\/api.w.org\/{rel}","templated":true}]}}