{"id":3256,"date":"2023-05-02T03:27:23","date_gmt":"2023-05-02T01:27:23","guid":{"rendered":"https:\/\/bonafidesinvest.eu\/?page_id=3256"},"modified":"2023-05-02T04:08:19","modified_gmt":"2023-05-02T02:08:19","slug":"etikank","status":"publish","type":"page","link":"https:\/\/bonafidesinvest.eu\/hu\/our-ethics\/","title":{"rendered":"Etik\u00e1nk"},"content":{"rendered":"<div data-elementor-type=\"wp-page\" data-elementor-id=\"3256\" class=\"elementor elementor-3256\">\n\t\t\t\t\t\t<section class=\"elementor-section elementor-top-section elementor-element elementor-element-31b834a elementor-section-boxed elementor-section-height-default elementor-section-height-default\" data-id=\"31b834a\" data-element_type=\"section\" data-e-type=\"section\" data-settings=\"{&quot;background_background&quot;:&quot;classic&quot;}\">\n\t\t\t\t\t\t<div class=\"elementor-container elementor-column-gap-default\">\n\t\t\t\t\t<div class=\"elementor-column elementor-col-100 elementor-top-column elementor-element elementor-element-9587e24\" data-id=\"9587e24\" data-element_type=\"column\" data-e-type=\"column\">\n\t\t\t<div class=\"elementor-widget-wrap elementor-element-populated\">\n\t\t\t\t\t\t<div class=\"elementor-element elementor-element-19b49f7 elementor-widget elementor-widget-gva-heading-block\" data-id=\"19b49f7\" data-element_type=\"widget\" data-e-type=\"widget\" data-widget_type=\"gva-heading-block.default\">\n\t\t\t\t<div class=\"elementor-widget-container\">\n\t\t\t\t\t<div class=\"gva-element-gva-heading-block gva-element\">   <div class=\"align-center style-1 widget gsc-heading box-align-left auto-responsive\">\r\n      <div class=\"content-inner\">\r\n         \r\n         \r\n                     <div class=\"sub-title\">\r\n               <span class=\"tagline\">4P (Pater, emberek, bolyg\u00f3, profit)<\/span>\r\n                                 <span class=\"shadow-text\">m\u00f3dszertan<\/span>\r\n                  \r\n            <\/div>\r\n           \r\n         \r\n                     <h2 class=\"title\">\r\n               <span>Etik\u00e1nk<\/span>\r\n            <\/h2>\r\n                  \r\n         \r\n      <\/div>\r\n   <\/div>\r\n<\/div>\t\t\t\t<\/div>\n\t\t\t\t<\/div>\n\t\t\t\t<div class=\"elementor-element elementor-element-6bc185c elementor-widget elementor-widget-text-editor\" data-id=\"6bc185c\" data-element_type=\"widget\" data-e-type=\"widget\" data-widget_type=\"text-editor.default\">\n\t\t\t\t<div class=\"elementor-widget-container\">\n\t\t\t\t\t\t\t\t\t<p style=\"text-align: center;\"><span style=\"color: #000000;\"><em>A nagybet\u0171s v\u00e1llalkoz\u00f3 csak az lehet, aki tiszteletben tartja a 4P-szab\u00e1lyt (Pater, people, planet, profit) - az \u00fczleti v\u00e1llalkoz\u00e1snak \u00f6sszhangban kell lennie Isten parancsolataival, j\u00f3t kell teremtenie a t\u00e1rsadalomnak \u00e9s a k\u00f6rnyezetnek, vagy legal\u00e1bbis nem \u00e1rthat nekik, \u00e9s hossz\u00fa t\u00e1von p\u00e9nz\u00fcgyileg fenntarthat\u00f3nak kell lennie.<\/em><\/span><\/p>\t\t\t\t\t\t\t\t<\/div>\n\t\t\t\t<\/div>\n\t\t\t\t\t<\/div>\n\t\t<\/div>\n\t\t\t\t\t<\/div>\n\t\t<\/section>\n\t\t\t\t<section class=\"elementor-section elementor-top-section elementor-element elementor-element-96ffb20 elementor-section-boxed elementor-section-height-default elementor-section-height-default\" data-id=\"96ffb20\" data-element_type=\"section\" data-e-type=\"section\">\n\t\t\t\t\t\t<div class=\"elementor-container elementor-column-gap-default\">\n\t\t\t\t\t<div class=\"elementor-column elementor-col-100 elementor-top-column elementor-element elementor-element-53a7bf4\" data-id=\"53a7bf4\" data-element_type=\"column\" data-e-type=\"column\">\n\t\t\t<div class=\"elementor-widget-wrap elementor-element-populated\">\n\t\t\t\t\t\t<div class=\"elementor-element elementor-element-00f1fd5 elementor-widget elementor-widget-spacer\" data-id=\"00f1fd5\" data-element_type=\"widget\" data-e-type=\"widget\" data-widget_type=\"spacer.default\">\n\t\t\t\t<div class=\"elementor-widget-container\">\n\t\t\t\t\t\t\t<div class=\"elementor-spacer\">\n\t\t\t<div class=\"elementor-spacer-inner\"><\/div>\n\t\t<\/div>\n\t\t\t\t\t\t<\/div>\n\t\t\t\t<\/div>\n\t\t\t\t\t<\/div>\n\t\t<\/div>\n\t\t\t\t\t<\/div>\n\t\t<\/section>\n\t\t\t\t<section class=\"elementor-section elementor-top-section elementor-element elementor-element-9dd023c elementor-section-boxed elementor-section-height-default elementor-section-height-default\" data-id=\"9dd023c\" data-element_type=\"section\" data-e-type=\"section\">\n\t\t\t\t\t\t<div class=\"elementor-container elementor-column-gap-no\">\n\t\t\t\t\t<div class=\"elementor-column elementor-col-50 elementor-top-column elementor-element elementor-element-056b25e\" data-id=\"056b25e\" data-element_type=\"column\" data-e-type=\"column\">\n\t\t\t<div class=\"elementor-widget-wrap elementor-element-populated\">\n\t\t\t\t\t\t<div class=\"elementor-element elementor-element-f131a0d elementor-widget elementor-widget-image\" data-id=\"f131a0d\" data-element_type=\"widget\" data-e-type=\"widget\" data-widget_type=\"image.default\">\n\t\t\t\t<div class=\"elementor-widget-container\">\n\t\t\t\t\t\t\t\t\t\t\t\t\t\t\t<img fetchpriority=\"high\" decoding=\"async\" width=\"680\" height=\"680\" src=\"https:\/\/bonafidesinvest.eu\/wp-content\/uploads\/2023\/05\/Global-Crowdfunding-Platform-Bona-Fides-Invest-4P-Methodology-Pater.png\" class=\"attachment-full size-full wp-image-3193\" alt=\"\" srcset=\"https:\/\/bonafidesinvest.eu\/wp-content\/uploads\/2023\/05\/Global-Crowdfunding-Platform-Bona-Fides-Invest-4P-Methodology-Pater.png 680w, https:\/\/bonafidesinvest.eu\/wp-content\/uploads\/2023\/05\/Global-Crowdfunding-Platform-Bona-Fides-Invest-4P-Methodology-Pater-175x175.png 175w, https:\/\/bonafidesinvest.eu\/wp-content\/uploads\/2023\/05\/Global-Crowdfunding-Platform-Bona-Fides-Invest-4P-Methodology-Pater-300x300.png 300w, https:\/\/bonafidesinvest.eu\/wp-content\/uploads\/2023\/05\/Global-Crowdfunding-Platform-Bona-Fides-Invest-4P-Methodology-Pater-600x600.png 600w, https:\/\/bonafidesinvest.eu\/wp-content\/uploads\/2023\/05\/Global-Crowdfunding-Platform-Bona-Fides-Invest-4P-Methodology-Pater-180x180.png 180w, https:\/\/bonafidesinvest.eu\/wp-content\/uploads\/2023\/05\/Global-Crowdfunding-Platform-Bona-Fides-Invest-4P-Methodology-Pater-12x12.png 12w\" sizes=\"(max-width: 680px) 100vw, 680px\" \/>\t\t\t\t\t\t\t\t\t\t\t\t\t\t\t<\/div>\n\t\t\t\t<\/div>\n\t\t\t\t\t<\/div>\n\t\t<\/div>\n\t\t\t\t<div class=\"elementor-column elementor-col-50 elementor-top-column elementor-element elementor-element-6452312\" data-id=\"6452312\" data-element_type=\"column\" data-e-type=\"column\">\n\t\t\t<div class=\"elementor-widget-wrap elementor-element-populated\">\n\t\t\t\t\t\t<div class=\"elementor-element elementor-element-046daf2 elementor-widget elementor-widget-gva-heading-block\" data-id=\"046daf2\" data-element_type=\"widget\" data-e-type=\"widget\" data-widget_type=\"gva-heading-block.default\">\n\t\t\t\t<div class=\"elementor-widget-container\">\n\t\t\t\t\t<div class=\"gva-element-gva-heading-block gva-element\">   <div class=\"align-left style-4 widget gsc-heading box-align-left auto-responsive\">\r\n      <div class=\"content-inner\">\r\n         \r\n         \r\n                     <div class=\"sub-title\">\r\n               <span class=\"tagline\">4P<\/span>\r\n                                 <span class=\"shadow-text\">M\u00f3dszertan<\/span>\r\n                  \r\n            <\/div>\r\n           \r\n         \r\n                     <h2 class=\"title\">\r\n               <span>PATER - A projektnek \u00f6sszhangban kell lennie Isten parancsolataival.<\/span>\r\n            <\/h2>\r\n                  \r\n         \r\n      <\/div>\r\n   <\/div>\r\n<\/div>\t\t\t\t<\/div>\n\t\t\t\t<\/div>\n\t\t\t\t<div class=\"elementor-element elementor-element-3c71e6b elementor-widget elementor-widget-text-editor\" data-id=\"3c71e6b\" data-element_type=\"widget\" data-e-type=\"widget\" data-widget_type=\"text-editor.default\">\n\t\t\t\t<div class=\"elementor-widget-container\">\n\t\t\t\t\t\t\t\t\t<p style=\"text-align: justify;\"><span style=\"color: #000000;\">Tudta, hogy az emberis\u00e9g t\u00f6rt\u00e9nelm\u00e9ben a crowdfunding egyik legkor\u00e1bbi p\u00e9ld\u00e1ja az aranyborj\u00fa? M\u00f3zes ekkor annyira feld\u00fch\u00f6d\u00f6tt, hogy \u00f6sszet\u00f6rte az Isten t\u00edzparancsolat\u00e1t tartalmaz\u00f3 t\u00e1bl\u00e1kat. A BFI-vel helyrehozzuk ezt az Istennel \u00e9s M\u00f3zessel szemben elk\u00f6vetett rosszat, \u00e9s biztosak vagyunk benne, hogy b\u00fcszk\u00e9k r\u00e1nk.<\/span><\/p>\t\t\t\t\t\t\t\t<\/div>\n\t\t\t\t<\/div>\n\t\t\t\t\t<\/div>\n\t\t<\/div>\n\t\t\t\t\t<\/div>\n\t\t<\/section>\n\t\t\t\t<section class=\"elementor-section elementor-top-section elementor-element elementor-element-4e29a19 elementor-section-boxed elementor-section-height-default elementor-section-height-default\" data-id=\"4e29a19\" data-element_type=\"section\" data-e-type=\"section\">\n\t\t\t\t\t\t<div class=\"elementor-container elementor-column-gap-no\">\n\t\t\t\t\t<div class=\"elementor-column elementor-col-50 elementor-top-column elementor-element elementor-element-b4b639f\" data-id=\"b4b639f\" data-element_type=\"column\" data-e-type=\"column\">\n\t\t\t<div class=\"elementor-widget-wrap elementor-element-populated\">\n\t\t\t\t\t\t<div class=\"elementor-element elementor-element-0da0e1e elementor-widget elementor-widget-gva-heading-block\" data-id=\"0da0e1e\" data-element_type=\"widget\" data-e-type=\"widget\" data-widget_type=\"gva-heading-block.default\">\n\t\t\t\t<div class=\"elementor-widget-container\">\n\t\t\t\t\t<div class=\"gva-element-gva-heading-block gva-element\">   <div class=\"align-left style-4 widget gsc-heading box-align-left auto-responsive\">\r\n      <div class=\"content-inner\">\r\n         \r\n         \r\n                     <div class=\"sub-title\">\r\n               <span class=\"tagline\">4P<\/span>\r\n                                 <span class=\"shadow-text\">M\u00f3dszertan<\/span>\r\n                  \r\n            <\/div>\r\n           \r\n         \r\n                     <h2 class=\"title\">\r\n               <span>EMBEREK - A projektnek j\u00f3t kell hoznia a t\u00e1rsadalomnak<\/span>\r\n            <\/h2>\r\n                  \r\n         \r\n      <\/div>\r\n   <\/div>\r\n<\/div>\t\t\t\t<\/div>\n\t\t\t\t<\/div>\n\t\t\t\t<div class=\"elementor-element elementor-element-331c6b1 elementor-widget elementor-widget-text-editor\" data-id=\"331c6b1\" data-element_type=\"widget\" data-e-type=\"widget\" data-widget_type=\"text-editor.default\">\n\t\t\t\t<div class=\"elementor-widget-container\">\n\t\t\t\t\t\t\t\t\t<p style=\"text-align: justify;\"><span style=\"color: #000000;\">A projektnek j\u00f3t kell hoznia a t\u00e1rsadalom sz\u00e1m\u00e1ra, vagy legal\u00e1bbis nem szabad \u00e1rtania neki.<\/span><\/p>\t\t\t\t\t\t\t\t<\/div>\n\t\t\t\t<\/div>\n\t\t\t\t\t<\/div>\n\t\t<\/div>\n\t\t\t\t<div class=\"elementor-column elementor-col-50 elementor-top-column elementor-element elementor-element-f40c599\" data-id=\"f40c599\" data-element_type=\"column\" data-e-type=\"column\">\n\t\t\t<div class=\"elementor-widget-wrap elementor-element-populated\">\n\t\t\t\t\t\t<div class=\"elementor-element elementor-element-977134a elementor-widget elementor-widget-image\" data-id=\"977134a\" data-element_type=\"widget\" data-e-type=\"widget\" data-widget_type=\"image.default\">\n\t\t\t\t<div class=\"elementor-widget-container\">\n\t\t\t\t\t\t\t\t\t\t\t\t\t\t\t<img decoding=\"async\" width=\"680\" height=\"680\" src=\"https:\/\/bonafidesinvest.eu\/wp-content\/uploads\/2023\/05\/Global-Crowdfunding-Platform-Bona-Fides-Invest-4P-Methodology-People.png\" class=\"attachment-full size-full wp-image-3194\" alt=\"\" srcset=\"https:\/\/bonafidesinvest.eu\/wp-content\/uploads\/2023\/05\/Global-Crowdfunding-Platform-Bona-Fides-Invest-4P-Methodology-People.png 680w, https:\/\/bonafidesinvest.eu\/wp-content\/uploads\/2023\/05\/Global-Crowdfunding-Platform-Bona-Fides-Invest-4P-Methodology-People-175x175.png 175w, https:\/\/bonafidesinvest.eu\/wp-content\/uploads\/2023\/05\/Global-Crowdfunding-Platform-Bona-Fides-Invest-4P-Methodology-People-300x300.png 300w, https:\/\/bonafidesinvest.eu\/wp-content\/uploads\/2023\/05\/Global-Crowdfunding-Platform-Bona-Fides-Invest-4P-Methodology-People-600x600.png 600w, https:\/\/bonafidesinvest.eu\/wp-content\/uploads\/2023\/05\/Global-Crowdfunding-Platform-Bona-Fides-Invest-4P-Methodology-People-180x180.png 180w, https:\/\/bonafidesinvest.eu\/wp-content\/uploads\/2023\/05\/Global-Crowdfunding-Platform-Bona-Fides-Invest-4P-Methodology-People-12x12.png 12w\" sizes=\"(max-width: 680px) 100vw, 680px\" \/>\t\t\t\t\t\t\t\t\t\t\t\t\t\t\t<\/div>\n\t\t\t\t<\/div>\n\t\t\t\t\t<\/div>\n\t\t<\/div>\n\t\t\t\t\t<\/div>\n\t\t<\/section>\n\t\t\t\t<section class=\"elementor-section elementor-top-section elementor-element elementor-element-e8ad36a elementor-section-boxed elementor-section-height-default elementor-section-height-default\" data-id=\"e8ad36a\" data-element_type=\"section\" data-e-type=\"section\">\n\t\t\t\t\t\t<div class=\"elementor-container elementor-column-gap-no\">\n\t\t\t\t\t<div class=\"elementor-column elementor-col-50 elementor-top-column elementor-element elementor-element-23f2689\" data-id=\"23f2689\" data-element_type=\"column\" data-e-type=\"column\">\n\t\t\t<div class=\"elementor-widget-wrap elementor-element-populated\">\n\t\t\t\t\t\t<div class=\"elementor-element elementor-element-a9b734c elementor-widget elementor-widget-image\" data-id=\"a9b734c\" data-element_type=\"widget\" data-e-type=\"widget\" data-widget_type=\"image.default\">\n\t\t\t\t<div class=\"elementor-widget-container\">\n\t\t\t\t\t\t\t\t\t\t\t\t\t\t\t<img decoding=\"async\" width=\"680\" height=\"680\" src=\"https:\/\/bonafidesinvest.eu\/wp-content\/uploads\/2023\/05\/Global-Crowdfunding-Platform-Bona-Fides-Invest-4P-Methodology-Planet.png\" class=\"attachment-full size-full wp-image-3196\" alt=\"\" srcset=\"https:\/\/bonafidesinvest.eu\/wp-content\/uploads\/2023\/05\/Global-Crowdfunding-Platform-Bona-Fides-Invest-4P-Methodology-Planet.png 680w, https:\/\/bonafidesinvest.eu\/wp-content\/uploads\/2023\/05\/Global-Crowdfunding-Platform-Bona-Fides-Invest-4P-Methodology-Planet-175x175.png 175w, https:\/\/bonafidesinvest.eu\/wp-content\/uploads\/2023\/05\/Global-Crowdfunding-Platform-Bona-Fides-Invest-4P-Methodology-Planet-300x300.png 300w, https:\/\/bonafidesinvest.eu\/wp-content\/uploads\/2023\/05\/Global-Crowdfunding-Platform-Bona-Fides-Invest-4P-Methodology-Planet-600x600.png 600w, https:\/\/bonafidesinvest.eu\/wp-content\/uploads\/2023\/05\/Global-Crowdfunding-Platform-Bona-Fides-Invest-4P-Methodology-Planet-180x180.png 180w, https:\/\/bonafidesinvest.eu\/wp-content\/uploads\/2023\/05\/Global-Crowdfunding-Platform-Bona-Fides-Invest-4P-Methodology-Planet-12x12.png 12w\" sizes=\"(max-width: 680px) 100vw, 680px\" \/>\t\t\t\t\t\t\t\t\t\t\t\t\t\t\t<\/div>\n\t\t\t\t<\/div>\n\t\t\t\t\t<\/div>\n\t\t<\/div>\n\t\t\t\t<div class=\"elementor-column elementor-col-50 elementor-top-column elementor-element elementor-element-253bbf5\" data-id=\"253bbf5\" data-element_type=\"column\" data-e-type=\"column\">\n\t\t\t<div class=\"elementor-widget-wrap elementor-element-populated\">\n\t\t\t\t\t\t<div class=\"elementor-element elementor-element-b9e0266 elementor-widget elementor-widget-gva-heading-block\" data-id=\"b9e0266\" data-element_type=\"widget\" data-e-type=\"widget\" data-widget_type=\"gva-heading-block.default\">\n\t\t\t\t<div class=\"elementor-widget-container\">\n\t\t\t\t\t<div class=\"gva-element-gva-heading-block gva-element\">   <div class=\"align-left style-4 widget gsc-heading box-align-left auto-responsive\">\r\n      <div class=\"content-inner\">\r\n         \r\n         \r\n                     <div class=\"sub-title\">\r\n               <span class=\"tagline\">4P<\/span>\r\n                                 <span class=\"shadow-text\">M\u00f3dszertan<\/span>\r\n                  \r\n            <\/div>\r\n           \r\n         \r\n                     <h2 class=\"title\">\r\n               <span>PLANET - A projektnek j\u00f3t kell tennie a k\u00f6rnyezetnek <\/span>\r\n            <\/h2>\r\n                  \r\n         \r\n      <\/div>\r\n   <\/div>\r\n<\/div>\t\t\t\t<\/div>\n\t\t\t\t<\/div>\n\t\t\t\t<div class=\"elementor-element elementor-element-6cd683e elementor-widget elementor-widget-text-editor\" data-id=\"6cd683e\" data-element_type=\"widget\" data-e-type=\"widget\" data-widget_type=\"text-editor.default\">\n\t\t\t\t<div class=\"elementor-widget-container\">\n\t\t\t\t\t\t\t\t\t<p style=\"text-align: justify;\"><span style=\"color: #000000;\">A projektnek j\u00f3t kell tennie a k\u00f6rnyezetnek, vagy legal\u00e1bbis nem szabad k\u00e1ros\u00edtania azt.<\/span><\/p>\t\t\t\t\t\t\t\t<\/div>\n\t\t\t\t<\/div>\n\t\t\t\t\t<\/div>\n\t\t<\/div>\n\t\t\t\t\t<\/div>\n\t\t<\/section>\n\t\t\t\t<section class=\"elementor-section elementor-top-section elementor-element elementor-element-148cb87 elementor-section-boxed elementor-section-height-default elementor-section-height-default\" data-id=\"148cb87\" data-element_type=\"section\" data-e-type=\"section\">\n\t\t\t\t\t\t<div class=\"elementor-container elementor-column-gap-no\">\n\t\t\t\t\t<div class=\"elementor-column elementor-col-50 elementor-top-column elementor-element elementor-element-49988c6\" data-id=\"49988c6\" data-element_type=\"column\" data-e-type=\"column\">\n\t\t\t<div class=\"elementor-widget-wrap elementor-element-populated\">\n\t\t\t\t\t\t<div class=\"elementor-element elementor-element-ce55192 elementor-widget elementor-widget-gva-heading-block\" data-id=\"ce55192\" data-element_type=\"widget\" data-e-type=\"widget\" data-widget_type=\"gva-heading-block.default\">\n\t\t\t\t<div class=\"elementor-widget-container\">\n\t\t\t\t\t<div class=\"gva-element-gva-heading-block gva-element\">   <div class=\"align-left style-4 widget gsc-heading box-align-left auto-responsive\">\r\n      <div class=\"content-inner\">\r\n         \r\n         \r\n                     <div class=\"sub-title\">\r\n               <span class=\"tagline\">4P<\/span>\r\n                                 <span class=\"shadow-text\">M\u00f3dszertan<\/span>\r\n                  \r\n            <\/div>\r\n           \r\n         \r\n                     <h2 class=\"title\">\r\n               <span>PROFIT - A projektnek hossz\u00fa t\u00e1von p\u00e9nz\u00fcgyileg fenntarthat\u00f3nak kell lennie, hogy a befektet\u0151k megkapj\u00e1k, amit a kamp\u00e1nyban \u00edg\u00e9rtek.<\/span>\r\n            <\/h2>\r\n                  \r\n         \r\n      <\/div>\r\n   <\/div>\r\n<\/div>\t\t\t\t<\/div>\n\t\t\t\t<\/div>\n\t\t\t\t<div class=\"elementor-element elementor-element-9626bc2 elementor-widget elementor-widget-text-editor\" data-id=\"9626bc2\" data-element_type=\"widget\" data-e-type=\"widget\" data-widget_type=\"text-editor.default\">\n\t\t\t\t<div class=\"elementor-widget-container\">\n\t\t\t\t\t\t\t\t\t<p style=\"text-align: justify;\"><span style=\"color: #000000;\">A projektnek hossz\u00fa t\u00e1von p\u00e9nz\u00fcgyileg fenntarthat\u00f3nak kell lennie, hogy a befektet\u0151k megkapj\u00e1k, amit a kamp\u00e1nyban \u00edg\u00e9rtek.<\/span><\/p>\t\t\t\t\t\t\t\t<\/div>\n\t\t\t\t<\/div>\n\t\t\t\t\t<\/div>\n\t\t<\/div>\n\t\t\t\t<div class=\"elementor-column elementor-col-50 elementor-top-column elementor-element elementor-element-bba971c\" data-id=\"bba971c\" data-element_type=\"column\" data-e-type=\"column\">\n\t\t\t<div class=\"elementor-widget-wrap elementor-element-populated\">\n\t\t\t\t\t\t<div class=\"elementor-element elementor-element-2ddb640 elementor-widget elementor-widget-image\" data-id=\"2ddb640\" data-element_type=\"widget\" data-e-type=\"widget\" data-widget_type=\"image.default\">\n\t\t\t\t<div class=\"elementor-widget-container\">\n\t\t\t\t\t\t\t\t\t\t\t\t\t\t\t<img loading=\"lazy\" decoding=\"async\" width=\"680\" height=\"680\" src=\"https:\/\/bonafidesinvest.eu\/wp-content\/uploads\/2023\/05\/Global-Crowdfunding-Platform-Bona-Fides-Invest-4P-Methodology-Profit.png\" class=\"attachment-full size-full wp-image-3198\" alt=\"\" srcset=\"https:\/\/bonafidesinvest.eu\/wp-content\/uploads\/2023\/05\/Global-Crowdfunding-Platform-Bona-Fides-Invest-4P-Methodology-Profit.png 680w, https:\/\/bonafidesinvest.eu\/wp-content\/uploads\/2023\/05\/Global-Crowdfunding-Platform-Bona-Fides-Invest-4P-Methodology-Profit-175x175.png 175w, https:\/\/bonafidesinvest.eu\/wp-content\/uploads\/2023\/05\/Global-Crowdfunding-Platform-Bona-Fides-Invest-4P-Methodology-Profit-300x300.png 300w, https:\/\/bonafidesinvest.eu\/wp-content\/uploads\/2023\/05\/Global-Crowdfunding-Platform-Bona-Fides-Invest-4P-Methodology-Profit-600x600.png 600w, https:\/\/bonafidesinvest.eu\/wp-content\/uploads\/2023\/05\/Global-Crowdfunding-Platform-Bona-Fides-Invest-4P-Methodology-Profit-180x180.png 180w, https:\/\/bonafidesinvest.eu\/wp-content\/uploads\/2023\/05\/Global-Crowdfunding-Platform-Bona-Fides-Invest-4P-Methodology-Profit-12x12.png 12w\" sizes=\"(max-width: 680px) 100vw, 680px\" \/>\t\t\t\t\t\t\t\t\t\t\t\t\t\t\t<\/div>\n\t\t\t\t<\/div>\n\t\t\t\t\t<\/div>\n\t\t<\/div>\n\t\t\t\t\t<\/div>\n\t\t<\/section>\n\t\t\t\t<section class=\"elementor-section elementor-top-section elementor-element elementor-element-b6a5f38 elementor-section-boxed elementor-section-height-default elementor-section-height-default\" data-id=\"b6a5f38\" data-element_type=\"section\" data-e-type=\"section\" data-settings=\"{&quot;background_background&quot;:&quot;classic&quot;}\">\n\t\t\t\t\t\t<div class=\"elementor-container elementor-column-gap-default\">\n\t\t\t\t\t<div class=\"elementor-column elementor-col-50 elementor-top-column elementor-element elementor-element-4c8ab9e\" data-id=\"4c8ab9e\" data-element_type=\"column\" data-e-type=\"column\">\n\t\t\t<div class=\"elementor-widget-wrap elementor-element-populated\">\n\t\t\t\t\t\t<div class=\"elementor-element elementor-element-c730b67 elementor-widget elementor-widget-gva-heading-block\" data-id=\"c730b67\" data-element_type=\"widget\" data-e-type=\"widget\" data-widget_type=\"gva-heading-block.default\">\n\t\t\t\t<div class=\"elementor-widget-container\">\n\t\t\t\t\t<div class=\"gva-element-gva-heading-block gva-element\">   <div class=\"align-left style-1 widget gsc-heading box-align-left auto-responsive\">\r\n      <div class=\"content-inner\">\r\n         \r\n         \r\n                     <div class=\"sub-title\">\r\n               <span class=\"tagline\">Egyed\u00fcl\u00e1ll\u00f3 crowdfunding m\u00f3dszertan, mint az ujjlenyomat<\/span>\r\n                                 <span class=\"shadow-text\">Jellegzetes<\/span>\r\n                  \r\n            <\/div>\r\n           \r\n         \r\n                     <h2 class=\"title\">\r\n               <span>Tudjon meg t\u00f6bbet folyamatunkr\u00f3l<\/span>\r\n            <\/h2>\r\n                  \r\n         \r\n      <\/div>\r\n   <\/div>\r\n<\/div>\t\t\t\t<\/div>\n\t\t\t\t<\/div>\n\t\t\t\t\t<\/div>\n\t\t<\/div>\n\t\t\t\t<div class=\"elementor-column elementor-col-50 elementor-top-column elementor-element elementor-element-ba4dc66\" data-id=\"ba4dc66\" data-element_type=\"column\" data-e-type=\"column\">\n\t\t\t<div class=\"elementor-widget-wrap elementor-element-populated\">\n\t\t\t\t\t\t<div class=\"elementor-element elementor-element-e787d93 elementor-widget__width-auto elementor-widget elementor-widget-html\" data-id=\"e787d93\" data-element_type=\"widget\" data-e-type=\"widget\" data-widget_type=\"html.default\">\n\t\t\t\t<div class=\"elementor-widget-container\">\n\t\t\t\t\t<a class=\"btn-border-white\" href=\"https:\/\/bonafidesinvest.eu\/hu\/how-it-works\/\">\n    Ind\u00edtsa el a  oldalt.\n<\/a>\t\t\t\t<\/div>\n\t\t\t\t<\/div>\n\t\t\t\t\t<\/div>\n\t\t<\/div>\n\t\t\t\t\t<\/div>\n\t\t<\/section>\n\t\t\t\t<\/div>","protected":false},"excerpt":{"rendered":"<p>4P (Pater, people, planet, profit) methodology Our Ethics An entrepreneur with a capital E is only one who respects the 4P rule (Pater, people, planet, profit) &#8211; a business venture [&hellip;]<\/p>\n","protected":false},"author":1,"featured_media":0,"parent":0,"menu_order":0,"comment_status":"closed","ping_status":"closed","template":"","meta":{"footnotes":""},"class_list":["post-3256","page","type-page","status-publish","hentry"],"wpcf_dashboard":"<div class=\"woocommerce\"><div class=\"woocommerce-info\">Please log in first? <a class=\"wpneoShowLogin\" href=\"#\">Click here to login<\/a><\/div><div class=\"wpneo_login_form_div\" style=\"display: none;\"><form name=\"loginform\" id=\"loginform\" action=\"https:\/\/bonafidesinvest.eu\/wp-login.php\" method=\"post\"><p class=\"login-username\">\n\t\t\t\t<label for=\"user_login\">Felhaszn\u00e1l\u00f3n\u00e9v, vagy e-mail c\u00edm<\/label>\n\t\t\t\t<input type=\"text\" name=\"log\" id=\"user_login\" autocomplete=\"username\" class=\"input\" value=\"\" size=\"20\" \/>\n\t\t\t<\/p><p class=\"login-password\">\n\t\t\t\t<label for=\"user_pass\">Jelsz\u00f3<\/label>\n\t\t\t\t<input type=\"password\" name=\"pwd\" id=\"user_pass\" autocomplete=\"current-password\" spellcheck=\"false\" class=\"input\" value=\"\" size=\"20\" \/>\n\t\t\t<\/p><p class=\"login-remember\"><label><input name=\"rememberme\" type=\"checkbox\" id=\"rememberme\" value=\"forever\" \/> Eml\u00e9kezzen r\u00e1m<\/label><\/p><p class=\"login-submit\">\n\t\t\t\t<input type=\"submit\" name=\"wp-submit\" id=\"wp-submit\" class=\"button button-primary\" value=\"Bejelentkez\u00e9s\" \/>\n\t\t\t\t<input type=\"hidden\" name=\"redirect_to\" value=\"https:\/\/bonafidesinvest.eu\/hu\/wp-json\/wp\/v2\/pages\/3256\" \/>\n\t\t\t<\/p><\/form><\/div><\/div>","_links":{"self":[{"href":"https:\/\/bonafidesinvest.eu\/hu\/wp-json\/wp\/v2\/pages\/3256","targetHints":{"allow":["GET"]}}],"collection":[{"href":"https:\/\/bonafidesinvest.eu\/hu\/wp-json\/wp\/v2\/pages"}],"about":[{"href":"https:\/\/bonafidesinvest.eu\/hu\/wp-json\/wp\/v2\/types\/page"}],"author":[{"embeddable":true,"href":"https:\/\/bonafidesinvest.eu\/hu\/wp-json\/wp\/v2\/users\/1"}],"replies":[{"embeddable":true,"href":"https:\/\/bonafidesinvest.eu\/hu\/wp-json\/wp\/v2\/comments?post=3256"}],"version-history":[{"count":0,"href":"https:\/\/bonafidesinvest.eu\/hu\/wp-json\/wp\/v2\/pages\/3256\/revisions"}],"wp:attachment":[{"href":"https:\/\/bonafidesinvest.eu\/hu\/wp-json\/wp\/v2\/media?parent=3256"}],"curies":[{"name":"wp","href":"https:\/\/api.w.org\/{rel}","templated":true}]}}