{"id":2528,"date":"2023-04-03T17:07:19","date_gmt":"2023-04-03T17:07:19","guid":{"rendered":"https:\/\/bonafidesinvest.eu\/?page_id=2528"},"modified":"2023-04-04T01:06:50","modified_gmt":"2023-04-04T01:06:50","slug":"adatvedelmi-politika","status":"publish","type":"page","link":"https:\/\/bonafidesinvest.eu\/hu\/privacy-policy\/","title":{"rendered":"Adatv\u00e9delmi ir\u00e1nyelvek"},"content":{"rendered":"<div data-elementor-type=\"wp-page\" data-elementor-id=\"2528\" class=\"elementor elementor-2528\">\n\t\t\t\t\t\t<section class=\"elementor-section elementor-top-section elementor-element elementor-element-718aa932 elementor-section-boxed elementor-section-height-default elementor-section-height-default\" data-id=\"718aa932\" data-element_type=\"section\" data-e-type=\"section\">\n\t\t\t\t\t\t<div class=\"elementor-container elementor-column-gap-default\">\n\t\t\t\t\t<div class=\"elementor-column elementor-col-100 elementor-top-column elementor-element elementor-element-1671caf6\" data-id=\"1671caf6\" data-element_type=\"column\" data-e-type=\"column\">\n\t\t\t<div class=\"elementor-widget-wrap elementor-element-populated\">\n\t\t\t\t\t\t<div class=\"elementor-element elementor-element-75c0122f elementor-widget elementor-widget-text-editor\" data-id=\"75c0122f\" data-element_type=\"widget\" data-e-type=\"widget\" data-widget_type=\"text-editor.default\">\n\t\t\t\t<div class=\"elementor-widget-container\">\n\t\t\t\t\t\t\t\t\t<p><span style=\"color: #000000;\"><\/span><\/p>\n<p style=\"text-align: justify;\"><span style=\"color: #000000;\"><strong>Szem\u00e9lyes adatok gy\u0171jt\u00e9s\u00e9re \u00e9s v\u00e9delm\u00e9re vonatkoz\u00f3 nyilatkozat<\/strong><\/span><\/p>\n<p style=\"text-align: justify;\"><span style=\"color: #000000;\">Az \u00d6n adatv\u00e9delme fontos sz\u00e1munkra. Szeretn\u00e9nk, ha biztons\u00e1gban \u00e9rezn\u00e9 mag\u00e1t n\u00e1lunk, \u00e9s ennek \u00e9s a szem\u00e9lyes adatok v\u00e9delm\u00e9re vonatkoz\u00f3 jogszab\u00e1lyi el\u0151\u00edr\u00e1soknak megfelel\u0151en j\u00e1runk el.<\/span><\/p>\n<p style=\"text-align: justify;\"><span style=\"color: #000000;\">A k\u00f6vetkez\u0151kben t\u00e1j\u00e9koztatjuk \u00d6nt arr\u00f3l, hogy milyen c\u00e9lb\u00f3l gy\u0171jtj\u00fck \u00e9s haszn\u00e1ljuk fel az \u00d6n szem\u00e9lyes adatait, \u00e9s hogyan ellen\u0151rizheti ezeket az elj\u00e1r\u00e1sokat, illetve hogyan gyakorolhatja jogait.<\/span><\/p>\n<p style=\"text-align: justify;\"><span style=\"color: #000000;\">Informatikai rendszereinket technikai \u00e9s szervez\u00e9si int\u00e9zked\u00e9sekkel v\u00e9dj\u00fck az \u00d6n adatainak jogosulatlan hozz\u00e1f\u00e9r\u00e9se, m\u00f3dos\u00edt\u00e1sa vagy terjeszt\u00e9se, valamint elveszt\u00e9se vagy t\u00f6rl\u00e9se ellen.<\/span><\/p>\n<p style=\"text-align: justify;\"><span style=\"color: #000000;\">Minden felhaszn\u00e1l\u00f3i inform\u00e1ci\u00f3 szigor\u00faan v\u00e9dett, \u00e9s csak azok az alkalmazottak sz\u00e1m\u00e1ra hozz\u00e1f\u00e9rhet\u0151, akiknek az adott inform\u00e1ci\u00f3ra a munka elv\u00e9gz\u00e9s\u00e9hez sz\u00fcks\u00e9g\u00fck van. Minden alkalmazottunk \u00e9s \u00fczleti partner\u00fcnk felel\u0151s a titokv\u00e9delmi elvek betart\u00e1s\u00e1\u00e9rt.<\/span><\/p>\n<p style=\"text-align: justify;\"><span style=\"color: #000000;\">Felhaszn\u00e1l\u00f3k\u00e9nt joga van t\u00e1j\u00e9koztat\u00e1st kapni szem\u00e9lyes adatainak kezel\u00e9s\u00e9r\u0151l, \u00e9s k\u00e9rheti jogai gyakorl\u00e1s\u00e1t.<\/span><\/p>\n<p style=\"text-align: justify;\"><span style=\"color: #000000;\">A szem\u00e9lyes adatok feldolgoz\u00e1s\u00e1t a k\u00f6vetkez\u0151k v\u00e9gzik:<br \/>Szoci\u00e1lis Innov\u00e1ci\u00f3s \u00e9s Fenntarthat\u00f3 Fejl\u0151d\u00e9si K\u00f6zpont (CEDIOR)<br \/>Ante Jak\u0161i\u0107a 10, 10 000 Z\u00e1gr\u00e1b, Horv\u00e1torsz\u00e1g<br \/>PIN: 12061569340<br \/>+385 (0)98 611 467<br \/>info@bonafidesinvest.eu<\/span><\/p>\n<p style=\"text-align: justify;\"><span style=\"color: #000000;\"><strong>Az adatfeldolgoz\u00e1s c\u00e9ljai \u00e9s jogalapja<\/strong><\/span><\/p>\n<p style=\"text-align: justify;\"><span style=\"color: #000000;\">Az \u00d6n szem\u00e9lyes adatait kiz\u00e1r\u00f3lag a befektet\u0151k \u00e9s a projektgazd\u00e1k \u00f6sszekapcsol\u00e1s\u00e1ra, \u00fczleti levelez\u00e9sre \u00e9s \u00e9rtes\u00edt\u00e9sek k\u00fcld\u00e9s\u00e9re haszn\u00e1ljuk fel, \u00e9s nem adjuk tov\u00e1bb, illetve nem haszn\u00e1ljuk fel el\u0151re nem l\u00e1that\u00f3 c\u00e9lokra.<\/span><\/p>\n<p style=\"text-align: justify;\"><span style=\"color: #000000;\"><strong>Az \u00e1ltalunk gy\u0171jt\u00f6tt adatok tartalmazhatnak:<br \/><\/strong><\/span><\/p>\n<ul>\n<li style=\"text-align: justify;\"><span style=\"color: #000000;\">El\u0151- \u00e9s ut\u00f3n\u00e9v \/ c\u00e9gn\u00e9v;<\/span><\/li>\n<li style=\"text-align: justify;\"><span style=\"color: #000000;\">Postac\u00edm;<\/span><\/li>\n<li style=\"text-align: justify;\"><span style=\"color: #000000;\">E-mail c\u00edm;<\/span><\/li>\n<li style=\"text-align: justify;\"><span style=\"color: #000000;\">Mobilsz\u00e1m vagy vezet\u00e9kes telefonsz\u00e1m.<\/span><\/li>\n<\/ul>\n<p><span style=\"color: #000000;\"><strong style=\"text-align: left;\">\u00c9rtes\u00edt\u00e9s e-mailben<\/strong><\/span><\/p>\n<p style=\"text-align: justify;\"><span style=\"color: #000000;\">A Mailchimp platformot haszn\u00e1ljuk a h\u00edrlevelek k\u00e9zbes\u00edt\u00e9s\u00e9hez, valamint a c\u00edmzettlist\u00e1k \u00e9s a leiratkoz\u00e1si nyilv\u00e1ntart\u00e1sok kezel\u00e9s\u00e9hez, \u00e9s minden sz\u00fcks\u00e9ges int\u00e9zked\u00e9st megtesz\u00fcnk az adatok v\u00e9delme \u00e9rdek\u00e9ben a szem\u00e9lyes adatok v\u00e9delm\u00e9re vonatkoz\u00f3 el\u0151\u00edr\u00e1soknak megfelel\u0151en. Az \u00d6n joga, hogy elfogadja vagy elutas\u00edtsa a kommunik\u00e1ci\u00f3nk fogad\u00e1s\u00e1t.<\/span><\/p>\n<p style=\"text-align: justify;\"><span style=\"color: #000000;\"><strong>Felhaszn\u00e1l\u00f3i jogok<\/strong><\/span><\/p>\n<p style=\"text-align: justify;\"><span style=\"color: #000000;\">A k\u00f6vetkez\u0151 jogokat garant\u00e1ljuk \u00d6nnek:<\/span><\/p>\n<p><span style=\"color: #000000;\"><\/span><\/p>\n<p><span style=\"color: #000000;\"><\/span><\/p>\n<p><span style=\"color: #000000;\"><\/span><\/p>\n<ul>\n<li><span style=\"color: #000000;\">A hozz\u00e1f\u00e9r\u00e9si jog (t\u00e1j\u00e9koztat\u00e1s az adatok k\u00f6r\u00e9r\u0151l \u00e9s t\u00edpus\u00e1r\u00f3l);<\/span><\/li>\n<li><span style=\"color: #000000;\">A helyesb\u00edt\u00e9shez val\u00f3 jog (az \u00d6n \u00e1ltal megadott adatokra vonatkozik);<\/span><\/li>\n<li><span style=\"color: #000000;\">Az elfeledtet\u00e9shez val\u00f3 jog;<\/span><\/li>\n<li><span style=\"color: #000000;\">A szem\u00e9lyes adatok felhaszn\u00e1l\u00e1s\u00e1val kapcsolatos panaszhoz val\u00f3 jog.<\/span><\/li>\n<\/ul>\n<p><span style=\"color: #000000;\"><\/span><\/p>\n<ul class=\"wp-block-list\"><\/ul>\n<p><span style=\"color: #000000;\"><\/span><\/p>\n<p><span style=\"color: #000000;\"><strong>Hozz\u00e1f\u00e9r\u00e9si jog<\/strong><\/span><\/p>\n<p><span style=\"color: #000000;\"><\/span><\/p>\n<p style=\"text-align: justify;\"><span style=\"color: #000000;\">\u00d6nnek joga van ahhoz, hogy t\u00e1j\u00e9koztat\u00e1st kapjon az \u00e1ltalunk kezelt \u00e9s t\u00e1rolt szem\u00e9lyes adatair\u00f3l.<\/span><\/p>\n<p style=\"text-align: justify;\"><span style=\"color: #000000;\"><strong>A helyesb\u00edt\u00e9shez val\u00f3 jog<\/strong><\/span><\/p>\n<p style=\"text-align: justify;\"><span style=\"color: #000000;\">\u00d6nnek joga van az \u00d6nre vonatkoz\u00f3 helytelen szem\u00e9lyes adatok helyesb\u00edt\u00e9s\u00e9hez, amit 3 munkanapon bel\u00fcl megtesz\u00fcnk.<\/span><\/p>\n<p style=\"text-align: justify;\"><span style=\"color: #000000;\"><strong>T\u00f6rl\u00e9shez val\u00f3 jog (az elfeledtet\u00e9shez val\u00f3 jog)<\/strong><\/span><\/p>\n<p style=\"text-align: justify;\"><span style=\"color: #000000;\">\u00d6n jogosult arra, hogy indokolatlan k\u00e9sedelem n\u00e9lk\u00fcl k\u00e9rje szem\u00e9lyes adatainak anonimiz\u00e1l\u00e1s\u00e1t, ha nem k\u00edv\u00e1n a szolg\u00e1ltat\u00e1sok tov\u00e1bbi felhaszn\u00e1l\u00f3ja lenni, vagy ha nem szeretn\u00e9, hogy szem\u00e9lyes adatait a megadott c\u00e9lokra haszn\u00e1ljuk fel.<\/span><\/p>\n<p style=\"text-align: justify;\"><span style=\"color: #000000;\"><strong>A szem\u00e9lyes adatok felhaszn\u00e1l\u00e1sa elleni tiltakoz\u00e1s joga<\/strong><\/span><\/p>\n<p style=\"text-align: justify;\"><span style=\"color: #000000;\">Ha az \u00d6n szem\u00e9lyes adatainak feldolgoz\u00e1sa jogos \u00e9rdekeink teljes\u00edt\u00e9s\u00e9n alapul, \u00d6n jogosult arra, hogy b\u00e1rmikor tiltakozzon a szem\u00e9lyes adatok ilyen feldolgoz\u00e1sa ellen, amennyiben a feldolgoz\u00e1s az \u00d6n adataira vonatkozik. Ha ilyen tiltakoz\u00e1st ny\u00fajt be:<\/span><\/p>\n<ul>\n<li style=\"text-align: justify;\"><span style=\"color: #000000;\">\u00e9rtes\u00edt\u00e9sekkel (\"h\u00edrlev\u00e9l\") kapcsolatban - az \u00d6n szem\u00e9lyes adatait nem haszn\u00e1ljuk fel erre a c\u00e9lra;<\/span><\/li>\n<li style=\"text-align: justify;\"><span style=\"color: #000000;\">egy\u00e9b jogos \u00e9rdekkel kapcsolatos \u00fcgyekkel kapcsolatban - nem fogjuk tov\u00e1bb feldolgozni az \u00d6n szem\u00e9lyes adatait a panasz t\u00e1rgy\u00e1t k\u00e9pez\u0151 c\u00e9lb\u00f3l.<\/span><\/li>\n<\/ul>\n<p style=\"text-align: justify;\"><span style=\"color: #000000;\"><strong>S\u00fctik<\/strong><\/span><\/p>\n<p style=\"text-align: justify;\"><span style=\"color: #000000;\">Weboldalunkon sz\u00e1m\u00edt\u00f3g\u00e9pes s\u00fctiket haszn\u00e1lunk, hogy lehet\u0151v\u00e9 tegy\u00fcnk bizonyos technikai funkci\u00f3kat, \u00e9s megk\u00f6nny\u00edts\u00fck \u00d6nnek a weboldalon val\u00f3 navig\u00e1l\u00e1st.<\/span><\/p>\n<p style=\"text-align: justify;\"><span style=\"color: #000000;\"><strong>Hogyan gyakorolhatja jogait<\/strong><\/span><\/p>\n<p style=\"text-align: justify;\"><span style=\"color: #000000;\">A szem\u00e9lyes adataival kapcsolatos minden k\u00e9rd\u00e9ssel \u00e9s k\u00e9r\u00e9ssel forduljon adatv\u00e9delmi koordin\u00e1torainkhoz a info@bonafidesinvest.eu e-mail c\u00edmen, a \"T\u00e1rgy\" alatt az ADATV\u00c9DELEM megjegyz\u00e9ssel.<\/span><\/p>\n<p style=\"text-align: justify;\"><span style=\"color: #000000;\">Az \u00d6n megkeres\u00e9seit \u00e9s k\u00e9r\u00e9seit indokolatlan k\u00e9sedelem n\u00e9lk\u00fcl \u00e9s a jogi k\u00f6telezetts\u00e9geknek megfelel\u0151en feldolgozzuk, \u00e9s t\u00e1j\u00e9koztatjuk \u00d6nt a megtett int\u00e9zked\u00e9sekr\u0151l.<\/span><\/p>\n<p><span style=\"color: #000000;\"><\/span><\/p>\n<p><span style=\"color: #000000;\"><\/span><\/p>\n<p><span style=\"color: #000000;\"><\/span><\/p>\n<p><span style=\"color: #000000;\"><\/span><\/p>\n<p><span style=\"color: #000000;\"><\/span><\/p>\n<p><span style=\"color: #000000;\"><\/span><\/p>\n<p><span style=\"color: #000000;\"><\/span><\/p>\n<p><span style=\"color: #000000;\"><\/span><\/p>\n<p><span style=\"color: #000000;\"><\/span><\/p>\n<p><span style=\"color: #000000;\"><\/span><\/p>\n<p><span style=\"color: #000000;\"><\/span><\/p>\n<p><span style=\"color: #000000;\"><\/span><\/p>\t\t\t\t\t\t\t\t<\/div>\n\t\t\t\t<\/div>\n\t\t\t\t\t<\/div>\n\t\t<\/div>\n\t\t\t\t\t<\/div>\n\t\t<\/section>\n\t\t\t\t<\/div>","protected":false},"excerpt":{"rendered":"<p>Personal data gathering and protection statement Your privacy is important to us. We want you to feel safe with us, and we act in accordance with that and the legal [&hellip;]<\/p>\n","protected":false},"author":1,"featured_media":0,"parent":0,"menu_order":0,"comment_status":"closed","ping_status":"closed","template":"","meta":{"footnotes":""},"class_list":["post-2528","page","type-page","status-publish","hentry"],"wpcf_dashboard":"<div class=\"woocommerce\"><div class=\"woocommerce-info\">Please log in first? <a class=\"wpneoShowLogin\" href=\"#\">Click here to login<\/a><\/div><div class=\"wpneo_login_form_div\" style=\"display: none;\"><form name=\"loginform\" id=\"loginform\" action=\"https:\/\/bonafidesinvest.eu\/wp-login.php\" method=\"post\"><p class=\"login-username\">\n\t\t\t\t<label for=\"user_login\">Felhaszn\u00e1l\u00f3n\u00e9v, vagy e-mail c\u00edm<\/label>\n\t\t\t\t<input type=\"text\" name=\"log\" id=\"user_login\" autocomplete=\"username\" class=\"input\" value=\"\" size=\"20\" \/>\n\t\t\t<\/p><p class=\"login-password\">\n\t\t\t\t<label for=\"user_pass\">Jelsz\u00f3<\/label>\n\t\t\t\t<input type=\"password\" name=\"pwd\" id=\"user_pass\" autocomplete=\"current-password\" spellcheck=\"false\" class=\"input\" value=\"\" size=\"20\" \/>\n\t\t\t<\/p><p class=\"login-remember\"><label><input name=\"rememberme\" type=\"checkbox\" id=\"rememberme\" value=\"forever\" \/> Eml\u00e9kezzen r\u00e1m<\/label><\/p><p class=\"login-submit\">\n\t\t\t\t<input type=\"submit\" name=\"wp-submit\" id=\"wp-submit\" class=\"button button-primary\" value=\"Bejelentkez\u00e9s\" \/>\n\t\t\t\t<input type=\"hidden\" name=\"redirect_to\" value=\"https:\/\/bonafidesinvest.eu\/hu\/wp-json\/wp\/v2\/pages\/2528\" \/>\n\t\t\t<\/p><\/form><\/div><\/div>","_links":{"self":[{"href":"https:\/\/bonafidesinvest.eu\/hu\/wp-json\/wp\/v2\/pages\/2528","targetHints":{"allow":["GET"]}}],"collection":[{"href":"https:\/\/bonafidesinvest.eu\/hu\/wp-json\/wp\/v2\/pages"}],"about":[{"href":"https:\/\/bonafidesinvest.eu\/hu\/wp-json\/wp\/v2\/types\/page"}],"author":[{"embeddable":true,"href":"https:\/\/bonafidesinvest.eu\/hu\/wp-json\/wp\/v2\/users\/1"}],"replies":[{"embeddable":true,"href":"https:\/\/bonafidesinvest.eu\/hu\/wp-json\/wp\/v2\/comments?post=2528"}],"version-history":[{"count":0,"href":"https:\/\/bonafidesinvest.eu\/hu\/wp-json\/wp\/v2\/pages\/2528\/revisions"}],"wp:attachment":[{"href":"https:\/\/bonafidesinvest.eu\/hu\/wp-json\/wp\/v2\/media?parent=2528"}],"curies":[{"name":"wp","href":"https:\/\/api.w.org\/{rel}","templated":true}]}}