{"id":2132,"date":"2023-04-01T22:13:01","date_gmt":"2023-04-01T22:13:01","guid":{"rendered":"https:\/\/bonafidesinvest.eu\/?page_id=2132"},"modified":"2024-02-14T00:50:25","modified_gmt":"2024-02-13T22:50:25","slug":"arkepzes","status":"publish","type":"page","link":"https:\/\/bonafidesinvest.eu\/hu\/pricing\/","title":{"rendered":"\u00c1rk\u00e9pz\u00e9s"},"content":{"rendered":"<div data-elementor-type=\"wp-page\" data-elementor-id=\"2132\" class=\"elementor elementor-2132\">\n\t\t\t\t\t\t<section class=\"elementor-section elementor-top-section elementor-element elementor-element-5cb4fba elementor-section-boxed elementor-section-height-default elementor-section-height-default\" data-id=\"5cb4fba\" data-element_type=\"section\" data-e-type=\"section\" data-settings=\"{&quot;background_background&quot;:&quot;classic&quot;}\">\n\t\t\t\t\t\t<div class=\"elementor-container elementor-column-gap-default\">\n\t\t\t\t\t<div class=\"elementor-column elementor-col-100 elementor-top-column elementor-element elementor-element-1a8af99\" data-id=\"1a8af99\" data-element_type=\"column\" data-e-type=\"column\">\n\t\t\t<div class=\"elementor-widget-wrap elementor-element-populated\">\n\t\t\t\t\t\t<div class=\"elementor-element elementor-element-9fece9b elementor-widget elementor-widget-gva-heading-block\" data-id=\"9fece9b\" data-element_type=\"widget\" data-e-type=\"widget\" data-widget_type=\"gva-heading-block.default\">\n\t\t\t\t<div class=\"elementor-widget-container\">\n\t\t\t\t\t<div class=\"gva-element-gva-heading-block gva-element\">   <div class=\"align-center style-1 widget gsc-heading box-align-left auto-responsive\">\r\n      <div class=\"content-inner\">\r\n         \r\n         \r\n                     <div class=\"sub-title\">\r\n               <span class=\"tagline\">\u00c1rk\u00e9pz\u00e9si terv<\/span>\r\n                                 <span class=\"shadow-text\">\u00c1rk\u00e9pz\u00e9s<\/span>\r\n                  \r\n            <\/div>\r\n           \r\n         \r\n                     <h2 class=\"title\">\r\n               <span>V\u00e1lasszon \u00e1rk\u00e9pz\u00e9si tervet<\/span>\r\n            <\/h2>\r\n                  \r\n         \r\n      <\/div>\r\n   <\/div>\r\n<\/div>\t\t\t\t<\/div>\n\t\t\t\t<\/div>\n\t\t\t\t\t<\/div>\n\t\t<\/div>\n\t\t\t\t\t<\/div>\n\t\t<\/section>\n\t\t\t\t<section class=\"elementor-section elementor-top-section elementor-element elementor-element-24cce4d elementor-section-boxed elementor-section-height-default elementor-section-height-default\" data-id=\"24cce4d\" data-element_type=\"section\" data-e-type=\"section\" data-settings=\"{&quot;background_background&quot;:&quot;classic&quot;}\">\n\t\t\t\t\t\t<div class=\"elementor-container elementor-column-gap-default\">\n\t\t\t\t\t<div class=\"elementor-column elementor-col-33 elementor-top-column elementor-element elementor-element-6c55053\" data-id=\"6c55053\" data-element_type=\"column\" data-e-type=\"column\">\n\t\t\t<div class=\"elementor-widget-wrap elementor-element-populated\">\n\t\t\t\t\t\t<div class=\"elementor-element elementor-element-440bb81 elementor-widget elementor-widget-gva-pricing-block\" data-id=\"440bb81\" data-element_type=\"widget\" data-e-type=\"widget\" data-widget_type=\"gva-pricing-block.default\">\n\t\t\t\t<div class=\"elementor-widget-container\">\n\t\t\t\t\t<div class=\"gva-element-gva-pricing-block gva-element\">   \r\n<div class=\"widget gsc-pricing style-1 active-\">\r\n   <div class=\"content-inner\">\r\n\r\n      <div class=\"sub-title\">\u00d6tcsillagos min\u0151s\u00edt\u00e9s\u0171 oktat\u00e1s<\/div>\r\n               <h3 class=\"title\">\r\n            <span>OKTAT\u00c1SI MODELL<\/span>\r\n         <\/h3>\r\n      \r\n      <div class=\"plan-price\">\r\n         <div class=\"plan-price-inner clearfix\">\r\n            <span class=\"currency\">\u20ac<\/span>\r\n            <span class=\"price\">400<\/span>\r\n               \r\n         <\/div>\r\n      <\/div>\r\n\r\n      <div class=\"desc\">Szeretn\u00e9k k\u00e9pz\u00e9st kapni a crowdfundingr\u00f3l an\u00e9lk\u00fcl, hogy kamp\u00e1nyt ind\u00edtan\u00e9k.<\/div>\r\n               <ul class=\"plan-list\">\r\n                           <li class=\"active\">\r\n                  <span class=\"text\">1 szem\u00e9ly<\/span>\r\n               <\/li>  \r\n                           <li class=\"active\">\r\n                  <span class=\"text\">Fizikailag vagy online<\/span>\r\n               <\/li>  \r\n                           <li class=\"active\">\r\n                  <span class=\"text\">Angol vagy horv\u00e1t nyelv<\/span>\r\n               <\/li>  \r\n                           <li class=\"active\">\r\n                  <span class=\"text\">Tapasztalt el\u0151ad\u00f3k, akik hossz\u00fa ideje dolgoznak a p\u00e9nz\u00fcgyi \u00e1gazatban.<\/span>\r\n               <\/li>  \r\n                           <li class=\"active\">\r\n                  <span class=\"text\">A Nemzetk\u00f6zi Crowdfunding K\u00f6zpont (ICFC) tan\u00fas\u00edtv\u00e1nya<\/span>\r\n               <\/li>  \r\n                           <li class=\"active\">\r\n                  <span class=\"text\">Nagyobb csoportok sz\u00e1m\u00e1ra kedvezm\u00e9nyt biztos\u00edtunk. L\u00e9pjen kapcsolatba vel\u00fcnk, hogy egyedi aj\u00e1nlatot k\u00e9sz\u00edts\u00fcnk<\/span>\r\n               <\/li>  \r\n                           <li class=\"active\">\r\n                  <span class=\"text\">A nagyobb l\u00e9tsz\u00e1m\u00fa csoportok oktat\u00e1s\u00e1nak szervez\u0151i tan\u00fas\u00edtv\u00e1nyt kapnak a t\u00e1rsadalmi felel\u0151ss\u00e9gv\u00e1llal\u00e1sr\u00f3l Crowdfunding Literacy Certificate (T\u00f6megfinansz\u00edroz\u00e1si m\u0171velts\u00e9gi tan\u00fas\u00edtv\u00e1ny)<\/span>\r\n               <\/li>  \r\n                     <\/ul>\r\n         \r\n\r\n\r\n               <div class=\"pricing-action\">\r\n            \t\t  <a href=\"https:\/\/bonafidesinvest.eu\/hu\/crowdfunding-education\/\" class=\"btn-theme\">\r\n\t\t\t <span>Tov\u00e1bbi inform\u00e1ci\u00f3k az iskol\u00e1r\u00f3l<\/span>\r\n\t\t  <\/a>\r\n\r\n\t\t           <\/div>\r\n         <\/div>\r\n<\/div>\r\n\r\n<div class=\"clearfix\"><\/div>\r\n\r\n<\/div>\t\t\t\t<\/div>\n\t\t\t\t<\/div>\n\t\t\t\t\t<\/div>\n\t\t<\/div>\n\t\t\t\t<div class=\"elementor-column elementor-col-33 elementor-top-column elementor-element elementor-element-af68d50\" data-id=\"af68d50\" data-element_type=\"column\" data-e-type=\"column\">\n\t\t\t<div class=\"elementor-widget-wrap elementor-element-populated\">\n\t\t\t\t\t\t<div class=\"elementor-element elementor-element-8698e0d elementor-widget elementor-widget-gva-pricing-block\" data-id=\"8698e0d\" data-element_type=\"widget\" data-e-type=\"widget\" data-widget_type=\"gva-pricing-block.default\">\n\t\t\t\t<div class=\"elementor-widget-container\">\n\t\t\t\t\t<div class=\"gva-element-gva-pricing-block gva-element\">   \r\n<div class=\"widget gsc-pricing style-1 active-yes\">\r\n   <div class=\"content-inner\">\r\n\r\n      <div class=\"sub-title\">BEST BUY<\/div>\r\n               <h3 class=\"title\">\r\n            <span>BESTSELLER MODELL<\/span>\r\n         <\/h3>\r\n      \r\n      <div class=\"plan-price\">\r\n         <div class=\"plan-price-inner clearfix\">\r\n            <span class=\"currency\">\u20ac<\/span>\r\n            <span class=\"price\">200 + 7%<\/span>\r\n               \r\n         <\/div>\r\n      <\/div>\r\n\r\n      <div class=\"desc\">Szeretn\u00e9k crowdfunding-oktat\u00e1st v\u00e9gezni \u00e9s kamp\u00e1nyt ind\u00edtani.<\/div>\r\n               <ul class=\"plan-list\">\r\n                           <li class=\"active\">\r\n                  <span class=\"text\">A t\u00f6megfinansz\u00edroz\u00e1si iskol\u00e1ra el\u0151re 200 eur\u00f3 fix \u00f6sszeget kell fizetni.<\/span>\r\n               <\/li>  \r\n                           <li class=\"active\">\r\n                  <span class=\"text\">2 csapattag sz\u00e1m\u00e1ra kapsz oktat\u00e1st<\/span>\r\n               <\/li>  \r\n                           <li class=\"active\">\r\n                  <span class=\"text\">Figyelj\u00fck az \u00d6n fejl\u0151d\u00e9s\u00e9t<\/span>\r\n               <\/li>  \r\n                           <li class=\"active\">\r\n                  <span class=\"text\">A kamp\u00e1nyt egy \u00e9ven bel\u00fcl kell elind\u00edtani<\/span>\r\n               <\/li>  \r\n                           <li class=\"active\">\r\n                  <span class=\"text\">A kamp\u00e1ny v\u00e9g\u00e9n v\u00e1ltoz\u00f3 \u00f6sszeg\u0171 7%-t fizetnek ki.<\/span>\r\n               <\/li>  \r\n                           <li class=\"active\">\r\n                  <span class=\"text\">A 7% d\u00edj\u00e1n k\u00edv\u00fcl nincs m\u00e1s d\u00edj.<\/span>\r\n               <\/li>  \r\n                           <li class=\"active\">\r\n                  <span class=\"text\">Nincs sz\u00fcks\u00e9g k\u00f6zvet\u00edt\u0151re ahhoz, hogy kifizess\u00fck \u00d6nnek a p\u00e9nz\u00f6sszeget.<\/span>\r\n               <\/li>  \r\n                           <li class=\"active\">\r\n                  <span class=\"text\">Ha a j\u00f6v\u0151ben \u00faj kamp\u00e1nyt ind\u00edt, a fix d\u00edj nem ker\u00fcl felsz\u00e1m\u00edt\u00e1sra.<\/span>\r\n               <\/li>  \r\n                     <\/ul>\r\n         \r\n\r\n\r\n               <div class=\"pricing-action\">\r\n            \t\t  <a href=\"https:\/\/bonafidesinvest.eu\/hu\/kapcsolatfelvetel\/\" class=\"btn-theme\">\r\n\t\t\t <span>Kapcsolatfelv\u00e9tel<\/span>\r\n\t\t  <\/a>\r\n\r\n\t\t           <\/div>\r\n         <\/div>\r\n<\/div>\r\n\r\n<div class=\"clearfix\"><\/div>\r\n\r\n<\/div>\t\t\t\t<\/div>\n\t\t\t\t<\/div>\n\t\t\t\t\t<\/div>\n\t\t<\/div>\n\t\t\t\t<div class=\"elementor-column elementor-col-33 elementor-top-column elementor-element elementor-element-0017ba5\" data-id=\"0017ba5\" data-element_type=\"column\" data-e-type=\"column\">\n\t\t\t<div class=\"elementor-widget-wrap elementor-element-populated\">\n\t\t\t\t\t\t<div class=\"elementor-element elementor-element-b6d77e6 elementor-widget elementor-widget-gva-pricing-block\" data-id=\"b6d77e6\" data-element_type=\"widget\" data-e-type=\"widget\" data-widget_type=\"gva-pricing-block.default\">\n\t\t\t\t<div class=\"elementor-widget-container\">\n\t\t\t\t\t<div class=\"gva-element-gva-pricing-block gva-element\">   \r\n<div class=\"widget gsc-pricing style-1 active-no\">\r\n   <div class=\"content-inner\">\r\n\r\n      <div class=\"sub-title\">R\u00e9pa \u00e9s bot<\/div>\r\n               <h3 class=\"title\">\r\n            <span>KIH\u00cdV\u00c1S MODELL<\/span>\r\n         <\/h3>\r\n      \r\n      <div class=\"plan-price\">\r\n         <div class=\"plan-price-inner clearfix\">\r\n            <span class=\"currency\">\u20ac<\/span>\r\n            <span class=\"price\">7-15%<\/span>\r\n                           <span class=\"interval\">\/ a teljes \u00f6sszegr\u0151l<\/span>\r\n               \r\n         <\/div>\r\n      <\/div>\r\n\r\n      <div class=\"desc\">Kamp\u00e1nyt szeretn\u00e9k ind\u00edtani an\u00e9lk\u00fcl, hogy r\u00e9szt venn\u00e9k egy crowdfunding k\u00e9pz\u00e9sen.<\/div>\r\n               <ul class=\"plan-list\">\r\n                           <li class=\"active\">\r\n                  <span class=\"text\">Ha a c\u00e9l\u00f6sszegb\u0151l legfeljebb 20%-t gy\u0171jtesz, a d\u00edj 15%.<\/span>\r\n               <\/li>  \r\n                           <li class=\"active\">\r\n                  <span class=\"text\">Ha a c\u00e9l\u00f6sszeg 21% \u00e9s 40% k\u00f6z\u00f6tti \u00f6sszeg\u00e9t gy\u0171jti \u00f6ssze, a d\u00edj 13%.<\/span>\r\n               <\/li>  \r\n                           <li class=\"active\">\r\n                  <span class=\"text\">Ha a c\u00e9l\u00f6sszeg 41% \u00e9s 60% k\u00f6z\u00f6tti \u00f6sszeg\u00e9t gy\u0171jti \u00f6ssze, a d\u00edj 11%.<\/span>\r\n               <\/li>  \r\n                           <li class=\"active\">\r\n                  <span class=\"text\">Ha a c\u00e9l\u00f6sszeg 61% \u00e9s 80% k\u00f6z\u00f6tti \u00f6sszeg\u00e9t gy\u0171jti \u00f6ssze, a d\u00edj 9%.<\/span>\r\n               <\/li>  \r\n                           <li class=\"active\">\r\n                  <span class=\"text\">Ha a c\u00e9l\u00f6sszegb\u0151l t\u00f6bb mint 81%-t emelsz fel, a d\u00edj 7%<\/span>\r\n               <\/li>  \r\n                     <\/ul>\r\n         \r\n\r\n\r\n               <div class=\"pricing-action\">\r\n            \t\t  <a href=\"https:\/\/bonafidesinvest.eu\/hu\/kapcsolatfelvetel\/\" class=\"btn-theme\">\r\n\t\t\t <span>Kapcsolatfelv\u00e9tel <\/span>\r\n\t\t  <\/a>\r\n\r\n\t\t           <\/div>\r\n         <\/div>\r\n<\/div>\r\n\r\n<div class=\"clearfix\"><\/div>\r\n\r\n<\/div>\t\t\t\t<\/div>\n\t\t\t\t<\/div>\n\t\t\t\t\t<\/div>\n\t\t<\/div>\n\t\t\t\t\t<\/div>\n\t\t<\/section>\n\t\t\t\t<section class=\"elementor-section elementor-top-section elementor-element elementor-element-7f285b1 elementor-section-boxed elementor-section-height-default elementor-section-height-default\" data-id=\"7f285b1\" data-element_type=\"section\" data-e-type=\"section\" data-settings=\"{&quot;background_background&quot;:&quot;classic&quot;}\">\n\t\t\t\t\t\t<div class=\"elementor-container elementor-column-gap-default\">\n\t\t\t\t\t<div class=\"elementor-column elementor-col-50 elementor-top-column elementor-element elementor-element-8407a97\" data-id=\"8407a97\" data-element_type=\"column\" data-e-type=\"column\">\n\t\t\t<div class=\"elementor-widget-wrap elementor-element-populated\">\n\t\t\t\t\t\t<div class=\"elementor-element elementor-element-1d1c3dc elementor-widget elementor-widget-gva-heading-block\" data-id=\"1d1c3dc\" data-element_type=\"widget\" data-e-type=\"widget\" data-widget_type=\"gva-heading-block.default\">\n\t\t\t\t<div class=\"elementor-widget-container\">\n\t\t\t\t\t<div class=\"gva-element-gva-heading-block gva-element\">   <div class=\"align-left style-1 widget gsc-heading box-align-left auto-responsive\">\r\n      <div class=\"content-inner\">\r\n         \r\n         \r\n                     <div class=\"sub-title\">\r\n               <span class=\"tagline\">Vegye fel vel\u00fcnk a kapcsolatot, hogy egyedi aj\u00e1nlatot k\u00e9sz\u00edthess\u00fcnk, ha szeretn\u00e9, hogy a kulcsrak\u00e9sz elv alapj\u00e1n el\u0151k\u00e9sz\u00edts\u00fcnk \u00e9s lebonyol\u00edtsunk \u00d6nnek egy crowdfunding-kamp\u00e1nyt.<\/span>\r\n                                 <span class=\"shadow-text\">Kulcsrak\u00e9sz modell<\/span>\r\n                  \r\n            <\/div>\r\n           \r\n         \r\n                     <h2 class=\"title\">\r\n               <span>Kulcsrak\u00e9sz modell<\/span>\r\n            <\/h2>\r\n                  \r\n                     <div class=\"heading-action\">\r\n               \t\t  <a href=\"https:\/\/bonafidesinvest.eu\/hu\/kapcsolatfelvetel\/\" class=\"btn-cta btn-theme\">\r\n\t\t\t <span>A kezd\u0151\u00e1r 5.000 eur\u00f3 el\u0151re + 17%<\/span>\r\n\t\t  <\/a>\r\n\r\n\t\t              <\/div>\r\n         \r\n      <\/div>\r\n   <\/div>\r\n<\/div>\t\t\t\t<\/div>\n\t\t\t\t<\/div>\n\t\t\t\t\t<\/div>\n\t\t<\/div>\n\t\t\t\t<div class=\"elementor-column elementor-col-50 elementor-top-column elementor-element elementor-element-41859fb\" data-id=\"41859fb\" data-element_type=\"column\" data-e-type=\"column\">\n\t\t\t<div class=\"elementor-widget-wrap elementor-element-populated\">\n\t\t\t\t\t\t<div class=\"elementor-element elementor-element-40fb823 elementor-widget__width-auto elementor-widget elementor-widget-html\" data-id=\"40fb823\" data-element_type=\"widget\" data-e-type=\"widget\" data-widget_type=\"html.default\">\n\t\t\t\t<div class=\"elementor-widget-container\">\n\t\t\t\t\t<a class=\"btn-border-white\" href=\"https:\/\/bonafidesinvest.eu\/hu\/kapcsolatfelvetel\/\">\n    Kapcsolatfelv\u00e9tel\n<\/a>\t\t\t\t<\/div>\n\t\t\t\t<\/div>\n\t\t\t\t\t<\/div>\n\t\t<\/div>\n\t\t\t\t\t<\/div>\n\t\t<\/section>\n\t\t\t\t<\/div>","protected":false},"excerpt":{"rendered":"<p>Pricing plan Pricing Choose pricing plan Five star rating education EDUCATION MODEL \u20ac 400 I want to get training on crowdfunding without starting a campaign. 1 person Physically or online [&hellip;]<\/p>\n","protected":false},"author":1,"featured_media":0,"parent":0,"menu_order":0,"comment_status":"closed","ping_status":"closed","template":"","meta":{"footnotes":""},"class_list":["post-2132","page","type-page","status-publish","hentry"],"wpcf_dashboard":"<div class=\"woocommerce\"><div class=\"woocommerce-info\">Please log in first? <a class=\"wpneoShowLogin\" href=\"#\">Click here to login<\/a><\/div><div class=\"wpneo_login_form_div\" style=\"display: none;\"><form name=\"loginform\" id=\"loginform\" action=\"https:\/\/bonafidesinvest.eu\/wp-login.php\" method=\"post\"><p class=\"login-username\">\n\t\t\t\t<label for=\"user_login\">Felhaszn\u00e1l\u00f3n\u00e9v, vagy e-mail c\u00edm<\/label>\n\t\t\t\t<input type=\"text\" name=\"log\" id=\"user_login\" autocomplete=\"username\" class=\"input\" value=\"\" size=\"20\" \/>\n\t\t\t<\/p><p class=\"login-password\">\n\t\t\t\t<label for=\"user_pass\">Jelsz\u00f3<\/label>\n\t\t\t\t<input type=\"password\" name=\"pwd\" id=\"user_pass\" autocomplete=\"current-password\" spellcheck=\"false\" class=\"input\" value=\"\" size=\"20\" \/>\n\t\t\t<\/p><p class=\"login-remember\"><label><input name=\"rememberme\" type=\"checkbox\" id=\"rememberme\" value=\"forever\" \/> Eml\u00e9kezzen r\u00e1m<\/label><\/p><p class=\"login-submit\">\n\t\t\t\t<input type=\"submit\" name=\"wp-submit\" id=\"wp-submit\" class=\"button button-primary\" value=\"Bejelentkez\u00e9s\" \/>\n\t\t\t\t<input type=\"hidden\" name=\"redirect_to\" value=\"https:\/\/bonafidesinvest.eu\/hu\/wp-json\/wp\/v2\/pages\/2132\" \/>\n\t\t\t<\/p><\/form><\/div><\/div>","_links":{"self":[{"href":"https:\/\/bonafidesinvest.eu\/hu\/wp-json\/wp\/v2\/pages\/2132","targetHints":{"allow":["GET"]}}],"collection":[{"href":"https:\/\/bonafidesinvest.eu\/hu\/wp-json\/wp\/v2\/pages"}],"about":[{"href":"https:\/\/bonafidesinvest.eu\/hu\/wp-json\/wp\/v2\/types\/page"}],"author":[{"embeddable":true,"href":"https:\/\/bonafidesinvest.eu\/hu\/wp-json\/wp\/v2\/users\/1"}],"replies":[{"embeddable":true,"href":"https:\/\/bonafidesinvest.eu\/hu\/wp-json\/wp\/v2\/comments?post=2132"}],"version-history":[{"count":0,"href":"https:\/\/bonafidesinvest.eu\/hu\/wp-json\/wp\/v2\/pages\/2132\/revisions"}],"wp:attachment":[{"href":"https:\/\/bonafidesinvest.eu\/hu\/wp-json\/wp\/v2\/media?parent=2132"}],"curies":[{"name":"wp","href":"https:\/\/api.w.org\/{rel}","templated":true}]}}