{"id":7786,"date":"2024-02-13T17:27:54","date_gmt":"2024-02-13T15:27:54","guid":{"rendered":"https:\/\/bonafidesinvest.eu\/?page_id=7786"},"modified":"2024-03-16T03:16:28","modified_gmt":"2024-03-16T01:16:28","slug":"messages","status":"publish","type":"page","link":"https:\/\/bonafidesinvest.eu\/hr\/messages\/","title":{"rendered":"Poruke"},"content":{"rendered":"<div data-elementor-type=\"wp-page\" data-elementor-id=\"7786\" class=\"elementor elementor-7786\">\n\t\t\t\t\t\t<section class=\"elementor-section elementor-top-section elementor-element elementor-element-44765eb elementor-section-boxed elementor-section-height-default elementor-section-height-default\" data-id=\"44765eb\" data-element_type=\"section\" data-e-type=\"section\">\n\t\t\t\t\t\t<div class=\"elementor-container elementor-column-gap-default\">\n\t\t\t\t\t<div class=\"elementor-column elementor-col-100 elementor-top-column elementor-element elementor-element-fa4bf63\" data-id=\"fa4bf63\" data-element_type=\"column\" data-e-type=\"column\">\n\t\t\t<div class=\"elementor-widget-wrap elementor-element-populated\">\n\t\t\t\t\t\t<div class=\"elementor-element elementor-element-6a1881a elementor-widget elementor-widget-text-editor\" data-id=\"6a1881a\" data-element_type=\"widget\" data-e-type=\"widget\" data-widget_type=\"text-editor.default\">\n\t\t\t\t<div class=\"elementor-widget-container\">\n\t\t\t\t\t\t\t\t\t<p><span style=\"color: #000000;\">Pozdrav iz Bona Fides Investa!<\/span><\/p><p><span style=\"color: #000000;\">Hvala na narud\u017ebi!<\/span><\/p><p><span style=\"color: #000000;\">Va\u0161a narud\u017eba je na \u010dekanju dok ne zaprimimo Va\u0161u uplatu. Pojedinosti Va\u0161e narud\u017ebe prikazane su u nastavku:<\/span><\/p><h2>Podaci o narud\u017ebi<\/h2><table border=\"0\" width=\"100%\" cellspacing=\"0\" cellpadding=\"0\"><tbody><tr><td align=\"left\" valign=\"middle\"><h3><em><span style=\"color: #000000;\">Broj narud\u017ebe:<\/span><\/em><\/h3><\/td><td align=\"right\" valign=\"middle\"><h3><span style=\"color: #000000;\"><em>Datum narud\u017ebe:<\/em>\u00a0<\/span><\/h3><\/td><\/tr><\/tbody><\/table><div><div class=\"adm\"><div id=\"q_97\" class=\"ajR h4\" data-tooltip=\"Sakrivanje pro\u0161irenog sadr\u017eaja\" aria-label=\"Sakrivanje pro\u0161irenog sadr\u017eaja\" aria-expanded=\"true\"><div class=\"ajT\">\u00a0<\/div><\/div><\/div><div class=\"im\"><table border=\"0\" width=\"100%\" cellspacing=\"0\" cellpadding=\"6\"><thead><tr><th scope=\"col\" align=\"left\"><span style=\"color: #000000;\">Kampanja<\/span><\/th><th scope=\"col\" align=\"center\"><span style=\"color: #000000;\">Koli\u010dina<\/span><\/th><th scope=\"col\" align=\"right\"><span style=\"color: #000000;\">Cijena<\/span><\/th><\/tr><\/thead><\/table><p><span style=\"color: #000000;\">Hvala Vam na podr\u0161ci!<\/span><\/p><p><span style=\"color: #000000;\">Va\u0161a uplata je proknji\u017eena<\/span><\/p><p style=\"text-align: justify;\"><span style=\"color: #000000;\">Obavje\u0161tavamo Vas da je uplata proknji\u017eena na stranici kampanje.\u00a0<\/span><\/p><p style=\"text-align: justify;\"><span style=\"color: #000000;\"><strong>Digitalna zahvalnica<\/strong><\/span><br \/><span style=\"color: #000000;\">Svoju digitalnu zahvalnicu mo\u017eete preuzeti\u00a0<a style=\"color: #000000;\" href=\"https:\/\/bonafidesinvest.eu\/hr\/digital-thank-you-cards\/?customize_changeset_uuid=c75dad4d-2a69-4b01-9395-da689ff3dd0d&amp;customize_autosaved=on&amp;customize_messenger_channel=preview-2\">ovdje<\/a>. Nakon \u0161to preuzmete zahvalnicu i u nju upi\u0161ete ime, podijelite je na dru\u0161tvenim mre\u017eama sa svojim prijateljima kako biste ih potaknuli da podr\u017ee kampanju.<\/span><\/p><p style=\"text-align: justify;\"><span style=\"color: #000000;\">NAPOMENA:<\/span><br \/><span style=\"color: #000000;\">Za potrebe knjigovodstva poslovnih subjekata dovoljan je bankovni izvadak o pla\u0107anju i primjerak ovog maila kao potvrda primitka donacije. Donatori dodatno mogu preuzeti Obrazac potvrde o donaciji za poslovne subjekte koji se nalazi\u00a0<a style=\"color: #000000;\" href=\"https:\/\/bonafidesinvest.eu\/hr\/donation-confirmation-form-for-business-entities\/?customize_changeset_uuid=c75dad4d-2a69-4b01-9395-da689ff3dd0d&amp;customize_autosaved=on&amp;customize_messenger_channel=preview-2\">ovdje<\/a>\u00a0i vlastoru\u010dno ga ispuniti.<\/span><\/p><p style=\"text-align: justify;\"><span style=\"color: #000000;\">Gra\u0111ani mogu ostvariti odbitak poreza kao i poslovni subjekti. U tu svrhu potrebno je koristiti bankovni izvadak o pla\u0107anju i primjerak ovog maila kao potvrdu primitka donacije. Donatori dodatno mogu preuzeti Obrazac potvrde o donaciji za fizi\u010dke osobe koji se nalazi\u00a0<a style=\"color: #000000;\" href=\"https:\/\/bonafidesinvest.eu\/hr\/donation-confirmation-form-for-natural-persons\/?customize_changeset_uuid=c75dad4d-2a69-4b01-9395-da689ff3dd0d&amp;customize_autosaved=on&amp;customize_messenger_channel=preview-2\">ovdje<\/a>\u00a0i vlastoru\u010dno ga ispuniti.<\/span><\/p><p><span style=\"color: #000000;\">Podaci o podupiratelju kampanje<\/span><\/p><p><span style=\"color: #000000;\">Raduje nas \u0161to \u0107emo uskoro ispuniti Va\u0161u narud\u017ebu.<\/span><\/p><p><span style=\"color: #000000;\">Iznos u kunama dobiva se konverzijom cijene po fiksnom te\u010daju HNB-a:<br \/>1 EUR = 7,53450 HRK<\/span><\/p><p><span style=\"color: #000000;\">Va\u0161a narud\u017eba je primljena i sada je u obradi. Pojedinosti Va\u0161e narud\u017ebe prikazane su u nastavku:<\/span><\/p><p><span style=\"color: #000000;\">Hvala Vam!<\/span><\/p><h2><span style=\"color: #000000;\">Odabrana nagrada<\/span><\/h2><ul><li><span style=\"color: #000000;\">Iznos:\u00a0<u><\/u><\/span><\/li><li><span style=\"color: #000000;\">Dostava:<\/span><\/li><li><span style=\"color: #000000;\">Opis nagrade:\u00a0<\/span><\/li><\/ul><div><h3><span style=\"color: #000000;\">Dodatne informacije<\/span><\/h3><p><span style=\"color: #000000;\">Ozna\u010dite ako ne \u017eelite nagradu uz svoju donaciju: Da<\/span><\/p><\/div><\/div><\/div>\t\t\t\t\t\t\t\t<\/div>\n\t\t\t\t<\/div>\n\t\t\t\t\t<\/div>\n\t\t<\/div>\n\t\t\t\t\t<\/div>\n\t\t<\/section>\n\t\t\t\t<\/div>","protected":false},"excerpt":{"rendered":"<p>Hello from Bona Fides Invest! Thanks for your order! Your order is on-hold until we confirm payment has been received. Your order details are shown below for your reference: Order [&hellip;]<\/p>\n","protected":false},"author":1,"featured_media":0,"parent":0,"menu_order":0,"comment_status":"closed","ping_status":"closed","template":"","meta":{"footnotes":""},"class_list":["post-7786","page","type-page","status-publish","hentry"],"wpcf_dashboard":"<div class=\"woocommerce\"><div class=\"woocommerce-info\">Please log in first? <a class=\"wpneoShowLogin\" href=\"#\">Click here to login<\/a><\/div><div class=\"wpneo_login_form_div\" style=\"display: none;\"><form name=\"loginform\" id=\"loginform\" action=\"https:\/\/bonafidesinvest.eu\/wp-login.php\" method=\"post\"><p class=\"login-username\">\n\t\t\t\t<label for=\"user_login\">Korisni\u010dko ime ili adresa e-po\u0161te<\/label>\n\t\t\t\t<input type=\"text\" name=\"log\" id=\"user_login\" autocomplete=\"username\" class=\"input\" value=\"\" size=\"20\" \/>\n\t\t\t<\/p><p class=\"login-password\">\n\t\t\t\t<label for=\"user_pass\">Lozinka<\/label>\n\t\t\t\t<input type=\"password\" name=\"pwd\" id=\"user_pass\" autocomplete=\"current-password\" spellcheck=\"false\" class=\"input\" value=\"\" size=\"20\" \/>\n\t\t\t<\/p><p class=\"login-remember\"><label><input name=\"rememberme\" type=\"checkbox\" id=\"rememberme\" value=\"forever\" \/> Zapamti me<\/label><\/p><p class=\"login-submit\">\n\t\t\t\t<input type=\"submit\" name=\"wp-submit\" id=\"wp-submit\" class=\"button button-primary\" value=\"Prijava\" \/>\n\t\t\t\t<input type=\"hidden\" name=\"redirect_to\" value=\"https:\/\/bonafidesinvest.eu\/hr\/wp-json\/wp\/v2\/pages\/7786\" \/>\n\t\t\t<\/p><\/form><\/div><\/div>","_links":{"self":[{"href":"https:\/\/bonafidesinvest.eu\/hr\/wp-json\/wp\/v2\/pages\/7786","targetHints":{"allow":["GET"]}}],"collection":[{"href":"https:\/\/bonafidesinvest.eu\/hr\/wp-json\/wp\/v2\/pages"}],"about":[{"href":"https:\/\/bonafidesinvest.eu\/hr\/wp-json\/wp\/v2\/types\/page"}],"author":[{"embeddable":true,"href":"https:\/\/bonafidesinvest.eu\/hr\/wp-json\/wp\/v2\/users\/1"}],"replies":[{"embeddable":true,"href":"https:\/\/bonafidesinvest.eu\/hr\/wp-json\/wp\/v2\/comments?post=7786"}],"version-history":[{"count":0,"href":"https:\/\/bonafidesinvest.eu\/hr\/wp-json\/wp\/v2\/pages\/7786\/revisions"}],"wp:attachment":[{"href":"https:\/\/bonafidesinvest.eu\/hr\/wp-json\/wp\/v2\/media?parent=7786"}],"curies":[{"name":"wp","href":"https:\/\/api.w.org\/{rel}","templated":true}]}}