{"id":4942,"date":"2023-07-28T23:52:55","date_gmt":"2023-07-28T21:52:55","guid":{"rendered":"https:\/\/bonafidesinvest.eu\/?page_id=4942"},"modified":"2023-07-29T23:33:06","modified_gmt":"2023-07-29T21:33:06","slug":"faq","status":"publish","type":"page","link":"https:\/\/bonafidesinvest.eu\/hr\/faq\/","title":{"rendered":"Frequently Asked Questions"},"content":{"rendered":"<div data-elementor-type=\"wp-page\" data-elementor-id=\"4942\" class=\"elementor elementor-4942\">\n\t\t\t\t\t\t<section class=\"elementor-section elementor-top-section elementor-element elementor-element-231b4f0 elementor-section-boxed elementor-section-height-default elementor-section-height-default\" data-id=\"231b4f0\" data-element_type=\"section\" data-e-type=\"section\" data-settings=\"{&quot;background_background&quot;:&quot;classic&quot;}\">\n\t\t\t\t\t\t<div class=\"elementor-container elementor-column-gap-default\">\n\t\t\t\t\t<div class=\"elementor-column elementor-col-100 elementor-top-column elementor-element elementor-element-9160ba7\" data-id=\"9160ba7\" data-element_type=\"column\" data-e-type=\"column\">\n\t\t\t<div class=\"elementor-widget-wrap elementor-element-populated\">\n\t\t\t\t\t\t<div class=\"elementor-element elementor-element-47424a9 elementor-widget elementor-widget-gva-heading-block\" data-id=\"47424a9\" data-element_type=\"widget\" data-e-type=\"widget\" data-widget_type=\"gva-heading-block.default\">\n\t\t\t\t<div class=\"elementor-widget-container\">\n\t\t\t\t\t<div class=\"gva-element-gva-heading-block gva-element\">   <div class=\"align-center style-1 widget gsc-heading box-align-left auto-responsive\">\r\n      <div class=\"content-inner\">\r\n         \r\n         \r\n                     <div class=\"sub-title\">\r\n               <span class=\"tagline\">\u010cesta pitanja<\/span>\r\n                                 <span class=\"shadow-text\">Crowdfunding<\/span>\r\n                  \r\n            <\/div>\r\n           \r\n         \r\n                     <h2 class=\"title\">\r\n               <span>Frequently Asked Questions<\/span>\r\n            <\/h2>\r\n                              <div class=\"title-desc\">Got questions? We've got answers! Our FAQ page is the Sherlock Holmes of knowledge, solving your mysteries and leaving no question unanswered.<\/div>\r\n         \r\n         \r\n      <\/div>\r\n   <\/div>\r\n<\/div>\t\t\t\t<\/div>\n\t\t\t\t<\/div>\n\t\t\t\t<div class=\"elementor-element elementor-element-6bbc7c9 elementor-widget__width-initial elementor-widget elementor-widget-gva_icon_box_group\" data-id=\"6bbc7c9\" data-element_type=\"widget\" data-e-type=\"widget\" data-widget_type=\"gva_icon_box_group.default\">\n\t\t\t\t<div class=\"elementor-widget-container\">\n\t\t\t\t\t<div class=\"gva-element-gva_icon_box_group gva-element\">\r\n<div class=\"gsc-icon-box-group layout-grid style-1\">\r\n\t<div class=\"lg-block-grid-3 md-block-grid-3 sm-block-grid-2 xs-block-grid-1 xx-block-grid-1\">\r\n\t\t\t\t\t\r\n\t\t\t<div class=\"item-columns\">\r\n\t\t\t\t<div class=\"icon-box-item elementor-repeater-item-ac1090f active\">\r\n\t<div class=\"icon-box-content\">\r\n\t\t\r\n\t\t\t\t\t\r\n\t\t\t<div class=\"content-inner\">\r\n\t\t\t\t\t\t\t\t\t<h3 class=\"title\">What is Bona Fides Invest?<\/h3>\r\n\t\t\t\t\t\t\t\t\t\t\t\t\t<div class=\"desc\">Bona Fides Invest je fintech sa sjedi\u0161tem u Europskoj uniji koji globalno poma\u017ee pojedincima i organizacijama u financiranju njihovih projekata putem crowdfundinga.<\/div>\r\n\t\t\t\t\t\t\t<\/div>\t\r\n\r\n\t\t\t\r\n\r\n\t<\/div>  \t\r\n\t<\/div>\t\t\t<\/div>\r\n\r\n\t\t\t\t\t\r\n\t\t\t<div class=\"item-columns\">\r\n\t\t\t\t<div class=\"icon-box-item elementor-repeater-item-521f557 active\">\r\n\t<div class=\"icon-box-content\">\r\n\t\t\r\n\t\t\t\t\t\r\n\t\t\t<div class=\"content-inner\">\r\n\t\t\t\t\t\t\t\t\t<h3 class=\"title\">What is crowdfunding?<\/h3>\r\n\t\t\t\t\t\t\t\t\t\t\t\t\t<div class=\"desc\">Crowdfunding is an innovative and democratic project financing model that involves the public presentation of a venture, usually via an online platform, and enabling citizens to invest money in it for altruistic reasons or with the aim of making a profit or gaining some other benefit. It is possible to use several investment models: donations, purchase with time distance, loans, investment in equity shares, investment in profit shares, and hybrid models. - Definition by Zoran Rajn, CEO of International Crowdfunding Center (ICFC)<\/div>\r\n\t\t\t\t\t\t\t<\/div>\t\r\n\r\n\t\t\t\r\n\r\n\t<\/div>  \t\r\n\t<\/div>\t\t\t<\/div>\r\n\r\n\t\t\t\t\t\r\n\t\t\t<div class=\"item-columns\">\r\n\t\t\t\t<div class=\"icon-box-item elementor-repeater-item-2200e1b active\">\r\n\t<div class=\"icon-box-content\">\r\n\t\t\r\n\t\t\t\t\t\r\n\t\t\t<div class=\"content-inner\">\r\n\t\t\t\t\t\t\t\t\t<h3 class=\"title\">Why crowdfunding?<\/h3>\r\n\t\t\t\t\t\t\t\t\t\t\t\t\t<div class=\"desc\">Crowdfunding has become crucial because it enables easier financing of initiatives, whether they are in their early stages of growth or maturity. The World Bank predicts that by 2025, crowdfunding will generate annual investments of $95 billion, with some sources putting the figure as high as $300 billion.<\/div>\r\n\t\t\t\t\t\t\t<\/div>\t\r\n\r\n\t\t\t\r\n\r\n\t<\/div>  \t\r\n\t<\/div>\t\t\t<\/div>\r\n\r\n\t\t\t\t\t\r\n\t\t\t<div class=\"item-columns\">\r\n\t\t\t\t<div class=\"icon-box-item elementor-repeater-item-ec54124 active\">\r\n\t<div class=\"icon-box-content\">\r\n\t\t\r\n\t\t\t\t\t\r\n\t\t\t<div class=\"content-inner\">\r\n\t\t\t\t\t\t\t\t\t<h3 class=\"title\">Who can use the platform?<\/h3>\r\n\t\t\t\t\t\t\t\t\t\t\t\t\t<div class=\"desc\">The Bona Fides Invest platform can be used by all individuals (natural persons, crafts, handicrafts, secondary occupations, freelancers, family farms, etc.) and legal entities (companies, cooperatives, NGOs, foundations, private institutions, financial institutions, intergovernmental organizations (IGOs), public bodies, state agencies, ministries, chambers, embassies, cities, municipalities, kindergartens, schools, colleges, universities, etc.). All users of the platform must be of legal age, i.e., fully capable of doing business.<\/div>\r\n\t\t\t\t\t\t\t<\/div>\t\r\n\r\n\t\t\t\r\n\r\n\t<\/div>  \t\r\n\t<\/div>\t\t\t<\/div>\r\n\r\n\t\t\t\t\t\r\n\t\t\t<div class=\"item-columns\">\r\n\t\t\t\t<div class=\"icon-box-item elementor-repeater-item-fd7cb47 active\">\r\n\t<div class=\"icon-box-content\">\r\n\t\t\r\n\t\t\t\t\t\r\n\t\t\t<div class=\"content-inner\">\r\n\t\t\t\t\t\t\t\t\t<h3 class=\"title\">Which countries are supported?<\/h3>\r\n\t\t\t\t\t\t\t\t\t\t\t\t\t<div class=\"desc\">We operate on all continents in 196 countries. Our crowdfunding platform welcomes creative minds from every corner of the globe!<\/div>\r\n\t\t\t\t\t\t\t<\/div>\t\r\n\r\n\t\t\t\r\n\r\n\t<\/div>  \t\r\n\t<\/div>\t\t\t<\/div>\r\n\r\n\t\t\t\t\t\r\n\t\t\t<div class=\"item-columns\">\r\n\t\t\t\t<div class=\"icon-box-item elementor-repeater-item-b9aa229 active\">\r\n\t<div class=\"icon-box-content\">\r\n\t\t\r\n\t\t\t\t\t\r\n\t\t\t<div class=\"content-inner\">\r\n\t\t\t\t\t\t\t\t\t<h3 class=\"title\">What types of projects are allowed on the platform?<\/h3>\r\n\t\t\t\t\t\t\t\t\t\t\t\t\t<div class=\"desc\">We welcome a wide range of projects - business projects, community initiatives, charity causes, personal fundraising, etc. The key is that the project and team must comply with our ethical guidelines and terms of use. Here you can read about our ethics: https:\/\/bonafidesinvest.eu\/our-ethics\/<\/div>\r\n\t\t\t\t\t\t\t<\/div>\t\r\n\r\n\t\t\t\r\n\r\n\t<\/div>  \t\r\n\t\t\t  <a href=\"https:\/\/bonafidesinvest.eu\/hr\/our-ethics\/\" class=\"link-overlay\">\r\n\t\t\t \t\t  <\/a>\r\n\t\t  <\/div>\t\t\t<\/div>\r\n\r\n\t\t\t\t\t\r\n\t\t\t<div class=\"item-columns\">\r\n\t\t\t\t<div class=\"icon-box-item elementor-repeater-item-eef7993 active\">\r\n\t<div class=\"icon-box-content\">\r\n\t\t\r\n\t\t\t\t\t\r\n\t\t\t<div class=\"content-inner\">\r\n\t\t\t\t\t\t\t\t\t<h3 class=\"title\">What steps are required to start the campaign?<\/h3>\r\n\t\t\t\t\t\t\t\t\t\t\t\t\t<div class=\"desc\">To start the campaign, choose a price model and email a project summary to info@bonafidesinvest.eu. After that, you will receive further instructions from our customer support.<\/div>\r\n\t\t\t\t\t\t\t<\/div>\t\r\n\r\n\t\t\t\r\n\r\n\t<\/div>  \t\r\n\t<\/div>\t\t\t<\/div>\r\n\r\n\t\t\t\t\t\r\n\t\t\t<div class=\"item-columns\">\r\n\t\t\t\t<div class=\"icon-box-item elementor-repeater-item-d0e1c12 active\">\r\n\t<div class=\"icon-box-content\">\r\n\t\t\r\n\t\t\t\t\t\r\n\t\t\t<div class=\"content-inner\">\r\n\t\t\t\t\t\t\t\t\t<h3 class=\"title\">How long does it take for a project to be reviewed and approved?<\/h3>\r\n\t\t\t\t\t\t\t\t\t\t\t\t\t<div class=\"desc\">After submitting your project for review, our team will carefully assess it to ensure it meets our guidelines and terms of use. The review process typically takes a few business days, but it may vary depending on the complexity of the project. In some special circumstances, the project may be authorized the same day it is submitted.<\/div>\r\n\t\t\t\t\t\t\t<\/div>\t\r\n\r\n\t\t\t\r\n\r\n\t<\/div>  \t\r\n\t<\/div>\t\t\t<\/div>\r\n\r\n\t\t\t\t\t\r\n\t\t\t<div class=\"item-columns\">\r\n\t\t\t\t<div class=\"icon-box-item elementor-repeater-item-5dadd4b active\">\r\n\t<div class=\"icon-box-content\">\r\n\t\t\r\n\t\t\t\t\t\r\n\t\t\t<div class=\"content-inner\">\r\n\t\t\t\t\t\t\t\t\t<h3 class=\"title\">What are the obligations of campaign creators?<\/h3>\r\n\t\t\t\t\t\t\t\t\t\t\t\t\t<div class=\"desc\">Campaign creators are obliged: 1) to provide any information regarding the project and team requested by the platform; 2) to answer every question from investors; 3) show investors what rights and obligations arise for them from investing; 4) to respect the commitments and deadlines towards the investors; 5) spend money in the exact way shown in the project budget; 6) take care of compliance with laws and other regulations.<\/div>\r\n\t\t\t\t\t\t\t<\/div>\t\r\n\r\n\t\t\t\r\n\r\n\t<\/div>  \t\r\n\t<\/div>\t\t\t<\/div>\r\n\r\n\t\t\t\t\t\r\n\t\t\t<div class=\"item-columns\">\r\n\t\t\t\t<div class=\"icon-box-item elementor-repeater-item-d4b04b3 active\">\r\n\t<div class=\"icon-box-content\">\r\n\t\t\r\n\t\t\t\t\t\r\n\t\t\t<div class=\"content-inner\">\r\n\t\t\t\t\t\t\t\t\t<h3 class=\"title\">How long can fundraising take?<\/h3>\r\n\t\t\t\t\t\t\t\t\t\t\t\t\t<div class=\"desc\">Each user freely chooses how long the campaign will last.<\/div>\r\n\t\t\t\t\t\t\t<\/div>\t\r\n\r\n\t\t\t\r\n\r\n\t<\/div>  \t\r\n\t<\/div>\t\t\t<\/div>\r\n\r\n\t\t\t\t\t\r\n\t\t\t<div class=\"item-columns\">\r\n\t\t\t\t<div class=\"icon-box-item elementor-repeater-item-ae7c867 active\">\r\n\t<div class=\"icon-box-content\">\r\n\t\t\r\n\t\t\t\t\t\r\n\t\t\t<div class=\"content-inner\">\r\n\t\t\t\t\t\t\t\t\t<h3 class=\"title\">Does the platform use a fixed or flexible funding model?<\/h3>\r\n\t\t\t\t\t\t\t\t\t\t\t\t\t<div class=\"desc\">Bona Fides Invest uses both models.<\/div>\r\n\t\t\t\t\t\t\t<\/div>\t\r\n\r\n\t\t\t\r\n\r\n\t<\/div>  \t\r\n\t<\/div>\t\t\t<\/div>\r\n\r\n\t\t\t\t\t\r\n\t\t\t<div class=\"item-columns\">\r\n\t\t\t\t<div class=\"icon-box-item elementor-repeater-item-8393f50 active\">\r\n\t<div class=\"icon-box-content\">\r\n\t\t\r\n\t\t\t\t\t\r\n\t\t\t<div class=\"content-inner\">\r\n\t\t\t\t\t\t\t\t\t<h3 class=\"title\">What is fixed model?<\/h3>\r\n\t\t\t\t\t\t\t\t\t\t\t\t\t<div class=\"desc\">In the fixed model, the campaign creator sets a specific funding goal that they must reach within a predetermined timeframe. Backers' credit cards are charged only if the project reaches its funding goal by the end of the campaign. If the goal is not met, no money is collected, and backers' cards are not charged. <\/div>\r\n\t\t\t\t\t\t\t<\/div>\t\r\n\r\n\t\t\t\r\n\r\n\t<\/div>  \t\r\n\t<\/div>\t\t\t<\/div>\r\n\r\n\t\t\t\t\t\r\n\t\t\t<div class=\"item-columns\">\r\n\t\t\t\t<div class=\"icon-box-item elementor-repeater-item-3b398e7 active\">\r\n\t<div class=\"icon-box-content\">\r\n\t\t\r\n\t\t\t\t\t\r\n\t\t\t<div class=\"content-inner\">\r\n\t\t\t\t\t\t\t\t\t<h3 class=\"title\">What is flexible model?<\/h3>\r\n\t\t\t\t\t\t\t\t\t\t\t\t\t<div class=\"desc\">The flexible model, also known as the \"keep-it-all\" model, allows campaign creators to receive the funds they have raised regardless of whether they reach their initial funding goal. Backers' credit cards are charged immediately after making a pledge, regardless of whether the campaign reaches its funding goal or not. Even if the project falls short of the target, the creator can still access the funds and use them to proceed with their project. <\/div>\r\n\t\t\t\t\t\t\t<\/div>\t\r\n\r\n\t\t\t\r\n\r\n\t<\/div>  \t\r\n\t<\/div>\t\t\t<\/div>\r\n\r\n\t\t\t\t\t\r\n\t\t\t<div class=\"item-columns\">\r\n\t\t\t\t<div class=\"icon-box-item elementor-repeater-item-f7fcd3b active\">\r\n\t<div class=\"icon-box-content\">\r\n\t\t\r\n\t\t\t\t\t\r\n\t\t\t<div class=\"content-inner\">\r\n\t\t\t\t\t\t\t\t\t<h3 class=\"title\">What methods of payment does Bona Fides Invest accept?<\/h3>\r\n\t\t\t\t\t\t\t\t\t\t\t\t\t<div class=\"desc\">Through the Bona Fides Invest platform, it is possible to make payments through five different channels: 1) Visa, MasterCard, and Maestro cards; 2) Aircash; 3) KEKS Pay; 4) Cryptocurrencies via Paycek; 5) General payment slip or internet\/mobile banking.<\/div>\r\n\t\t\t\t\t\t\t<\/div>\t\r\n\r\n\t\t\t\r\n\r\n\t<\/div>  \t\r\n\t<\/div>\t\t\t<\/div>\r\n\r\n\t\t\t\t\t\r\n\t\t\t<div class=\"item-columns\">\r\n\t\t\t\t<div class=\"icon-box-item elementor-repeater-item-f6fa8da active\">\r\n\t<div class=\"icon-box-content\">\r\n\t\t\r\n\t\t\t\t\t\r\n\t\t\t<div class=\"content-inner\">\r\n\t\t\t\t\t\t\t\t\t<h3 class=\"title\">How much does it cost to use the platform?<\/h3>\r\n\t\t\t\t\t\t\t\t\t\t\t\t\t<div class=\"desc\">The platform uses four pricing models - Education Model, Best Buy Model, Challenge Model and Turnkey Model. See more information about them here: https:\/\/bonafidesinvest.eu\/pricing\/<\/div>\r\n\t\t\t\t\t\t\t<\/div>\t\r\n\r\n\t\t\t\r\n\r\n\t<\/div>  \t\r\n\t\t\t  <a href=\"https:\/\/bonafidesinvest.eu\/hr\/pricing\/\" class=\"link-overlay\">\r\n\t\t\t \t\t  <\/a>\r\n\t\t  <\/div>\t\t\t<\/div>\r\n\r\n\t\t\t\t\t\r\n\t\t\t<div class=\"item-columns\">\r\n\t\t\t\t<div class=\"icon-box-item elementor-repeater-item-830f20e active\">\r\n\t<div class=\"icon-box-content\">\r\n\t\t\r\n\t\t\t\t\t\r\n\t\t\t<div class=\"content-inner\">\r\n\t\t\t\t\t\t\t\t\t<h3 class=\"title\">Is there a discount available for using the platform?<\/h3>\r\n\t\t\t\t\t\t\t\t\t\t\t\t\t<div class=\"desc\">Certain user groups are eligible for discounts. Here's additional information on discounts: https:\/\/bonafidesinvest.eu\/social-responsibility\/<\/div>\r\n\t\t\t\t\t\t\t<\/div>\t\r\n\r\n\t\t\t\r\n\r\n\t<\/div>  \t\r\n\t\t\t  <a href=\"https:\/\/bonafidesinvest.eu\/hr\/social-responsibility\/\" class=\"link-overlay\">\r\n\t\t\t \t\t  <\/a>\r\n\t\t  <\/div>\t\t\t<\/div>\r\n\r\n\t\t\t\t\t\r\n\t\t\t<div class=\"item-columns\">\r\n\t\t\t\t<div class=\"icon-box-item elementor-repeater-item-7d3ab69 active\">\r\n\t<div class=\"icon-box-content\">\r\n\t\t\r\n\t\t\t\t\t\r\n\t\t\t<div class=\"content-inner\">\r\n\t\t\t\t\t\t\t\t\t<h3 class=\"title\">How do I back a campaign?<\/h3>\r\n\t\t\t\t\t\t\t\t\t\t\t\t\t<div class=\"desc\">To back a campaign, simply find a project that resonates with you and choose your financing model. You can then securely make your contribution through our platform using various payment methods.<\/div>\r\n\t\t\t\t\t\t\t<\/div>\t\r\n\r\n\t\t\t\r\n\r\n\t<\/div>  \t\r\n\t<\/div>\t\t\t<\/div>\r\n\r\n\t\t\t\t\t\r\n\t\t\t<div class=\"item-columns\">\r\n\t\t\t\t<div class=\"icon-box-item elementor-repeater-item-0e8f2e5 active\">\r\n\t<div class=\"icon-box-content\">\r\n\t\t\r\n\t\t\t\t\t\r\n\t\t\t<div class=\"content-inner\">\r\n\t\t\t\t\t\t\t\t\t<h3 class=\"title\">Is my payment information secure?<\/h3>\r\n\t\t\t\t\t\t\t\t\t\t\t\t\t<div class=\"desc\">Yes, Bona Fides Invest takes the security and privacy of your payment information seriously. We use secure payment gateways and encryption protocols to ensure the safety of your transactions.<\/div>\r\n\t\t\t\t\t\t\t<\/div>\t\r\n\r\n\t\t\t\r\n\r\n\t<\/div>  \t\r\n\t<\/div>\t\t\t<\/div>\r\n\r\n\t\t\t\t\t\r\n\t\t\t<div class=\"item-columns\">\r\n\t\t\t\t<div class=\"icon-box-item elementor-repeater-item-1a95ba9 active\">\r\n\t<div class=\"icon-box-content\">\r\n\t\t\r\n\t\t\t\t\t\r\n\t\t\t<div class=\"content-inner\">\r\n\t\t\t\t\t\t\t\t\t<h3 class=\"title\">How does Bona Fides Invest ensure the authenticity of projects and project creators?<\/h3>\r\n\t\t\t\t\t\t\t\t\t\t\t\t\t<div class=\"desc\">Bona Fides Invest takes complex measures to ensure the legitimacy and authenticity of projects and project creators. We review each project submission to verify the identity and intentions of the creator. Additionally, our community of backers plays a role in reporting any suspicious or misleading campaigns.<\/div>\r\n\t\t\t\t\t\t\t<\/div>\t\r\n\r\n\t\t\t\r\n\r\n\t<\/div>  \t\r\n\t<\/div>\t\t\t<\/div>\r\n\r\n\t\t\t\t\t\r\n\t\t\t<div class=\"item-columns\">\r\n\t\t\t\t<div class=\"icon-box-item elementor-repeater-item-fd55ca8 active\">\r\n\t<div class=\"icon-box-content\">\r\n\t\t\r\n\t\t\t\t\t\r\n\t\t\t<div class=\"content-inner\">\r\n\t\t\t\t\t\t\t\t\t<h3 class=\"title\"> Can I cancel my pledge after backing a project? <\/h3>\r\n\t\t\t\t\t\t\t\t\t\t\t\t\t<div class=\"desc\">Only during the campaign can the pledge be cancelled. Cancellation is not allowed after the campaign has ended.  However, if there are extenuating circumstances, you can contact the project creator to discuss your situation. <\/div>\r\n\t\t\t\t\t\t\t<\/div>\t\r\n\r\n\t\t\t\r\n\r\n\t<\/div>  \t\r\n\t<\/div>\t\t\t<\/div>\r\n\r\n\t\t\t\t\t\r\n\t\t\t<div class=\"item-columns\">\r\n\t\t\t\t<div class=\"icon-box-item elementor-repeater-item-30d2679 active\">\r\n\t<div class=\"icon-box-content\">\r\n\t\t\r\n\t\t\t\t\t\r\n\t\t\t<div class=\"content-inner\">\r\n\t\t\t\t\t\t\t\t\t<h3 class=\"title\">How do I receive my rewards as a backer?<\/h3>\r\n\t\t\t\t\t\t\t\t\t\t\t\t\t<div class=\"desc\">Once a project is successfully funded, project creators will communicate with backers to collect necessary information and deliver rewards. Project creators are solely responsible for fulfilling the promises made to backers and delivering the project as described.<\/div>\r\n\t\t\t\t\t\t\t<\/div>\t\r\n\r\n\t\t\t\r\n\r\n\t<\/div>  \t\r\n\t<\/div>\t\t\t<\/div>\r\n\r\n\t\t\t\t\t\r\n\t\t\t<div class=\"item-columns\">\r\n\t\t\t\t<div class=\"icon-box-item elementor-repeater-item-b4aab4c active\">\r\n\t<div class=\"icon-box-content\">\r\n\t\t\r\n\t\t\t\t\t\r\n\t\t\t<div class=\"content-inner\">\r\n\t\t\t\t\t\t\t\t\t<h3 class=\"title\">Is there a limit to the number of projects I can back?<\/h3>\r\n\t\t\t\t\t\t\t\t\t\t\t\t\t<div class=\"desc\">No, there is no limit to the number of projects you can back. You can support as many projects as you wish, depending on your interests and budget.\n\n<\/div>\r\n\t\t\t\t\t\t\t<\/div>\t\r\n\r\n\t\t\t\r\n\r\n\t<\/div>  \t\r\n\t<\/div>\t\t\t<\/div>\r\n\r\n\t\t\t\t\t\r\n\t\t\t<div class=\"item-columns\">\r\n\t\t\t\t<div class=\"icon-box-item elementor-repeater-item-63e54bb active\">\r\n\t<div class=\"icon-box-content\">\r\n\t\t\r\n\t\t\t\t\t\r\n\t\t\t<div class=\"content-inner\">\r\n\t\t\t\t\t\t\t\t\t<h3 class=\"title\">How can I stay updated on new projects and campaigns?<\/h3>\r\n\t\t\t\t\t\t\t\t\t\t\t\t\t<div class=\"desc\">To stay informed about new projects and campaigns, you can subscribe to our newsletter and follow us on social media platforms. You will receive regular updates on the latest projects and exciting opportunities to support innovative ideas.<\/div>\r\n\t\t\t\t\t\t\t<\/div>\t\r\n\r\n\t\t\t\r\n\r\n\t<\/div>  \t\r\n\t<\/div>\t\t\t<\/div>\r\n\r\n\t\t\t\t\t\r\n\t\t\t<div class=\"item-columns\">\r\n\t\t\t\t<div class=\"icon-box-item elementor-repeater-item-849a6cd active\">\r\n\t<div class=\"icon-box-content\">\r\n\t\t\r\n\t\t\t\t\t\r\n\t\t\t<div class=\"content-inner\">\r\n\t\t\t\t\t\t\t\t\t<h3 class=\"title\">How can I contact Bona Fides Invest for support?<\/h3>\r\n\t\t\t\t\t\t\t\t\t\t\t\t\t<div class=\"desc\">For any questions, concerns, or technical issues, you can reach out to our customer support team through our contact page on the website. We are always here to assist you on your crowdfunding journey.<\/div>\r\n\t\t\t\t\t\t\t<\/div>\t\r\n\r\n\t\t\t\r\n\r\n\t<\/div>  \t\r\n\t<\/div>\t\t\t<\/div>\r\n\r\n\t\t\t<\/div>   \r\n<\/div>\r\n<\/div>\t\t\t\t<\/div>\n\t\t\t\t<\/div>\n\t\t\t\t<div class=\"elementor-element elementor-element-318ff83 elementor-widget elementor-widget-text-editor\" data-id=\"318ff83\" data-element_type=\"widget\" data-e-type=\"widget\" data-widget_type=\"text-editor.default\">\n\t\t\t\t<div class=\"elementor-widget-container\">\n\t\t\t\t\t\t\t\t\t<p style=\"text-align: left;\"><span style=\"color: #000000;\">Have more questions? Feel free to reach out to us anytime! Our team is eager to assist you in any way possible. Happy crowdfunding!<\/span><\/p>\t\t\t\t\t\t\t\t<\/div>\n\t\t\t\t<\/div>\n\t\t\t\t\t<\/div>\n\t\t<\/div>\n\t\t\t\t\t<\/div>\n\t\t<\/section>\n\t\t\t\t<section class=\"elementor-section elementor-top-section elementor-element elementor-element-45d71a4 elementor-section-boxed elementor-section-height-default elementor-section-height-default\" data-id=\"45d71a4\" data-element_type=\"section\" data-e-type=\"section\" data-settings=\"{&quot;background_background&quot;:&quot;classic&quot;}\">\n\t\t\t\t\t\t<div class=\"elementor-container elementor-column-gap-default\">\n\t\t\t\t\t<div class=\"elementor-column elementor-col-50 elementor-top-column elementor-element elementor-element-1ac978d\" data-id=\"1ac978d\" data-element_type=\"column\" data-e-type=\"column\">\n\t\t\t<div class=\"elementor-widget-wrap elementor-element-populated\">\n\t\t\t\t\t\t<div class=\"elementor-element elementor-element-7656865 elementor-widget elementor-widget-gva-heading-block\" data-id=\"7656865\" data-element_type=\"widget\" data-e-type=\"widget\" data-widget_type=\"gva-heading-block.default\">\n\t\t\t\t<div class=\"elementor-widget-container\">\n\t\t\t\t\t<div class=\"gva-element-gva-heading-block gva-element\">   <div class=\"align-left style-1 widget gsc-heading box-align-left auto-responsive\">\r\n      <div class=\"content-inner\">\r\n         \r\n         \r\n                     <div class=\"sub-title\">\r\n               <span class=\"tagline\">Jedinstvena crowdfunding metodologija poput otiska prsta<\/span>\r\n                                 <span class=\"shadow-text\">Originalno<\/span>\r\n                  \r\n            <\/div>\r\n           \r\n         \r\n                     <h2 class=\"title\">\r\n               <span>Did you know that the Croatian Ivan Vu\u010deti\u0107 invented the fingerprinting technique called dactyloscopy?<\/span>\r\n            <\/h2>\r\n                  \r\n                     <div class=\"heading-action\">\r\n               \t\t  <a href=\"https:\/\/bonafidesinvest.eu\/hr\/how-it-works\/\" class=\"btn-cta btn-theme\">\r\n\t\t\t <span>Nau\u010dite vi\u0161e o na\u0161em procesu<\/span>\r\n\t\t  <\/a>\r\n\r\n\t\t              <\/div>\r\n         \r\n      <\/div>\r\n   <\/div>\r\n<\/div>\t\t\t\t<\/div>\n\t\t\t\t<\/div>\n\t\t\t\t\t<\/div>\n\t\t<\/div>\n\t\t\t\t<div class=\"elementor-column elementor-col-50 elementor-top-column elementor-element elementor-element-306238b\" data-id=\"306238b\" data-element_type=\"column\" data-e-type=\"column\">\n\t\t\t<div class=\"elementor-widget-wrap elementor-element-populated\">\n\t\t\t\t\t\t<div class=\"elementor-element elementor-element-055bde8 elementor-widget__width-auto elementor-widget elementor-widget-html\" data-id=\"055bde8\" data-element_type=\"widget\" data-e-type=\"widget\" data-widget_type=\"html.default\">\n\t\t\t\t<div class=\"elementor-widget-container\">\n\t\t\t\t\t<a class=\"btn-border-white\" href=\"https:\/\/bonafidesinvest.eu\/hr\/how-it-works\/\">\n    Start\n<\/a>\t\t\t\t<\/div>\n\t\t\t\t<\/div>\n\t\t\t\t\t<\/div>\n\t\t<\/div>\n\t\t\t\t\t<\/div>\n\t\t<\/section>\n\t\t\t\t<\/div>","protected":false},"excerpt":{"rendered":"<p>FAQ Crowdfunding Frequently Asked Questions Got questions? We&#8217;ve got answers! Our FAQ page is the Sherlock Holmes of knowledge, solving your mysteries and leaving no question unanswered. What is Bona [&hellip;]<\/p>\n","protected":false},"author":1,"featured_media":0,"parent":0,"menu_order":0,"comment_status":"closed","ping_status":"closed","template":"","meta":{"footnotes":""},"class_list":["post-4942","page","type-page","status-publish","hentry"],"wpcf_dashboard":"<div class=\"woocommerce\"><div class=\"woocommerce-info\">Please log in first? <a class=\"wpneoShowLogin\" href=\"#\">Click here to login<\/a><\/div><div class=\"wpneo_login_form_div\" style=\"display: none;\"><form name=\"loginform\" id=\"loginform\" action=\"https:\/\/bonafidesinvest.eu\/wp-login.php\" method=\"post\"><p class=\"login-username\">\n\t\t\t\t<label for=\"user_login\">Korisni\u010dko ime ili adresa e-po\u0161te<\/label>\n\t\t\t\t<input type=\"text\" name=\"log\" id=\"user_login\" autocomplete=\"username\" class=\"input\" value=\"\" size=\"20\" \/>\n\t\t\t<\/p><p class=\"login-password\">\n\t\t\t\t<label for=\"user_pass\">Lozinka<\/label>\n\t\t\t\t<input type=\"password\" name=\"pwd\" id=\"user_pass\" autocomplete=\"current-password\" spellcheck=\"false\" class=\"input\" value=\"\" size=\"20\" \/>\n\t\t\t<\/p><p class=\"login-remember\"><label><input name=\"rememberme\" type=\"checkbox\" id=\"rememberme\" value=\"forever\" \/> Zapamti me<\/label><\/p><p class=\"login-submit\">\n\t\t\t\t<input type=\"submit\" name=\"wp-submit\" id=\"wp-submit\" class=\"button button-primary\" value=\"Prijava\" \/>\n\t\t\t\t<input type=\"hidden\" name=\"redirect_to\" value=\"https:\/\/bonafidesinvest.eu\/hr\/wp-json\/wp\/v2\/pages\/4942\" \/>\n\t\t\t<\/p><\/form><\/div><\/div>","_links":{"self":[{"href":"https:\/\/bonafidesinvest.eu\/hr\/wp-json\/wp\/v2\/pages\/4942","targetHints":{"allow":["GET"]}}],"collection":[{"href":"https:\/\/bonafidesinvest.eu\/hr\/wp-json\/wp\/v2\/pages"}],"about":[{"href":"https:\/\/bonafidesinvest.eu\/hr\/wp-json\/wp\/v2\/types\/page"}],"author":[{"embeddable":true,"href":"https:\/\/bonafidesinvest.eu\/hr\/wp-json\/wp\/v2\/users\/1"}],"replies":[{"embeddable":true,"href":"https:\/\/bonafidesinvest.eu\/hr\/wp-json\/wp\/v2\/comments?post=4942"}],"version-history":[{"count":0,"href":"https:\/\/bonafidesinvest.eu\/hr\/wp-json\/wp\/v2\/pages\/4942\/revisions"}],"wp:attachment":[{"href":"https:\/\/bonafidesinvest.eu\/hr\/wp-json\/wp\/v2\/media?parent=4942"}],"curies":[{"name":"wp","href":"https:\/\/api.w.org\/{rel}","templated":true}]}}