{"id":3223,"date":"2023-05-02T03:04:34","date_gmt":"2023-05-02T01:04:34","guid":{"rendered":"https:\/\/bonafidesinvest.eu\/?page_id=3223"},"modified":"2025-03-24T23:28:41","modified_gmt":"2025-03-24T21:28:41","slug":"digital-thank-you-cards","status":"publish","type":"page","link":"https:\/\/bonafidesinvest.eu\/hr\/digital-thank-you-cards\/","title":{"rendered":"Digitalne zahvalnice"},"content":{"rendered":"<div data-elementor-type=\"wp-page\" data-elementor-id=\"3223\" class=\"elementor elementor-3223\">\n\t\t\t\t\t\t<section class=\"elementor-section elementor-top-section elementor-element elementor-element-680166c elementor-section-boxed elementor-section-height-default elementor-section-height-default\" data-id=\"680166c\" data-element_type=\"section\" data-e-type=\"section\" data-settings=\"{&quot;background_background&quot;:&quot;classic&quot;}\">\n\t\t\t\t\t\t<div class=\"elementor-container elementor-column-gap-default\">\n\t\t\t\t\t<div class=\"elementor-column elementor-col-100 elementor-top-column elementor-element elementor-element-a0ac9b0\" data-id=\"a0ac9b0\" data-element_type=\"column\" data-e-type=\"column\">\n\t\t\t<div class=\"elementor-widget-wrap elementor-element-populated\">\n\t\t\t\t\t\t<div class=\"elementor-element elementor-element-8e6fbe8 elementor-widget elementor-widget-gva-heading-block\" data-id=\"8e6fbe8\" data-element_type=\"widget\" data-e-type=\"widget\" data-widget_type=\"gva-heading-block.default\">\n\t\t\t\t<div class=\"elementor-widget-container\">\n\t\t\t\t\t<div class=\"gva-element-gva-heading-block gva-element\">   <div class=\"align-center style-1 widget gsc-heading box-align-left auto-responsive\">\r\n      <div class=\"content-inner\">\r\n         \r\n         \r\n                     <div class=\"sub-title\">\r\n               <span class=\"tagline\">HVALA VAM<\/span>\r\n                                 <span class=\"shadow-text\">Zahvalnost<\/span>\r\n                  \r\n            <\/div>\r\n           \r\n         \r\n                     <h2 class=\"title\">\r\n               <span>Digitalne zahvalnice<\/span>\r\n            <\/h2>\r\n                  \r\n         \r\n      <\/div>\r\n   <\/div>\r\n<\/div>\t\t\t\t<\/div>\n\t\t\t\t<\/div>\n\t\t\t\t<div class=\"elementor-element elementor-element-7b7a5ea elementor-widget elementor-widget-text-editor\" data-id=\"7b7a5ea\" data-element_type=\"widget\" data-e-type=\"widget\" data-widget_type=\"text-editor.default\">\n\t\t\t\t<div class=\"elementor-widget-container\">\n\t\t\t\t\t\t\t\t\t<p style=\"text-align: center;\"><span style=\"color: #000000;\">Ako na popisu nema zahvalnice od kampanje za koju ste izvr\u0161ili uplatu, pokreta\u010di kampanje \u0107e je sami dostaviti nakon zavr\u0161etka kampanje.<\/span><\/p>\t\t\t\t\t\t\t\t<\/div>\n\t\t\t\t<\/div>\n\t\t\t\t\t<\/div>\n\t\t<\/div>\n\t\t\t\t\t<\/div>\n\t\t<\/section>\n\t\t\t\t<section class=\"elementor-section elementor-top-section elementor-element elementor-element-b9e06b9 elementor-section-boxed elementor-section-height-default elementor-section-height-default\" data-id=\"b9e06b9\" data-element_type=\"section\" data-e-type=\"section\">\n\t\t\t\t\t\t<div class=\"elementor-container elementor-column-gap-default\">\n\t\t\t\t\t<div class=\"elementor-column elementor-col-100 elementor-top-column elementor-element elementor-element-4593459\" data-id=\"4593459\" data-element_type=\"column\" data-e-type=\"column\">\n\t\t\t<div class=\"elementor-widget-wrap elementor-element-populated\">\n\t\t\t\t\t\t<div class=\"elementor-element elementor-element-4a460f0 elementor-widget elementor-widget-text-editor\" data-id=\"4a460f0\" data-element_type=\"widget\" data-e-type=\"widget\" data-widget_type=\"text-editor.default\">\n\t\t\t\t<div class=\"elementor-widget-container\">\n\t\t\t\t\t\t\t\t\t<p style=\"text-align: justify;\"><strong><span style=\"color: #000000;\"><br \/>Izgradimo Oazu Bezgre\u0161ne, hrvatski Niepokalan\u00f3w u Molvama<br \/><\/span><\/strong><span style=\"color: #000000;\">Svoju digitalnu zahvalnicu mo\u017eete preuzeti klikom <\/span><span style=\"color: #000000;\"><a href=\"https:\/\/drive.google.com\/file\/d\/1Jj3rNzQIbnH9NHc8pj3D2AHq1JGX25RP\/view?usp=sharing\" target=\"_blank\" rel=\"noopener\"><span style=\"color: #993366;\">ovdje<\/span><\/a> za englesku verziju ili <a href=\"https:\/\/drive.google.com\/file\/d\/1rG9JXulwtwD_BaOnBui5EvbO0ZrbgGGw\/view?usp=sharing\" target=\"_blank\" rel=\"noopener\"><span style=\"color: #993366;\">ovdje<\/span><\/a><\/span><span style=\"color: #000000;\"> za hrvatsku verziju.<\/span><strong><span style=\"color: #000000;\"><br \/><\/span><\/strong><\/p><p style=\"text-align: justify;\"><strong><span style=\"color: #000000;\">ALL4FUNK<br \/><\/span><\/strong><span style=\"color: #000000;\">Svoju digitalnu zahvalnicu mo\u017eete preuzeti <span style=\"color: #993366;\"><a style=\"color: #993366;\" href=\"https:\/\/bonafidesinvest.eu\/wp-content\/uploads\/2024\/06\/Crowdfunding-kampanja-SVIZAFUNK-Digitalna-zahvalnica.pdf\">ovdje<\/a><\/span>. Nakon \u0161to preuzmete i otvorite PDF dokument na svojem ra\u010dunalu, potrebno je kliknuti na podru\u010dje predvi\u0111eno za ime i prezime ili naziv organizacije, unijeti ime po \u017eelji, te potom spremiti promjene. Tako\u0111er mo\u017eete preuzeti digitalnu zahvalnicu klikom <span style=\"color: #993366;\"><a style=\"color: #993366;\" href=\"https:\/\/docs.google.com\/drawings\/d\/142KprOcZ0jTdmwVWX52rqt-JgnK-2xQLtTkXrJ9IFxo\/edit?usp=sharing\" target=\"_blank\" rel=\"noopener\">ovdje<\/a><\/span>. Kad otvorite dokument, potrebno je kliknuti na podru\u010dje predvi\u0111eno za ime, upisati ime prema \u017eelji i potom kliknuti na opciju Datoteka\u2014Preuzmi. Nakon \u0161to zavr\u0161ite s ure\u0111ivanjem, podijelite zahvalnicu putem dru\u0161tvenih mre\u017ea kako biste druge potaknuli na doniranje.<\/span><strong><span style=\"color: #000000;\"><br \/><\/span><\/strong><\/p><p style=\"text-align: justify;\"><span style=\"color: #000000;\"><strong>Asistiraj za top \u2013 \u0161utere<\/strong><\/span><br \/><span style=\"color: #000000;\">Svoju digitalnu zahvalnicu mo\u017eete preuzeti<\/span> <span style=\"color: #993366;\"><a style=\"color: #993366;\" href=\"https:\/\/drive.google.com\/drive\/folders\/1AoBANW8u5G_3JZX3hcsz7UVQwF7t8pf2\" target=\"_blank\" rel=\"noopener\">ovdje<\/a><\/span><span style=\"color: #000000;\">. Podijelite zahvalnicu putem dru\u0161tvenih mre\u017ea kako biste druge potaknuli na doniranje.<\/span><\/p><p style=\"text-align: justify;\"><strong><span style=\"color: #000000;\">260 DANA - \u010cini dobro kako bi ti se dobro \u0161to prije vratilo<br \/><\/span><\/strong><span style=\"color: #000000;\">Svoju digitalnu zahvalnicu mo\u017eete preuzeti <\/span><span style=\"color: #000000;\"><span style=\"color: #993366;\"><a style=\"color: #993366;\" href=\"https:\/\/drive.google.com\/file\/d\/1K_Olh5yVM27DtuKxbIGFDpZ9-rxi-b2Y\/view?usp=sharing\" target=\"_blank\" rel=\"noopener\">ovdje<\/a><\/span><\/span><span style=\"color: #000000;\">. Nakon \u0161to preuzmete i otvorite PDF dokument na svojem ra\u010dunalu, potrebno je kliknuti na podru\u010dje predvi\u0111eno za ime i prezime ili naziv organizacije, unijeti ime po \u017eelji, te potom spremiti promjene. Tako\u0111er mo\u017eete preuzeti digitalnu zahvalnicu klikom <span style=\"color: #993366;\"><a style=\"color: #993366;\" href=\"https:\/\/docs.google.com\/drawings\/d\/1prJn97fHlrdF17dXtyVh5gyutPIv1FOlB7N6xAOZQDk\/edit?usp=sharing\" target=\"_blank\" rel=\"noopener\">ovdje<\/a><\/span> za englesku verziju ili <span style=\"color: #993366;\"><a style=\"color: #993366;\" href=\"https:\/\/docs.google.com\/drawings\/d\/1XmTdRsKqBQ-9x5MIVJ2GzGWoWqbUquWDSzUZjPmTfiY\/edit?usp=sharing\" target=\"_blank\" rel=\"noopener\">ovdje<\/a><\/span> za hrvatsku verziju. Kad otvorite dokument, potrebno je kliknuti na podru\u010dje predvi\u0111eno za ime, upisati ime prema \u017eelji i potom kliknuti na opciju Datoteka\u2014Preuzmi. Nakon \u0161to zavr\u0161ite s ure\u0111ivanjem, podijelite zahvalnicu putem dru\u0161tvenih mre\u017ea kako biste druge potaknuli na doniranje.<\/span><\/p><p style=\"text-align: justify;\"><span style=\"color: #000000;\"><strong>BUDITE UZ NAS, GRADIMO ZA VAS! - KEREKESH TEATAR<\/strong><\/span><br \/><span style=\"color: #000000;\">Svoju digitalnu zahvalnicu mo\u017eete preuzeti na <span style=\"color: #993366;\"><a style=\"color: #993366;\" href=\"https:\/\/drive.google.com\/file\/d\/1ArYFbDRVLiTiJW2MZEXRgnxr6BKzs5U_\/view?usp=sharing\" target=\"_blank\" rel=\"noopener\">hrvatskom<\/a><\/span> i <span style=\"color: #993366;\"><a style=\"color: #993366;\" href=\"https:\/\/drive.google.com\/file\/d\/12zl_I4YTXxq-hS1cTTFz5KlD9a8DAfya\/view?usp=sharing\" target=\"_blank\" rel=\"noopener\">engleskom<\/a><\/span>. Nakon \u0161to preuzmete i otvorite PDF dokument na svojem ra\u010dunalu, potrebno je kliknuti na podru\u010dje predvi\u0111eno za ime i prezime ili naziv organizacije, unijeti ime po \u017eelji, te potom spremiti promjene. Nakon \u0161to zavr\u0161ite s ure\u0111ivanjem, podijelite zahvalnicu putem dru\u0161tvenih mre\u017ea kako biste druge potaknuli na doniranje.<\/span><\/p><p style=\"text-align: justify;\"><span style=\"color: #000000;\"><strong>Bla\u017eeni Ivan Merz<br \/><\/strong><\/span><span style=\"color: #000000;\">Svoju digitalnu zahvalnicu mo\u017eete preuzeti <\/span><span style=\"color: #993366;\"><a style=\"color: #993366;\" href=\"https:\/\/bonafidesinvest.eu\/wp-content\/uploads\/2023\/05\/Digitalna-zahvalnica-za-crowdfunding-kampanju-Blazeni-Ivan-Merz.pdf\">ovdje<\/a><\/span><span style=\"color: #000000;\">. Nakon \u0161to preuzmete i otvorite PDF dokument na svojem ra\u010dunalu, potrebno je kliknuti na podru\u010dje predvi\u0111eno za ime i prezime ili naziv organizacije, unijeti ime po \u017eelji, te potom spremiti promjene. Nakon \u0161to zavr\u0161ite s ure\u0111ivanjem, podijelite zahvalnicu putem dru\u0161tvenih mre\u017ea kako biste druge potaknuli na doniranje.<\/span><\/p><p style=\"text-align: justify;\"><strong><span style=\"color: #000000;\">Sigurno za ko\u017eu, sigurno za Zemlju: Tekstil bez kompromisa<br \/><\/span><\/strong><span style=\"color: #000000;\">Svoju digitalnu zahvalnicu mo\u017eete preuzeti na <\/span><span style=\"color: #000000;\"><span style=\"color: #993366;\"><a style=\"color: #993366;\" href=\"https:\/\/drive.google.com\/file\/d\/1hrpszKmDMhKKcBshwei9Te7-IeDhYifY\/view?usp=sharing\" target=\"_blank\" rel=\"noopener\">hrvatskom<\/a><\/span> i <span style=\"color: #993366;\"><a style=\"color: #993366;\" href=\"https:\/\/drive.google.com\/file\/d\/1c1urE7Sflekki-riqZTc5bIxu3NdvqcO\/view?usp=sharing\" target=\"_blank\" rel=\"noopener\">engleskom<\/a><\/span><\/span><span style=\"color: #000000;\">. Nakon \u0161to preuzmete i otvorite PDF dokument na svojem ra\u010dunalu, potrebno je kliknuti na podru\u010dje predvi\u0111eno za ime i prezime ili naziv organizacije, unijeti ime po \u017eelji, te potom spremiti promjene. Tako\u0111er mo\u017eete preuzeti digitalnu zahvalnicu klikom <span style=\"color: #993366;\"><a style=\"color: #993366;\" href=\"https:\/\/docs.google.com\/drawings\/d\/1-YY_gjlddS0jAh78Vh2HlDS0J9YffEJ7NdMcHRuB2GI\/edit?usp=sharing\" target=\"_blank\" rel=\"noopener\">ovdje<\/a><\/span> za englesku verziju ili <a href=\"https:\/\/docs.google.com\/drawings\/d\/1_-hn_ApYf9kwsRgDeRSQORb1fDeuS-_XD0X-7XZ9q6Q\/edit?usp=sharing\" target=\"_blank\" rel=\"noopener\"><span style=\"color: #993366;\">ovdje<\/span><\/a> za hrvatsku verziju. Kad otvorite dokument, potrebno je kliknuti na podru\u010dje predvi\u0111eno za ime, upisati ime prema \u017eelji i potom kliknuti na opciju Datoteka\u2014Preuzmi. Nakon \u0161to zavr\u0161ite s ure\u0111ivanjem, podijelite zahvalnicu putem dru\u0161tvenih mre\u017ea kako biste druge potaknuli na doniranje.<\/span><\/p><p style=\"text-align: justify;\"><span style=\"color: #000000;\"><strong>Podr\u017eite hrvatsku disc golf reprezentaciju na putu za Svjetsko timsko prvenstvo u Australiji!<br \/><\/strong>Svoju digitalnu zahvalnicu mo\u017eete preuzeti na <span style=\"color: #993366;\"><a style=\"color: #993366;\" href=\"https:\/\/drive.google.com\/file\/d\/1iG8Y81NAWsAwx515TIxbnTTikbRQTII3\/view?usp=sharing\" target=\"_blank\" rel=\"noopener\">hrvatskom<\/a> <\/span>i <a style=\"color: #000000;\" href=\"https:\/\/drive.google.com\/file\/d\/1lRfFBp2K2W8d0JLWuegzjmCr6LWQ9mKB\/view?usp=sharing\" target=\"_blank\" rel=\"noopener\"><span style=\"color: #993366;\">engleskom<\/span><\/a>. Nakon \u0161to preuzmete i otvorite PDF dokument na svojem ra\u010dunalu, potrebno je kliknuti na podru\u010dje predvi\u0111eno za ime i prezime ili naziv organizacije, unijeti ime po \u017eelji, te potom spremiti promjene. Tako\u0111er mo\u017eete preuzeti digitalnu zahvalnicu klikom <a href=\"https:\/\/docs.google.com\/drawings\/d\/1uV80AIt0JsXro-_7EEsci9X4pvveQdR9PuPCLC_HrMI\/edit?usp=sharing\" target=\"_blank\" rel=\"noopener\"><span style=\"color: #993366;\">ovdje<\/span><\/a> za englesku verziju ili <span style=\"color: #993366;\"><a style=\"color: #993366;\" href=\"https:\/\/docs.google.com\/drawings\/d\/1MY64P8_nWWgTlerIEepWo9e-C1rXCT-xICD9iAqVTP4\/edit?usp=sharing\" target=\"_blank\" rel=\"noopener\">ovdje<\/a><\/span> za hrvatsku verziju. Kad otvorite dokument, potrebno je kliknuti na podru\u010dje predvi\u0111eno za ime, upisati ime prema \u017eelji i potom kliknuti na opciju Datoteka\u2014Preuzmi. Nakon \u0161to zavr\u0161ite s ure\u0111ivanjem, podijelite zahvalnicu putem dru\u0161tvenih mre\u017ea kako biste druge potaknuli na doniranje.<\/span><strong><br \/><\/strong><\/p><p style=\"text-align: justify;\"><span style=\"color: #000000;\"><strong>Jan Pokos: Budi dio mog tima!<br \/><\/strong><\/span><span style=\"color: #000000;\">Svoju digitalnu zahvalnicu mo\u017eete preuzeti <\/span><span style=\"color: #993366;\"><a style=\"color: #993366;\" href=\"https:\/\/drive.google.com\/file\/d\/1C7T9wsnkPUc-AEF9_5u94ZiBEk7y-hkz\/view?usp=sharing\" target=\"_blank\" rel=\"noopener\">ovdje<\/a><\/span><span style=\"color: #000000;\">. Nakon \u0161to preuzmete i otvorite PDF dokument na svojem ra\u010dunalu, potrebno je kliknuti na podru\u010dje predvi\u0111eno za ime i prezime ili naziv organizacije, unijeti ime po \u017eelji, te potom spremiti promjene. Nakon \u0161to zavr\u0161ite s ure\u0111ivanjem, podijelite zahvalnicu putem dru\u0161tvenih mre\u017ea kako biste druge potaknuli na doniranje.<\/span><\/p><p style=\"text-align: justify;\"><span style=\"color: #000000;\"><strong>Moja Prva Znakovnica<br \/><\/strong><\/span><span style=\"color: #000000;\">Svoju digitalnu zahvalnicu mo\u017eete preuzeti <span style=\"color: #993366;\"><a style=\"color: #993366;\" href=\"https:\/\/bonafidesinvest.eu\/wp-content\/uploads\/2023\/05\/Digitalna-zahvalnica.png\">ovdje<\/a><\/span>.\u00a0<\/span><\/p><p style=\"text-align: justify;\"><span style=\"color: #000000;\"><strong>Play Attention za O\u0160 Odra<br \/><\/strong><\/span><span style=\"color: #000000;\">Svoju digitalnu zahvalnicu mo\u017eete preuzeti <span style=\"color: #993366;\"><a style=\"color: #993366;\" href=\"https:\/\/bonafidesinvest.eu\/hr\/storage\/2010\/05\/Crowdfunding-kampanja-Play-Attention-za-OS-Odra-Digitalna-zahvalnica-za-donatore.jpg\/\">ovdje<\/a><\/span>.\u00a0<\/span><\/p>\t\t\t\t\t\t\t\t<\/div>\n\t\t\t\t<\/div>\n\t\t\t\t<div class=\"elementor-element elementor-element-b094ddb elementor-widget elementor-widget-spacer\" data-id=\"b094ddb\" data-element_type=\"widget\" data-e-type=\"widget\" data-widget_type=\"spacer.default\">\n\t\t\t\t<div class=\"elementor-widget-container\">\n\t\t\t\t\t\t\t<div class=\"elementor-spacer\">\n\t\t\t<div class=\"elementor-spacer-inner\"><\/div>\n\t\t<\/div>\n\t\t\t\t\t\t<\/div>\n\t\t\t\t<\/div>\n\t\t\t\t\t<\/div>\n\t\t<\/div>\n\t\t\t\t\t<\/div>\n\t\t<\/section>\n\t\t\t\t<section class=\"elementor-section elementor-top-section elementor-element elementor-element-2548797 elementor-section-boxed elementor-section-height-default elementor-section-height-default\" data-id=\"2548797\" data-element_type=\"section\" data-e-type=\"section\" data-settings=\"{&quot;background_background&quot;:&quot;classic&quot;}\">\n\t\t\t\t\t\t<div class=\"elementor-container elementor-column-gap-default\">\n\t\t\t\t\t<div class=\"elementor-column elementor-col-50 elementor-top-column elementor-element elementor-element-ba667f6\" data-id=\"ba667f6\" data-element_type=\"column\" data-e-type=\"column\">\n\t\t\t<div class=\"elementor-widget-wrap elementor-element-populated\">\n\t\t\t\t\t\t<div class=\"elementor-element elementor-element-59000d8 elementor-widget elementor-widget-gva-heading-block\" data-id=\"59000d8\" data-element_type=\"widget\" data-e-type=\"widget\" data-widget_type=\"gva-heading-block.default\">\n\t\t\t\t<div class=\"elementor-widget-container\">\n\t\t\t\t\t<div class=\"gva-element-gva-heading-block gva-element\">   <div class=\"align-left style-1 widget gsc-heading box-align-left auto-responsive\">\r\n      <div class=\"content-inner\">\r\n         \r\n         \r\n                     <div class=\"sub-title\">\r\n               <span class=\"tagline\">Jedinstvena crowdfunding metodologija poput otiska prsta<\/span>\r\n                                 <span class=\"shadow-text\">Originalno<\/span>\r\n                  \r\n            <\/div>\r\n           \r\n         \r\n                     <h2 class=\"title\">\r\n               <span>Nau\u010dite vi\u0161e o na\u0161em procesu<\/span>\r\n            <\/h2>\r\n                  \r\n         \r\n      <\/div>\r\n   <\/div>\r\n<\/div>\t\t\t\t<\/div>\n\t\t\t\t<\/div>\n\t\t\t\t\t<\/div>\n\t\t<\/div>\n\t\t\t\t<div class=\"elementor-column elementor-col-50 elementor-top-column elementor-element elementor-element-37fd87a\" data-id=\"37fd87a\" data-element_type=\"column\" data-e-type=\"column\">\n\t\t\t<div class=\"elementor-widget-wrap elementor-element-populated\">\n\t\t\t\t\t\t<div class=\"elementor-element elementor-element-141058f elementor-widget__width-auto elementor-widget elementor-widget-html\" data-id=\"141058f\" data-element_type=\"widget\" data-e-type=\"widget\" data-widget_type=\"html.default\">\n\t\t\t\t<div class=\"elementor-widget-container\">\n\t\t\t\t\t<a class=\"btn-border-white\" href=\"https:\/\/bonafidesinvest.eu\/hr\/how-it-works\/\">\n    Start\n<\/a>\t\t\t\t<\/div>\n\t\t\t\t<\/div>\n\t\t\t\t\t<\/div>\n\t\t<\/div>\n\t\t\t\t\t<\/div>\n\t\t<\/section>\n\t\t\t\t<\/div>","protected":false},"excerpt":{"rendered":"<p>THANK YOU Gratitude Digital Thank You Cards If the list does not include the thank you card from the campaign for which you made the payment, the campaign initiators will [&hellip;]<\/p>\n","protected":false},"author":1,"featured_media":0,"parent":0,"menu_order":0,"comment_status":"closed","ping_status":"closed","template":"","meta":{"footnotes":""},"class_list":["post-3223","page","type-page","status-publish","hentry"],"wpcf_dashboard":"<div class=\"woocommerce\"><div class=\"woocommerce-info\">Please log in first? <a class=\"wpneoShowLogin\" href=\"#\">Click here to login<\/a><\/div><div class=\"wpneo_login_form_div\" style=\"display: none;\"><form name=\"loginform\" id=\"loginform\" action=\"https:\/\/bonafidesinvest.eu\/wp-login.php\" method=\"post\"><p class=\"login-username\">\n\t\t\t\t<label for=\"user_login\">Korisni\u010dko ime ili adresa e-po\u0161te<\/label>\n\t\t\t\t<input type=\"text\" name=\"log\" id=\"user_login\" autocomplete=\"username\" class=\"input\" value=\"\" size=\"20\" \/>\n\t\t\t<\/p><p class=\"login-password\">\n\t\t\t\t<label for=\"user_pass\">Lozinka<\/label>\n\t\t\t\t<input type=\"password\" name=\"pwd\" id=\"user_pass\" autocomplete=\"current-password\" spellcheck=\"false\" class=\"input\" value=\"\" size=\"20\" \/>\n\t\t\t<\/p><p class=\"login-remember\"><label><input name=\"rememberme\" type=\"checkbox\" id=\"rememberme\" value=\"forever\" \/> Zapamti me<\/label><\/p><p class=\"login-submit\">\n\t\t\t\t<input type=\"submit\" name=\"wp-submit\" id=\"wp-submit\" class=\"button button-primary\" value=\"Prijava\" \/>\n\t\t\t\t<input type=\"hidden\" name=\"redirect_to\" value=\"https:\/\/bonafidesinvest.eu\/hr\/wp-json\/wp\/v2\/pages\/3223\" \/>\n\t\t\t<\/p><\/form><\/div><\/div>","_links":{"self":[{"href":"https:\/\/bonafidesinvest.eu\/hr\/wp-json\/wp\/v2\/pages\/3223","targetHints":{"allow":["GET"]}}],"collection":[{"href":"https:\/\/bonafidesinvest.eu\/hr\/wp-json\/wp\/v2\/pages"}],"about":[{"href":"https:\/\/bonafidesinvest.eu\/hr\/wp-json\/wp\/v2\/types\/page"}],"author":[{"embeddable":true,"href":"https:\/\/bonafidesinvest.eu\/hr\/wp-json\/wp\/v2\/users\/1"}],"replies":[{"embeddable":true,"href":"https:\/\/bonafidesinvest.eu\/hr\/wp-json\/wp\/v2\/comments?post=3223"}],"version-history":[{"count":0,"href":"https:\/\/bonafidesinvest.eu\/hr\/wp-json\/wp\/v2\/pages\/3223\/revisions"}],"wp:attachment":[{"href":"https:\/\/bonafidesinvest.eu\/hr\/wp-json\/wp\/v2\/media?parent=3223"}],"curies":[{"name":"wp","href":"https:\/\/api.w.org\/{rel}","templated":true}]}}