{"id":2528,"date":"2023-04-03T17:07:19","date_gmt":"2023-04-03T17:07:19","guid":{"rendered":"https:\/\/bonafidesinvest.eu\/?page_id=2528"},"modified":"2023-04-04T01:06:50","modified_gmt":"2023-04-04T01:06:50","slug":"privacy-policy","status":"publish","type":"page","link":"https:\/\/bonafidesinvest.eu\/hr\/privacy-policy\/","title":{"rendered":"Polica privatnosti"},"content":{"rendered":"<div data-elementor-type=\"wp-page\" data-elementor-id=\"2528\" class=\"elementor elementor-2528\">\n\t\t\t\t\t\t<section class=\"elementor-section elementor-top-section elementor-element elementor-element-718aa932 elementor-section-boxed elementor-section-height-default elementor-section-height-default\" data-id=\"718aa932\" data-element_type=\"section\" data-e-type=\"section\">\n\t\t\t\t\t\t<div class=\"elementor-container elementor-column-gap-default\">\n\t\t\t\t\t<div class=\"elementor-column elementor-col-100 elementor-top-column elementor-element elementor-element-1671caf6\" data-id=\"1671caf6\" data-element_type=\"column\" data-e-type=\"column\">\n\t\t\t<div class=\"elementor-widget-wrap elementor-element-populated\">\n\t\t\t\t\t\t<div class=\"elementor-element elementor-element-75c0122f elementor-widget elementor-widget-text-editor\" data-id=\"75c0122f\" data-element_type=\"widget\" data-e-type=\"widget\" data-widget_type=\"text-editor.default\">\n\t\t\t\t<div class=\"elementor-widget-container\">\n\t\t\t\t\t\t\t\t\t<p><span style=\"color: #000000;\"><\/span><\/p>\n<p style=\"text-align: justify;\"><span style=\"color: #000000;\"><strong>Izjava o za\u0161titi i prikupljanju osobnih podataka<\/strong><\/span><\/p>\n<p style=\"text-align: justify;\"><span style=\"color: #000000;\">Va\u0161a privatnost nam je va\u017ena. \u017delimo da se kod nas osje\u0107ate sigurno te postupamo u skladu s time i zakonskim propisima o za\u0161titi osobnih podataka.<\/span><\/p>\n<p style=\"text-align: justify;\"><span style=\"color: #000000;\">U nastavku Vas informiramo o tome u koje svrhe prikupljamo i koristimo Va\u0161e osobne podatke te kako te postupke mo\u017eete nadzirati i ostvarivati svoja prava.<\/span><\/p>\n<p style=\"text-align: justify;\"><span style=\"color: #000000;\">Na\u0161i informati\u010dki sustavi su tehni\u010dkim i organizacijskim mjerama za\u0161ti\u0107eni od neovla\u0161tenog pristupa, izmjene ili \u0161irenja Va\u0161ih podataka, kao i od gubljenja ili brisanja.<\/span><\/p>\n<p style=\"text-align: justify;\"><span style=\"color: #000000;\">Svi se podaci o korisnicima strogo \u010duvaju i dostupni su samo djelatnicima kojima su ti podaci nu\u017eni za obavljanje posla. Svi na\u0161i djelatnici i poslovni partneri odgovorni su za po\u0161tivanje na\u010dela za\u0161tite privatnosti.<\/span><\/p>\n<p style=\"text-align: justify;\"><span style=\"color: #000000;\">Kao na\u0161 korisnik imate pravo dobiti informacije o postupanju s Va\u0161im osobnim podacima i uputiti zahtjeve za ostvarenje Va\u0161ih prava.<\/span><\/p>\n<p style=\"text-align: justify;\"><span style=\"color: #000000;\">Obradu osobnih podataka vodi:<br \/>Centar za dru\u0161tvene inovacije i odr\u017eivi razvoj (CEDIOR)<br \/>Ante Jak\u0161i\u0107a 10, 10 000 Zagreb, Hrvatska<br \/>OIB: 12061569340<br \/>+385 (0)98 611 467<br \/>info@bonafidesinvest.eu<\/span><\/p>\n<p style=\"text-align: justify;\"><span style=\"color: #000000;\"><strong>Svrhe i pravna osnova obrade podataka<\/strong><\/span><\/p>\n<p style=\"text-align: justify;\"><span style=\"color: #000000;\">Va\u0161e osobne podatke koristimo isklju\u010divo u svrhu povezivanja ulaga\u010da i nositelja projekata, poslovne korespondencije i slanja obavijesti te ih ne proslje\u0111ujemo i ne koristimo u nepredvi\u0111ene svrhe.<\/span><\/p>\n<p style=\"text-align: justify;\"><span style=\"color: #000000;\"><strong>Podaci koje uzimamo mogu sadr\u017eavati:<br \/><\/strong><\/span><\/p>\n<ul>\n<li style=\"text-align: justify;\"><span style=\"color: #000000;\">Ime i prezime \/ naziv tvrtke;<\/span><\/li>\n<li style=\"text-align: justify;\"><span style=\"color: #000000;\">Po\u0161tansku adresu;<\/span><\/li>\n<li style=\"text-align: justify;\"><span style=\"color: #000000;\">Adresu e-po\u0161te;<\/span><\/li>\n<li style=\"text-align: justify;\"><span style=\"color: #000000;\">Broj mobitela ili fiksni broj telefona.<\/span><\/li>\n<\/ul>\n<p><span style=\"color: #000000;\"><strong style=\"text-align: left;\">Obavje\u0161tavanje putem e-po\u0161te<\/strong><\/span><\/p>\n<p style=\"text-align: justify;\"><span style=\"color: #000000;\">Za isporuke newslettera, kao i za upravljanje listama primatelja i evidenciju odjava koristimo Mailchimp platformu i poduzimamo sve potrebne mjere za za\u0161titu podataka sukladno propisima o za\u0161titi osobnih podataka. Va\u0161e je pravo prihvatiti ili odbiti primanje na\u0161ih obavijesti.<\/span><\/p>\n<p style=\"text-align: justify;\"><span style=\"color: #000000;\"><strong>Prava korisnika<\/strong><\/span><\/p>\n<p style=\"text-align: justify;\"><span style=\"color: #000000;\">Osiguravamo Vam sljede\u0107a prava:<\/span><\/p>\n<p><span style=\"color: #000000;\"><\/span><\/p>\n<p><span style=\"color: #000000;\"><\/span><\/p>\n<p><span style=\"color: #000000;\"><\/span><\/p>\n<ul>\n<li><span style=\"color: #000000;\">Pravo na pristup (informiranje o opsegu i vrsti) Va\u0161im podacima;<\/span><\/li>\n<li><span style=\"color: #000000;\">Prvo na ispravak (odnosi se na podatke koje ste dali);<\/span><\/li>\n<li><span style=\"color: #000000;\">Pravo na zaborav;<\/span><\/li>\n<li><span style=\"color: #000000;\">Pravo na prigovor oko upotrebe osobnih podataka;<\/span><\/li>\n<\/ul>\n<p><span style=\"color: #000000;\"><\/span><\/p>\n<ul class=\"wp-block-list\"><\/ul>\n<p><span style=\"color: #000000;\"><\/span><\/p>\n<p><span style=\"color: #000000;\"><strong>Pravo na pristup<\/strong><\/span><\/p>\n<p><span style=\"color: #000000;\"><\/span><\/p>\n<p style=\"text-align: justify;\"><span style=\"color: #000000;\">Imate pravo na informaciju o svojim osobnim podacima koje vodimo i dr\u017eimo u memoriji.<\/span><\/p>\n<p style=\"text-align: justify;\"><span style=\"color: #000000;\"><strong>Pravo na ispravak<\/strong><\/span><\/p>\n<p style=\"text-align: justify;\"><span style=\"color: #000000;\">Imate pravo na ispravak neto\u010dnih osobnih podataka koji se na Vas odnose \u0161to \u0107emo provesti u roku od 3 radna dana.<\/span><\/p>\n<p style=\"text-align: justify;\"><span style=\"color: #000000;\"><strong>Pravo na brisanje (pravo na zaborav)<\/strong><\/span><\/p>\n<p style=\"text-align: justify;\"><span style=\"color: #000000;\">Imate pravo ishoditi anonimizaciju svojih osobnih podataka bez nepotrebnog odga\u0111anja ako ne \u017eelite biti daljnji korisnik usluga ili ne \u017eelite da koristimo osobne podatke u navedene svrhe.<\/span><\/p>\n<p style=\"text-align: justify;\"><span style=\"color: #000000;\"><strong>Pravo na prigovor oko upotrebe osobnih podataka<\/strong><\/span><\/p>\n<p style=\"text-align: justify;\"><span style=\"color: #000000;\">Ako se obrada Va\u0161ih osobnih podataka zasniva na ostvarenju na\u0161ih legitimnih interesa, imate pravo u svakom trenutku ulo\u017eiti prigovor na takvu obradu osobnih podataka u mjeri u kojoj se obrada odnosi na Va\u0161e podatke. Ako ulo\u017eite takav prigovor:<\/span><\/p>\n<ul>\n<li style=\"text-align: justify;\"><span style=\"color: #000000;\">vezano za obavijesti (\u201enewsletter\u201d) \u2013 ne\u0107emo upotrebljavati Va\u0161e osobne podatke u tu svrhu;<\/span><\/li>\n<li style=\"text-align: justify;\"><span style=\"color: #000000;\">vezano za druge slu\u010dajeve legitimnog interesa \u2013 ne\u0107emo dalje obra\u0111ivati Va\u0161e osobne podatke u svrhu na koju se prigovor odnosi.<\/span><\/li>\n<\/ul>\n<p style=\"text-align: justify;\"><span style=\"color: #000000;\"><strong>Kola\u010di\u0107i<\/strong><\/span><\/p>\n<p style=\"text-align: justify;\"><span style=\"color: #000000;\">Na na\u0161em web mjestu upotrebljavamo ra\u010dunalne kola\u010di\u0107e kako bismo omogu\u0107ili pojedine tehni\u010dke zna\u010dajke i olak\u0161ali Vam snala\u017eenje po na\u0161im web stranicama.<\/span><\/p>\n<p style=\"text-align: justify;\"><span style=\"color: #000000;\"><strong>Kako mo\u017eete ostvarivati svoja prava<\/strong><\/span><\/p>\n<p style=\"text-align: justify;\"><span style=\"color: #000000;\">Za sva pitanja i zahtjeve u svezi s Va\u0161im osobnim podacima, molimo kontaktirajte na\u0161e koordinatore za\u0161tite podataka na adresi info@bonafidesinvest.eu uz napomenu ZA\u0160TITA PODATAKA u rubrici \u201ePredmet\u201c ili \u201eSubject\u201c.<\/span><\/p>\n<p style=\"text-align: justify;\"><span style=\"color: #000000;\">Va\u0161e upite i zahtjeve obradit \u0107emo bez nepotrebnog odga\u0111anja i u skladu sa zakonskim obvezama te \u0107emo Vas informirati o mjerama koje smo poduzeli.<\/span><\/p>\n<p><span style=\"color: #000000;\"><\/span><\/p>\n<p><span style=\"color: #000000;\"><\/span><\/p>\n<p><span style=\"color: #000000;\"><\/span><\/p>\n<p><span style=\"color: #000000;\"><\/span><\/p>\n<p><span style=\"color: #000000;\"><\/span><\/p>\n<p><span style=\"color: #000000;\"><\/span><\/p>\n<p><span style=\"color: #000000;\"><\/span><\/p>\n<p><span style=\"color: #000000;\"><\/span><\/p>\n<p><span style=\"color: #000000;\"><\/span><\/p>\n<p><span style=\"color: #000000;\"><\/span><\/p>\n<p><span style=\"color: #000000;\"><\/span><\/p>\n<p><span style=\"color: #000000;\"><\/span><\/p>\t\t\t\t\t\t\t\t<\/div>\n\t\t\t\t<\/div>\n\t\t\t\t\t<\/div>\n\t\t<\/div>\n\t\t\t\t\t<\/div>\n\t\t<\/section>\n\t\t\t\t<\/div>","protected":false},"excerpt":{"rendered":"<p>Personal data gathering and protection statement Your privacy is important to us. We want you to feel safe with us, and we act in accordance with that and the legal [&hellip;]<\/p>\n","protected":false},"author":1,"featured_media":0,"parent":0,"menu_order":0,"comment_status":"closed","ping_status":"closed","template":"","meta":{"footnotes":""},"class_list":["post-2528","page","type-page","status-publish","hentry"],"wpcf_dashboard":"<div class=\"woocommerce\"><div class=\"woocommerce-info\">Please log in first? <a class=\"wpneoShowLogin\" href=\"#\">Click here to login<\/a><\/div><div class=\"wpneo_login_form_div\" style=\"display: none;\"><form name=\"loginform\" id=\"loginform\" action=\"https:\/\/bonafidesinvest.eu\/wp-login.php\" method=\"post\"><p class=\"login-username\">\n\t\t\t\t<label for=\"user_login\">Korisni\u010dko ime ili adresa e-po\u0161te<\/label>\n\t\t\t\t<input type=\"text\" name=\"log\" id=\"user_login\" autocomplete=\"username\" class=\"input\" value=\"\" size=\"20\" \/>\n\t\t\t<\/p><p class=\"login-password\">\n\t\t\t\t<label for=\"user_pass\">Lozinka<\/label>\n\t\t\t\t<input type=\"password\" name=\"pwd\" id=\"user_pass\" autocomplete=\"current-password\" spellcheck=\"false\" class=\"input\" value=\"\" size=\"20\" \/>\n\t\t\t<\/p><p class=\"login-remember\"><label><input name=\"rememberme\" type=\"checkbox\" id=\"rememberme\" value=\"forever\" \/> Zapamti me<\/label><\/p><p class=\"login-submit\">\n\t\t\t\t<input type=\"submit\" name=\"wp-submit\" id=\"wp-submit\" class=\"button button-primary\" value=\"Prijava\" \/>\n\t\t\t\t<input type=\"hidden\" name=\"redirect_to\" value=\"https:\/\/bonafidesinvest.eu\/hr\/wp-json\/wp\/v2\/pages\/2528\" \/>\n\t\t\t<\/p><\/form><\/div><\/div>","_links":{"self":[{"href":"https:\/\/bonafidesinvest.eu\/hr\/wp-json\/wp\/v2\/pages\/2528","targetHints":{"allow":["GET"]}}],"collection":[{"href":"https:\/\/bonafidesinvest.eu\/hr\/wp-json\/wp\/v2\/pages"}],"about":[{"href":"https:\/\/bonafidesinvest.eu\/hr\/wp-json\/wp\/v2\/types\/page"}],"author":[{"embeddable":true,"href":"https:\/\/bonafidesinvest.eu\/hr\/wp-json\/wp\/v2\/users\/1"}],"replies":[{"embeddable":true,"href":"https:\/\/bonafidesinvest.eu\/hr\/wp-json\/wp\/v2\/comments?post=2528"}],"version-history":[{"count":0,"href":"https:\/\/bonafidesinvest.eu\/hr\/wp-json\/wp\/v2\/pages\/2528\/revisions"}],"wp:attachment":[{"href":"https:\/\/bonafidesinvest.eu\/hr\/wp-json\/wp\/v2\/media?parent=2528"}],"curies":[{"name":"wp","href":"https:\/\/api.w.org\/{rel}","templated":true}]}}