{"id":7786,"date":"2024-02-13T17:27:54","date_gmt":"2024-02-13T15:27:54","guid":{"rendered":"https:\/\/bonafidesinvest.eu\/?page_id=7786"},"modified":"2024-03-16T03:16:28","modified_gmt":"2024-03-16T01:16:28","slug":"messages","status":"publish","type":"page","link":"https:\/\/bonafidesinvest.eu\/fr\/messages\/","title":{"rendered":"Messages"},"content":{"rendered":"<div data-elementor-type=\"wp-page\" data-elementor-id=\"7786\" class=\"elementor elementor-7786\">\n\t\t\t\t\t\t<section class=\"elementor-section elementor-top-section elementor-element elementor-element-44765eb elementor-section-boxed elementor-section-height-default elementor-section-height-default\" data-id=\"44765eb\" data-element_type=\"section\" data-e-type=\"section\">\n\t\t\t\t\t\t<div class=\"elementor-container elementor-column-gap-default\">\n\t\t\t\t\t<div class=\"elementor-column elementor-col-100 elementor-top-column elementor-element elementor-element-fa4bf63\" data-id=\"fa4bf63\" data-element_type=\"column\" data-e-type=\"column\">\n\t\t\t<div class=\"elementor-widget-wrap elementor-element-populated\">\n\t\t\t\t\t\t<div class=\"elementor-element elementor-element-6a1881a elementor-widget elementor-widget-text-editor\" data-id=\"6a1881a\" data-element_type=\"widget\" data-e-type=\"widget\" data-widget_type=\"text-editor.default\">\n\t\t\t\t<div class=\"elementor-widget-container\">\n\t\t\t\t\t\t\t\t\t<p><span style=\"color: #000000;\">Bonjour de Bona Fides Invest !<\/span><\/p><p><span style=\"color: #000000;\">Merci pour votre commande !<\/span><\/p><p><span style=\"color: #000000;\">Votre commande est en attente jusqu'\u00e0 ce que nous confirmions la r\u00e9ception du paiement. Les d\u00e9tails de votre commande sont indiqu\u00e9s ci-dessous \u00e0 titre de r\u00e9f\u00e9rence :<\/span><\/p><h2>D\u00e9tails de la commande<\/h2><table border=\"0\" width=\"100%\" cellspacing=\"0\" cellpadding=\"0\"><tbody><tr><td align=\"left\" valign=\"middle\"><h3><em><span style=\"color: #000000;\">Num\u00e9ro de commande :<\/span><\/em><\/h3><\/td><td align=\"right\" valign=\"middle\"><h3><span style=\"color: #000000;\"><em>Date de commande :<\/em>\u00a0<\/span><\/h3><\/td><\/tr><\/tbody><\/table><div><div class=\"adm\"><div id=\"q_97\" class=\"ajR h4\" data-tooltip=\"Sakrivanje pro\u0161irenog sadr\u017eaja\" aria-label=\"La protection de la sant\u00e9 des travailleurs\" aria-expanded=\"true\"><div class=\"ajT\">\u00a0<\/div><\/div><\/div><div class=\"im\"><table border=\"0\" width=\"100%\" cellspacing=\"0\" cellpadding=\"6\"><thead><tr><th scope=\"col\" align=\"left\"><span style=\"color: #000000;\">Produit<\/span><\/th><th scope=\"col\" align=\"center\"><span style=\"color: #000000;\">Quantit\u00e9<\/span><\/th><th scope=\"col\" align=\"right\"><span style=\"color: #000000;\">Prix<\/span><\/th><\/tr><\/thead><\/table><p><span style=\"color: #000000;\">Merci pour votre soutien !<\/span><\/p><p><span style=\"color: #000000;\">Votre paiement a \u00e9t\u00e9 enregistr\u00e9<\/span><\/p><p style=\"text-align: justify;\"><span style=\"color: #000000;\">Nous vous informons que le paiement a \u00e9t\u00e9 officiellement enregistr\u00e9 sur la page de la campagne.\u00a0<\/span><\/p><p style=\"text-align: justify;\"><span style=\"color: #000000;\"><strong>Note de remerciement num\u00e9rique<\/strong><\/span><br \/><span style=\"color: #000000;\">Vous pouvez t\u00e9l\u00e9charger votre mot de remerciement num\u00e9rique\u00a0<a style=\"color: #000000;\" href=\"https:\/\/bonafidesinvest.eu\/fr\/digital-thank-you-cards\/?customize_changeset_uuid=c75dad4d-2a69-4b01-9395-da689ff3dd0d&amp;customize_autosaved=on&amp;customize_messenger_channel=preview-2\">ici<\/a>. Une fois que vous avez t\u00e9l\u00e9charg\u00e9 la note de remerciement et que vous y avez inscrit votre nom, partagez-la sur les m\u00e9dias sociaux avec vos amis pour les encourager \u00e0 soutenir la campagne.<\/span><\/p><p style=\"text-align: justify;\"><span style=\"color: #000000;\">REMARQUE :<\/span><br \/><span style=\"color: #000000;\">Pour les besoins de la comptabilit\u00e9 des entit\u00e9s commerciales, un relev\u00e9 bancaire du paiement et une copie de ce courriel comme confirmation de la r\u00e9ception du don sont suffisants. Les donateurs peuvent \u00e9galement t\u00e9l\u00e9charger le formulaire de confirmation de don pour les entit\u00e9s commerciales.\u00a0<a style=\"color: #000000;\" href=\"https:\/\/bonafidesinvest.eu\/fr\/donation-confirmation-form-for-business-entities\/?customize_changeset_uuid=c75dad4d-2a69-4b01-9395-da689ff3dd0d&amp;customize_autosaved=on&amp;customize_messenger_channel=preview-2\">ici<\/a>\u00a0et le remplir en personne.<\/span><\/p><p style=\"text-align: justify;\"><span style=\"color: #000000;\">Les citoyens peuvent b\u00e9n\u00e9ficier d'une d\u00e9duction fiscale, de m\u00eame que les entreprises. Pour ce faire, il est n\u00e9cessaire d'utiliser un relev\u00e9 bancaire de paiement et une copie de ce courriel comme confirmation de r\u00e9ception du don. Les donateurs peuvent \u00e9galement t\u00e9l\u00e9charger le formulaire de confirmation de don pour les personnes physiques.\u00a0<a style=\"color: #000000;\" href=\"https:\/\/bonafidesinvest.eu\/fr\/donation-confirmation-form-for-natural-persons\/?customize_changeset_uuid=c75dad4d-2a69-4b01-9395-da689ff3dd0d&amp;customize_autosaved=on&amp;customize_messenger_channel=preview-2\">ici<\/a>\u00a0et le remplir en personne.<\/span><\/p><p><span style=\"color: #000000;\">Adresse de facturation<\/span><\/p><p><span style=\"color: #000000;\">Nous nous r\u00e9jouissons de pouvoir honorer votre commande dans les plus brefs d\u00e9lais.<\/span><\/p><p><span style=\"color: #000000;\">Le montant en kuna croate (kn) est obtenu en convertissant le prix selon le taux de change fixe de la CNB :<br \/>1 EUR = 7,53450 HRK<\/span><\/p><p><span style=\"color: #000000;\">Votre commande a \u00e9t\u00e9 re\u00e7ue et est en cours de traitement. Les d\u00e9tails de votre commande sont indiqu\u00e9s ci-dessous \u00e0 titre de r\u00e9f\u00e9rence :<\/span><\/p><p><span style=\"color: #000000;\">Merci de votre attention !<\/span><\/p><h2><span style=\"color: #000000;\">R\u00e9compense s\u00e9lectionn\u00e9e<\/span><\/h2><ul><li><span style=\"color: #000000;\">Montant :\u00a0<u><\/u><\/span><\/li><li><span style=\"color: #000000;\">Livraison : ,<\/span><\/li><li><span style=\"color: #000000;\">D\u00e9tails de la r\u00e9compense :\u00a0<\/span><\/li><\/ul><div><h3><span style=\"color: #000000;\">Informations compl\u00e9mentaires<\/span><\/h3><p><span style=\"color: #000000;\">S\u00e9lectionnez si vous ne souhaitez pas recevoir de r\u00e9compense avec votre don : Oui<\/span><\/p><\/div><\/div><\/div>\t\t\t\t\t\t\t\t<\/div>\n\t\t\t\t<\/div>\n\t\t\t\t\t<\/div>\n\t\t<\/div>\n\t\t\t\t\t<\/div>\n\t\t<\/section>\n\t\t\t\t<\/div>","protected":false},"excerpt":{"rendered":"<p>Hello from Bona Fides Invest! Thanks for your order! Your order is on-hold until we confirm payment has been received. Your order details are shown below for your reference: Order [&hellip;]<\/p>\n","protected":false},"author":1,"featured_media":0,"parent":0,"menu_order":0,"comment_status":"closed","ping_status":"closed","template":"","meta":{"footnotes":""},"class_list":["post-7786","page","type-page","status-publish","hentry"],"wpcf_dashboard":"<div class=\"woocommerce\"><div class=\"woocommerce-info\">Please log in first? <a class=\"wpneoShowLogin\" href=\"#\">Click here to login<\/a><\/div><div class=\"wpneo_login_form_div\" style=\"display: none;\"><form name=\"loginform\" id=\"loginform\" action=\"https:\/\/bonafidesinvest.eu\/wp-login.php\" method=\"post\"><p class=\"login-username\">\n\t\t\t\t<label for=\"user_login\">Identifiant ou adresse e-mail<\/label>\n\t\t\t\t<input type=\"text\" name=\"log\" id=\"user_login\" autocomplete=\"username\" class=\"input\" value=\"\" size=\"20\" \/>\n\t\t\t<\/p><p class=\"login-password\">\n\t\t\t\t<label for=\"user_pass\">Mot de passe<\/label>\n\t\t\t\t<input type=\"password\" name=\"pwd\" id=\"user_pass\" autocomplete=\"current-password\" spellcheck=\"false\" class=\"input\" value=\"\" size=\"20\" \/>\n\t\t\t<\/p><p class=\"login-remember\"><label><input name=\"rememberme\" type=\"checkbox\" id=\"rememberme\" value=\"forever\" \/> Se souvenir de moi<\/label><\/p><p class=\"login-submit\">\n\t\t\t\t<input type=\"submit\" name=\"wp-submit\" id=\"wp-submit\" class=\"button button-primary\" value=\"Se connecter\" \/>\n\t\t\t\t<input type=\"hidden\" name=\"redirect_to\" value=\"https:\/\/bonafidesinvest.eu\/fr\/wp-json\/wp\/v2\/pages\/7786\" \/>\n\t\t\t<\/p><\/form><\/div><\/div>","_links":{"self":[{"href":"https:\/\/bonafidesinvest.eu\/fr\/wp-json\/wp\/v2\/pages\/7786","targetHints":{"allow":["GET"]}}],"collection":[{"href":"https:\/\/bonafidesinvest.eu\/fr\/wp-json\/wp\/v2\/pages"}],"about":[{"href":"https:\/\/bonafidesinvest.eu\/fr\/wp-json\/wp\/v2\/types\/page"}],"author":[{"embeddable":true,"href":"https:\/\/bonafidesinvest.eu\/fr\/wp-json\/wp\/v2\/users\/1"}],"replies":[{"embeddable":true,"href":"https:\/\/bonafidesinvest.eu\/fr\/wp-json\/wp\/v2\/comments?post=7786"}],"version-history":[{"count":0,"href":"https:\/\/bonafidesinvest.eu\/fr\/wp-json\/wp\/v2\/pages\/7786\/revisions"}],"wp:attachment":[{"href":"https:\/\/bonafidesinvest.eu\/fr\/wp-json\/wp\/v2\/media?parent=7786"}],"curies":[{"name":"wp","href":"https:\/\/api.w.org\/{rel}","templated":true}]}}