{"id":2528,"date":"2023-04-03T17:07:19","date_gmt":"2023-04-03T17:07:19","guid":{"rendered":"https:\/\/bonafidesinvest.eu\/?page_id=2528"},"modified":"2023-04-04T01:06:50","modified_gmt":"2023-04-04T01:06:50","slug":"politique-de-confidentialite","status":"publish","type":"page","link":"https:\/\/bonafidesinvest.eu\/fr\/privacy-policy\/","title":{"rendered":"Politique de confidentialit\u00e9"},"content":{"rendered":"<div data-elementor-type=\"wp-page\" data-elementor-id=\"2528\" class=\"elementor elementor-2528\">\n\t\t\t\t\t\t<section class=\"elementor-section elementor-top-section elementor-element elementor-element-718aa932 elementor-section-boxed elementor-section-height-default elementor-section-height-default\" data-id=\"718aa932\" data-element_type=\"section\" data-e-type=\"section\">\n\t\t\t\t\t\t<div class=\"elementor-container elementor-column-gap-default\">\n\t\t\t\t\t<div class=\"elementor-column elementor-col-100 elementor-top-column elementor-element elementor-element-1671caf6\" data-id=\"1671caf6\" data-element_type=\"column\" data-e-type=\"column\">\n\t\t\t<div class=\"elementor-widget-wrap elementor-element-populated\">\n\t\t\t\t\t\t<div class=\"elementor-element elementor-element-75c0122f elementor-widget elementor-widget-text-editor\" data-id=\"75c0122f\" data-element_type=\"widget\" data-e-type=\"widget\" data-widget_type=\"text-editor.default\">\n\t\t\t\t<div class=\"elementor-widget-container\">\n\t\t\t\t\t\t\t\t\t<p><span style=\"color: #000000;\"><\/span><\/p>\n<p style=\"text-align: justify;\"><span style=\"color: #000000;\"><strong>D\u00e9claration de collecte et de protection des donn\u00e9es personnelles<\/strong><\/span><\/p>\n<p style=\"text-align: justify;\"><span style=\"color: #000000;\">Votre vie priv\u00e9e est importante pour nous. Nous voulons que vous vous sentiez en s\u00e9curit\u00e9 avec nous, et nous agissons conform\u00e9ment \u00e0 cette r\u00e8gle et aux dispositions l\u00e9gales relatives \u00e0 la protection des donn\u00e9es \u00e0 caract\u00e8re personnel.<\/span><\/p>\n<p style=\"text-align: justify;\"><span style=\"color: #000000;\">Nous vous informons ci-apr\u00e8s des finalit\u00e9s pour lesquelles nous collectons et utilisons vos donn\u00e9es \u00e0 caract\u00e8re personnel et de la mani\u00e8re dont vous pouvez contr\u00f4ler ces proc\u00e9dures et exercer vos droits.<\/span><\/p>\n<p style=\"text-align: justify;\"><span style=\"color: #000000;\">Nos syst\u00e8mes informatiques sont prot\u00e9g\u00e9s par des mesures techniques et organisationnelles contre l'acc\u00e8s non autoris\u00e9, la modification ou la diffusion de vos donn\u00e9es, ainsi que contre la perte ou la suppression.<\/span><\/p>\n<p style=\"text-align: justify;\"><span style=\"color: #000000;\">Toutes les informations relatives aux utilisateurs sont strictement prot\u00e9g\u00e9es et ne sont accessibles qu'aux employ\u00e9s qui ont besoin de ces informations pour mener \u00e0 bien leur travail. Tous nos employ\u00e9s et partenaires commerciaux sont tenus de respecter les principes de protection de la confidentialit\u00e9.<\/span><\/p>\n<p style=\"text-align: justify;\"><span style=\"color: #000000;\">En tant qu'utilisateur, vous avez le droit de recevoir des informations sur le traitement de vos donn\u00e9es personnelles et de faire des demandes pour exercer vos droits.<\/span><\/p>\n<p style=\"text-align: justify;\"><span style=\"color: #000000;\">Le traitement des donn\u00e9es personnelles est effectu\u00e9 par :<br \/>Centre pour l'innovation sociale et le d\u00e9veloppement durable (CEDIOR)<br \/>Ante Jak\u0161i\u0107a 10, 10 000 Zagreb, Croatie<br \/>\u00c9PINGLE : 12061569340<br \/>+385 (0)98 611 467<br \/>info@bonafidesinvest.eu<\/span><\/p>\n<p style=\"text-align: justify;\"><span style=\"color: #000000;\"><strong>Finalit\u00e9s et base juridique du traitement des donn\u00e9es<\/strong><\/span><\/p>\n<p style=\"text-align: justify;\"><span style=\"color: #000000;\">Nous utilisons vos donn\u00e9es personnelles exclusivement pour la mise en relation des investisseurs et des porteurs de projets, la correspondance commerciale et l'envoi de notifications, et nous ne les transmettons pas et ne les utilisons pas \u00e0 des fins impr\u00e9vues.<\/span><\/p>\n<p style=\"text-align: justify;\"><span style=\"color: #000000;\"><strong>Les donn\u00e9es que nous collectons peuvent contenir :<br \/><\/strong><\/span><\/p>\n<ul>\n<li style=\"text-align: justify;\"><span style=\"color: #000000;\">Nom et pr\u00e9nom \/ nom de l'entreprise ;<\/span><\/li>\n<li style=\"text-align: justify;\"><span style=\"color: #000000;\">Adresse postale ;<\/span><\/li>\n<li style=\"text-align: justify;\"><span style=\"color: #000000;\">Adresse \u00e9lectronique ;<\/span><\/li>\n<li style=\"text-align: justify;\"><span style=\"color: #000000;\">Num\u00e9ro de t\u00e9l\u00e9phone mobile ou num\u00e9ro de t\u00e9l\u00e9phone fixe.<\/span><\/li>\n<\/ul>\n<p><span style=\"color: #000000;\"><strong style=\"text-align: left;\">Notification par courrier \u00e9lectronique<\/strong><\/span><\/p>\n<p style=\"text-align: justify;\"><span style=\"color: #000000;\">Nous utilisons la plateforme Mailchimp pour d\u00e9livrer des newsletters, ainsi que pour g\u00e9rer les listes de destinataires et les enregistrements de d\u00e9sinscription, et prenons toutes les mesures n\u00e9cessaires pour prot\u00e9ger les donn\u00e9es conform\u00e9ment \u00e0 la r\u00e9glementation sur la protection des donn\u00e9es personnelles. Vous avez le droit d'accepter ou de refuser de recevoir nos communications.<\/span><\/p>\n<p style=\"text-align: justify;\"><span style=\"color: #000000;\"><strong>Droits de l'utilisateur<\/strong><\/span><\/p>\n<p style=\"text-align: justify;\"><span style=\"color: #000000;\">Nous vous garantissons les droits suivants :<\/span><\/p>\n<p><span style=\"color: #000000;\"><\/span><\/p>\n<p><span style=\"color: #000000;\"><\/span><\/p>\n<p><span style=\"color: #000000;\"><\/span><\/p>\n<ul>\n<li><span style=\"color: #000000;\">Le droit d'acc\u00e8s (informations sur l'\u00e9tendue et le type) de vos donn\u00e9es ;<\/span><\/li>\n<li><span style=\"color: #000000;\">Le droit \u00e0 la rectification (concerne les informations que vous avez fournies) ;<\/span><\/li>\n<li><span style=\"color: #000000;\">Le droit \u00e0 l'oubli ;<\/span><\/li>\n<li><span style=\"color: #000000;\">Le droit de se plaindre de l'utilisation des donn\u00e9es personnelles.<\/span><\/li>\n<\/ul>\n<p><span style=\"color: #000000;\"><\/span><\/p>\n<ul class=\"wp-block-list\"><\/ul>\n<p><span style=\"color: #000000;\"><\/span><\/p>\n<p><span style=\"color: #000000;\"><strong>Droit d'acc\u00e8s<\/strong><\/span><\/p>\n<p><span style=\"color: #000000;\"><\/span><\/p>\n<p style=\"text-align: justify;\"><span style=\"color: #000000;\">Vous avez le droit d'obtenir des informations sur les donn\u00e9es \u00e0 caract\u00e8re personnel vous concernant que nous g\u00e9rons et conservons en m\u00e9moire.<\/span><\/p>\n<p style=\"text-align: justify;\"><span style=\"color: #000000;\"><strong>Droit de rectification<\/strong><\/span><\/p>\n<p style=\"text-align: justify;\"><span style=\"color: #000000;\">Vous avez le droit de corriger les donn\u00e9es personnelles incorrectes vous concernant, ce que nous ferons dans un d\u00e9lai de 3 jours ouvrables.<\/span><\/p>\n<p style=\"text-align: justify;\"><span style=\"color: #000000;\"><strong>Droit \u00e0 l'effacement (droit \u00e0 l'oubli)<\/strong><\/span><\/p>\n<p style=\"text-align: justify;\"><span style=\"color: #000000;\">Vous avez le droit d'obtenir l'anonymisation de vos donn\u00e9es \u00e0 caract\u00e8re personnel dans les meilleurs d\u00e9lais si vous ne voulez plus \u00eatre un utilisateur des services ou si vous ne voulez pas que nous utilisions vos donn\u00e9es \u00e0 caract\u00e8re personnel aux fins indiqu\u00e9es.<\/span><\/p>\n<p style=\"text-align: justify;\"><span style=\"color: #000000;\"><strong>Le droit de s'opposer \u00e0 l'utilisation de donn\u00e9es \u00e0 caract\u00e8re personnel<\/strong><\/span><\/p>\n<p style=\"text-align: justify;\"><span style=\"color: #000000;\">Si le traitement de vos donn\u00e9es personnelles est fond\u00e9 sur la r\u00e9alisation de nos int\u00e9r\u00eats l\u00e9gitimes, vous avez le droit de vous opposer \u00e0 tout moment \u00e0 ce traitement de donn\u00e9es personnelles dans la mesure o\u00f9 le traitement concerne vos donn\u00e9es. Si vous d\u00e9posez une telle objection :<\/span><\/p>\n<ul>\n<li style=\"text-align: justify;\"><span style=\"color: #000000;\">concernant les notifications (\"newsletter\") - nous n'utiliserons pas vos donn\u00e9es personnelles \u00e0 cette fin ;<\/span><\/li>\n<li style=\"text-align: justify;\"><span style=\"color: #000000;\">li\u00e9s \u00e0 d'autres cas d'int\u00e9r\u00eat l\u00e9gitime - nous ne traiterons plus vos donn\u00e9es \u00e0 caract\u00e8re personnel aux fins auxquelles la plainte se rapporte.<\/span><\/li>\n<\/ul>\n<p style=\"text-align: justify;\"><span style=\"color: #000000;\"><strong>Cookies<\/strong><\/span><\/p>\n<p style=\"text-align: justify;\"><span style=\"color: #000000;\">Nous utilisons des cookies sur notre site web pour activer certaines fonctions techniques et faciliter votre navigation sur notre site.<\/span><\/p>\n<p style=\"text-align: justify;\"><span style=\"color: #000000;\"><strong>Comment exercer vos droits<\/strong><\/span><\/p>\n<p style=\"text-align: justify;\"><span style=\"color: #000000;\">Pour toute question ou demande concernant vos donn\u00e9es personnelles, veuillez contacter nos coordinateurs de la protection des donn\u00e9es \u00e0 l'adresse \u00e9lectronique info@bonafidesinvest.eu avec la mention PROTECTION DES DONN\u00c9ES dans le \"Sujet\".<\/span><\/p>\n<p style=\"text-align: justify;\"><span style=\"color: #000000;\">Nous traiterons vos demandes et requ\u00eates dans les meilleurs d\u00e9lais et conform\u00e9ment aux obligations l\u00e9gales, et nous vous informerons des mesures que nous avons prises.<\/span><\/p>\n<p><span style=\"color: #000000;\"><\/span><\/p>\n<p><span style=\"color: #000000;\"><\/span><\/p>\n<p><span style=\"color: #000000;\"><\/span><\/p>\n<p><span style=\"color: #000000;\"><\/span><\/p>\n<p><span style=\"color: #000000;\"><\/span><\/p>\n<p><span style=\"color: #000000;\"><\/span><\/p>\n<p><span style=\"color: #000000;\"><\/span><\/p>\n<p><span style=\"color: #000000;\"><\/span><\/p>\n<p><span style=\"color: #000000;\"><\/span><\/p>\n<p><span style=\"color: #000000;\"><\/span><\/p>\n<p><span style=\"color: #000000;\"><\/span><\/p>\n<p><span style=\"color: #000000;\"><\/span><\/p>\t\t\t\t\t\t\t\t<\/div>\n\t\t\t\t<\/div>\n\t\t\t\t\t<\/div>\n\t\t<\/div>\n\t\t\t\t\t<\/div>\n\t\t<\/section>\n\t\t\t\t<\/div>","protected":false},"excerpt":{"rendered":"<p>Personal data gathering and protection statement Your privacy is important to us. We want you to feel safe with us, and we act in accordance with that and the legal [&hellip;]<\/p>\n","protected":false},"author":1,"featured_media":0,"parent":0,"menu_order":0,"comment_status":"closed","ping_status":"closed","template":"","meta":{"footnotes":""},"class_list":["post-2528","page","type-page","status-publish","hentry"],"wpcf_dashboard":"<div class=\"woocommerce\"><div class=\"woocommerce-info\">Please log in first? <a class=\"wpneoShowLogin\" href=\"#\">Click here to login<\/a><\/div><div class=\"wpneo_login_form_div\" style=\"display: none;\"><form name=\"loginform\" id=\"loginform\" action=\"https:\/\/bonafidesinvest.eu\/wp-login.php\" method=\"post\"><p class=\"login-username\">\n\t\t\t\t<label for=\"user_login\">Identifiant ou adresse e-mail<\/label>\n\t\t\t\t<input type=\"text\" name=\"log\" id=\"user_login\" autocomplete=\"username\" class=\"input\" value=\"\" size=\"20\" \/>\n\t\t\t<\/p><p class=\"login-password\">\n\t\t\t\t<label for=\"user_pass\">Mot de passe<\/label>\n\t\t\t\t<input type=\"password\" name=\"pwd\" id=\"user_pass\" autocomplete=\"current-password\" spellcheck=\"false\" class=\"input\" value=\"\" size=\"20\" \/>\n\t\t\t<\/p><p class=\"login-remember\"><label><input name=\"rememberme\" type=\"checkbox\" id=\"rememberme\" value=\"forever\" \/> Se souvenir de moi<\/label><\/p><p class=\"login-submit\">\n\t\t\t\t<input type=\"submit\" name=\"wp-submit\" id=\"wp-submit\" class=\"button button-primary\" value=\"Se connecter\" \/>\n\t\t\t\t<input type=\"hidden\" name=\"redirect_to\" value=\"https:\/\/bonafidesinvest.eu\/fr\/wp-json\/wp\/v2\/pages\/2528\" \/>\n\t\t\t<\/p><\/form><\/div><\/div>","_links":{"self":[{"href":"https:\/\/bonafidesinvest.eu\/fr\/wp-json\/wp\/v2\/pages\/2528","targetHints":{"allow":["GET"]}}],"collection":[{"href":"https:\/\/bonafidesinvest.eu\/fr\/wp-json\/wp\/v2\/pages"}],"about":[{"href":"https:\/\/bonafidesinvest.eu\/fr\/wp-json\/wp\/v2\/types\/page"}],"author":[{"embeddable":true,"href":"https:\/\/bonafidesinvest.eu\/fr\/wp-json\/wp\/v2\/users\/1"}],"replies":[{"embeddable":true,"href":"https:\/\/bonafidesinvest.eu\/fr\/wp-json\/wp\/v2\/comments?post=2528"}],"version-history":[{"count":0,"href":"https:\/\/bonafidesinvest.eu\/fr\/wp-json\/wp\/v2\/pages\/2528\/revisions"}],"wp:attachment":[{"href":"https:\/\/bonafidesinvest.eu\/fr\/wp-json\/wp\/v2\/media?parent=2528"}],"curies":[{"name":"wp","href":"https:\/\/api.w.org\/{rel}","templated":true}]}}