{"id":7786,"date":"2024-02-13T17:27:54","date_gmt":"2024-02-13T15:27:54","guid":{"rendered":"https:\/\/bonafidesinvest.eu\/?page_id=7786"},"modified":"2024-03-16T03:16:28","modified_gmt":"2024-03-16T01:16:28","slug":"viestit","status":"publish","type":"page","link":"https:\/\/bonafidesinvest.eu\/fi\/messages\/","title":{"rendered":"Viestit"},"content":{"rendered":"<div data-elementor-type=\"wp-page\" data-elementor-id=\"7786\" class=\"elementor elementor-7786\">\n\t\t\t\t\t\t<section class=\"elementor-section elementor-top-section elementor-element elementor-element-44765eb elementor-section-boxed elementor-section-height-default elementor-section-height-default\" data-id=\"44765eb\" data-element_type=\"section\" data-e-type=\"section\">\n\t\t\t\t\t\t<div class=\"elementor-container elementor-column-gap-default\">\n\t\t\t\t\t<div class=\"elementor-column elementor-col-100 elementor-top-column elementor-element elementor-element-fa4bf63\" data-id=\"fa4bf63\" data-element_type=\"column\" data-e-type=\"column\">\n\t\t\t<div class=\"elementor-widget-wrap elementor-element-populated\">\n\t\t\t\t\t\t<div class=\"elementor-element elementor-element-6a1881a elementor-widget elementor-widget-text-editor\" data-id=\"6a1881a\" data-element_type=\"widget\" data-e-type=\"widget\" data-widget_type=\"text-editor.default\">\n\t\t\t\t<div class=\"elementor-widget-container\">\n\t\t\t\t\t\t\t\t\t<p><span style=\"color: #000000;\">Hei Bona Fides Invest!<\/span><\/p><p><span style=\"color: #000000;\">Kiitos tilauksestasi!<\/span><\/p><p><span style=\"color: #000000;\">Tilauksesi on pid\u00e4tetty, kunnes vahvistamme, ett\u00e4 maksu on vastaanotettu. Tilauksesi tiedot n\u00e4kyv\u00e4t alla:<\/span><\/p><h2>Tilauksen tiedot<\/h2><table border=\"0\" width=\"100%\" cellspacing=\"0\" cellpadding=\"0\"><tbody><tr><td align=\"left\" valign=\"middle\"><h3><em><span style=\"color: #000000;\">Tilausnumero:<\/span><\/em><\/h3><\/td><td align=\"right\" valign=\"middle\"><h3><span style=\"color: #000000;\"><em>Tilausp\u00e4iv\u00e4:<\/em>\u00a0<\/span><\/h3><\/td><\/tr><\/tbody><\/table><div><div class=\"adm\"><div id=\"q_97\" class=\"ajR h4\" data-tooltip=\"Sakrivanje pro\u0161irenog sadr\u017eaja\" aria-label=\"Sakrivanje pro\u0161irenog sadr\u017eaja\" aria-expanded=\"true\"><div class=\"ajT\">\u00a0<\/div><\/div><\/div><div class=\"im\"><table border=\"0\" width=\"100%\" cellspacing=\"0\" cellpadding=\"6\"><thead><tr><th scope=\"col\" align=\"left\"><span style=\"color: #000000;\">Tuote<\/span><\/th><th scope=\"col\" align=\"center\"><span style=\"color: #000000;\">M\u00e4\u00e4r\u00e4<\/span><\/th><th scope=\"col\" align=\"right\"><span style=\"color: #000000;\">Hinta<\/span><\/th><\/tr><\/thead><\/table><p><span style=\"color: #000000;\">Kiitos tuesta!<\/span><\/p><p><span style=\"color: #000000;\">Maksusi on rekister\u00f6ity<\/span><\/p><p style=\"text-align: justify;\"><span style=\"color: #000000;\">Haluamme ilmoittaa, ett\u00e4 maksu on virallisesti merkitty kampanjasivulle.\u00a0<\/span><\/p><p style=\"text-align: justify;\"><span style=\"color: #000000;\"><strong>Digitaalinen kiitosviesti<\/strong><\/span><br \/><span style=\"color: #000000;\">Voit ladata digitaalisen kiitoskirjeesi\u00a0<a style=\"color: #000000;\" href=\"https:\/\/bonafidesinvest.eu\/fi\/digitaaliset-kiitoskortit\/?customize_changeset_uuid=c75dad4d-2a69-4b01-9395-da689ff3dd0d&amp;customize_autosaved=on&amp;customize_messenger_channel=preview-2\">t\u00e4\u00e4ll\u00e4<\/a>. Kun olet ladannut kiitosviestin ja kirjoittanut siihen nimen, jaa se sosiaalisessa mediassa yst\u00e4viesi kanssa kannustaaksesi heit\u00e4 tukemaan kampanjaa.<\/span><\/p><p style=\"text-align: justify;\"><span style=\"color: #000000;\">HUOM:<\/span><br \/><span style=\"color: #000000;\">Yritysten kirjanpitoa varten riitt\u00e4\u00e4 pankkitiliote maksusta ja kopio t\u00e4st\u00e4 s\u00e4hk\u00f6postista vahvistukseksi lahjoituksen vastaanottamisesta. Lahjoittajat voivat lis\u00e4ksi ladata lahjoitusvahvistuslomakkeen liikeyrityksille.\u00a0<a style=\"color: #000000;\" href=\"https:\/\/bonafidesinvest.eu\/fi\/donation-confirmation-form-for-business-entities\/?customize_changeset_uuid=c75dad4d-2a69-4b01-9395-da689ff3dd0d&amp;customize_autosaved=on&amp;customize_messenger_channel=preview-2\">t\u00e4\u00e4ll\u00e4<\/a>\u00a0ja t\u00e4yt\u00e4 se henkil\u00f6kohtaisesti.<\/span><\/p><p style=\"text-align: justify;\"><span style=\"color: #000000;\">Kansalaiset voivat saada verov\u00e4hennyksen samoin kuin yritykset. T\u00e4t\u00e4 tarkoitusta varten on k\u00e4ytett\u00e4v\u00e4 pankkitiliotetta maksusta ja kopiota t\u00e4st\u00e4 s\u00e4hk\u00f6postista vahvistuksena lahjoituksen vastaanottamisesta. Lahjoittajat voivat lis\u00e4ksi ladata lahjoitusvahvistuslomakkeen luonnollisille henkil\u00f6ille.\u00a0<a style=\"color: #000000;\" href=\"https:\/\/bonafidesinvest.eu\/fi\/donation-confirmation-form-for-natural-persons\/?customize_changeset_uuid=c75dad4d-2a69-4b01-9395-da689ff3dd0d&amp;customize_autosaved=on&amp;customize_messenger_channel=preview-2\">t\u00e4\u00e4ll\u00e4<\/a>\u00a0ja t\u00e4yt\u00e4 se henkil\u00f6kohtaisesti.<\/span><\/p><p><span style=\"color: #000000;\">Laskutusosoite<\/span><\/p><p><span style=\"color: #000000;\">Odotamme innolla tilauksesi t\u00e4ytt\u00e4mist\u00e4 pian.<\/span><\/p><p><span style=\"color: #000000;\">Kroatian kuna (kn) -m\u00e4\u00e4r\u00e4 saadaan muuntamalla hinta CNB:n kiinte\u00e4n valuuttakurssin mukaisesti:<br \/>1 EUR = 7,53450 HRK<\/span><\/p><p><span style=\"color: #000000;\">Tilauksesi on vastaanotettu ja sit\u00e4 k\u00e4sitell\u00e4\u00e4n parhaillaan. Tilauksesi tiedot n\u00e4kyv\u00e4t alla:<\/span><\/p><p><span style=\"color: #000000;\">Kiitos!<\/span><\/p><h2><span style=\"color: #000000;\">Valittu palkkio<\/span><\/h2><ul><li><span style=\"color: #000000;\">M\u00e4\u00e4r\u00e4:\u00a0<u><\/u><\/span><\/li><li><span style=\"color: #000000;\">Toimitus: ,<\/span><\/li><li><span style=\"color: #000000;\">Palkinnon yksityiskohdat:\u00a0<\/span><\/li><\/ul><div><h3><span style=\"color: #000000;\">Lis\u00e4tietoja<\/span><\/h3><p><span style=\"color: #000000;\">Valitse, jos et halua palkkiota lahjoituksen yhteydess\u00e4: Kyll\u00e4<\/span><\/p><\/div><\/div><\/div>\t\t\t\t\t\t\t\t<\/div>\n\t\t\t\t<\/div>\n\t\t\t\t\t<\/div>\n\t\t<\/div>\n\t\t\t\t\t<\/div>\n\t\t<\/section>\n\t\t\t\t<\/div>","protected":false},"excerpt":{"rendered":"<p>Hello from Bona Fides Invest! Thanks for your order! Your order is on-hold until we confirm payment has been received. Your order details are shown below for your reference: Order [&hellip;]<\/p>\n","protected":false},"author":1,"featured_media":0,"parent":0,"menu_order":0,"comment_status":"closed","ping_status":"closed","template":"","meta":{"footnotes":""},"class_list":["post-7786","page","type-page","status-publish","hentry"],"wpcf_dashboard":"<div class=\"woocommerce\"><div class=\"woocommerce-info\">Please log in first? <a class=\"wpneoShowLogin\" href=\"#\">Click here to login<\/a><\/div><div class=\"wpneo_login_form_div\" style=\"display: none;\"><form name=\"loginform\" id=\"loginform\" action=\"https:\/\/bonafidesinvest.eu\/wp-login.php\" method=\"post\"><p class=\"login-username\">\n\t\t\t\t<label for=\"user_login\">K\u00e4ytt\u00e4j\u00e4tunnus tai s\u00e4hk\u00f6postiosoite<\/label>\n\t\t\t\t<input type=\"text\" name=\"log\" id=\"user_login\" autocomplete=\"username\" class=\"input\" value=\"\" size=\"20\" \/>\n\t\t\t<\/p><p class=\"login-password\">\n\t\t\t\t<label for=\"user_pass\">Salasana<\/label>\n\t\t\t\t<input type=\"password\" name=\"pwd\" id=\"user_pass\" autocomplete=\"current-password\" spellcheck=\"false\" class=\"input\" value=\"\" size=\"20\" \/>\n\t\t\t<\/p><p class=\"login-remember\"><label><input name=\"rememberme\" type=\"checkbox\" id=\"rememberme\" value=\"forever\" \/> Muista minut<\/label><\/p><p class=\"login-submit\">\n\t\t\t\t<input type=\"submit\" name=\"wp-submit\" id=\"wp-submit\" class=\"button button-primary\" value=\"Kirjaudu sis\u00e4\u00e4n\" \/>\n\t\t\t\t<input type=\"hidden\" name=\"redirect_to\" value=\"https:\/\/bonafidesinvest.eu\/fi\/wp-json\/wp\/v2\/pages\/7786\" \/>\n\t\t\t<\/p><\/form><\/div><\/div>","_links":{"self":[{"href":"https:\/\/bonafidesinvest.eu\/fi\/wp-json\/wp\/v2\/pages\/7786","targetHints":{"allow":["GET"]}}],"collection":[{"href":"https:\/\/bonafidesinvest.eu\/fi\/wp-json\/wp\/v2\/pages"}],"about":[{"href":"https:\/\/bonafidesinvest.eu\/fi\/wp-json\/wp\/v2\/types\/page"}],"author":[{"embeddable":true,"href":"https:\/\/bonafidesinvest.eu\/fi\/wp-json\/wp\/v2\/users\/1"}],"replies":[{"embeddable":true,"href":"https:\/\/bonafidesinvest.eu\/fi\/wp-json\/wp\/v2\/comments?post=7786"}],"version-history":[{"count":0,"href":"https:\/\/bonafidesinvest.eu\/fi\/wp-json\/wp\/v2\/pages\/7786\/revisions"}],"wp:attachment":[{"href":"https:\/\/bonafidesinvest.eu\/fi\/wp-json\/wp\/v2\/media?parent=7786"}],"curies":[{"name":"wp","href":"https:\/\/api.w.org\/{rel}","templated":true}]}}