{"id":2528,"date":"2023-04-03T17:07:19","date_gmt":"2023-04-03T17:07:19","guid":{"rendered":"https:\/\/bonafidesinvest.eu\/?page_id=2528"},"modified":"2023-04-04T01:06:50","modified_gmt":"2023-04-04T01:06:50","slug":"yksityisyyden-suojaa-koskeva-politiikka","status":"publish","type":"page","link":"https:\/\/bonafidesinvest.eu\/fi\/privacy-policy\/","title":{"rendered":"Tietosuojak\u00e4yt\u00e4nt\u00f6"},"content":{"rendered":"<div data-elementor-type=\"wp-page\" data-elementor-id=\"2528\" class=\"elementor elementor-2528\">\n\t\t\t\t\t\t<section class=\"elementor-section elementor-top-section elementor-element elementor-element-718aa932 elementor-section-boxed elementor-section-height-default elementor-section-height-default\" data-id=\"718aa932\" data-element_type=\"section\" data-e-type=\"section\">\n\t\t\t\t\t\t<div class=\"elementor-container elementor-column-gap-default\">\n\t\t\t\t\t<div class=\"elementor-column elementor-col-100 elementor-top-column elementor-element elementor-element-1671caf6\" data-id=\"1671caf6\" data-element_type=\"column\" data-e-type=\"column\">\n\t\t\t<div class=\"elementor-widget-wrap elementor-element-populated\">\n\t\t\t\t\t\t<div class=\"elementor-element elementor-element-75c0122f elementor-widget elementor-widget-text-editor\" data-id=\"75c0122f\" data-element_type=\"widget\" data-e-type=\"widget\" data-widget_type=\"text-editor.default\">\n\t\t\t\t<div class=\"elementor-widget-container\">\n\t\t\t\t\t\t\t\t\t<p><span style=\"color: #000000;\"><\/span><\/p>\n<p style=\"text-align: justify;\"><span style=\"color: #000000;\"><strong>Henkil\u00f6tietojen keruu ja tietosuojaseloste<\/strong><\/span><\/p>\n<p style=\"text-align: justify;\"><span style=\"color: #000000;\">Yksityisyytesi on meille t\u00e4rke\u00e4\u00e4. Haluamme, ett\u00e4 tunnet olosi turvalliseksi kanssamme, ja toimimme sen ja henkil\u00f6tietojen suojaa koskevien s\u00e4\u00e4d\u00f6sten mukaisesti.<\/span><\/p>\n<p style=\"text-align: justify;\"><span style=\"color: #000000;\">Seuraavassa kerromme sinulle, mihin tarkoituksiin ker\u00e4\u00e4mme ja k\u00e4yt\u00e4mme henkil\u00f6tietojasi ja miten voit valvoa n\u00e4it\u00e4 menettelyj\u00e4 ja k\u00e4ytt\u00e4\u00e4 oikeuksiasi.<\/span><\/p>\n<p style=\"text-align: justify;\"><span style=\"color: #000000;\">Tietotekniikkaj\u00e4rjestelm\u00e4mme on suojattu teknisin ja organisatorisin toimenpitein tietojesi luvattomalta k\u00e4yt\u00f6lt\u00e4, muuttamiselta tai levitt\u00e4miselt\u00e4 sek\u00e4 tietojen h\u00e4vi\u00e4miselt\u00e4 tai poistamiselta.<\/span><\/p>\n<p style=\"text-align: justify;\"><span style=\"color: #000000;\">Kaikki k\u00e4ytt\u00e4j\u00e4tiedot ovat tiukasti suojattuja, ja ne ovat vain niiden ty\u00f6ntekij\u00f6iden saatavilla, jotka tarvitsevat niit\u00e4 ty\u00f6ns\u00e4 suorittamiseen. Kaikki ty\u00f6ntekij\u00e4mme ja liikekumppanimme ovat vastuussa luottamuksellisuuden suojaamisen periaatteiden noudattamisesta.<\/span><\/p>\n<p style=\"text-align: justify;\"><span style=\"color: #000000;\">K\u00e4ytt\u00e4j\u00e4n\u00e4 sinulla on oikeus saada tietoa henkil\u00f6tietojesi k\u00e4sittelyst\u00e4 ja tehd\u00e4 pyynt\u00f6j\u00e4 oikeuksiesi k\u00e4ytt\u00e4miseksi.<\/span><\/p>\n<p style=\"text-align: justify;\"><span style=\"color: #000000;\">Henkil\u00f6tietoja k\u00e4sittelev\u00e4t:<br \/>Sosiaalisten innovaatioiden ja kest\u00e4v\u00e4n kehityksen keskus (CEDIOR)<br \/>Ante Jak\u0161i\u0107a 10, 10 000 Zagreb, Kroatia<br \/>PIN: 12061569340<br \/>+385 (0)98 611 467<br \/>info@bonafidesinvest.eu<\/span><\/p>\n<p style=\"text-align: justify;\"><span style=\"color: #000000;\"><strong>Tietojen k\u00e4sittelyn tarkoitukset ja oikeusperusta<\/strong><\/span><\/p>\n<p style=\"text-align: justify;\"><span style=\"color: #000000;\">K\u00e4yt\u00e4mme henkil\u00f6tietojasi yksinomaan sijoittajien ja hankkeiden haltijoiden v\u00e4liseen yhteydenpitoon, liikekirjeenvaihtoon ja ilmoitusten l\u00e4hett\u00e4miseen, emmek\u00e4 luovuta niit\u00e4 eteenp\u00e4in emmek\u00e4 k\u00e4yt\u00e4 niit\u00e4 ennalta arvaamattomiin tarkoituksiin.<\/span><\/p>\n<p style=\"text-align: justify;\"><span style=\"color: #000000;\"><strong>Ker\u00e4\u00e4m\u00e4mme tiedot voivat sis\u00e4lt\u00e4\u00e4:<br \/><\/strong><\/span><\/p>\n<ul>\n<li style=\"text-align: justify;\"><span style=\"color: #000000;\">Etu- ja sukunimi \/ yrityksen nimi;<\/span><\/li>\n<li style=\"text-align: justify;\"><span style=\"color: #000000;\">Postiosoite;<\/span><\/li>\n<li style=\"text-align: justify;\"><span style=\"color: #000000;\">S\u00e4hk\u00f6postiosoite;<\/span><\/li>\n<li style=\"text-align: justify;\"><span style=\"color: #000000;\">Matkapuhelinnumero tai lankapuhelinnumero.<\/span><\/li>\n<\/ul>\n<p><span style=\"color: #000000;\"><strong style=\"text-align: left;\">Ilmoitus s\u00e4hk\u00f6postitse<\/strong><\/span><\/p>\n<p style=\"text-align: justify;\"><span style=\"color: #000000;\">K\u00e4yt\u00e4mme Mailchimp-alustaa uutiskirjeiden l\u00e4hett\u00e4miseen sek\u00e4 vastaanottajalistojen ja peruutustietueiden hallintaan ja toteutamme kaikki tarvittavat toimenpiteet tietojen suojaamiseksi henkil\u00f6tietojen suojaa koskevien s\u00e4\u00e4nn\u00f6sten mukaisesti. Sinulla on oikeus hyv\u00e4ksy\u00e4 tai kielt\u00e4yty\u00e4 vastaanottamasta viestint\u00e4\u00e4mme.<\/span><\/p>\n<p style=\"text-align: justify;\"><span style=\"color: #000000;\"><strong>K\u00e4ytt\u00e4j\u00e4n oikeudet<\/strong><\/span><\/p>\n<p style=\"text-align: justify;\"><span style=\"color: #000000;\">Takaamme sinulle seuraavat oikeudet:<\/span><\/p>\n<p><span style=\"color: #000000;\"><\/span><\/p>\n<p><span style=\"color: #000000;\"><\/span><\/p>\n<p><span style=\"color: #000000;\"><\/span><\/p>\n<ul>\n<li><span style=\"color: #000000;\">Oikeus saada p\u00e4\u00e4sy tietoihin (tiedot tietojen laajuudesta ja tyypist\u00e4);<\/span><\/li>\n<li><span style=\"color: #000000;\">Oikeus oikaisuun (koskee antamiasi tietoja);<\/span><\/li>\n<li><span style=\"color: #000000;\">Oikeus tulla unohdetuksi;<\/span><\/li>\n<li><span style=\"color: #000000;\">Oikeus valittaa henkil\u00f6tietojen k\u00e4yt\u00f6st\u00e4.<\/span><\/li>\n<\/ul>\n<p><span style=\"color: #000000;\"><\/span><\/p>\n<ul class=\"wp-block-list\"><\/ul>\n<p><span style=\"color: #000000;\"><\/span><\/p>\n<p><span style=\"color: #000000;\"><strong>P\u00e4\u00e4syoikeus<\/strong><\/span><\/p>\n<p><span style=\"color: #000000;\"><\/span><\/p>\n<p style=\"text-align: justify;\"><span style=\"color: #000000;\">Sinulla on oikeus saada tietoja henkil\u00f6tiedoistasi, joita me hallinnoimme ja s\u00e4ilyt\u00e4mme.<\/span><\/p>\n<p style=\"text-align: justify;\"><span style=\"color: #000000;\"><strong>Oikeus oikaisuun<\/strong><\/span><\/p>\n<p style=\"text-align: justify;\"><span style=\"color: #000000;\">Sinulla on oikeus oikaista sinua koskevat virheelliset henkil\u00f6tiedot, mink\u00e4 teemme 3 ty\u00f6p\u00e4iv\u00e4n kuluessa.<\/span><\/p>\n<p style=\"text-align: justify;\"><span style=\"color: #000000;\"><strong>Oikeus tietojen poistamiseen (oikeus tulla unohdetuksi)<\/strong><\/span><\/p>\n<p style=\"text-align: justify;\"><span style=\"color: #000000;\">Sinulla on oikeus saada henkil\u00f6tietosi anonymisoitua ilman aiheetonta viivytyst\u00e4, jos et halua en\u00e4\u00e4 k\u00e4ytt\u00e4\u00e4 palveluita tai jos et halua, ett\u00e4 k\u00e4yt\u00e4mme henkil\u00f6tietojasi ilmoitettuihin tarkoituksiin.<\/span><\/p>\n<p style=\"text-align: justify;\"><span style=\"color: #000000;\"><strong>Oikeus vastustaa henkil\u00f6tietojen k\u00e4ytt\u00f6\u00e4<\/strong><\/span><\/p>\n<p style=\"text-align: justify;\"><span style=\"color: #000000;\">Jos henkil\u00f6tietojesi k\u00e4sittely perustuu oikeutettujen etujemme toteuttamiseen, sinulla on oikeus milloin tahansa vastustaa t\u00e4llaista henkil\u00f6tietojen k\u00e4sittely\u00e4 silt\u00e4 osin kuin k\u00e4sittely koskee sinun tietojasi. Jos teet t\u00e4llaisen vastalauseen:<\/span><\/p>\n<ul>\n<li style=\"text-align: justify;\"><span style=\"color: #000000;\">ilmoitukset (\"uutiskirje\") - emme k\u00e4yt\u00e4 henkil\u00f6tietojasi t\u00e4h\u00e4n tarkoitukseen;<\/span><\/li>\n<li style=\"text-align: justify;\"><span style=\"color: #000000;\">muihin oikeutettuun etuun liittyviin tapauksiin liittyen - emme k\u00e4sittele henkil\u00f6tietojasi enemp\u00e4\u00e4 tarkoitusta varten, johon valitus liittyy.<\/span><\/li>\n<\/ul>\n<p style=\"text-align: justify;\"><span style=\"color: #000000;\"><strong>Ev\u00e4steet<\/strong><\/span><\/p>\n<p style=\"text-align: justify;\"><span style=\"color: #000000;\">K\u00e4yt\u00e4mme verkkosivuillamme tietokoneev\u00e4stej\u00e4, jotta voimme mahdollistaa tietyt tekniset ominaisuudet ja helpottaa verkkosivuillamme liikkumista.<\/span><\/p>\n<p style=\"text-align: justify;\"><span style=\"color: #000000;\"><strong>Miten voit k\u00e4ytt\u00e4\u00e4 oikeuksiasi<\/strong><\/span><\/p>\n<p style=\"text-align: justify;\"><span style=\"color: #000000;\">Kaikissa henkil\u00f6tietojasi koskevissa kysymyksiss\u00e4 ja pyynn\u00f6iss\u00e4 ota yhteytt\u00e4 tietosuojakoordinaattoreihimme s\u00e4hk\u00f6postiosoitteessa info@bonafidesinvest.eu, jonka \"Aihe\" -kentt\u00e4\u00e4n on merkitty DATA PROTECTION.<\/span><\/p>\n<p style=\"text-align: justify;\"><span style=\"color: #000000;\">K\u00e4sittelemme tiedustelusi ja pyynt\u00f6si ilman aiheetonta viivytyst\u00e4 ja lakis\u00e4\u00e4teisten velvoitteiden mukaisesti ja ilmoitamme sinulle toteuttamistamme toimenpiteist\u00e4.<\/span><\/p>\n<p><span style=\"color: #000000;\"><\/span><\/p>\n<p><span style=\"color: #000000;\"><\/span><\/p>\n<p><span style=\"color: #000000;\"><\/span><\/p>\n<p><span style=\"color: #000000;\"><\/span><\/p>\n<p><span style=\"color: #000000;\"><\/span><\/p>\n<p><span style=\"color: #000000;\"><\/span><\/p>\n<p><span style=\"color: #000000;\"><\/span><\/p>\n<p><span style=\"color: #000000;\"><\/span><\/p>\n<p><span style=\"color: #000000;\"><\/span><\/p>\n<p><span style=\"color: #000000;\"><\/span><\/p>\n<p><span style=\"color: #000000;\"><\/span><\/p>\n<p><span style=\"color: #000000;\"><\/span><\/p>\t\t\t\t\t\t\t\t<\/div>\n\t\t\t\t<\/div>\n\t\t\t\t\t<\/div>\n\t\t<\/div>\n\t\t\t\t\t<\/div>\n\t\t<\/section>\n\t\t\t\t<\/div>","protected":false},"excerpt":{"rendered":"<p>Personal data gathering and protection statement Your privacy is important to us. We want you to feel safe with us, and we act in accordance with that and the legal [&hellip;]<\/p>\n","protected":false},"author":1,"featured_media":0,"parent":0,"menu_order":0,"comment_status":"closed","ping_status":"closed","template":"","meta":{"footnotes":""},"class_list":["post-2528","page","type-page","status-publish","hentry"],"wpcf_dashboard":"<div class=\"woocommerce\"><div class=\"woocommerce-info\">Please log in first? <a class=\"wpneoShowLogin\" href=\"#\">Click here to login<\/a><\/div><div class=\"wpneo_login_form_div\" style=\"display: none;\"><form name=\"loginform\" id=\"loginform\" action=\"https:\/\/bonafidesinvest.eu\/wp-login.php\" method=\"post\"><p class=\"login-username\">\n\t\t\t\t<label for=\"user_login\">K\u00e4ytt\u00e4j\u00e4tunnus tai s\u00e4hk\u00f6postiosoite<\/label>\n\t\t\t\t<input type=\"text\" name=\"log\" id=\"user_login\" autocomplete=\"username\" class=\"input\" value=\"\" size=\"20\" \/>\n\t\t\t<\/p><p class=\"login-password\">\n\t\t\t\t<label for=\"user_pass\">Salasana<\/label>\n\t\t\t\t<input type=\"password\" name=\"pwd\" id=\"user_pass\" autocomplete=\"current-password\" spellcheck=\"false\" class=\"input\" value=\"\" size=\"20\" \/>\n\t\t\t<\/p><p class=\"login-remember\"><label><input name=\"rememberme\" type=\"checkbox\" id=\"rememberme\" value=\"forever\" \/> Muista minut<\/label><\/p><p class=\"login-submit\">\n\t\t\t\t<input type=\"submit\" name=\"wp-submit\" id=\"wp-submit\" class=\"button button-primary\" value=\"Kirjaudu sis\u00e4\u00e4n\" \/>\n\t\t\t\t<input type=\"hidden\" name=\"redirect_to\" value=\"https:\/\/bonafidesinvest.eu\/fi\/wp-json\/wp\/v2\/pages\/2528\" \/>\n\t\t\t<\/p><\/form><\/div><\/div>","_links":{"self":[{"href":"https:\/\/bonafidesinvest.eu\/fi\/wp-json\/wp\/v2\/pages\/2528","targetHints":{"allow":["GET"]}}],"collection":[{"href":"https:\/\/bonafidesinvest.eu\/fi\/wp-json\/wp\/v2\/pages"}],"about":[{"href":"https:\/\/bonafidesinvest.eu\/fi\/wp-json\/wp\/v2\/types\/page"}],"author":[{"embeddable":true,"href":"https:\/\/bonafidesinvest.eu\/fi\/wp-json\/wp\/v2\/users\/1"}],"replies":[{"embeddable":true,"href":"https:\/\/bonafidesinvest.eu\/fi\/wp-json\/wp\/v2\/comments?post=2528"}],"version-history":[{"count":0,"href":"https:\/\/bonafidesinvest.eu\/fi\/wp-json\/wp\/v2\/pages\/2528\/revisions"}],"wp:attachment":[{"href":"https:\/\/bonafidesinvest.eu\/fi\/wp-json\/wp\/v2\/media?parent=2528"}],"curies":[{"name":"wp","href":"https:\/\/api.w.org\/{rel}","templated":true}]}}