{"id":7786,"date":"2024-02-13T17:27:54","date_gmt":"2024-02-13T15:27:54","guid":{"rendered":"https:\/\/bonafidesinvest.eu\/?page_id=7786"},"modified":"2024-03-16T03:16:28","modified_gmt":"2024-03-16T01:16:28","slug":"sonumid","status":"publish","type":"page","link":"https:\/\/bonafidesinvest.eu\/et\/messages\/","title":{"rendered":"S\u00f5numid"},"content":{"rendered":"<div data-elementor-type=\"wp-page\" data-elementor-id=\"7786\" class=\"elementor elementor-7786\">\n\t\t\t\t\t\t<section class=\"elementor-section elementor-top-section elementor-element elementor-element-44765eb elementor-section-boxed elementor-section-height-default elementor-section-height-default\" data-id=\"44765eb\" data-element_type=\"section\" data-e-type=\"section\">\n\t\t\t\t\t\t<div class=\"elementor-container elementor-column-gap-default\">\n\t\t\t\t\t<div class=\"elementor-column elementor-col-100 elementor-top-column elementor-element elementor-element-fa4bf63\" data-id=\"fa4bf63\" data-element_type=\"column\" data-e-type=\"column\">\n\t\t\t<div class=\"elementor-widget-wrap elementor-element-populated\">\n\t\t\t\t\t\t<div class=\"elementor-element elementor-element-6a1881a elementor-widget elementor-widget-text-editor\" data-id=\"6a1881a\" data-element_type=\"widget\" data-e-type=\"widget\" data-widget_type=\"text-editor.default\">\n\t\t\t\t<div class=\"elementor-widget-container\">\n\t\t\t\t\t\t\t\t\t<p><span style=\"color: #000000;\">Tere Bona Fides Investist!<\/span><\/p><p><span style=\"color: #000000;\">T\u00e4name tellimuse eest!<\/span><\/p><p><span style=\"color: #000000;\">Teie tellimus on peatatud, kuni me kinnitame, et makse on laekunud. Teie tellimuse \u00fcksikasjad on allpool esitatud:<\/span><\/p><h2>Tellige \u00fcksikasjad<\/h2><table border=\"0\" width=\"100%\" cellspacing=\"0\" cellpadding=\"0\"><tbody><tr><td align=\"left\" valign=\"middle\"><h3><em><span style=\"color: #000000;\">Tellimuse number:<\/span><\/em><\/h3><\/td><td align=\"right\" valign=\"middle\"><h3><span style=\"color: #000000;\"><em>Tellimuse kuup\u00e4ev:<\/em>\u00a0<\/span><\/h3><\/td><\/tr><\/tbody><\/table><div><div class=\"adm\"><div id=\"q_97\" class=\"ajR h4\" data-tooltip=\"Sakrivanje pro\u0161irenog sadr\u017eaja\" aria-label=\"Sakrivanje pro\u0161irenog sadr\u017eaja\" aria-expanded=\"true\"><div class=\"ajT\">\u00a0<\/div><\/div><\/div><div class=\"im\"><table border=\"0\" width=\"100%\" cellspacing=\"0\" cellpadding=\"6\"><thead><tr><th scope=\"col\" align=\"left\"><span style=\"color: #000000;\">Toode<\/span><\/th><th scope=\"col\" align=\"center\"><span style=\"color: #000000;\">Kogus<\/span><\/th><th scope=\"col\" align=\"right\"><span style=\"color: #000000;\">Hind<\/span><\/th><\/tr><\/thead><\/table><p><span style=\"color: #000000;\">Ait\u00e4h toetuse eest!<\/span><\/p><p><span style=\"color: #000000;\">Teie makse on registreeritud<\/span><\/p><p style=\"text-align: justify;\"><span style=\"color: #000000;\">Soovime teile teatada, et makse on ametlikult m\u00e4rgitud kampaania lehele.\u00a0<\/span><\/p><p style=\"text-align: justify;\"><span style=\"color: #000000;\"><strong>Digitaalne t\u00e4nukiri<\/strong><\/span><br \/><span style=\"color: #000000;\">Saate alla laadida oma digitaalse t\u00e4nukirja\u00a0<a style=\"color: #000000;\" href=\"https:\/\/bonafidesinvest.eu\/et\/digital-thank-you-cards\/?customize_changeset_uuid=c75dad4d-2a69-4b01-9395-da689ff3dd0d&amp;customize_autosaved=on&amp;customize_messenger_channel=preview-2\">siin<\/a>. Kui olete t\u00e4nukirja alla laadinud ja sinna nime kirjutanud, jagage seda sotsiaalmeedias oma s\u00f5pradega, et julgustada neid kampaaniat toetama.<\/span><\/p><p style=\"text-align: justify;\"><span style=\"color: #000000;\">M\u00c4RKUS:<\/span><br \/><span style=\"color: #000000;\">Majandus\u00fcksuste raamatupidamise jaoks piisab panga v\u00e4ljav\u00f5ttest makse kohta ja selle e-kirja koopiast, mis kinnitab annetuse k\u00e4ttesaamist. Annetajad saavad lisaks sellele alla laadida annetuskinnituse vormi \u00e4ri\u00fcksuste jaoks\u00a0<a style=\"color: #000000;\" href=\"https:\/\/bonafidesinvest.eu\/et\/donation-confirmation-form-for-business-entities\/?customize_changeset_uuid=c75dad4d-2a69-4b01-9395-da689ff3dd0d&amp;customize_autosaved=on&amp;customize_messenger_channel=preview-2\">siin<\/a>\u00a0ja t\u00e4itke see isiklikult.<\/span><\/p><p style=\"text-align: justify;\"><span style=\"color: #000000;\">Kodanikud v\u00f5ivad saada maksuv\u00e4hendust, nagu ka ettev\u00f5tted. Selleks on vaja kasutada pangakonto v\u00e4ljav\u00f5tet makse kohta ja selle e-kirja koopiat annetuse k\u00e4ttesaamise kinnitusena. Annetajad saavad lisaks alla laadida annetuskinnituse vormi f\u00fc\u00fcsilistele isikutele\u00a0<a style=\"color: #000000;\" href=\"https:\/\/bonafidesinvest.eu\/et\/donation-confirmation-form-for-natural-persons\/?customize_changeset_uuid=c75dad4d-2a69-4b01-9395-da689ff3dd0d&amp;customize_autosaved=on&amp;customize_messenger_channel=preview-2\">siin<\/a>\u00a0ja t\u00e4itke see isiklikult.<\/span><\/p><p><span style=\"color: #000000;\">Arve esitamise aadress<\/span><\/p><p><span style=\"color: #000000;\">Ootame teie tellimuse t\u00e4itmist varsti.<\/span><\/p><p><span style=\"color: #000000;\">Summa Horvaatia k\u00fcnades (kn) saadakse hinna \u00fcmberarvestamisel vastavalt CNB fikseeritud vahetuskursile:<br \/>1 EUR = 7,53450 HRK<\/span><\/p><p><span style=\"color: #000000;\">Teie tellimus on vastu v\u00f5etud ja seda t\u00f6\u00f6deldakse praegu. Teie tellimuse \u00fcksikasjad on allpool esitatud:<\/span><\/p><p><span style=\"color: #000000;\">Ait\u00e4h!<\/span><\/p><h2><span style=\"color: #000000;\">Valitud preemia<\/span><\/h2><ul><li><span style=\"color: #000000;\">Summa:\u00a0<u><\/u><\/span><\/li><li><span style=\"color: #000000;\">Kohaletoimetamine: ,<\/span><\/li><li><span style=\"color: #000000;\">Preemia \u00fcksikasjad:\u00a0<\/span><\/li><\/ul><div><h3><span style=\"color: #000000;\">T\u00e4iendav teave<\/span><\/h3><p><span style=\"color: #000000;\">Valige, kui te ei soovi oma annetusega kaasnevat tasu: Jah<\/span><\/p><\/div><\/div><\/div>\t\t\t\t\t\t\t\t<\/div>\n\t\t\t\t<\/div>\n\t\t\t\t\t<\/div>\n\t\t<\/div>\n\t\t\t\t\t<\/div>\n\t\t<\/section>\n\t\t\t\t<\/div>","protected":false},"excerpt":{"rendered":"<p>Hello from Bona Fides Invest! Thanks for your order! Your order is on-hold until we confirm payment has been received. Your order details are shown below for your reference: Order [&hellip;]<\/p>\n","protected":false},"author":1,"featured_media":0,"parent":0,"menu_order":0,"comment_status":"closed","ping_status":"closed","template":"","meta":{"footnotes":""},"class_list":["post-7786","page","type-page","status-publish","hentry"],"wpcf_dashboard":"<div class=\"woocommerce\"><div class=\"woocommerce-info\">Please log in first? <a class=\"wpneoShowLogin\" href=\"#\">Click here to login<\/a><\/div><div class=\"wpneo_login_form_div\" style=\"display: none;\"><form name=\"loginform\" id=\"loginform\" action=\"https:\/\/bonafidesinvest.eu\/wp-login.php\" method=\"post\"><p class=\"login-username\">\n\t\t\t\t<label for=\"user_login\">Kasutajanimi v\u00f5i e-postiaadress<\/label>\n\t\t\t\t<input type=\"text\" name=\"log\" id=\"user_login\" autocomplete=\"username\" class=\"input\" value=\"\" size=\"20\" \/>\n\t\t\t<\/p><p class=\"login-password\">\n\t\t\t\t<label for=\"user_pass\">Parool<\/label>\n\t\t\t\t<input type=\"password\" name=\"pwd\" id=\"user_pass\" autocomplete=\"current-password\" spellcheck=\"false\" class=\"input\" value=\"\" size=\"20\" \/>\n\t\t\t<\/p><p class=\"login-remember\"><label><input name=\"rememberme\" type=\"checkbox\" id=\"rememberme\" value=\"forever\" \/> J\u00e4ta mind meelde<\/label><\/p><p class=\"login-submit\">\n\t\t\t\t<input type=\"submit\" name=\"wp-submit\" id=\"wp-submit\" class=\"button button-primary\" value=\"Logi sisse\" \/>\n\t\t\t\t<input type=\"hidden\" name=\"redirect_to\" value=\"https:\/\/bonafidesinvest.eu\/et\/wp-json\/wp\/v2\/pages\/7786\" \/>\n\t\t\t<\/p><\/form><\/div><\/div>","_links":{"self":[{"href":"https:\/\/bonafidesinvest.eu\/et\/wp-json\/wp\/v2\/pages\/7786","targetHints":{"allow":["GET"]}}],"collection":[{"href":"https:\/\/bonafidesinvest.eu\/et\/wp-json\/wp\/v2\/pages"}],"about":[{"href":"https:\/\/bonafidesinvest.eu\/et\/wp-json\/wp\/v2\/types\/page"}],"author":[{"embeddable":true,"href":"https:\/\/bonafidesinvest.eu\/et\/wp-json\/wp\/v2\/users\/1"}],"replies":[{"embeddable":true,"href":"https:\/\/bonafidesinvest.eu\/et\/wp-json\/wp\/v2\/comments?post=7786"}],"version-history":[{"count":0,"href":"https:\/\/bonafidesinvest.eu\/et\/wp-json\/wp\/v2\/pages\/7786\/revisions"}],"wp:attachment":[{"href":"https:\/\/bonafidesinvest.eu\/et\/wp-json\/wp\/v2\/media?parent=7786"}],"curies":[{"name":"wp","href":"https:\/\/api.w.org\/{rel}","templated":true}]}}