{"id":4942,"date":"2023-07-28T23:52:55","date_gmt":"2023-07-28T21:52:55","guid":{"rendered":"https:\/\/bonafidesinvest.eu\/?page_id=4942"},"modified":"2023-07-29T23:33:06","modified_gmt":"2023-07-29T21:33:06","slug":"faq","status":"publish","type":"page","link":"https:\/\/bonafidesinvest.eu\/et\/faq\/","title":{"rendered":"Korduma kippuvad k\u00fcsimused"},"content":{"rendered":"<div data-elementor-type=\"wp-page\" data-elementor-id=\"4942\" class=\"elementor elementor-4942\">\n\t\t\t\t\t\t<section class=\"elementor-section elementor-top-section elementor-element elementor-element-231b4f0 elementor-section-boxed elementor-section-height-default elementor-section-height-default\" data-id=\"231b4f0\" data-element_type=\"section\" data-e-type=\"section\" data-settings=\"{&quot;background_background&quot;:&quot;classic&quot;}\">\n\t\t\t\t\t\t<div class=\"elementor-container elementor-column-gap-default\">\n\t\t\t\t\t<div class=\"elementor-column elementor-col-100 elementor-top-column elementor-element elementor-element-9160ba7\" data-id=\"9160ba7\" data-element_type=\"column\" data-e-type=\"column\">\n\t\t\t<div class=\"elementor-widget-wrap elementor-element-populated\">\n\t\t\t\t\t\t<div class=\"elementor-element elementor-element-47424a9 elementor-widget elementor-widget-gva-heading-block\" data-id=\"47424a9\" data-element_type=\"widget\" data-e-type=\"widget\" data-widget_type=\"gva-heading-block.default\">\n\t\t\t\t<div class=\"elementor-widget-container\">\n\t\t\t\t\t<div class=\"gva-element-gva-heading-block gva-element\">   <div class=\"align-center style-1 widget gsc-heading box-align-left auto-responsive\">\r\n      <div class=\"content-inner\">\r\n         \r\n         \r\n                     <div class=\"sub-title\">\r\n               <span class=\"tagline\">KKK<\/span>\r\n                                 <span class=\"shadow-text\">\u00dchisrahastus<\/span>\r\n                  \r\n            <\/div>\r\n           \r\n         \r\n                     <h2 class=\"title\">\r\n               <span>Korduma kippuvad k\u00fcsimused<\/span>\r\n            <\/h2>\r\n                              <div class=\"title-desc\">Kas teil on k\u00fcsimusi? Meil on vastused! Meie KKK lehek\u00fclg on teadmiste Sherlock Holmes, kes lahendab teie m\u00f5istatusi ja ei j\u00e4ta \u00fchtegi k\u00fcsimust vastamata.<\/div>\r\n         \r\n         \r\n      <\/div>\r\n   <\/div>\r\n<\/div>\t\t\t\t<\/div>\n\t\t\t\t<\/div>\n\t\t\t\t<div class=\"elementor-element elementor-element-6bbc7c9 elementor-widget__width-initial elementor-widget elementor-widget-gva_icon_box_group\" data-id=\"6bbc7c9\" data-element_type=\"widget\" data-e-type=\"widget\" data-widget_type=\"gva_icon_box_group.default\">\n\t\t\t\t<div class=\"elementor-widget-container\">\n\t\t\t\t\t<div class=\"gva-element-gva_icon_box_group gva-element\">\r\n<div class=\"gsc-icon-box-group layout-grid style-1\">\r\n\t<div class=\"lg-block-grid-3 md-block-grid-3 sm-block-grid-2 xs-block-grid-1 xx-block-grid-1\">\r\n\t\t\t\t\t\r\n\t\t\t<div class=\"item-columns\">\r\n\t\t\t\t<div class=\"icon-box-item elementor-repeater-item-ac1090f active\">\r\n\t<div class=\"icon-box-content\">\r\n\t\t\r\n\t\t\t\t\t\r\n\t\t\t<div class=\"content-inner\">\r\n\t\t\t\t\t\t\t\t\t<h3 class=\"title\">Mis on Bona Fides Invest?<\/h3>\r\n\t\t\t\t\t\t\t\t\t\t\t\t\t<div class=\"desc\">Bona Fides Invest on ELis asuv fintech, mis aitab \u00fcksikisikutel ja organisatsioonidel rahastada oma projekte \u00fchisrahastuse kaudu.<\/div>\r\n\t\t\t\t\t\t\t<\/div>\t\r\n\r\n\t\t\t\r\n\r\n\t<\/div>  \t\r\n\t<\/div>\t\t\t<\/div>\r\n\r\n\t\t\t\t\t\r\n\t\t\t<div class=\"item-columns\">\r\n\t\t\t\t<div class=\"icon-box-item elementor-repeater-item-521f557 active\">\r\n\t<div class=\"icon-box-content\">\r\n\t\t\r\n\t\t\t\t\t\r\n\t\t\t<div class=\"content-inner\">\r\n\t\t\t\t\t\t\t\t\t<h3 class=\"title\">Mis on \u00fchisrahastus?<\/h3>\r\n\t\t\t\t\t\t\t\t\t\t\t\t\t<div class=\"desc\">\u00dchisrahastamine on uuenduslik ja demokraatlik projekti rahastamise mudel, mis h\u00f5lmab projekti avalikku esitlemist, tavaliselt veebiplatvormi kaudu, ning v\u00f5imaldab kodanikel investeerida sellesse raha altruistlikel p\u00f5hjustel v\u00f5i eesm\u00e4rgiga teenida kasumit v\u00f5i saada muud kasu. V\u00f5imalik on kasutada mitmeid investeerimismudeleid: annetused, ostmine ajalise vahega, laenud, investeerimine aktsiatesse, investeerimine kasumiosakutesse ja h\u00fcbriidmudelid. - Rahvusvahelise \u00fchisrahastuskeskuse (ICFC) tegevjuhi Zoran Rajni m\u00e4\u00e4ratlus.<\/div>\r\n\t\t\t\t\t\t\t<\/div>\t\r\n\r\n\t\t\t\r\n\r\n\t<\/div>  \t\r\n\t<\/div>\t\t\t<\/div>\r\n\r\n\t\t\t\t\t\r\n\t\t\t<div class=\"item-columns\">\r\n\t\t\t\t<div class=\"icon-box-item elementor-repeater-item-2200e1b active\">\r\n\t<div class=\"icon-box-content\">\r\n\t\t\r\n\t\t\t\t\t\r\n\t\t\t<div class=\"content-inner\">\r\n\t\t\t\t\t\t\t\t\t<h3 class=\"title\">Miks \u00fchisrahastus?<\/h3>\r\n\t\t\t\t\t\t\t\t\t\t\t\t\t<div class=\"desc\">\u00dchisrahastamine on muutunud v\u00e4ga oluliseks, sest see v\u00f5imaldab algatusi lihtsamalt rahastada, olgu need siis kasvamise v\u00f5i k\u00fcpsuse algusj\u00e4rgus. Maailmapank ennustab, et 2025. aastaks toob \u00fchisrahastamine kaasa $95 miljardi euro suurused investeeringud aastas, kusjuures m\u00f5ned allikad prognoosivad, et see arv ulatub $300 miljardi euroni.<\/div>\r\n\t\t\t\t\t\t\t<\/div>\t\r\n\r\n\t\t\t\r\n\r\n\t<\/div>  \t\r\n\t<\/div>\t\t\t<\/div>\r\n\r\n\t\t\t\t\t\r\n\t\t\t<div class=\"item-columns\">\r\n\t\t\t\t<div class=\"icon-box-item elementor-repeater-item-ec54124 active\">\r\n\t<div class=\"icon-box-content\">\r\n\t\t\r\n\t\t\t\t\t\r\n\t\t\t<div class=\"content-inner\">\r\n\t\t\t\t\t\t\t\t\t<h3 class=\"title\">Kes saavad platvormi kasutada?<\/h3>\r\n\t\t\t\t\t\t\t\t\t\t\t\t\t<div class=\"desc\">Bona Fides Invest platvormi saavad kasutada k\u00f5ik f\u00fc\u00fcsilised isikud (f\u00fc\u00fcsilised isikud, k\u00e4sit\u00f6\u00f6ettev\u00f5tjad, k\u00e4sit\u00f6\u00f6ettev\u00f5tjad, k\u00f5rvaltegevused, vabakutselised, perefarmid jne) ja juriidilised isikud (\u00e4ri\u00fchingud, \u00fchistud, valitsusv\u00e4lised organisatsioonid, sihtasutused, era\u00f5iguslikud asutused, finantsasutused, valitsustevahelised organisatsioonid, riigiasutused, ministeeriumid, kojad, saatkonnad, linnad, omavalitsused, lasteaiad, koolid, k\u00f5rgkoolid, \u00fclikoolid jne). K\u00f5ik platvormi kasutajad peavad olema t\u00e4isealised, st t\u00e4ielikult teov\u00f5imelised.<\/div>\r\n\t\t\t\t\t\t\t<\/div>\t\r\n\r\n\t\t\t\r\n\r\n\t<\/div>  \t\r\n\t<\/div>\t\t\t<\/div>\r\n\r\n\t\t\t\t\t\r\n\t\t\t<div class=\"item-columns\">\r\n\t\t\t\t<div class=\"icon-box-item elementor-repeater-item-fd7cb47 active\">\r\n\t<div class=\"icon-box-content\">\r\n\t\t\r\n\t\t\t\t\t\r\n\t\t\t<div class=\"content-inner\">\r\n\t\t\t\t\t\t\t\t\t<h3 class=\"title\">Milliseid riike toetatakse?<\/h3>\r\n\t\t\t\t\t\t\t\t\t\t\t\t\t<div class=\"desc\">Me tegutseme k\u00f5igil kontinentidel ja 196 riigis. Meie \u00fchisrahastusplatvorm tervitab loomeinimesi igast maailma nurgast!<\/div>\r\n\t\t\t\t\t\t\t<\/div>\t\r\n\r\n\t\t\t\r\n\r\n\t<\/div>  \t\r\n\t<\/div>\t\t\t<\/div>\r\n\r\n\t\t\t\t\t\r\n\t\t\t<div class=\"item-columns\">\r\n\t\t\t\t<div class=\"icon-box-item elementor-repeater-item-b9aa229 active\">\r\n\t<div class=\"icon-box-content\">\r\n\t\t\r\n\t\t\t\t\t\r\n\t\t\t<div class=\"content-inner\">\r\n\t\t\t\t\t\t\t\t\t<h3 class=\"title\">Millist t\u00fc\u00fcpi projektid on platvormil lubatud?<\/h3>\r\n\t\t\t\t\t\t\t\t\t\t\t\t\t<div class=\"desc\">Ootame mitmesuguseid projekte - \u00e4riprojekte, kogukonna algatusi, heategevus\u00fcritusi, isiklikku rahakogumist jne. Oluline on, et projekt ja meeskond peavad vastama meie eetilistele suunistele ja kasutustingimustele. Meie eetika kohta saate lugeda siit: https:\/\/bonafidesinvest.eu\/our-ethics\/.<\/div>\r\n\t\t\t\t\t\t\t<\/div>\t\r\n\r\n\t\t\t\r\n\r\n\t<\/div>  \t\r\n\t\t\t  <a href=\"https:\/\/bonafidesinvest.eu\/et\/our-ethics\/\" class=\"link-overlay\">\r\n\t\t\t \t\t  <\/a>\r\n\t\t  <\/div>\t\t\t<\/div>\r\n\r\n\t\t\t\t\t\r\n\t\t\t<div class=\"item-columns\">\r\n\t\t\t\t<div class=\"icon-box-item elementor-repeater-item-eef7993 active\">\r\n\t<div class=\"icon-box-content\">\r\n\t\t\r\n\t\t\t\t\t\r\n\t\t\t<div class=\"content-inner\">\r\n\t\t\t\t\t\t\t\t\t<h3 class=\"title\">Milliseid samme on vaja teha kampaania alustamiseks?<\/h3>\r\n\t\t\t\t\t\t\t\t\t\t\t\t\t<div class=\"desc\">Kampaania alustamiseks valige hinnamudel ja saatke projekti kokkuv\u00f5te e-posti aadressil info@bonafidesinvest.eu. P\u00e4rast seda saate meie klienditoelt edasised juhised.<\/div>\r\n\t\t\t\t\t\t\t<\/div>\t\r\n\r\n\t\t\t\r\n\r\n\t<\/div>  \t\r\n\t<\/div>\t\t\t<\/div>\r\n\r\n\t\t\t\t\t\r\n\t\t\t<div class=\"item-columns\">\r\n\t\t\t\t<div class=\"icon-box-item elementor-repeater-item-d0e1c12 active\">\r\n\t<div class=\"icon-box-content\">\r\n\t\t\r\n\t\t\t\t\t\r\n\t\t\t<div class=\"content-inner\">\r\n\t\t\t\t\t\t\t\t\t<h3 class=\"title\">Kui kaua v\u00f5tab projekti l\u00e4bivaatamine ja heakskiitmine aega?<\/h3>\r\n\t\t\t\t\t\t\t\t\t\t\t\t\t<div class=\"desc\">P\u00e4rast projekti l\u00e4bivaatamiseks esitamist hindab meie meeskond seda hoolikalt, et tagada selle vastavus meie suunistele ja kasutustingimustele. L\u00e4bivaatamise protsess v\u00f5tab tavaliselt paar t\u00f6\u00f6p\u00e4eva, kuid see v\u00f5ib s\u00f5ltuvalt projekti keerukusest erineda. Teatud erijuhtudel v\u00f5idakse projekt heaks kiita samal p\u00e4eval, kui see esitatakse.<\/div>\r\n\t\t\t\t\t\t\t<\/div>\t\r\n\r\n\t\t\t\r\n\r\n\t<\/div>  \t\r\n\t<\/div>\t\t\t<\/div>\r\n\r\n\t\t\t\t\t\r\n\t\t\t<div class=\"item-columns\">\r\n\t\t\t\t<div class=\"icon-box-item elementor-repeater-item-5dadd4b active\">\r\n\t<div class=\"icon-box-content\">\r\n\t\t\r\n\t\t\t\t\t\r\n\t\t\t<div class=\"content-inner\">\r\n\t\t\t\t\t\t\t\t\t<h3 class=\"title\">Millised on kampaania loojate kohustused?<\/h3>\r\n\t\t\t\t\t\t\t\t\t\t\t\t\t<div class=\"desc\">Kampaania loojad on kohustatud: 1) esitama kogu platvormi poolt n\u00f5utud teavet projekti ja meeskonna kohta; 2) vastama investorite igale k\u00fcsimusele; 3) n\u00e4itama investoritele, millised \u00f5igused ja kohustused tekivad neil investeerimisel; 4) j\u00e4rgima kohustusi ja t\u00e4htaegu investorite ees; 5) kulutama raha t\u00e4pselt projekti eelarves n\u00e4idatud viisil; 6) hoolitsema seaduste ja muude regulatsioonide t\u00e4itmise eest.<\/div>\r\n\t\t\t\t\t\t\t<\/div>\t\r\n\r\n\t\t\t\r\n\r\n\t<\/div>  \t\r\n\t<\/div>\t\t\t<\/div>\r\n\r\n\t\t\t\t\t\r\n\t\t\t<div class=\"item-columns\">\r\n\t\t\t\t<div class=\"icon-box-item elementor-repeater-item-d4b04b3 active\">\r\n\t<div class=\"icon-box-content\">\r\n\t\t\r\n\t\t\t\t\t\r\n\t\t\t<div class=\"content-inner\">\r\n\t\t\t\t\t\t\t\t\t<h3 class=\"title\">Kui kaua v\u00f5ib rahakogumine aega v\u00f5tta?<\/h3>\r\n\t\t\t\t\t\t\t\t\t\t\t\t\t<div class=\"desc\">Iga kasutaja valib ise, kui kaua kampaania kestab.<\/div>\r\n\t\t\t\t\t\t\t<\/div>\t\r\n\r\n\t\t\t\r\n\r\n\t<\/div>  \t\r\n\t<\/div>\t\t\t<\/div>\r\n\r\n\t\t\t\t\t\r\n\t\t\t<div class=\"item-columns\">\r\n\t\t\t\t<div class=\"icon-box-item elementor-repeater-item-ae7c867 active\">\r\n\t<div class=\"icon-box-content\">\r\n\t\t\r\n\t\t\t\t\t\r\n\t\t\t<div class=\"content-inner\">\r\n\t\t\t\t\t\t\t\t\t<h3 class=\"title\">Kas platvorm kasutab fikseeritud v\u00f5i paindlikku rahastamismudelit?<\/h3>\r\n\t\t\t\t\t\t\t\t\t\t\t\t\t<div class=\"desc\">Bona Fides Invest kasutab m\u00f5lemat mudelit.<\/div>\r\n\t\t\t\t\t\t\t<\/div>\t\r\n\r\n\t\t\t\r\n\r\n\t<\/div>  \t\r\n\t<\/div>\t\t\t<\/div>\r\n\r\n\t\t\t\t\t\r\n\t\t\t<div class=\"item-columns\">\r\n\t\t\t\t<div class=\"icon-box-item elementor-repeater-item-8393f50 active\">\r\n\t<div class=\"icon-box-content\">\r\n\t\t\r\n\t\t\t\t\t\r\n\t\t\t<div class=\"content-inner\">\r\n\t\t\t\t\t\t\t\t\t<h3 class=\"title\">Mis on fikseeritud mudel?<\/h3>\r\n\t\t\t\t\t\t\t\t\t\t\t\t\t<div class=\"desc\">Fikseeritud mudeli puhul seab kampaania looja konkreetse rahastamise eesm\u00e4rgi, mille ta peab saavutama eelnevalt kindlaks m\u00e4\u00e4ratud aja jooksul. Toetajate krediitkaardidelt v\u00f5etakse raha ainult siis, kui projekt saavutab oma rahastuseesm\u00e4rgi kampaania l\u00f5puks. Kui eesm\u00e4rki ei saavutata, siis raha ei koguta ja toetajate kaarte ei v\u00f5eta. <\/div>\r\n\t\t\t\t\t\t\t<\/div>\t\r\n\r\n\t\t\t\r\n\r\n\t<\/div>  \t\r\n\t<\/div>\t\t\t<\/div>\r\n\r\n\t\t\t\t\t\r\n\t\t\t<div class=\"item-columns\">\r\n\t\t\t\t<div class=\"icon-box-item elementor-repeater-item-3b398e7 active\">\r\n\t<div class=\"icon-box-content\">\r\n\t\t\r\n\t\t\t\t\t\r\n\t\t\t<div class=\"content-inner\">\r\n\t\t\t\t\t\t\t\t\t<h3 class=\"title\">Mis on paindlik mudel?<\/h3>\r\n\t\t\t\t\t\t\t\t\t\t\t\t\t<div class=\"desc\">Paindlik mudel, mida tuntakse ka \"keep-it-all\" mudelina, v\u00f5imaldab kampaania loojatel saada kogutud vahendid s\u00f5ltumata sellest, kas nad saavutavad oma esialgse rahastuseesm\u00e4rgi. Toetajate krediitkaardid koormatakse kohe p\u00e4rast panustamist, olenemata sellest, kas kampaania saavutab oma rahastamise eesm\u00e4rgi v\u00f5i mitte. Isegi kui projekt j\u00e4\u00e4b eesm\u00e4rgist allapoole, saab looja ikkagi raha k\u00e4tte ja kasutada seda oma projekti j\u00e4tkamiseks. <\/div>\r\n\t\t\t\t\t\t\t<\/div>\t\r\n\r\n\t\t\t\r\n\r\n\t<\/div>  \t\r\n\t<\/div>\t\t\t<\/div>\r\n\r\n\t\t\t\t\t\r\n\t\t\t<div class=\"item-columns\">\r\n\t\t\t\t<div class=\"icon-box-item elementor-repeater-item-f7fcd3b active\">\r\n\t<div class=\"icon-box-content\">\r\n\t\t\r\n\t\t\t\t\t\r\n\t\t\t<div class=\"content-inner\">\r\n\t\t\t\t\t\t\t\t\t<h3 class=\"title\">Milliseid makseviise Bona Fides Invest aktsepteerib?<\/h3>\r\n\t\t\t\t\t\t\t\t\t\t\t\t\t<div class=\"desc\">Bona Fides Invest platvormi kaudu on v\u00f5imalik teha makseid viie erineva kanali kaudu: 1) Visa, MasterCard ja Maestro kaardid; 2) Aircash; 3) KEKS Pay; 4) kr\u00fcptovaluutad Payceki kaudu; 5) \u00fcldine maksekviitung v\u00f5i interneti-\/mobiilipangandus.<\/div>\r\n\t\t\t\t\t\t\t<\/div>\t\r\n\r\n\t\t\t\r\n\r\n\t<\/div>  \t\r\n\t<\/div>\t\t\t<\/div>\r\n\r\n\t\t\t\t\t\r\n\t\t\t<div class=\"item-columns\">\r\n\t\t\t\t<div class=\"icon-box-item elementor-repeater-item-f6fa8da active\">\r\n\t<div class=\"icon-box-content\">\r\n\t\t\r\n\t\t\t\t\t\r\n\t\t\t<div class=\"content-inner\">\r\n\t\t\t\t\t\t\t\t\t<h3 class=\"title\">Kui palju maksab platvormi kasutamine?<\/h3>\r\n\t\t\t\t\t\t\t\t\t\t\t\t\t<div class=\"desc\">Platvorm kasutab nelja hinnakujundusmudelit - haridusmudel, Best Buy mudel, Challenge mudel ja Turnkey mudel. Lisateavet nende kohta leiate siit: https:\/\/bonafidesinvest.eu\/pricing\/<\/div>\r\n\t\t\t\t\t\t\t<\/div>\t\r\n\r\n\t\t\t\r\n\r\n\t<\/div>  \t\r\n\t\t\t  <a href=\"https:\/\/bonafidesinvest.eu\/et\/pricing\/\" class=\"link-overlay\">\r\n\t\t\t \t\t  <\/a>\r\n\t\t  <\/div>\t\t\t<\/div>\r\n\r\n\t\t\t\t\t\r\n\t\t\t<div class=\"item-columns\">\r\n\t\t\t\t<div class=\"icon-box-item elementor-repeater-item-830f20e active\">\r\n\t<div class=\"icon-box-content\">\r\n\t\t\r\n\t\t\t\t\t\r\n\t\t\t<div class=\"content-inner\">\r\n\t\t\t\t\t\t\t\t\t<h3 class=\"title\">Kas platvormi kasutamise eest on v\u00f5imalik saada allahindlust?<\/h3>\r\n\t\t\t\t\t\t\t\t\t\t\t\t\t<div class=\"desc\">Teatud kasutajagruppidele kehtivad soodustused. Siin on lisateave soodustuste kohta: https:\/\/bonafidesinvest.eu\/social-responsibility\/.<\/div>\r\n\t\t\t\t\t\t\t<\/div>\t\r\n\r\n\t\t\t\r\n\r\n\t<\/div>  \t\r\n\t\t\t  <a href=\"https:\/\/bonafidesinvest.eu\/et\/social-responsibility\/\" class=\"link-overlay\">\r\n\t\t\t \t\t  <\/a>\r\n\t\t  <\/div>\t\t\t<\/div>\r\n\r\n\t\t\t\t\t\r\n\t\t\t<div class=\"item-columns\">\r\n\t\t\t\t<div class=\"icon-box-item elementor-repeater-item-7d3ab69 active\">\r\n\t<div class=\"icon-box-content\">\r\n\t\t\r\n\t\t\t\t\t\r\n\t\t\t<div class=\"content-inner\">\r\n\t\t\t\t\t\t\t\t\t<h3 class=\"title\">Kuidas toetada kampaaniat?<\/h3>\r\n\t\t\t\t\t\t\t\t\t\t\t\t\t<div class=\"desc\">Kampaania toetamiseks tuleb lihtsalt leida projekt, mis teile meeldib, ja valida rahastamismudel. Seej\u00e4rel saate oma panuse turvaliselt teha meie platvormi kaudu, kasutades erinevaid makseviise.<\/div>\r\n\t\t\t\t\t\t\t<\/div>\t\r\n\r\n\t\t\t\r\n\r\n\t<\/div>  \t\r\n\t<\/div>\t\t\t<\/div>\r\n\r\n\t\t\t\t\t\r\n\t\t\t<div class=\"item-columns\">\r\n\t\t\t\t<div class=\"icon-box-item elementor-repeater-item-0e8f2e5 active\">\r\n\t<div class=\"icon-box-content\">\r\n\t\t\r\n\t\t\t\t\t\r\n\t\t\t<div class=\"content-inner\">\r\n\t\t\t\t\t\t\t\t\t<h3 class=\"title\">Kas minu makseteave on turvaline?<\/h3>\r\n\t\t\t\t\t\t\t\t\t\t\t\t\t<div class=\"desc\">Jah, Bona Fides Invest v\u00f5tab teie makseteabe turvalisust ja privaatsust t\u00f5siselt. Kasutame turvalisi maksev\u00e4ravaid ja kr\u00fcpteerimisprotokolle, et tagada teie tehingute turvalisus.<\/div>\r\n\t\t\t\t\t\t\t<\/div>\t\r\n\r\n\t\t\t\r\n\r\n\t<\/div>  \t\r\n\t<\/div>\t\t\t<\/div>\r\n\r\n\t\t\t\t\t\r\n\t\t\t<div class=\"item-columns\">\r\n\t\t\t\t<div class=\"icon-box-item elementor-repeater-item-1a95ba9 active\">\r\n\t<div class=\"icon-box-content\">\r\n\t\t\r\n\t\t\t\t\t\r\n\t\t\t<div class=\"content-inner\">\r\n\t\t\t\t\t\t\t\t\t<h3 class=\"title\">Kuidas tagab Bona Fides Invest projektide ja projektide loojate autentsuse?<\/h3>\r\n\t\t\t\t\t\t\t\t\t\t\t\t\t<div class=\"desc\">Bona Fides Invest v\u00f5tab keerulisi meetmeid, et tagada projektide ja projektide loojate \u00f5igusp\u00e4rasus ja autentsus. Me vaatame l\u00e4bi iga esitatud projekti, et kontrollida selle looja identiteeti ja kavatsusi. Lisaks sellele m\u00e4ngib meie toetajate kogukond rolli kahtlust\u00e4ratavatest v\u00f5i eksitavatest kampaaniatest teatamisel.<\/div>\r\n\t\t\t\t\t\t\t<\/div>\t\r\n\r\n\t\t\t\r\n\r\n\t<\/div>  \t\r\n\t<\/div>\t\t\t<\/div>\r\n\r\n\t\t\t\t\t\r\n\t\t\t<div class=\"item-columns\">\r\n\t\t\t\t<div class=\"icon-box-item elementor-repeater-item-fd55ca8 active\">\r\n\t<div class=\"icon-box-content\">\r\n\t\t\r\n\t\t\t\t\t\r\n\t\t\t<div class=\"content-inner\">\r\n\t\t\t\t\t\t\t\t\t<h3 class=\"title\"> Kas ma v\u00f5in p\u00e4rast projekti toetamist oma lubadust t\u00fchistada? <\/h3>\r\n\t\t\t\t\t\t\t\t\t\t\t\t\t<div class=\"desc\">Ainult kampaania ajal saab lubadust t\u00fchistada. P\u00e4rast kampaania l\u00f5ppu ei ole t\u00fchistamine lubatud.  Kui on siiski kergendavaid asjaolusid, v\u00f5ite v\u00f5tta \u00fchendust projekti loojaga, et arutada oma olukorda. <\/div>\r\n\t\t\t\t\t\t\t<\/div>\t\r\n\r\n\t\t\t\r\n\r\n\t<\/div>  \t\r\n\t<\/div>\t\t\t<\/div>\r\n\r\n\t\t\t\t\t\r\n\t\t\t<div class=\"item-columns\">\r\n\t\t\t\t<div class=\"icon-box-item elementor-repeater-item-30d2679 active\">\r\n\t<div class=\"icon-box-content\">\r\n\t\t\r\n\t\t\t\t\t\r\n\t\t\t<div class=\"content-inner\">\r\n\t\t\t\t\t\t\t\t\t<h3 class=\"title\">Kuidas ma saan oma preemiaid toetajana k\u00e4tte?<\/h3>\r\n\t\t\t\t\t\t\t\t\t\t\t\t\t<div class=\"desc\">Kui projekt on edukalt rahastatud, suhtlevad projekti loojad toetajatega, et koguda vajalikku teavet ja pakkuda preemiaid. Projekti loojad vastutavad ainuisikuliselt toetajatele antud lubaduste t\u00e4itmise ja projekti kirjelduse kohase elluviimise eest.<\/div>\r\n\t\t\t\t\t\t\t<\/div>\t\r\n\r\n\t\t\t\r\n\r\n\t<\/div>  \t\r\n\t<\/div>\t\t\t<\/div>\r\n\r\n\t\t\t\t\t\r\n\t\t\t<div class=\"item-columns\">\r\n\t\t\t\t<div class=\"icon-box-item elementor-repeater-item-b4aab4c active\">\r\n\t<div class=\"icon-box-content\">\r\n\t\t\r\n\t\t\t\t\t\r\n\t\t\t<div class=\"content-inner\">\r\n\t\t\t\t\t\t\t\t\t<h3 class=\"title\">Kas projektide arv, mida ma saan toetada, on piiratud?<\/h3>\r\n\t\t\t\t\t\t\t\t\t\t\t\t\t<div class=\"desc\">Ei, projektide arv ei ole piiratud. V\u00f5ite toetada nii palju projekte, kui soovite, s\u00f5ltuvalt teie huvidest ja eelarvest.\n\n<\/div>\r\n\t\t\t\t\t\t\t<\/div>\t\r\n\r\n\t\t\t\r\n\r\n\t<\/div>  \t\r\n\t<\/div>\t\t\t<\/div>\r\n\r\n\t\t\t\t\t\r\n\t\t\t<div class=\"item-columns\">\r\n\t\t\t\t<div class=\"icon-box-item elementor-repeater-item-63e54bb active\">\r\n\t<div class=\"icon-box-content\">\r\n\t\t\r\n\t\t\t\t\t\r\n\t\t\t<div class=\"content-inner\">\r\n\t\t\t\t\t\t\t\t\t<h3 class=\"title\">Kuidas saan olla kursis uute projektide ja kampaaniate kohta?<\/h3>\r\n\t\t\t\t\t\t\t\t\t\t\t\t\t<div class=\"desc\">Et olla kursis uute projektide ja kampaaniate kohta, v\u00f5ite tellida meie uudiskirja ja j\u00e4lgida meid sotsiaalmeedia platvormidel. Saate regulaarselt teavet viimaste projektide ja p\u00f5nevate v\u00f5imaluste kohta uuenduslike ideede toetamiseks.<\/div>\r\n\t\t\t\t\t\t\t<\/div>\t\r\n\r\n\t\t\t\r\n\r\n\t<\/div>  \t\r\n\t<\/div>\t\t\t<\/div>\r\n\r\n\t\t\t\t\t\r\n\t\t\t<div class=\"item-columns\">\r\n\t\t\t\t<div class=\"icon-box-item elementor-repeater-item-849a6cd active\">\r\n\t<div class=\"icon-box-content\">\r\n\t\t\r\n\t\t\t\t\t\r\n\t\t\t<div class=\"content-inner\">\r\n\t\t\t\t\t\t\t\t\t<h3 class=\"title\">Kuidas ma saan Bona Fides Investiga toetuse saamiseks \u00fchendust v\u00f5tta?<\/h3>\r\n\t\t\t\t\t\t\t\t\t\t\t\t\t<div class=\"desc\">K\u00fcsimuste, murede v\u00f5i tehniliste probleemide korral v\u00f5ite p\u00f6\u00f6rduda meie klienditoe meeskonna poole meie veebisaidil oleva kontaktlehe kaudu. Me oleme alati siin, et aidata teid teie \u00fchisrahastuse teekonnal.<\/div>\r\n\t\t\t\t\t\t\t<\/div>\t\r\n\r\n\t\t\t\r\n\r\n\t<\/div>  \t\r\n\t<\/div>\t\t\t<\/div>\r\n\r\n\t\t\t<\/div>   \r\n<\/div>\r\n<\/div>\t\t\t\t<\/div>\n\t\t\t\t<\/div>\n\t\t\t\t<div class=\"elementor-element elementor-element-318ff83 elementor-widget elementor-widget-text-editor\" data-id=\"318ff83\" data-element_type=\"widget\" data-e-type=\"widget\" data-widget_type=\"text-editor.default\">\n\t\t\t\t<div class=\"elementor-widget-container\">\n\t\t\t\t\t\t\t\t\t<p style=\"text-align: left;\"><span style=\"color: #000000;\">Kas teil on veel k\u00fcsimusi? V\u00f5ta meiega igal ajal \u00fchendust! Meie meeskond on valmis teid igati aitama. Head \u00fchisrahastamist!<\/span><\/p>\t\t\t\t\t\t\t\t<\/div>\n\t\t\t\t<\/div>\n\t\t\t\t\t<\/div>\n\t\t<\/div>\n\t\t\t\t\t<\/div>\n\t\t<\/section>\n\t\t\t\t<section class=\"elementor-section elementor-top-section elementor-element elementor-element-45d71a4 elementor-section-boxed elementor-section-height-default elementor-section-height-default\" data-id=\"45d71a4\" data-element_type=\"section\" data-e-type=\"section\" data-settings=\"{&quot;background_background&quot;:&quot;classic&quot;}\">\n\t\t\t\t\t\t<div class=\"elementor-container elementor-column-gap-default\">\n\t\t\t\t\t<div class=\"elementor-column elementor-col-50 elementor-top-column elementor-element elementor-element-1ac978d\" data-id=\"1ac978d\" data-element_type=\"column\" data-e-type=\"column\">\n\t\t\t<div class=\"elementor-widget-wrap elementor-element-populated\">\n\t\t\t\t\t\t<div class=\"elementor-element elementor-element-7656865 elementor-widget elementor-widget-gva-heading-block\" data-id=\"7656865\" data-element_type=\"widget\" data-e-type=\"widget\" data-widget_type=\"gva-heading-block.default\">\n\t\t\t\t<div class=\"elementor-widget-container\">\n\t\t\t\t\t<div class=\"gva-element-gva-heading-block gva-element\">   <div class=\"align-left style-1 widget gsc-heading box-align-left auto-responsive\">\r\n      <div class=\"content-inner\">\r\n         \r\n         \r\n                     <div class=\"sub-title\">\r\n               <span class=\"tagline\">Ainulaadne \u00fchisrahastuse metoodika nagu s\u00f5rmej\u00e4lg<\/span>\r\n                                 <span class=\"shadow-text\">Erip\u00e4rane<\/span>\r\n                  \r\n            <\/div>\r\n           \r\n         \r\n                     <h2 class=\"title\">\r\n               <span>Kas teadsite, et horvaat Ivan Vu\u010deti\u0107 leiutas s\u00f5rmej\u00e4lgede v\u00f5tmise tehnika nimega dakt\u00fcloskoopia?<\/span>\r\n            <\/h2>\r\n                  \r\n                     <div class=\"heading-action\">\r\n               \t\t  <a href=\"https:\/\/bonafidesinvest.eu\/et\/how-it-works\/\" class=\"btn-cta btn-theme\">\r\n\t\t\t <span>Lisateave meie protsessi kohta<\/span>\r\n\t\t  <\/a>\r\n\r\n\t\t              <\/div>\r\n         \r\n      <\/div>\r\n   <\/div>\r\n<\/div>\t\t\t\t<\/div>\n\t\t\t\t<\/div>\n\t\t\t\t\t<\/div>\n\t\t<\/div>\n\t\t\t\t<div class=\"elementor-column elementor-col-50 elementor-top-column elementor-element elementor-element-306238b\" data-id=\"306238b\" data-element_type=\"column\" data-e-type=\"column\">\n\t\t\t<div class=\"elementor-widget-wrap elementor-element-populated\">\n\t\t\t\t\t\t<div class=\"elementor-element elementor-element-055bde8 elementor-widget__width-auto elementor-widget elementor-widget-html\" data-id=\"055bde8\" data-element_type=\"widget\" data-e-type=\"widget\" data-widget_type=\"html.default\">\n\t\t\t\t<div class=\"elementor-widget-container\">\n\t\t\t\t\t<a class=\"btn-border-white\" href=\"https:\/\/bonafidesinvest.eu\/et\/how-it-works\/\">\n    Start\n<\/a>\t\t\t\t<\/div>\n\t\t\t\t<\/div>\n\t\t\t\t\t<\/div>\n\t\t<\/div>\n\t\t\t\t\t<\/div>\n\t\t<\/section>\n\t\t\t\t<\/div>","protected":false},"excerpt":{"rendered":"<p>FAQ Crowdfunding Frequently Asked Questions Got questions? We&#8217;ve got answers! Our FAQ page is the Sherlock Holmes of knowledge, solving your mysteries and leaving no question unanswered. What is Bona [&hellip;]<\/p>\n","protected":false},"author":1,"featured_media":0,"parent":0,"menu_order":0,"comment_status":"closed","ping_status":"closed","template":"","meta":{"footnotes":""},"class_list":["post-4942","page","type-page","status-publish","hentry"],"wpcf_dashboard":"<div class=\"woocommerce\"><div class=\"woocommerce-info\">Please log in first? <a class=\"wpneoShowLogin\" href=\"#\">Click here to login<\/a><\/div><div class=\"wpneo_login_form_div\" style=\"display: none;\"><form name=\"loginform\" id=\"loginform\" action=\"https:\/\/bonafidesinvest.eu\/wp-login.php\" method=\"post\"><p class=\"login-username\">\n\t\t\t\t<label for=\"user_login\">Kasutajanimi v\u00f5i e-postiaadress<\/label>\n\t\t\t\t<input type=\"text\" name=\"log\" id=\"user_login\" autocomplete=\"username\" class=\"input\" value=\"\" size=\"20\" \/>\n\t\t\t<\/p><p class=\"login-password\">\n\t\t\t\t<label for=\"user_pass\">Parool<\/label>\n\t\t\t\t<input type=\"password\" name=\"pwd\" id=\"user_pass\" autocomplete=\"current-password\" spellcheck=\"false\" class=\"input\" value=\"\" size=\"20\" \/>\n\t\t\t<\/p><p class=\"login-remember\"><label><input name=\"rememberme\" type=\"checkbox\" id=\"rememberme\" value=\"forever\" \/> J\u00e4ta mind meelde<\/label><\/p><p class=\"login-submit\">\n\t\t\t\t<input type=\"submit\" name=\"wp-submit\" id=\"wp-submit\" class=\"button button-primary\" value=\"Logi sisse\" \/>\n\t\t\t\t<input type=\"hidden\" name=\"redirect_to\" value=\"https:\/\/bonafidesinvest.eu\/et\/wp-json\/wp\/v2\/pages\/4942\" \/>\n\t\t\t<\/p><\/form><\/div><\/div>","_links":{"self":[{"href":"https:\/\/bonafidesinvest.eu\/et\/wp-json\/wp\/v2\/pages\/4942","targetHints":{"allow":["GET"]}}],"collection":[{"href":"https:\/\/bonafidesinvest.eu\/et\/wp-json\/wp\/v2\/pages"}],"about":[{"href":"https:\/\/bonafidesinvest.eu\/et\/wp-json\/wp\/v2\/types\/page"}],"author":[{"embeddable":true,"href":"https:\/\/bonafidesinvest.eu\/et\/wp-json\/wp\/v2\/users\/1"}],"replies":[{"embeddable":true,"href":"https:\/\/bonafidesinvest.eu\/et\/wp-json\/wp\/v2\/comments?post=4942"}],"version-history":[{"count":0,"href":"https:\/\/bonafidesinvest.eu\/et\/wp-json\/wp\/v2\/pages\/4942\/revisions"}],"wp:attachment":[{"href":"https:\/\/bonafidesinvest.eu\/et\/wp-json\/wp\/v2\/media?parent=4942"}],"curies":[{"name":"wp","href":"https:\/\/api.w.org\/{rel}","templated":true}]}}