{"id":2528,"date":"2023-04-03T17:07:19","date_gmt":"2023-04-03T17:07:19","guid":{"rendered":"https:\/\/bonafidesinvest.eu\/?page_id=2528"},"modified":"2023-04-04T01:06:50","modified_gmt":"2023-04-04T01:06:50","slug":"privacy-policy","status":"publish","type":"page","link":"https:\/\/bonafidesinvest.eu\/et\/privacy-policy\/","title":{"rendered":"Privaatsuspoliitika"},"content":{"rendered":"<div data-elementor-type=\"wp-page\" data-elementor-id=\"2528\" class=\"elementor elementor-2528\">\n\t\t\t\t\t\t<section class=\"elementor-section elementor-top-section elementor-element elementor-element-718aa932 elementor-section-boxed elementor-section-height-default elementor-section-height-default\" data-id=\"718aa932\" data-element_type=\"section\" data-e-type=\"section\">\n\t\t\t\t\t\t<div class=\"elementor-container elementor-column-gap-default\">\n\t\t\t\t\t<div class=\"elementor-column elementor-col-100 elementor-top-column elementor-element elementor-element-1671caf6\" data-id=\"1671caf6\" data-element_type=\"column\" data-e-type=\"column\">\n\t\t\t<div class=\"elementor-widget-wrap elementor-element-populated\">\n\t\t\t\t\t\t<div class=\"elementor-element elementor-element-75c0122f elementor-widget elementor-widget-text-editor\" data-id=\"75c0122f\" data-element_type=\"widget\" data-e-type=\"widget\" data-widget_type=\"text-editor.default\">\n\t\t\t\t<div class=\"elementor-widget-container\">\n\t\t\t\t\t\t\t\t\t<p><span style=\"color: #000000;\"><\/span><\/p>\n<p style=\"text-align: justify;\"><span style=\"color: #000000;\"><strong>Isikuandmete kogumise ja kaitse avaldus<\/strong><\/span><\/p>\n<p style=\"text-align: justify;\"><span style=\"color: #000000;\">Teie privaatsus on meile oluline. Me tahame, et te tunneksite end meie juures turvaliselt, ning tegutseme vastavalt sellele ja isikuandmete kaitset k\u00e4sitlevatele \u00f5igusnormidele.<\/span><\/p>\n<p style=\"text-align: justify;\"><span style=\"color: #000000;\">J\u00e4rgnevalt teavitame teid sellest, millistel eesm\u00e4rkidel me teie isikuandmeid kogume ja kasutame ning kuidas te saate neid protseduure j\u00e4lgida ja oma \u00f5igusi kasutada.<\/span><\/p>\n<p style=\"text-align: justify;\"><span style=\"color: #000000;\">Meie IT-s\u00fcsteemid on kaitstud tehniliste ja korralduslike meetmetega teie andmete volitamata juurdep\u00e4\u00e4su, muutmise v\u00f5i levitamise, samuti kadumise v\u00f5i kustutamise eest.<\/span><\/p>\n<p style=\"text-align: justify;\"><span style=\"color: #000000;\">Kogu kasutajate teavet hoitakse rangelt ja see on k\u00e4ttesaadav ainult t\u00f6\u00f6tajatele, kes vajavad seda teavet t\u00f6\u00f6\u00fclesannete t\u00e4itmiseks. K\u00f5ik meie t\u00f6\u00f6tajad ja \u00e4ripartnerid on kohustatud j\u00e4rgima konfidentsiaalsuse kaitse p\u00f5him\u00f5tteid.<\/span><\/p>\n<p style=\"text-align: justify;\"><span style=\"color: #000000;\">Meie kasutajana on teil \u00f5igus saada teavet oma isikuandmete t\u00f6\u00f6tlemise kohta ja esitada taotlusi oma \u00f5iguste kasutamiseks.<\/span><\/p>\n<p style=\"text-align: justify;\"><span style=\"color: #000000;\">Isikuandmeid t\u00f6\u00f6tleb:<br \/>Sotsiaalse innovatsiooni ja s\u00e4\u00e4stva arengu keskus (CEDIOR)<br \/>Ante Jak\u0161i\u0107a 10, 10 000 Zagreb, Horvaatia<br \/>PIN-KOOD: 12061569340<br \/>+385 (0)98 611 467<br \/>info@bonafidesinvest.eu<\/span><\/p>\n<p style=\"text-align: justify;\"><span style=\"color: #000000;\"><strong>Andmete t\u00f6\u00f6tlemise eesm\u00e4rgid ja \u00f5iguslik alus<\/strong><\/span><\/p>\n<p style=\"text-align: justify;\"><span style=\"color: #000000;\">Me kasutame teie isikuandmeid ainult investorite ja projektiomanike \u00fchendamiseks, \u00e4rikorrespondentsi pidamiseks ja teadete saatmiseks ning me ei anna neid edasi ega kasuta neid etten\u00e4gematutel eesm\u00e4rkidel.<\/span><\/p>\n<p style=\"text-align: justify;\"><span style=\"color: #000000;\"><strong>Kogutud andmed v\u00f5ivad sisaldada:<br \/><\/strong><\/span><\/p>\n<ul>\n<li style=\"text-align: justify;\"><span style=\"color: #000000;\">Nimi ja perekonnanimi \/ ettev\u00f5tte nimi;<\/span><\/li>\n<li style=\"text-align: justify;\"><span style=\"color: #000000;\">Postiaadress;<\/span><\/li>\n<li style=\"text-align: justify;\"><span style=\"color: #000000;\">E-posti aadress;<\/span><\/li>\n<li style=\"text-align: justify;\"><span style=\"color: #000000;\">Mobiilinumber v\u00f5i lauatelefoni number.<\/span><\/li>\n<\/ul>\n<p><span style=\"color: #000000;\"><strong style=\"text-align: left;\">Teavitamine e-posti teel<\/strong><\/span><\/p>\n<p style=\"text-align: justify;\"><span style=\"color: #000000;\">Me kasutame uudiskirjade saatmiseks, samuti vastuv\u00f5tjate nimekirjade ja tellimuste t\u00fchistamise registrite haldamiseks Mailchimp platvormi ning v\u00f5tame k\u00f5ik vajalikud meetmed andmete kaitsmiseks vastavalt isikuandmete kaitse eeskirjadele. Teil on \u00f5igus n\u00f5ustuda v\u00f5i keelduda meie teadete saamisest.<\/span><\/p>\n<p style=\"text-align: justify;\"><span style=\"color: #000000;\"><strong>Kasutaja \u00f5igused<\/strong><\/span><\/p>\n<p style=\"text-align: justify;\"><span style=\"color: #000000;\">Tagame teile j\u00e4rgmised \u00f5igused:<\/span><\/p>\n<p><span style=\"color: #000000;\"><\/span><\/p>\n<p><span style=\"color: #000000;\"><\/span><\/p>\n<p><span style=\"color: #000000;\"><\/span><\/p>\n<ul>\n<li><span style=\"color: #000000;\">\u00d5igus juurdep\u00e4\u00e4sule (teave teie andmete ulatuse ja t\u00fc\u00fcbi kohta);<\/span><\/li>\n<li><span style=\"color: #000000;\">\u00d5igus andmete parandamisele (viitab teie esitatud teabele);<\/span><\/li>\n<li><span style=\"color: #000000;\">\u00d5igus olla unustatud;<\/span><\/li>\n<li><span style=\"color: #000000;\">\u00d5igus esitada kaebus isikuandmete kasutamise kohta.<\/span><\/li>\n<\/ul>\n<p><span style=\"color: #000000;\"><\/span><\/p>\n<ul class=\"wp-block-list\"><\/ul>\n<p><span style=\"color: #000000;\"><\/span><\/p>\n<p><span style=\"color: #000000;\"><strong>Juurdep\u00e4\u00e4su\u00f5igus<\/strong><\/span><\/p>\n<p><span style=\"color: #000000;\"><\/span><\/p>\n<p style=\"text-align: justify;\"><span style=\"color: #000000;\">Teil on \u00f5igus saada teavet oma isikuandmete kohta, mida me haldame ja s\u00e4ilitame.<\/span><\/p>\n<p style=\"text-align: justify;\"><span style=\"color: #000000;\"><strong>\u00d5igus andmete parandamisele<\/strong><\/span><\/p>\n<p style=\"text-align: justify;\"><span style=\"color: #000000;\">Teil on \u00f5igus parandada teiega seotud eba\u00f5igeid isikuandmeid, mida me teeme 3 t\u00f6\u00f6p\u00e4eva jooksul.<\/span><\/p>\n<p style=\"text-align: justify;\"><span style=\"color: #000000;\"><strong>\u00d5igus andmete kustutamisele (\u00f5igus olla unustatud)<\/strong><\/span><\/p>\n<p style=\"text-align: justify;\"><span style=\"color: #000000;\">Teil on \u00f5igus saada oma isikuandmed viivitamata anon\u00fc\u00fcmseks, kui te ei soovi olla teenuste edasine kasutaja v\u00f5i kui te ei soovi, et me kasutaksime teie isikuandmeid nimetatud eesm\u00e4rkidel.<\/span><\/p>\n<p style=\"text-align: justify;\"><span style=\"color: #000000;\"><strong>\u00d5igus esitada vastuv\u00e4iteid isikuandmete kasutamisele<\/strong><\/span><\/p>\n<p style=\"text-align: justify;\"><span style=\"color: #000000;\">Kui teie isikuandmete t\u00f6\u00f6tlemine p\u00f5hineb meie \u00f5igustatud huvide t\u00e4itmisel, on teil \u00f5igus igal ajal esitada vastuv\u00e4iteid isikuandmete t\u00f6\u00f6tlemise suhtes, kui t\u00f6\u00f6tlemine on seotud teie andmetega. Kui te esitate sellise vastuv\u00e4ite:<\/span><\/p>\n<ul>\n<li style=\"text-align: justify;\"><span style=\"color: #000000;\">seoses teavitustega (\"uudiskiri\") - me ei kasuta teie isikuandmeid sel eesm\u00e4rgil;<\/span><\/li>\n<li style=\"text-align: justify;\"><span style=\"color: #000000;\">seotud muude \u00f5igustatud huvidega - me ei t\u00f6\u00f6tle teie isikuandmeid enam kaebuse aluseks oleval eesm\u00e4rgil.<\/span><\/li>\n<\/ul>\n<p style=\"text-align: justify;\"><span style=\"color: #000000;\"><strong>K\u00fcpsised<\/strong><\/span><\/p>\n<p style=\"text-align: justify;\"><span style=\"color: #000000;\">Me kasutame oma veebisaidil arvutik\u00fcpsiseid, et v\u00f5imaldada teatud tehnilisi funktsioone ja h\u00f5lbustada teile meie veebisaidil navigeerimist.<\/span><\/p>\n<p style=\"text-align: justify;\"><span style=\"color: #000000;\"><strong>Kuidas te saate oma \u00f5igusi kasutada<\/strong><\/span><\/p>\n<p style=\"text-align: justify;\"><span style=\"color: #000000;\">K\u00f5igi teie isikuandmeid puudutavate k\u00fcsimuste ja taotluste puhul v\u00f5tke palun \u00fchendust meie andmekaitsekoordinaatoritega e-posti aadressil info@bonafidesinvest.eu, m\u00e4rkides \"Teema\" alla m\u00e4rkuse DATA PROTECTION.<\/span><\/p>\n<p style=\"text-align: justify;\"><span style=\"color: #000000;\">Me t\u00f6\u00f6tleme teie p\u00e4ringuid ja taotlusi p\u00f5hjendamatu viivituseta ja koosk\u00f5las seadusega ning teavitame teid v\u00f5etud meetmetest.<\/span><\/p>\n<p><span style=\"color: #000000;\"><\/span><\/p>\n<p><span style=\"color: #000000;\"><\/span><\/p>\n<p><span style=\"color: #000000;\"><\/span><\/p>\n<p><span style=\"color: #000000;\"><\/span><\/p>\n<p><span style=\"color: #000000;\"><\/span><\/p>\n<p><span style=\"color: #000000;\"><\/span><\/p>\n<p><span style=\"color: #000000;\"><\/span><\/p>\n<p><span style=\"color: #000000;\"><\/span><\/p>\n<p><span style=\"color: #000000;\"><\/span><\/p>\n<p><span style=\"color: #000000;\"><\/span><\/p>\n<p><span style=\"color: #000000;\"><\/span><\/p>\n<p><span style=\"color: #000000;\"><\/span><\/p>\t\t\t\t\t\t\t\t<\/div>\n\t\t\t\t<\/div>\n\t\t\t\t\t<\/div>\n\t\t<\/div>\n\t\t\t\t\t<\/div>\n\t\t<\/section>\n\t\t\t\t<\/div>","protected":false},"excerpt":{"rendered":"<p>Personal data gathering and protection statement Your privacy is important to us. We want you to feel safe with us, and we act in accordance with that and the legal [&hellip;]<\/p>\n","protected":false},"author":1,"featured_media":0,"parent":0,"menu_order":0,"comment_status":"closed","ping_status":"closed","template":"","meta":{"footnotes":""},"class_list":["post-2528","page","type-page","status-publish","hentry"],"wpcf_dashboard":"<div class=\"woocommerce\"><div class=\"woocommerce-info\">Please log in first? <a class=\"wpneoShowLogin\" href=\"#\">Click here to login<\/a><\/div><div class=\"wpneo_login_form_div\" style=\"display: none;\"><form name=\"loginform\" id=\"loginform\" action=\"https:\/\/bonafidesinvest.eu\/wp-login.php\" method=\"post\"><p class=\"login-username\">\n\t\t\t\t<label for=\"user_login\">Kasutajanimi v\u00f5i e-postiaadress<\/label>\n\t\t\t\t<input type=\"text\" name=\"log\" id=\"user_login\" autocomplete=\"username\" class=\"input\" value=\"\" size=\"20\" \/>\n\t\t\t<\/p><p class=\"login-password\">\n\t\t\t\t<label for=\"user_pass\">Parool<\/label>\n\t\t\t\t<input type=\"password\" name=\"pwd\" id=\"user_pass\" autocomplete=\"current-password\" spellcheck=\"false\" class=\"input\" value=\"\" size=\"20\" \/>\n\t\t\t<\/p><p class=\"login-remember\"><label><input name=\"rememberme\" type=\"checkbox\" id=\"rememberme\" value=\"forever\" \/> J\u00e4ta mind meelde<\/label><\/p><p class=\"login-submit\">\n\t\t\t\t<input type=\"submit\" name=\"wp-submit\" id=\"wp-submit\" class=\"button button-primary\" value=\"Logi sisse\" \/>\n\t\t\t\t<input type=\"hidden\" name=\"redirect_to\" value=\"https:\/\/bonafidesinvest.eu\/et\/wp-json\/wp\/v2\/pages\/2528\" \/>\n\t\t\t<\/p><\/form><\/div><\/div>","_links":{"self":[{"href":"https:\/\/bonafidesinvest.eu\/et\/wp-json\/wp\/v2\/pages\/2528","targetHints":{"allow":["GET"]}}],"collection":[{"href":"https:\/\/bonafidesinvest.eu\/et\/wp-json\/wp\/v2\/pages"}],"about":[{"href":"https:\/\/bonafidesinvest.eu\/et\/wp-json\/wp\/v2\/types\/page"}],"author":[{"embeddable":true,"href":"https:\/\/bonafidesinvest.eu\/et\/wp-json\/wp\/v2\/users\/1"}],"replies":[{"embeddable":true,"href":"https:\/\/bonafidesinvest.eu\/et\/wp-json\/wp\/v2\/comments?post=2528"}],"version-history":[{"count":0,"href":"https:\/\/bonafidesinvest.eu\/et\/wp-json\/wp\/v2\/pages\/2528\/revisions"}],"wp:attachment":[{"href":"https:\/\/bonafidesinvest.eu\/et\/wp-json\/wp\/v2\/media?parent=2528"}],"curies":[{"name":"wp","href":"https:\/\/api.w.org\/{rel}","templated":true}]}}