{"id":7786,"date":"2024-02-13T17:27:54","date_gmt":"2024-02-13T15:27:54","guid":{"rendered":"https:\/\/bonafidesinvest.eu\/?page_id=7786"},"modified":"2024-03-16T03:16:28","modified_gmt":"2024-03-16T01:16:28","slug":"mensajes","status":"publish","type":"page","link":"https:\/\/bonafidesinvest.eu\/es\/messages\/","title":{"rendered":"Mensajes"},"content":{"rendered":"<div data-elementor-type=\"wp-page\" data-elementor-id=\"7786\" class=\"elementor elementor-7786\">\n\t\t\t\t\t\t<section class=\"elementor-section elementor-top-section elementor-element elementor-element-44765eb elementor-section-boxed elementor-section-height-default elementor-section-height-default\" data-id=\"44765eb\" data-element_type=\"section\" data-e-type=\"section\">\n\t\t\t\t\t\t<div class=\"elementor-container elementor-column-gap-default\">\n\t\t\t\t\t<div class=\"elementor-column elementor-col-100 elementor-top-column elementor-element elementor-element-fa4bf63\" data-id=\"fa4bf63\" data-element_type=\"column\" data-e-type=\"column\">\n\t\t\t<div class=\"elementor-widget-wrap elementor-element-populated\">\n\t\t\t\t\t\t<div class=\"elementor-element elementor-element-6a1881a elementor-widget elementor-widget-text-editor\" data-id=\"6a1881a\" data-element_type=\"widget\" data-e-type=\"widget\" data-widget_type=\"text-editor.default\">\n\t\t\t\t<div class=\"elementor-widget-container\">\n\t\t\t\t\t\t\t\t\t<p><span style=\"color: #000000;\">\u00a1Hola desde Bona Fides Invest!<\/span><\/p><p><span style=\"color: #000000;\">Gracias por su pedido.<\/span><\/p><p><span style=\"color: #000000;\">Su pedido est\u00e1 en espera hasta que confirmemos que hemos recibido el pago. Los detalles de su pedido se muestran a continuaci\u00f3n para su referencia:<\/span><\/p><h2>Detalles del pedido<\/h2><table border=\"0\" width=\"100%\" cellspacing=\"0\" cellpadding=\"0\"><tbody><tr><td align=\"left\" valign=\"middle\"><h3><em><span style=\"color: #000000;\">N\u00famero de pedido:<\/span><\/em><\/h3><\/td><td align=\"right\" valign=\"middle\"><h3><span style=\"color: #000000;\"><em>Fecha de pedido:<\/em>\u00a0<\/span><\/h3><\/td><\/tr><\/tbody><\/table><div><div class=\"adm\"><div id=\"q_97\" class=\"ajR h4\" data-tooltip=\"Sakrivanje pro\u0161irenog sadr\u017eaja\" aria-label=\"Protecci\u00f3n de datos personales\" aria-expanded=\"true\"><div class=\"ajT\">\u00a0<\/div><\/div><\/div><div class=\"im\"><table border=\"0\" width=\"100%\" cellspacing=\"0\" cellpadding=\"6\"><thead><tr><th scope=\"col\" align=\"left\"><span style=\"color: #000000;\">Producto<\/span><\/th><th scope=\"col\" align=\"center\"><span style=\"color: #000000;\">Cantidad<\/span><\/th><th scope=\"col\" align=\"right\"><span style=\"color: #000000;\">Precio<\/span><\/th><\/tr><\/thead><\/table><p><span style=\"color: #000000;\">Gracias por su apoyo.<\/span><\/p><p><span style=\"color: #000000;\">Su pago ha sido registrado<\/span><\/p><p style=\"text-align: justify;\"><span style=\"color: #000000;\">Nos gustar\u00eda informarle de que el pago se ha anotado oficialmente en la p\u00e1gina de la campa\u00f1a.\u00a0<\/span><\/p><p style=\"text-align: justify;\"><span style=\"color: #000000;\"><strong>Nota de agradecimiento digital<\/strong><\/span><br \/><span style=\"color: #000000;\">Puede descargar su nota de agradecimiento digital\u00a0<a style=\"color: #000000;\" href=\"https:\/\/bonafidesinvest.eu\/es\/digital-thank-you-cards\/?customize_changeset_uuid=c75dad4d-2a69-4b01-9395-da689ff3dd0d&amp;customize_autosaved=on&amp;customize_messenger_channel=preview-2\">aqu\u00ed<\/a>. Una vez descargada la nota de agradecimiento y escrito en ella el nombre, comp\u00e1rtela en las redes sociales con tus amigos para animarles a apoyar la campa\u00f1a.<\/span><\/p><p style=\"text-align: justify;\"><span style=\"color: #000000;\">OBSERVACI\u00d3N:<\/span><br \/><span style=\"color: #000000;\">A efectos de contabilidad de las entidades empresariales, basta con un extracto bancario del pago y una copia de este correo electr\u00f3nico como confirmaci\u00f3n de la recepci\u00f3n de la donaci\u00f3n. Los donantes pueden descargar adem\u00e1s el Formulario de confirmaci\u00f3n de donaci\u00f3n para entidades comerciales\u00a0<a style=\"color: #000000;\" href=\"https:\/\/bonafidesinvest.eu\/es\/donation-confirmation-form-for-business-entities\/?customize_changeset_uuid=c75dad4d-2a69-4b01-9395-da689ff3dd0d&amp;customize_autosaved=on&amp;customize_messenger_channel=preview-2\">aqu\u00ed<\/a>\u00a0y rellenarlo en persona.<\/span><\/p><p style=\"text-align: justify;\"><span style=\"color: #000000;\">Los ciudadanos pueden obtener una deducci\u00f3n fiscal, al igual que las empresas. Para ello, es necesario utilizar un extracto bancario del pago y una copia de este correo electr\u00f3nico como confirmaci\u00f3n de la recepci\u00f3n de la donaci\u00f3n. Los donantes pueden descargar adicionalmente el Formulario de Confirmaci\u00f3n de Donaci\u00f3n para Personas F\u00edsicas\u00a0<a style=\"color: #000000;\" href=\"https:\/\/bonafidesinvest.eu\/es\/donation-confirmation-form-for-natural-persons\/?customize_changeset_uuid=c75dad4d-2a69-4b01-9395-da689ff3dd0d&amp;customize_autosaved=on&amp;customize_messenger_channel=preview-2\">aqu\u00ed<\/a>\u00a0y rellenarlo en persona.<\/span><\/p><p><span style=\"color: #000000;\">Direcci\u00f3n de facturaci\u00f3n<\/span><\/p><p><span style=\"color: #000000;\">Esperamos poder atender pronto su pedido.<\/span><\/p><p><span style=\"color: #000000;\">El importe en kunas croatas (kn) se obtiene convirtiendo el precio seg\u00fan el tipo de cambio fijo del BNC:<br \/>1 EUR = 7,53450 HRK<\/span><\/p><p><span style=\"color: #000000;\">Su pedido ha sido recibido y est\u00e1 siendo procesado. Los detalles de su pedido se muestran a continuaci\u00f3n para su referencia:<\/span><\/p><p><span style=\"color: #000000;\">Gracias.<\/span><\/p><h2><span style=\"color: #000000;\">Recompensa seleccionada<\/span><\/h2><ul><li><span style=\"color: #000000;\">Importe:\u00a0<u><\/u><\/span><\/li><li><span style=\"color: #000000;\">Entrega: ,<\/span><\/li><li><span style=\"color: #000000;\">Detalles de la recompensa:\u00a0<\/span><\/li><\/ul><div><h3><span style=\"color: #000000;\">Informaci\u00f3n adicional<\/span><\/h3><p><span style=\"color: #000000;\">Seleccione si no desea una recompensa con su donaci\u00f3n: S\u00ed<\/span><\/p><\/div><\/div><\/div>\t\t\t\t\t\t\t\t<\/div>\n\t\t\t\t<\/div>\n\t\t\t\t\t<\/div>\n\t\t<\/div>\n\t\t\t\t\t<\/div>\n\t\t<\/section>\n\t\t\t\t<\/div>","protected":false},"excerpt":{"rendered":"<p>Hello from Bona Fides Invest! Thanks for your order! Your order is on-hold until we confirm payment has been received. Your order details are shown below for your reference: Order [&hellip;]<\/p>\n","protected":false},"author":1,"featured_media":0,"parent":0,"menu_order":0,"comment_status":"closed","ping_status":"closed","template":"","meta":{"footnotes":""},"class_list":["post-7786","page","type-page","status-publish","hentry"],"wpcf_dashboard":"<div class=\"woocommerce\"><div class=\"woocommerce-info\">Please log in first? <a class=\"wpneoShowLogin\" href=\"#\">Click here to login<\/a><\/div><div class=\"wpneo_login_form_div\" style=\"display: none;\"><form name=\"loginform\" id=\"loginform\" action=\"https:\/\/bonafidesinvest.eu\/wp-login.php\" method=\"post\"><p class=\"login-username\">\n\t\t\t\t<label for=\"user_login\">Nombre de usuario o correo electr\u00f3nico<\/label>\n\t\t\t\t<input type=\"text\" name=\"log\" id=\"user_login\" autocomplete=\"username\" class=\"input\" value=\"\" size=\"20\" \/>\n\t\t\t<\/p><p class=\"login-password\">\n\t\t\t\t<label for=\"user_pass\">Contrase\u00f1a<\/label>\n\t\t\t\t<input type=\"password\" name=\"pwd\" id=\"user_pass\" autocomplete=\"current-password\" spellcheck=\"false\" class=\"input\" value=\"\" size=\"20\" \/>\n\t\t\t<\/p><p class=\"login-remember\"><label><input name=\"rememberme\" type=\"checkbox\" id=\"rememberme\" value=\"forever\" \/> Recu\u00e9rdame<\/label><\/p><p class=\"login-submit\">\n\t\t\t\t<input type=\"submit\" name=\"wp-submit\" id=\"wp-submit\" class=\"button button-primary\" value=\"Acceder\" \/>\n\t\t\t\t<input type=\"hidden\" name=\"redirect_to\" value=\"https:\/\/bonafidesinvest.eu\/es\/wp-json\/wp\/v2\/pages\/7786\" \/>\n\t\t\t<\/p><\/form><\/div><\/div>","_links":{"self":[{"href":"https:\/\/bonafidesinvest.eu\/es\/wp-json\/wp\/v2\/pages\/7786","targetHints":{"allow":["GET"]}}],"collection":[{"href":"https:\/\/bonafidesinvest.eu\/es\/wp-json\/wp\/v2\/pages"}],"about":[{"href":"https:\/\/bonafidesinvest.eu\/es\/wp-json\/wp\/v2\/types\/page"}],"author":[{"embeddable":true,"href":"https:\/\/bonafidesinvest.eu\/es\/wp-json\/wp\/v2\/users\/1"}],"replies":[{"embeddable":true,"href":"https:\/\/bonafidesinvest.eu\/es\/wp-json\/wp\/v2\/comments?post=7786"}],"version-history":[{"count":0,"href":"https:\/\/bonafidesinvest.eu\/es\/wp-json\/wp\/v2\/pages\/7786\/revisions"}],"wp:attachment":[{"href":"https:\/\/bonafidesinvest.eu\/es\/wp-json\/wp\/v2\/media?parent=7786"}],"curies":[{"name":"wp","href":"https:\/\/api.w.org\/{rel}","templated":true}]}}