{"id":3,"date":"2023-03-24T10:16:53","date_gmt":"2023-03-24T10:16:53","guid":{"rendered":"https:\/\/bonafidesinvest.eu\/?page_id=3"},"modified":"2023-04-04T01:52:30","modified_gmt":"2023-04-04T01:52:30","slug":"personal-data-gathering-and-protection-statement","status":"publish","type":"page","link":"https:\/\/bonafidesinvest.eu\/es\/personal-data-gathering-and-protection-statement\/","title":{"rendered":"Declaraci\u00f3n sobre recogida y protecci\u00f3n de datos personales"},"content":{"rendered":"<div data-elementor-type=\"wp-page\" data-elementor-id=\"3\" class=\"elementor elementor-3\">\n\t\t\t\t\t\t<section class=\"elementor-section elementor-top-section elementor-element elementor-element-656a14ac elementor-section-boxed elementor-section-height-default elementor-section-height-default\" data-id=\"656a14ac\" data-element_type=\"section\" data-e-type=\"section\">\n\t\t\t\t\t\t<div class=\"elementor-container elementor-column-gap-default\">\n\t\t\t\t\t<div class=\"elementor-column elementor-col-100 elementor-top-column elementor-element elementor-element-689a5e94\" data-id=\"689a5e94\" data-element_type=\"column\" data-e-type=\"column\">\n\t\t\t<div class=\"elementor-widget-wrap elementor-element-populated\">\n\t\t\t\t\t\t<div class=\"elementor-element elementor-element-13db662d elementor-widget elementor-widget-text-editor\" data-id=\"13db662d\" data-element_type=\"widget\" data-e-type=\"widget\" data-widget_type=\"text-editor.default\">\n\t\t\t\t<div class=\"elementor-widget-container\">\n\t\t\t\t\t\t\t\t\t<p><span style=\"color: #000000;\"><strong>Declaraci\u00f3n sobre recogida y protecci\u00f3n de datos personales<\/strong><\/span><\/p>\n<p><span style=\"color: #000000;\">Su privacidad es importante para nosotros. Queremos que se sienta seguro con nosotros, y actuamos de acuerdo con ello y con la normativa legal sobre protecci\u00f3n de datos personales.<\/span><\/p>\n<p><span style=\"color: #000000;\">A continuaci\u00f3n, le informamos de los fines para los que recogemos y utilizamos sus datos personales y de c\u00f3mo puede supervisar estos procedimientos y ejercer sus derechos.<\/span><\/p>\n<p><span style=\"color: #000000;\">Nuestros sistemas inform\u00e1ticos est\u00e1n protegidos por medidas t\u00e9cnicas y organizativas contra el acceso no autorizado, la modificaci\u00f3n o difusi\u00f3n de sus datos, as\u00ed como contra su p\u00e9rdida o supresi\u00f3n.<\/span><\/p>\n<p><span style=\"color: #000000;\">Toda la informaci\u00f3n de los usuarios est\u00e1 estrictamente protegida y s\u00f3lo pueden acceder a ella los empleados que la necesitan para realizar su trabajo. Todos nuestros empleados y socios comerciales son responsables de seguir los principios de protecci\u00f3n de la confidencialidad.<\/span><\/p>\n<p><span style=\"color: #000000;\">Como usuario nuestro, tiene derecho a recibir informaci\u00f3n sobre el tratamiento de sus datos personales y a presentar solicitudes para ejercer sus derechos.<\/span><\/p>\n<p><span style=\"color: #000000;\">El tratamiento de los datos personales es realizado por:<\/span><br \/><span style=\"color: #000000;\">Centro de Innovaci\u00f3n Social y Desarrollo Sostenible (CEDIOR)<\/span><br \/><span style=\"color: #000000;\">Ante Jak\u0161i\u0107a 10, 10 000 Zagreb, Croacia<\/span><br \/><span style=\"color: #000000;\">PIN: 12061569340<\/span><br \/><span style=\"color: #000000;\">+385 (0)98 611 467<\/span><br \/><span style=\"color: #000000;\">info@bonafidesinvest.eu<\/span><\/p>\n<p><span style=\"color: #000000;\"><strong>Finalidad y fundamento jur\u00eddico del tratamiento de datos<\/strong><\/span><\/p>\n<p><span style=\"color: #000000;\">Utilizamos sus datos personales exclusivamente para poner en contacto a inversores y titulares de proyectos, mantener correspondencia comercial y enviar notificaciones, y no los transmitimos ni utilizamos para fines imprevistos.<\/span><\/p>\n<p><span style=\"color: #000000;\"><strong>Los datos que recopilamos pueden contener:<br \/><\/strong><\/span><\/p>\n<ul>\n<li><span style=\"color: #000000;\">Nombre y apellidos \/ raz\u00f3n social;<\/span><\/li>\n<li><span style=\"color: #000000;\">Direcci\u00f3n postal;<\/span><\/li>\n<li><span style=\"color: #000000;\">Direcci\u00f3n de correo electr\u00f3nico;<\/span><\/li>\n<li><span style=\"color: #000000;\">N\u00famero de tel\u00e9fono m\u00f3vil o fijo.<\/span><\/li>\n<\/ul>\n<p><span style=\"color: #000000;\"><strong>Notificaci\u00f3n por correo electr\u00f3nico<\/strong><\/span><\/p>\n<p><span style=\"color: #000000;\">Utilizamos la plataforma Mailchimp para enviar boletines, as\u00ed como para gestionar las listas de destinatarios y los registros de cancelaci\u00f3n de suscripci\u00f3n, y adopta todas las medidas necesarias para proteger los datos de conformidad con la normativa sobre protecci\u00f3n de datos personales. Es su derecho aceptar o rechazar la recepci\u00f3n de nuestras comunicaciones.<\/span><\/p>\n<p><span style=\"color: #000000;\"><strong>Derechos de los usuarios<\/strong><\/span><\/p>\n<p><span style=\"color: #000000;\">Le garantizamos los siguientes derechos:<\/span><\/p>\n<ul>\n<li><span style=\"color: #000000;\">Derecho de acceso (informaci\u00f3n sobre el alcance y el tipo) de sus datos;<\/span><\/li>\n<li><span style=\"color: #000000;\">El derecho a la rectificaci\u00f3n (se refiere a la informaci\u00f3n que ha facilitado);<\/span><\/li>\n<li><span style=\"color: #000000;\">El derecho al olvido;<\/span><\/li>\n<li><span style=\"color: #000000;\">Derecho a reclamar por el uso de datos personales.<\/span><\/li>\n<\/ul>\n<p><span style=\"color: #000000;\"><strong>Derecho de acceso<\/strong><\/span><\/p>\n<p><span style=\"color: #000000;\">Tiene derecho a recibir informaci\u00f3n sobre los datos personales que gestionamos y conservamos en nuestra memoria.<\/span><\/p>\n<p><span style=\"color: #000000;\"><strong>Derecho de rectificaci\u00f3n<\/strong><\/span><\/p>\n<p><span style=\"color: #000000;\">Tiene derecho a corregir los datos personales incorrectos que le conciernan, lo que haremos en un plazo de 3 d\u00edas laborables.<\/span><\/p>\n<p><span style=\"color: #000000;\"><strong>Derecho de supresi\u00f3n (derecho al olvido)<\/strong><\/span><\/p>\n<p><span style=\"color: #000000;\">Tiene derecho a obtener la anonimizaci\u00f3n de sus datos personales sin demora indebida si no desea seguir siendo usuario de los servicios o si no desea que utilicemos sus datos personales para los fines indicados.<\/span><\/p>\n<p><span style=\"color: #000000;\"><strong>Derecho a oponerse al uso de datos personales<\/strong><\/span><\/p>\n<p><span style=\"color: #000000;\">Si el tratamiento de sus datos personales se basa en el cumplimiento de nuestros intereses leg\u00edtimos, usted tiene derecho a oponerse en cualquier momento a dicho tratamiento de datos personales en la medida en que el tratamiento se refiera a sus datos. Si presenta dicha oposici\u00f3n:<\/span><\/p>\n<ul>\n<li><span style=\"color: #000000;\">regarding notifications (\u201cnewsletter\u201d) \u2013 we will not use your personal data for this purpose;<\/span><\/li>\n<li><span style=\"color: #000000;\">related to other cases of legitimate interest \u2013 we will not further process your personal data for the purpose to which the complaint relates.<\/span><\/li>\n<\/ul>\n<p><span style=\"color: #000000;\"><strong>Cookies<\/strong><\/span><\/p>\n<p><span style=\"color: #000000;\">En nuestro sitio web utilizamos cookies inform\u00e1ticas para habilitar determinadas funciones t\u00e9cnicas y facilitarle la navegaci\u00f3n por nuestro sitio web.<\/span><\/p>\n<p><span style=\"color: #000000;\"><strong>C\u00f3mo ejercer sus derechos<\/strong><\/span><\/p>\n<p><span style=\"color: #000000;\">For all questions and requests regarding your personal data, please contact our data protection coordinators at email address info@bonafidesinvest.eu with the note DATA PROTECTION in the \u201cSubject\u201d.<\/span><\/p>\n<p><span style=\"color: #000000;\">Tramitaremos sus consultas y solicitudes sin demora indebida y de conformidad con las obligaciones legales, y le informaremos sobre las medidas que hayamos adoptado.<\/span><\/p>\t\t\t\t\t\t\t\t<\/div>\n\t\t\t\t<\/div>\n\t\t\t\t\t<\/div>\n\t\t<\/div>\n\t\t\t\t\t<\/div>\n\t\t<\/section>\n\t\t\t\t<\/div>","protected":false},"excerpt":{"rendered":"<p>Personal data gathering and protection statement Your privacy is important to us. We want you to feel safe with us, and we act in accordance with that and the legal [&hellip;]<\/p>\n","protected":false},"author":1,"featured_media":0,"parent":0,"menu_order":0,"comment_status":"closed","ping_status":"closed","template":"","meta":{"footnotes":""},"class_list":["post-3","page","type-page","status-publish","hentry"],"wpcf_dashboard":"<div class=\"woocommerce\"><div class=\"woocommerce-info\">Please log in first? <a class=\"wpneoShowLogin\" href=\"#\">Click here to login<\/a><\/div><div class=\"wpneo_login_form_div\" style=\"display: none;\"><form name=\"loginform\" id=\"loginform\" action=\"https:\/\/bonafidesinvest.eu\/wp-login.php\" method=\"post\"><p class=\"login-username\">\n\t\t\t\t<label for=\"user_login\">Nombre de usuario o correo electr\u00f3nico<\/label>\n\t\t\t\t<input type=\"text\" name=\"log\" id=\"user_login\" autocomplete=\"username\" class=\"input\" value=\"\" size=\"20\" \/>\n\t\t\t<\/p><p class=\"login-password\">\n\t\t\t\t<label for=\"user_pass\">Contrase\u00f1a<\/label>\n\t\t\t\t<input type=\"password\" name=\"pwd\" id=\"user_pass\" autocomplete=\"current-password\" spellcheck=\"false\" class=\"input\" value=\"\" size=\"20\" \/>\n\t\t\t<\/p><p class=\"login-remember\"><label><input name=\"rememberme\" type=\"checkbox\" id=\"rememberme\" value=\"forever\" \/> Recu\u00e9rdame<\/label><\/p><p class=\"login-submit\">\n\t\t\t\t<input type=\"submit\" name=\"wp-submit\" id=\"wp-submit\" class=\"button button-primary\" value=\"Acceder\" \/>\n\t\t\t\t<input type=\"hidden\" name=\"redirect_to\" value=\"https:\/\/bonafidesinvest.eu\/es\/wp-json\/wp\/v2\/pages\/3\" \/>\n\t\t\t<\/p><\/form><\/div><\/div>","_links":{"self":[{"href":"https:\/\/bonafidesinvest.eu\/es\/wp-json\/wp\/v2\/pages\/3","targetHints":{"allow":["GET"]}}],"collection":[{"href":"https:\/\/bonafidesinvest.eu\/es\/wp-json\/wp\/v2\/pages"}],"about":[{"href":"https:\/\/bonafidesinvest.eu\/es\/wp-json\/wp\/v2\/types\/page"}],"author":[{"embeddable":true,"href":"https:\/\/bonafidesinvest.eu\/es\/wp-json\/wp\/v2\/users\/1"}],"replies":[{"embeddable":true,"href":"https:\/\/bonafidesinvest.eu\/es\/wp-json\/wp\/v2\/comments?post=3"}],"version-history":[{"count":0,"href":"https:\/\/bonafidesinvest.eu\/es\/wp-json\/wp\/v2\/pages\/3\/revisions"}],"wp:attachment":[{"href":"https:\/\/bonafidesinvest.eu\/es\/wp-json\/wp\/v2\/media?parent=3"}],"curies":[{"name":"wp","href":"https:\/\/api.w.org\/{rel}","templated":true}]}}