{"id":7786,"date":"2024-02-13T17:27:54","date_gmt":"2024-02-13T15:27:54","guid":{"rendered":"https:\/\/bonafidesinvest.eu\/?page_id=7786"},"modified":"2024-03-16T03:16:28","modified_gmt":"2024-03-16T01:16:28","slug":"nachrichten","status":"publish","type":"page","link":"https:\/\/bonafidesinvest.eu\/de\/messages\/","title":{"rendered":"Nachrichten"},"content":{"rendered":"<div data-elementor-type=\"wp-page\" data-elementor-id=\"7786\" class=\"elementor elementor-7786\">\n\t\t\t\t\t\t<section class=\"elementor-section elementor-top-section elementor-element elementor-element-44765eb elementor-section-boxed elementor-section-height-default elementor-section-height-default\" data-id=\"44765eb\" data-element_type=\"section\" data-e-type=\"section\">\n\t\t\t\t\t\t<div class=\"elementor-container elementor-column-gap-default\">\n\t\t\t\t\t<div class=\"elementor-column elementor-col-100 elementor-top-column elementor-element elementor-element-fa4bf63\" data-id=\"fa4bf63\" data-element_type=\"column\" data-e-type=\"column\">\n\t\t\t<div class=\"elementor-widget-wrap elementor-element-populated\">\n\t\t\t\t\t\t<div class=\"elementor-element elementor-element-6a1881a elementor-widget elementor-widget-text-editor\" data-id=\"6a1881a\" data-element_type=\"widget\" data-e-type=\"widget\" data-widget_type=\"text-editor.default\">\n\t\t\t\t<div class=\"elementor-widget-container\">\n\t\t\t\t\t\t\t\t\t<p><span style=\"color: #000000;\">Hallo von Bona Fides Invest!<\/span><\/p><p><span style=\"color: #000000;\">Vielen Dank f\u00fcr Ihre Bestellung!<\/span><\/p><p><span style=\"color: #000000;\">Ihre Bestellung ist in der Warteschleife, bis wir den Zahlungseingang best\u00e4tigt haben. Die Details Ihrer Bestellung sind unten zu Ihrer Information aufgef\u00fchrt:<\/span><\/p><h2>Details zur Bestellung<\/h2><table border=\"0\" width=\"100%\" cellspacing=\"0\" cellpadding=\"0\"><tbody><tr><td align=\"left\" valign=\"middle\"><h3><em><span style=\"color: #000000;\">Bestellnummer:<\/span><\/em><\/h3><\/td><td align=\"right\" valign=\"middle\"><h3><span style=\"color: #000000;\"><em>Datum der Bestellung:<\/em>\u00a0<\/span><\/h3><\/td><\/tr><\/tbody><\/table><div><div class=\"adm\"><div id=\"q_97\" class=\"ajR h4\" data-tooltip=\"Sakrivanje pro\u0161irenog sadr\u017eaja\" aria-label=\"Sakrivanje pro\u0161irenog sadr\u017eaja\" aria-expanded=\"true\"><div class=\"ajT\">\u00a0<\/div><\/div><\/div><div class=\"im\"><table border=\"0\" width=\"100%\" cellspacing=\"0\" cellpadding=\"6\"><thead><tr><th scope=\"col\" align=\"left\"><span style=\"color: #000000;\">Produkt<\/span><\/th><th scope=\"col\" align=\"center\"><span style=\"color: #000000;\">Menge<\/span><\/th><th scope=\"col\" align=\"right\"><span style=\"color: #000000;\">Preis<\/span><\/th><\/tr><\/thead><\/table><p><span style=\"color: #000000;\">Vielen Dank f\u00fcr Ihre Unterst\u00fctzung!<\/span><\/p><p><span style=\"color: #000000;\">Ihre Zahlung wurde registriert<\/span><\/p><p style=\"text-align: justify;\"><span style=\"color: #000000;\">Wir m\u00f6chten Sie dar\u00fcber informieren, dass die Zahlung offiziell auf der Kampagnenseite vermerkt wurde.\u00a0<\/span><\/p><p style=\"text-align: justify;\"><span style=\"color: #000000;\"><strong>Digitaler Dankesbrief<\/strong><\/span><br \/><span style=\"color: #000000;\">Sie k\u00f6nnen Ihr digitales Dankesschreiben herunterladen\u00a0<a style=\"color: #000000;\" href=\"https:\/\/bonafidesinvest.eu\/de\/digital-thank-you-cards\/?customize_changeset_uuid=c75dad4d-2a69-4b01-9395-da689ff3dd0d&amp;customize_autosaved=on&amp;customize_messenger_channel=preview-2\">hier<\/a>. Sobald Sie die Danksagung heruntergeladen und den Namen hineingeschrieben haben, k\u00f6nnen Sie sie in den sozialen Medien mit Ihren Freunden teilen, um sie zu ermutigen, die Kampagne zu unterst\u00fctzen.<\/span><\/p><p style=\"text-align: justify;\"><span style=\"color: #000000;\">ANMERKUNG:<\/span><br \/><span style=\"color: #000000;\">F\u00fcr die Buchhaltung von Unternehmen sind ein Kontoauszug der Zahlung und eine Kopie dieser E-Mail als Best\u00e4tigung des Spendeneingangs ausreichend. Spender k\u00f6nnen zus\u00e4tzlich das Spendenbest\u00e4tigungsformular f\u00fcr Unternehmen herunterladen\u00a0<a style=\"color: #000000;\" href=\"https:\/\/bonafidesinvest.eu\/de\/donation-confirmation-form-for-business-entities\/?customize_changeset_uuid=c75dad4d-2a69-4b01-9395-da689ff3dd0d&amp;customize_autosaved=on&amp;customize_messenger_channel=preview-2\">hier<\/a>\u00a0und f\u00fcllen Sie es pers\u00f6nlich aus.<\/span><\/p><p style=\"text-align: justify;\"><span style=\"color: #000000;\">Sowohl B\u00fcrger als auch Unternehmen k\u00f6nnen einen Steuerabzug geltend machen. Zu diesem Zweck m\u00fcssen Sie einen Kontoauszug und eine Kopie dieser E-Mail als Best\u00e4tigung des Spendeneingangs verwenden. Spender k\u00f6nnen zus\u00e4tzlich das Spendenbest\u00e4tigungsformular f\u00fcr nat\u00fcrliche Personen herunterladen\u00a0<a style=\"color: #000000;\" href=\"https:\/\/bonafidesinvest.eu\/de\/donation-confirmation-form-for-natural-persons\/?customize_changeset_uuid=c75dad4d-2a69-4b01-9395-da689ff3dd0d&amp;customize_autosaved=on&amp;customize_messenger_channel=preview-2\">hier<\/a>\u00a0und f\u00fcllen Sie es pers\u00f6nlich aus.<\/span><\/p><p><span style=\"color: #000000;\">Rechnungsadresse<\/span><\/p><p><span style=\"color: #000000;\">Wir freuen uns darauf, Ihre Bestellung bald ausf\u00fchren zu k\u00f6nnen.<\/span><\/p><p><span style=\"color: #000000;\">Der Betrag in kroatischen Kuna (kn) ergibt sich aus der Umrechnung des Preises nach dem festen Wechselkurs der CNB:<br \/>1 EUR = 7,53450 HRK<\/span><\/p><p><span style=\"color: #000000;\">Ihre Bestellung ist eingegangen und wird nun bearbeitet. Die Details Ihrer Bestellung sind unten zu Ihrer Information aufgef\u00fchrt:<\/span><\/p><p><span style=\"color: #000000;\">Ich danke Ihnen!<\/span><\/p><h2><span style=\"color: #000000;\">Ausgew\u00e4hlte Belohnung<\/span><\/h2><ul><li><span style=\"color: #000000;\">Betrag:\u00a0<u><\/u><\/span><\/li><li><span style=\"color: #000000;\">Lieferung: ,<\/span><\/li><li><span style=\"color: #000000;\">Details zur Belohnung:\u00a0<\/span><\/li><\/ul><div><h3><span style=\"color: #000000;\">Zus\u00e4tzliche Informationen<\/span><\/h3><p><span style=\"color: #000000;\">W\u00e4hlen Sie, ob Sie mit Ihrer Spende eine Belohnung erhalten m\u00f6chten: Ja<\/span><\/p><\/div><\/div><\/div>\t\t\t\t\t\t\t\t<\/div>\n\t\t\t\t<\/div>\n\t\t\t\t\t<\/div>\n\t\t<\/div>\n\t\t\t\t\t<\/div>\n\t\t<\/section>\n\t\t\t\t<\/div>","protected":false},"excerpt":{"rendered":"<p>Hello from Bona Fides Invest! Thanks for your order! Your order is on-hold until we confirm payment has been received. Your order details are shown below for your reference: Order [&hellip;]<\/p>\n","protected":false},"author":1,"featured_media":0,"parent":0,"menu_order":0,"comment_status":"closed","ping_status":"closed","template":"","meta":{"footnotes":""},"class_list":["post-7786","page","type-page","status-publish","hentry"],"wpcf_dashboard":"<div class=\"woocommerce\"><div class=\"woocommerce-info\">Please log in first? <a class=\"wpneoShowLogin\" href=\"#\">Click here to login<\/a><\/div><div class=\"wpneo_login_form_div\" style=\"display: none;\"><form name=\"loginform\" id=\"loginform\" action=\"https:\/\/bonafidesinvest.eu\/wp-login.php\" method=\"post\"><p class=\"login-username\">\n\t\t\t\t<label for=\"user_login\">Benutzername oder E-Mail-Adresse<\/label>\n\t\t\t\t<input type=\"text\" name=\"log\" id=\"user_login\" autocomplete=\"username\" class=\"input\" value=\"\" size=\"20\" \/>\n\t\t\t<\/p><p class=\"login-password\">\n\t\t\t\t<label for=\"user_pass\">Passwort<\/label>\n\t\t\t\t<input type=\"password\" name=\"pwd\" id=\"user_pass\" autocomplete=\"current-password\" spellcheck=\"false\" class=\"input\" value=\"\" size=\"20\" \/>\n\t\t\t<\/p><p class=\"login-remember\"><label><input name=\"rememberme\" type=\"checkbox\" id=\"rememberme\" value=\"forever\" \/> Angemeldet bleiben<\/label><\/p><p class=\"login-submit\">\n\t\t\t\t<input type=\"submit\" name=\"wp-submit\" id=\"wp-submit\" class=\"button button-primary\" value=\"Anmelden\" \/>\n\t\t\t\t<input type=\"hidden\" name=\"redirect_to\" value=\"https:\/\/bonafidesinvest.eu\/de\/wp-json\/wp\/v2\/pages\/7786\" \/>\n\t\t\t<\/p><\/form><\/div><\/div>","_links":{"self":[{"href":"https:\/\/bonafidesinvest.eu\/de\/wp-json\/wp\/v2\/pages\/7786","targetHints":{"allow":["GET"]}}],"collection":[{"href":"https:\/\/bonafidesinvest.eu\/de\/wp-json\/wp\/v2\/pages"}],"about":[{"href":"https:\/\/bonafidesinvest.eu\/de\/wp-json\/wp\/v2\/types\/page"}],"author":[{"embeddable":true,"href":"https:\/\/bonafidesinvest.eu\/de\/wp-json\/wp\/v2\/users\/1"}],"replies":[{"embeddable":true,"href":"https:\/\/bonafidesinvest.eu\/de\/wp-json\/wp\/v2\/comments?post=7786"}],"version-history":[{"count":0,"href":"https:\/\/bonafidesinvest.eu\/de\/wp-json\/wp\/v2\/pages\/7786\/revisions"}],"wp:attachment":[{"href":"https:\/\/bonafidesinvest.eu\/de\/wp-json\/wp\/v2\/media?parent=7786"}],"curies":[{"name":"wp","href":"https:\/\/api.w.org\/{rel}","templated":true}]}}