{"id":3223,"date":"2023-05-02T03:04:34","date_gmt":"2023-05-02T01:04:34","guid":{"rendered":"https:\/\/bonafidesinvest.eu\/?page_id=3223"},"modified":"2025-03-24T23:28:41","modified_gmt":"2025-03-24T21:28:41","slug":"digital-thank-you-cards","status":"publish","type":"page","link":"https:\/\/bonafidesinvest.eu\/de\/digital-thank-you-cards\/","title":{"rendered":"Digitale Dankeskarten"},"content":{"rendered":"<div data-elementor-type=\"wp-page\" data-elementor-id=\"3223\" class=\"elementor elementor-3223\">\n\t\t\t\t\t\t<section class=\"elementor-section elementor-top-section elementor-element elementor-element-680166c elementor-section-boxed elementor-section-height-default elementor-section-height-default\" data-id=\"680166c\" data-element_type=\"section\" data-e-type=\"section\" data-settings=\"{&quot;background_background&quot;:&quot;classic&quot;}\">\n\t\t\t\t\t\t<div class=\"elementor-container elementor-column-gap-default\">\n\t\t\t\t\t<div class=\"elementor-column elementor-col-100 elementor-top-column elementor-element elementor-element-a0ac9b0\" data-id=\"a0ac9b0\" data-element_type=\"column\" data-e-type=\"column\">\n\t\t\t<div class=\"elementor-widget-wrap elementor-element-populated\">\n\t\t\t\t\t\t<div class=\"elementor-element elementor-element-8e6fbe8 elementor-widget elementor-widget-gva-heading-block\" data-id=\"8e6fbe8\" data-element_type=\"widget\" data-e-type=\"widget\" data-widget_type=\"gva-heading-block.default\">\n\t\t\t\t<div class=\"elementor-widget-container\">\n\t\t\t\t\t<div class=\"gva-element-gva-heading-block gva-element\">   <div class=\"align-center style-1 widget gsc-heading box-align-left auto-responsive\">\r\n      <div class=\"content-inner\">\r\n         \r\n         \r\n                     <div class=\"sub-title\">\r\n               <span class=\"tagline\">DANKESCH\u00d6N<\/span>\r\n                                 <span class=\"shadow-text\">Dankbarkeit<\/span>\r\n                  \r\n            <\/div>\r\n           \r\n         \r\n                     <h2 class=\"title\">\r\n               <span>Digitale Dankeskarten<\/span>\r\n            <\/h2>\r\n                  \r\n         \r\n      <\/div>\r\n   <\/div>\r\n<\/div>\t\t\t\t<\/div>\n\t\t\t\t<\/div>\n\t\t\t\t<div class=\"elementor-element elementor-element-7b7a5ea elementor-widget elementor-widget-text-editor\" data-id=\"7b7a5ea\" data-element_type=\"widget\" data-e-type=\"widget\" data-widget_type=\"text-editor.default\">\n\t\t\t\t<div class=\"elementor-widget-container\">\n\t\t\t\t\t\t\t\t\t<p style=\"text-align: center;\"><span style=\"color: #000000;\">Wenn die Liste nicht die Dankeskarte aus der Kampagne enth\u00e4lt, f\u00fcr die Sie die Zahlung geleistet haben, werden die Initiatoren der Kampagne diese nach Abschluss der Kampagne selbst verteilen.<\/span><\/p>\t\t\t\t\t\t\t\t<\/div>\n\t\t\t\t<\/div>\n\t\t\t\t\t<\/div>\n\t\t<\/div>\n\t\t\t\t\t<\/div>\n\t\t<\/section>\n\t\t\t\t<section class=\"elementor-section elementor-top-section elementor-element elementor-element-b9e06b9 elementor-section-boxed elementor-section-height-default elementor-section-height-default\" data-id=\"b9e06b9\" data-element_type=\"section\" data-e-type=\"section\">\n\t\t\t\t\t\t<div class=\"elementor-container elementor-column-gap-default\">\n\t\t\t\t\t<div class=\"elementor-column elementor-col-100 elementor-top-column elementor-element elementor-element-4593459\" data-id=\"4593459\" data-element_type=\"column\" data-e-type=\"column\">\n\t\t\t<div class=\"elementor-widget-wrap elementor-element-populated\">\n\t\t\t\t\t\t<div class=\"elementor-element elementor-element-4a460f0 elementor-widget elementor-widget-text-editor\" data-id=\"4a460f0\" data-element_type=\"widget\" data-e-type=\"widget\" data-widget_type=\"text-editor.default\">\n\t\t\t\t<div class=\"elementor-widget-container\">\n\t\t\t\t\t\t\t\t\t<p style=\"text-align: justify;\"><strong><span style=\"color: #000000;\"><br \/>Errichten wir die Oase der Unbefleckten, das kroatische Niepokalan\u00f3w in Molve<br \/><\/span><\/strong><span style=\"color: #000000;\">You can download a digital thank-you note by clicking <\/span><span style=\"color: #000000;\"><a href=\"https:\/\/drive.google.com\/file\/d\/1Jj3rNzQIbnH9NHc8pj3D2AHq1JGX25RP\/view?usp=sharing\" target=\"_blank\" rel=\"noopener\"><span style=\"color: #993366;\">hier<\/span><\/a> for the English version or <a href=\"https:\/\/drive.google.com\/file\/d\/1rG9JXulwtwD_BaOnBui5EvbO0ZrbgGGw\/view?usp=sharing\" target=\"_blank\" rel=\"noopener\"><span style=\"color: #993366;\">hier<\/span><\/a><\/span><span style=\"color: #000000;\"> for the Croatian version.<\/span><strong><span style=\"color: #000000;\"><br \/><\/span><\/strong><\/p><p style=\"text-align: justify;\"><strong><span style=\"color: #000000;\">ALL4FUNK<br \/><\/span><\/strong><span style=\"color: #000000;\">Sie k\u00f6nnen Ihre digitale Danksagung herunterladen <span style=\"color: #993366;\"><a style=\"color: #993366;\" href=\"https:\/\/bonafidesinvest.eu\/wp-content\/uploads\/2024\/06\/Crowdfunding-kampanja-SVIZAFUNK-Digitalna-zahvalnica.pdf\">hier<\/a><\/span>. After downloading and opening the PDF document on your computer, you need to click on the area provided for the name, enter the name as desired, and then save the changes. You can also download a digital thank-you note by clicking <span style=\"color: #993366;\"><a style=\"color: #993366;\" href=\"https:\/\/docs.google.com\/drawings\/d\/142KprOcZ0jTdmwVWX52rqt-JgnK-2xQLtTkXrJ9IFxo\/edit?usp=sharing\" target=\"_blank\" rel=\"noopener\">hier<\/a><\/span>. When you open the document, you need to click on the area provided for the name, enter the name as desired, and then click on the option File\u2014Download. After you&#8217;ve finished editing, share the thank-you note on social media to encourage others to donate.<\/span><strong><span style=\"color: #000000;\"><br \/><\/span><\/strong><\/p><p style=\"text-align: justify;\"><span style=\"color: #000000;\"><strong>Assist for top \u2013 shooters<\/strong><\/span><br \/><span style=\"color: #000000;\">Sie k\u00f6nnen Ihre digitale Danksagung herunterladen<\/span> <span style=\"color: #993366;\"><a style=\"color: #993366;\" href=\"https:\/\/drive.google.com\/drive\/folders\/1AoBANW8u5G_3JZX3hcsz7UVQwF7t8pf2\" target=\"_blank\" rel=\"noopener\">hier<\/a><\/span><span style=\"color: #000000;\">. Share the thank-you note on social media to encourage others to donate.<\/span><\/p><p style=\"text-align: justify;\"><strong><span style=\"color: #000000;\">260 DAYS - Tue Gutes, damit das Gute schneller zu dir zur\u00fcckkommt<br \/><\/span><\/strong><span style=\"color: #000000;\">Sie k\u00f6nnen Ihre digitale Danksagung herunterladen <\/span><span style=\"color: #000000;\"><span style=\"color: #993366;\"><a style=\"color: #993366;\" href=\"https:\/\/drive.google.com\/file\/d\/1K_Olh5yVM27DtuKxbIGFDpZ9-rxi-b2Y\/view?usp=sharing\" target=\"_blank\" rel=\"noopener\">hier<\/a><\/span><\/span><span style=\"color: #000000;\">. After downloading and opening the PDF document on your computer, you need to click on the area provided for the name, enter the name as desired, and then save the changes. You can also download a digital thank-you note by clicking <span style=\"color: #993366;\"><a style=\"color: #993366;\" href=\"https:\/\/docs.google.com\/drawings\/d\/1prJn97fHlrdF17dXtyVh5gyutPIv1FOlB7N6xAOZQDk\/edit?usp=sharing\" target=\"_blank\" rel=\"noopener\">hier<\/a><\/span> for the English version or <span style=\"color: #993366;\"><a style=\"color: #993366;\" href=\"https:\/\/docs.google.com\/drawings\/d\/1XmTdRsKqBQ-9x5MIVJ2GzGWoWqbUquWDSzUZjPmTfiY\/edit?usp=sharing\" target=\"_blank\" rel=\"noopener\">hier<\/a><\/span> . Nachdem Sie das PDF-Dokument heruntergeladen und auf Ihrem Computer ge\u00f6ffnet haben, m\u00fcssen Sie auf das Feld f\u00fcr den Namen klicken, den Namen wie gew\u00fcnscht eingeben und die \u00c4nderungen speichern. Nachdem Sie die Bearbeitung abgeschlossen haben, teilen Sie die Danksagung in den sozialen Medien, um andere zur Spende zu ermutigen.<\/span><\/p><p style=\"text-align: justify;\"><span style=\"color: #000000;\"><strong>SEIEN SIE MIT UNS, WIR BAUEN F\u00dcR SIE! - KEREKESH THEATER<\/strong><\/span><br \/><span style=\"color: #000000;\">Sie k\u00f6nnen Ihre digitale Danksagung herunterladen in <span style=\"color: #993366;\"><a style=\"color: #993366;\" href=\"https:\/\/drive.google.com\/file\/d\/1ArYFbDRVLiTiJW2MZEXRgnxr6BKzs5U_\/view?usp=sharing\" target=\"_blank\" rel=\"noopener\">Kroatisch<\/a><\/span> und <span style=\"color: #993366;\"><a style=\"color: #993366;\" href=\"https:\/\/drive.google.com\/file\/d\/12zl_I4YTXxq-hS1cTTFz5KlD9a8DAfya\/view?usp=sharing\" target=\"_blank\" rel=\"noopener\">Englisch<\/a><\/span>. Nachdem Sie das PDF-Dokument heruntergeladen und auf Ihrem Computer ge\u00f6ffnet haben, m\u00fcssen Sie auf das Feld f\u00fcr den Namen klicken, den Namen wie gew\u00fcnscht eingeben und die \u00c4nderungen speichern. Nachdem Sie die Bearbeitung abgeschlossen haben, teilen Sie die Danksagung in den sozialen Medien, um andere zur Spende zu ermutigen.<\/span><\/p><p style=\"text-align: justify;\"><span style=\"color: #000000;\"><strong>Der selige Ivan Merz<br \/><\/strong><\/span><span style=\"color: #000000;\">Sie k\u00f6nnen Ihre digitale Danksagung herunterladen <\/span><span style=\"color: #993366;\"><a style=\"color: #993366;\" href=\"https:\/\/bonafidesinvest.eu\/wp-content\/uploads\/2023\/05\/Digitalna-zahvalnica-za-crowdfunding-kampanju-Blazeni-Ivan-Merz.pdf\">hier<\/a><\/span><span style=\"color: #000000;\">. Nachdem Sie das PDF-Dokument heruntergeladen und auf Ihrem Computer ge\u00f6ffnet haben, m\u00fcssen Sie auf das Feld f\u00fcr den Namen klicken, den Namen wie gew\u00fcnscht eingeben und die \u00c4nderungen speichern. Nachdem Sie die Bearbeitung abgeschlossen haben, teilen Sie die Danksagung in den sozialen Medien, um andere zur Spende zu ermutigen.<\/span><\/p><p style=\"text-align: justify;\"><strong><span style=\"color: #000000;\">Hokuspokus, bessere Kleidung f\u00fcr einen gl\u00fccklichen Planeten!<br \/><\/span><\/strong><span style=\"color: #000000;\">Sie k\u00f6nnen Ihre digitale Danksagung herunterladen in <\/span><span style=\"color: #000000;\"><span style=\"color: #993366;\"><a style=\"color: #993366;\" href=\"https:\/\/drive.google.com\/file\/d\/1hrpszKmDMhKKcBshwei9Te7-IeDhYifY\/view?usp=sharing\" target=\"_blank\" rel=\"noopener\">Kroatisch<\/a><\/span> und <span style=\"color: #993366;\"><a style=\"color: #993366;\" href=\"https:\/\/drive.google.com\/file\/d\/1c1urE7Sflekki-riqZTc5bIxu3NdvqcO\/view?usp=sharing\" target=\"_blank\" rel=\"noopener\">Englisch<\/a><\/span><\/span><span style=\"color: #000000;\">. After downloading and opening the PDF document on your computer, you need to click on the area provided for the name, enter the name as desired, and then save the changes. You can also download a digital thank-you note by clicking <span style=\"color: #993366;\"><a style=\"color: #993366;\" href=\"https:\/\/docs.google.com\/drawings\/d\/1-YY_gjlddS0jAh78Vh2HlDS0J9YffEJ7NdMcHRuB2GI\/edit?usp=sharing\" target=\"_blank\" rel=\"noopener\">hier<\/a><\/span> for the English version or <a href=\"https:\/\/docs.google.com\/drawings\/d\/1_-hn_ApYf9kwsRgDeRSQORb1fDeuS-_XD0X-7XZ9q6Q\/edit?usp=sharing\" target=\"_blank\" rel=\"noopener\"><span style=\"color: #993366;\">hier<\/span><\/a> . Nachdem Sie das PDF-Dokument heruntergeladen und auf Ihrem Computer ge\u00f6ffnet haben, m\u00fcssen Sie auf das Feld f\u00fcr den Namen klicken, den Namen wie gew\u00fcnscht eingeben und die \u00c4nderungen speichern. Nachdem Sie die Bearbeitung abgeschlossen haben, teilen Sie die Danksagung in den sozialen Medien, um andere zur Spende zu ermutigen.<\/span><\/p><p style=\"text-align: justify;\"><span style=\"color: #000000;\"><strong>Unterst\u00fctzen Sie das kroatische Disc Golf Team bei seiner Reise zu den Weltmeisterschaften in Australien!<br \/><\/strong>Sie k\u00f6nnen Ihre digitale Danksagung herunterladen in <span style=\"color: #993366;\"><a style=\"color: #993366;\" href=\"https:\/\/drive.google.com\/file\/d\/1iG8Y81NAWsAwx515TIxbnTTikbRQTII3\/view?usp=sharing\" target=\"_blank\" rel=\"noopener\">Kroatisch<\/a> <\/span>und <a style=\"color: #000000;\" href=\"https:\/\/drive.google.com\/file\/d\/1lRfFBp2K2W8d0JLWuegzjmCr6LWQ9mKB\/view?usp=sharing\" target=\"_blank\" rel=\"noopener\"><span style=\"color: #993366;\">Englisch<\/span><\/a>. After downloading and opening the PDF document on your computer, you need to click on the area provided for the name, enter the name as desired, and then save the changes. You can also download a digital thank-you note by clicking <a href=\"https:\/\/docs.google.com\/drawings\/d\/1uV80AIt0JsXro-_7EEsci9X4pvveQdR9PuPCLC_HrMI\/edit?usp=sharing\" target=\"_blank\" rel=\"noopener\"><span style=\"color: #993366;\">hier<\/span><\/a> for the English version or <span style=\"color: #993366;\"><a style=\"color: #993366;\" href=\"https:\/\/docs.google.com\/drawings\/d\/1MY64P8_nWWgTlerIEepWo9e-C1rXCT-xICD9iAqVTP4\/edit?usp=sharing\" target=\"_blank\" rel=\"noopener\">hier<\/a><\/span> . Nachdem Sie das PDF-Dokument heruntergeladen und auf Ihrem Computer ge\u00f6ffnet haben, m\u00fcssen Sie auf das Feld f\u00fcr den Namen klicken, den Namen wie gew\u00fcnscht eingeben und die \u00c4nderungen speichern. Nachdem Sie die Bearbeitung abgeschlossen haben, teilen Sie die Danksagung in den sozialen Medien, um andere zur Spende zu ermutigen.<\/span><strong><br \/><\/strong><\/p><p style=\"text-align: justify;\"><span style=\"color: #000000;\"><strong>Jan Pokos: Werde Teil meines Teams!<br \/><\/strong><\/span><span style=\"color: #000000;\">Sie k\u00f6nnen Ihre digitale Danksagung herunterladen <\/span><span style=\"color: #993366;\"><a style=\"color: #993366;\" href=\"https:\/\/drive.google.com\/file\/d\/1C7T9wsnkPUc-AEF9_5u94ZiBEk7y-hkz\/view?usp=sharing\" target=\"_blank\" rel=\"noopener\">hier<\/a><\/span><span style=\"color: #000000;\">. Nachdem Sie das PDF-Dokument heruntergeladen und auf Ihrem Computer ge\u00f6ffnet haben, m\u00fcssen Sie auf das Feld f\u00fcr den Namen klicken, den Namen wie gew\u00fcnscht eingeben und die \u00c4nderungen speichern. Nachdem Sie die Bearbeitung abgeschlossen haben, teilen Sie die Danksagung in den sozialen Medien, um andere zur Spende zu ermutigen.<\/span><\/p><p style=\"text-align: justify;\"><span style=\"color: #000000;\"><strong>Moja Prva Znakovnica<br \/><\/strong><\/span><span style=\"color: #000000;\">Sie k\u00f6nnen Ihre digitale Danksagung herunterladen <span style=\"color: #993366;\"><a style=\"color: #993366;\" href=\"https:\/\/bonafidesinvest.eu\/wp-content\/uploads\/2023\/05\/Digitalna-zahvalnica.png\">hier<\/a><\/span>.\u00a0<\/span><\/p><p style=\"text-align: justify;\"><span style=\"color: #000000;\"><strong>Spiel Aufmerksamkeit f\u00fcr die Grundschule Odra<br \/><\/strong><\/span><span style=\"color: #000000;\">Sie k\u00f6nnen Ihre digitale Danksagung herunterladen <span style=\"color: #993366;\"><a style=\"color: #993366;\" href=\"https:\/\/bonafidesinvest.eu\/de\/storage\/2010\/05\/Crowdfunding-kampanja-Play-Attention-za-OS-Odra-Digitalna-zahvalnica-za-donatore.jpg\/\">hier<\/a><\/span>.\u00a0<\/span><\/p>\t\t\t\t\t\t\t\t<\/div>\n\t\t\t\t<\/div>\n\t\t\t\t<div class=\"elementor-element elementor-element-b094ddb elementor-widget elementor-widget-spacer\" data-id=\"b094ddb\" data-element_type=\"widget\" data-e-type=\"widget\" data-widget_type=\"spacer.default\">\n\t\t\t\t<div class=\"elementor-widget-container\">\n\t\t\t\t\t\t\t<div class=\"elementor-spacer\">\n\t\t\t<div class=\"elementor-spacer-inner\"><\/div>\n\t\t<\/div>\n\t\t\t\t\t\t<\/div>\n\t\t\t\t<\/div>\n\t\t\t\t\t<\/div>\n\t\t<\/div>\n\t\t\t\t\t<\/div>\n\t\t<\/section>\n\t\t\t\t<section class=\"elementor-section elementor-top-section elementor-element elementor-element-2548797 elementor-section-boxed elementor-section-height-default elementor-section-height-default\" data-id=\"2548797\" data-element_type=\"section\" data-e-type=\"section\" data-settings=\"{&quot;background_background&quot;:&quot;classic&quot;}\">\n\t\t\t\t\t\t<div class=\"elementor-container elementor-column-gap-default\">\n\t\t\t\t\t<div class=\"elementor-column elementor-col-50 elementor-top-column elementor-element elementor-element-ba667f6\" data-id=\"ba667f6\" data-element_type=\"column\" data-e-type=\"column\">\n\t\t\t<div class=\"elementor-widget-wrap elementor-element-populated\">\n\t\t\t\t\t\t<div class=\"elementor-element elementor-element-59000d8 elementor-widget elementor-widget-gva-heading-block\" data-id=\"59000d8\" data-element_type=\"widget\" data-e-type=\"widget\" data-widget_type=\"gva-heading-block.default\">\n\t\t\t\t<div class=\"elementor-widget-container\">\n\t\t\t\t\t<div class=\"gva-element-gva-heading-block gva-element\">   <div class=\"align-left style-1 widget gsc-heading box-align-left auto-responsive\">\r\n      <div class=\"content-inner\">\r\n         \r\n         \r\n                     <div class=\"sub-title\">\r\n               <span class=\"tagline\">Einzigartige Crowdfunding-Methode wie Fingerabdruck<\/span>\r\n                                 <span class=\"shadow-text\">Unverwechselbar<\/span>\r\n                  \r\n            <\/div>\r\n           \r\n         \r\n                     <h2 class=\"title\">\r\n               <span>Erfahren Sie mehr \u00fcber unseren Prozess<\/span>\r\n            <\/h2>\r\n                  \r\n         \r\n      <\/div>\r\n   <\/div>\r\n<\/div>\t\t\t\t<\/div>\n\t\t\t\t<\/div>\n\t\t\t\t\t<\/div>\n\t\t<\/div>\n\t\t\t\t<div class=\"elementor-column elementor-col-50 elementor-top-column elementor-element elementor-element-37fd87a\" data-id=\"37fd87a\" data-element_type=\"column\" data-e-type=\"column\">\n\t\t\t<div class=\"elementor-widget-wrap elementor-element-populated\">\n\t\t\t\t\t\t<div class=\"elementor-element elementor-element-141058f elementor-widget__width-auto elementor-widget elementor-widget-html\" data-id=\"141058f\" data-element_type=\"widget\" data-e-type=\"widget\" data-widget_type=\"html.default\">\n\t\t\t\t<div class=\"elementor-widget-container\">\n\t\t\t\t\t<a class=\"btn-border-white\" href=\"https:\/\/bonafidesinvest.eu\/de\/wie-es-geht\/\">\n    Start\n<\/a>\t\t\t\t<\/div>\n\t\t\t\t<\/div>\n\t\t\t\t\t<\/div>\n\t\t<\/div>\n\t\t\t\t\t<\/div>\n\t\t<\/section>\n\t\t\t\t<\/div>","protected":false},"excerpt":{"rendered":"<p>THANK YOU Gratitude Digital Thank You Cards If the list does not include the thank you card from the campaign for which you made the payment, the campaign initiators will [&hellip;]<\/p>\n","protected":false},"author":1,"featured_media":0,"parent":0,"menu_order":0,"comment_status":"closed","ping_status":"closed","template":"","meta":{"footnotes":""},"class_list":["post-3223","page","type-page","status-publish","hentry"],"wpcf_dashboard":"<div class=\"woocommerce\"><div class=\"woocommerce-info\">Please log in first? <a class=\"wpneoShowLogin\" href=\"#\">Click here to login<\/a><\/div><div class=\"wpneo_login_form_div\" style=\"display: none;\"><form name=\"loginform\" id=\"loginform\" action=\"https:\/\/bonafidesinvest.eu\/wp-login.php\" method=\"post\"><p class=\"login-username\">\n\t\t\t\t<label for=\"user_login\">Benutzername oder E-Mail-Adresse<\/label>\n\t\t\t\t<input type=\"text\" name=\"log\" id=\"user_login\" autocomplete=\"username\" class=\"input\" value=\"\" size=\"20\" \/>\n\t\t\t<\/p><p class=\"login-password\">\n\t\t\t\t<label for=\"user_pass\">Passwort<\/label>\n\t\t\t\t<input type=\"password\" name=\"pwd\" id=\"user_pass\" autocomplete=\"current-password\" spellcheck=\"false\" class=\"input\" value=\"\" size=\"20\" \/>\n\t\t\t<\/p><p class=\"login-remember\"><label><input name=\"rememberme\" type=\"checkbox\" id=\"rememberme\" value=\"forever\" \/> Angemeldet bleiben<\/label><\/p><p class=\"login-submit\">\n\t\t\t\t<input type=\"submit\" name=\"wp-submit\" id=\"wp-submit\" class=\"button button-primary\" value=\"Anmelden\" \/>\n\t\t\t\t<input type=\"hidden\" name=\"redirect_to\" value=\"https:\/\/bonafidesinvest.eu\/de\/wp-json\/wp\/v2\/pages\/3223\" \/>\n\t\t\t<\/p><\/form><\/div><\/div>","_links":{"self":[{"href":"https:\/\/bonafidesinvest.eu\/de\/wp-json\/wp\/v2\/pages\/3223","targetHints":{"allow":["GET"]}}],"collection":[{"href":"https:\/\/bonafidesinvest.eu\/de\/wp-json\/wp\/v2\/pages"}],"about":[{"href":"https:\/\/bonafidesinvest.eu\/de\/wp-json\/wp\/v2\/types\/page"}],"author":[{"embeddable":true,"href":"https:\/\/bonafidesinvest.eu\/de\/wp-json\/wp\/v2\/users\/1"}],"replies":[{"embeddable":true,"href":"https:\/\/bonafidesinvest.eu\/de\/wp-json\/wp\/v2\/comments?post=3223"}],"version-history":[{"count":0,"href":"https:\/\/bonafidesinvest.eu\/de\/wp-json\/wp\/v2\/pages\/3223\/revisions"}],"wp:attachment":[{"href":"https:\/\/bonafidesinvest.eu\/de\/wp-json\/wp\/v2\/media?parent=3223"}],"curies":[{"name":"wp","href":"https:\/\/api.w.org\/{rel}","templated":true}]}}