{"id":2528,"date":"2023-04-03T17:07:19","date_gmt":"2023-04-03T17:07:19","guid":{"rendered":"https:\/\/bonafidesinvest.eu\/?page_id=2528"},"modified":"2023-04-04T01:06:50","modified_gmt":"2023-04-04T01:06:50","slug":"datenschutzbestimmungen","status":"publish","type":"page","link":"https:\/\/bonafidesinvest.eu\/de\/privacy-policy\/","title":{"rendered":"Datenschutzbestimmungen"},"content":{"rendered":"<div data-elementor-type=\"wp-page\" data-elementor-id=\"2528\" class=\"elementor elementor-2528\">\n\t\t\t\t\t\t<section class=\"elementor-section elementor-top-section elementor-element elementor-element-718aa932 elementor-section-boxed elementor-section-height-default elementor-section-height-default\" data-id=\"718aa932\" data-element_type=\"section\" data-e-type=\"section\">\n\t\t\t\t\t\t<div class=\"elementor-container elementor-column-gap-default\">\n\t\t\t\t\t<div class=\"elementor-column elementor-col-100 elementor-top-column elementor-element elementor-element-1671caf6\" data-id=\"1671caf6\" data-element_type=\"column\" data-e-type=\"column\">\n\t\t\t<div class=\"elementor-widget-wrap elementor-element-populated\">\n\t\t\t\t\t\t<div class=\"elementor-element elementor-element-75c0122f elementor-widget elementor-widget-text-editor\" data-id=\"75c0122f\" data-element_type=\"widget\" data-e-type=\"widget\" data-widget_type=\"text-editor.default\">\n\t\t\t\t<div class=\"elementor-widget-container\">\n\t\t\t\t\t\t\t\t\t<p><span style=\"color: #000000;\"><\/span><\/p>\n<p style=\"text-align: justify;\"><span style=\"color: #000000;\"><strong>Erkl\u00e4rung zur Erhebung und zum Schutz personenbezogener Daten<\/strong><\/span><\/p>\n<p style=\"text-align: justify;\"><span style=\"color: #000000;\">Ihre Privatsph\u00e4re ist uns wichtig. Wir m\u00f6chten, dass Sie sich bei uns sicher f\u00fchlen, und wir handeln in \u00dcbereinstimmung mit dem und den gesetzlichen Bestimmungen zum Schutz pers\u00f6nlicher Daten.<\/span><\/p>\n<p style=\"text-align: justify;\"><span style=\"color: #000000;\">Im Folgenden informieren wir Sie dar\u00fcber, zu welchen Zwecken wir Ihre personenbezogenen Daten erheben und verwenden und wie Sie diese Vorg\u00e4nge kontrollieren und Ihre Rechte aus\u00fcben k\u00f6nnen.<\/span><\/p>\n<p style=\"text-align: justify;\"><span style=\"color: #000000;\">Unsere IT-Systeme sind durch technische und organisatorische Ma\u00dfnahmen gegen unbefugten Zugriff, Ver\u00e4nderung oder Weitergabe Ihrer Daten sowie gegen Verlust oder L\u00f6schung gesch\u00fctzt.<\/span><\/p>\n<p style=\"text-align: justify;\"><span style=\"color: #000000;\">Alle Benutzerinformationen werden streng bewacht und sind nur den Mitarbeitern zug\u00e4nglich, die diese Informationen f\u00fcr die Erledigung ihrer Aufgaben ben\u00f6tigen. Alle unsere Mitarbeiter und Gesch\u00e4ftspartner sind daf\u00fcr verantwortlich, die Grunds\u00e4tze des Vertraulichkeitsschutzes zu befolgen.<\/span><\/p>\n<p style=\"text-align: justify;\"><span style=\"color: #000000;\">Als unser Nutzer haben Sie das Recht, Informationen \u00fcber den Umgang mit Ihren pers\u00f6nlichen Daten zu erhalten und Antr\u00e4ge zur Aus\u00fcbung Ihrer Rechte zu stellen.<\/span><\/p>\n<p style=\"text-align: justify;\"><span style=\"color: #000000;\">Die Verarbeitung der personenbezogenen Daten erfolgt durch:<br \/>Zentrum f\u00fcr soziale Innovation und nachhaltige Entwicklung (CEDIOR)<br \/>Ante Jak\u0161i\u0107a 10, 10 000 Zagreb, Kroatien<br \/>PIN: 12061569340<br \/>+385 (0)98 611 467<br \/>info@bonafidesinvest.eu<\/span><\/p>\n<p style=\"text-align: justify;\"><span style=\"color: #000000;\"><strong>Zwecke und Rechtsgrundlage der Datenverarbeitung<\/strong><\/span><\/p>\n<p style=\"text-align: justify;\"><span style=\"color: #000000;\">Wir verwenden Ihre pers\u00f6nlichen Daten ausschlie\u00dflich zum Zweck der Kontaktaufnahme mit Investoren und Projektinhabern, der Gesch\u00e4ftskorrespondenz und der Versendung von Benachrichtigungen und geben sie nicht weiter oder nutzen sie f\u00fcr unvorhergesehene Zwecke.<\/span><\/p>\n<p style=\"text-align: justify;\"><span style=\"color: #000000;\"><strong>Die von uns gesammelten Daten k\u00f6nnen enthalten:<br \/><\/strong><\/span><\/p>\n<ul>\n<li style=\"text-align: justify;\"><span style=\"color: #000000;\">Vor- und Nachname \/ Firmenname;<\/span><\/li>\n<li style=\"text-align: justify;\"><span style=\"color: #000000;\">Postanschrift;<\/span><\/li>\n<li style=\"text-align: justify;\"><span style=\"color: #000000;\">E-Mail Adresse;<\/span><\/li>\n<li style=\"text-align: justify;\"><span style=\"color: #000000;\">Handynummer oder Festnetznummer.<\/span><\/li>\n<\/ul>\n<p><span style=\"color: #000000;\"><strong style=\"text-align: left;\">Benachrichtigung per E-Mail<\/strong><\/span><\/p>\n<p style=\"text-align: justify;\"><span style=\"color: #000000;\">Wir verwenden die Mailchimp-Plattform f\u00fcr den Versand von Newslettern sowie f\u00fcr die Verwaltung von Empf\u00e4ngerlisten und Abmeldeeintr\u00e4gen und ergreifen alle erforderlichen Ma\u00dfnahmen zum Schutz der Daten gem\u00e4\u00df den Vorschriften zum Schutz personenbezogener Daten. Sie haben das Recht, den Erhalt unserer Mitteilungen zu akzeptieren oder abzulehnen.<\/span><\/p>\n<p style=\"text-align: justify;\"><span style=\"color: #000000;\"><strong>Benutzerrechte<\/strong><\/span><\/p>\n<p style=\"text-align: justify;\"><span style=\"color: #000000;\">Wir garantieren Ihnen die folgenden Rechte:<\/span><\/p>\n<p><span style=\"color: #000000;\"><\/span><\/p>\n<p><span style=\"color: #000000;\"><\/span><\/p>\n<p><span style=\"color: #000000;\"><\/span><\/p>\n<ul>\n<li><span style=\"color: #000000;\">Das Recht auf Zugang (Informationen \u00fcber den Umfang und die Art) Ihrer Daten;<\/span><\/li>\n<li><span style=\"color: #000000;\">Das Recht auf Korrektur (bezieht sich auf die von Ihnen bereitgestellten Informationen);<\/span><\/li>\n<li><span style=\"color: #000000;\">Das Recht auf Vergessenwerden;<\/span><\/li>\n<li><span style=\"color: #000000;\">Das Recht, sich \u00fcber die Verwendung von pers\u00f6nlichen Daten zu beschweren.<\/span><\/li>\n<\/ul>\n<p><span style=\"color: #000000;\"><\/span><\/p>\n<ul class=\"wp-block-list\"><\/ul>\n<p><span style=\"color: #000000;\"><\/span><\/p>\n<p><span style=\"color: #000000;\"><strong>Recht auf Zugang<\/strong><\/span><\/p>\n<p><span style=\"color: #000000;\"><\/span><\/p>\n<p style=\"text-align: justify;\"><span style=\"color: #000000;\">Sie haben das Recht auf Auskunft \u00fcber Ihre pers\u00f6nlichen Daten, die wir verwalten und speichern.<\/span><\/p>\n<p style=\"text-align: justify;\"><span style=\"color: #000000;\"><strong>Recht auf Berichtigung<\/strong><\/span><\/p>\n<p style=\"text-align: justify;\"><span style=\"color: #000000;\">Sie haben das Recht, unrichtige personenbezogene Daten \u00fcber Sie zu korrigieren, was wir innerhalb von 3 Werktagen tun werden.<\/span><\/p>\n<p style=\"text-align: justify;\"><span style=\"color: #000000;\"><strong>Recht auf L\u00f6schung (Recht auf Vergessenwerden)<\/strong><\/span><\/p>\n<p style=\"text-align: justify;\"><span style=\"color: #000000;\">Sie haben das Recht, die Anonymisierung Ihrer personenbezogenen Daten unverz\u00fcglich zu erwirken, wenn Sie die Dienste nicht weiter nutzen m\u00f6chten oder wenn Sie nicht wollen, dass wir Ihre personenbezogenen Daten f\u00fcr die angegebenen Zwecke verwenden.<\/span><\/p>\n<p style=\"text-align: justify;\"><span style=\"color: #000000;\"><strong>Das Recht, der Verwendung personenbezogener Daten zu widersprechen<\/strong><\/span><\/p>\n<p style=\"text-align: justify;\"><span style=\"color: #000000;\">Wenn die Verarbeitung Ihrer personenbezogenen Daten auf der Erf\u00fcllung unserer berechtigten Interessen beruht, haben Sie das Recht, jederzeit gegen diese Verarbeitung personenbezogener Daten Widerspruch einzulegen, soweit sich die Verarbeitung auf Ihre Daten bezieht. Wenn Sie einen solchen Widerspruch einlegen:<\/span><\/p>\n<ul>\n<li style=\"text-align: justify;\"><span style=\"color: #000000;\">in Bezug auf Benachrichtigungen (\"Newsletter\") - wir werden Ihre pers\u00f6nlichen Daten nicht f\u00fcr diesen Zweck verwenden;<\/span><\/li>\n<li style=\"text-align: justify;\"><span style=\"color: #000000;\">im Zusammenhang mit anderen F\u00e4llen von berechtigtem Interesse - wir werden Ihre personenbezogenen Daten f\u00fcr den Zweck, auf den sich die Beschwerde bezieht, nicht weiter verarbeiten.<\/span><\/li>\n<\/ul>\n<p style=\"text-align: justify;\"><span style=\"color: #000000;\"><strong>Cookies<\/strong><\/span><\/p>\n<p style=\"text-align: justify;\"><span style=\"color: #000000;\">Wir verwenden Computer-Cookies auf unserer Website, um bestimmte technische Funktionen zu erm\u00f6glichen und Ihnen die Navigation auf unserer Website zu erleichtern.<\/span><\/p>\n<p style=\"text-align: justify;\"><span style=\"color: #000000;\"><strong>Wie Sie Ihre Rechte wahrnehmen k\u00f6nnen<\/strong><\/span><\/p>\n<p style=\"text-align: justify;\"><span style=\"color: #000000;\">F\u00fcr alle Fragen und W\u00fcnsche bez\u00fcglich Ihrer pers\u00f6nlichen Daten wenden Sie sich bitte an unsere Datenschutzkoordinatoren unter der E-Mail-Adresse info@bonafidesinvest.eu mit dem Vermerk DATENSCHUTZ im \"Betreff\".<\/span><\/p>\n<p style=\"text-align: justify;\"><span style=\"color: #000000;\">Wir werden Ihre Anfragen und W\u00fcnsche ohne unangemessene Verz\u00f6gerung und in \u00dcbereinstimmung mit den gesetzlichen Verpflichtungen bearbeiten und Sie \u00fcber die von uns getroffenen Ma\u00dfnahmen informieren.<\/span><\/p>\n<p><span style=\"color: #000000;\"><\/span><\/p>\n<p><span style=\"color: #000000;\"><\/span><\/p>\n<p><span style=\"color: #000000;\"><\/span><\/p>\n<p><span style=\"color: #000000;\"><\/span><\/p>\n<p><span style=\"color: #000000;\"><\/span><\/p>\n<p><span style=\"color: #000000;\"><\/span><\/p>\n<p><span style=\"color: #000000;\"><\/span><\/p>\n<p><span style=\"color: #000000;\"><\/span><\/p>\n<p><span style=\"color: #000000;\"><\/span><\/p>\n<p><span style=\"color: #000000;\"><\/span><\/p>\n<p><span style=\"color: #000000;\"><\/span><\/p>\n<p><span style=\"color: #000000;\"><\/span><\/p>\t\t\t\t\t\t\t\t<\/div>\n\t\t\t\t<\/div>\n\t\t\t\t\t<\/div>\n\t\t<\/div>\n\t\t\t\t\t<\/div>\n\t\t<\/section>\n\t\t\t\t<\/div>","protected":false},"excerpt":{"rendered":"<p>Personal data gathering and protection statement Your privacy is important to us. We want you to feel safe with us, and we act in accordance with that and the legal [&hellip;]<\/p>\n","protected":false},"author":1,"featured_media":0,"parent":0,"menu_order":0,"comment_status":"closed","ping_status":"closed","template":"","meta":{"footnotes":""},"class_list":["post-2528","page","type-page","status-publish","hentry"],"wpcf_dashboard":"<div class=\"woocommerce\"><div class=\"woocommerce-info\">Please log in first? <a class=\"wpneoShowLogin\" href=\"#\">Click here to login<\/a><\/div><div class=\"wpneo_login_form_div\" style=\"display: none;\"><form name=\"loginform\" id=\"loginform\" action=\"https:\/\/bonafidesinvest.eu\/wp-login.php\" method=\"post\"><p class=\"login-username\">\n\t\t\t\t<label for=\"user_login\">Benutzername oder E-Mail-Adresse<\/label>\n\t\t\t\t<input type=\"text\" name=\"log\" id=\"user_login\" autocomplete=\"username\" class=\"input\" value=\"\" size=\"20\" \/>\n\t\t\t<\/p><p class=\"login-password\">\n\t\t\t\t<label for=\"user_pass\">Passwort<\/label>\n\t\t\t\t<input type=\"password\" name=\"pwd\" id=\"user_pass\" autocomplete=\"current-password\" spellcheck=\"false\" class=\"input\" value=\"\" size=\"20\" \/>\n\t\t\t<\/p><p class=\"login-remember\"><label><input name=\"rememberme\" type=\"checkbox\" id=\"rememberme\" value=\"forever\" \/> Angemeldet bleiben<\/label><\/p><p class=\"login-submit\">\n\t\t\t\t<input type=\"submit\" name=\"wp-submit\" id=\"wp-submit\" class=\"button button-primary\" value=\"Anmelden\" \/>\n\t\t\t\t<input type=\"hidden\" name=\"redirect_to\" value=\"https:\/\/bonafidesinvest.eu\/de\/wp-json\/wp\/v2\/pages\/2528\" \/>\n\t\t\t<\/p><\/form><\/div><\/div>","_links":{"self":[{"href":"https:\/\/bonafidesinvest.eu\/de\/wp-json\/wp\/v2\/pages\/2528","targetHints":{"allow":["GET"]}}],"collection":[{"href":"https:\/\/bonafidesinvest.eu\/de\/wp-json\/wp\/v2\/pages"}],"about":[{"href":"https:\/\/bonafidesinvest.eu\/de\/wp-json\/wp\/v2\/types\/page"}],"author":[{"embeddable":true,"href":"https:\/\/bonafidesinvest.eu\/de\/wp-json\/wp\/v2\/users\/1"}],"replies":[{"embeddable":true,"href":"https:\/\/bonafidesinvest.eu\/de\/wp-json\/wp\/v2\/comments?post=2528"}],"version-history":[{"count":0,"href":"https:\/\/bonafidesinvest.eu\/de\/wp-json\/wp\/v2\/pages\/2528\/revisions"}],"wp:attachment":[{"href":"https:\/\/bonafidesinvest.eu\/de\/wp-json\/wp\/v2\/media?parent=2528"}],"curies":[{"name":"wp","href":"https:\/\/api.w.org\/{rel}","templated":true}]}}