{"id":2132,"date":"2023-04-01T22:13:01","date_gmt":"2023-04-01T22:13:01","guid":{"rendered":"https:\/\/bonafidesinvest.eu\/?page_id=2132"},"modified":"2024-02-14T00:50:25","modified_gmt":"2024-02-13T22:50:25","slug":"preisgestaltung-2","status":"publish","type":"page","link":"https:\/\/bonafidesinvest.eu\/de\/pricing\/","title":{"rendered":"Preisgestaltung"},"content":{"rendered":"<div data-elementor-type=\"wp-page\" data-elementor-id=\"2132\" class=\"elementor elementor-2132\">\n\t\t\t\t\t\t<section class=\"elementor-section elementor-top-section elementor-element elementor-element-5cb4fba elementor-section-boxed elementor-section-height-default elementor-section-height-default\" data-id=\"5cb4fba\" data-element_type=\"section\" data-e-type=\"section\" data-settings=\"{&quot;background_background&quot;:&quot;classic&quot;}\">\n\t\t\t\t\t\t<div class=\"elementor-container elementor-column-gap-default\">\n\t\t\t\t\t<div class=\"elementor-column elementor-col-100 elementor-top-column elementor-element elementor-element-1a8af99\" data-id=\"1a8af99\" data-element_type=\"column\" data-e-type=\"column\">\n\t\t\t<div class=\"elementor-widget-wrap elementor-element-populated\">\n\t\t\t\t\t\t<div class=\"elementor-element elementor-element-9fece9b elementor-widget elementor-widget-gva-heading-block\" data-id=\"9fece9b\" data-element_type=\"widget\" data-e-type=\"widget\" data-widget_type=\"gva-heading-block.default\">\n\t\t\t\t<div class=\"elementor-widget-container\">\n\t\t\t\t\t<div class=\"gva-element-gva-heading-block gva-element\">   <div class=\"align-center style-1 widget gsc-heading box-align-left auto-responsive\">\r\n      <div class=\"content-inner\">\r\n         \r\n         \r\n                     <div class=\"sub-title\">\r\n               <span class=\"tagline\">Preisplan<\/span>\r\n                                 <span class=\"shadow-text\">Preisgestaltung<\/span>\r\n                  \r\n            <\/div>\r\n           \r\n         \r\n                     <h2 class=\"title\">\r\n               <span>Preisplan ausw\u00e4hlen<\/span>\r\n            <\/h2>\r\n                  \r\n         \r\n      <\/div>\r\n   <\/div>\r\n<\/div>\t\t\t\t<\/div>\n\t\t\t\t<\/div>\n\t\t\t\t\t<\/div>\n\t\t<\/div>\n\t\t\t\t\t<\/div>\n\t\t<\/section>\n\t\t\t\t<section class=\"elementor-section elementor-top-section elementor-element elementor-element-24cce4d elementor-section-boxed elementor-section-height-default elementor-section-height-default\" data-id=\"24cce4d\" data-element_type=\"section\" data-e-type=\"section\" data-settings=\"{&quot;background_background&quot;:&quot;classic&quot;}\">\n\t\t\t\t\t\t<div class=\"elementor-container elementor-column-gap-default\">\n\t\t\t\t\t<div class=\"elementor-column elementor-col-33 elementor-top-column elementor-element elementor-element-6c55053\" data-id=\"6c55053\" data-element_type=\"column\" data-e-type=\"column\">\n\t\t\t<div class=\"elementor-widget-wrap elementor-element-populated\">\n\t\t\t\t\t\t<div class=\"elementor-element elementor-element-440bb81 elementor-widget elementor-widget-gva-pricing-block\" data-id=\"440bb81\" data-element_type=\"widget\" data-e-type=\"widget\" data-widget_type=\"gva-pricing-block.default\">\n\t\t\t\t<div class=\"elementor-widget-container\">\n\t\t\t\t\t<div class=\"gva-element-gva-pricing-block gva-element\">   \r\n<div class=\"widget gsc-pricing style-1 active-\">\r\n   <div class=\"content-inner\">\r\n\r\n      <div class=\"sub-title\">F\u00fcnf-Sterne-Bewertung Bildung<\/div>\r\n               <h3 class=\"title\">\r\n            <span>BILDUNGSMODELL<\/span>\r\n         <\/h3>\r\n      \r\n      <div class=\"plan-price\">\r\n         <div class=\"plan-price-inner clearfix\">\r\n            <span class=\"currency\">\u20ac<\/span>\r\n            <span class=\"price\">400<\/span>\r\n               \r\n         <\/div>\r\n      <\/div>\r\n\r\n      <div class=\"desc\">Ich m\u00f6chte eine Schulung zum Thema Crowdfunding erhalten, ohne eine Kampagne zu starten.<\/div>\r\n               <ul class=\"plan-list\">\r\n                           <li class=\"active\">\r\n                  <span class=\"text\">1 Person<\/span>\r\n               <\/li>  \r\n                           <li class=\"active\">\r\n                  <span class=\"text\">Physisch oder online<\/span>\r\n               <\/li>  \r\n                           <li class=\"active\">\r\n                  <span class=\"text\">Englisch oder Kroatisch<\/span>\r\n               <\/li>  \r\n                           <li class=\"active\">\r\n                  <span class=\"text\">Erfahrene Dozenten mit langj\u00e4hriger Erfahrung in der Finanzbranche<\/span>\r\n               <\/li>  \r\n                           <li class=\"active\">\r\n                  <span class=\"text\">Zertifikat des International Crowdfunding Center (ICFC)<\/span>\r\n               <\/li>  \r\n                           <li class=\"active\">\r\n                  <span class=\"text\">F\u00fcr gr\u00f6\u00dfere Gruppen gew\u00e4hren wir einen Rabatt. Kontaktieren Sie uns, um ein individuelles Angebot zu erstellen<\/span>\r\n               <\/li>  \r\n                           <li class=\"active\">\r\n                  <span class=\"text\">Veranstalter von Schulungen f\u00fcr gr\u00f6\u00dfere Gruppen von Teilnehmern erhalten ein Zertifikat f\u00fcr soziale Verantwortung Crowdfunding Literacy Certificate<\/span>\r\n               <\/li>  \r\n                     <\/ul>\r\n         \r\n\r\n\r\n               <div class=\"pricing-action\">\r\n            \t\t  <a href=\"https:\/\/bonafidesinvest.eu\/de\/crowdfunding-education\/\" class=\"btn-theme\">\r\n\t\t\t <span>Sehen Sie mehr \u00fcber Schule<\/span>\r\n\t\t  <\/a>\r\n\r\n\t\t           <\/div>\r\n         <\/div>\r\n<\/div>\r\n\r\n<div class=\"clearfix\"><\/div>\r\n\r\n<\/div>\t\t\t\t<\/div>\n\t\t\t\t<\/div>\n\t\t\t\t\t<\/div>\n\t\t<\/div>\n\t\t\t\t<div class=\"elementor-column elementor-col-33 elementor-top-column elementor-element elementor-element-af68d50\" data-id=\"af68d50\" data-element_type=\"column\" data-e-type=\"column\">\n\t\t\t<div class=\"elementor-widget-wrap elementor-element-populated\">\n\t\t\t\t\t\t<div class=\"elementor-element elementor-element-8698e0d elementor-widget elementor-widget-gva-pricing-block\" data-id=\"8698e0d\" data-element_type=\"widget\" data-e-type=\"widget\" data-widget_type=\"gva-pricing-block.default\">\n\t\t\t\t<div class=\"elementor-widget-container\">\n\t\t\t\t\t<div class=\"gva-element-gva-pricing-block gva-element\">   \r\n<div class=\"widget gsc-pricing style-1 active-yes\">\r\n   <div class=\"content-inner\">\r\n\r\n      <div class=\"sub-title\">BEST BUY<\/div>\r\n               <h3 class=\"title\">\r\n            <span>MEISTVERKAUFTES MODELL<\/span>\r\n         <\/h3>\r\n      \r\n      <div class=\"plan-price\">\r\n         <div class=\"plan-price-inner clearfix\">\r\n            <span class=\"currency\">\u20ac<\/span>\r\n            <span class=\"price\">200 + 7%<\/span>\r\n               \r\n         <\/div>\r\n      <\/div>\r\n\r\n      <div class=\"desc\">Ich m\u00f6chte eine Crowdfunding-Ausbildung machen und eine Kampagne starten.<\/div>\r\n               <ul class=\"plan-list\">\r\n                           <li class=\"active\">\r\n                  <span class=\"text\">F\u00fcr die Crowdfunding-Schule wird ein fester Betrag von 200 Euro im Voraus bezahlt.<\/span>\r\n               <\/li>  \r\n                           <li class=\"active\">\r\n                  <span class=\"text\">Sie erhalten Ausbildung f\u00fcr 2 Teammitglieder<\/span>\r\n               <\/li>  \r\n                           <li class=\"active\">\r\n                  <span class=\"text\">Wir \u00fcberwachen Ihren Fortschritt<\/span>\r\n               <\/li>  \r\n                           <li class=\"active\">\r\n                  <span class=\"text\">Die Kampagne muss innerhalb eines Jahres gestartet werden<\/span>\r\n               <\/li>  \r\n                           <li class=\"active\">\r\n                  <span class=\"text\">Ein variabler Betrag von 7% wird am Ende der Kampagne ausgezahlt<\/span>\r\n               <\/li>  \r\n                           <li class=\"active\">\r\n                  <span class=\"text\">Abgesehen von der 7%-Geb\u00fchr fallen keine weiteren Geb\u00fchren an.<\/span>\r\n               <\/li>  \r\n                           <li class=\"active\">\r\n                  <span class=\"text\">Es ist kein Vermittler erforderlich, damit wir Ihnen das Geld auszahlen k\u00f6nnen.<\/span>\r\n               <\/li>  \r\n                           <li class=\"active\">\r\n                  <span class=\"text\">Wenn Sie in Zukunft eine neue Kampagne starten, wird die Festgeb\u00fchr nicht berechnet.<\/span>\r\n               <\/li>  \r\n                     <\/ul>\r\n         \r\n\r\n\r\n               <div class=\"pricing-action\">\r\n            \t\t  <a href=\"https:\/\/bonafidesinvest.eu\/de\/kontakt\/\" class=\"btn-theme\">\r\n\t\t\t <span>Kontaktieren Sie uns<\/span>\r\n\t\t  <\/a>\r\n\r\n\t\t           <\/div>\r\n         <\/div>\r\n<\/div>\r\n\r\n<div class=\"clearfix\"><\/div>\r\n\r\n<\/div>\t\t\t\t<\/div>\n\t\t\t\t<\/div>\n\t\t\t\t\t<\/div>\n\t\t<\/div>\n\t\t\t\t<div class=\"elementor-column elementor-col-33 elementor-top-column elementor-element elementor-element-0017ba5\" data-id=\"0017ba5\" data-element_type=\"column\" data-e-type=\"column\">\n\t\t\t<div class=\"elementor-widget-wrap elementor-element-populated\">\n\t\t\t\t\t\t<div class=\"elementor-element elementor-element-b6d77e6 elementor-widget elementor-widget-gva-pricing-block\" data-id=\"b6d77e6\" data-element_type=\"widget\" data-e-type=\"widget\" data-widget_type=\"gva-pricing-block.default\">\n\t\t\t\t<div class=\"elementor-widget-container\">\n\t\t\t\t\t<div class=\"gva-element-gva-pricing-block gva-element\">   \r\n<div class=\"widget gsc-pricing style-1 active-no\">\r\n   <div class=\"content-inner\">\r\n\r\n      <div class=\"sub-title\">Zuckerbrot und Peitsche<\/div>\r\n               <h3 class=\"title\">\r\n            <span>HERAUSFORDERUNG MODELL<\/span>\r\n         <\/h3>\r\n      \r\n      <div class=\"plan-price\">\r\n         <div class=\"plan-price-inner clearfix\">\r\n            <span class=\"currency\">\u20ac<\/span>\r\n            <span class=\"price\">7-15%<\/span>\r\n                           <span class=\"interval\">\/ auf den Gesamtbetrag<\/span>\r\n               \r\n         <\/div>\r\n      <\/div>\r\n\r\n      <div class=\"desc\">Ich m\u00f6chte eine Kampagne starten, ohne eine Crowdfunding-Schulung zu besuchen.<\/div>\r\n               <ul class=\"plan-list\">\r\n                           <li class=\"active\">\r\n                  <span class=\"text\">Wenn Sie bis zu 20% des Zielbetrags aufbringen, betr\u00e4gt die Geb\u00fchr 15%<\/span>\r\n               <\/li>  \r\n                           <li class=\"active\">\r\n                  <span class=\"text\">Wenn Sie zwischen 21% und 40% des Zielbetrags aufbringen, betr\u00e4gt die Geb\u00fchr 13%<\/span>\r\n               <\/li>  \r\n                           <li class=\"active\">\r\n                  <span class=\"text\">Wenn Sie zwischen 41% und 60% des Zielbetrags aufbringen, betr\u00e4gt die Geb\u00fchr 11%<\/span>\r\n               <\/li>  \r\n                           <li class=\"active\">\r\n                  <span class=\"text\">Wenn Sie zwischen 61% und 80% des Zielbetrags aufbringen, betr\u00e4gt die Geb\u00fchr 9%<\/span>\r\n               <\/li>  \r\n                           <li class=\"active\">\r\n                  <span class=\"text\">Wenn Sie mehr als 81% des Zielbetrags aufbringen, betr\u00e4gt die Geb\u00fchr 7%<\/span>\r\n               <\/li>  \r\n                     <\/ul>\r\n         \r\n\r\n\r\n               <div class=\"pricing-action\">\r\n            \t\t  <a href=\"https:\/\/bonafidesinvest.eu\/de\/kontakt\/\" class=\"btn-theme\">\r\n\t\t\t <span>Kontaktieren Sie uns <\/span>\r\n\t\t  <\/a>\r\n\r\n\t\t           <\/div>\r\n         <\/div>\r\n<\/div>\r\n\r\n<div class=\"clearfix\"><\/div>\r\n\r\n<\/div>\t\t\t\t<\/div>\n\t\t\t\t<\/div>\n\t\t\t\t\t<\/div>\n\t\t<\/div>\n\t\t\t\t\t<\/div>\n\t\t<\/section>\n\t\t\t\t<section class=\"elementor-section elementor-top-section elementor-element elementor-element-7f285b1 elementor-section-boxed elementor-section-height-default elementor-section-height-default\" data-id=\"7f285b1\" data-element_type=\"section\" data-e-type=\"section\" data-settings=\"{&quot;background_background&quot;:&quot;classic&quot;}\">\n\t\t\t\t\t\t<div class=\"elementor-container elementor-column-gap-default\">\n\t\t\t\t\t<div class=\"elementor-column elementor-col-50 elementor-top-column elementor-element elementor-element-8407a97\" data-id=\"8407a97\" data-element_type=\"column\" data-e-type=\"column\">\n\t\t\t<div class=\"elementor-widget-wrap elementor-element-populated\">\n\t\t\t\t\t\t<div class=\"elementor-element elementor-element-1d1c3dc elementor-widget elementor-widget-gva-heading-block\" data-id=\"1d1c3dc\" data-element_type=\"widget\" data-e-type=\"widget\" data-widget_type=\"gva-heading-block.default\">\n\t\t\t\t<div class=\"elementor-widget-container\">\n\t\t\t\t\t<div class=\"gva-element-gva-heading-block gva-element\">   <div class=\"align-left style-1 widget gsc-heading box-align-left auto-responsive\">\r\n      <div class=\"content-inner\">\r\n         \r\n         \r\n                     <div class=\"sub-title\">\r\n               <span class=\"tagline\">Kontaktieren Sie uns, um ein individuelles Angebot zu erstellen, wenn Sie m\u00f6chten, dass wir f\u00fcr Sie eine Crowdfunding-Kampagne nach dem Turnkey-Prinzip vorbereiten und durchf\u00fchren.<\/span>\r\n                                 <span class=\"shadow-text\">Schl\u00fcsselfertiges Modell<\/span>\r\n                  \r\n            <\/div>\r\n           \r\n         \r\n                     <h2 class=\"title\">\r\n               <span>Schl\u00fcsselfertiges Modell<\/span>\r\n            <\/h2>\r\n                  \r\n                     <div class=\"heading-action\">\r\n               \t\t  <a href=\"https:\/\/bonafidesinvest.eu\/de\/kontakt\/\" class=\"btn-cta btn-theme\">\r\n\t\t\t <span>Der Startpreis betr\u00e4gt 5.000 Euro im Voraus + 17%<\/span>\r\n\t\t  <\/a>\r\n\r\n\t\t              <\/div>\r\n         \r\n      <\/div>\r\n   <\/div>\r\n<\/div>\t\t\t\t<\/div>\n\t\t\t\t<\/div>\n\t\t\t\t\t<\/div>\n\t\t<\/div>\n\t\t\t\t<div class=\"elementor-column elementor-col-50 elementor-top-column elementor-element elementor-element-41859fb\" data-id=\"41859fb\" data-element_type=\"column\" data-e-type=\"column\">\n\t\t\t<div class=\"elementor-widget-wrap elementor-element-populated\">\n\t\t\t\t\t\t<div class=\"elementor-element elementor-element-40fb823 elementor-widget__width-auto elementor-widget elementor-widget-html\" data-id=\"40fb823\" data-element_type=\"widget\" data-e-type=\"widget\" data-widget_type=\"html.default\">\n\t\t\t\t<div class=\"elementor-widget-container\">\n\t\t\t\t\t<a class=\"btn-border-white\" href=\"https:\/\/bonafidesinvest.eu\/de\/kontakt\/\">\n    Kontaktieren Sie uns\n<\/a>\t\t\t\t<\/div>\n\t\t\t\t<\/div>\n\t\t\t\t\t<\/div>\n\t\t<\/div>\n\t\t\t\t\t<\/div>\n\t\t<\/section>\n\t\t\t\t<\/div>","protected":false},"excerpt":{"rendered":"<p>Pricing plan Pricing Choose pricing plan Five star rating education EDUCATION MODEL \u20ac 400 I want to get training on crowdfunding without starting a campaign. 1 person Physically or online [&hellip;]<\/p>\n","protected":false},"author":1,"featured_media":0,"parent":0,"menu_order":0,"comment_status":"closed","ping_status":"closed","template":"","meta":{"footnotes":""},"class_list":["post-2132","page","type-page","status-publish","hentry"],"wpcf_dashboard":"<div class=\"woocommerce\"><div class=\"woocommerce-info\">Please log in first? <a class=\"wpneoShowLogin\" href=\"#\">Click here to login<\/a><\/div><div class=\"wpneo_login_form_div\" style=\"display: none;\"><form name=\"loginform\" id=\"loginform\" action=\"https:\/\/bonafidesinvest.eu\/wp-login.php\" method=\"post\"><p class=\"login-username\">\n\t\t\t\t<label for=\"user_login\">Benutzername oder E-Mail-Adresse<\/label>\n\t\t\t\t<input type=\"text\" name=\"log\" id=\"user_login\" autocomplete=\"username\" class=\"input\" value=\"\" size=\"20\" \/>\n\t\t\t<\/p><p class=\"login-password\">\n\t\t\t\t<label for=\"user_pass\">Passwort<\/label>\n\t\t\t\t<input type=\"password\" name=\"pwd\" id=\"user_pass\" autocomplete=\"current-password\" spellcheck=\"false\" class=\"input\" value=\"\" size=\"20\" \/>\n\t\t\t<\/p><p class=\"login-remember\"><label><input name=\"rememberme\" type=\"checkbox\" id=\"rememberme\" value=\"forever\" \/> Angemeldet bleiben<\/label><\/p><p class=\"login-submit\">\n\t\t\t\t<input type=\"submit\" name=\"wp-submit\" id=\"wp-submit\" class=\"button button-primary\" value=\"Anmelden\" \/>\n\t\t\t\t<input type=\"hidden\" name=\"redirect_to\" value=\"https:\/\/bonafidesinvest.eu\/de\/wp-json\/wp\/v2\/pages\/2132\" \/>\n\t\t\t<\/p><\/form><\/div><\/div>","_links":{"self":[{"href":"https:\/\/bonafidesinvest.eu\/de\/wp-json\/wp\/v2\/pages\/2132","targetHints":{"allow":["GET"]}}],"collection":[{"href":"https:\/\/bonafidesinvest.eu\/de\/wp-json\/wp\/v2\/pages"}],"about":[{"href":"https:\/\/bonafidesinvest.eu\/de\/wp-json\/wp\/v2\/types\/page"}],"author":[{"embeddable":true,"href":"https:\/\/bonafidesinvest.eu\/de\/wp-json\/wp\/v2\/users\/1"}],"replies":[{"embeddable":true,"href":"https:\/\/bonafidesinvest.eu\/de\/wp-json\/wp\/v2\/comments?post=2132"}],"version-history":[{"count":0,"href":"https:\/\/bonafidesinvest.eu\/de\/wp-json\/wp\/v2\/pages\/2132\/revisions"}],"wp:attachment":[{"href":"https:\/\/bonafidesinvest.eu\/de\/wp-json\/wp\/v2\/media?parent=2132"}],"curies":[{"name":"wp","href":"https:\/\/api.w.org\/{rel}","templated":true}]}}